{"id":19894,"date":"2026-01-15T07:36:59","date_gmt":"2026-01-15T06:36:59","guid":{"rendered":"https:\/\/galisur.es\/acabamentos\/sublimacao\/"},"modified":"2026-01-15T09:42:06","modified_gmt":"2026-01-15T08:42:06","slug":"sublimacao","status":"publish","type":"page","link":"https:\/\/galisur.es\/pt-pt\/acabamentos\/sublimacao\/","title":{"rendered":"Sublima\u00e7\u00e3o"},"content":{"rendered":"\t\t<div data-elementor-type=\"wp-page\" data-elementor-id=\"19894\" class=\"elementor elementor-19894 elementor-19797\" data-elementor-post-type=\"page\">\n\t\t\t\t<div class=\"elementor-element elementor-element-5460d6d e-flex e-con-boxed e-con e-parent\" data-id=\"5460d6d\" data-element_type=\"container\" data-e-type=\"container\" data-settings=\"{&quot;background_background&quot;:&quot;classic&quot;}\">\n\t\t\t\t\t<div class=\"e-con-inner\">\n\t\t\t\t<div class=\"elementor-element elementor-element-2b579a6 elementor-widget elementor-widget-heading\" data-id=\"2b579a6\" data-element_type=\"widget\" data-e-type=\"widget\" data-widget_type=\"heading.default\">\n\t\t\t\t\t<h1 class=\"elementor-heading-title elementor-size-default\">Sublima\u00e7\u00e3o<\/h1>\t\t\t\t<\/div>\n\t\t\t\t\t<\/div>\n\t\t\t\t<\/div>\n\t\t<div class=\"elementor-element elementor-element-1b66ac7 e-flex e-con-boxed e-con e-parent\" data-id=\"1b66ac7\" data-element_type=\"container\" data-e-type=\"container\">\n\t\t\t\t\t<div class=\"e-con-inner\">\n\t\t<a class=\"elementor-element elementor-element-b0076d4 e-con-full e-flex e-con e-child\" data-id=\"b0076d4\" data-element_type=\"container\" data-e-type=\"container\" href=\"https:\/\/galisur.es\/acabados\/sublimacion\/imitacion-madera\/\">\n\t\t\t\t<div class=\"elementor-element elementor-element-fdc57ca elementor-widget elementor-widget-heading\" data-id=\"fdc57ca\" data-element_type=\"widget\" data-e-type=\"widget\" data-widget_type=\"heading.default\">\n\t\t\t\t\t<h3 class=\"elementor-heading-title elementor-size-default\">Madeira<\/h3>\t\t\t\t<\/div>\n\t\t<div class=\"elementor-element elementor-element-94c539b e-con-full e-flex e-con e-child\" data-id=\"94c539b\" data-element_type=\"container\" data-e-type=\"container\">\n\t\t\t\t<div class=\"elementor-element elementor-element-22d61e9 elementor-widget elementor-widget-image\" data-id=\"22d61e9\" data-element_type=\"widget\" data-e-type=\"widget\" data-widget_type=\"image.default\">\n\t\t\t\t\t\t\t\t\t\t\t\t\t\t\t<img fetchpriority=\"high\" decoding=\"async\" width=\"555\" height=\"510\" src=\"https:\/\/galisur.es\/wp-content\/files\/2021\/05\/18-embero.jpg\" class=\"elementor-animation-grow attachment-full size-full wp-image-15044\" alt=\"Embero\" srcset=\"https:\/\/galisur.es\/wp-content\/files\/2021\/05\/18-embero.jpg 555w, https:\/\/galisur.es\/wp-content\/files\/2021\/05\/18-embero-300x276.jpg 300w\" sizes=\"(max-width: 555px) 100vw, 555px\" title=\"\">\t\t\t\t\t\t\t\t\t\t\t\t\t\t\t<\/div>\n\t\t\t\t<\/div>\n\t\t\t\t<\/a>\n\t\t<a class=\"elementor-element elementor-element-bb92573 e-con-full e-flex e-con e-child\" data-id=\"bb92573\" data-element_type=\"container\" data-e-type=\"container\" href=\"https:\/\/galisur.es\/acabados\/sublimacion\/fantasia\/\">\n\t\t\t\t<div class=\"elementor-element elementor-element-6c7f694 elementor-widget elementor-widget-heading\" data-id=\"6c7f694\" data-element_type=\"widget\" data-e-type=\"widget\" data-widget_type=\"heading.default\">\n\t\t\t\t\t<h3 class=\"elementor-heading-title elementor-size-default\">Fantasia<\/h3>\t\t\t\t<\/div>\n\t\t<div class=\"elementor-element elementor-element-2d54cdf e-con-full e-flex e-con e-child\" data-id=\"2d54cdf\" data-element_type=\"container\" data-e-type=\"container\">\n\t\t\t\t<div class=\"elementor-element elementor-element-c78c270 elementor-widget elementor-widget-image\" data-id=\"c78c270\" data-element_type=\"widget\" data-e-type=\"widget\" data-widget_type=\"image.default\">\n\t\t\t\t\t\t\t\t\t\t\t\t\t\t\t<img decoding=\"async\" width=\"555\" height=\"510\" src=\"https:\/\/galisur.es\/wp-content\/files\/2021\/05\/16-alhambra.jpg\" class=\"elementor-animation-grow attachment-full size-full wp-image-14776\" alt=\"\" srcset=\"https:\/\/galisur.es\/wp-content\/files\/2021\/05\/16-alhambra.jpg 555w, https:\/\/galisur.es\/wp-content\/files\/2021\/05\/16-alhambra-300x276.jpg 300w\" sizes=\"(max-width: 555px) 100vw, 555px\" title=\"\">\t\t\t\t\t\t\t\t\t\t\t\t\t\t\t<\/div>\n\t\t\t\t<\/div>\n\t\t\t\t<\/a>\n\t\t\t\t\t<\/div>\n\t\t\t\t<\/div>\n\t\t\t\t<\/div>\n\t\t","protected":false},"excerpt":{"rendered":"<p>Sublima\u00e7\u00e3o Madeira Fantasia<\/p>\n","protected":false},"author":18,"featured_media":0,"parent":17009,"menu_order":0,"comment_status":"closed","ping_status":"closed","template":"","meta":{"footnotes":""},"class_list":["post-19894","page","type-page","status-publish","hentry"],"yoast_head":"<!-- This site is optimized with the Yoast SEO plugin v27.2 - https:\/\/yoast.com\/product\/yoast-seo-wordpress\/ -->\n<title>Sublima\u00e7\u00e3o | Aluminios Galisur<\/title>\n<meta name=\"description\" content=\"Sublima\u00e7\u00e3o   Madeira                Fantasia\" \/>\n<meta name=\"robots\" content=\"index, follow, max-snippet:-1, max-image-preview:large, max-video-preview:-1\" \/>\n<link rel=\"canonical\" href=\"https:\/\/galisur.es\/pt-pt\/acabamentos\/sublimacao\/\" \/>\n<meta property=\"og:locale\" content=\"pt_PT\" \/>\n<meta property=\"og:type\" content=\"article\" \/>\n<meta property=\"og:title\" content=\"Sublima\u00e7\u00e3o | Aluminios Galisur\" \/>\n<meta property=\"og:description\" content=\"Sublima\u00e7\u00e3o   Madeira                Fantasia\" \/>\n<meta property=\"og:url\" content=\"https:\/\/galisur.es\/pt-pt\/acabamentos\/sublimacao\/\" \/>\n<meta property=\"og:site_name\" content=\"Aluminios Galisur\" \/>\n<meta property=\"article:publisher\" content=\"https:\/\/www.facebook.com\/AluminiosGalisur\" \/>\n<meta property=\"article:modified_time\" content=\"2026-01-15T08:42:06+00:00\" \/>\n<meta property=\"og:image\" content=\"https:\/\/galisur.es\/wp-content\/files\/2021\/05\/18-embero.jpg\" \/>\n\t<meta property=\"og:image:width\" content=\"555\" \/>\n\t<meta property=\"og:image:height\" content=\"510\" \/>\n\t<meta property=\"og:image:type\" content=\"image\/jpeg\" \/>\n<meta name=\"twitter:card\" content=\"summary_large_image\" \/>\n<meta name=\"twitter:site\" content=\"@AluminioGalisur\" \/>\n<script type=\"application\/ld+json\" class=\"yoast-schema-graph\">{\"@context\":\"https:\/\/schema.org\",\"@graph\":[{\"@type\":\"WebPage\",\"@id\":\"https:\/\/galisur.es\/pt-pt\/acabamentos\/sublimacao\/\",\"url\":\"https:\/\/galisur.es\/pt-pt\/acabamentos\/sublimacao\/\",\"name\":\"Sublima\u00e7\u00e3o | Aluminios Galisur\",\"isPartOf\":{\"@id\":\"https:\/\/galisur.es\/pt-pt\/#website\"},\"primaryImageOfPage\":{\"@id\":\"https:\/\/galisur.es\/pt-pt\/acabamentos\/sublimacao\/#primaryimage\"},\"image\":{\"@id\":\"https:\/\/galisur.es\/pt-pt\/acabamentos\/sublimacao\/#primaryimage\"},\"thumbnailUrl\":\"https:\/\/galisur.es\/wp-content\/files\/2021\/05\/18-embero.jpg\",\"datePublished\":\"2026-01-15T06:36:59+00:00\",\"dateModified\":\"2026-01-15T08:42:06+00:00\",\"description\":\"Sublima\u00e7\u00e3o Madeira Fantasia\",\"breadcrumb\":{\"@id\":\"https:\/\/galisur.es\/pt-pt\/acabamentos\/sublimacao\/#breadcrumb\"},\"inLanguage\":\"pt-PT\",\"potentialAction\":[{\"@type\":\"ReadAction\",\"target\":[\"https:\/\/galisur.es\/pt-pt\/acabamentos\/sublimacao\/\"]}]},{\"@type\":\"ImageObject\",\"inLanguage\":\"pt-PT\",\"@id\":\"https:\/\/galisur.es\/pt-pt\/acabamentos\/sublimacao\/#primaryimage\",\"url\":\"https:\/\/galisur.es\/wp-content\/files\/2021\/05\/18-embero.jpg\",\"contentUrl\":\"https:\/\/galisur.es\/wp-content\/files\/2021\/05\/18-embero.jpg\"},{\"@type\":\"BreadcrumbList\",\"@id\":\"https:\/\/galisur.es\/pt-pt\/acabamentos\/sublimacao\/#breadcrumb\",\"itemListElement\":[{\"@type\":\"ListItem\",\"position\":1,\"name\":\"Portada\",\"item\":\"https:\/\/galisur.es\/pt-pt\/\"},{\"@type\":\"ListItem\",\"position\":2,\"name\":\"Acabamentos\",\"item\":\"https:\/\/galisur.es\/pt-pt\/acabamentos\/\"},{\"@type\":\"ListItem\",\"position\":3,\"name\":\"Sublima\u00e7\u00e3o\"}]},{\"@type\":\"WebSite\",\"@id\":\"https:\/\/galisur.es\/pt-pt\/#website\",\"url\":\"https:\/\/galisur.es\/pt-pt\/\",\"name\":\"Aluminios Galisur\",\"description\":\"Aluminios Galisur\",\"publisher\":{\"@id\":\"https:\/\/galisur.es\/pt-pt\/#organization\"},\"potentialAction\":[{\"@type\":\"SearchAction\",\"target\":{\"@type\":\"EntryPoint\",\"urlTemplate\":\"https:\/\/galisur.es\/pt-pt\/?s={search_term_string}\"},\"query-input\":{\"@type\":\"PropertyValueSpecification\",\"valueRequired\":true,\"valueName\":\"search_term_string\"}}],\"inLanguage\":\"pt-PT\"},{\"@type\":\"Organization\",\"@id\":\"https:\/\/galisur.es\/pt-pt\/#organization\",\"name\":\"Galisur\",\"url\":\"https:\/\/galisur.es\/pt-pt\/\",\"logo\":{\"@type\":\"ImageObject\",\"inLanguage\":\"pt-PT\",\"@id\":\"https:\/\/galisur.es\/pt-pt\/#\/schema\/logo\/image\/\",\"url\":\"https:\/\/galisur.es\/wp-content\/files\/2021\/03\/logo-35x15-1.png\",\"contentUrl\":\"https:\/\/galisur.es\/wp-content\/files\/2021\/03\/logo-35x15-1.png\",\"width\":370,\"height\":176,\"caption\":\"Galisur\"},\"image\":{\"@id\":\"https:\/\/galisur.es\/pt-pt\/#\/schema\/logo\/image\/\"},\"sameAs\":[\"https:\/\/www.facebook.com\/AluminiosGalisur\",\"https:\/\/x.com\/AluminioGalisur\"]}]}<\/script>\n<!-- \/ Yoast SEO plugin. -->","yoast_head_json":{"title":"Sublima\u00e7\u00e3o | Aluminios Galisur","description":"Sublima\u00e7\u00e3o   Madeira                Fantasia","robots":{"index":"index","follow":"follow","max-snippet":"max-snippet:-1","max-image-preview":"max-image-preview:large","max-video-preview":"max-video-preview:-1"},"canonical":"https:\/\/galisur.es\/pt-pt\/acabamentos\/sublimacao\/","og_locale":"pt_PT","og_type":"article","og_title":"Sublima\u00e7\u00e3o | Aluminios Galisur","og_description":"Sublima\u00e7\u00e3o   Madeira                Fantasia","og_url":"https:\/\/galisur.es\/pt-pt\/acabamentos\/sublimacao\/","og_site_name":"Aluminios Galisur","article_publisher":"https:\/\/www.facebook.com\/AluminiosGalisur","article_modified_time":"2026-01-15T08:42:06+00:00","og_image":[{"width":555,"height":510,"url":"https:\/\/galisur.es\/wp-content\/files\/2021\/05\/18-embero.jpg","type":"image\/jpeg"}],"twitter_card":"summary_large_image","twitter_site":"@AluminioGalisur","schema":{"@context":"https:\/\/schema.org","@graph":[{"@type":"WebPage","@id":"https:\/\/galisur.es\/pt-pt\/acabamentos\/sublimacao\/","url":"https:\/\/galisur.es\/pt-pt\/acabamentos\/sublimacao\/","name":"Sublima\u00e7\u00e3o | Aluminios Galisur","isPartOf":{"@id":"https:\/\/galisur.es\/pt-pt\/#website"},"primaryImageOfPage":{"@id":"https:\/\/galisur.es\/pt-pt\/acabamentos\/sublimacao\/#primaryimage"},"image":{"@id":"https:\/\/galisur.es\/pt-pt\/acabamentos\/sublimacao\/#primaryimage"},"thumbnailUrl":"https:\/\/galisur.es\/wp-content\/files\/2021\/05\/18-embero.jpg","datePublished":"2026-01-15T06:36:59+00:00","dateModified":"2026-01-15T08:42:06+00:00","description":"Sublima\u00e7\u00e3o Madeira Fantasia","breadcrumb":{"@id":"https:\/\/galisur.es\/pt-pt\/acabamentos\/sublimacao\/#breadcrumb"},"inLanguage":"pt-PT","potentialAction":[{"@type":"ReadAction","target":["https:\/\/galisur.es\/pt-pt\/acabamentos\/sublimacao\/"]}]},{"@type":"ImageObject","inLanguage":"pt-PT","@id":"https:\/\/galisur.es\/pt-pt\/acabamentos\/sublimacao\/#primaryimage","url":"https:\/\/galisur.es\/wp-content\/files\/2021\/05\/18-embero.jpg","contentUrl":"https:\/\/galisur.es\/wp-content\/files\/2021\/05\/18-embero.jpg"},{"@type":"BreadcrumbList","@id":"https:\/\/galisur.es\/pt-pt\/acabamentos\/sublimacao\/#breadcrumb","itemListElement":[{"@type":"ListItem","position":1,"name":"Portada","item":"https:\/\/galisur.es\/pt-pt\/"},{"@type":"ListItem","position":2,"name":"Acabamentos","item":"https:\/\/galisur.es\/pt-pt\/acabamentos\/"},{"@type":"ListItem","position":3,"name":"Sublima\u00e7\u00e3o"}]},{"@type":"WebSite","@id":"https:\/\/galisur.es\/pt-pt\/#website","url":"https:\/\/galisur.es\/pt-pt\/","name":"Aluminios Galisur","description":"Aluminios Galisur","publisher":{"@id":"https:\/\/galisur.es\/pt-pt\/#organization"},"potentialAction":[{"@type":"SearchAction","target":{"@type":"EntryPoint","urlTemplate":"https:\/\/galisur.es\/pt-pt\/?s={search_term_string}"},"query-input":{"@type":"PropertyValueSpecification","valueRequired":true,"valueName":"search_term_string"}}],"inLanguage":"pt-PT"},{"@type":"Organization","@id":"https:\/\/galisur.es\/pt-pt\/#organization","name":"Galisur","url":"https:\/\/galisur.es\/pt-pt\/","logo":{"@type":"ImageObject","inLanguage":"pt-PT","@id":"https:\/\/galisur.es\/pt-pt\/#\/schema\/logo\/image\/","url":"https:\/\/galisur.es\/wp-content\/files\/2021\/03\/logo-35x15-1.png","contentUrl":"https:\/\/galisur.es\/wp-content\/files\/2021\/03\/logo-35x15-1.png","width":370,"height":176,"caption":"Galisur"},"image":{"@id":"https:\/\/galisur.es\/pt-pt\/#\/schema\/logo\/image\/"},"sameAs":["https:\/\/www.facebook.com\/AluminiosGalisur","https:\/\/x.com\/AluminioGalisur"]}]}},"_links":{"self":[{"href":"https:\/\/galisur.es\/pt-pt\/wp-json\/wp\/v2\/pages\/19894","targetHints":{"allow":["GET"]}}],"collection":[{"href":"https:\/\/galisur.es\/pt-pt\/wp-json\/wp\/v2\/pages"}],"about":[{"href":"https:\/\/galisur.es\/pt-pt\/wp-json\/wp\/v2\/types\/page"}],"author":[{"embeddable":true,"href":"https:\/\/galisur.es\/pt-pt\/wp-json\/wp\/v2\/users\/18"}],"replies":[{"embeddable":true,"href":"https:\/\/galisur.es\/pt-pt\/wp-json\/wp\/v2\/comments?post=19894"}],"version-history":[{"count":2,"href":"https:\/\/galisur.es\/pt-pt\/wp-json\/wp\/v2\/pages\/19894\/revisions"}],"predecessor-version":[{"id":19896,"href":"https:\/\/galisur.es\/pt-pt\/wp-json\/wp\/v2\/pages\/19894\/revisions\/19896"}],"up":[{"embeddable":true,"href":"https:\/\/galisur.es\/pt-pt\/wp-json\/wp\/v2\/pages\/17009"}],"wp:attachment":[{"href":"https:\/\/galisur.es\/pt-pt\/wp-json\/wp\/v2\/media?parent=19894"}],"curies":[{"name":"wp","href":"https:\/\/api.w.org\/{rel}","templated":true}]}}