{"id":19778,"date":"2026-01-13T14:43:45","date_gmt":"2026-01-13T13:43:45","guid":{"rendered":"https:\/\/galisur.es\/mobiliario\/frente-de-armario-elite\/"},"modified":"2026-01-14T10:27:53","modified_gmt":"2026-01-14T09:27:53","slug":"frente-de-armario-elite","status":"publish","type":"page","link":"https:\/\/galisur.es\/pt-pt\/mobiliario\/frente-de-armario-elite\/","title":{"rendered":"Frente de Arm\u00e1rio \u00c9lite"},"content":{"rendered":"\t\t<div data-elementor-type=\"wp-page\" data-elementor-id=\"19778\" class=\"elementor elementor-19778 elementor-19696\" data-elementor-post-type=\"page\">\n\t\t\t\t<div class=\"elementor-element elementor-element-ff24467 e-flex e-con-boxed e-con e-parent\" data-id=\"ff24467\" data-element_type=\"container\" data-e-type=\"container\">\n\t\t\t\t\t<div class=\"e-con-inner\">\n\t\t<div class=\"elementor-element elementor-element-c8b2515 e-con-full e-flex e-con e-child\" data-id=\"c8b2515\" data-element_type=\"container\" data-e-type=\"container\" data-settings=\"{&quot;background_background&quot;:&quot;slideshow&quot;,&quot;background_slideshow_gallery&quot;:[{&quot;id&quot;:12840,&quot;url&quot;:&quot;https:\\\/\\\/galisur.es\\\/wp-content\\\/uploads\\\/deco02-loft-fijo-alta-res-scaled.jpg&quot;},{&quot;id&quot;:12839,&quot;url&quot;:&quot;https:\\\/\\\/galisur.es\\\/wp-content\\\/uploads\\\/DECO-22-REPLEGABLES-HORIZ-OK-scaled.jpg&quot;}],&quot;background_slideshow_loop&quot;:&quot;yes&quot;,&quot;background_slideshow_slide_duration&quot;:5000,&quot;background_slideshow_slide_transition&quot;:&quot;fade&quot;,&quot;background_slideshow_transition_duration&quot;:500}\">\n\t\t\t\t<div class=\"elementor-element elementor-element-aa63669 elementor-widget elementor-widget-image\" data-id=\"aa63669\" data-element_type=\"widget\" data-e-type=\"widget\" data-widget_type=\"image.default\">\n\t\t\t\t\t\t\t\t\t\t\t\t\t\t\t<img fetchpriority=\"high\" decoding=\"async\" width=\"768\" height=\"1075\" src=\"https:\/\/galisur.es\/wp-content\/files\/frente-amario-galisur-768x1075.png\" class=\"attachment-medium_large size-medium_large wp-image-19707\" alt=\"\" srcset=\"https:\/\/galisur.es\/wp-content\/files\/frente-amario-galisur-768x1075.png 768w, https:\/\/galisur.es\/wp-content\/files\/frente-amario-galisur-214x300.png 214w, https:\/\/galisur.es\/wp-content\/files\/frente-amario-galisur-732x1024.png 732w, https:\/\/galisur.es\/wp-content\/files\/frente-amario-galisur.png 892w\" sizes=\"(max-width: 768px) 100vw, 768px\" title=\"\">\t\t\t\t\t\t\t\t\t\t\t\t\t\t\t<\/div>\n\t\t\t\t<\/div>\n\t\t<div class=\"elementor-element elementor-element-0d4895a e-con-full e-flex e-con e-child\" data-id=\"0d4895a\" data-element_type=\"container\" data-e-type=\"container\">\n\t\t\t\t<div class=\"elementor-element elementor-element-e2d67ff elementor-widget elementor-widget-heading\" data-id=\"e2d67ff\" data-element_type=\"widget\" data-e-type=\"widget\" data-widget_type=\"heading.default\">\n\t\t\t\t\t<h1 class=\"elementor-heading-title elementor-size-default\">Frente de Arm\u00e1rio \u00c9lite<\/h1>\t\t\t\t<\/div>\n\t\t\t\t<div class=\"elementor-element elementor-element-8eb5b6c elementor-widget elementor-widget-text-editor\" data-id=\"8eb5b6c\" data-element_type=\"widget\" data-e-type=\"widget\" data-widget_type=\"text-editor.default\">\n\t\t\t\t\t\t\t\t\t<p>O frente de arm\u00e1rio \u00c9lite representa a m\u00e1xima express\u00e3o de design e funcionalidade em sistemas de perfis de alum\u00ednio. Desenvolvido para espa\u00e7os modernos, combina linhas elegantes e uma est\u00e9tica cuidada com a resist\u00eancia e a durabilidade pr\u00f3prias do alum\u00ednio de alta qualidade. <\/p><p>O seu design esguio permite uma integra\u00e7\u00e3o perfeita em qualquer tipo de ambiente, proporcionando leveza visual sem abdicar da solidez. A perfilaria \u00c9lite oferece m\u00faltiplas possibilidades de configura\u00e7\u00e3o e acabamentos, adaptando-se \u00e0s necessidades de cada projeto e estilo decorativo. <\/p><p>Gra\u00e7as \u00e0 sua fabrica\u00e7\u00e3o rigorosa, o frente de arm\u00e1rio \u00c9lite garante um funcionamento suave e preciso, assegurando conforto de utiliza\u00e7\u00e3o e uma longa vida \u00fatil. Uma solu\u00e7\u00e3o de gama alta para quem procura qualidade, design e um acabamento impec\u00e1vel em cada detalhe. <\/p>\t\t\t\t\t\t\t\t<\/div>\n\t\t\t\t<\/div>\n\t\t\t\t\t<\/div>\n\t\t\t\t<\/div>\n\t\t<div class=\"elementor-element elementor-element-1bd65e1 e-flex e-con-boxed e-con e-parent\" data-id=\"1bd65e1\" data-element_type=\"container\" data-e-type=\"container\" data-settings=\"{&quot;background_background&quot;:&quot;classic&quot;}\">\n\t\t\t\t\t<div class=\"e-con-inner\">\n\t\t<div class=\"elementor-element elementor-element-42ed218 e-con-full e-flex e-con e-child\" data-id=\"42ed218\" data-element_type=\"container\" data-e-type=\"container\">\n\t\t\t\t<div class=\"elementor-element elementor-element-9119ef9 elementor-widget elementor-widget-heading\" data-id=\"9119ef9\" data-element_type=\"widget\" data-e-type=\"widget\" data-widget_type=\"heading.default\">\n\t\t\t\t\t<p class=\"elementor-heading-title elementor-size-default\">Ficha t\u00e9cnica<\/p>\t\t\t\t<\/div>\n\t\t\t\t<div class=\"elementor-element elementor-element-5275968 elementor-widget elementor-widget-text-editor\" data-id=\"5275968\" data-element_type=\"widget\" data-e-type=\"widget\" data-widget_type=\"text-editor.default\">\n\t\t\t\t\t\t\t\t\t<p><a href=\"https:\/\/galisur.es\/pt-pt\/registo\/\">Registe-se aqui<\/a> para aceder ao documento.<\/p>\t\t\t\t\t\t\t\t<\/div>\n\t\t\t\t<\/div>\n\t\t<div class=\"elementor-element elementor-element-cce12ea e-con-full e-flex e-con e-child\" data-id=\"cce12ea\" data-element_type=\"container\" data-e-type=\"container\">\n\t\t\t\t<div class=\"elementor-element elementor-element-87da6a2 elementor-widget elementor-widget-heading\" data-id=\"87da6a2\" data-element_type=\"widget\" data-e-type=\"widget\" data-widget_type=\"heading.default\">\n\t\t\t\t\t<p class=\"elementor-heading-title elementor-size-default\">Cat\u00e1logo<\/p>\t\t\t\t<\/div>\n\t\t\t\t<div class=\"elementor-element elementor-element-53bf0c0 elementor-widget elementor-widget-text-editor\" data-id=\"53bf0c0\" data-element_type=\"widget\" data-e-type=\"widget\" data-widget_type=\"text-editor.default\">\n\t\t\t\t\t\t\t\t\t<p><a href=\"https:\/\/galisur.es\/pt-pt\/registo\/\">Registe-se aqui<\/a> para aceder ao documento.<\/p>\t\t\t\t\t\t\t\t<\/div>\n\t\t\t\t<\/div>\n\t\t\t\t\t<\/div>\n\t\t\t\t<\/div>\n\t\t<div class=\"elementor-element elementor-element-874dded e-flex e-con-boxed e-con e-parent\" data-id=\"874dded\" data-element_type=\"container\" data-e-type=\"container\">\n\t\t\t\t\t<div class=\"e-con-inner\">\n\t\t<div class=\"elementor-element elementor-element-9cffb85 e-con-full e-flex e-con e-child\" data-id=\"9cffb85\" data-element_type=\"container\" data-e-type=\"container\">\n\t\t\t\t<div class=\"elementor-element elementor-element-4ff780a elementor-widget elementor-widget-image\" data-id=\"4ff780a\" data-element_type=\"widget\" data-e-type=\"widget\" data-widget_type=\"image.default\">\n\t\t\t\t\t\t\t\t\t\t\t\t\t\t\t<img decoding=\"async\" width=\"2000\" height=\"1200\" src=\"https:\/\/galisur.es\/wp-content\/files\/frente-de-armario-detalle.png\" class=\"attachment-full size-full wp-image-19712\" alt=\"\" srcset=\"https:\/\/galisur.es\/wp-content\/files\/frente-de-armario-detalle.png 2000w, https:\/\/galisur.es\/wp-content\/files\/frente-de-armario-detalle-300x180.png 300w, https:\/\/galisur.es\/wp-content\/files\/frente-de-armario-detalle-1024x614.png 1024w, https:\/\/galisur.es\/wp-content\/files\/frente-de-armario-detalle-768x461.png 768w, https:\/\/galisur.es\/wp-content\/files\/frente-de-armario-detalle-1536x922.png 1536w\" sizes=\"(max-width: 2000px) 100vw, 2000px\" title=\"\">\t\t\t\t\t\t\t\t\t\t\t\t\t\t\t<\/div>\n\t\t\t\t<\/div>\n\t\t<div class=\"elementor-element elementor-element-ca1e283 e-con-full e-flex e-con e-child\" data-id=\"ca1e283\" data-element_type=\"container\" data-e-type=\"container\">\n\t\t\t\t<div class=\"elementor-element elementor-element-f52a6ae elementor-widget elementor-widget-heading\" data-id=\"f52a6ae\" data-element_type=\"widget\" data-e-type=\"widget\" data-widget_type=\"heading.default\">\n\t\t\t\t\t<h2 class=\"elementor-heading-title elementor-size-default\">Caracter\u00edsticas<\/h2>\t\t\t\t<\/div>\n\t\t\t\t<div class=\"elementor-element elementor-element-465b74f elementor-widget elementor-widget-n-accordion\" data-id=\"465b74f\" data-element_type=\"widget\" data-e-type=\"widget\" data-settings=\"{&quot;default_state&quot;:&quot;expanded&quot;,&quot;max_items_expended&quot;:&quot;one&quot;,&quot;n_accordion_animation_duration&quot;:{&quot;unit&quot;:&quot;ms&quot;,&quot;size&quot;:400,&quot;sizes&quot;:[]}}\" data-widget_type=\"nested-accordion.default\">\n\t\t\t\t\t\t\t<div class=\"e-n-accordion\" aria-label=\"Accordion. Open links with Enter or Space, close with Escape, and navigate with Arrow Keys\">\n\t\t\t\t\t\t<details id=\"e-n-accordion-item-7370\" class=\"e-n-accordion-item\" open>\n\t\t\t\t<summary class=\"e-n-accordion-item-title\" data-accordion-index=\"1\" tabindex=\"0\" aria-expanded=\"true\" aria-controls=\"e-n-accordion-item-7370\" >\n\t\t\t\t\t<span class='e-n-accordion-item-title-header'><div class=\"e-n-accordion-item-title-text\"> Medidas da folha<br><br> <\/div><\/span>\n\t\t\t\t\t\t\t<span class='e-n-accordion-item-title-icon'>\n\t\t\t<span class='e-opened' ><svg aria-hidden=\"true\" class=\"e-font-icon-svg e-fas-minus\" viewBox=\"0 0 448 512\" xmlns=\"http:\/\/www.w3.org\/2000\/svg\"><path d=\"M416 208H32c-17.67 0-32 14.33-32 32v32c0 17.67 14.33 32 32 32h384c17.67 0 32-14.33 32-32v-32c0-17.67-14.33-32-32-32z\"><\/path><\/svg><\/span>\n\t\t\t<span class='e-closed'><svg aria-hidden=\"true\" class=\"e-font-icon-svg e-fas-plus\" viewBox=\"0 0 448 512\" xmlns=\"http:\/\/www.w3.org\/2000\/svg\"><path d=\"M416 208H272V64c0-17.67-14.33-32-32-32h-32c-17.67 0-32 14.33-32 32v144H32c-17.67 0-32 14.33-32 32v32c0 17.67 14.33 32 32 32h144v144c0 17.67 14.33 32 32 32h32c17.67 0 32-14.33 32-32V304h144c17.67 0 32-14.33 32-32v-32c0-17.67-14.33-32-32-32z\"><\/path><\/svg><\/span>\n\t\t<\/span>\n\n\t\t\t\t\t\t<\/summary>\n\t\t\t\t<div role=\"region\" aria-labelledby=\"e-n-accordion-item-7370\" class=\"elementor-element elementor-element-f1416e8 e-con-full e-flex e-con e-child\" data-id=\"f1416e8\" data-element_type=\"container\" data-e-type=\"container\">\n\t\t\t\t<div class=\"elementor-element elementor-element-1962dd5 elementor-widget elementor-widget-text-editor\" data-id=\"1962dd5\" data-element_type=\"widget\" data-e-type=\"widget\" data-widget_type=\"text-editor.default\">\n\t\t\t\t\t\t\t\t\t<p>Dimens\u00f5es m\u00e1ximas: 1250 \u00d7 3000 mm<\/p>\t\t\t\t\t\t\t\t<\/div>\n\t\t\t\t<\/div>\n\t\t\t\t\t<\/details>\n\t\t\t\t\t\t<details id=\"e-n-accordion-item-7371\" class=\"e-n-accordion-item\" >\n\t\t\t\t<summary class=\"e-n-accordion-item-title\" data-accordion-index=\"2\" tabindex=\"-1\" aria-expanded=\"false\" aria-controls=\"e-n-accordion-item-7371\" >\n\t\t\t\t\t<span class='e-n-accordion-item-title-header'><div class=\"e-n-accordion-item-title-text\"> Modelos dispon\u00edveis<br><br> <\/div><\/span>\n\t\t\t\t\t\t\t<span class='e-n-accordion-item-title-icon'>\n\t\t\t<span class='e-opened' ><svg aria-hidden=\"true\" class=\"e-font-icon-svg e-fas-minus\" viewBox=\"0 0 448 512\" xmlns=\"http:\/\/www.w3.org\/2000\/svg\"><path d=\"M416 208H32c-17.67 0-32 14.33-32 32v32c0 17.67 14.33 32 32 32h384c17.67 0 32-14.33 32-32v-32c0-17.67-14.33-32-32-32z\"><\/path><\/svg><\/span>\n\t\t\t<span class='e-closed'><svg aria-hidden=\"true\" class=\"e-font-icon-svg e-fas-plus\" viewBox=\"0 0 448 512\" xmlns=\"http:\/\/www.w3.org\/2000\/svg\"><path d=\"M416 208H272V64c0-17.67-14.33-32-32-32h-32c-17.67 0-32 14.33-32 32v144H32c-17.67 0-32 14.33-32 32v32c0 17.67 14.33 32 32 32h144v144c0 17.67 14.33 32 32 32h32c17.67 0 32-14.33 32-32V304h144c17.67 0 32-14.33 32-32v-32c0-17.67-14.33-32-32-32z\"><\/path><\/svg><\/span>\n\t\t<\/span>\n\n\t\t\t\t\t\t<\/summary>\n\t\t\t\t<div role=\"region\" aria-labelledby=\"e-n-accordion-item-7371\" class=\"elementor-element elementor-element-eda75a0 e-con-full e-flex e-con e-child\" data-id=\"eda75a0\" data-element_type=\"container\" data-e-type=\"container\">\n\t\t\t\t<div class=\"elementor-element elementor-element-b126d48 elementor-widget elementor-widget-text-editor\" data-id=\"b126d48\" data-element_type=\"widget\" data-e-type=\"widget\" data-widget_type=\"text-editor.default\">\n\t\t\t\t\t\t\t\t\t<p>Sistema convencional com possibilidade de autofreio e sistema perimetral sem autofreio<\/p>\t\t\t\t\t\t\t\t<\/div>\n\t\t\t\t<\/div>\n\t\t\t\t\t<\/details>\n\t\t\t\t\t<\/div>\n\t\t\t\t\t\t<\/div>\n\t\t\t\t<\/div>\n\t\t\t\t\t<\/div>\n\t\t\t\t<\/div>\n\t\t<div class=\"elementor-element elementor-element-3fe54fd e-flex e-con-boxed e-con e-parent\" data-id=\"3fe54fd\" data-element_type=\"container\" data-e-type=\"container\" data-settings=\"{&quot;background_background&quot;:&quot;classic&quot;}\">\n\t\t\t\t\t<div class=\"e-con-inner\">\n\t\t\t\t<div class=\"elementor-element elementor-element-b01654b elementor-widget elementor-widget-heading\" data-id=\"b01654b\" data-element_type=\"widget\" data-e-type=\"widget\" data-widget_type=\"heading.default\">\n\t\t\t\t\t<h3 class=\"elementor-heading-title elementor-size-default\">Benef\u00edcios<\/h3>\t\t\t\t<\/div>\n\t\t\t\t<div class=\"elementor-element elementor-element-8221561 elementor-widget elementor-widget-text-editor\" data-id=\"8221561\" data-element_type=\"widget\" data-e-type=\"widget\" data-widget_type=\"text-editor.default\">\n\t\t\t\t\t\t\t\t\t<p data-start=\"169\" data-end=\"520\">O frente de arm\u00e1rio \u00c9lite oferece uma solu\u00e7\u00e3o premium que valoriza qualquer espa\u00e7o gra\u00e7as \u00e0 combina\u00e7\u00e3o de design sofisticado, funcionalidade e durabilidade. A sua perfilaria de alum\u00ednio de alta qualidade garante uma longa vida \u00fatil, elevada resist\u00eancia ao uso di\u00e1rio e manuten\u00e7\u00e3o m\u00ednima, tornando-o um investimento seguro a longo prazo. <\/p><p data-start=\"522\" data-end=\"849\">O design esguio confere leveza visual, ampliando e organizando os espa\u00e7os, integrando-se de forma natural tanto em ambientes contempor\u00e2neos como em projetos mais intemporais. Esta versatilidade est\u00e9tica permite uma adapta\u00e7\u00e3o total a diferentes estilos decorativos, assegurando sempre um acabamento elegante e coerente. <\/p><p data-start=\"851\" data-end=\"1190\">As possibilidades de personaliza\u00e7\u00e3o em configura\u00e7\u00f5es e acabamentos tornam cada projeto \u00fanico, ajustando-se \u00e0s necessidades t\u00e9cnicas e est\u00e9ticas de arquitetos, designers de interiores e utilizadores finais. Al\u00e9m disso, a sua fabrica\u00e7\u00e3o precisa assegura um deslizamento suave e silencioso, melhorando significativamente a experi\u00eancia de utiliza\u00e7\u00e3o di\u00e1ria. <\/p><p data-start=\"1192\" data-end=\"1361\">Com o sistema \u00c9lite obt\u00eam-se conforto, fiabilidade e um acabamento irrepreens\u00edvel, acrescentando valor ao espa\u00e7o e refor\u00e7ando a perce\u00e7\u00e3o de qualidade em cada detalhe.<\/p>\t\t\t\t\t\t\t\t<\/div>\n\t\t\t\t\t<\/div>\n\t\t\t\t<\/div>\n\t\t\t\t<\/div>\n\t\t","protected":false},"excerpt":{"rendered":"<p>Frente de Arm\u00e1rio \u00c9lite O frente de arm\u00e1rio \u00c9lite representa a m\u00e1xima express\u00e3o de design e funcionalidade em sistemas de perfis de alum\u00ednio. Desenvolvido para espa\u00e7os modernos, combina linhas elegantes e uma est\u00e9tica cuidada com a resist\u00eancia e a durabilidade pr\u00f3prias do alum\u00ednio de alta qualidade. O seu design esguio permite uma integra\u00e7\u00e3o perfeita em [&hellip;]<\/p>\n","protected":false},"author":18,"featured_media":0,"parent":17139,"menu_order":0,"comment_status":"closed","ping_status":"closed","template":"","meta":{"footnotes":""},"class_list":["post-19778","page","type-page","status-publish","hentry"],"yoast_head":"<!-- This site is optimized with the Yoast SEO plugin v27.2 - https:\/\/yoast.com\/product\/yoast-seo-wordpress\/ -->\n<title>Frente de Arm\u00e1rio \u00c9lite | Aluminios Galisur<\/title>\n<meta name=\"description\" content=\"Frente de Arm\u00e1rio \u00c9lite O frente de arm\u00e1rio \u00c9lite representa a m\u00e1xima express\u00e3o de design e funcionalidade em sistemas de perfis de alum\u00ednio. Desenvolvido\" \/>\n<meta name=\"robots\" content=\"index, follow, max-snippet:-1, max-image-preview:large, max-video-preview:-1\" \/>\n<link rel=\"canonical\" href=\"https:\/\/galisur.es\/pt-pt\/mobiliario\/frente-de-armario-elite\/\" \/>\n<meta property=\"og:locale\" content=\"pt_PT\" \/>\n<meta property=\"og:type\" content=\"article\" \/>\n<meta property=\"og:title\" content=\"Frente de Arm\u00e1rio \u00c9lite | Aluminios Galisur\" \/>\n<meta property=\"og:description\" content=\"Frente de Arm\u00e1rio \u00c9lite O frente de arm\u00e1rio \u00c9lite representa a m\u00e1xima express\u00e3o de design e funcionalidade em sistemas de perfis de alum\u00ednio. Desenvolvido\" \/>\n<meta property=\"og:url\" content=\"https:\/\/galisur.es\/pt-pt\/mobiliario\/frente-de-armario-elite\/\" \/>\n<meta property=\"og:site_name\" content=\"Aluminios Galisur\" \/>\n<meta property=\"article:publisher\" content=\"https:\/\/www.facebook.com\/AluminiosGalisur\" \/>\n<meta property=\"article:modified_time\" content=\"2026-01-14T09:27:53+00:00\" \/>\n<meta property=\"og:image\" content=\"https:\/\/galisur.es\/wp-content\/files\/frente-amario-galisur-e1768312107698-768x799.png\" \/>\n<meta name=\"twitter:card\" content=\"summary_large_image\" \/>\n<meta name=\"twitter:site\" content=\"@AluminioGalisur\" \/>\n<meta name=\"twitter:label1\" content=\"Tempo estimado de leitura\" \/>\n\t<meta name=\"twitter:data1\" content=\"2 minutos\" \/>\n<script type=\"application\/ld+json\" class=\"yoast-schema-graph\">{\"@context\":\"https:\/\/schema.org\",\"@graph\":[{\"@type\":\"WebPage\",\"@id\":\"https:\/\/galisur.es\/pt-pt\/mobiliario\/frente-de-armario-elite\/\",\"url\":\"https:\/\/galisur.es\/pt-pt\/mobiliario\/frente-de-armario-elite\/\",\"name\":\"Frente de Arm\u00e1rio \u00c9lite | Aluminios Galisur\",\"isPartOf\":{\"@id\":\"https:\/\/galisur.es\/pt-pt\/#website\"},\"primaryImageOfPage\":{\"@id\":\"https:\/\/galisur.es\/pt-pt\/mobiliario\/frente-de-armario-elite\/#primaryimage\"},\"image\":{\"@id\":\"https:\/\/galisur.es\/pt-pt\/mobiliario\/frente-de-armario-elite\/#primaryimage\"},\"thumbnailUrl\":\"https:\/\/galisur.es\/wp-content\/files\/frente-amario-galisur-e1768312107698-768x799.png\",\"datePublished\":\"2026-01-13T13:43:45+00:00\",\"dateModified\":\"2026-01-14T09:27:53+00:00\",\"description\":\"Frente de Arm\u00e1rio \u00c9lite O frente de arm\u00e1rio \u00c9lite representa a m\u00e1xima express\u00e3o de design e funcionalidade em sistemas de perfis de alum\u00ednio. Desenvolvido\",\"breadcrumb\":{\"@id\":\"https:\/\/galisur.es\/pt-pt\/mobiliario\/frente-de-armario-elite\/#breadcrumb\"},\"inLanguage\":\"pt-PT\",\"potentialAction\":[{\"@type\":\"ReadAction\",\"target\":[\"https:\/\/galisur.es\/pt-pt\/mobiliario\/frente-de-armario-elite\/\"]}]},{\"@type\":\"ImageObject\",\"inLanguage\":\"pt-PT\",\"@id\":\"https:\/\/galisur.es\/pt-pt\/mobiliario\/frente-de-armario-elite\/#primaryimage\",\"url\":\"https:\/\/galisur.es\/wp-content\/files\/frente-amario-galisur-e1768312107698-768x799.png\",\"contentUrl\":\"https:\/\/galisur.es\/wp-content\/files\/frente-amario-galisur-e1768312107698-768x799.png\"},{\"@type\":\"BreadcrumbList\",\"@id\":\"https:\/\/galisur.es\/pt-pt\/mobiliario\/frente-de-armario-elite\/#breadcrumb\",\"itemListElement\":[{\"@type\":\"ListItem\",\"position\":1,\"name\":\"Portada\",\"item\":\"https:\/\/galisur.es\/pt-pt\/\"},{\"@type\":\"ListItem\",\"position\":2,\"name\":\"Mobili\u00e1rio\",\"item\":\"https:\/\/galisur.es\/pt-pt\/mobiliario\/\"},{\"@type\":\"ListItem\",\"position\":3,\"name\":\"Frente de Arm\u00e1rio \u00c9lite\"}]},{\"@type\":\"WebSite\",\"@id\":\"https:\/\/galisur.es\/pt-pt\/#website\",\"url\":\"https:\/\/galisur.es\/pt-pt\/\",\"name\":\"Aluminios Galisur\",\"description\":\"Aluminios Galisur\",\"publisher\":{\"@id\":\"https:\/\/galisur.es\/pt-pt\/#organization\"},\"potentialAction\":[{\"@type\":\"SearchAction\",\"target\":{\"@type\":\"EntryPoint\",\"urlTemplate\":\"https:\/\/galisur.es\/pt-pt\/?s={search_term_string}\"},\"query-input\":{\"@type\":\"PropertyValueSpecification\",\"valueRequired\":true,\"valueName\":\"search_term_string\"}}],\"inLanguage\":\"pt-PT\"},{\"@type\":\"Organization\",\"@id\":\"https:\/\/galisur.es\/pt-pt\/#organization\",\"name\":\"Galisur\",\"url\":\"https:\/\/galisur.es\/pt-pt\/\",\"logo\":{\"@type\":\"ImageObject\",\"inLanguage\":\"pt-PT\",\"@id\":\"https:\/\/galisur.es\/pt-pt\/#\/schema\/logo\/image\/\",\"url\":\"https:\/\/galisur.es\/wp-content\/files\/2021\/03\/logo-35x15-1.png\",\"contentUrl\":\"https:\/\/galisur.es\/wp-content\/files\/2021\/03\/logo-35x15-1.png\",\"width\":370,\"height\":176,\"caption\":\"Galisur\"},\"image\":{\"@id\":\"https:\/\/galisur.es\/pt-pt\/#\/schema\/logo\/image\/\"},\"sameAs\":[\"https:\/\/www.facebook.com\/AluminiosGalisur\",\"https:\/\/x.com\/AluminioGalisur\"]}]}<\/script>\n<!-- \/ Yoast SEO plugin. -->","yoast_head_json":{"title":"Frente de Arm\u00e1rio \u00c9lite | Aluminios Galisur","description":"Frente de Arm\u00e1rio \u00c9lite O frente de arm\u00e1rio \u00c9lite representa a m\u00e1xima express\u00e3o de design e funcionalidade em sistemas de perfis de alum\u00ednio. Desenvolvido","robots":{"index":"index","follow":"follow","max-snippet":"max-snippet:-1","max-image-preview":"max-image-preview:large","max-video-preview":"max-video-preview:-1"},"canonical":"https:\/\/galisur.es\/pt-pt\/mobiliario\/frente-de-armario-elite\/","og_locale":"pt_PT","og_type":"article","og_title":"Frente de Arm\u00e1rio \u00c9lite | Aluminios Galisur","og_description":"Frente de Arm\u00e1rio \u00c9lite O frente de arm\u00e1rio \u00c9lite representa a m\u00e1xima express\u00e3o de design e funcionalidade em sistemas de perfis de alum\u00ednio. Desenvolvido","og_url":"https:\/\/galisur.es\/pt-pt\/mobiliario\/frente-de-armario-elite\/","og_site_name":"Aluminios Galisur","article_publisher":"https:\/\/www.facebook.com\/AluminiosGalisur","article_modified_time":"2026-01-14T09:27:53+00:00","og_image":[{"url":"https:\/\/galisur.es\/wp-content\/files\/frente-amario-galisur-e1768312107698-768x799.png","type":"","width":"","height":""}],"twitter_card":"summary_large_image","twitter_site":"@AluminioGalisur","twitter_misc":{"Tempo estimado de leitura":"2 minutos"},"schema":{"@context":"https:\/\/schema.org","@graph":[{"@type":"WebPage","@id":"https:\/\/galisur.es\/pt-pt\/mobiliario\/frente-de-armario-elite\/","url":"https:\/\/galisur.es\/pt-pt\/mobiliario\/frente-de-armario-elite\/","name":"Frente de Arm\u00e1rio \u00c9lite | Aluminios Galisur","isPartOf":{"@id":"https:\/\/galisur.es\/pt-pt\/#website"},"primaryImageOfPage":{"@id":"https:\/\/galisur.es\/pt-pt\/mobiliario\/frente-de-armario-elite\/#primaryimage"},"image":{"@id":"https:\/\/galisur.es\/pt-pt\/mobiliario\/frente-de-armario-elite\/#primaryimage"},"thumbnailUrl":"https:\/\/galisur.es\/wp-content\/files\/frente-amario-galisur-e1768312107698-768x799.png","datePublished":"2026-01-13T13:43:45+00:00","dateModified":"2026-01-14T09:27:53+00:00","description":"Frente de Arm\u00e1rio \u00c9lite O frente de arm\u00e1rio \u00c9lite representa a m\u00e1xima express\u00e3o de design e funcionalidade em sistemas de perfis de alum\u00ednio. Desenvolvido","breadcrumb":{"@id":"https:\/\/galisur.es\/pt-pt\/mobiliario\/frente-de-armario-elite\/#breadcrumb"},"inLanguage":"pt-PT","potentialAction":[{"@type":"ReadAction","target":["https:\/\/galisur.es\/pt-pt\/mobiliario\/frente-de-armario-elite\/"]}]},{"@type":"ImageObject","inLanguage":"pt-PT","@id":"https:\/\/galisur.es\/pt-pt\/mobiliario\/frente-de-armario-elite\/#primaryimage","url":"https:\/\/galisur.es\/wp-content\/files\/frente-amario-galisur-e1768312107698-768x799.png","contentUrl":"https:\/\/galisur.es\/wp-content\/files\/frente-amario-galisur-e1768312107698-768x799.png"},{"@type":"BreadcrumbList","@id":"https:\/\/galisur.es\/pt-pt\/mobiliario\/frente-de-armario-elite\/#breadcrumb","itemListElement":[{"@type":"ListItem","position":1,"name":"Portada","item":"https:\/\/galisur.es\/pt-pt\/"},{"@type":"ListItem","position":2,"name":"Mobili\u00e1rio","item":"https:\/\/galisur.es\/pt-pt\/mobiliario\/"},{"@type":"ListItem","position":3,"name":"Frente de Arm\u00e1rio \u00c9lite"}]},{"@type":"WebSite","@id":"https:\/\/galisur.es\/pt-pt\/#website","url":"https:\/\/galisur.es\/pt-pt\/","name":"Aluminios Galisur","description":"Aluminios Galisur","publisher":{"@id":"https:\/\/galisur.es\/pt-pt\/#organization"},"potentialAction":[{"@type":"SearchAction","target":{"@type":"EntryPoint","urlTemplate":"https:\/\/galisur.es\/pt-pt\/?s={search_term_string}"},"query-input":{"@type":"PropertyValueSpecification","valueRequired":true,"valueName":"search_term_string"}}],"inLanguage":"pt-PT"},{"@type":"Organization","@id":"https:\/\/galisur.es\/pt-pt\/#organization","name":"Galisur","url":"https:\/\/galisur.es\/pt-pt\/","logo":{"@type":"ImageObject","inLanguage":"pt-PT","@id":"https:\/\/galisur.es\/pt-pt\/#\/schema\/logo\/image\/","url":"https:\/\/galisur.es\/wp-content\/files\/2021\/03\/logo-35x15-1.png","contentUrl":"https:\/\/galisur.es\/wp-content\/files\/2021\/03\/logo-35x15-1.png","width":370,"height":176,"caption":"Galisur"},"image":{"@id":"https:\/\/galisur.es\/pt-pt\/#\/schema\/logo\/image\/"},"sameAs":["https:\/\/www.facebook.com\/AluminiosGalisur","https:\/\/x.com\/AluminioGalisur"]}]}},"_links":{"self":[{"href":"https:\/\/galisur.es\/pt-pt\/wp-json\/wp\/v2\/pages\/19778","targetHints":{"allow":["GET"]}}],"collection":[{"href":"https:\/\/galisur.es\/pt-pt\/wp-json\/wp\/v2\/pages"}],"about":[{"href":"https:\/\/galisur.es\/pt-pt\/wp-json\/wp\/v2\/types\/page"}],"author":[{"embeddable":true,"href":"https:\/\/galisur.es\/pt-pt\/wp-json\/wp\/v2\/users\/18"}],"replies":[{"embeddable":true,"href":"https:\/\/galisur.es\/pt-pt\/wp-json\/wp\/v2\/comments?post=19778"}],"version-history":[{"count":1,"href":"https:\/\/galisur.es\/pt-pt\/wp-json\/wp\/v2\/pages\/19778\/revisions"}],"predecessor-version":[{"id":19779,"href":"https:\/\/galisur.es\/pt-pt\/wp-json\/wp\/v2\/pages\/19778\/revisions\/19779"}],"up":[{"embeddable":true,"href":"https:\/\/galisur.es\/pt-pt\/wp-json\/wp\/v2\/pages\/17139"}],"wp:attachment":[{"href":"https:\/\/galisur.es\/pt-pt\/wp-json\/wp\/v2\/media?parent=19778"}],"curies":[{"name":"wp","href":"https:\/\/api.w.org\/{rel}","templated":true}]}}