{"id":19449,"date":"2025-11-03T12:18:19","date_gmt":"2025-11-03T11:18:19","guid":{"rendered":"https:\/\/galisur.es\/encerramento-exterior\/luxia\/"},"modified":"2025-11-03T12:43:01","modified_gmt":"2025-11-03T11:43:01","slug":"luxia","status":"publish","type":"page","link":"https:\/\/galisur.es\/pt-pt\/encerramento-exterior\/luxia\/","title":{"rendered":"Luxia"},"content":{"rendered":"\t\t<div data-elementor-type=\"wp-page\" data-elementor-id=\"19449\" class=\"elementor elementor-19449 elementor-19406\" data-elementor-post-type=\"page\">\n\t\t\t\t<div class=\"elementor-element elementor-element-c1b9fda e-flex e-con-boxed e-con e-parent\" data-id=\"c1b9fda\" data-element_type=\"container\" data-e-type=\"container\">\n\t\t\t\t\t<div class=\"e-con-inner\">\n\t\t<div class=\"elementor-element elementor-element-322d936 e-con-full e-flex e-con e-child\" data-id=\"322d936\" data-element_type=\"container\" data-e-type=\"container\">\n\t\t\t\t<div class=\"elementor-element elementor-element-1c1c91d elementor-widget elementor-widget-image\" data-id=\"1c1c91d\" data-element_type=\"widget\" data-e-type=\"widget\" data-widget_type=\"image.default\">\n\t\t\t\t\t\t\t\t\t\t\t\t\t\t\t<img fetchpriority=\"high\" decoding=\"async\" width=\"2560\" height=\"2000\" src=\"https:\/\/galisur.es\/wp-content\/files\/Claraboya-2-scaled.png\" class=\"attachment-full size-full wp-image-19423\" alt=\"\" srcset=\"https:\/\/galisur.es\/wp-content\/files\/Claraboya-2-scaled.png 2560w, https:\/\/galisur.es\/wp-content\/files\/Claraboya-2-300x234.png 300w, https:\/\/galisur.es\/wp-content\/files\/Claraboya-2-1024x800.png 1024w, https:\/\/galisur.es\/wp-content\/files\/Claraboya-2-768x600.png 768w, https:\/\/galisur.es\/wp-content\/files\/Claraboya-2-1536x1200.png 1536w, https:\/\/galisur.es\/wp-content\/files\/Claraboya-2-2048x1600.png 2048w\" sizes=\"(max-width: 2560px) 100vw, 2560px\" title=\"\">\t\t\t\t\t\t\t\t\t\t\t\t\t\t\t<\/div>\n\t\t\t\t<\/div>\n\t\t<div class=\"elementor-element elementor-element-b036b73 e-con-full e-flex e-con e-child\" data-id=\"b036b73\" data-element_type=\"container\" data-e-type=\"container\">\n\t\t\t\t<div class=\"elementor-element elementor-element-d19934f elementor-widget elementor-widget-heading\" data-id=\"d19934f\" data-element_type=\"widget\" data-e-type=\"widget\" data-widget_type=\"heading.default\">\n\t\t\t\t\t<h1 class=\"elementor-heading-title elementor-size-default\">Claraboia luxia<\/h1>\t\t\t\t<\/div>\n\t\t\t\t<div class=\"elementor-element elementor-element-7cdd3a3 elementor-widget elementor-widget-text-editor\" data-id=\"7cdd3a3\" data-element_type=\"widget\" data-e-type=\"widget\" data-widget_type=\"text-editor.default\">\n\t\t\t\t\t\t\t\t\t<p>A claraboia Luxia \u00e9 uma solu\u00e7\u00e3o arquitet\u00f3nica de alta qualidade, concebida para proporcionar ilumina\u00e7\u00e3o zenital, conforto t\u00e9rmico e uma est\u00e9tica limpa e moderna em todos os tipos de edif\u00edcios. Fabricada com perfis de alum\u00ednio extrudido de elevada resist\u00eancia, a Luxia destaca-se pela durabilidade, leveza e capacidade de adapta\u00e7\u00e3o a diferentes tipologias de cobertura, tanto em projetos residenciais como industriais ou comerciais. <\/p><p><br>Gra\u00e7as ao seu design modular e \u00e0 motoriza\u00e7\u00e3o, a Luxia permite uma ventila\u00e7\u00e3o eficiente, al\u00e9m de maximizar a entrada de luz natural, reduzindo a necessidade de ilumina\u00e7\u00e3o artificial durante o dia e melhorando o desempenho energ\u00e9tico do edif\u00edcio.<br><br><\/p><p> <\/p>\t\t\t\t\t\t\t\t<\/div>\n\t\t\t\t<\/div>\n\t\t\t\t\t<\/div>\n\t\t\t\t<\/div>\n\t\t<div class=\"elementor-element elementor-element-70f2d06 e-flex e-con-boxed e-con e-parent\" data-id=\"70f2d06\" data-element_type=\"container\" data-e-type=\"container\" data-settings=\"{&quot;background_background&quot;:&quot;classic&quot;}\">\n\t\t\t\t\t<div class=\"e-con-inner\">\n\t\t<div class=\"elementor-element elementor-element-4a289a0 e-con-full e-flex e-con e-child\" data-id=\"4a289a0\" data-element_type=\"container\" data-e-type=\"container\">\n\t\t\t\t<div class=\"elementor-element elementor-element-43b1a6f elementor-widget elementor-widget-heading\" data-id=\"43b1a6f\" data-element_type=\"widget\" data-e-type=\"widget\" data-widget_type=\"heading.default\">\n\t\t\t\t\t<p class=\"elementor-heading-title elementor-size-default\">Ficha t\u00e9cnica<\/p>\t\t\t\t<\/div>\n\t\t\t\t<div class=\"elementor-element elementor-element-320b600 elementor-widget elementor-widget-text-editor\" data-id=\"320b600\" data-element_type=\"widget\" data-e-type=\"widget\" data-widget_type=\"text-editor.default\">\n\t\t\t\t\t\t\t\t\t<p><a href=\"https:\/\/galisur.es\/pt-pt\/registo\/\">Registe-se aqui<\/a> para aceder ao documento.<\/p>\t\t\t\t\t\t\t\t<\/div>\n\t\t\t\t<\/div>\n\t\t<div class=\"elementor-element elementor-element-8a40819 e-con-full e-flex e-con e-child\" data-id=\"8a40819\" data-element_type=\"container\" data-e-type=\"container\">\n\t\t\t\t<div class=\"elementor-element elementor-element-2959d72 elementor-widget elementor-widget-heading\" data-id=\"2959d72\" data-element_type=\"widget\" data-e-type=\"widget\" data-widget_type=\"heading.default\">\n\t\t\t\t\t<p class=\"elementor-heading-title elementor-size-default\">Cat\u00e1logo<\/p>\t\t\t\t<\/div>\n\t\t\t\t<div class=\"elementor-element elementor-element-0d01171 elementor-widget elementor-widget-text-editor\" data-id=\"0d01171\" data-element_type=\"widget\" data-e-type=\"widget\" data-widget_type=\"text-editor.default\">\n\t\t\t\t\t\t\t\t\t<p><a href=\"https:\/\/galisur.es\/pt-pt\/registo\/\">Registe-se aqui<\/a> para aceder ao documento.<\/p>\t\t\t\t\t\t\t\t<\/div>\n\t\t\t\t<\/div>\n\t\t\t\t\t<\/div>\n\t\t\t\t<\/div>\n\t\t\t\t<\/div>\n\t\t","protected":false},"excerpt":{"rendered":"<p>Claraboia luxia A claraboia Luxia \u00e9 uma solu\u00e7\u00e3o arquitet\u00f3nica de alta qualidade, concebida para proporcionar ilumina\u00e7\u00e3o zenital, conforto t\u00e9rmico e uma est\u00e9tica limpa e moderna em todos os tipos de edif\u00edcios. Fabricada com perfis de alum\u00ednio extrudido de elevada resist\u00eancia, a Luxia destaca-se pela durabilidade, leveza e capacidade de adapta\u00e7\u00e3o a diferentes tipologias de cobertura, [&hellip;]<\/p>\n","protected":false},"author":18,"featured_media":0,"parent":17057,"menu_order":0,"comment_status":"closed","ping_status":"closed","template":"","meta":{"footnotes":""},"class_list":["post-19449","page","type-page","status-publish","hentry"],"yoast_head":"<!-- This site is optimized with the Yoast SEO plugin v27.2 - https:\/\/yoast.com\/product\/yoast-seo-wordpress\/ -->\n<title>Luxia | Aluminios Galisur<\/title>\n<meta name=\"description\" content=\"Claraboia luxia A claraboia Luxia \u00e9 uma solu\u00e7\u00e3o arquitet\u00f3nica de alta qualidade, concebida para proporcionar ilumina\u00e7\u00e3o zenital, conforto t\u00e9rmico e uma\" \/>\n<meta name=\"robots\" content=\"index, follow, max-snippet:-1, max-image-preview:large, max-video-preview:-1\" \/>\n<link rel=\"canonical\" href=\"https:\/\/galisur.es\/pt-pt\/encerramento-exterior\/luxia\/\" \/>\n<meta property=\"og:locale\" content=\"pt_PT\" \/>\n<meta property=\"og:type\" content=\"article\" \/>\n<meta property=\"og:title\" content=\"Luxia | Aluminios Galisur\" \/>\n<meta property=\"og:description\" content=\"Claraboia luxia A claraboia Luxia \u00e9 uma solu\u00e7\u00e3o arquitet\u00f3nica de alta qualidade, concebida para proporcionar ilumina\u00e7\u00e3o zenital, conforto t\u00e9rmico e uma\" \/>\n<meta property=\"og:url\" content=\"https:\/\/galisur.es\/pt-pt\/encerramento-exterior\/luxia\/\" \/>\n<meta property=\"og:site_name\" content=\"Aluminios Galisur\" \/>\n<meta property=\"article:publisher\" content=\"https:\/\/www.facebook.com\/AluminiosGalisur\" \/>\n<meta property=\"article:modified_time\" content=\"2025-11-03T11:43:01+00:00\" \/>\n<meta property=\"og:image\" content=\"https:\/\/galisur.es\/wp-content\/files\/Claraboya-2-scaled.png\" \/>\n\t<meta property=\"og:image:width\" content=\"2560\" \/>\n\t<meta property=\"og:image:height\" content=\"2000\" \/>\n\t<meta property=\"og:image:type\" content=\"image\/png\" \/>\n<meta name=\"twitter:card\" content=\"summary_large_image\" \/>\n<meta name=\"twitter:site\" content=\"@AluminioGalisur\" \/>\n<meta name=\"twitter:label1\" content=\"Tempo estimado de leitura\" \/>\n\t<meta name=\"twitter:data1\" content=\"1 minuto\" \/>\n<script type=\"application\/ld+json\" class=\"yoast-schema-graph\">{\"@context\":\"https:\/\/schema.org\",\"@graph\":[{\"@type\":\"WebPage\",\"@id\":\"https:\/\/galisur.es\/pt-pt\/encerramento-exterior\/luxia\/\",\"url\":\"https:\/\/galisur.es\/pt-pt\/encerramento-exterior\/luxia\/\",\"name\":\"Luxia | Aluminios Galisur\",\"isPartOf\":{\"@id\":\"https:\/\/galisur.es\/pt-pt\/#website\"},\"primaryImageOfPage\":{\"@id\":\"https:\/\/galisur.es\/pt-pt\/encerramento-exterior\/luxia\/#primaryimage\"},\"image\":{\"@id\":\"https:\/\/galisur.es\/pt-pt\/encerramento-exterior\/luxia\/#primaryimage\"},\"thumbnailUrl\":\"https:\/\/galisur.es\/wp-content\/files\/Claraboya-2-scaled.png\",\"datePublished\":\"2025-11-03T11:18:19+00:00\",\"dateModified\":\"2025-11-03T11:43:01+00:00\",\"description\":\"Claraboia luxia A claraboia Luxia \u00e9 uma solu\u00e7\u00e3o arquitet\u00f3nica de alta qualidade, concebida para proporcionar ilumina\u00e7\u00e3o zenital, conforto t\u00e9rmico e uma\",\"breadcrumb\":{\"@id\":\"https:\/\/galisur.es\/pt-pt\/encerramento-exterior\/luxia\/#breadcrumb\"},\"inLanguage\":\"pt-PT\",\"potentialAction\":[{\"@type\":\"ReadAction\",\"target\":[\"https:\/\/galisur.es\/pt-pt\/encerramento-exterior\/luxia\/\"]}]},{\"@type\":\"ImageObject\",\"inLanguage\":\"pt-PT\",\"@id\":\"https:\/\/galisur.es\/pt-pt\/encerramento-exterior\/luxia\/#primaryimage\",\"url\":\"https:\/\/galisur.es\/wp-content\/files\/Claraboya-2-scaled.png\",\"contentUrl\":\"https:\/\/galisur.es\/wp-content\/files\/Claraboya-2-scaled.png\"},{\"@type\":\"BreadcrumbList\",\"@id\":\"https:\/\/galisur.es\/pt-pt\/encerramento-exterior\/luxia\/#breadcrumb\",\"itemListElement\":[{\"@type\":\"ListItem\",\"position\":1,\"name\":\"Portada\",\"item\":\"https:\/\/galisur.es\/pt-pt\/\"},{\"@type\":\"ListItem\",\"position\":2,\"name\":\"Encerramento exterior\",\"item\":\"https:\/\/galisur.es\/pt-pt\/encerramento-exterior\/\"},{\"@type\":\"ListItem\",\"position\":3,\"name\":\"Luxia\"}]},{\"@type\":\"WebSite\",\"@id\":\"https:\/\/galisur.es\/pt-pt\/#website\",\"url\":\"https:\/\/galisur.es\/pt-pt\/\",\"name\":\"Aluminios Galisur\",\"description\":\"Aluminios Galisur\",\"publisher\":{\"@id\":\"https:\/\/galisur.es\/pt-pt\/#organization\"},\"potentialAction\":[{\"@type\":\"SearchAction\",\"target\":{\"@type\":\"EntryPoint\",\"urlTemplate\":\"https:\/\/galisur.es\/pt-pt\/?s={search_term_string}\"},\"query-input\":{\"@type\":\"PropertyValueSpecification\",\"valueRequired\":true,\"valueName\":\"search_term_string\"}}],\"inLanguage\":\"pt-PT\"},{\"@type\":\"Organization\",\"@id\":\"https:\/\/galisur.es\/pt-pt\/#organization\",\"name\":\"Galisur\",\"url\":\"https:\/\/galisur.es\/pt-pt\/\",\"logo\":{\"@type\":\"ImageObject\",\"inLanguage\":\"pt-PT\",\"@id\":\"https:\/\/galisur.es\/pt-pt\/#\/schema\/logo\/image\/\",\"url\":\"https:\/\/galisur.es\/wp-content\/files\/2021\/03\/logo-35x15-1.png\",\"contentUrl\":\"https:\/\/galisur.es\/wp-content\/files\/2021\/03\/logo-35x15-1.png\",\"width\":370,\"height\":176,\"caption\":\"Galisur\"},\"image\":{\"@id\":\"https:\/\/galisur.es\/pt-pt\/#\/schema\/logo\/image\/\"},\"sameAs\":[\"https:\/\/www.facebook.com\/AluminiosGalisur\",\"https:\/\/x.com\/AluminioGalisur\"]}]}<\/script>\n<!-- \/ Yoast SEO plugin. -->","yoast_head_json":{"title":"Luxia | Aluminios Galisur","description":"Claraboia luxia A claraboia Luxia \u00e9 uma solu\u00e7\u00e3o arquitet\u00f3nica de alta qualidade, concebida para proporcionar ilumina\u00e7\u00e3o zenital, conforto t\u00e9rmico e uma","robots":{"index":"index","follow":"follow","max-snippet":"max-snippet:-1","max-image-preview":"max-image-preview:large","max-video-preview":"max-video-preview:-1"},"canonical":"https:\/\/galisur.es\/pt-pt\/encerramento-exterior\/luxia\/","og_locale":"pt_PT","og_type":"article","og_title":"Luxia | Aluminios Galisur","og_description":"Claraboia luxia A claraboia Luxia \u00e9 uma solu\u00e7\u00e3o arquitet\u00f3nica de alta qualidade, concebida para proporcionar ilumina\u00e7\u00e3o zenital, conforto t\u00e9rmico e uma","og_url":"https:\/\/galisur.es\/pt-pt\/encerramento-exterior\/luxia\/","og_site_name":"Aluminios Galisur","article_publisher":"https:\/\/www.facebook.com\/AluminiosGalisur","article_modified_time":"2025-11-03T11:43:01+00:00","og_image":[{"width":2560,"height":2000,"url":"https:\/\/galisur.es\/wp-content\/files\/Claraboya-2-scaled.png","type":"image\/png"}],"twitter_card":"summary_large_image","twitter_site":"@AluminioGalisur","twitter_misc":{"Tempo estimado de leitura":"1 minuto"},"schema":{"@context":"https:\/\/schema.org","@graph":[{"@type":"WebPage","@id":"https:\/\/galisur.es\/pt-pt\/encerramento-exterior\/luxia\/","url":"https:\/\/galisur.es\/pt-pt\/encerramento-exterior\/luxia\/","name":"Luxia | Aluminios Galisur","isPartOf":{"@id":"https:\/\/galisur.es\/pt-pt\/#website"},"primaryImageOfPage":{"@id":"https:\/\/galisur.es\/pt-pt\/encerramento-exterior\/luxia\/#primaryimage"},"image":{"@id":"https:\/\/galisur.es\/pt-pt\/encerramento-exterior\/luxia\/#primaryimage"},"thumbnailUrl":"https:\/\/galisur.es\/wp-content\/files\/Claraboya-2-scaled.png","datePublished":"2025-11-03T11:18:19+00:00","dateModified":"2025-11-03T11:43:01+00:00","description":"Claraboia luxia A claraboia Luxia \u00e9 uma solu\u00e7\u00e3o arquitet\u00f3nica de alta qualidade, concebida para proporcionar ilumina\u00e7\u00e3o zenital, conforto t\u00e9rmico e uma","breadcrumb":{"@id":"https:\/\/galisur.es\/pt-pt\/encerramento-exterior\/luxia\/#breadcrumb"},"inLanguage":"pt-PT","potentialAction":[{"@type":"ReadAction","target":["https:\/\/galisur.es\/pt-pt\/encerramento-exterior\/luxia\/"]}]},{"@type":"ImageObject","inLanguage":"pt-PT","@id":"https:\/\/galisur.es\/pt-pt\/encerramento-exterior\/luxia\/#primaryimage","url":"https:\/\/galisur.es\/wp-content\/files\/Claraboya-2-scaled.png","contentUrl":"https:\/\/galisur.es\/wp-content\/files\/Claraboya-2-scaled.png"},{"@type":"BreadcrumbList","@id":"https:\/\/galisur.es\/pt-pt\/encerramento-exterior\/luxia\/#breadcrumb","itemListElement":[{"@type":"ListItem","position":1,"name":"Portada","item":"https:\/\/galisur.es\/pt-pt\/"},{"@type":"ListItem","position":2,"name":"Encerramento exterior","item":"https:\/\/galisur.es\/pt-pt\/encerramento-exterior\/"},{"@type":"ListItem","position":3,"name":"Luxia"}]},{"@type":"WebSite","@id":"https:\/\/galisur.es\/pt-pt\/#website","url":"https:\/\/galisur.es\/pt-pt\/","name":"Aluminios Galisur","description":"Aluminios Galisur","publisher":{"@id":"https:\/\/galisur.es\/pt-pt\/#organization"},"potentialAction":[{"@type":"SearchAction","target":{"@type":"EntryPoint","urlTemplate":"https:\/\/galisur.es\/pt-pt\/?s={search_term_string}"},"query-input":{"@type":"PropertyValueSpecification","valueRequired":true,"valueName":"search_term_string"}}],"inLanguage":"pt-PT"},{"@type":"Organization","@id":"https:\/\/galisur.es\/pt-pt\/#organization","name":"Galisur","url":"https:\/\/galisur.es\/pt-pt\/","logo":{"@type":"ImageObject","inLanguage":"pt-PT","@id":"https:\/\/galisur.es\/pt-pt\/#\/schema\/logo\/image\/","url":"https:\/\/galisur.es\/wp-content\/files\/2021\/03\/logo-35x15-1.png","contentUrl":"https:\/\/galisur.es\/wp-content\/files\/2021\/03\/logo-35x15-1.png","width":370,"height":176,"caption":"Galisur"},"image":{"@id":"https:\/\/galisur.es\/pt-pt\/#\/schema\/logo\/image\/"},"sameAs":["https:\/\/www.facebook.com\/AluminiosGalisur","https:\/\/x.com\/AluminioGalisur"]}]}},"_links":{"self":[{"href":"https:\/\/galisur.es\/pt-pt\/wp-json\/wp\/v2\/pages\/19449","targetHints":{"allow":["GET"]}}],"collection":[{"href":"https:\/\/galisur.es\/pt-pt\/wp-json\/wp\/v2\/pages"}],"about":[{"href":"https:\/\/galisur.es\/pt-pt\/wp-json\/wp\/v2\/types\/page"}],"author":[{"embeddable":true,"href":"https:\/\/galisur.es\/pt-pt\/wp-json\/wp\/v2\/users\/18"}],"replies":[{"embeddable":true,"href":"https:\/\/galisur.es\/pt-pt\/wp-json\/wp\/v2\/comments?post=19449"}],"version-history":[{"count":2,"href":"https:\/\/galisur.es\/pt-pt\/wp-json\/wp\/v2\/pages\/19449\/revisions"}],"predecessor-version":[{"id":19451,"href":"https:\/\/galisur.es\/pt-pt\/wp-json\/wp\/v2\/pages\/19449\/revisions\/19451"}],"up":[{"embeddable":true,"href":"https:\/\/galisur.es\/pt-pt\/wp-json\/wp\/v2\/pages\/17057"}],"wp:attachment":[{"href":"https:\/\/galisur.es\/pt-pt\/wp-json\/wp\/v2\/media?parent=19449"}],"curies":[{"name":"wp","href":"https:\/\/api.w.org\/{rel}","templated":true}]}}