{"id":19285,"date":"2025-09-09T09:54:54","date_gmt":"2025-09-09T07:54:54","guid":{"rendered":"https:\/\/galisur.es\/series-verticais\/guillotina-motor\/"},"modified":"2025-09-22T10:59:43","modified_gmt":"2025-09-22T08:59:43","slug":"guillotina-motor","status":"publish","type":"page","link":"https:\/\/galisur.es\/pt-pt\/series-verticais\/guillotina-motor\/","title":{"rendered":"GUILLOTINA MOTOR"},"content":{"rendered":"\t\t<div data-elementor-type=\"wp-page\" data-elementor-id=\"19285\" class=\"elementor elementor-19285 elementor-19193\" data-elementor-post-type=\"page\">\n\t\t\t\t<div class=\"elementor-element elementor-element-cf59cfe e-flex e-con-boxed e-con e-parent\" data-id=\"cf59cfe\" data-element_type=\"container\" data-e-type=\"container\">\n\t\t\t\t\t<div class=\"e-con-inner\">\n\t\t<div class=\"elementor-element elementor-element-27d6b89 e-con-full e-flex e-con e-child\" data-id=\"27d6b89\" data-element_type=\"container\" data-e-type=\"container\">\n\t\t\t\t<div class=\"elementor-element elementor-element-ae4ee48 elementor-widget elementor-widget-image\" data-id=\"ae4ee48\" data-element_type=\"widget\" data-e-type=\"widget\" data-widget_type=\"image.default\">\n\t\t\t\t\t\t\t\t\t\t\t\t\t\t\t<img fetchpriority=\"high\" decoding=\"async\" width=\"3840\" height=\"3000\" src=\"https:\/\/galisur.es\/wp-content\/files\/Guillotina-motor-e1757418753489.png\" class=\"attachment-full size-full wp-image-16904\" alt=\"\" title=\"\">\t\t\t\t\t\t\t\t\t\t\t\t\t\t\t<\/div>\n\t\t\t\t<\/div>\n\t\t<div class=\"elementor-element elementor-element-d57c14b e-con-full e-flex e-con e-child\" data-id=\"d57c14b\" data-element_type=\"container\" data-e-type=\"container\">\n\t\t\t\t<div class=\"elementor-element elementor-element-0c79c2e elementor-widget elementor-widget-heading\" data-id=\"0c79c2e\" data-element_type=\"widget\" data-e-type=\"widget\" data-widget_type=\"heading.default\">\n\t\t\t\t\t<h1 class=\"elementor-heading-title elementor-size-default\">GUILOTINA MOTORIZADA<\/h1>\t\t\t\t<\/div>\n\t\t\t\t<div class=\"elementor-element elementor-element-d417341 elementor-widget elementor-widget-text-editor\" data-id=\"d417341\" data-element_type=\"widget\" data-e-type=\"widget\" data-widget_type=\"text-editor.default\">\n\t\t\t\t\t\t\t\t\t<p style=\"text-align: left;\">Carpintaria deslizante vertical com corte t\u00e9rmico, caixilharia de 165 mm e folhas de 45 mm. Deslizamento de folhas com motor oculto de 120NW por controle remoto ou bot\u00e3o. Abertura de folhas deslizantes verticais e salientes com dobradi\u00e7as ocultas para ventila\u00e7\u00e3o e limpeza das folhas internas. Juntas de veda\u00e7\u00e3o com capacho de tr\u00eas barbatanas garantindo a qualidade do fecho.    Esquadros de alum\u00ednio injetado com parafusos em a\u00e7o inoxid\u00e1vel.<\/p>\t\t\t\t\t\t\t\t<\/div>\n\t\t\t\t<\/div>\n\t\t\t\t\t<\/div>\n\t\t\t\t<\/div>\n\t\t<div class=\"elementor-element elementor-element-88a0417 e-flex e-con-boxed e-con e-parent\" data-id=\"88a0417\" data-element_type=\"container\" data-e-type=\"container\" data-settings=\"{&quot;background_background&quot;:&quot;classic&quot;}\">\n\t\t\t\t\t<div class=\"e-con-inner\">\n\t\t<div class=\"elementor-element elementor-element-fdda0b2 e-con-full e-flex e-con e-child\" data-id=\"fdda0b2\" data-element_type=\"container\" data-e-type=\"container\">\n\t\t\t\t<div class=\"elementor-element elementor-element-2de5d4b elementor-widget elementor-widget-heading\" data-id=\"2de5d4b\" data-element_type=\"widget\" data-e-type=\"widget\" data-widget_type=\"heading.default\">\n\t\t\t\t\t<p class=\"elementor-heading-title elementor-size-default\">Ficha t\u00e9cnica<\/p>\t\t\t\t<\/div>\n\t\t\t\t<div class=\"elementor-element elementor-element-4148698 elementor-widget elementor-widget-text-editor\" data-id=\"4148698\" data-element_type=\"widget\" data-e-type=\"widget\" data-widget_type=\"text-editor.default\">\n\t\t\t\t\t\t\t\t\t<p><a href=\"https:\/\/galisur.es\/pt-pt\/registo\/\">Registe-se aqui<\/a> para aceder ao documento.<\/p>\t\t\t\t\t\t\t\t<\/div>\n\t\t\t\t<\/div>\n\t\t<div class=\"elementor-element elementor-element-7c2df32 e-con-full e-flex e-con e-child\" data-id=\"7c2df32\" data-element_type=\"container\" data-e-type=\"container\">\n\t\t\t\t<div class=\"elementor-element elementor-element-3918280 elementor-widget elementor-widget-heading\" data-id=\"3918280\" data-element_type=\"widget\" data-e-type=\"widget\" data-widget_type=\"heading.default\">\n\t\t\t\t\t<p class=\"elementor-heading-title elementor-size-default\">Cat\u00e1logo<\/p>\t\t\t\t<\/div>\n\t\t\t\t<div class=\"elementor-element elementor-element-8aa7ea1 elementor-widget elementor-widget-text-editor\" data-id=\"8aa7ea1\" data-element_type=\"widget\" data-e-type=\"widget\" data-widget_type=\"text-editor.default\">\n\t\t\t\t\t\t\t\t\t<p><a href=\"https:\/\/galisur.es\/pt-pt\/registo\/\">Registe-se aqui<\/a> para aceder ao documento.<\/p>\t\t\t\t\t\t\t\t<\/div>\n\t\t\t\t<\/div>\n\t\t\t\t\t<\/div>\n\t\t\t\t<\/div>\n\t\t<div class=\"elementor-element elementor-element-54948fb e-flex e-con-boxed e-con e-parent\" data-id=\"54948fb\" data-element_type=\"container\" data-e-type=\"container\">\n\t\t\t\t\t<div class=\"e-con-inner\">\n\t\t<div class=\"elementor-element elementor-element-04ce48a e-con-full e-flex e-con e-child\" data-id=\"04ce48a\" data-element_type=\"container\" data-e-type=\"container\">\n\t\t\t\t<div class=\"elementor-element elementor-element-89b927b elementor-widget elementor-widget-image\" data-id=\"89b927b\" data-element_type=\"widget\" data-e-type=\"widget\" data-widget_type=\"image.default\">\n\t\t\t\t\t\t\t\t\t\t\t\t\t\t\t<img decoding=\"async\" width=\"2560\" height=\"2000\" src=\"https:\/\/galisur.es\/wp-content\/files\/Guillotina-motor-2-1-scaled.png\" class=\"attachment-full size-full wp-image-19204\" alt=\"\" srcset=\"https:\/\/galisur.es\/wp-content\/files\/Guillotina-motor-2-1-scaled.png 2560w, https:\/\/galisur.es\/wp-content\/files\/Guillotina-motor-2-1-300x234.png 300w, https:\/\/galisur.es\/wp-content\/files\/Guillotina-motor-2-1-1024x800.png 1024w, https:\/\/galisur.es\/wp-content\/files\/Guillotina-motor-2-1-768x600.png 768w, https:\/\/galisur.es\/wp-content\/files\/Guillotina-motor-2-1-1536x1200.png 1536w, https:\/\/galisur.es\/wp-content\/files\/Guillotina-motor-2-1-2048x1600.png 2048w\" sizes=\"(max-width: 2560px) 100vw, 2560px\" title=\"\">\t\t\t\t\t\t\t\t\t\t\t\t\t\t\t<\/div>\n\t\t\t\t<\/div>\n\t\t<div class=\"elementor-element elementor-element-b7f7587 e-con-full e-flex e-con e-child\" data-id=\"b7f7587\" data-element_type=\"container\" data-e-type=\"container\">\n\t\t\t\t<div class=\"elementor-element elementor-element-e3f641b elementor-widget elementor-widget-heading\" data-id=\"e3f641b\" data-element_type=\"widget\" data-e-type=\"widget\" data-widget_type=\"heading.default\">\n\t\t\t\t\t<h2 class=\"elementor-heading-title elementor-size-default\">Classifica\u00e7\u00e3o dos ensaios<\/h2>\t\t\t\t<\/div>\n\t\t\t\t<div class=\"elementor-element elementor-element-d51b269 elementor-widget elementor-widget-text-editor\" data-id=\"d51b269\" data-element_type=\"widget\" data-e-type=\"widget\" data-widget_type=\"text-editor.default\">\n\t\t\t\t\t\t\t\t\t<p>Julgamentos pendentes<\/p>\t\t\t\t\t\t\t\t<\/div>\n\t\t\t\t<\/div>\n\t\t\t\t\t<\/div>\n\t\t\t\t<\/div>\n\t\t<div class=\"elementor-element elementor-element-2f9396b e-flex e-con-boxed e-con e-parent\" data-id=\"2f9396b\" data-element_type=\"container\" data-e-type=\"container\">\n\t\t\t\t\t<div class=\"e-con-inner\">\n\t\t<div class=\"elementor-element elementor-element-e5cdd0a e-con-full e-flex e-con e-child\" data-id=\"e5cdd0a\" data-element_type=\"container\" data-e-type=\"container\">\n\t\t\t\t<div class=\"elementor-element elementor-element-dee0362 elementor-widget elementor-widget-heading\" data-id=\"dee0362\" data-element_type=\"widget\" data-e-type=\"widget\" data-widget_type=\"heading.default\">\n\t\t\t\t\t<h3 class=\"elementor-heading-title elementor-size-default\">Op\u00e7\u00f5es de abertura<\/h3>\t\t\t\t<\/div>\n\t\t\t\t<div class=\"elementor-element elementor-element-fa1a458 elementor-widget elementor-widget-image\" data-id=\"fa1a458\" data-element_type=\"widget\" data-e-type=\"widget\" data-widget_type=\"image.default\">\n\t\t\t\t\t\t\t\t\t\t\t\t\t\t\t<img decoding=\"async\" width=\"800\" height=\"250\" src=\"https:\/\/galisur.es\/wp-content\/files\/Guillotina-posibilidades-de-apertura.png\" class=\"attachment-full size-full wp-image-19214\" alt=\"\" srcset=\"https:\/\/galisur.es\/wp-content\/files\/Guillotina-posibilidades-de-apertura.png 800w, https:\/\/galisur.es\/wp-content\/files\/Guillotina-posibilidades-de-apertura-300x94.png 300w, https:\/\/galisur.es\/wp-content\/files\/Guillotina-posibilidades-de-apertura-768x240.png 768w\" sizes=\"(max-width: 800px) 100vw, 800px\" title=\"\">\t\t\t\t\t\t\t\t\t\t\t\t\t\t\t<\/div>\n\t\t\t\t<\/div>\n\t\t<div class=\"elementor-element elementor-element-5817b8f e-con-full e-flex e-con e-child\" data-id=\"5817b8f\" data-element_type=\"container\" data-e-type=\"container\">\n\t\t\t\t<div class=\"elementor-element elementor-element-af95e61 elementor-widget elementor-widget-heading\" data-id=\"af95e61\" data-element_type=\"widget\" data-e-type=\"widget\" data-widget_type=\"heading.default\">\n\t\t\t\t\t<h3 class=\"elementor-heading-title elementor-size-default\">Dimens\u00f5es recomendadas<\/h3>\t\t\t\t<\/div>\n\t\t\t\t<div class=\"elementor-element elementor-element-a13088a elementor-widget elementor-widget-image\" data-id=\"a13088a\" data-element_type=\"widget\" data-e-type=\"widget\" data-widget_type=\"image.default\">\n\t\t\t\t\t\t\t\t\t\t\t\t\t\t\t<img loading=\"lazy\" decoding=\"async\" width=\"800\" height=\"250\" src=\"https:\/\/galisur.es\/wp-content\/files\/Guillotina-dimensiones-recomendadas.png\" class=\"attachment-full size-full wp-image-19209\" alt=\"\" srcset=\"https:\/\/galisur.es\/wp-content\/files\/Guillotina-dimensiones-recomendadas.png 800w, https:\/\/galisur.es\/wp-content\/files\/Guillotina-dimensiones-recomendadas-300x94.png 300w, https:\/\/galisur.es\/wp-content\/files\/Guillotina-dimensiones-recomendadas-768x240.png 768w\" sizes=\"(max-width: 800px) 100vw, 800px\" title=\"\">\t\t\t\t\t\t\t\t\t\t\t\t\t\t\t<\/div>\n\t\t\t\t<\/div>\n\t\t\t\t\t<\/div>\n\t\t\t\t<\/div>\n\t\t<div class=\"elementor-element elementor-element-8d5d486 e-flex e-con-boxed e-con e-parent\" data-id=\"8d5d486\" data-element_type=\"container\" data-e-type=\"container\" data-settings=\"{&quot;background_background&quot;:&quot;classic&quot;}\">\n\t\t\t\t\t<div class=\"e-con-inner\">\n\t\t\t\t<div class=\"elementor-element elementor-element-8a5c623 elementor-widget elementor-widget-heading\" data-id=\"8a5c623\" data-element_type=\"widget\" data-e-type=\"widget\" data-widget_type=\"heading.default\">\n\t\t\t\t\t<h3 class=\"elementor-heading-title elementor-size-default\">Benef\u00edcios<\/h3>\t\t\t\t<\/div>\n\t\t\t\t<div class=\"elementor-element elementor-element-00b1640 elementor-widget elementor-widget-text-editor\" data-id=\"00b1640\" data-element_type=\"widget\" data-e-type=\"widget\" data-widget_type=\"text-editor.default\">\n\t\t\t\t\t\t\t\t\t<p>A guilhotina motorizada \u00e9 a solu\u00e7\u00e3o perfeita para quem procura conforto, design e tecnologia num \u00fanico sistema. Gra\u00e7as \u00e0 sua abertura vertical automatizada, permite-lhe levantar e baixar as folhas de forma suave, silenciosa e sem esfor\u00e7o, com um bot\u00e3o ou bot\u00e3o. Fabricado em perfis de alum\u00ednio com corte t\u00e9rmico, garante um excelente isolamento t\u00e9rmico e ac\u00fastico, melhorando a efici\u00eancia energ\u00e9tica e o conforto em qualquer divis\u00e3o. Sua estrutura oferece resist\u00eancia, durabilidade e um acabamento elegante, adaptando-se a projetos residenciais e comerciais. Ideal para terra\u00e7os, instala\u00e7\u00f5es e casas modernas, a guilhotina motorizada alia seguran\u00e7a, praticidade e est\u00e9tica, transformando a forma como usufrui dos espa\u00e7os com um toque de inova\u00e7\u00e3o.    <\/p>\t\t\t\t\t\t\t\t<\/div>\n\t\t\t\t\t<\/div>\n\t\t\t\t<\/div>\n\t\t\t\t<\/div>\n\t\t","protected":false},"excerpt":{"rendered":"<p>GUILOTINA MOTORIZADA Carpintaria deslizante vertical com corte t\u00e9rmico, caixilharia de 165 mm e folhas de 45 mm. Deslizamento de folhas com motor oculto de 120NW por controle remoto ou bot\u00e3o. Abertura de folhas deslizantes verticais e salientes com dobradi\u00e7as ocultas para ventila\u00e7\u00e3o e limpeza das folhas internas. Juntas de veda\u00e7\u00e3o com capacho de tr\u00eas barbatanas [&hellip;]<\/p>\n","protected":false},"author":18,"featured_media":0,"parent":17535,"menu_order":0,"comment_status":"closed","ping_status":"closed","template":"","meta":{"footnotes":""},"class_list":["post-19285","page","type-page","status-publish","hentry"],"yoast_head":"<!-- This site is optimized with the Yoast SEO plugin v27.2 - https:\/\/yoast.com\/product\/yoast-seo-wordpress\/ -->\n<title>GUILLOTINA MOTOR | Aluminios Galisur<\/title>\n<meta name=\"description\" content=\"GUILOTINA MOTORIZADA Carpintaria deslizante vertical com corte t\u00e9rmico, caixilharia de 165 mm e folhas de 45 mm. Deslizamento de folhas com motor oculto\" \/>\n<meta name=\"robots\" content=\"index, follow, max-snippet:-1, max-image-preview:large, max-video-preview:-1\" \/>\n<link rel=\"canonical\" href=\"https:\/\/galisur.es\/pt-pt\/series-verticais\/guillotina-motor\/\" \/>\n<meta property=\"og:locale\" content=\"pt_PT\" \/>\n<meta property=\"og:type\" content=\"article\" \/>\n<meta property=\"og:title\" content=\"GUILLOTINA MOTOR | Aluminios Galisur\" \/>\n<meta property=\"og:description\" content=\"GUILOTINA MOTORIZADA Carpintaria deslizante vertical com corte t\u00e9rmico, caixilharia de 165 mm e folhas de 45 mm. Deslizamento de folhas com motor oculto\" \/>\n<meta property=\"og:url\" content=\"https:\/\/galisur.es\/pt-pt\/series-verticais\/guillotina-motor\/\" \/>\n<meta property=\"og:site_name\" content=\"Aluminios Galisur\" \/>\n<meta property=\"article:publisher\" content=\"https:\/\/www.facebook.com\/AluminiosGalisur\" \/>\n<meta property=\"article:modified_time\" content=\"2025-09-22T08:59:43+00:00\" \/>\n<meta property=\"og:image\" content=\"https:\/\/galisur.es\/wp-content\/files\/Guillotina-motor-e1757418753489.png\" \/>\n\t<meta property=\"og:image:width\" content=\"2220\" \/>\n\t<meta property=\"og:image:height\" content=\"2065\" \/>\n\t<meta property=\"og:image:type\" content=\"image\/png\" \/>\n<meta name=\"twitter:card\" content=\"summary_large_image\" \/>\n<meta name=\"twitter:site\" content=\"@AluminioGalisur\" \/>\n<meta name=\"twitter:label1\" content=\"Tempo estimado de leitura\" \/>\n\t<meta name=\"twitter:data1\" content=\"1 minuto\" \/>\n<script type=\"application\/ld+json\" class=\"yoast-schema-graph\">{\"@context\":\"https:\/\/schema.org\",\"@graph\":[{\"@type\":\"WebPage\",\"@id\":\"https:\/\/galisur.es\/pt-pt\/series-verticais\/guillotina-motor\/\",\"url\":\"https:\/\/galisur.es\/pt-pt\/series-verticais\/guillotina-motor\/\",\"name\":\"GUILLOTINA MOTOR | Aluminios Galisur\",\"isPartOf\":{\"@id\":\"https:\/\/galisur.es\/pt-pt\/#website\"},\"primaryImageOfPage\":{\"@id\":\"https:\/\/galisur.es\/pt-pt\/series-verticais\/guillotina-motor\/#primaryimage\"},\"image\":{\"@id\":\"https:\/\/galisur.es\/pt-pt\/series-verticais\/guillotina-motor\/#primaryimage\"},\"thumbnailUrl\":\"https:\/\/galisur.es\/wp-content\/files\/Guillotina-motor-e1757418753489.png\",\"datePublished\":\"2025-09-09T07:54:54+00:00\",\"dateModified\":\"2025-09-22T08:59:43+00:00\",\"description\":\"GUILOTINA MOTORIZADA Carpintaria deslizante vertical com corte t\u00e9rmico, caixilharia de 165 mm e folhas de 45 mm. Deslizamento de folhas com motor oculto\",\"breadcrumb\":{\"@id\":\"https:\/\/galisur.es\/pt-pt\/series-verticais\/guillotina-motor\/#breadcrumb\"},\"inLanguage\":\"pt-PT\",\"potentialAction\":[{\"@type\":\"ReadAction\",\"target\":[\"https:\/\/galisur.es\/pt-pt\/series-verticais\/guillotina-motor\/\"]}]},{\"@type\":\"ImageObject\",\"inLanguage\":\"pt-PT\",\"@id\":\"https:\/\/galisur.es\/pt-pt\/series-verticais\/guillotina-motor\/#primaryimage\",\"url\":\"https:\/\/galisur.es\/wp-content\/files\/Guillotina-motor-e1757418753489.png\",\"contentUrl\":\"https:\/\/galisur.es\/wp-content\/files\/Guillotina-motor-e1757418753489.png\"},{\"@type\":\"BreadcrumbList\",\"@id\":\"https:\/\/galisur.es\/pt-pt\/series-verticais\/guillotina-motor\/#breadcrumb\",\"itemListElement\":[{\"@type\":\"ListItem\",\"position\":1,\"name\":\"Portada\",\"item\":\"https:\/\/galisur.es\/pt-pt\/\"},{\"@type\":\"ListItem\",\"position\":2,\"name\":\"S\u00e9ries verticais\",\"item\":\"https:\/\/galisur.es\/pt-pt\/series-verticais\/\"},{\"@type\":\"ListItem\",\"position\":3,\"name\":\"GUILLOTINA MOTOR\"}]},{\"@type\":\"WebSite\",\"@id\":\"https:\/\/galisur.es\/pt-pt\/#website\",\"url\":\"https:\/\/galisur.es\/pt-pt\/\",\"name\":\"Aluminios Galisur\",\"description\":\"Aluminios Galisur\",\"publisher\":{\"@id\":\"https:\/\/galisur.es\/pt-pt\/#organization\"},\"potentialAction\":[{\"@type\":\"SearchAction\",\"target\":{\"@type\":\"EntryPoint\",\"urlTemplate\":\"https:\/\/galisur.es\/pt-pt\/?s={search_term_string}\"},\"query-input\":{\"@type\":\"PropertyValueSpecification\",\"valueRequired\":true,\"valueName\":\"search_term_string\"}}],\"inLanguage\":\"pt-PT\"},{\"@type\":\"Organization\",\"@id\":\"https:\/\/galisur.es\/pt-pt\/#organization\",\"name\":\"Galisur\",\"url\":\"https:\/\/galisur.es\/pt-pt\/\",\"logo\":{\"@type\":\"ImageObject\",\"inLanguage\":\"pt-PT\",\"@id\":\"https:\/\/galisur.es\/pt-pt\/#\/schema\/logo\/image\/\",\"url\":\"https:\/\/galisur.es\/wp-content\/files\/2021\/03\/logo-35x15-1.png\",\"contentUrl\":\"https:\/\/galisur.es\/wp-content\/files\/2021\/03\/logo-35x15-1.png\",\"width\":370,\"height\":176,\"caption\":\"Galisur\"},\"image\":{\"@id\":\"https:\/\/galisur.es\/pt-pt\/#\/schema\/logo\/image\/\"},\"sameAs\":[\"https:\/\/www.facebook.com\/AluminiosGalisur\",\"https:\/\/x.com\/AluminioGalisur\"]}]}<\/script>\n<!-- \/ Yoast SEO plugin. -->","yoast_head_json":{"title":"GUILLOTINA MOTOR | Aluminios Galisur","description":"GUILOTINA MOTORIZADA Carpintaria deslizante vertical com corte t\u00e9rmico, caixilharia de 165 mm e folhas de 45 mm. Deslizamento de folhas com motor oculto","robots":{"index":"index","follow":"follow","max-snippet":"max-snippet:-1","max-image-preview":"max-image-preview:large","max-video-preview":"max-video-preview:-1"},"canonical":"https:\/\/galisur.es\/pt-pt\/series-verticais\/guillotina-motor\/","og_locale":"pt_PT","og_type":"article","og_title":"GUILLOTINA MOTOR | Aluminios Galisur","og_description":"GUILOTINA MOTORIZADA Carpintaria deslizante vertical com corte t\u00e9rmico, caixilharia de 165 mm e folhas de 45 mm. Deslizamento de folhas com motor oculto","og_url":"https:\/\/galisur.es\/pt-pt\/series-verticais\/guillotina-motor\/","og_site_name":"Aluminios Galisur","article_publisher":"https:\/\/www.facebook.com\/AluminiosGalisur","article_modified_time":"2025-09-22T08:59:43+00:00","og_image":[{"width":2220,"height":2065,"url":"https:\/\/galisur.es\/wp-content\/files\/Guillotina-motor-e1757418753489.png","type":"image\/png"}],"twitter_card":"summary_large_image","twitter_site":"@AluminioGalisur","twitter_misc":{"Tempo estimado de leitura":"1 minuto"},"schema":{"@context":"https:\/\/schema.org","@graph":[{"@type":"WebPage","@id":"https:\/\/galisur.es\/pt-pt\/series-verticais\/guillotina-motor\/","url":"https:\/\/galisur.es\/pt-pt\/series-verticais\/guillotina-motor\/","name":"GUILLOTINA MOTOR | Aluminios Galisur","isPartOf":{"@id":"https:\/\/galisur.es\/pt-pt\/#website"},"primaryImageOfPage":{"@id":"https:\/\/galisur.es\/pt-pt\/series-verticais\/guillotina-motor\/#primaryimage"},"image":{"@id":"https:\/\/galisur.es\/pt-pt\/series-verticais\/guillotina-motor\/#primaryimage"},"thumbnailUrl":"https:\/\/galisur.es\/wp-content\/files\/Guillotina-motor-e1757418753489.png","datePublished":"2025-09-09T07:54:54+00:00","dateModified":"2025-09-22T08:59:43+00:00","description":"GUILOTINA MOTORIZADA Carpintaria deslizante vertical com corte t\u00e9rmico, caixilharia de 165 mm e folhas de 45 mm. Deslizamento de folhas com motor oculto","breadcrumb":{"@id":"https:\/\/galisur.es\/pt-pt\/series-verticais\/guillotina-motor\/#breadcrumb"},"inLanguage":"pt-PT","potentialAction":[{"@type":"ReadAction","target":["https:\/\/galisur.es\/pt-pt\/series-verticais\/guillotina-motor\/"]}]},{"@type":"ImageObject","inLanguage":"pt-PT","@id":"https:\/\/galisur.es\/pt-pt\/series-verticais\/guillotina-motor\/#primaryimage","url":"https:\/\/galisur.es\/wp-content\/files\/Guillotina-motor-e1757418753489.png","contentUrl":"https:\/\/galisur.es\/wp-content\/files\/Guillotina-motor-e1757418753489.png"},{"@type":"BreadcrumbList","@id":"https:\/\/galisur.es\/pt-pt\/series-verticais\/guillotina-motor\/#breadcrumb","itemListElement":[{"@type":"ListItem","position":1,"name":"Portada","item":"https:\/\/galisur.es\/pt-pt\/"},{"@type":"ListItem","position":2,"name":"S\u00e9ries verticais","item":"https:\/\/galisur.es\/pt-pt\/series-verticais\/"},{"@type":"ListItem","position":3,"name":"GUILLOTINA MOTOR"}]},{"@type":"WebSite","@id":"https:\/\/galisur.es\/pt-pt\/#website","url":"https:\/\/galisur.es\/pt-pt\/","name":"Aluminios Galisur","description":"Aluminios Galisur","publisher":{"@id":"https:\/\/galisur.es\/pt-pt\/#organization"},"potentialAction":[{"@type":"SearchAction","target":{"@type":"EntryPoint","urlTemplate":"https:\/\/galisur.es\/pt-pt\/?s={search_term_string}"},"query-input":{"@type":"PropertyValueSpecification","valueRequired":true,"valueName":"search_term_string"}}],"inLanguage":"pt-PT"},{"@type":"Organization","@id":"https:\/\/galisur.es\/pt-pt\/#organization","name":"Galisur","url":"https:\/\/galisur.es\/pt-pt\/","logo":{"@type":"ImageObject","inLanguage":"pt-PT","@id":"https:\/\/galisur.es\/pt-pt\/#\/schema\/logo\/image\/","url":"https:\/\/galisur.es\/wp-content\/files\/2021\/03\/logo-35x15-1.png","contentUrl":"https:\/\/galisur.es\/wp-content\/files\/2021\/03\/logo-35x15-1.png","width":370,"height":176,"caption":"Galisur"},"image":{"@id":"https:\/\/galisur.es\/pt-pt\/#\/schema\/logo\/image\/"},"sameAs":["https:\/\/www.facebook.com\/AluminiosGalisur","https:\/\/x.com\/AluminioGalisur"]}]}},"_links":{"self":[{"href":"https:\/\/galisur.es\/pt-pt\/wp-json\/wp\/v2\/pages\/19285","targetHints":{"allow":["GET"]}}],"collection":[{"href":"https:\/\/galisur.es\/pt-pt\/wp-json\/wp\/v2\/pages"}],"about":[{"href":"https:\/\/galisur.es\/pt-pt\/wp-json\/wp\/v2\/types\/page"}],"author":[{"embeddable":true,"href":"https:\/\/galisur.es\/pt-pt\/wp-json\/wp\/v2\/users\/18"}],"replies":[{"embeddable":true,"href":"https:\/\/galisur.es\/pt-pt\/wp-json\/wp\/v2\/comments?post=19285"}],"version-history":[{"count":5,"href":"https:\/\/galisur.es\/pt-pt\/wp-json\/wp\/v2\/pages\/19285\/revisions"}],"predecessor-version":[{"id":19300,"href":"https:\/\/galisur.es\/pt-pt\/wp-json\/wp\/v2\/pages\/19285\/revisions\/19300"}],"up":[{"embeddable":true,"href":"https:\/\/galisur.es\/pt-pt\/wp-json\/wp\/v2\/pages\/17535"}],"wp:attachment":[{"href":"https:\/\/galisur.es\/pt-pt\/wp-json\/wp\/v2\/media?parent=19285"}],"curies":[{"name":"wp","href":"https:\/\/api.w.org\/{rel}","templated":true}]}}