{"id":17668,"date":"2022-10-03T12:23:13","date_gmt":"2022-10-03T10:23:13","guid":{"rendered":"https:\/\/nervous-gagarin.141-94-206-129.plesk.page\/seminarios-tecnicos\/"},"modified":"2025-06-30T10:28:49","modified_gmt":"2025-06-30T08:28:49","slug":"seminarios-tecnicos","status":"publish","type":"page","link":"https:\/\/galisur.es\/pt-pt\/seminarios-tecnicos\/","title":{"rendered":"Semin\u00e1rios T\u00e9cnicos"},"content":{"rendered":"\t\t<div data-elementor-type=\"wp-page\" data-elementor-id=\"17668\" class=\"elementor elementor-17668 elementor-12146\" data-elementor-post-type=\"page\">\n\t\t\t\t<div class=\"elementor-element elementor-element-1470f92 e-flex e-con-boxed e-con e-parent\" data-id=\"1470f92\" data-element_type=\"container\" data-e-type=\"container\" data-settings=\"{&quot;background_background&quot;:&quot;classic&quot;}\">\n\t\t\t\t\t<div class=\"e-con-inner\">\n\t\t\t\t<div class=\"elementor-element elementor-element-2973f16 elementor-widget elementor-widget-spacer\" data-id=\"2973f16\" data-element_type=\"widget\" data-e-type=\"widget\" data-widget_type=\"spacer.default\">\n\t\t\t\t\t\t\t<div class=\"elementor-spacer\">\n\t\t\t<div class=\"elementor-spacer-inner\"><\/div>\n\t\t<\/div>\n\t\t\t\t\t\t<\/div>\n\t\t\t\t\t<\/div>\n\t\t\t\t<\/div>\n\t\t<div class=\"elementor-element elementor-element-b39959d e-flex e-con-boxed e-con e-parent\" data-id=\"b39959d\" data-element_type=\"container\" data-e-type=\"container\" data-settings=\"{&quot;background_background&quot;:&quot;classic&quot;}\">\n\t\t\t\t\t<div class=\"e-con-inner\">\n\t\t<div class=\"elementor-element elementor-element-48bf7cc e-con-full e-flex e-con e-child\" data-id=\"48bf7cc\" data-element_type=\"container\" data-e-type=\"container\">\n\t\t\t\t<div class=\"elementor-element elementor-element-a65b8ab elementor-widget elementor-widget-heading\" data-id=\"a65b8ab\" data-element_type=\"widget\" data-e-type=\"widget\" data-widget_type=\"heading.default\">\n\t\t\t\t\t<h2 class=\"elementor-heading-title elementor-size-default\">Saiba como trabalhamos<\/h2>\t\t\t\t<\/div>\n\t\t\t\t<div class=\"elementor-element elementor-element-548f5f7 elementor-widget-mobile__width-inherit elementor-widget elementor-widget-heading\" data-id=\"548f5f7\" data-element_type=\"widget\" data-e-type=\"widget\" data-widget_type=\"heading.default\">\n\t\t\t\t\t<h1 class=\"elementor-heading-title elementor-size-default\">SEMIN\u00c1RIOS T\u00c9CNICOS<\/h1>\t\t\t\t<\/div>\n\t\t\t\t<\/div>\n\t\t<div class=\"elementor-element elementor-element-4d1d277 e-con-full e-flex e-con e-child\" data-id=\"4d1d277\" data-element_type=\"container\" data-e-type=\"container\">\n\t\t\t\t<div class=\"elementor-element elementor-element-effb31e elementor-widget elementor-widget-text-editor\" data-id=\"effb31e\" data-element_type=\"widget\" data-e-type=\"widget\" data-widget_type=\"text-editor.default\">\n\t\t\t\t\t\t\t\t\t<p>Na <strong>Aluminios<\/strong> <strong>Galisur,<\/strong> contamos com mais de 40 anos de experi\u00eancia em <strong>extrus\u00e3o, lacagem<\/strong> e <strong>perfis <\/strong>de alum\u00ednio. Abrimos as portas da nossa delega\u00e7\u00e3o em Sevilha para que possa visitar-nos e conhecer melhor a empresa l\u00edder do setor. <\/p>\n\t\t\t\t\t\t\t\t<\/div>\n\t\t\t\t<\/div>\n\t\t\t\t\t<\/div>\n\t\t\t\t<\/div>\n\t\t<div class=\"elementor-element elementor-element-146c1df e-flex e-con-boxed e-con e-parent\" data-id=\"146c1df\" data-element_type=\"container\" data-e-type=\"container\">\n\t\t\t\t\t<div class=\"e-con-inner\">\n\t\t\t\t<div class=\"elementor-element elementor-element-991377e elementor-widget elementor-widget-text-editor\" data-id=\"991377e\" data-element_type=\"widget\" data-e-type=\"widget\" data-widget_type=\"text-editor.default\">\n\t\t\t\t\t\t\t\t\t<p>Adorar\u00edamos partilhar este espa\u00e7o consigo, abrimos as portas do nosso Showroom para que seja um local de inspira\u00e7\u00e3o para novos projetos entre designers, utilizadores e instaladores, um espa\u00e7o que nos permita continuar a crescer. Al\u00e9m disso, poder\u00e1 visitar os nossos escrit\u00f3rios e a incr\u00edvel f\u00e1brica com a tecnologia mais avan\u00e7ada de Espanha e at\u00e9 mesmo da Europa. <\/p>\n<p>Neste curso, poder\u00e1:<\/p>\n<ul>\n<li><strong>Visite o nosso moderno e completo showroom<\/strong><\/li>\n<li><strong>Conhe\u00e7a as nossas instala\u00e7\u00f5es<\/strong><\/li>\n<li><strong>Desfrute de uma visita guiada pela f\u00e1brica<\/strong><\/li>\n<li><strong>Descubra as m\u00e1quinas de produ\u00e7\u00e3o inovadoras<\/strong><\/li>\n<li><strong>Compreender o processo que o alum\u00ednio segue desde que entra at\u00e9 sair das nossas instala\u00e7\u00f5es<\/strong><\/li>\n<li><strong>Mergulhe<\/strong> <strong>na hist\u00f3ria da Aluminios Galisur, desde o seu in\u00edcio at\u00e9 aos dias de hoje.<\/strong><\/li>\n<\/ul>\n\t\t\t\t\t\t\t\t<\/div>\n\t\t\t\t\t<\/div>\n\t\t\t\t<\/div>\n\t\t<div class=\"elementor-element elementor-element-d0a0502 e-flex e-con-boxed e-con e-parent\" data-id=\"d0a0502\" data-element_type=\"container\" data-e-type=\"container\" data-settings=\"{&quot;background_background&quot;:&quot;classic&quot;}\">\n\t\t\t\t\t<div class=\"e-con-inner\">\n\t\t<div class=\"elementor-element elementor-element-49b55c8 e-con-full e-flex e-con e-child\" data-id=\"49b55c8\" data-element_type=\"container\" data-e-type=\"container\">\n\t\t\t\t<div class=\"elementor-element elementor-element-ad17826 elementor-widget elementor-widget-image\" data-id=\"ad17826\" data-element_type=\"widget\" data-e-type=\"widget\" data-widget_type=\"image.default\">\n\t\t\t\t\t\t\t\t\t\t\t\t\t\t\t<img fetchpriority=\"high\" decoding=\"async\" width=\"4032\" height=\"3024\" src=\"https:\/\/galisur.es\/wp-content\/files\/visita-3.png\" class=\"attachment-full size-full wp-image-15768\" alt=\"visitar fabrica aluminio\" srcset=\"https:\/\/galisur.es\/wp-content\/files\/visita-3.png 4032w, https:\/\/galisur.es\/wp-content\/files\/visita-3-300x225.png 300w, https:\/\/galisur.es\/wp-content\/files\/visita-3-1024x768.png 1024w, https:\/\/galisur.es\/wp-content\/files\/visita-3-768x576.png 768w, https:\/\/galisur.es\/wp-content\/files\/visita-3-1536x1152.png 1536w, https:\/\/galisur.es\/wp-content\/files\/visita-3-2048x1536.png 2048w\" sizes=\"(max-width: 4032px) 100vw, 4032px\" title=\"\">\t\t\t\t\t\t\t\t\t\t\t\t\t\t\t<\/div>\n\t\t\t\t<\/div>\n\t\t<div class=\"elementor-element elementor-element-c94f27b e-con-full e-flex e-con e-child\" data-id=\"c94f27b\" data-element_type=\"container\" data-e-type=\"container\">\n\t\t\t\t<div class=\"elementor-element elementor-element-750ed5c elementor-widget elementor-widget-text-editor\" data-id=\"750ed5c\" data-element_type=\"widget\" data-e-type=\"widget\" data-widget_type=\"text-editor.default\">\n\t\t\t\t\t\t\t\t\t<p>Para se inscrever, preencha o seguinte formul\u00e1rio:<\/p>\n\t\t\t\t\t\t\t\t<\/div>\n\t\t\t\t<div class=\"elementor-element elementor-element-54f3562 elementor-button-align-start elementor-widget__width-inherit elementor-widget-mobile__width-inherit elementor-widget elementor-widget-form\" data-id=\"54f3562\" data-element_type=\"widget\" data-e-type=\"widget\" data-settings=\"{&quot;step_next_label&quot;:&quot;Seguinte&quot;,&quot;step_previous_label&quot;:&quot;Anterior&quot;,&quot;button_width&quot;:&quot;100&quot;,&quot;step_type&quot;:&quot;number_text&quot;,&quot;step_icon_shape&quot;:&quot;circle&quot;}\" data-widget_type=\"form.default\">\n\t\t\t\t\t\t\t<form class=\"elementor-form\" method=\"post\" name=\"Dia de visitas\" aria-label=\"Dia de visitas\">\n\t\t\t<input type=\"hidden\" name=\"post_id\" value=\"17668\"\/>\n\t\t\t<input type=\"hidden\" name=\"form_id\" value=\"54f3562\"\/>\n\t\t\t<input type=\"hidden\" name=\"referer_title\" value=\"Semin\u00e1rios T\u00e9cnicos | Aluminios Galisur\" \/>\n\n\t\t\t\t\t\t\t<input type=\"hidden\" name=\"queried_id\" value=\"17668\"\/>\n\t\t\t\n\t\t\t<div class=\"elementor-form-fields-wrapper elementor-labels-\">\n\t\t\t\t\t\t\t\t<div class=\"elementor-field-type-text elementor-field-group elementor-column elementor-field-group-name elementor-col-50 elementor-md-100 elementor-field-required\">\n\t\t\t\t\t\t\t\t\t\t\t\t<label for=\"form-field-name\" class=\"elementor-field-label elementor-screen-only\">\n\t\t\t\t\t\t\t\tNome\t\t\t\t\t\t\t<\/label>\n\t\t\t\t\t\t\t\t\t\t\t\t\t\t<input size=\"1\" type=\"text\" name=\"form_fields[name]\" id=\"form-field-name\" class=\"elementor-field elementor-size-sm  elementor-field-textual\" placeholder=\"Nome\" required=\"required\">\n\t\t\t\t\t\t\t\t\t\t\t<\/div>\n\t\t\t\t\t\t\t\t<div class=\"elementor-field-type-email elementor-field-group elementor-column elementor-field-group-email elementor-col-50 elementor-md-100 elementor-field-required\">\n\t\t\t\t\t\t\t\t\t\t\t\t<label for=\"form-field-email\" class=\"elementor-field-label elementor-screen-only\">\n\t\t\t\t\t\t\t\tEndere\u00e7o eletr\u00f3nico\t\t\t\t\t\t\t<\/label>\n\t\t\t\t\t\t\t\t\t\t\t\t\t\t<input size=\"1\" type=\"email\" name=\"form_fields[email]\" id=\"form-field-email\" class=\"elementor-field elementor-size-sm  elementor-field-textual\" placeholder=\"Endere\u00e7o eletr\u00f3nico\" required=\"required\">\n\t\t\t\t\t\t\t\t\t\t\t<\/div>\n\t\t\t\t\t\t\t\t<div class=\"elementor-field-type-text elementor-field-group elementor-column elementor-field-group-field_d6fb849 elementor-col-50 elementor-md-100 elementor-field-required\">\n\t\t\t\t\t\t\t\t\t\t\t\t<label for=\"form-field-field_d6fb849\" class=\"elementor-field-label elementor-screen-only\">\n\t\t\t\t\t\t\t\tEmpresa\t\t\t\t\t\t\t<\/label>\n\t\t\t\t\t\t\t\t\t\t\t\t\t\t<input size=\"1\" type=\"text\" name=\"form_fields[field_d6fb849]\" id=\"form-field-field_d6fb849\" class=\"elementor-field elementor-size-sm  elementor-field-textual\" placeholder=\"Empresa\" required=\"required\">\n\t\t\t\t\t\t\t\t\t\t\t<\/div>\n\t\t\t\t\t\t\t\t<div class=\"elementor-field-type-tel elementor-field-group elementor-column elementor-field-group-field_0d3493f elementor-col-50 elementor-md-100 elementor-field-required\">\n\t\t\t\t\t\t\t\t\t\t\t\t<label for=\"form-field-field_0d3493f\" class=\"elementor-field-label elementor-screen-only\">\n\t\t\t\t\t\t\t\tTelefone\t\t\t\t\t\t\t<\/label>\n\t\t\t\t\t\t\t\t<input size=\"1\" type=\"tel\" name=\"form_fields[field_0d3493f]\" id=\"form-field-field_0d3493f\" class=\"elementor-field elementor-size-sm  elementor-field-textual\" placeholder=\"Telefone\" required=\"required\" pattern=\"[0-9()#&amp;+*-=.]+\" title=\"Only numbers and phone characters (#, -, *, etc) are accepted.\">\n\n\t\t\t\t\t\t<\/div>\n\t\t\t\t\t\t\t\t<div class=\"elementor-field-type-text elementor-field-group elementor-column elementor-field-group-field_7f6c6b4 elementor-col-100 elementor-field-required\">\n\t\t\t\t\t\t\t\t\t\t\t\t<label for=\"form-field-field_7f6c6b4\" class=\"elementor-field-label elementor-screen-only\">\n\t\t\t\t\t\t\t\tCiudade\t\t\t\t\t\t\t<\/label>\n\t\t\t\t\t\t\t\t\t\t\t\t\t\t<input size=\"1\" type=\"text\" name=\"form_fields[field_7f6c6b4]\" id=\"form-field-field_7f6c6b4\" class=\"elementor-field elementor-size-sm  elementor-field-textual\" placeholder=\"Ciudade\" required=\"required\">\n\t\t\t\t\t\t\t\t\t\t\t<\/div>\n\t\t\t\t\t\t\t\t<div class=\"elementor-field-type-textarea elementor-field-group elementor-column elementor-field-group-field_51e0066 elementor-col-100 elementor-field-required\">\n\t\t\t\t\t\t\t\t\t\t\t\t<label for=\"form-field-field_51e0066\" class=\"elementor-field-label elementor-screen-only\">\n\t\t\t\t\t\t\t\tMensagem\t\t\t\t\t\t\t<\/label>\n\t\t\t\t\t\t<textarea class=\"elementor-field-textual elementor-field  elementor-size-sm\" name=\"form_fields[field_51e0066]\" id=\"form-field-field_51e0066\" rows=\"4\" placeholder=\"Mensagem\" required=\"required\"><\/textarea>\t\t\t\t<\/div>\n\t\t\t\t\t\t\t\t<div class=\"elementor-field-type-html elementor-field-group elementor-column elementor-field-group-field_14c4a72 elementor-col-100\">\n\t\t\t\t\tPROTE\u00c7\u00c3O DE DADOS: De acordo com as normas de prote\u00e7\u00e3o de dados, fornecemos as seguintes informa\u00e7\u00f5es sobre o tratamento:<br>Respons\u00e1vel: Galisur S.L. Finalidade do tratamento: manter uma rela\u00e7\u00e3o profissional e enviar comunica\u00e7\u00f5es sobre produtos ou servi\u00e7os <br>Direitos que lhe assistem: acesso, retifica\u00e7\u00e3o, portabilidade, supress\u00e3o, limita\u00e7\u00e3o e oposi\u00e7\u00e3o<br><br>Mais informa\u00e7\u00f5es sobre o tratamento: <a href=\"\/wp-content\/uploads\/Politica-de-PRIVACIDAD-Galisur-SL.pdf\" target=\"_blank\">pol\u00edtica de privacidade<\/a> ou em <a href=\"mailto:info@galisur.es\">info@galisur.es<\/a>\t\t\t\t<\/div>\n\t\t\t\t\t\t\t\t<div class=\"elementor-field-type-acceptance elementor-field-group elementor-column elementor-field-group-field_95dca0f elementor-col-100 elementor-field-required\">\n\t\t\t\t\t\t\t\t\t\t\t\t<label for=\"form-field-field_95dca0f\" class=\"elementor-field-label elementor-screen-only\">\n\t\t\t\t\t\t\t\tAceita\u00e7\u00e3o legal\t\t\t\t\t\t\t<\/label>\n\t\t\t\t\t\t\t\t<div class=\"elementor-field-subgroup\">\n\t\t\t<span class=\"elementor-field-option\">\n\t\t\t\t<input type=\"checkbox\" name=\"form_fields[field_95dca0f]\" id=\"form-field-field_95dca0f\" class=\"elementor-field elementor-size-sm  elementor-acceptance-field\" required=\"required\">\n\t\t\t\t<label for=\"form-field-field_95dca0f\">Aceito o tratamento dos meus dados para o envio de comunica\u00e7\u00f5es sobre produtos ou servi\u00e7os.<\/label>\t\t\t<\/span>\n\t\t<\/div>\n\t\t\t\t\t\t<\/div>\n\t\t\t\t\t\t\t\t<div class=\"elementor-field-group elementor-column elementor-field-type-submit elementor-col-100 e-form__buttons\">\n\t\t\t\t\t<button class=\"elementor-button elementor-size-sm\" type=\"submit\">\n\t\t\t\t\t\t<span class=\"elementor-button-content-wrapper\">\n\t\t\t\t\t\t\t\t\t\t\t\t\t\t\t\t\t\t\t\t\t\t<span class=\"elementor-button-text\">Quero uma visita<\/span>\n\t\t\t\t\t\t\t\t\t\t\t\t\t<\/span>\n\t\t\t\t\t<\/button>\n\t\t\t\t<\/div>\n\t\t\t<\/div>\n\t\t<\/form>\n\t\t\t\t\t\t<\/div>\n\t\t\t\t<\/div>\n\t\t\t\t\t<\/div>\n\t\t\t\t<\/div>\n\t\t<div class=\"elementor-element elementor-element-c1e7e3b e-flex e-con-boxed e-con e-parent\" data-id=\"c1e7e3b\" data-element_type=\"container\" data-e-type=\"container\">\n\t\t\t\t\t<div class=\"e-con-inner\">\n\t\t<div class=\"elementor-element elementor-element-9b362db e-con-full e-flex e-con e-child\" data-id=\"9b362db\" data-element_type=\"container\" data-e-type=\"container\">\n\t\t\t\t<div class=\"elementor-element elementor-element-5a1ca4a elementor-widget elementor-widget-heading\" data-id=\"5a1ca4a\" data-element_type=\"widget\" data-e-type=\"widget\" data-widget_type=\"heading.default\">\n\t\t\t\t\t<h2 class=\"elementor-heading-title elementor-size-default\">Uma experi\u00eancia 360\u00ba que n\u00e3o o deixar\u00e1 indiferente<\/h2>\t\t\t\t<\/div>\n\t\t\t\t<div class=\"elementor-element elementor-element-b23e50e elementor-widget elementor-widget-text-editor\" data-id=\"b23e50e\" data-element_type=\"widget\" data-e-type=\"widget\" data-widget_type=\"text-editor.default\">\n\t\t\t\t\t\t\t\t\t<p>Wenn Sie mehr \u00fcber Aluminios Galisur erfahren m\u00f6chten, ist dies zweifellos Ihre Chance. Wir w\u00fcrden uns freuen, Ihnen individuell alles \u00fcber das Unternehmen zu zeigen. <\/p>\n<p>Lernen Sie die verschiedenen Abteilungen kennen, die Aluminios Galisur aufgrund ihrer Qualit\u00e4t und ihres umfassenden Leistungsangebots zur Nummer 1 machen.<\/p>\n<p>Wir haben 280 Mitarbeiter und eine Vielzahl von Abteilungen. Komm und lerne uns kennen! <\/p>\n\t\t\t\t\t\t\t\t<\/div>\n\t\t\t\t<\/div>\n\t\t<div class=\"elementor-element elementor-element-d03a892 e-con-full e-flex e-con e-child\" data-id=\"d03a892\" data-element_type=\"container\" data-e-type=\"container\">\n\t\t\t\t<div class=\"elementor-element elementor-element-91875d0 elementor-widget elementor-widget-image\" data-id=\"91875d0\" data-element_type=\"widget\" data-e-type=\"widget\" data-widget_type=\"image.default\">\n\t\t\t\t\t\t\t\t\t\t\t\t\t\t\t<img decoding=\"async\" width=\"4032\" height=\"3024\" src=\"https:\/\/galisur.es\/wp-content\/files\/visita-5.png\" class=\"attachment-full size-full wp-image-15776\" alt=\"visitar fabrica aluminio\" srcset=\"https:\/\/galisur.es\/wp-content\/files\/visita-5.png 4032w, https:\/\/galisur.es\/wp-content\/files\/visita-5-300x225.png 300w, https:\/\/galisur.es\/wp-content\/files\/visita-5-1024x768.png 1024w, https:\/\/galisur.es\/wp-content\/files\/visita-5-768x576.png 768w, https:\/\/galisur.es\/wp-content\/files\/visita-5-1536x1152.png 1536w, https:\/\/galisur.es\/wp-content\/files\/visita-5-2048x1536.png 2048w\" sizes=\"(max-width: 4032px) 100vw, 4032px\" title=\"\">\t\t\t\t\t\t\t\t\t\t\t\t\t\t\t<\/div>\n\t\t\t\t<\/div>\n\t\t\t\t\t<\/div>\n\t\t\t\t<\/div>\n\t\t\t\t<\/div>\n\t\t","protected":false},"excerpt":{"rendered":"<p>Saiba como trabalhamos SEMIN\u00c1RIOS T\u00c9CNICOS Na Aluminios Galisur, contamos com mais de 40 anos de experi\u00eancia em extrus\u00e3o, lacagem e perfis de alum\u00ednio. Abrimos as portas da nossa delega\u00e7\u00e3o em Sevilha para que possa visitar-nos e conhecer melhor a empresa l\u00edder do setor. Adorar\u00edamos partilhar este espa\u00e7o consigo, abrimos as portas do nosso Showroom para [&hellip;]<\/p>\n","protected":false},"author":1998,"featured_media":15784,"parent":0,"menu_order":0,"comment_status":"closed","ping_status":"closed","template":"","meta":{"footnotes":""},"class_list":["post-17668","page","type-page","status-publish","has-post-thumbnail","hentry"],"yoast_head":"<!-- This site is optimized with the Yoast SEO plugin v27.2 - https:\/\/yoast.com\/product\/yoast-seo-wordpress\/ -->\n<title>Semin\u00e1rios T\u00e9cnicos | Aluminios Galisur<\/title>\n<meta name=\"description\" content=\"Besuchen Sie Aluminios Galisur in Sevilla | F\u00fchrendes Unternehmen im Aluminiumbereich. Entdecken Sie die innovativen Maschinen und die moderne Fabrik von PROYLAC.\" \/>\n<meta name=\"robots\" content=\"index, follow, max-snippet:-1, max-image-preview:large, max-video-preview:-1\" \/>\n<link rel=\"canonical\" href=\"https:\/\/galisur.es\/pt-pt\/seminarios-tecnicos\/\" \/>\n<meta property=\"og:locale\" content=\"pt_PT\" \/>\n<meta property=\"og:type\" content=\"article\" \/>\n<meta property=\"og:title\" content=\"Semin\u00e1rios T\u00e9cnicos | Aluminios Galisur\" \/>\n<meta property=\"og:description\" content=\"Besuchen Sie Aluminios Galisur in Sevilla | F\u00fchrendes Unternehmen im Aluminiumbereich. Entdecken Sie die innovativen Maschinen und die moderne Fabrik von PROYLAC.\" \/>\n<meta property=\"og:url\" content=\"https:\/\/galisur.es\/pt-pt\/seminarios-tecnicos\/\" \/>\n<meta property=\"og:site_name\" content=\"Aluminios Galisur\" \/>\n<meta property=\"article:publisher\" content=\"https:\/\/www.facebook.com\/AluminiosGalisur\" \/>\n<meta property=\"article:modified_time\" content=\"2025-06-30T08:28:49+00:00\" \/>\n<meta property=\"og:image\" content=\"https:\/\/galisur.es\/wp-content\/files\/cabcera-jornadas.png\" \/>\n\t<meta property=\"og:image:width\" content=\"1920\" \/>\n\t<meta property=\"og:image:height\" content=\"356\" \/>\n\t<meta property=\"og:image:type\" content=\"image\/png\" \/>\n<meta name=\"twitter:card\" content=\"summary_large_image\" \/>\n<meta name=\"twitter:site\" content=\"@AluminioGalisur\" \/>\n<meta name=\"twitter:label1\" content=\"Tempo estimado de leitura\" \/>\n\t<meta name=\"twitter:data1\" content=\"1 minuto\" \/>\n<script type=\"application\/ld+json\" class=\"yoast-schema-graph\">{\"@context\":\"https:\/\/schema.org\",\"@graph\":[{\"@type\":\"WebPage\",\"@id\":\"https:\/\/galisur.es\/pt-pt\/seminarios-tecnicos\/\",\"url\":\"https:\/\/galisur.es\/pt-pt\/seminarios-tecnicos\/\",\"name\":\"Semin\u00e1rios T\u00e9cnicos | Aluminios Galisur\",\"isPartOf\":{\"@id\":\"https:\/\/galisur.es\/pt-pt\/#website\"},\"primaryImageOfPage\":{\"@id\":\"https:\/\/galisur.es\/pt-pt\/seminarios-tecnicos\/#primaryimage\"},\"image\":{\"@id\":\"https:\/\/galisur.es\/pt-pt\/seminarios-tecnicos\/#primaryimage\"},\"thumbnailUrl\":\"https:\/\/galisur.es\/wp-content\/files\/cabcera-jornadas.png\",\"datePublished\":\"2022-10-03T10:23:13+00:00\",\"dateModified\":\"2025-06-30T08:28:49+00:00\",\"description\":\"Besuchen Sie Aluminios Galisur in Sevilla | F\u00fchrendes Unternehmen im Aluminiumbereich. Entdecken Sie die innovativen Maschinen und die moderne Fabrik von PROYLAC.\",\"breadcrumb\":{\"@id\":\"https:\/\/galisur.es\/pt-pt\/seminarios-tecnicos\/#breadcrumb\"},\"inLanguage\":\"pt-PT\",\"potentialAction\":[{\"@type\":\"ReadAction\",\"target\":[\"https:\/\/galisur.es\/pt-pt\/seminarios-tecnicos\/\"]}]},{\"@type\":\"ImageObject\",\"inLanguage\":\"pt-PT\",\"@id\":\"https:\/\/galisur.es\/pt-pt\/seminarios-tecnicos\/#primaryimage\",\"url\":\"https:\/\/galisur.es\/wp-content\/files\/cabcera-jornadas.png\",\"contentUrl\":\"https:\/\/galisur.es\/wp-content\/files\/cabcera-jornadas.png\",\"width\":1920,\"height\":356},{\"@type\":\"BreadcrumbList\",\"@id\":\"https:\/\/galisur.es\/pt-pt\/seminarios-tecnicos\/#breadcrumb\",\"itemListElement\":[{\"@type\":\"ListItem\",\"position\":1,\"name\":\"Portada\",\"item\":\"https:\/\/galisur.es\/pt-pt\/\"},{\"@type\":\"ListItem\",\"position\":2,\"name\":\"Semin\u00e1rios T\u00e9cnicos\"}]},{\"@type\":\"WebSite\",\"@id\":\"https:\/\/galisur.es\/pt-pt\/#website\",\"url\":\"https:\/\/galisur.es\/pt-pt\/\",\"name\":\"Aluminios Galisur\",\"description\":\"Aluminios Galisur\",\"publisher\":{\"@id\":\"https:\/\/galisur.es\/pt-pt\/#organization\"},\"potentialAction\":[{\"@type\":\"SearchAction\",\"target\":{\"@type\":\"EntryPoint\",\"urlTemplate\":\"https:\/\/galisur.es\/pt-pt\/?s={search_term_string}\"},\"query-input\":{\"@type\":\"PropertyValueSpecification\",\"valueRequired\":true,\"valueName\":\"search_term_string\"}}],\"inLanguage\":\"pt-PT\"},{\"@type\":\"Organization\",\"@id\":\"https:\/\/galisur.es\/pt-pt\/#organization\",\"name\":\"Galisur\",\"url\":\"https:\/\/galisur.es\/pt-pt\/\",\"logo\":{\"@type\":\"ImageObject\",\"inLanguage\":\"pt-PT\",\"@id\":\"https:\/\/galisur.es\/pt-pt\/#\/schema\/logo\/image\/\",\"url\":\"https:\/\/galisur.es\/wp-content\/files\/2021\/03\/logo-35x15-1.png\",\"contentUrl\":\"https:\/\/galisur.es\/wp-content\/files\/2021\/03\/logo-35x15-1.png\",\"width\":370,\"height\":176,\"caption\":\"Galisur\"},\"image\":{\"@id\":\"https:\/\/galisur.es\/pt-pt\/#\/schema\/logo\/image\/\"},\"sameAs\":[\"https:\/\/www.facebook.com\/AluminiosGalisur\",\"https:\/\/x.com\/AluminioGalisur\"]}]}<\/script>\n<!-- \/ Yoast SEO plugin. -->","yoast_head_json":{"title":"Semin\u00e1rios T\u00e9cnicos | Aluminios Galisur","description":"Besuchen Sie Aluminios Galisur in Sevilla | F\u00fchrendes Unternehmen im Aluminiumbereich. Entdecken Sie die innovativen Maschinen und die moderne Fabrik von PROYLAC.","robots":{"index":"index","follow":"follow","max-snippet":"max-snippet:-1","max-image-preview":"max-image-preview:large","max-video-preview":"max-video-preview:-1"},"canonical":"https:\/\/galisur.es\/pt-pt\/seminarios-tecnicos\/","og_locale":"pt_PT","og_type":"article","og_title":"Semin\u00e1rios T\u00e9cnicos | Aluminios Galisur","og_description":"Besuchen Sie Aluminios Galisur in Sevilla | F\u00fchrendes Unternehmen im Aluminiumbereich. Entdecken Sie die innovativen Maschinen und die moderne Fabrik von PROYLAC.","og_url":"https:\/\/galisur.es\/pt-pt\/seminarios-tecnicos\/","og_site_name":"Aluminios Galisur","article_publisher":"https:\/\/www.facebook.com\/AluminiosGalisur","article_modified_time":"2025-06-30T08:28:49+00:00","og_image":[{"width":1920,"height":356,"url":"https:\/\/galisur.es\/wp-content\/files\/cabcera-jornadas.png","type":"image\/png"}],"twitter_card":"summary_large_image","twitter_site":"@AluminioGalisur","twitter_misc":{"Tempo estimado de leitura":"1 minuto"},"schema":{"@context":"https:\/\/schema.org","@graph":[{"@type":"WebPage","@id":"https:\/\/galisur.es\/pt-pt\/seminarios-tecnicos\/","url":"https:\/\/galisur.es\/pt-pt\/seminarios-tecnicos\/","name":"Semin\u00e1rios T\u00e9cnicos | Aluminios Galisur","isPartOf":{"@id":"https:\/\/galisur.es\/pt-pt\/#website"},"primaryImageOfPage":{"@id":"https:\/\/galisur.es\/pt-pt\/seminarios-tecnicos\/#primaryimage"},"image":{"@id":"https:\/\/galisur.es\/pt-pt\/seminarios-tecnicos\/#primaryimage"},"thumbnailUrl":"https:\/\/galisur.es\/wp-content\/files\/cabcera-jornadas.png","datePublished":"2022-10-03T10:23:13+00:00","dateModified":"2025-06-30T08:28:49+00:00","description":"Besuchen Sie Aluminios Galisur in Sevilla | F\u00fchrendes Unternehmen im Aluminiumbereich. Entdecken Sie die innovativen Maschinen und die moderne Fabrik von PROYLAC.","breadcrumb":{"@id":"https:\/\/galisur.es\/pt-pt\/seminarios-tecnicos\/#breadcrumb"},"inLanguage":"pt-PT","potentialAction":[{"@type":"ReadAction","target":["https:\/\/galisur.es\/pt-pt\/seminarios-tecnicos\/"]}]},{"@type":"ImageObject","inLanguage":"pt-PT","@id":"https:\/\/galisur.es\/pt-pt\/seminarios-tecnicos\/#primaryimage","url":"https:\/\/galisur.es\/wp-content\/files\/cabcera-jornadas.png","contentUrl":"https:\/\/galisur.es\/wp-content\/files\/cabcera-jornadas.png","width":1920,"height":356},{"@type":"BreadcrumbList","@id":"https:\/\/galisur.es\/pt-pt\/seminarios-tecnicos\/#breadcrumb","itemListElement":[{"@type":"ListItem","position":1,"name":"Portada","item":"https:\/\/galisur.es\/pt-pt\/"},{"@type":"ListItem","position":2,"name":"Semin\u00e1rios T\u00e9cnicos"}]},{"@type":"WebSite","@id":"https:\/\/galisur.es\/pt-pt\/#website","url":"https:\/\/galisur.es\/pt-pt\/","name":"Aluminios Galisur","description":"Aluminios Galisur","publisher":{"@id":"https:\/\/galisur.es\/pt-pt\/#organization"},"potentialAction":[{"@type":"SearchAction","target":{"@type":"EntryPoint","urlTemplate":"https:\/\/galisur.es\/pt-pt\/?s={search_term_string}"},"query-input":{"@type":"PropertyValueSpecification","valueRequired":true,"valueName":"search_term_string"}}],"inLanguage":"pt-PT"},{"@type":"Organization","@id":"https:\/\/galisur.es\/pt-pt\/#organization","name":"Galisur","url":"https:\/\/galisur.es\/pt-pt\/","logo":{"@type":"ImageObject","inLanguage":"pt-PT","@id":"https:\/\/galisur.es\/pt-pt\/#\/schema\/logo\/image\/","url":"https:\/\/galisur.es\/wp-content\/files\/2021\/03\/logo-35x15-1.png","contentUrl":"https:\/\/galisur.es\/wp-content\/files\/2021\/03\/logo-35x15-1.png","width":370,"height":176,"caption":"Galisur"},"image":{"@id":"https:\/\/galisur.es\/pt-pt\/#\/schema\/logo\/image\/"},"sameAs":["https:\/\/www.facebook.com\/AluminiosGalisur","https:\/\/x.com\/AluminioGalisur"]}]}},"_links":{"self":[{"href":"https:\/\/galisur.es\/pt-pt\/wp-json\/wp\/v2\/pages\/17668","targetHints":{"allow":["GET"]}}],"collection":[{"href":"https:\/\/galisur.es\/pt-pt\/wp-json\/wp\/v2\/pages"}],"about":[{"href":"https:\/\/galisur.es\/pt-pt\/wp-json\/wp\/v2\/types\/page"}],"author":[{"embeddable":true,"href":"https:\/\/galisur.es\/pt-pt\/wp-json\/wp\/v2\/users\/1998"}],"replies":[{"embeddable":true,"href":"https:\/\/galisur.es\/pt-pt\/wp-json\/wp\/v2\/comments?post=17668"}],"version-history":[{"count":2,"href":"https:\/\/galisur.es\/pt-pt\/wp-json\/wp\/v2\/pages\/17668\/revisions"}],"predecessor-version":[{"id":18982,"href":"https:\/\/galisur.es\/pt-pt\/wp-json\/wp\/v2\/pages\/17668\/revisions\/18982"}],"wp:featuredmedia":[{"embeddable":true,"href":"https:\/\/galisur.es\/pt-pt\/wp-json\/wp\/v2\/media\/15784"}],"wp:attachment":[{"href":"https:\/\/galisur.es\/pt-pt\/wp-json\/wp\/v2\/media?parent=17668"}],"curies":[{"name":"wp","href":"https:\/\/api.w.org\/{rel}","templated":true}]}}