{"id":17660,"date":"2021-08-23T12:59:59","date_gmt":"2021-08-23T10:59:59","guid":{"rendered":"https:\/\/nervous-gagarin.141-94-206-129.plesk.page\/formacao\/"},"modified":"2025-06-30T10:27:38","modified_gmt":"2025-06-30T08:27:38","slug":"formacao","status":"publish","type":"page","link":"https:\/\/galisur.es\/pt-pt\/formacao\/","title":{"rendered":"Forma\u00e7\u00e3o"},"content":{"rendered":"\t\t<div data-elementor-type=\"wp-page\" data-elementor-id=\"17660\" class=\"elementor elementor-17660 elementor-9199\" data-elementor-post-type=\"page\">\n\t\t\t\t<div class=\"elementor-element elementor-element-5e62d72 e-flex e-con-boxed e-con e-parent\" data-id=\"5e62d72\" data-element_type=\"container\" data-e-type=\"container\" data-settings=\"{&quot;background_background&quot;:&quot;classic&quot;}\">\n\t\t\t\t\t<div class=\"e-con-inner\">\n\t\t\t\t<div class=\"elementor-element elementor-element-1994e7e elementor-widget elementor-widget-heading\" data-id=\"1994e7e\" data-element_type=\"widget\" data-e-type=\"widget\" data-widget_type=\"heading.default\">\n\t\t\t\t\t<h1 class=\"elementor-heading-title elementor-size-default\">Os nossos cursos de forma\u00e7\u00e3o<\/h1>\t\t\t\t<\/div>\n\t\t\t\t\t<\/div>\n\t\t\t\t<\/div>\n\t\t<div class=\"elementor-element elementor-element-6090164 e-flex e-con-boxed e-con e-parent\" data-id=\"6090164\" data-element_type=\"container\" data-e-type=\"container\" data-settings=\"{&quot;background_background&quot;:&quot;classic&quot;}\">\n\t\t\t\t\t<div class=\"e-con-inner\">\n\t\t<div class=\"elementor-element elementor-element-5aede44 e-con-full e-flex e-con e-child\" data-id=\"5aede44\" data-element_type=\"container\" data-e-type=\"container\">\n\t\t\t\t<div class=\"elementor-element elementor-element-c04d1aa elementor-widget elementor-widget-image\" data-id=\"c04d1aa\" data-element_type=\"widget\" data-e-type=\"widget\" data-widget_type=\"image.default\">\n\t\t\t\t\t\t\t\t\t\t\t\t\t\t\t<img fetchpriority=\"high\" decoding=\"async\" width=\"480\" height=\"320\" src=\"https:\/\/galisur.es\/wp-content\/files\/tube-bender-ge0a3d6a8d_1920-e1634548784427.jpg\" class=\"attachment-full size-full wp-image-15296\" alt=\"\" title=\"\">\t\t\t\t\t\t\t\t\t\t\t\t\t\t\t<\/div>\n\t\t\t\t<div class=\"elementor-element elementor-element-2f38408 elementor-widget elementor-widget-heading\" data-id=\"2f38408\" data-element_type=\"widget\" data-e-type=\"widget\" data-widget_type=\"heading.default\">\n\t\t\t\t\t<h3 class=\"elementor-heading-title elementor-size-default\">Curso: instala\u00e7\u00e3o de p\u00e9rgula bioclim\u00e1tica<\/h3>\t\t\t\t<\/div>\n\t\t\t\t<div class=\"elementor-element elementor-element-e6bbf50 elementor-widget elementor-widget-text-editor\" data-id=\"e6bbf50\" data-element_type=\"widget\" data-e-type=\"widget\" data-widget_type=\"text-editor.default\">\n\t\t\t\t\t\t\t\t\t<p>A <a href=\"https:\/\/www.leroymerlin.es\/jardin-terrazas\/pergolas-carpas-cenadores\" target=\"_blank\" rel=\"noopener\">p\u00e9rgula<\/a> bioclim\u00e1tica \u00e9 a \u00faltima novidade para jardins e terra\u00e7os. Com o seu design inovador e alto desempenho, poder\u00e1 regular a temperatura sem necessidade de obras ou instala\u00e7\u00e3o complicada.  <\/p>\n<p><b>Data<\/b>: Em breve<br \/><b>Hora<\/b>: Em breve<\/p>\n\t\t\t\t\t\t\t\t<\/div>\n\t\t\t\t<\/div>\n\t\t<div class=\"elementor-element elementor-element-c163f7f e-con-full e-flex e-con e-child\" data-id=\"c163f7f\" data-element_type=\"container\" data-e-type=\"container\">\n\t\t\t\t<div class=\"elementor-element elementor-element-9c275f3 elementor-button-align-start elementor-widget__width-inherit elementor-widget-mobile__width-inherit elementor-widget elementor-widget-form\" data-id=\"9c275f3\" data-element_type=\"widget\" data-e-type=\"widget\" data-settings=\"{&quot;step_next_label&quot;:&quot;Seguinte&quot;,&quot;step_previous_label&quot;:&quot;Anterior&quot;,&quot;button_width&quot;:&quot;100&quot;,&quot;step_type&quot;:&quot;number_text&quot;,&quot;step_icon_shape&quot;:&quot;circle&quot;}\" data-widget_type=\"form.default\">\n\t\t\t\t\t\t\t<form class=\"elementor-form\" method=\"post\" name=\"Forma\u00e7\u00e3o\" aria-label=\"Forma\u00e7\u00e3o\">\n\t\t\t<input type=\"hidden\" name=\"post_id\" value=\"17660\"\/>\n\t\t\t<input type=\"hidden\" name=\"form_id\" value=\"9c275f3\"\/>\n\t\t\t<input type=\"hidden\" name=\"referer_title\" value=\"Forma\u00e7\u00e3o | Aluminios Galisur\" \/>\n\n\t\t\t\t\t\t\t<input type=\"hidden\" name=\"queried_id\" value=\"17660\"\/>\n\t\t\t\n\t\t\t<div class=\"elementor-form-fields-wrapper elementor-labels-\">\n\t\t\t\t\t\t\t\t<div class=\"elementor-field-type-text elementor-field-group elementor-column elementor-field-group-name elementor-col-50 elementor-md-100 elementor-field-required\">\n\t\t\t\t\t\t\t\t\t\t\t\t<label for=\"form-field-name\" class=\"elementor-field-label elementor-screen-only\">\n\t\t\t\t\t\t\t\tNome\t\t\t\t\t\t\t<\/label>\n\t\t\t\t\t\t\t\t\t\t\t\t\t\t<input size=\"1\" type=\"text\" name=\"form_fields[name]\" id=\"form-field-name\" class=\"elementor-field elementor-size-sm  elementor-field-textual\" placeholder=\"Nome\" required=\"required\">\n\t\t\t\t\t\t\t\t\t\t\t<\/div>\n\t\t\t\t\t\t\t\t<div class=\"elementor-field-type-email elementor-field-group elementor-column elementor-field-group-email elementor-col-50 elementor-md-100 elementor-field-required\">\n\t\t\t\t\t\t\t\t\t\t\t\t<label for=\"form-field-email\" class=\"elementor-field-label elementor-screen-only\">\n\t\t\t\t\t\t\t\tEndere\u00e7o eletr\u00f3nico\t\t\t\t\t\t\t<\/label>\n\t\t\t\t\t\t\t\t\t\t\t\t\t\t<input size=\"1\" type=\"email\" name=\"form_fields[email]\" id=\"form-field-email\" class=\"elementor-field elementor-size-sm  elementor-field-textual\" placeholder=\"Endere\u00e7o eletr\u00f3nico\" required=\"required\">\n\t\t\t\t\t\t\t\t\t\t\t<\/div>\n\t\t\t\t\t\t\t\t<div class=\"elementor-field-type-text elementor-field-group elementor-column elementor-field-group-field_d6fb849 elementor-col-50 elementor-md-100 elementor-field-required\">\n\t\t\t\t\t\t\t\t\t\t\t\t<label for=\"form-field-field_d6fb849\" class=\"elementor-field-label elementor-screen-only\">\n\t\t\t\t\t\t\t\tEmpresa\t\t\t\t\t\t\t<\/label>\n\t\t\t\t\t\t\t\t\t\t\t\t\t\t<input size=\"1\" type=\"text\" name=\"form_fields[field_d6fb849]\" id=\"form-field-field_d6fb849\" class=\"elementor-field elementor-size-sm  elementor-field-textual\" placeholder=\"Empresa\" required=\"required\">\n\t\t\t\t\t\t\t\t\t\t\t<\/div>\n\t\t\t\t\t\t\t\t<div class=\"elementor-field-type-tel elementor-field-group elementor-column elementor-field-group-field_0d3493f elementor-col-50 elementor-md-100 elementor-field-required\">\n\t\t\t\t\t\t\t\t\t\t\t\t<label for=\"form-field-field_0d3493f\" class=\"elementor-field-label elementor-screen-only\">\n\t\t\t\t\t\t\t\tTelefone\t\t\t\t\t\t\t<\/label>\n\t\t\t\t\t\t\t\t<input size=\"1\" type=\"tel\" name=\"form_fields[field_0d3493f]\" id=\"form-field-field_0d3493f\" class=\"elementor-field elementor-size-sm  elementor-field-textual\" placeholder=\"Telefone\" required=\"required\" pattern=\"[0-9()#&amp;+*-=.]+\" title=\"Only numbers and phone characters (#, -, *, etc) are accepted.\">\n\n\t\t\t\t\t\t<\/div>\n\t\t\t\t\t\t\t\t<div class=\"elementor-field-type-text elementor-field-group elementor-column elementor-field-group-field_7f6c6b4 elementor-col-100 elementor-field-required\">\n\t\t\t\t\t\t\t\t\t\t\t\t<label for=\"form-field-field_7f6c6b4\" class=\"elementor-field-label elementor-screen-only\">\n\t\t\t\t\t\t\t\tCiudade\t\t\t\t\t\t\t<\/label>\n\t\t\t\t\t\t\t\t\t\t\t\t\t\t<input size=\"1\" type=\"text\" name=\"form_fields[field_7f6c6b4]\" id=\"form-field-field_7f6c6b4\" class=\"elementor-field elementor-size-sm  elementor-field-textual\" placeholder=\"Ciudade\" required=\"required\">\n\t\t\t\t\t\t\t\t\t\t\t<\/div>\n\t\t\t\t\t\t\t\t<div class=\"elementor-field-type-textarea elementor-field-group elementor-column elementor-field-group-field_51e0066 elementor-col-100 elementor-field-required\">\n\t\t\t\t\t\t\t\t\t\t\t\t<label for=\"form-field-field_51e0066\" class=\"elementor-field-label elementor-screen-only\">\n\t\t\t\t\t\t\t\tMensagem\t\t\t\t\t\t\t<\/label>\n\t\t\t\t\t\t<textarea class=\"elementor-field-textual elementor-field  elementor-size-sm\" name=\"form_fields[field_51e0066]\" id=\"form-field-field_51e0066\" rows=\"4\" placeholder=\"Mensagem\" required=\"required\"><\/textarea>\t\t\t\t<\/div>\n\t\t\t\t\t\t\t\t<div class=\"elementor-field-type-html elementor-field-group elementor-column elementor-field-group-field_14c4a72 elementor-col-100\">\n\t\t\t\t\tPROTE\u00c7\u00c3O DE DADOS: De acordo com as normas de prote\u00e7\u00e3o de dados, fornecemos as seguintes informa\u00e7\u00f5es sobre o tratamento:<br>Respons\u00e1vel: Galisur S.L. Finalidade do tratamento: manter uma rela\u00e7\u00e3o profissional e enviar comunica\u00e7\u00f5es sobre produtos ou servi\u00e7os <br>Direitos que lhe assistem: acesso, retifica\u00e7\u00e3o, portabilidade, supress\u00e3o, limita\u00e7\u00e3o e oposi\u00e7\u00e3o<br><br>Mais informa\u00e7\u00f5es sobre o tratamento: <a href=\"\/wp-content\/uploads\/Politica-de-PRIVACIDAD-Galisur-SL.pdf\" target=\"_blank\">pol\u00edtica de privacidade<\/a> ou em <a href=\"mailto:info@galisur.es\">info@galisur.es<\/a>\t\t\t\t<\/div>\n\t\t\t\t\t\t\t\t<div class=\"elementor-field-type-acceptance elementor-field-group elementor-column elementor-field-group-field_95dca0f elementor-col-100 elementor-field-required\">\n\t\t\t\t\t\t\t\t\t\t\t\t<label for=\"form-field-field_95dca0f\" class=\"elementor-field-label elementor-screen-only\">\n\t\t\t\t\t\t\t\tAceita\u00e7\u00e3o legal\t\t\t\t\t\t\t<\/label>\n\t\t\t\t\t\t\t\t<div class=\"elementor-field-subgroup\">\n\t\t\t<span class=\"elementor-field-option\">\n\t\t\t\t<input type=\"checkbox\" name=\"form_fields[field_95dca0f]\" id=\"form-field-field_95dca0f\" class=\"elementor-field elementor-size-sm  elementor-acceptance-field\" required=\"required\">\n\t\t\t\t<label for=\"form-field-field_95dca0f\">Aceito o tratamento dos meus dados para o envio de comunica\u00e7\u00f5es sobre produtos ou servi\u00e7os.<\/label>\t\t\t<\/span>\n\t\t<\/div>\n\t\t\t\t\t\t<\/div>\n\t\t\t\t\t\t\t\t<div class=\"elementor-field-group elementor-column elementor-field-type-submit elementor-col-100 e-form__buttons\">\n\t\t\t\t\t<button class=\"elementor-button elementor-size-sm\" type=\"submit\">\n\t\t\t\t\t\t<span class=\"elementor-button-content-wrapper\">\n\t\t\t\t\t\t\t\t\t\t\t\t\t\t\t\t\t\t\t\t\t\t<span class=\"elementor-button-text\">Inscrever-me<\/span>\n\t\t\t\t\t\t\t\t\t\t\t\t\t<\/span>\n\t\t\t\t\t<\/button>\n\t\t\t\t<\/div>\n\t\t\t<\/div>\n\t\t<\/form>\n\t\t\t\t\t\t<\/div>\n\t\t\t\t<\/div>\n\t\t\t\t\t<\/div>\n\t\t\t\t<\/div>\n\t\t<div class=\"elementor-element elementor-element-13a6337 e-flex e-con-boxed e-con e-parent\" data-id=\"13a6337\" data-element_type=\"container\" data-e-type=\"container\">\n\t\t\t\t\t<div class=\"e-con-inner\">\n\t\t\t\t<div class=\"elementor-element elementor-element-06d492a elementor-widget elementor-widget-heading\" data-id=\"06d492a\" data-element_type=\"widget\" data-e-type=\"widget\" data-widget_type=\"heading.default\">\n\t\t\t\t\t<h3 class=\"elementor-heading-title elementor-size-default\">Forma\u00e7\u00e3o t\u00e9cnica com base na nossa experi\u00eancia<\/h3>\t\t\t\t<\/div>\n\t\t\t\t<div class=\"elementor-element elementor-element-10065ae elementor-widget elementor-widget-text-editor\" data-id=\"10065ae\" data-element_type=\"widget\" data-e-type=\"widget\" data-widget_type=\"text-editor.default\">\n\t\t\t\t\t\t\t\t\t<p>Na Aluminios Galisur, reunimos toda a nossa experi\u00eancia para organizar os nossos cursos de forma\u00e7\u00e3o que o ajudar\u00e3o a melhorar as suas t\u00e9cnicas de montagem e instala\u00e7\u00e3o.<\/p>\n<p>Com <b>mais de 40 anos de experi\u00eancia em extrus\u00e3o, lacagem e perfis de alum\u00ednio, colocamos \u00e0 sua disposi\u00e7\u00e3o os nossos t\u00e9cnicos especializados que o ajudar\u00e3o a melhorar e lhe dar\u00e3o conselhos para obter os melhores resultados.<\/b><\/p>\n<p>Todas as nossas forma\u00e7\u00f5es s\u00e3o realizadas na nossa sede em Sevilha, embora, mediante solicita\u00e7\u00e3o, tamb\u00e9m possam ser organizadas na sua oficina e\/ou empresa.<\/p>\n\t\t\t\t\t\t\t\t<\/div>\n\t\t\t\t\t<\/div>\n\t\t\t\t<\/div>\n\t\t<div class=\"elementor-element elementor-element-a78bd06 e-flex e-con-boxed e-con e-parent\" data-id=\"a78bd06\" data-element_type=\"container\" data-e-type=\"container\" data-settings=\"{&quot;background_background&quot;:&quot;classic&quot;}\">\n\t\t\t\t\t<div class=\"e-con-inner\">\n\t\t<div class=\"elementor-element elementor-element-b61cf13 e-con-full e-flex e-con e-child\" data-id=\"b61cf13\" data-element_type=\"container\" data-e-type=\"container\">\n\t\t\t\t<div class=\"elementor-element elementor-element-c2c11da elementor-widget elementor-widget-image\" data-id=\"c2c11da\" data-element_type=\"widget\" data-e-type=\"widget\" data-widget_type=\"image.default\">\n\t\t\t\t\t\t\t\t\t\t\t\t\t\t\t<img decoding=\"async\" width=\"590\" height=\"432\" src=\"https:\/\/galisur.es\/wp-content\/files\/2021\/05\/Captura-de-pantalla-2021-05-05-a-las-16.30.47.png\" class=\"attachment-full size-full wp-image-14644\" alt=\"\" srcset=\"https:\/\/galisur.es\/wp-content\/files\/2021\/05\/Captura-de-pantalla-2021-05-05-a-las-16.30.47.png 590w, https:\/\/galisur.es\/wp-content\/files\/2021\/05\/Captura-de-pantalla-2021-05-05-a-las-16.30.47-300x220.png 300w\" sizes=\"(max-width: 590px) 100vw, 590px\" title=\"\">\t\t\t\t\t\t\t\t\t\t\t\t\t\t\t<\/div>\n\t\t\t\t<\/div>\n\t\t<div class=\"elementor-element elementor-element-fdfa3ce e-con-full e-flex e-con e-child\" data-id=\"fdfa3ce\" data-element_type=\"container\" data-e-type=\"container\">\n\t\t\t\t<div class=\"elementor-element elementor-element-f1b84d7 elementor-widget elementor-widget-heading\" data-id=\"f1b84d7\" data-element_type=\"widget\" data-e-type=\"widget\" data-widget_type=\"heading.default\">\n\t\t\t\t\t<h2 class=\"elementor-heading-title elementor-size-default\">Procura um curso especializado?<\/h2>\t\t\t\t<\/div>\n\t\t\t\t<div class=\"elementor-element elementor-element-eecad33 elementor-widget elementor-widget-text-editor\" data-id=\"eecad33\" data-element_type=\"widget\" data-e-type=\"widget\" data-widget_type=\"text-editor.default\">\n\t\t\t\t\t\t\t\t\t<p>Para solicitar um curso especializado, entre em contacto connosco.<\/p>\n<p>Envie-nos um e-mail para info@galisur.es especificando qual a forma\u00e7\u00e3o que procura e quantas pessoas desejam participar no curso.<\/p>\n<p>Um t\u00e9cnico especializado entrar\u00e1 em contacto consigo. <\/p>\n\t\t\t\t\t\t\t\t<\/div>\n\t\t\t\t<\/div>\n\t\t\t\t\t<\/div>\n\t\t\t\t<\/div>\n\t\t\t\t<\/div>\n\t\t","protected":false},"excerpt":{"rendered":"<p>Os nossos cursos de forma\u00e7\u00e3o Curso: instala\u00e7\u00e3o de p\u00e9rgula bioclim\u00e1tica A p\u00e9rgula bioclim\u00e1tica \u00e9 a \u00faltima novidade para jardins e terra\u00e7os. Com o seu design inovador e alto desempenho, poder\u00e1 regular a temperatura sem necessidade de obras ou instala\u00e7\u00e3o complicada. Data: Em breveHora: Em breve Forma\u00e7\u00e3o t\u00e9cnica com base na nossa experi\u00eancia Na Aluminios Galisur, [&hellip;]<\/p>\n","protected":false},"author":1998,"featured_media":0,"parent":0,"menu_order":0,"comment_status":"closed","ping_status":"closed","template":"","meta":{"footnotes":""},"class_list":["post-17660","page","type-page","status-publish","hentry"],"yoast_head":"<!-- This site is optimized with the Yoast SEO plugin v27.2 - https:\/\/yoast.com\/product\/yoast-seo-wordpress\/ -->\n<title>Forma\u00e7\u00e3o | Aluminios Galisur<\/title>\n<meta name=\"description\" content=\"Os nossos cursos de forma\u00e7\u00e3o Curso: instala\u00e7\u00e3o de p\u00e9rgula bioclim\u00e1tica A p\u00e9rgula bioclim\u00e1tica \u00e9 a \u00faltima novidade para jardins e terra\u00e7os. Com o seu\" \/>\n<meta name=\"robots\" content=\"index, follow, max-snippet:-1, max-image-preview:large, max-video-preview:-1\" \/>\n<link rel=\"canonical\" href=\"https:\/\/galisur.es\/pt-pt\/formacao\/\" \/>\n<meta property=\"og:locale\" content=\"pt_PT\" \/>\n<meta property=\"og:type\" content=\"article\" \/>\n<meta property=\"og:title\" content=\"Forma\u00e7\u00e3o | Aluminios Galisur\" \/>\n<meta property=\"og:description\" content=\"Os nossos cursos de forma\u00e7\u00e3o Curso: instala\u00e7\u00e3o de p\u00e9rgula bioclim\u00e1tica A p\u00e9rgula bioclim\u00e1tica \u00e9 a \u00faltima novidade para jardins e terra\u00e7os. Com o seu\" \/>\n<meta property=\"og:url\" content=\"https:\/\/galisur.es\/pt-pt\/formacao\/\" \/>\n<meta property=\"og:site_name\" content=\"Aluminios Galisur\" \/>\n<meta property=\"article:publisher\" content=\"https:\/\/www.facebook.com\/AluminiosGalisur\" \/>\n<meta property=\"article:modified_time\" content=\"2025-06-30T08:27:38+00:00\" \/>\n<meta property=\"og:image\" content=\"https:\/\/galisur.es\/wp-content\/uploads\/tube-bender-ge0a3d6a8d_1920-e1634548784427.jpg\" \/>\n<meta name=\"twitter:card\" content=\"summary_large_image\" \/>\n<meta name=\"twitter:site\" content=\"@AluminioGalisur\" \/>\n<meta name=\"twitter:label1\" content=\"Tempo estimado de leitura\" \/>\n\t<meta name=\"twitter:data1\" content=\"1 minuto\" \/>\n<script type=\"application\/ld+json\" class=\"yoast-schema-graph\">{\"@context\":\"https:\/\/schema.org\",\"@graph\":[{\"@type\":\"WebPage\",\"@id\":\"https:\/\/galisur.es\/pt-pt\/formacao\/\",\"url\":\"https:\/\/galisur.es\/pt-pt\/formacao\/\",\"name\":\"Forma\u00e7\u00e3o | Aluminios Galisur\",\"isPartOf\":{\"@id\":\"https:\/\/galisur.es\/pt-pt\/#website\"},\"primaryImageOfPage\":{\"@id\":\"https:\/\/galisur.es\/pt-pt\/formacao\/#primaryimage\"},\"image\":{\"@id\":\"https:\/\/galisur.es\/pt-pt\/formacao\/#primaryimage\"},\"thumbnailUrl\":\"https:\/\/galisur.es\/wp-content\/uploads\/tube-bender-ge0a3d6a8d_1920-e1634548784427.jpg\",\"datePublished\":\"2021-08-23T10:59:59+00:00\",\"dateModified\":\"2025-06-30T08:27:38+00:00\",\"description\":\"Os nossos cursos de forma\u00e7\u00e3o Curso: instala\u00e7\u00e3o de p\u00e9rgula bioclim\u00e1tica A p\u00e9rgula bioclim\u00e1tica \u00e9 a \u00faltima novidade para jardins e terra\u00e7os. Com o seu\",\"breadcrumb\":{\"@id\":\"https:\/\/galisur.es\/pt-pt\/formacao\/#breadcrumb\"},\"inLanguage\":\"pt-PT\",\"potentialAction\":[{\"@type\":\"ReadAction\",\"target\":[\"https:\/\/galisur.es\/pt-pt\/formacao\/\"]}]},{\"@type\":\"ImageObject\",\"inLanguage\":\"pt-PT\",\"@id\":\"https:\/\/galisur.es\/pt-pt\/formacao\/#primaryimage\",\"url\":\"https:\/\/galisur.es\/wp-content\/uploads\/tube-bender-ge0a3d6a8d_1920-e1634548784427.jpg\",\"contentUrl\":\"https:\/\/galisur.es\/wp-content\/uploads\/tube-bender-ge0a3d6a8d_1920-e1634548784427.jpg\"},{\"@type\":\"BreadcrumbList\",\"@id\":\"https:\/\/galisur.es\/pt-pt\/formacao\/#breadcrumb\",\"itemListElement\":[{\"@type\":\"ListItem\",\"position\":1,\"name\":\"Portada\",\"item\":\"https:\/\/galisur.es\/pt-pt\/\"},{\"@type\":\"ListItem\",\"position\":2,\"name\":\"Forma\u00e7\u00e3o\"}]},{\"@type\":\"WebSite\",\"@id\":\"https:\/\/galisur.es\/pt-pt\/#website\",\"url\":\"https:\/\/galisur.es\/pt-pt\/\",\"name\":\"Aluminios Galisur\",\"description\":\"Aluminios Galisur\",\"publisher\":{\"@id\":\"https:\/\/galisur.es\/pt-pt\/#organization\"},\"potentialAction\":[{\"@type\":\"SearchAction\",\"target\":{\"@type\":\"EntryPoint\",\"urlTemplate\":\"https:\/\/galisur.es\/pt-pt\/?s={search_term_string}\"},\"query-input\":{\"@type\":\"PropertyValueSpecification\",\"valueRequired\":true,\"valueName\":\"search_term_string\"}}],\"inLanguage\":\"pt-PT\"},{\"@type\":\"Organization\",\"@id\":\"https:\/\/galisur.es\/pt-pt\/#organization\",\"name\":\"Galisur\",\"url\":\"https:\/\/galisur.es\/pt-pt\/\",\"logo\":{\"@type\":\"ImageObject\",\"inLanguage\":\"pt-PT\",\"@id\":\"https:\/\/galisur.es\/pt-pt\/#\/schema\/logo\/image\/\",\"url\":\"https:\/\/galisur.es\/wp-content\/files\/2021\/03\/logo-35x15-1.png\",\"contentUrl\":\"https:\/\/galisur.es\/wp-content\/files\/2021\/03\/logo-35x15-1.png\",\"width\":370,\"height\":176,\"caption\":\"Galisur\"},\"image\":{\"@id\":\"https:\/\/galisur.es\/pt-pt\/#\/schema\/logo\/image\/\"},\"sameAs\":[\"https:\/\/www.facebook.com\/AluminiosGalisur\",\"https:\/\/x.com\/AluminioGalisur\"]}]}<\/script>\n<!-- \/ Yoast SEO plugin. -->","yoast_head_json":{"title":"Forma\u00e7\u00e3o | Aluminios Galisur","description":"Os nossos cursos de forma\u00e7\u00e3o Curso: instala\u00e7\u00e3o de p\u00e9rgula bioclim\u00e1tica A p\u00e9rgula bioclim\u00e1tica \u00e9 a \u00faltima novidade para jardins e terra\u00e7os. Com o seu","robots":{"index":"index","follow":"follow","max-snippet":"max-snippet:-1","max-image-preview":"max-image-preview:large","max-video-preview":"max-video-preview:-1"},"canonical":"https:\/\/galisur.es\/pt-pt\/formacao\/","og_locale":"pt_PT","og_type":"article","og_title":"Forma\u00e7\u00e3o | Aluminios Galisur","og_description":"Os nossos cursos de forma\u00e7\u00e3o Curso: instala\u00e7\u00e3o de p\u00e9rgula bioclim\u00e1tica A p\u00e9rgula bioclim\u00e1tica \u00e9 a \u00faltima novidade para jardins e terra\u00e7os. Com o seu","og_url":"https:\/\/galisur.es\/pt-pt\/formacao\/","og_site_name":"Aluminios Galisur","article_publisher":"https:\/\/www.facebook.com\/AluminiosGalisur","article_modified_time":"2025-06-30T08:27:38+00:00","og_image":[{"url":"https:\/\/galisur.es\/wp-content\/uploads\/tube-bender-ge0a3d6a8d_1920-e1634548784427.jpg","type":"","width":"","height":""}],"twitter_card":"summary_large_image","twitter_site":"@AluminioGalisur","twitter_misc":{"Tempo estimado de leitura":"1 minuto"},"schema":{"@context":"https:\/\/schema.org","@graph":[{"@type":"WebPage","@id":"https:\/\/galisur.es\/pt-pt\/formacao\/","url":"https:\/\/galisur.es\/pt-pt\/formacao\/","name":"Forma\u00e7\u00e3o | Aluminios Galisur","isPartOf":{"@id":"https:\/\/galisur.es\/pt-pt\/#website"},"primaryImageOfPage":{"@id":"https:\/\/galisur.es\/pt-pt\/formacao\/#primaryimage"},"image":{"@id":"https:\/\/galisur.es\/pt-pt\/formacao\/#primaryimage"},"thumbnailUrl":"https:\/\/galisur.es\/wp-content\/uploads\/tube-bender-ge0a3d6a8d_1920-e1634548784427.jpg","datePublished":"2021-08-23T10:59:59+00:00","dateModified":"2025-06-30T08:27:38+00:00","description":"Os nossos cursos de forma\u00e7\u00e3o Curso: instala\u00e7\u00e3o de p\u00e9rgula bioclim\u00e1tica A p\u00e9rgula bioclim\u00e1tica \u00e9 a \u00faltima novidade para jardins e terra\u00e7os. Com o seu","breadcrumb":{"@id":"https:\/\/galisur.es\/pt-pt\/formacao\/#breadcrumb"},"inLanguage":"pt-PT","potentialAction":[{"@type":"ReadAction","target":["https:\/\/galisur.es\/pt-pt\/formacao\/"]}]},{"@type":"ImageObject","inLanguage":"pt-PT","@id":"https:\/\/galisur.es\/pt-pt\/formacao\/#primaryimage","url":"https:\/\/galisur.es\/wp-content\/uploads\/tube-bender-ge0a3d6a8d_1920-e1634548784427.jpg","contentUrl":"https:\/\/galisur.es\/wp-content\/uploads\/tube-bender-ge0a3d6a8d_1920-e1634548784427.jpg"},{"@type":"BreadcrumbList","@id":"https:\/\/galisur.es\/pt-pt\/formacao\/#breadcrumb","itemListElement":[{"@type":"ListItem","position":1,"name":"Portada","item":"https:\/\/galisur.es\/pt-pt\/"},{"@type":"ListItem","position":2,"name":"Forma\u00e7\u00e3o"}]},{"@type":"WebSite","@id":"https:\/\/galisur.es\/pt-pt\/#website","url":"https:\/\/galisur.es\/pt-pt\/","name":"Aluminios Galisur","description":"Aluminios Galisur","publisher":{"@id":"https:\/\/galisur.es\/pt-pt\/#organization"},"potentialAction":[{"@type":"SearchAction","target":{"@type":"EntryPoint","urlTemplate":"https:\/\/galisur.es\/pt-pt\/?s={search_term_string}"},"query-input":{"@type":"PropertyValueSpecification","valueRequired":true,"valueName":"search_term_string"}}],"inLanguage":"pt-PT"},{"@type":"Organization","@id":"https:\/\/galisur.es\/pt-pt\/#organization","name":"Galisur","url":"https:\/\/galisur.es\/pt-pt\/","logo":{"@type":"ImageObject","inLanguage":"pt-PT","@id":"https:\/\/galisur.es\/pt-pt\/#\/schema\/logo\/image\/","url":"https:\/\/galisur.es\/wp-content\/files\/2021\/03\/logo-35x15-1.png","contentUrl":"https:\/\/galisur.es\/wp-content\/files\/2021\/03\/logo-35x15-1.png","width":370,"height":176,"caption":"Galisur"},"image":{"@id":"https:\/\/galisur.es\/pt-pt\/#\/schema\/logo\/image\/"},"sameAs":["https:\/\/www.facebook.com\/AluminiosGalisur","https:\/\/x.com\/AluminioGalisur"]}]}},"_links":{"self":[{"href":"https:\/\/galisur.es\/pt-pt\/wp-json\/wp\/v2\/pages\/17660","targetHints":{"allow":["GET"]}}],"collection":[{"href":"https:\/\/galisur.es\/pt-pt\/wp-json\/wp\/v2\/pages"}],"about":[{"href":"https:\/\/galisur.es\/pt-pt\/wp-json\/wp\/v2\/types\/page"}],"author":[{"embeddable":true,"href":"https:\/\/galisur.es\/pt-pt\/wp-json\/wp\/v2\/users\/1998"}],"replies":[{"embeddable":true,"href":"https:\/\/galisur.es\/pt-pt\/wp-json\/wp\/v2\/comments?post=17660"}],"version-history":[{"count":2,"href":"https:\/\/galisur.es\/pt-pt\/wp-json\/wp\/v2\/pages\/17660\/revisions"}],"predecessor-version":[{"id":18978,"href":"https:\/\/galisur.es\/pt-pt\/wp-json\/wp\/v2\/pages\/17660\/revisions\/18978"}],"wp:attachment":[{"href":"https:\/\/galisur.es\/pt-pt\/wp-json\/wp\/v2\/media?parent=17660"}],"curies":[{"name":"wp","href":"https:\/\/api.w.org\/{rel}","templated":true}]}}