{"id":17585,"date":"2021-03-22T11:39:37","date_gmt":"2021-03-22T10:39:37","guid":{"rendered":"https:\/\/nervous-gagarin.141-94-206-129.plesk.page\/todo-cristal\/u120\/"},"modified":"2025-06-24T16:25:24","modified_gmt":"2025-06-24T14:25:24","slug":"u120","status":"publish","type":"page","link":"https:\/\/galisur.es\/pt-pt\/todo-cristal\/u120\/","title":{"rendered":"U120"},"content":{"rendered":"\t\t<div data-elementor-type=\"wp-page\" data-elementor-id=\"17585\" class=\"elementor elementor-17585 elementor-7083\" data-elementor-post-type=\"page\">\n\t\t\t\t<div class=\"elementor-element elementor-element-d49a363 e-flex e-con-boxed e-con e-parent\" data-id=\"d49a363\" data-element_type=\"container\" data-e-type=\"container\">\n\t\t\t\t\t<div class=\"e-con-inner\">\n\t\t<div class=\"elementor-element elementor-element-6a6daad e-con-full e-flex e-con e-child\" data-id=\"6a6daad\" data-element_type=\"container\" data-e-type=\"container\">\n\t\t\t\t<div class=\"elementor-element elementor-element-ecc580a elementor-widget elementor-widget-image\" data-id=\"ecc580a\" data-element_type=\"widget\" data-e-type=\"widget\" data-widget_type=\"image.default\">\n\t\t\t\t\t\t\t\t\t\t\t\t\t\t\t<img fetchpriority=\"high\" decoding=\"async\" width=\"583\" height=\"829\" src=\"https:\/\/galisur.es\/wp-content\/files\/U-120-BARANDILLA-R.jpg\" class=\"attachment-full size-full wp-image-15764\" alt=\"\" srcset=\"https:\/\/galisur.es\/wp-content\/files\/U-120-BARANDILLA-R.jpg 583w, https:\/\/galisur.es\/wp-content\/files\/U-120-BARANDILLA-R-211x300.jpg 211w\" sizes=\"(max-width: 583px) 100vw, 583px\" title=\"\">\t\t\t\t\t\t\t\t\t\t\t\t\t\t\t<\/div>\n\t\t\t\t<\/div>\n\t\t<div class=\"elementor-element elementor-element-7d9d55f e-con-full e-flex e-con e-child\" data-id=\"7d9d55f\" data-element_type=\"container\" data-e-type=\"container\">\n\t\t\t\t<div class=\"elementor-element elementor-element-fc4430d elementor-widget elementor-widget-heading\" data-id=\"fc4430d\" data-element_type=\"widget\" data-e-type=\"widget\" data-widget_type=\"heading.default\">\n\t\t\t\t\t<h1 class=\"elementor-heading-title elementor-size-default\">U120<\/h1>\t\t\t\t<\/div>\n\t\t\t\t<div class=\"elementor-element elementor-element-647f0dc elementor-widget elementor-widget-text-editor\" data-id=\"647f0dc\" data-element_type=\"widget\" data-e-type=\"widget\" data-widget_type=\"text-editor.default\">\n\t\t\t\t\t\t\t\t\t<p>A grade U120 \u00e9 um sistema de grade envidra\u00e7ada que proporciona um design minimalista com ampla vis\u00e3o para terra\u00e7os modernos.<\/p><p>Envidra\u00e7amento com vidros temperados e laminados de 8,8,2 (16,76), altura do vidro 1100 mm, cal\u00e7os e cunhas a cada 250 mm e fixa\u00e7\u00f5es ao solo a cada 250 mm.<\/p>\t\t\t\t\t\t\t\t<\/div>\n\t\t\t\t<\/div>\n\t\t\t\t\t<\/div>\n\t\t\t\t<\/div>\n\t\t<div class=\"elementor-element elementor-element-1b03171 e-flex e-con-boxed e-con e-parent\" data-id=\"1b03171\" data-element_type=\"container\" data-e-type=\"container\" data-settings=\"{&quot;background_background&quot;:&quot;classic&quot;}\">\n\t\t\t\t\t<div class=\"e-con-inner\">\n\t\t<div class=\"elementor-element elementor-element-991adee e-con-full e-flex e-con e-child\" data-id=\"991adee\" data-element_type=\"container\" data-e-type=\"container\">\n\t\t\t\t<div class=\"elementor-element elementor-element-5b67cbb elementor-widget elementor-widget-heading\" data-id=\"5b67cbb\" data-element_type=\"widget\" data-e-type=\"widget\" data-widget_type=\"heading.default\">\n\t\t\t\t\t<p class=\"elementor-heading-title elementor-size-default\">Ficha t\u00e9cnica<\/p>\t\t\t\t<\/div>\n\t\t\t\t<div class=\"elementor-element elementor-element-8556b75 elementor-widget elementor-widget-text-editor\" data-id=\"8556b75\" data-element_type=\"widget\" data-e-type=\"widget\" data-widget_type=\"text-editor.default\">\n\t\t\t\t\t\t\t\t\t<p><a href=\"https:\/\/galisur.es\/pt-pt\/registo\/\">Registe-se aqui<\/a> para aceder ao documento.<\/p>\t\t\t\t\t\t\t\t<\/div>\n\t\t\t\t<\/div>\n\t\t<div class=\"elementor-element elementor-element-f35cd00 e-con-full e-flex e-con e-child\" data-id=\"f35cd00\" data-element_type=\"container\" data-e-type=\"container\">\n\t\t\t\t<div class=\"elementor-element elementor-element-3a55a89 elementor-widget elementor-widget-heading\" data-id=\"3a55a89\" data-element_type=\"widget\" data-e-type=\"widget\" data-widget_type=\"heading.default\">\n\t\t\t\t\t<p class=\"elementor-heading-title elementor-size-default\">Cat\u00e1logo<\/p>\t\t\t\t<\/div>\n\t\t\t\t<div class=\"elementor-element elementor-element-db4230b elementor-widget elementor-widget-text-editor\" data-id=\"db4230b\" data-element_type=\"widget\" data-e-type=\"widget\" data-widget_type=\"text-editor.default\">\n\t\t\t\t\t\t\t\t\t<p><a href=\"https:\/\/galisur.es\/pt-pt\/registo\/\">Registe-se aqui<\/a> para aceder ao documento.<\/p>\t\t\t\t\t\t\t\t<\/div>\n\t\t\t\t<\/div>\n\t\t\t\t\t<\/div>\n\t\t\t\t<\/div>\n\t\t<div class=\"elementor-element elementor-element-3d37497 e-flex e-con-boxed e-con e-parent\" data-id=\"3d37497\" data-element_type=\"container\" data-e-type=\"container\">\n\t\t\t\t\t<div class=\"e-con-inner\">\n\t\t<div class=\"elementor-element elementor-element-d1dc436 e-con-full e-flex e-con e-child\" data-id=\"d1dc436\" data-element_type=\"container\" data-e-type=\"container\">\n\t\t\t\t<div class=\"elementor-element elementor-element-115621f elementor-widget elementor-widget-image\" data-id=\"115621f\" data-element_type=\"widget\" data-e-type=\"widget\" data-widget_type=\"image.default\">\n\t\t\t\t\t\t\t\t\t\t\t\t\t\t\t<img decoding=\"async\" width=\"1200\" height=\"1200\" src=\"https:\/\/galisur.es\/wp-content\/files\/Barandilla-detalle-crema.png\" class=\"attachment-full size-full wp-image-16684\" alt=\"\" srcset=\"https:\/\/galisur.es\/wp-content\/files\/Barandilla-detalle-crema.png 1200w, https:\/\/galisur.es\/wp-content\/files\/Barandilla-detalle-crema-300x300.png 300w, https:\/\/galisur.es\/wp-content\/files\/Barandilla-detalle-crema-1024x1024.png 1024w, https:\/\/galisur.es\/wp-content\/files\/Barandilla-detalle-crema-150x150.png 150w, https:\/\/galisur.es\/wp-content\/files\/Barandilla-detalle-crema-768x768.png 768w, https:\/\/galisur.es\/wp-content\/files\/Barandilla-detalle-crema-800x800.png 800w\" sizes=\"(max-width: 1200px) 100vw, 1200px\" title=\"\">\t\t\t\t\t\t\t\t\t\t\t\t\t\t\t<\/div>\n\t\t\t\t<\/div>\n\t\t<div class=\"elementor-element elementor-element-63acdf4 e-con-full e-flex e-con e-child\" data-id=\"63acdf4\" data-element_type=\"container\" data-e-type=\"container\">\n\t\t\t\t<div class=\"elementor-element elementor-element-65c9aa2 elementor-widget elementor-widget-heading\" data-id=\"65c9aa2\" data-element_type=\"widget\" data-e-type=\"widget\" data-widget_type=\"heading.default\">\n\t\t\t\t\t<h2 class=\"elementor-heading-title elementor-size-default\">Benef\u00edcios<\/h2>\t\t\t\t<\/div>\n\t\t\t\t<div class=\"elementor-element elementor-element-e50aea9 elementor-widget elementor-widget-text-editor\" data-id=\"e50aea9\" data-element_type=\"widget\" data-e-type=\"widget\" data-widget_type=\"text-editor.default\">\n\t\t\t\t\t\t\t\t\t<p>A grade U120 \u00e9 um sistema de grade envidra\u00e7ada que proporciona um design minimalista com ampla vis\u00e3o para terra\u00e7os modernos.<\/p><p>Envidra\u00e7amento com vidros temperados e laminados de 8,8,2 (16,76), altura do vidro 1100 mm, cal\u00e7os e cunhas a cada 250 mm e fixa\u00e7\u00f5es ao solo a cada 250 mm.<\/p>\t\t\t\t\t\t\t\t<\/div>\n\t\t\t\t<\/div>\n\t\t\t\t\t<\/div>\n\t\t\t\t<\/div>\n\t\t\t\t<\/div>\n\t\t","protected":false},"excerpt":{"rendered":"<p>U120 A grade U120 \u00e9 um sistema de grade envidra\u00e7ada que proporciona um design minimalista com ampla vis\u00e3o para terra\u00e7os modernos. Envidra\u00e7amento com vidros temperados e laminados de 8,8,2 (16,76), altura do vidro 1100 mm, cal\u00e7os e cunhas a cada 250 mm e fixa\u00e7\u00f5es ao solo a cada 250 mm. Ficha t\u00e9cnica Descarregar Registe-se aqui [&hellip;]<\/p>\n","protected":false},"author":1998,"featured_media":0,"parent":17569,"menu_order":0,"comment_status":"closed","ping_status":"closed","template":"","meta":{"footnotes":""},"class_list":["post-17585","page","type-page","status-publish","hentry"],"yoast_head":"<!-- This site is optimized with the Yoast SEO plugin v27.2 - https:\/\/yoast.com\/product\/yoast-seo-wordpress\/ -->\n<title>U120 | Aluminios Galisur<\/title>\n<meta name=\"description\" content=\"U120 A grade U120 \u00e9 um sistema de grade envidra\u00e7ada que proporciona um design minimalista com ampla vis\u00e3o para terra\u00e7os modernos.Envidra\u00e7amento com vidros\" \/>\n<meta name=\"robots\" content=\"index, follow, max-snippet:-1, max-image-preview:large, max-video-preview:-1\" \/>\n<link rel=\"canonical\" href=\"https:\/\/galisur.es\/pt-pt\/todo-cristal\/u120\/\" \/>\n<meta property=\"og:locale\" content=\"pt_PT\" \/>\n<meta property=\"og:type\" content=\"article\" \/>\n<meta property=\"og:title\" content=\"U120 | Aluminios Galisur\" \/>\n<meta property=\"og:description\" content=\"U120 A grade U120 \u00e9 um sistema de grade envidra\u00e7ada que proporciona um design minimalista com ampla vis\u00e3o para terra\u00e7os modernos.Envidra\u00e7amento com vidros\" \/>\n<meta property=\"og:url\" content=\"https:\/\/galisur.es\/pt-pt\/todo-cristal\/u120\/\" \/>\n<meta property=\"og:site_name\" content=\"Aluminios Galisur\" \/>\n<meta property=\"article:publisher\" content=\"https:\/\/www.facebook.com\/AluminiosGalisur\" \/>\n<meta property=\"article:modified_time\" content=\"2025-06-24T14:25:24+00:00\" \/>\n<meta property=\"og:image\" content=\"https:\/\/galisur.es\/wp-content\/uploads\/U-120-BARANDILLA-R.jpg\" \/>\n<meta name=\"twitter:card\" content=\"summary_large_image\" \/>\n<meta name=\"twitter:site\" content=\"@AluminioGalisur\" \/>\n<meta name=\"twitter:label1\" content=\"Tempo estimado de leitura\" \/>\n\t<meta name=\"twitter:data1\" content=\"1 minuto\" \/>\n<script type=\"application\/ld+json\" class=\"yoast-schema-graph\">{\"@context\":\"https:\/\/schema.org\",\"@graph\":[{\"@type\":\"WebPage\",\"@id\":\"https:\/\/galisur.es\/pt-pt\/todo-cristal\/u120\/\",\"url\":\"https:\/\/galisur.es\/pt-pt\/todo-cristal\/u120\/\",\"name\":\"U120 | Aluminios Galisur\",\"isPartOf\":{\"@id\":\"https:\/\/galisur.es\/pt-pt\/#website\"},\"primaryImageOfPage\":{\"@id\":\"https:\/\/galisur.es\/pt-pt\/todo-cristal\/u120\/#primaryimage\"},\"image\":{\"@id\":\"https:\/\/galisur.es\/pt-pt\/todo-cristal\/u120\/#primaryimage\"},\"thumbnailUrl\":\"https:\/\/galisur.es\/wp-content\/uploads\/U-120-BARANDILLA-R.jpg\",\"datePublished\":\"2021-03-22T10:39:37+00:00\",\"dateModified\":\"2025-06-24T14:25:24+00:00\",\"description\":\"U120 A grade U120 \u00e9 um sistema de grade envidra\u00e7ada que proporciona um design minimalista com ampla vis\u00e3o para terra\u00e7os modernos.Envidra\u00e7amento com vidros\",\"breadcrumb\":{\"@id\":\"https:\/\/galisur.es\/pt-pt\/todo-cristal\/u120\/#breadcrumb\"},\"inLanguage\":\"pt-PT\",\"potentialAction\":[{\"@type\":\"ReadAction\",\"target\":[\"https:\/\/galisur.es\/pt-pt\/todo-cristal\/u120\/\"]}]},{\"@type\":\"ImageObject\",\"inLanguage\":\"pt-PT\",\"@id\":\"https:\/\/galisur.es\/pt-pt\/todo-cristal\/u120\/#primaryimage\",\"url\":\"https:\/\/galisur.es\/wp-content\/uploads\/U-120-BARANDILLA-R.jpg\",\"contentUrl\":\"https:\/\/galisur.es\/wp-content\/uploads\/U-120-BARANDILLA-R.jpg\"},{\"@type\":\"BreadcrumbList\",\"@id\":\"https:\/\/galisur.es\/pt-pt\/todo-cristal\/u120\/#breadcrumb\",\"itemListElement\":[{\"@type\":\"ListItem\",\"position\":1,\"name\":\"Portada\",\"item\":\"https:\/\/galisur.es\/pt-pt\/\"},{\"@type\":\"ListItem\",\"position\":2,\"name\":\"Todo Cristal\",\"item\":\"https:\/\/galisur.es\/pt-pt\/todo-cristal\/\"},{\"@type\":\"ListItem\",\"position\":3,\"name\":\"U120\"}]},{\"@type\":\"WebSite\",\"@id\":\"https:\/\/galisur.es\/pt-pt\/#website\",\"url\":\"https:\/\/galisur.es\/pt-pt\/\",\"name\":\"Aluminios Galisur\",\"description\":\"Aluminios Galisur\",\"publisher\":{\"@id\":\"https:\/\/galisur.es\/pt-pt\/#organization\"},\"potentialAction\":[{\"@type\":\"SearchAction\",\"target\":{\"@type\":\"EntryPoint\",\"urlTemplate\":\"https:\/\/galisur.es\/pt-pt\/?s={search_term_string}\"},\"query-input\":{\"@type\":\"PropertyValueSpecification\",\"valueRequired\":true,\"valueName\":\"search_term_string\"}}],\"inLanguage\":\"pt-PT\"},{\"@type\":\"Organization\",\"@id\":\"https:\/\/galisur.es\/pt-pt\/#organization\",\"name\":\"Galisur\",\"url\":\"https:\/\/galisur.es\/pt-pt\/\",\"logo\":{\"@type\":\"ImageObject\",\"inLanguage\":\"pt-PT\",\"@id\":\"https:\/\/galisur.es\/pt-pt\/#\/schema\/logo\/image\/\",\"url\":\"https:\/\/galisur.es\/wp-content\/files\/2021\/03\/logo-35x15-1.png\",\"contentUrl\":\"https:\/\/galisur.es\/wp-content\/files\/2021\/03\/logo-35x15-1.png\",\"width\":370,\"height\":176,\"caption\":\"Galisur\"},\"image\":{\"@id\":\"https:\/\/galisur.es\/pt-pt\/#\/schema\/logo\/image\/\"},\"sameAs\":[\"https:\/\/www.facebook.com\/AluminiosGalisur\",\"https:\/\/x.com\/AluminioGalisur\"]}]}<\/script>\n<!-- \/ Yoast SEO plugin. -->","yoast_head_json":{"title":"U120 | Aluminios Galisur","description":"U120 A grade U120 \u00e9 um sistema de grade envidra\u00e7ada que proporciona um design minimalista com ampla vis\u00e3o para terra\u00e7os modernos.Envidra\u00e7amento com vidros","robots":{"index":"index","follow":"follow","max-snippet":"max-snippet:-1","max-image-preview":"max-image-preview:large","max-video-preview":"max-video-preview:-1"},"canonical":"https:\/\/galisur.es\/pt-pt\/todo-cristal\/u120\/","og_locale":"pt_PT","og_type":"article","og_title":"U120 | Aluminios Galisur","og_description":"U120 A grade U120 \u00e9 um sistema de grade envidra\u00e7ada que proporciona um design minimalista com ampla vis\u00e3o para terra\u00e7os modernos.Envidra\u00e7amento com vidros","og_url":"https:\/\/galisur.es\/pt-pt\/todo-cristal\/u120\/","og_site_name":"Aluminios Galisur","article_publisher":"https:\/\/www.facebook.com\/AluminiosGalisur","article_modified_time":"2025-06-24T14:25:24+00:00","og_image":[{"url":"https:\/\/galisur.es\/wp-content\/uploads\/U-120-BARANDILLA-R.jpg","type":"","width":"","height":""}],"twitter_card":"summary_large_image","twitter_site":"@AluminioGalisur","twitter_misc":{"Tempo estimado de leitura":"1 minuto"},"schema":{"@context":"https:\/\/schema.org","@graph":[{"@type":"WebPage","@id":"https:\/\/galisur.es\/pt-pt\/todo-cristal\/u120\/","url":"https:\/\/galisur.es\/pt-pt\/todo-cristal\/u120\/","name":"U120 | Aluminios Galisur","isPartOf":{"@id":"https:\/\/galisur.es\/pt-pt\/#website"},"primaryImageOfPage":{"@id":"https:\/\/galisur.es\/pt-pt\/todo-cristal\/u120\/#primaryimage"},"image":{"@id":"https:\/\/galisur.es\/pt-pt\/todo-cristal\/u120\/#primaryimage"},"thumbnailUrl":"https:\/\/galisur.es\/wp-content\/uploads\/U-120-BARANDILLA-R.jpg","datePublished":"2021-03-22T10:39:37+00:00","dateModified":"2025-06-24T14:25:24+00:00","description":"U120 A grade U120 \u00e9 um sistema de grade envidra\u00e7ada que proporciona um design minimalista com ampla vis\u00e3o para terra\u00e7os modernos.Envidra\u00e7amento com vidros","breadcrumb":{"@id":"https:\/\/galisur.es\/pt-pt\/todo-cristal\/u120\/#breadcrumb"},"inLanguage":"pt-PT","potentialAction":[{"@type":"ReadAction","target":["https:\/\/galisur.es\/pt-pt\/todo-cristal\/u120\/"]}]},{"@type":"ImageObject","inLanguage":"pt-PT","@id":"https:\/\/galisur.es\/pt-pt\/todo-cristal\/u120\/#primaryimage","url":"https:\/\/galisur.es\/wp-content\/uploads\/U-120-BARANDILLA-R.jpg","contentUrl":"https:\/\/galisur.es\/wp-content\/uploads\/U-120-BARANDILLA-R.jpg"},{"@type":"BreadcrumbList","@id":"https:\/\/galisur.es\/pt-pt\/todo-cristal\/u120\/#breadcrumb","itemListElement":[{"@type":"ListItem","position":1,"name":"Portada","item":"https:\/\/galisur.es\/pt-pt\/"},{"@type":"ListItem","position":2,"name":"Todo Cristal","item":"https:\/\/galisur.es\/pt-pt\/todo-cristal\/"},{"@type":"ListItem","position":3,"name":"U120"}]},{"@type":"WebSite","@id":"https:\/\/galisur.es\/pt-pt\/#website","url":"https:\/\/galisur.es\/pt-pt\/","name":"Aluminios Galisur","description":"Aluminios Galisur","publisher":{"@id":"https:\/\/galisur.es\/pt-pt\/#organization"},"potentialAction":[{"@type":"SearchAction","target":{"@type":"EntryPoint","urlTemplate":"https:\/\/galisur.es\/pt-pt\/?s={search_term_string}"},"query-input":{"@type":"PropertyValueSpecification","valueRequired":true,"valueName":"search_term_string"}}],"inLanguage":"pt-PT"},{"@type":"Organization","@id":"https:\/\/galisur.es\/pt-pt\/#organization","name":"Galisur","url":"https:\/\/galisur.es\/pt-pt\/","logo":{"@type":"ImageObject","inLanguage":"pt-PT","@id":"https:\/\/galisur.es\/pt-pt\/#\/schema\/logo\/image\/","url":"https:\/\/galisur.es\/wp-content\/files\/2021\/03\/logo-35x15-1.png","contentUrl":"https:\/\/galisur.es\/wp-content\/files\/2021\/03\/logo-35x15-1.png","width":370,"height":176,"caption":"Galisur"},"image":{"@id":"https:\/\/galisur.es\/pt-pt\/#\/schema\/logo\/image\/"},"sameAs":["https:\/\/www.facebook.com\/AluminiosGalisur","https:\/\/x.com\/AluminioGalisur"]}]}},"_links":{"self":[{"href":"https:\/\/galisur.es\/pt-pt\/wp-json\/wp\/v2\/pages\/17585","targetHints":{"allow":["GET"]}}],"collection":[{"href":"https:\/\/galisur.es\/pt-pt\/wp-json\/wp\/v2\/pages"}],"about":[{"href":"https:\/\/galisur.es\/pt-pt\/wp-json\/wp\/v2\/types\/page"}],"author":[{"embeddable":true,"href":"https:\/\/galisur.es\/pt-pt\/wp-json\/wp\/v2\/users\/1998"}],"replies":[{"embeddable":true,"href":"https:\/\/galisur.es\/pt-pt\/wp-json\/wp\/v2\/comments?post=17585"}],"version-history":[{"count":1,"href":"https:\/\/galisur.es\/pt-pt\/wp-json\/wp\/v2\/pages\/17585\/revisions"}],"predecessor-version":[{"id":17586,"href":"https:\/\/galisur.es\/pt-pt\/wp-json\/wp\/v2\/pages\/17585\/revisions\/17586"}],"up":[{"embeddable":true,"href":"https:\/\/galisur.es\/pt-pt\/wp-json\/wp\/v2\/pages\/17569"}],"wp:attachment":[{"href":"https:\/\/galisur.es\/pt-pt\/wp-json\/wp\/v2\/media?parent=17585"}],"curies":[{"name":"wp","href":"https:\/\/api.w.org\/{rel}","templated":true}]}}