{"id":17575,"date":"2021-03-24T14:24:27","date_gmt":"2021-03-24T13:24:27","guid":{"rendered":"https:\/\/nervous-gagarin.141-94-206-129.plesk.page\/todo-cristal\/cc83\/"},"modified":"2025-06-24T16:14:31","modified_gmt":"2025-06-24T14:14:31","slug":"cc83","status":"publish","type":"page","link":"https:\/\/galisur.es\/pt-pt\/todo-cristal\/cc83\/","title":{"rendered":"CC83"},"content":{"rendered":"\t\t<div data-elementor-type=\"wp-page\" data-elementor-id=\"17575\" class=\"elementor elementor-17575 elementor-7133\" data-elementor-post-type=\"page\">\n\t\t\t\t<div class=\"elementor-element elementor-element-950524b e-flex e-con-boxed e-con e-parent\" data-id=\"950524b\" data-element_type=\"container\" data-e-type=\"container\">\n\t\t\t\t\t<div class=\"e-con-inner\">\n\t\t<div class=\"elementor-element elementor-element-9ebb2e2 e-con-full e-flex e-con e-child\" data-id=\"9ebb2e2\" data-element_type=\"container\" data-e-type=\"container\">\n\t\t\t\t<div class=\"elementor-element elementor-element-3f94a26 elementor-widget elementor-widget-image\" data-id=\"3f94a26\" data-element_type=\"widget\" data-e-type=\"widget\" data-widget_type=\"image.default\">\n\t\t\t\t\t\t\t\t\t\t\t\t\t\t\t<img fetchpriority=\"high\" decoding=\"async\" width=\"1200\" height=\"1200\" src=\"https:\/\/galisur.es\/wp-content\/files\/CC83-crema.png\" class=\"attachment-full size-full wp-image-16668\" alt=\"\" srcset=\"https:\/\/galisur.es\/wp-content\/files\/CC83-crema.png 1200w, https:\/\/galisur.es\/wp-content\/files\/CC83-crema-300x300.png 300w, https:\/\/galisur.es\/wp-content\/files\/CC83-crema-1024x1024.png 1024w, https:\/\/galisur.es\/wp-content\/files\/CC83-crema-150x150.png 150w, https:\/\/galisur.es\/wp-content\/files\/CC83-crema-768x768.png 768w, https:\/\/galisur.es\/wp-content\/files\/CC83-crema-800x800.png 800w\" sizes=\"(max-width: 1200px) 100vw, 1200px\" title=\"\">\t\t\t\t\t\t\t\t\t\t\t\t\t\t\t<\/div>\n\t\t\t\t<\/div>\n\t\t<div class=\"elementor-element elementor-element-adcad81 e-con-full e-flex e-con e-child\" data-id=\"adcad81\" data-element_type=\"container\" data-e-type=\"container\">\n\t\t\t\t<div class=\"elementor-element elementor-element-f5a59cc elementor-widget elementor-widget-heading\" data-id=\"f5a59cc\" data-element_type=\"widget\" data-e-type=\"widget\" data-widget_type=\"heading.default\">\n\t\t\t\t\t<h1 class=\"elementor-heading-title elementor-size-default\">CC83 INTERIOR<\/h1>\t\t\t\t<\/div>\n\t\t\t\t<div class=\"elementor-element elementor-element-dd1bc70 elementor-widget elementor-widget-text-editor\" data-id=\"dd1bc70\" data-element_type=\"widget\" data-e-type=\"widget\" data-widget_type=\"text-editor.default\">\n\t\t\t\t\t\t\t\t\t<p>Sistema deslizante exterior de corte reto com 82 mm de moldura nos trilhos. Vidros temperados de 10 mm. 5+5 laminados. Ferragens com fecho multiponto. Juntas de estanqueidade com felpudos de l\u00e2mina garantindo a qualidade do fecho.    <\/p><p>Op\u00e7\u00f5es:<\/p><ul><li aria-level=\"1\">Op\u00e7\u00e3o moldura inferior plana<\/li><li aria-level=\"1\">Faixas suplementares<\/li><li aria-level=\"1\">Bloqueio das folhas interm\u00e9dias atrav\u00e9s de pontos de fecho com chave.<\/li><li aria-level=\"1\">Folha lateral com multiponto compat\u00edvel com diferentes designs de ma\u00e7anetas e puxadores<\/li><\/ul>\t\t\t\t\t\t\t\t<\/div>\n\t\t\t\t<\/div>\n\t\t\t\t\t<\/div>\n\t\t\t\t<\/div>\n\t\t<div class=\"elementor-element elementor-element-6a4c874 e-flex e-con-boxed e-con e-parent\" data-id=\"6a4c874\" data-element_type=\"container\" data-e-type=\"container\" data-settings=\"{&quot;background_background&quot;:&quot;classic&quot;}\">\n\t\t\t\t\t<div class=\"e-con-inner\">\n\t\t<div class=\"elementor-element elementor-element-3538b69 e-con-full e-flex e-con e-child\" data-id=\"3538b69\" data-element_type=\"container\" data-e-type=\"container\">\n\t\t\t\t<div class=\"elementor-element elementor-element-f2313b5 elementor-widget elementor-widget-heading\" data-id=\"f2313b5\" data-element_type=\"widget\" data-e-type=\"widget\" data-widget_type=\"heading.default\">\n\t\t\t\t\t<p class=\"elementor-heading-title elementor-size-default\">Ficha t\u00e9cnica<\/p>\t\t\t\t<\/div>\n\t\t\t\t<div class=\"elementor-element elementor-element-738a393 elementor-widget elementor-widget-text-editor\" data-id=\"738a393\" data-element_type=\"widget\" data-e-type=\"widget\" data-widget_type=\"text-editor.default\">\n\t\t\t\t\t\t\t\t\t<p><a href=\"https:\/\/galisur.es\/pt-pt\/registo\/\">Registe-se aqui<\/a> para aceder ao documento.<\/p>\t\t\t\t\t\t\t\t<\/div>\n\t\t\t\t<\/div>\n\t\t<div class=\"elementor-element elementor-element-1a2dd2e e-con-full e-flex e-con e-child\" data-id=\"1a2dd2e\" data-element_type=\"container\" data-e-type=\"container\">\n\t\t\t\t<div class=\"elementor-element elementor-element-d67fcd7 elementor-widget elementor-widget-heading\" data-id=\"d67fcd7\" data-element_type=\"widget\" data-e-type=\"widget\" data-widget_type=\"heading.default\">\n\t\t\t\t\t<p class=\"elementor-heading-title elementor-size-default\">Cat\u00e1logo<\/p>\t\t\t\t<\/div>\n\t\t\t\t<div class=\"elementor-element elementor-element-5a03c17 elementor-widget elementor-widget-text-editor\" data-id=\"5a03c17\" data-element_type=\"widget\" data-e-type=\"widget\" data-widget_type=\"text-editor.default\">\n\t\t\t\t\t\t\t\t\t<p><a href=\"https:\/\/galisur.es\/pt-pt\/registo\/\">Registe-se aqui<\/a> para aceder ao documento.<\/p>\t\t\t\t\t\t\t\t<\/div>\n\t\t\t\t<\/div>\n\t\t\t\t\t<\/div>\n\t\t\t\t<\/div>\n\t\t<div class=\"elementor-element elementor-element-560fd26 e-flex e-con-boxed e-con e-parent\" data-id=\"560fd26\" data-element_type=\"container\" data-e-type=\"container\">\n\t\t\t\t\t<div class=\"e-con-inner\">\n\t\t<div class=\"elementor-element elementor-element-7d6eba2 e-con-full e-flex e-con e-child\" data-id=\"7d6eba2\" data-element_type=\"container\" data-e-type=\"container\">\n\t\t\t\t<div class=\"elementor-element elementor-element-fae1efa elementor-widget elementor-widget-image\" data-id=\"fae1efa\" data-element_type=\"widget\" data-e-type=\"widget\" data-widget_type=\"image.default\">\n\t\t\t\t\t\t\t\t\t\t\t\t\t\t\t<img decoding=\"async\" width=\"1200\" height=\"1200\" src=\"https:\/\/galisur.es\/wp-content\/files\/CC83-detalle-crema.png\" class=\"attachment-full size-full wp-image-16672\" alt=\"\" srcset=\"https:\/\/galisur.es\/wp-content\/files\/CC83-detalle-crema.png 1200w, https:\/\/galisur.es\/wp-content\/files\/CC83-detalle-crema-300x300.png 300w, https:\/\/galisur.es\/wp-content\/files\/CC83-detalle-crema-1024x1024.png 1024w, https:\/\/galisur.es\/wp-content\/files\/CC83-detalle-crema-150x150.png 150w, https:\/\/galisur.es\/wp-content\/files\/CC83-detalle-crema-768x768.png 768w, https:\/\/galisur.es\/wp-content\/files\/CC83-detalle-crema-800x800.png 800w\" sizes=\"(max-width: 1200px) 100vw, 1200px\" title=\"\">\t\t\t\t\t\t\t\t\t\t\t\t\t\t\t<\/div>\n\t\t\t\t<\/div>\n\t\t<div class=\"elementor-element elementor-element-0616c90 e-con-full e-flex e-con e-child\" data-id=\"0616c90\" data-element_type=\"container\" data-e-type=\"container\">\n\t\t\t\t<div class=\"elementor-element elementor-element-df82ba4 elementor-widget elementor-widget-heading\" data-id=\"df82ba4\" data-element_type=\"widget\" data-e-type=\"widget\" data-widget_type=\"heading.default\">\n\t\t\t\t\t<h2 class=\"elementor-heading-title elementor-size-default\">Classifica\u00e7\u00e3o dos ensaios<\/h2>\t\t\t\t<\/div>\n\t\t\t\t<div class=\"elementor-element elementor-element-5544db1 elementor-widget elementor-widget-n-accordion\" data-id=\"5544db1\" data-element_type=\"widget\" data-e-type=\"widget\" data-settings=\"{&quot;default_state&quot;:&quot;expanded&quot;,&quot;max_items_expended&quot;:&quot;one&quot;,&quot;n_accordion_animation_duration&quot;:{&quot;unit&quot;:&quot;ms&quot;,&quot;size&quot;:400,&quot;sizes&quot;:[]}}\" data-widget_type=\"nested-accordion.default\">\n\t\t\t\t\t\t\t<div class=\"e-n-accordion\" aria-label=\"Accordion. Open links with Enter or Space, close with Escape, and navigate with Arrow Keys\">\n\t\t\t\t\t\t<details id=\"e-n-accordion-item-8940\" class=\"e-n-accordion-item\" open>\n\t\t\t\t<summary class=\"e-n-accordion-item-title\" data-accordion-index=\"1\" tabindex=\"0\" aria-expanded=\"true\" aria-controls=\"e-n-accordion-item-8940\" >\n\t\t\t\t\t<span class='e-n-accordion-item-title-header'><div class=\"e-n-accordion-item-title-text\"> Resist\u00eancia ao vento <\/div><\/span>\n\t\t\t\t\t\t\t<span class='e-n-accordion-item-title-icon'>\n\t\t\t<span class='e-opened' ><svg aria-hidden=\"true\" class=\"e-font-icon-svg e-fas-minus\" viewBox=\"0 0 448 512\" xmlns=\"http:\/\/www.w3.org\/2000\/svg\"><path d=\"M416 208H32c-17.67 0-32 14.33-32 32v32c0 17.67 14.33 32 32 32h384c17.67 0 32-14.33 32-32v-32c0-17.67-14.33-32-32-32z\"><\/path><\/svg><\/span>\n\t\t\t<span class='e-closed'><svg aria-hidden=\"true\" class=\"e-font-icon-svg e-fas-plus\" viewBox=\"0 0 448 512\" xmlns=\"http:\/\/www.w3.org\/2000\/svg\"><path d=\"M416 208H272V64c0-17.67-14.33-32-32-32h-32c-17.67 0-32 14.33-32 32v144H32c-17.67 0-32 14.33-32 32v32c0 17.67 14.33 32 32 32h144v144c0 17.67 14.33 32 32 32h32c17.67 0 32-14.33 32-32V304h144c17.67 0 32-14.33 32-32v-32c0-17.67-14.33-32-32-32z\"><\/path><\/svg><\/span>\n\t\t<\/span>\n\n\t\t\t\t\t\t<\/summary>\n\t\t\t\t<div role=\"region\" aria-labelledby=\"e-n-accordion-item-8940\" class=\"elementor-element elementor-element-5f89ba5 e-con-full e-flex e-con e-child\" data-id=\"5f89ba5\" data-element_type=\"container\" data-e-type=\"container\">\n\t\t\t\t<div class=\"elementor-element elementor-element-105ff20 elementor-widget elementor-widget-text-editor\" data-id=\"105ff20\" data-element_type=\"widget\" data-e-type=\"widget\" data-widget_type=\"text-editor.default\">\n\t\t\t\t\t\t\t\t\t<p dir=\"ltr\">Resist\u00eancia \u00e0s cargas do vento<\/p><p dir=\"ltr\">Classe 5 (UNE-EN 1932:2014)<\/p>\t\t\t\t\t\t\t\t<\/div>\n\t\t\t\t<\/div>\n\t\t\t\t\t<\/details>\n\t\t\t\t\t<\/div>\n\t\t\t\t\t\t<\/div>\n\t\t\t\t<\/div>\n\t\t\t\t\t<\/div>\n\t\t\t\t<\/div>\n\t\t<div class=\"elementor-element elementor-element-7ad01f1 e-flex e-con-boxed e-con e-parent\" data-id=\"7ad01f1\" data-element_type=\"container\" data-e-type=\"container\">\n\t\t\t\t\t<div class=\"e-con-inner\">\n\t\t<div class=\"elementor-element elementor-element-bd161fa e-con-full e-flex e-con e-child\" data-id=\"bd161fa\" data-element_type=\"container\" data-e-type=\"container\">\n\t\t\t\t<div class=\"elementor-element elementor-element-8136488 elementor-widget elementor-widget-heading\" data-id=\"8136488\" data-element_type=\"widget\" data-e-type=\"widget\" data-widget_type=\"heading.default\">\n\t\t\t\t\t<h3 class=\"elementor-heading-title elementor-size-default\">Op\u00e7\u00f5es de abertura<\/h3>\t\t\t\t<\/div>\n\t\t\t\t<div class=\"elementor-element elementor-element-5fb2bec elementor-widget elementor-widget-image\" data-id=\"5fb2bec\" data-element_type=\"widget\" data-e-type=\"widget\" data-widget_type=\"image.default\">\n\t\t\t\t\t\t\t\t\t\t\t\t\t\t\t\t<a href=\"https:\/\/galisur.es\/wp-content\/uploads\/2021\/05\/CC83-posibilidades-de-apertura.png\" data-elementor-open-lightbox=\"yes\" data-elementor-lightbox-title=\"CC83-posibilidades-de-apertura\" data-e-action-hash=\"#elementor-action%3Aaction%3Dlightbox%26settings%3DeyJpZCI6MTQ4MzIsInVybCI6Imh0dHBzOlwvXC9nYWxpc3VyLmVzXC93cC1jb250ZW50XC9maWxlc1wvMjAyMVwvMDVcL0NDODMtcG9zaWJpbGlkYWRlcy1kZS1hcGVydHVyYS5wbmcifQ%3D%3D\">\n\t\t\t\t\t\t\t<img decoding=\"async\" width=\"800\" height=\"250\" src=\"https:\/\/galisur.es\/wp-content\/files\/2021\/05\/CC83-posibilidades-de-apertura.png\" class=\"attachment-full size-full wp-image-14832\" alt=\"\" srcset=\"https:\/\/galisur.es\/wp-content\/files\/2021\/05\/CC83-posibilidades-de-apertura.png 800w, https:\/\/galisur.es\/wp-content\/files\/2021\/05\/CC83-posibilidades-de-apertura-300x94.png 300w, https:\/\/galisur.es\/wp-content\/files\/2021\/05\/CC83-posibilidades-de-apertura-768x240.png 768w\" sizes=\"(max-width: 800px) 100vw, 800px\" title=\"\">\t\t\t\t\t\t\t\t<\/a>\n\t\t\t\t\t\t\t\t\t\t\t\t\t\t\t<\/div>\n\t\t\t\t<\/div>\n\t\t<div class=\"elementor-element elementor-element-4099953 e-con-full e-flex e-con e-child\" data-id=\"4099953\" data-element_type=\"container\" data-e-type=\"container\">\n\t\t\t\t<div class=\"elementor-element elementor-element-5dfd728 elementor-widget elementor-widget-heading\" data-id=\"5dfd728\" data-element_type=\"widget\" data-e-type=\"widget\" data-widget_type=\"heading.default\">\n\t\t\t\t\t<h3 class=\"elementor-heading-title elementor-size-default\">Dimens\u00f5es recomendadas<\/h3>\t\t\t\t<\/div>\n\t\t\t\t<div class=\"elementor-element elementor-element-44f01ab elementor-widget elementor-widget-image\" data-id=\"44f01ab\" data-element_type=\"widget\" data-e-type=\"widget\" data-widget_type=\"image.default\">\n\t\t\t\t\t\t\t\t\t\t\t\t\t\t\t<img loading=\"lazy\" decoding=\"async\" width=\"800\" height=\"250\" src=\"https:\/\/galisur.es\/wp-content\/files\/2021\/05\/CC83-dimensiones-recomendadas.png\" class=\"attachment-full size-full wp-image-14836\" alt=\"\" srcset=\"https:\/\/galisur.es\/wp-content\/files\/2021\/05\/CC83-dimensiones-recomendadas.png 800w, https:\/\/galisur.es\/wp-content\/files\/2021\/05\/CC83-dimensiones-recomendadas-300x94.png 300w, https:\/\/galisur.es\/wp-content\/files\/2021\/05\/CC83-dimensiones-recomendadas-768x240.png 768w\" sizes=\"(max-width: 800px) 100vw, 800px\" title=\"\">\t\t\t\t\t\t\t\t\t\t\t\t\t\t\t<\/div>\n\t\t\t\t<\/div>\n\t\t\t\t\t<\/div>\n\t\t\t\t<\/div>\n\t\t<div class=\"elementor-element elementor-element-0492225 e-flex e-con-boxed e-con e-parent\" data-id=\"0492225\" data-element_type=\"container\" data-e-type=\"container\" data-settings=\"{&quot;background_background&quot;:&quot;classic&quot;}\">\n\t\t\t\t\t<div class=\"e-con-inner\">\n\t\t\t\t<div class=\"elementor-element elementor-element-78363e2 elementor-widget elementor-widget-heading\" data-id=\"78363e2\" data-element_type=\"widget\" data-e-type=\"widget\" data-widget_type=\"heading.default\">\n\t\t\t\t\t<h3 class=\"elementor-heading-title elementor-size-default\">Benef\u00edcios<\/h3>\t\t\t\t<\/div>\n\t\t\t\t<div class=\"elementor-element elementor-element-6f4fec2 elementor-widget elementor-widget-text-editor\" data-id=\"6f4fec2\" data-element_type=\"widget\" data-e-type=\"widget\" data-widget_type=\"text-editor.default\">\n\t\t\t\t\t\t\t\t\t<p>Este sistema deslizante de vidro da Aluminios Galisur foi concebido para realizar encerramentos em terra\u00e7os, varandas, alpendres e como complemento de p\u00e9rgulas e telhados m\u00f3veis. Esta carpintaria de perfis de rodagem n\u00e3o cont\u00ednua em rela\u00e7\u00e3o \u00e0 guia inferior garante uma r\u00e1pida drenagem da \u00e1gua da chuva. F\u00e1cil montagem e integra\u00e7\u00e3o com o acabamento da obra. Os cantos verticais em PVC \u00abSun Resistant\u00bb permitem a m\u00e1xima visibilidade e conforto. Com m\u00faltiplas configura\u00e7\u00f5es de aberturas e possibilidades de bloqueio.    <\/p>\t\t\t\t\t\t\t\t<\/div>\n\t\t\t\t\t<\/div>\n\t\t\t\t<\/div>\n\t\t\t\t<\/div>\n\t\t","protected":false},"excerpt":{"rendered":"<p>CC83 INTERIOR Sistema deslizante exterior de corte reto com 82 mm de moldura nos trilhos. Vidros temperados de 10 mm. 5+5 laminados. Ferragens com fecho multiponto. Juntas de estanqueidade com felpudos de l\u00e2mina garantindo a qualidade do fecho. Op\u00e7\u00f5es: Op\u00e7\u00e3o moldura inferior plana Faixas suplementares Bloqueio das folhas interm\u00e9dias atrav\u00e9s de pontos de fecho com [&hellip;]<\/p>\n","protected":false},"author":1998,"featured_media":0,"parent":17569,"menu_order":0,"comment_status":"closed","ping_status":"closed","template":"","meta":{"footnotes":""},"class_list":["post-17575","page","type-page","status-publish","hentry"],"yoast_head":"<!-- This site is optimized with the Yoast SEO plugin v27.2 - https:\/\/yoast.com\/product\/yoast-seo-wordpress\/ -->\n<title>CC83 | Aluminios Galisur<\/title>\n<meta name=\"description\" content=\"CC83 INTERIOR Sistema deslizante exterior de corte reto com 82 mm de moldura nos trilhos. Vidros temperados de 10 mm. 5+5 laminados. Ferragens com fecho\" \/>\n<meta name=\"robots\" content=\"index, follow, max-snippet:-1, max-image-preview:large, max-video-preview:-1\" \/>\n<link rel=\"canonical\" href=\"https:\/\/galisur.es\/pt-pt\/todo-cristal\/cc83\/\" \/>\n<meta property=\"og:locale\" content=\"pt_PT\" \/>\n<meta property=\"og:type\" content=\"article\" \/>\n<meta property=\"og:title\" content=\"CC83 | Aluminios Galisur\" \/>\n<meta property=\"og:description\" content=\"CC83 INTERIOR Sistema deslizante exterior de corte reto com 82 mm de moldura nos trilhos. Vidros temperados de 10 mm. 5+5 laminados. Ferragens com fecho\" \/>\n<meta property=\"og:url\" content=\"https:\/\/galisur.es\/pt-pt\/todo-cristal\/cc83\/\" \/>\n<meta property=\"og:site_name\" content=\"Aluminios Galisur\" \/>\n<meta property=\"article:publisher\" content=\"https:\/\/www.facebook.com\/AluminiosGalisur\" \/>\n<meta property=\"article:modified_time\" content=\"2025-06-24T14:14:31+00:00\" \/>\n<meta property=\"og:image\" content=\"https:\/\/galisur.es\/wp-content\/uploads\/CC83-crema.png\" \/>\n<meta name=\"twitter:card\" content=\"summary_large_image\" \/>\n<meta name=\"twitter:site\" content=\"@AluminioGalisur\" \/>\n<meta name=\"twitter:label1\" content=\"Tempo estimado de leitura\" \/>\n\t<meta name=\"twitter:data1\" content=\"1 minuto\" \/>\n<script type=\"application\/ld+json\" class=\"yoast-schema-graph\">{\"@context\":\"https:\/\/schema.org\",\"@graph\":[{\"@type\":\"WebPage\",\"@id\":\"https:\/\/galisur.es\/pt-pt\/todo-cristal\/cc83\/\",\"url\":\"https:\/\/galisur.es\/pt-pt\/todo-cristal\/cc83\/\",\"name\":\"CC83 | Aluminios Galisur\",\"isPartOf\":{\"@id\":\"https:\/\/galisur.es\/pt-pt\/#website\"},\"primaryImageOfPage\":{\"@id\":\"https:\/\/galisur.es\/pt-pt\/todo-cristal\/cc83\/#primaryimage\"},\"image\":{\"@id\":\"https:\/\/galisur.es\/pt-pt\/todo-cristal\/cc83\/#primaryimage\"},\"thumbnailUrl\":\"https:\/\/galisur.es\/wp-content\/uploads\/CC83-crema.png\",\"datePublished\":\"2021-03-24T13:24:27+00:00\",\"dateModified\":\"2025-06-24T14:14:31+00:00\",\"description\":\"CC83 INTERIOR Sistema deslizante exterior de corte reto com 82 mm de moldura nos trilhos. Vidros temperados de 10 mm. 5+5 laminados. Ferragens com fecho\",\"breadcrumb\":{\"@id\":\"https:\/\/galisur.es\/pt-pt\/todo-cristal\/cc83\/#breadcrumb\"},\"inLanguage\":\"pt-PT\",\"potentialAction\":[{\"@type\":\"ReadAction\",\"target\":[\"https:\/\/galisur.es\/pt-pt\/todo-cristal\/cc83\/\"]}]},{\"@type\":\"ImageObject\",\"inLanguage\":\"pt-PT\",\"@id\":\"https:\/\/galisur.es\/pt-pt\/todo-cristal\/cc83\/#primaryimage\",\"url\":\"https:\/\/galisur.es\/wp-content\/uploads\/CC83-crema.png\",\"contentUrl\":\"https:\/\/galisur.es\/wp-content\/uploads\/CC83-crema.png\"},{\"@type\":\"BreadcrumbList\",\"@id\":\"https:\/\/galisur.es\/pt-pt\/todo-cristal\/cc83\/#breadcrumb\",\"itemListElement\":[{\"@type\":\"ListItem\",\"position\":1,\"name\":\"Portada\",\"item\":\"https:\/\/galisur.es\/pt-pt\/\"},{\"@type\":\"ListItem\",\"position\":2,\"name\":\"Todo Cristal\",\"item\":\"https:\/\/galisur.es\/pt-pt\/todo-cristal\/\"},{\"@type\":\"ListItem\",\"position\":3,\"name\":\"CC83\"}]},{\"@type\":\"WebSite\",\"@id\":\"https:\/\/galisur.es\/pt-pt\/#website\",\"url\":\"https:\/\/galisur.es\/pt-pt\/\",\"name\":\"Aluminios Galisur\",\"description\":\"Aluminios Galisur\",\"publisher\":{\"@id\":\"https:\/\/galisur.es\/pt-pt\/#organization\"},\"potentialAction\":[{\"@type\":\"SearchAction\",\"target\":{\"@type\":\"EntryPoint\",\"urlTemplate\":\"https:\/\/galisur.es\/pt-pt\/?s={search_term_string}\"},\"query-input\":{\"@type\":\"PropertyValueSpecification\",\"valueRequired\":true,\"valueName\":\"search_term_string\"}}],\"inLanguage\":\"pt-PT\"},{\"@type\":\"Organization\",\"@id\":\"https:\/\/galisur.es\/pt-pt\/#organization\",\"name\":\"Galisur\",\"url\":\"https:\/\/galisur.es\/pt-pt\/\",\"logo\":{\"@type\":\"ImageObject\",\"inLanguage\":\"pt-PT\",\"@id\":\"https:\/\/galisur.es\/pt-pt\/#\/schema\/logo\/image\/\",\"url\":\"https:\/\/galisur.es\/wp-content\/files\/2021\/03\/logo-35x15-1.png\",\"contentUrl\":\"https:\/\/galisur.es\/wp-content\/files\/2021\/03\/logo-35x15-1.png\",\"width\":370,\"height\":176,\"caption\":\"Galisur\"},\"image\":{\"@id\":\"https:\/\/galisur.es\/pt-pt\/#\/schema\/logo\/image\/\"},\"sameAs\":[\"https:\/\/www.facebook.com\/AluminiosGalisur\",\"https:\/\/x.com\/AluminioGalisur\"]}]}<\/script>\n<!-- \/ Yoast SEO plugin. -->","yoast_head_json":{"title":"CC83 | Aluminios Galisur","description":"CC83 INTERIOR Sistema deslizante exterior de corte reto com 82 mm de moldura nos trilhos. Vidros temperados de 10 mm. 5+5 laminados. Ferragens com fecho","robots":{"index":"index","follow":"follow","max-snippet":"max-snippet:-1","max-image-preview":"max-image-preview:large","max-video-preview":"max-video-preview:-1"},"canonical":"https:\/\/galisur.es\/pt-pt\/todo-cristal\/cc83\/","og_locale":"pt_PT","og_type":"article","og_title":"CC83 | Aluminios Galisur","og_description":"CC83 INTERIOR Sistema deslizante exterior de corte reto com 82 mm de moldura nos trilhos. Vidros temperados de 10 mm. 5+5 laminados. Ferragens com fecho","og_url":"https:\/\/galisur.es\/pt-pt\/todo-cristal\/cc83\/","og_site_name":"Aluminios Galisur","article_publisher":"https:\/\/www.facebook.com\/AluminiosGalisur","article_modified_time":"2025-06-24T14:14:31+00:00","og_image":[{"url":"https:\/\/galisur.es\/wp-content\/uploads\/CC83-crema.png","type":"","width":"","height":""}],"twitter_card":"summary_large_image","twitter_site":"@AluminioGalisur","twitter_misc":{"Tempo estimado de leitura":"1 minuto"},"schema":{"@context":"https:\/\/schema.org","@graph":[{"@type":"WebPage","@id":"https:\/\/galisur.es\/pt-pt\/todo-cristal\/cc83\/","url":"https:\/\/galisur.es\/pt-pt\/todo-cristal\/cc83\/","name":"CC83 | Aluminios Galisur","isPartOf":{"@id":"https:\/\/galisur.es\/pt-pt\/#website"},"primaryImageOfPage":{"@id":"https:\/\/galisur.es\/pt-pt\/todo-cristal\/cc83\/#primaryimage"},"image":{"@id":"https:\/\/galisur.es\/pt-pt\/todo-cristal\/cc83\/#primaryimage"},"thumbnailUrl":"https:\/\/galisur.es\/wp-content\/uploads\/CC83-crema.png","datePublished":"2021-03-24T13:24:27+00:00","dateModified":"2025-06-24T14:14:31+00:00","description":"CC83 INTERIOR Sistema deslizante exterior de corte reto com 82 mm de moldura nos trilhos. Vidros temperados de 10 mm. 5+5 laminados. Ferragens com fecho","breadcrumb":{"@id":"https:\/\/galisur.es\/pt-pt\/todo-cristal\/cc83\/#breadcrumb"},"inLanguage":"pt-PT","potentialAction":[{"@type":"ReadAction","target":["https:\/\/galisur.es\/pt-pt\/todo-cristal\/cc83\/"]}]},{"@type":"ImageObject","inLanguage":"pt-PT","@id":"https:\/\/galisur.es\/pt-pt\/todo-cristal\/cc83\/#primaryimage","url":"https:\/\/galisur.es\/wp-content\/uploads\/CC83-crema.png","contentUrl":"https:\/\/galisur.es\/wp-content\/uploads\/CC83-crema.png"},{"@type":"BreadcrumbList","@id":"https:\/\/galisur.es\/pt-pt\/todo-cristal\/cc83\/#breadcrumb","itemListElement":[{"@type":"ListItem","position":1,"name":"Portada","item":"https:\/\/galisur.es\/pt-pt\/"},{"@type":"ListItem","position":2,"name":"Todo Cristal","item":"https:\/\/galisur.es\/pt-pt\/todo-cristal\/"},{"@type":"ListItem","position":3,"name":"CC83"}]},{"@type":"WebSite","@id":"https:\/\/galisur.es\/pt-pt\/#website","url":"https:\/\/galisur.es\/pt-pt\/","name":"Aluminios Galisur","description":"Aluminios Galisur","publisher":{"@id":"https:\/\/galisur.es\/pt-pt\/#organization"},"potentialAction":[{"@type":"SearchAction","target":{"@type":"EntryPoint","urlTemplate":"https:\/\/galisur.es\/pt-pt\/?s={search_term_string}"},"query-input":{"@type":"PropertyValueSpecification","valueRequired":true,"valueName":"search_term_string"}}],"inLanguage":"pt-PT"},{"@type":"Organization","@id":"https:\/\/galisur.es\/pt-pt\/#organization","name":"Galisur","url":"https:\/\/galisur.es\/pt-pt\/","logo":{"@type":"ImageObject","inLanguage":"pt-PT","@id":"https:\/\/galisur.es\/pt-pt\/#\/schema\/logo\/image\/","url":"https:\/\/galisur.es\/wp-content\/files\/2021\/03\/logo-35x15-1.png","contentUrl":"https:\/\/galisur.es\/wp-content\/files\/2021\/03\/logo-35x15-1.png","width":370,"height":176,"caption":"Galisur"},"image":{"@id":"https:\/\/galisur.es\/pt-pt\/#\/schema\/logo\/image\/"},"sameAs":["https:\/\/www.facebook.com\/AluminiosGalisur","https:\/\/x.com\/AluminioGalisur"]}]}},"_links":{"self":[{"href":"https:\/\/galisur.es\/pt-pt\/wp-json\/wp\/v2\/pages\/17575","targetHints":{"allow":["GET"]}}],"collection":[{"href":"https:\/\/galisur.es\/pt-pt\/wp-json\/wp\/v2\/pages"}],"about":[{"href":"https:\/\/galisur.es\/pt-pt\/wp-json\/wp\/v2\/types\/page"}],"author":[{"embeddable":true,"href":"https:\/\/galisur.es\/pt-pt\/wp-json\/wp\/v2\/users\/1998"}],"replies":[{"embeddable":true,"href":"https:\/\/galisur.es\/pt-pt\/wp-json\/wp\/v2\/comments?post=17575"}],"version-history":[{"count":1,"href":"https:\/\/galisur.es\/pt-pt\/wp-json\/wp\/v2\/pages\/17575\/revisions"}],"predecessor-version":[{"id":17576,"href":"https:\/\/galisur.es\/pt-pt\/wp-json\/wp\/v2\/pages\/17575\/revisions\/17576"}],"up":[{"embeddable":true,"href":"https:\/\/galisur.es\/pt-pt\/wp-json\/wp\/v2\/pages\/17569"}],"wp:attachment":[{"href":"https:\/\/galisur.es\/pt-pt\/wp-json\/wp\/v2\/media?parent=17575"}],"curies":[{"name":"wp","href":"https:\/\/api.w.org\/{rel}","templated":true}]}}