{"id":17569,"date":"2024-04-18T10:23:52","date_gmt":"2024-04-18T08:23:52","guid":{"rendered":"https:\/\/nervous-gagarin.141-94-206-129.plesk.page\/todo-cristal\/"},"modified":"2025-06-24T16:11:41","modified_gmt":"2025-06-24T14:11:41","slug":"todo-cristal","status":"publish","type":"page","link":"https:\/\/galisur.es\/pt-pt\/todo-cristal\/","title":{"rendered":"Todo Cristal"},"content":{"rendered":"\t\t<div data-elementor-type=\"wp-page\" data-elementor-id=\"17569\" class=\"elementor elementor-17569 elementor-13366\" data-elementor-post-type=\"page\">\n\t\t\t\t<div class=\"elementor-element elementor-element-a48a8d3 e-flex e-con-boxed e-con e-parent\" data-id=\"a48a8d3\" data-element_type=\"container\" data-e-type=\"container\" data-settings=\"{&quot;background_background&quot;:&quot;classic&quot;}\">\n\t\t\t\t\t<div class=\"e-con-inner\">\n\t\t\t\t<div class=\"elementor-element elementor-element-97bfed7 elementor-widget elementor-widget-heading\" data-id=\"97bfed7\" data-element_type=\"widget\" data-e-type=\"widget\" data-widget_type=\"heading.default\">\n\t\t\t\t\t<h1 class=\"elementor-heading-title elementor-size-default\">Todo cristal<\/h1>\t\t\t\t<\/div>\n\t\t\t\t\t<\/div>\n\t\t\t\t<\/div>\n\t\t<div class=\"elementor-element elementor-element-5a2b014 e-flex e-con-boxed e-con e-parent\" data-id=\"5a2b014\" data-element_type=\"container\" data-e-type=\"container\">\n\t\t\t\t\t<div class=\"e-con-inner\">\n\t\t<a class=\"elementor-element elementor-element-471d929 e-con-full e-flex e-con e-child\" data-id=\"471d929\" data-element_type=\"container\" data-e-type=\"container\" href=\"https:\/\/galisur.es\/todo-cristal\/cc83-interior\/\">\n\t\t\t\t<div class=\"elementor-element elementor-element-c05d47a elementor-widget elementor-widget-heading\" data-id=\"c05d47a\" data-element_type=\"widget\" data-e-type=\"widget\" data-widget_type=\"heading.default\">\n\t\t\t\t\t<h3 class=\"elementor-heading-title elementor-size-default\">CC83<\/h3>\t\t\t\t<\/div>\n\t\t<div class=\"elementor-element elementor-element-068a9f0 e-con-full e-flex e-con e-child\" data-id=\"068a9f0\" data-element_type=\"container\" data-e-type=\"container\">\n\t\t\t\t<div class=\"elementor-element elementor-element-af8ea2d elementor-widget elementor-widget-image\" data-id=\"af8ea2d\" data-element_type=\"widget\" data-e-type=\"widget\" data-widget_type=\"image.default\">\n\t\t\t\t\t\t\t\t\t\t\t\t\t\t\t<img fetchpriority=\"high\" decoding=\"async\" width=\"1200\" height=\"1200\" src=\"https:\/\/galisur.es\/wp-content\/files\/CC83-crema.png\" class=\"elementor-animation-grow attachment-full size-full wp-image-16668\" alt=\"\" srcset=\"https:\/\/galisur.es\/wp-content\/files\/CC83-crema.png 1200w, https:\/\/galisur.es\/wp-content\/files\/CC83-crema-300x300.png 300w, https:\/\/galisur.es\/wp-content\/files\/CC83-crema-1024x1024.png 1024w, https:\/\/galisur.es\/wp-content\/files\/CC83-crema-150x150.png 150w, https:\/\/galisur.es\/wp-content\/files\/CC83-crema-768x768.png 768w, https:\/\/galisur.es\/wp-content\/files\/CC83-crema-800x800.png 800w\" sizes=\"(max-width: 1200px) 100vw, 1200px\" title=\"\">\t\t\t\t\t\t\t\t\t\t\t\t\t\t\t<\/div>\n\t\t\t\t<\/div>\n\t\t\t\t<\/a>\n\t\t<a class=\"elementor-element elementor-element-786233a e-con-full e-flex e-con e-child\" data-id=\"786233a\" data-element_type=\"container\" data-e-type=\"container\" href=\"https:\/\/galisur.es\/todo-cristal\/u120\/\">\n\t\t\t\t<div class=\"elementor-element elementor-element-423a992 elementor-widget elementor-widget-heading\" data-id=\"423a992\" data-element_type=\"widget\" data-e-type=\"widget\" data-widget_type=\"heading.default\">\n\t\t\t\t\t<h3 class=\"elementor-heading-title elementor-size-default\">Corrim\u00e3o U120<\/h3>\t\t\t\t<\/div>\n\t\t<div class=\"elementor-element elementor-element-705c309 e-con-full e-flex e-con e-child\" data-id=\"705c309\" data-element_type=\"container\" data-e-type=\"container\">\n\t\t\t\t<div class=\"elementor-element elementor-element-2707362 elementor-widget elementor-widget-image\" data-id=\"2707362\" data-element_type=\"widget\" data-e-type=\"widget\" data-widget_type=\"image.default\">\n\t\t\t\t\t\t\t\t\t\t\t\t\t\t\t<img decoding=\"async\" width=\"1200\" height=\"1200\" src=\"https:\/\/galisur.es\/wp-content\/files\/Barandilla-crema.png\" class=\"elementor-animation-grow attachment-full size-full wp-image-16676\" alt=\"\" srcset=\"https:\/\/galisur.es\/wp-content\/files\/Barandilla-crema.png 1200w, https:\/\/galisur.es\/wp-content\/files\/Barandilla-crema-300x300.png 300w, https:\/\/galisur.es\/wp-content\/files\/Barandilla-crema-1024x1024.png 1024w, https:\/\/galisur.es\/wp-content\/files\/Barandilla-crema-150x150.png 150w, https:\/\/galisur.es\/wp-content\/files\/Barandilla-crema-768x768.png 768w, https:\/\/galisur.es\/wp-content\/files\/Barandilla-crema-800x800.png 800w\" sizes=\"(max-width: 1200px) 100vw, 1200px\" title=\"\">\t\t\t\t\t\t\t\t\t\t\t\t\t\t\t<\/div>\n\t\t\t\t<\/div>\n\t\t\t\t<\/a>\n\t\t<div class=\"elementor-element elementor-element-26db0ce e-con-full e-flex e-con e-child\" data-id=\"26db0ce\" data-element_type=\"container\" data-e-type=\"container\">\n\t\t\t\t<div class=\"elementor-element elementor-element-b411776 elementor-widget elementor-widget-heading\" data-id=\"b411776\" data-element_type=\"widget\" data-e-type=\"widget\" data-widget_type=\"heading.default\">\n\t\t\t\t\t<h3 class=\"elementor-heading-title elementor-size-default\">Corrim\u00e3o<\/h3>\t\t\t\t<\/div>\n\t\t<div class=\"elementor-element elementor-element-cafb40b e-con-full e-flex e-con e-child\" data-id=\"cafb40b\" data-element_type=\"container\" data-e-type=\"container\">\n\t\t\t\t<div class=\"elementor-element elementor-element-291af8a elementor-widget elementor-widget-image\" data-id=\"291af8a\" data-element_type=\"widget\" data-e-type=\"widget\" data-widget_type=\"image.default\">\n\t\t\t\t\t\t\t\t\t\t\t\t\t\t\t<img decoding=\"async\" width=\"1200\" height=\"1200\" src=\"https:\/\/galisur.es\/wp-content\/files\/Barandilla-2.png\" class=\"attachment-full size-full wp-image-16680\" alt=\"\" srcset=\"https:\/\/galisur.es\/wp-content\/files\/Barandilla-2.png 1200w, https:\/\/galisur.es\/wp-content\/files\/Barandilla-2-300x300.png 300w, https:\/\/galisur.es\/wp-content\/files\/Barandilla-2-1024x1024.png 1024w, https:\/\/galisur.es\/wp-content\/files\/Barandilla-2-150x150.png 150w, https:\/\/galisur.es\/wp-content\/files\/Barandilla-2-768x768.png 768w, https:\/\/galisur.es\/wp-content\/files\/Barandilla-2-800x800.png 800w\" sizes=\"(max-width: 1200px) 100vw, 1200px\" title=\"\">\t\t\t\t\t\t\t\t\t\t\t\t\t\t\t<\/div>\n\t\t\t\t<\/div>\n\t\t\t\t<\/div>\n\t\t\t\t\t<\/div>\n\t\t\t\t<\/div>\n\t\t\t\t<\/div>\n\t\t","protected":false},"excerpt":{"rendered":"<p>Todo cristal CC83 Corrim\u00e3o U120 Corrim\u00e3o<\/p>\n","protected":false},"author":18,"featured_media":0,"parent":0,"menu_order":0,"comment_status":"closed","ping_status":"closed","template":"","meta":{"footnotes":""},"class_list":["post-17569","page","type-page","status-publish","hentry"],"yoast_head":"<!-- This site is optimized with the Yoast SEO plugin v27.2 - https:\/\/yoast.com\/product\/yoast-seo-wordpress\/ -->\n<title>S\u00e9rie rebat\u00edvel - Aluminios Galisur | Qualidade, seguran\u00e7a e design<\/title>\n<meta name=\"description\" content=\"Conhe\u00e7a as nossas s\u00e9ries dobr\u00e1veis, 100% de garantia de seguran\u00e7a, estanquicidade e isolamento da sua casa. A nossa experi\u00eancia apoia-nos.\" \/>\n<meta name=\"robots\" content=\"index, follow, max-snippet:-1, max-image-preview:large, max-video-preview:-1\" \/>\n<link rel=\"canonical\" href=\"https:\/\/galisur.es\/pt-pt\/todo-cristal\/\" \/>\n<meta property=\"og:locale\" content=\"pt_PT\" \/>\n<meta property=\"og:type\" content=\"article\" \/>\n<meta property=\"og:title\" content=\"S\u00e9rie rebat\u00edvel - Aluminios Galisur | Qualidade, seguran\u00e7a e design\" \/>\n<meta property=\"og:description\" content=\"Conhe\u00e7a as nossas s\u00e9ries dobr\u00e1veis, 100% de garantia de seguran\u00e7a, estanquicidade e isolamento da sua casa. A nossa experi\u00eancia apoia-nos.\" \/>\n<meta property=\"og:url\" content=\"https:\/\/galisur.es\/pt-pt\/todo-cristal\/\" \/>\n<meta property=\"og:site_name\" content=\"Aluminios Galisur\" \/>\n<meta property=\"article:publisher\" content=\"https:\/\/www.facebook.com\/AluminiosGalisur\" \/>\n<meta property=\"article:modified_time\" content=\"2025-06-24T14:11:41+00:00\" \/>\n<meta property=\"og:image\" content=\"https:\/\/galisur.es\/wp-content\/uploads\/CC83-crema.png\" \/>\n<meta name=\"twitter:card\" content=\"summary_large_image\" \/>\n<meta name=\"twitter:site\" content=\"@AluminioGalisur\" \/>\n<script type=\"application\/ld+json\" class=\"yoast-schema-graph\">{\"@context\":\"https:\/\/schema.org\",\"@graph\":[{\"@type\":\"WebPage\",\"@id\":\"https:\/\/galisur.es\/pt-pt\/todo-cristal\/\",\"url\":\"https:\/\/galisur.es\/pt-pt\/todo-cristal\/\",\"name\":\"S\u00e9rie rebat\u00edvel - Aluminios Galisur | Qualidade, seguran\u00e7a e design\",\"isPartOf\":{\"@id\":\"https:\/\/galisur.es\/pt-pt\/#website\"},\"primaryImageOfPage\":{\"@id\":\"https:\/\/galisur.es\/pt-pt\/todo-cristal\/#primaryimage\"},\"image\":{\"@id\":\"https:\/\/galisur.es\/pt-pt\/todo-cristal\/#primaryimage\"},\"thumbnailUrl\":\"https:\/\/galisur.es\/wp-content\/uploads\/CC83-crema.png\",\"datePublished\":\"2024-04-18T08:23:52+00:00\",\"dateModified\":\"2025-06-24T14:11:41+00:00\",\"description\":\"Conhe\u00e7a as nossas s\u00e9ries dobr\u00e1veis, 100% de garantia de seguran\u00e7a, estanquicidade e isolamento da sua casa. A nossa experi\u00eancia apoia-nos.\",\"breadcrumb\":{\"@id\":\"https:\/\/galisur.es\/pt-pt\/todo-cristal\/#breadcrumb\"},\"inLanguage\":\"pt-PT\",\"potentialAction\":[{\"@type\":\"ReadAction\",\"target\":[\"https:\/\/galisur.es\/pt-pt\/todo-cristal\/\"]}]},{\"@type\":\"ImageObject\",\"inLanguage\":\"pt-PT\",\"@id\":\"https:\/\/galisur.es\/pt-pt\/todo-cristal\/#primaryimage\",\"url\":\"https:\/\/galisur.es\/wp-content\/uploads\/CC83-crema.png\",\"contentUrl\":\"https:\/\/galisur.es\/wp-content\/uploads\/CC83-crema.png\"},{\"@type\":\"BreadcrumbList\",\"@id\":\"https:\/\/galisur.es\/pt-pt\/todo-cristal\/#breadcrumb\",\"itemListElement\":[{\"@type\":\"ListItem\",\"position\":1,\"name\":\"Portada\",\"item\":\"https:\/\/galisur.es\/pt-pt\/\"},{\"@type\":\"ListItem\",\"position\":2,\"name\":\"Todo Cristal\"}]},{\"@type\":\"WebSite\",\"@id\":\"https:\/\/galisur.es\/pt-pt\/#website\",\"url\":\"https:\/\/galisur.es\/pt-pt\/\",\"name\":\"Aluminios Galisur\",\"description\":\"Aluminios Galisur\",\"publisher\":{\"@id\":\"https:\/\/galisur.es\/pt-pt\/#organization\"},\"potentialAction\":[{\"@type\":\"SearchAction\",\"target\":{\"@type\":\"EntryPoint\",\"urlTemplate\":\"https:\/\/galisur.es\/pt-pt\/?s={search_term_string}\"},\"query-input\":{\"@type\":\"PropertyValueSpecification\",\"valueRequired\":true,\"valueName\":\"search_term_string\"}}],\"inLanguage\":\"pt-PT\"},{\"@type\":\"Organization\",\"@id\":\"https:\/\/galisur.es\/pt-pt\/#organization\",\"name\":\"Galisur\",\"url\":\"https:\/\/galisur.es\/pt-pt\/\",\"logo\":{\"@type\":\"ImageObject\",\"inLanguage\":\"pt-PT\",\"@id\":\"https:\/\/galisur.es\/pt-pt\/#\/schema\/logo\/image\/\",\"url\":\"https:\/\/galisur.es\/wp-content\/files\/2021\/03\/logo-35x15-1.png\",\"contentUrl\":\"https:\/\/galisur.es\/wp-content\/files\/2021\/03\/logo-35x15-1.png\",\"width\":370,\"height\":176,\"caption\":\"Galisur\"},\"image\":{\"@id\":\"https:\/\/galisur.es\/pt-pt\/#\/schema\/logo\/image\/\"},\"sameAs\":[\"https:\/\/www.facebook.com\/AluminiosGalisur\",\"https:\/\/x.com\/AluminioGalisur\"]}]}<\/script>\n<!-- \/ Yoast SEO plugin. -->","yoast_head_json":{"title":"S\u00e9rie rebat\u00edvel - Aluminios Galisur | Qualidade, seguran\u00e7a e design","description":"Conhe\u00e7a as nossas s\u00e9ries dobr\u00e1veis, 100% de garantia de seguran\u00e7a, estanquicidade e isolamento da sua casa. A nossa experi\u00eancia apoia-nos.","robots":{"index":"index","follow":"follow","max-snippet":"max-snippet:-1","max-image-preview":"max-image-preview:large","max-video-preview":"max-video-preview:-1"},"canonical":"https:\/\/galisur.es\/pt-pt\/todo-cristal\/","og_locale":"pt_PT","og_type":"article","og_title":"S\u00e9rie rebat\u00edvel - Aluminios Galisur | Qualidade, seguran\u00e7a e design","og_description":"Conhe\u00e7a as nossas s\u00e9ries dobr\u00e1veis, 100% de garantia de seguran\u00e7a, estanquicidade e isolamento da sua casa. A nossa experi\u00eancia apoia-nos.","og_url":"https:\/\/galisur.es\/pt-pt\/todo-cristal\/","og_site_name":"Aluminios Galisur","article_publisher":"https:\/\/www.facebook.com\/AluminiosGalisur","article_modified_time":"2025-06-24T14:11:41+00:00","og_image":[{"url":"https:\/\/galisur.es\/wp-content\/uploads\/CC83-crema.png","type":"","width":"","height":""}],"twitter_card":"summary_large_image","twitter_site":"@AluminioGalisur","schema":{"@context":"https:\/\/schema.org","@graph":[{"@type":"WebPage","@id":"https:\/\/galisur.es\/pt-pt\/todo-cristal\/","url":"https:\/\/galisur.es\/pt-pt\/todo-cristal\/","name":"S\u00e9rie rebat\u00edvel - Aluminios Galisur | Qualidade, seguran\u00e7a e design","isPartOf":{"@id":"https:\/\/galisur.es\/pt-pt\/#website"},"primaryImageOfPage":{"@id":"https:\/\/galisur.es\/pt-pt\/todo-cristal\/#primaryimage"},"image":{"@id":"https:\/\/galisur.es\/pt-pt\/todo-cristal\/#primaryimage"},"thumbnailUrl":"https:\/\/galisur.es\/wp-content\/uploads\/CC83-crema.png","datePublished":"2024-04-18T08:23:52+00:00","dateModified":"2025-06-24T14:11:41+00:00","description":"Conhe\u00e7a as nossas s\u00e9ries dobr\u00e1veis, 100% de garantia de seguran\u00e7a, estanquicidade e isolamento da sua casa. A nossa experi\u00eancia apoia-nos.","breadcrumb":{"@id":"https:\/\/galisur.es\/pt-pt\/todo-cristal\/#breadcrumb"},"inLanguage":"pt-PT","potentialAction":[{"@type":"ReadAction","target":["https:\/\/galisur.es\/pt-pt\/todo-cristal\/"]}]},{"@type":"ImageObject","inLanguage":"pt-PT","@id":"https:\/\/galisur.es\/pt-pt\/todo-cristal\/#primaryimage","url":"https:\/\/galisur.es\/wp-content\/uploads\/CC83-crema.png","contentUrl":"https:\/\/galisur.es\/wp-content\/uploads\/CC83-crema.png"},{"@type":"BreadcrumbList","@id":"https:\/\/galisur.es\/pt-pt\/todo-cristal\/#breadcrumb","itemListElement":[{"@type":"ListItem","position":1,"name":"Portada","item":"https:\/\/galisur.es\/pt-pt\/"},{"@type":"ListItem","position":2,"name":"Todo Cristal"}]},{"@type":"WebSite","@id":"https:\/\/galisur.es\/pt-pt\/#website","url":"https:\/\/galisur.es\/pt-pt\/","name":"Aluminios Galisur","description":"Aluminios Galisur","publisher":{"@id":"https:\/\/galisur.es\/pt-pt\/#organization"},"potentialAction":[{"@type":"SearchAction","target":{"@type":"EntryPoint","urlTemplate":"https:\/\/galisur.es\/pt-pt\/?s={search_term_string}"},"query-input":{"@type":"PropertyValueSpecification","valueRequired":true,"valueName":"search_term_string"}}],"inLanguage":"pt-PT"},{"@type":"Organization","@id":"https:\/\/galisur.es\/pt-pt\/#organization","name":"Galisur","url":"https:\/\/galisur.es\/pt-pt\/","logo":{"@type":"ImageObject","inLanguage":"pt-PT","@id":"https:\/\/galisur.es\/pt-pt\/#\/schema\/logo\/image\/","url":"https:\/\/galisur.es\/wp-content\/files\/2021\/03\/logo-35x15-1.png","contentUrl":"https:\/\/galisur.es\/wp-content\/files\/2021\/03\/logo-35x15-1.png","width":370,"height":176,"caption":"Galisur"},"image":{"@id":"https:\/\/galisur.es\/pt-pt\/#\/schema\/logo\/image\/"},"sameAs":["https:\/\/www.facebook.com\/AluminiosGalisur","https:\/\/x.com\/AluminioGalisur"]}]}},"_links":{"self":[{"href":"https:\/\/galisur.es\/pt-pt\/wp-json\/wp\/v2\/pages\/17569","targetHints":{"allow":["GET"]}}],"collection":[{"href":"https:\/\/galisur.es\/pt-pt\/wp-json\/wp\/v2\/pages"}],"about":[{"href":"https:\/\/galisur.es\/pt-pt\/wp-json\/wp\/v2\/types\/page"}],"author":[{"embeddable":true,"href":"https:\/\/galisur.es\/pt-pt\/wp-json\/wp\/v2\/users\/18"}],"replies":[{"embeddable":true,"href":"https:\/\/galisur.es\/pt-pt\/wp-json\/wp\/v2\/comments?post=17569"}],"version-history":[{"count":1,"href":"https:\/\/galisur.es\/pt-pt\/wp-json\/wp\/v2\/pages\/17569\/revisions"}],"predecessor-version":[{"id":17570,"href":"https:\/\/galisur.es\/pt-pt\/wp-json\/wp\/v2\/pages\/17569\/revisions\/17570"}],"wp:attachment":[{"href":"https:\/\/galisur.es\/pt-pt\/wp-json\/wp\/v2\/media?parent=17569"}],"curies":[{"name":"wp","href":"https:\/\/api.w.org\/{rel}","templated":true}]}}