{"id":17551,"date":"2022-02-03T08:38:41","date_gmt":"2022-02-03T07:38:41","guid":{"rendered":"https:\/\/nervous-gagarin.141-94-206-129.plesk.page\/series-verticais\/divisoria-telescopica\/"},"modified":"2025-06-24T16:02:14","modified_gmt":"2025-06-24T14:02:14","slug":"divisoria-telescopica","status":"publish","type":"page","link":"https:\/\/galisur.es\/pt-pt\/series-verticais\/divisoria-telescopica\/","title":{"rendered":"Divis\u00f3ria telesc\u00f3pica"},"content":{"rendered":"\t\t<div data-elementor-type=\"wp-page\" data-elementor-id=\"17551\" class=\"elementor elementor-17551 elementor-10892\" data-elementor-post-type=\"page\">\n\t\t\t\t<div class=\"elementor-element elementor-element-b328aca e-flex e-con-boxed e-con e-parent\" data-id=\"b328aca\" data-element_type=\"container\" data-e-type=\"container\">\n\t\t\t\t\t<div class=\"e-con-inner\">\n\t\t<div class=\"elementor-element elementor-element-7acdea7 e-con-full e-flex e-con e-child\" data-id=\"7acdea7\" data-element_type=\"container\" data-e-type=\"container\">\n\t\t\t\t<div class=\"elementor-element elementor-element-2d221fc elementor-widget elementor-widget-image\" data-id=\"2d221fc\" data-element_type=\"widget\" data-e-type=\"widget\" data-widget_type=\"image.default\">\n\t\t\t\t\t\t\t\t\t\t\t\t\t\t\t<img fetchpriority=\"high\" decoding=\"async\" width=\"1297\" height=\"927\" src=\"https:\/\/galisur.es\/wp-content\/files\/slider_eolo.jpg\" class=\"attachment-full size-full wp-image-15740\" alt=\"\" srcset=\"https:\/\/galisur.es\/wp-content\/files\/slider_eolo.jpg 1297w, https:\/\/galisur.es\/wp-content\/files\/slider_eolo-300x214.jpg 300w, https:\/\/galisur.es\/wp-content\/files\/slider_eolo-1024x732.jpg 1024w, https:\/\/galisur.es\/wp-content\/files\/slider_eolo-768x549.jpg 768w\" sizes=\"(max-width: 1297px) 100vw, 1297px\" title=\"\">\t\t\t\t\t\t\t\t\t\t\t\t\t\t\t<\/div>\n\t\t\t\t<\/div>\n\t\t<div class=\"elementor-element elementor-element-7a0ffa5 e-con-full e-flex e-con e-child\" data-id=\"7a0ffa5\" data-element_type=\"container\" data-e-type=\"container\">\n\t\t\t\t<div class=\"elementor-element elementor-element-4e216e3 elementor-widget elementor-widget-heading\" data-id=\"4e216e3\" data-element_type=\"widget\" data-e-type=\"widget\" data-widget_type=\"heading.default\">\n\t\t\t\t\t<h1 class=\"elementor-heading-title elementor-size-default\">EOLO - DIVIS\u00d3RIA TELESC\u00d3PICA<\/h1>\t\t\t\t<\/div>\n\t\t\t\t<div class=\"elementor-element elementor-element-5a077cd elementor-widget elementor-widget-text-editor\" data-id=\"5a077cd\" data-element_type=\"widget\" data-e-type=\"widget\" data-widget_type=\"text-editor.default\">\n\t\t\t\t\t\t\t\t\t<p>Divis\u00f3ria telesc\u00f3pica. Protege e delimita os espa\u00e7os abertos em restaurantes e esplanadas, permitindo desfrutar do ambiente exterior gra\u00e7as \u00e0 transpar\u00eancia do sistema (estrutura m\u00ednima de alum\u00ednio + vidro). <\/p><p>Sistema inovador de pain\u00e9is de vidro deslizantes telesc\u00f3picos verticais, oferece seguran\u00e7a e prote\u00e7\u00e3o em \u00e1reas comuns de escrit\u00f3rios e espa\u00e7os de trabalho.<\/p><p>A sua montagem f\u00e1cil e n\u00e3o invasiva para a instala\u00e7\u00e3o e o seu sistema pneum\u00e1tico de abertura permitem-nos controlar facilmente a ventila\u00e7\u00e3o e o conforto clim\u00e1tico. Estrutura m\u00ednima em alum\u00ednio. <\/p><p>Pain\u00e9is de vidro laminado 3+3 ou temperado de 6 mm. Parafusos em a\u00e7o inoxid\u00e1vel e tampas e fixa\u00e7\u00f5es em alum\u00ednio garantem um acabamento perfeito em toda a gama de cores RAL. Ilumina\u00e7\u00e3o LED. <\/p>\t\t\t\t\t\t\t\t<\/div>\n\t\t\t\t<\/div>\n\t\t\t\t\t<\/div>\n\t\t\t\t<\/div>\n\t\t<div class=\"elementor-element elementor-element-7772cf6 e-flex e-con-boxed e-con e-parent\" data-id=\"7772cf6\" data-element_type=\"container\" data-e-type=\"container\" data-settings=\"{&quot;background_background&quot;:&quot;classic&quot;}\">\n\t\t\t\t\t<div class=\"e-con-inner\">\n\t\t<div class=\"elementor-element elementor-element-afac0a8 e-con-full e-flex e-con e-child\" data-id=\"afac0a8\" data-element_type=\"container\" data-e-type=\"container\">\n\t\t\t\t<div class=\"elementor-element elementor-element-343963d elementor-widget elementor-widget-heading\" data-id=\"343963d\" data-element_type=\"widget\" data-e-type=\"widget\" data-widget_type=\"heading.default\">\n\t\t\t\t\t<p class=\"elementor-heading-title elementor-size-default\">Ficha t\u00e9cnica<\/p>\t\t\t\t<\/div>\n\t\t\t\t<div class=\"elementor-element elementor-element-1dc17d5 elementor-widget elementor-widget-text-editor\" data-id=\"1dc17d5\" data-element_type=\"widget\" data-e-type=\"widget\" data-widget_type=\"text-editor.default\">\n\t\t\t\t\t\t\t\t\t<p><a href=\"https:\/\/galisur.es\/pt-pt\/registo\/\">Registe-se aqui<\/a> para aceder ao documento.<\/p>\t\t\t\t\t\t\t\t<\/div>\n\t\t\t\t<\/div>\n\t\t<div class=\"elementor-element elementor-element-3b57cb4 e-con-full e-flex e-con e-child\" data-id=\"3b57cb4\" data-element_type=\"container\" data-e-type=\"container\">\n\t\t\t\t<div class=\"elementor-element elementor-element-779a36a elementor-widget elementor-widget-heading\" data-id=\"779a36a\" data-element_type=\"widget\" data-e-type=\"widget\" data-widget_type=\"heading.default\">\n\t\t\t\t\t<p class=\"elementor-heading-title elementor-size-default\">Cat\u00e1logo<\/p>\t\t\t\t<\/div>\n\t\t\t\t<div class=\"elementor-element elementor-element-04b4990 elementor-widget elementor-widget-text-editor\" data-id=\"04b4990\" data-element_type=\"widget\" data-e-type=\"widget\" data-widget_type=\"text-editor.default\">\n\t\t\t\t\t\t\t\t\t<p><a href=\"https:\/\/galisur.es\/pt-pt\/registo\/\">Registe-se aqui<\/a> para aceder ao documento.<\/p>\t\t\t\t\t\t\t\t<\/div>\n\t\t\t\t<\/div>\n\t\t\t\t\t<\/div>\n\t\t\t\t<\/div>\n\t\t<div class=\"elementor-element elementor-element-6d2aa32 e-flex e-con-boxed e-con e-parent\" data-id=\"6d2aa32\" data-element_type=\"container\" data-e-type=\"container\">\n\t\t\t\t\t<div class=\"e-con-inner\">\n\t\t<div class=\"elementor-element elementor-element-2aaee97 e-con-full e-flex e-con e-child\" data-id=\"2aaee97\" data-element_type=\"container\" data-e-type=\"container\">\n\t\t\t\t<div class=\"elementor-element elementor-element-c253550 elementor-widget elementor-widget-image\" data-id=\"c253550\" data-element_type=\"widget\" data-e-type=\"widget\" data-widget_type=\"image.default\">\n\t\t\t\t\t\t\t\t\t\t\t\t\t\t\t<img decoding=\"async\" width=\"1774\" height=\"1774\" src=\"https:\/\/galisur.es\/wp-content\/files\/Eolo-2-GRANDE.png\" class=\"attachment-full size-full wp-image-16660\" alt=\"\" srcset=\"https:\/\/galisur.es\/wp-content\/files\/Eolo-2-GRANDE.png 1774w, https:\/\/galisur.es\/wp-content\/files\/Eolo-2-GRANDE-300x300.png 300w, https:\/\/galisur.es\/wp-content\/files\/Eolo-2-GRANDE-1024x1024.png 1024w, https:\/\/galisur.es\/wp-content\/files\/Eolo-2-GRANDE-150x150.png 150w, https:\/\/galisur.es\/wp-content\/files\/Eolo-2-GRANDE-768x768.png 768w, https:\/\/galisur.es\/wp-content\/files\/Eolo-2-GRANDE-1536x1536.png 1536w, https:\/\/galisur.es\/wp-content\/files\/Eolo-2-GRANDE-800x800.png 800w\" sizes=\"(max-width: 1774px) 100vw, 1774px\" title=\"\">\t\t\t\t\t\t\t\t\t\t\t\t\t\t\t<\/div>\n\t\t\t\t<\/div>\n\t\t<div class=\"elementor-element elementor-element-2470f62 e-con-full e-flex e-con e-child\" data-id=\"2470f62\" data-element_type=\"container\" data-e-type=\"container\">\n\t\t\t\t<div class=\"elementor-element elementor-element-069079c elementor-widget elementor-widget-image\" data-id=\"069079c\" data-element_type=\"widget\" data-e-type=\"widget\" data-widget_type=\"image.default\">\n\t\t\t\t\t\t\t\t\t\t\t\t\t\t\t<img decoding=\"async\" width=\"1200\" height=\"1200\" src=\"https:\/\/galisur.es\/wp-content\/files\/Eolo-2-detalle.png\" class=\"attachment-full size-full wp-image-16664\" alt=\"\" srcset=\"https:\/\/galisur.es\/wp-content\/files\/Eolo-2-detalle.png 1200w, https:\/\/galisur.es\/wp-content\/files\/Eolo-2-detalle-300x300.png 300w, https:\/\/galisur.es\/wp-content\/files\/Eolo-2-detalle-1024x1024.png 1024w, https:\/\/galisur.es\/wp-content\/files\/Eolo-2-detalle-150x150.png 150w, https:\/\/galisur.es\/wp-content\/files\/Eolo-2-detalle-768x768.png 768w, https:\/\/galisur.es\/wp-content\/files\/Eolo-2-detalle-800x800.png 800w\" sizes=\"(max-width: 1200px) 100vw, 1200px\" title=\"\">\t\t\t\t\t\t\t\t\t\t\t\t\t\t\t<\/div>\n\t\t\t\t<\/div>\n\t\t\t\t\t<\/div>\n\t\t\t\t<\/div>\n\t\t<div class=\"elementor-element elementor-element-21861cb e-flex e-con-boxed e-con e-parent\" data-id=\"21861cb\" data-element_type=\"container\" data-e-type=\"container\">\n\t\t\t\t\t<div class=\"e-con-inner\">\n\t\t<div class=\"elementor-element elementor-element-7ed1bf8 e-con-full e-flex e-con e-child\" data-id=\"7ed1bf8\" data-element_type=\"container\" data-e-type=\"container\">\n\t\t\t\t<div class=\"elementor-element elementor-element-73b1c25 elementor-widget elementor-widget-heading\" data-id=\"73b1c25\" data-element_type=\"widget\" data-e-type=\"widget\" data-widget_type=\"heading.default\">\n\t\t\t\t\t<h3 class=\"elementor-heading-title elementor-size-default\">Op\u00e7\u00f5es de abertura<\/h3>\t\t\t\t<\/div>\n\t\t\t\t<div class=\"elementor-element elementor-element-85a93d1 elementor-widget elementor-widget-image\" data-id=\"85a93d1\" data-element_type=\"widget\" data-e-type=\"widget\" data-widget_type=\"image.default\">\n\t\t\t\t\t\t\t\t\t\t\t\t\t\t\t<img loading=\"lazy\" decoding=\"async\" width=\"563\" height=\"343\" src=\"https:\/\/galisur.es\/wp-content\/files\/Captura.jpg\" class=\"attachment-full size-full wp-image-15752\" alt=\"\" srcset=\"https:\/\/galisur.es\/wp-content\/files\/Captura.jpg 563w, https:\/\/galisur.es\/wp-content\/files\/Captura-300x183.jpg 300w\" sizes=\"(max-width: 563px) 100vw, 563px\" title=\"\">\t\t\t\t\t\t\t\t\t\t\t\t\t\t\t<\/div>\n\t\t\t\t<\/div>\n\t\t<div class=\"elementor-element elementor-element-e534f22 e-con-full e-flex e-con e-child\" data-id=\"e534f22\" data-element_type=\"container\" data-e-type=\"container\">\n\t\t\t\t<div class=\"elementor-element elementor-element-fef0813 elementor-widget elementor-widget-heading\" data-id=\"fef0813\" data-element_type=\"widget\" data-e-type=\"widget\" data-widget_type=\"heading.default\">\n\t\t\t\t\t<h3 class=\"elementor-heading-title elementor-size-default\">Dimens\u00f5es estabelecidas<\/h3>\t\t\t\t<\/div>\n\t\t\t\t<div class=\"elementor-element elementor-element-9465571 elementor-widget elementor-widget-image\" data-id=\"9465571\" data-element_type=\"widget\" data-e-type=\"widget\" data-widget_type=\"image.default\">\n\t\t\t\t\t\t\t\t\t\t\t\t\t\t\t<img loading=\"lazy\" decoding=\"async\" width=\"528\" height=\"359\" src=\"https:\/\/galisur.es\/wp-content\/files\/Captura-1.jpg\" class=\"attachment-full size-full wp-image-15756\" alt=\"\" srcset=\"https:\/\/galisur.es\/wp-content\/files\/Captura-1.jpg 528w, https:\/\/galisur.es\/wp-content\/files\/Captura-1-300x204.jpg 300w\" sizes=\"(max-width: 528px) 100vw, 528px\" title=\"\">\t\t\t\t\t\t\t\t\t\t\t\t\t\t\t<\/div>\n\t\t\t\t<\/div>\n\t\t\t\t\t<\/div>\n\t\t\t\t<\/div>\n\t\t<div class=\"elementor-element elementor-element-5adb1a5 e-flex e-con-boxed e-con e-parent\" data-id=\"5adb1a5\" data-element_type=\"container\" data-e-type=\"container\" data-settings=\"{&quot;background_background&quot;:&quot;classic&quot;}\">\n\t\t\t\t\t<div class=\"e-con-inner\">\n\t\t\t\t<div class=\"elementor-element elementor-element-404655f elementor-widget elementor-widget-heading\" data-id=\"404655f\" data-element_type=\"widget\" data-e-type=\"widget\" data-widget_type=\"heading.default\">\n\t\t\t\t\t<h3 class=\"elementor-heading-title elementor-size-default\">Benef\u00edcios<\/h3>\t\t\t\t<\/div>\n\t\t\t\t<div class=\"elementor-element elementor-element-2cbe506 elementor-widget elementor-widget-text-editor\" data-id=\"2cbe506\" data-element_type=\"widget\" data-e-type=\"widget\" data-widget_type=\"text-editor.default\">\n\t\t\t\t\t\t\t\t\t<p>Divis\u00f3ria telesc\u00f3pica. Protege e delimita os espa\u00e7os abertos em restaurantes e esplanadas, permitindo desfrutar do ambiente exterior gra\u00e7as \u00e0 transpar\u00eancia do sistema (estrutura m\u00ednima de alum\u00ednio + vidro). <\/p><p>Sistema inovador de pain\u00e9is de vidro deslizantes telesc\u00f3picos verticais, oferece seguran\u00e7a e prote\u00e7\u00e3o em \u00e1reas comuns de escrit\u00f3rios e espa\u00e7os de trabalho.<\/p><p>A sua montagem f\u00e1cil e n\u00e3o invasiva para a instala\u00e7\u00e3o e o seu sistema pneum\u00e1tico de abertura permitem-nos controlar facilmente a ventila\u00e7\u00e3o e o conforto clim\u00e1tico. Estrutura m\u00ednima em alum\u00ednio. <\/p><p>Pain\u00e9is de vidro laminado 3+3 ou temperado de 6 mm. Parafusos em a\u00e7o inoxid\u00e1vel e tampas e fixa\u00e7\u00f5es em alum\u00ednio garantem um acabamento perfeito em toda a gama de cores RAL. Ilumina\u00e7\u00e3o LED. <\/p>\t\t\t\t\t\t\t\t<\/div>\n\t\t\t\t\t<\/div>\n\t\t\t\t<\/div>\n\t\t\t\t<\/div>\n\t\t","protected":false},"excerpt":{"rendered":"<p>EOLO &#8211; DIVIS\u00d3RIA TELESC\u00d3PICA Divis\u00f3ria telesc\u00f3pica. Protege e delimita os espa\u00e7os abertos em restaurantes e esplanadas, permitindo desfrutar do ambiente exterior gra\u00e7as \u00e0 transpar\u00eancia do sistema (estrutura m\u00ednima de alum\u00ednio + vidro). Sistema inovador de pain\u00e9is de vidro deslizantes telesc\u00f3picos verticais, oferece seguran\u00e7a e prote\u00e7\u00e3o em \u00e1reas comuns de escrit\u00f3rios e espa\u00e7os de trabalho. A [&hellip;]<\/p>\n","protected":false},"author":18,"featured_media":0,"parent":17535,"menu_order":0,"comment_status":"closed","ping_status":"closed","template":"","meta":{"footnotes":""},"class_list":["post-17551","page","type-page","status-publish","hentry"],"yoast_head":"<!-- This site is optimized with the Yoast SEO plugin v27.2 - https:\/\/yoast.com\/product\/yoast-seo-wordpress\/ -->\n<title>Divis\u00f3ria telesc\u00f3pica | Aluminios Galisur<\/title>\n<meta name=\"description\" content=\"EOLO - DIVIS\u00d3RIA TELESC\u00d3PICA Divis\u00f3ria telesc\u00f3pica. Protege e delimita os espa\u00e7os abertos em restaurantes e esplanadas, permitindo desfrutar do ambiente\" \/>\n<meta name=\"robots\" content=\"index, follow, max-snippet:-1, max-image-preview:large, max-video-preview:-1\" \/>\n<link rel=\"canonical\" href=\"https:\/\/galisur.es\/pt-pt\/series-verticais\/divisoria-telescopica\/\" \/>\n<meta property=\"og:locale\" content=\"pt_PT\" \/>\n<meta property=\"og:type\" content=\"article\" \/>\n<meta property=\"og:title\" content=\"Divis\u00f3ria telesc\u00f3pica | Aluminios Galisur\" \/>\n<meta property=\"og:description\" content=\"EOLO - DIVIS\u00d3RIA TELESC\u00d3PICA Divis\u00f3ria telesc\u00f3pica. Protege e delimita os espa\u00e7os abertos em restaurantes e esplanadas, permitindo desfrutar do ambiente\" \/>\n<meta property=\"og:url\" content=\"https:\/\/galisur.es\/pt-pt\/series-verticais\/divisoria-telescopica\/\" \/>\n<meta property=\"og:site_name\" content=\"Aluminios Galisur\" \/>\n<meta property=\"article:publisher\" content=\"https:\/\/www.facebook.com\/AluminiosGalisur\" \/>\n<meta property=\"article:modified_time\" content=\"2025-06-24T14:02:14+00:00\" \/>\n<meta property=\"og:image\" content=\"https:\/\/galisur.es\/wp-content\/uploads\/slider_eolo.jpg\" \/>\n<meta name=\"twitter:card\" content=\"summary_large_image\" \/>\n<meta name=\"twitter:site\" content=\"@AluminioGalisur\" \/>\n<meta name=\"twitter:label1\" content=\"Tempo estimado de leitura\" \/>\n\t<meta name=\"twitter:data1\" content=\"2 minutos\" \/>\n<script type=\"application\/ld+json\" class=\"yoast-schema-graph\">{\"@context\":\"https:\/\/schema.org\",\"@graph\":[{\"@type\":\"WebPage\",\"@id\":\"https:\/\/galisur.es\/pt-pt\/series-verticais\/divisoria-telescopica\/\",\"url\":\"https:\/\/galisur.es\/pt-pt\/series-verticais\/divisoria-telescopica\/\",\"name\":\"Divis\u00f3ria telesc\u00f3pica | Aluminios Galisur\",\"isPartOf\":{\"@id\":\"https:\/\/galisur.es\/pt-pt\/#website\"},\"primaryImageOfPage\":{\"@id\":\"https:\/\/galisur.es\/pt-pt\/series-verticais\/divisoria-telescopica\/#primaryimage\"},\"image\":{\"@id\":\"https:\/\/galisur.es\/pt-pt\/series-verticais\/divisoria-telescopica\/#primaryimage\"},\"thumbnailUrl\":\"https:\/\/galisur.es\/wp-content\/uploads\/slider_eolo.jpg\",\"datePublished\":\"2022-02-03T07:38:41+00:00\",\"dateModified\":\"2025-06-24T14:02:14+00:00\",\"description\":\"EOLO - DIVIS\u00d3RIA TELESC\u00d3PICA Divis\u00f3ria telesc\u00f3pica. Protege e delimita os espa\u00e7os abertos em restaurantes e esplanadas, permitindo desfrutar do ambiente\",\"breadcrumb\":{\"@id\":\"https:\/\/galisur.es\/pt-pt\/series-verticais\/divisoria-telescopica\/#breadcrumb\"},\"inLanguage\":\"pt-PT\",\"potentialAction\":[{\"@type\":\"ReadAction\",\"target\":[\"https:\/\/galisur.es\/pt-pt\/series-verticais\/divisoria-telescopica\/\"]}]},{\"@type\":\"ImageObject\",\"inLanguage\":\"pt-PT\",\"@id\":\"https:\/\/galisur.es\/pt-pt\/series-verticais\/divisoria-telescopica\/#primaryimage\",\"url\":\"https:\/\/galisur.es\/wp-content\/uploads\/slider_eolo.jpg\",\"contentUrl\":\"https:\/\/galisur.es\/wp-content\/uploads\/slider_eolo.jpg\"},{\"@type\":\"BreadcrumbList\",\"@id\":\"https:\/\/galisur.es\/pt-pt\/series-verticais\/divisoria-telescopica\/#breadcrumb\",\"itemListElement\":[{\"@type\":\"ListItem\",\"position\":1,\"name\":\"Portada\",\"item\":\"https:\/\/galisur.es\/pt-pt\/\"},{\"@type\":\"ListItem\",\"position\":2,\"name\":\"S\u00e9ries verticais\",\"item\":\"https:\/\/galisur.es\/pt-pt\/series-verticais\/\"},{\"@type\":\"ListItem\",\"position\":3,\"name\":\"Divis\u00f3ria telesc\u00f3pica\"}]},{\"@type\":\"WebSite\",\"@id\":\"https:\/\/galisur.es\/pt-pt\/#website\",\"url\":\"https:\/\/galisur.es\/pt-pt\/\",\"name\":\"Aluminios Galisur\",\"description\":\"Aluminios Galisur\",\"publisher\":{\"@id\":\"https:\/\/galisur.es\/pt-pt\/#organization\"},\"potentialAction\":[{\"@type\":\"SearchAction\",\"target\":{\"@type\":\"EntryPoint\",\"urlTemplate\":\"https:\/\/galisur.es\/pt-pt\/?s={search_term_string}\"},\"query-input\":{\"@type\":\"PropertyValueSpecification\",\"valueRequired\":true,\"valueName\":\"search_term_string\"}}],\"inLanguage\":\"pt-PT\"},{\"@type\":\"Organization\",\"@id\":\"https:\/\/galisur.es\/pt-pt\/#organization\",\"name\":\"Galisur\",\"url\":\"https:\/\/galisur.es\/pt-pt\/\",\"logo\":{\"@type\":\"ImageObject\",\"inLanguage\":\"pt-PT\",\"@id\":\"https:\/\/galisur.es\/pt-pt\/#\/schema\/logo\/image\/\",\"url\":\"https:\/\/galisur.es\/wp-content\/files\/2021\/03\/logo-35x15-1.png\",\"contentUrl\":\"https:\/\/galisur.es\/wp-content\/files\/2021\/03\/logo-35x15-1.png\",\"width\":370,\"height\":176,\"caption\":\"Galisur\"},\"image\":{\"@id\":\"https:\/\/galisur.es\/pt-pt\/#\/schema\/logo\/image\/\"},\"sameAs\":[\"https:\/\/www.facebook.com\/AluminiosGalisur\",\"https:\/\/x.com\/AluminioGalisur\"]}]}<\/script>\n<!-- \/ Yoast SEO plugin. -->","yoast_head_json":{"title":"Divis\u00f3ria telesc\u00f3pica | Aluminios Galisur","description":"EOLO - DIVIS\u00d3RIA TELESC\u00d3PICA Divis\u00f3ria telesc\u00f3pica. Protege e delimita os espa\u00e7os abertos em restaurantes e esplanadas, permitindo desfrutar do ambiente","robots":{"index":"index","follow":"follow","max-snippet":"max-snippet:-1","max-image-preview":"max-image-preview:large","max-video-preview":"max-video-preview:-1"},"canonical":"https:\/\/galisur.es\/pt-pt\/series-verticais\/divisoria-telescopica\/","og_locale":"pt_PT","og_type":"article","og_title":"Divis\u00f3ria telesc\u00f3pica | Aluminios Galisur","og_description":"EOLO - DIVIS\u00d3RIA TELESC\u00d3PICA Divis\u00f3ria telesc\u00f3pica. Protege e delimita os espa\u00e7os abertos em restaurantes e esplanadas, permitindo desfrutar do ambiente","og_url":"https:\/\/galisur.es\/pt-pt\/series-verticais\/divisoria-telescopica\/","og_site_name":"Aluminios Galisur","article_publisher":"https:\/\/www.facebook.com\/AluminiosGalisur","article_modified_time":"2025-06-24T14:02:14+00:00","og_image":[{"url":"https:\/\/galisur.es\/wp-content\/uploads\/slider_eolo.jpg","type":"","width":"","height":""}],"twitter_card":"summary_large_image","twitter_site":"@AluminioGalisur","twitter_misc":{"Tempo estimado de leitura":"2 minutos"},"schema":{"@context":"https:\/\/schema.org","@graph":[{"@type":"WebPage","@id":"https:\/\/galisur.es\/pt-pt\/series-verticais\/divisoria-telescopica\/","url":"https:\/\/galisur.es\/pt-pt\/series-verticais\/divisoria-telescopica\/","name":"Divis\u00f3ria telesc\u00f3pica | Aluminios Galisur","isPartOf":{"@id":"https:\/\/galisur.es\/pt-pt\/#website"},"primaryImageOfPage":{"@id":"https:\/\/galisur.es\/pt-pt\/series-verticais\/divisoria-telescopica\/#primaryimage"},"image":{"@id":"https:\/\/galisur.es\/pt-pt\/series-verticais\/divisoria-telescopica\/#primaryimage"},"thumbnailUrl":"https:\/\/galisur.es\/wp-content\/uploads\/slider_eolo.jpg","datePublished":"2022-02-03T07:38:41+00:00","dateModified":"2025-06-24T14:02:14+00:00","description":"EOLO - DIVIS\u00d3RIA TELESC\u00d3PICA Divis\u00f3ria telesc\u00f3pica. Protege e delimita os espa\u00e7os abertos em restaurantes e esplanadas, permitindo desfrutar do ambiente","breadcrumb":{"@id":"https:\/\/galisur.es\/pt-pt\/series-verticais\/divisoria-telescopica\/#breadcrumb"},"inLanguage":"pt-PT","potentialAction":[{"@type":"ReadAction","target":["https:\/\/galisur.es\/pt-pt\/series-verticais\/divisoria-telescopica\/"]}]},{"@type":"ImageObject","inLanguage":"pt-PT","@id":"https:\/\/galisur.es\/pt-pt\/series-verticais\/divisoria-telescopica\/#primaryimage","url":"https:\/\/galisur.es\/wp-content\/uploads\/slider_eolo.jpg","contentUrl":"https:\/\/galisur.es\/wp-content\/uploads\/slider_eolo.jpg"},{"@type":"BreadcrumbList","@id":"https:\/\/galisur.es\/pt-pt\/series-verticais\/divisoria-telescopica\/#breadcrumb","itemListElement":[{"@type":"ListItem","position":1,"name":"Portada","item":"https:\/\/galisur.es\/pt-pt\/"},{"@type":"ListItem","position":2,"name":"S\u00e9ries verticais","item":"https:\/\/galisur.es\/pt-pt\/series-verticais\/"},{"@type":"ListItem","position":3,"name":"Divis\u00f3ria telesc\u00f3pica"}]},{"@type":"WebSite","@id":"https:\/\/galisur.es\/pt-pt\/#website","url":"https:\/\/galisur.es\/pt-pt\/","name":"Aluminios Galisur","description":"Aluminios Galisur","publisher":{"@id":"https:\/\/galisur.es\/pt-pt\/#organization"},"potentialAction":[{"@type":"SearchAction","target":{"@type":"EntryPoint","urlTemplate":"https:\/\/galisur.es\/pt-pt\/?s={search_term_string}"},"query-input":{"@type":"PropertyValueSpecification","valueRequired":true,"valueName":"search_term_string"}}],"inLanguage":"pt-PT"},{"@type":"Organization","@id":"https:\/\/galisur.es\/pt-pt\/#organization","name":"Galisur","url":"https:\/\/galisur.es\/pt-pt\/","logo":{"@type":"ImageObject","inLanguage":"pt-PT","@id":"https:\/\/galisur.es\/pt-pt\/#\/schema\/logo\/image\/","url":"https:\/\/galisur.es\/wp-content\/files\/2021\/03\/logo-35x15-1.png","contentUrl":"https:\/\/galisur.es\/wp-content\/files\/2021\/03\/logo-35x15-1.png","width":370,"height":176,"caption":"Galisur"},"image":{"@id":"https:\/\/galisur.es\/pt-pt\/#\/schema\/logo\/image\/"},"sameAs":["https:\/\/www.facebook.com\/AluminiosGalisur","https:\/\/x.com\/AluminioGalisur"]}]}},"_links":{"self":[{"href":"https:\/\/galisur.es\/pt-pt\/wp-json\/wp\/v2\/pages\/17551","targetHints":{"allow":["GET"]}}],"collection":[{"href":"https:\/\/galisur.es\/pt-pt\/wp-json\/wp\/v2\/pages"}],"about":[{"href":"https:\/\/galisur.es\/pt-pt\/wp-json\/wp\/v2\/types\/page"}],"author":[{"embeddable":true,"href":"https:\/\/galisur.es\/pt-pt\/wp-json\/wp\/v2\/users\/18"}],"replies":[{"embeddable":true,"href":"https:\/\/galisur.es\/pt-pt\/wp-json\/wp\/v2\/comments?post=17551"}],"version-history":[{"count":1,"href":"https:\/\/galisur.es\/pt-pt\/wp-json\/wp\/v2\/pages\/17551\/revisions"}],"predecessor-version":[{"id":17552,"href":"https:\/\/galisur.es\/pt-pt\/wp-json\/wp\/v2\/pages\/17551\/revisions\/17552"}],"up":[{"embeddable":true,"href":"https:\/\/galisur.es\/pt-pt\/wp-json\/wp\/v2\/pages\/17535"}],"wp:attachment":[{"href":"https:\/\/galisur.es\/pt-pt\/wp-json\/wp\/v2\/media?parent=17551"}],"curies":[{"name":"wp","href":"https:\/\/api.w.org\/{rel}","templated":true}]}}