{"id":17511,"date":"2021-03-22T12:11:47","date_gmt":"2021-03-22T11:11:47","guid":{"rendered":"https:\/\/nervous-gagarin.141-94-206-129.plesk.page\/serie-dobraveis\/a47-rpl\/"},"modified":"2025-06-24T15:37:06","modified_gmt":"2025-06-24T13:37:06","slug":"a47-rpl","status":"publish","type":"page","link":"https:\/\/galisur.es\/pt-pt\/serie-dobraveis\/a47-rpl\/","title":{"rendered":"A47 RPL"},"content":{"rendered":"\t\t<div data-elementor-type=\"wp-page\" data-elementor-id=\"17511\" class=\"elementor elementor-17511 elementor-7113\" data-elementor-post-type=\"page\">\n\t\t\t\t<div class=\"elementor-element elementor-element-9dc5fd6 e-flex e-con-boxed e-con e-parent\" data-id=\"9dc5fd6\" data-element_type=\"container\" data-e-type=\"container\">\n\t\t\t\t\t<div class=\"e-con-inner\">\n\t\t<div class=\"elementor-element elementor-element-860f83f e-con-full e-flex e-con e-child\" data-id=\"860f83f\" data-element_type=\"container\" data-e-type=\"container\">\n\t\t\t\t<div class=\"elementor-element elementor-element-0f40ce2 elementor-widget elementor-widget-image\" data-id=\"0f40ce2\" data-element_type=\"widget\" data-e-type=\"widget\" data-widget_type=\"image.default\">\n\t\t\t\t\t\t\t\t\t\t\t\t\t\t\t<img fetchpriority=\"high\" decoding=\"async\" width=\"600\" height=\"600\" src=\"https:\/\/galisur.es\/wp-content\/files\/A47RPL-crema.png\" class=\"attachment-full size-full wp-image-16576\" alt=\"\" srcset=\"https:\/\/galisur.es\/wp-content\/files\/A47RPL-crema.png 600w, https:\/\/galisur.es\/wp-content\/files\/A47RPL-crema-300x300.png 300w, https:\/\/galisur.es\/wp-content\/files\/A47RPL-crema-150x150.png 150w\" sizes=\"(max-width: 600px) 100vw, 600px\" title=\"\">\t\t\t\t\t\t\t\t\t\t\t\t\t\t\t<\/div>\n\t\t\t\t<\/div>\n\t\t<div class=\"elementor-element elementor-element-51604fb e-con-full e-flex e-con e-child\" data-id=\"51604fb\" data-element_type=\"container\" data-e-type=\"container\">\n\t\t\t\t<div class=\"elementor-element elementor-element-9b89bb8 elementor-widget elementor-widget-heading\" data-id=\"9b89bb8\" data-element_type=\"widget\" data-e-type=\"widget\" data-widget_type=\"heading.default\">\n\t\t\t\t\t<h1 class=\"elementor-heading-title elementor-size-default\">A47 RPL<\/h1>\t\t\t\t<\/div>\n\t\t\t\t<div class=\"elementor-element elementor-element-0cd9af8 elementor-widget elementor-widget-text-editor\" data-id=\"0cd9af8\" data-element_type=\"widget\" data-e-type=\"widget\" data-widget_type=\"text-editor.default\">\n\t\t\t\t\t\t\t\t\t<p>Carpintaria dobr\u00e1vel com moldura de 47 mm com 3 calhas. Folha de 40 mm.<\/p><p>Op\u00e7\u00e3o de moldura inferior plana embutida. Vidros de at\u00e9 33 mm. Ferragens com fecho multiponto. Juntas de estanqueidade com dupla linha de veda\u00e7\u00e3o em folha e juntas em EPDM, garantindo a qualidade do fecho.  <\/p><p>Possibilidades de abertura: folhas pares \/ folhas \u00edmpares \/ exterior \/ interior.<\/p>\t\t\t\t\t\t\t\t<\/div>\n\t\t\t\t<\/div>\n\t\t\t\t\t<\/div>\n\t\t\t\t<\/div>\n\t\t<div class=\"elementor-element elementor-element-ab2188c e-flex e-con-boxed e-con e-parent\" data-id=\"ab2188c\" data-element_type=\"container\" data-e-type=\"container\" data-settings=\"{&quot;background_background&quot;:&quot;classic&quot;}\">\n\t\t\t\t\t<div class=\"e-con-inner\">\n\t\t<div class=\"elementor-element elementor-element-518e647 e-con-full e-flex e-con e-child\" data-id=\"518e647\" data-element_type=\"container\" data-e-type=\"container\">\n\t\t\t\t<div class=\"elementor-element elementor-element-6b42bb2 elementor-widget elementor-widget-heading\" data-id=\"6b42bb2\" data-element_type=\"widget\" data-e-type=\"widget\" data-widget_type=\"heading.default\">\n\t\t\t\t\t<p class=\"elementor-heading-title elementor-size-default\">Ficha t\u00e9cnica<\/p>\t\t\t\t<\/div>\n\t\t\t\t<div class=\"elementor-element elementor-element-8697051 elementor-widget elementor-widget-text-editor\" data-id=\"8697051\" data-element_type=\"widget\" data-e-type=\"widget\" data-widget_type=\"text-editor.default\">\n\t\t\t\t\t\t\t\t\t<p><a href=\"https:\/\/galisur.es\/pt-pt\/registo\/\">Registe-se aqui<\/a> para aceder ao documento.<\/p>\t\t\t\t\t\t\t\t<\/div>\n\t\t\t\t<\/div>\n\t\t<div class=\"elementor-element elementor-element-bc0278b e-con-full e-flex e-con e-child\" data-id=\"bc0278b\" data-element_type=\"container\" data-e-type=\"container\">\n\t\t\t\t<div class=\"elementor-element elementor-element-11b6285 elementor-widget elementor-widget-heading\" data-id=\"11b6285\" data-element_type=\"widget\" data-e-type=\"widget\" data-widget_type=\"heading.default\">\n\t\t\t\t\t<p class=\"elementor-heading-title elementor-size-default\">Cat\u00e1logo<\/p>\t\t\t\t<\/div>\n\t\t\t\t<div class=\"elementor-element elementor-element-5ee2495 elementor-widget elementor-widget-text-editor\" data-id=\"5ee2495\" data-element_type=\"widget\" data-e-type=\"widget\" data-widget_type=\"text-editor.default\">\n\t\t\t\t\t\t\t\t\t<p><a href=\"https:\/\/galisur.es\/pt-pt\/registo\/\">Registe-se aqui<\/a> para aceder ao documento.<\/p>\t\t\t\t\t\t\t\t<\/div>\n\t\t\t\t<\/div>\n\t\t\t\t\t<\/div>\n\t\t\t\t<\/div>\n\t\t<div class=\"elementor-element elementor-element-dd4c31a e-flex e-con-boxed e-con e-parent\" data-id=\"dd4c31a\" data-element_type=\"container\" data-e-type=\"container\">\n\t\t\t\t\t<div class=\"e-con-inner\">\n\t\t<div class=\"elementor-element elementor-element-e117c2d e-con-full e-flex e-con e-child\" data-id=\"e117c2d\" data-element_type=\"container\" data-e-type=\"container\">\n\t\t\t\t<div class=\"elementor-element elementor-element-d48a45d elementor-widget elementor-widget-image\" data-id=\"d48a45d\" data-element_type=\"widget\" data-e-type=\"widget\" data-widget_type=\"image.default\">\n\t\t\t\t\t\t\t\t\t\t\t\t\t\t\t<img decoding=\"async\" width=\"1200\" height=\"1200\" src=\"https:\/\/galisur.es\/wp-content\/files\/A47RPL-detalle-crema.png\" class=\"attachment-full size-full wp-image-16580\" alt=\"\" srcset=\"https:\/\/galisur.es\/wp-content\/files\/A47RPL-detalle-crema.png 1200w, https:\/\/galisur.es\/wp-content\/files\/A47RPL-detalle-crema-300x300.png 300w, https:\/\/galisur.es\/wp-content\/files\/A47RPL-detalle-crema-1024x1024.png 1024w, https:\/\/galisur.es\/wp-content\/files\/A47RPL-detalle-crema-150x150.png 150w, https:\/\/galisur.es\/wp-content\/files\/A47RPL-detalle-crema-768x768.png 768w, https:\/\/galisur.es\/wp-content\/files\/A47RPL-detalle-crema-800x800.png 800w\" sizes=\"(max-width: 1200px) 100vw, 1200px\" title=\"\">\t\t\t\t\t\t\t\t\t\t\t\t\t\t\t<\/div>\n\t\t\t\t<\/div>\n\t\t<div class=\"elementor-element elementor-element-8a85157 e-con-full e-flex e-con e-child\" data-id=\"8a85157\" data-element_type=\"container\" data-e-type=\"container\">\n\t\t\t\t<div class=\"elementor-element elementor-element-84c55fb elementor-widget elementor-widget-heading\" data-id=\"84c55fb\" data-element_type=\"widget\" data-e-type=\"widget\" data-widget_type=\"heading.default\">\n\t\t\t\t\t<h2 class=\"elementor-heading-title elementor-size-default\">Classifica\u00e7\u00e3o dos ensaios<\/h2>\t\t\t\t<\/div>\n\t\t\t\t<div class=\"elementor-element elementor-element-1d9afc2 elementor-widget elementor-widget-n-accordion\" data-id=\"1d9afc2\" data-element_type=\"widget\" data-e-type=\"widget\" data-settings=\"{&quot;default_state&quot;:&quot;expanded&quot;,&quot;max_items_expended&quot;:&quot;one&quot;,&quot;n_accordion_animation_duration&quot;:{&quot;unit&quot;:&quot;ms&quot;,&quot;size&quot;:400,&quot;sizes&quot;:[]}}\" data-widget_type=\"nested-accordion.default\">\n\t\t\t\t\t\t\t<div class=\"e-n-accordion\" aria-label=\"Accordion. Open links with Enter or Space, close with Escape, and navigate with Arrow Keys\">\n\t\t\t\t\t\t<details id=\"e-n-accordion-item-3100\" class=\"e-n-accordion-item\" open>\n\t\t\t\t<summary class=\"e-n-accordion-item-title\" data-accordion-index=\"1\" tabindex=\"0\" aria-expanded=\"true\" aria-controls=\"e-n-accordion-item-3100\" >\n\t\t\t\t\t<span class='e-n-accordion-item-title-header'><div class=\"e-n-accordion-item-title-text\"> Permeabilidade ao ar <\/div><\/span>\n\t\t\t\t\t\t\t<span class='e-n-accordion-item-title-icon'>\n\t\t\t<span class='e-opened' ><svg aria-hidden=\"true\" class=\"e-font-icon-svg e-fas-minus\" viewBox=\"0 0 448 512\" xmlns=\"http:\/\/www.w3.org\/2000\/svg\"><path d=\"M416 208H32c-17.67 0-32 14.33-32 32v32c0 17.67 14.33 32 32 32h384c17.67 0 32-14.33 32-32v-32c0-17.67-14.33-32-32-32z\"><\/path><\/svg><\/span>\n\t\t\t<span class='e-closed'><svg aria-hidden=\"true\" class=\"e-font-icon-svg e-fas-plus\" viewBox=\"0 0 448 512\" xmlns=\"http:\/\/www.w3.org\/2000\/svg\"><path d=\"M416 208H272V64c0-17.67-14.33-32-32-32h-32c-17.67 0-32 14.33-32 32v144H32c-17.67 0-32 14.33-32 32v32c0 17.67 14.33 32 32 32h144v144c0 17.67 14.33 32 32 32h32c17.67 0 32-14.33 32-32V304h144c17.67 0 32-14.33 32-32v-32c0-17.67-14.33-32-32-32z\"><\/path><\/svg><\/span>\n\t\t<\/span>\n\n\t\t\t\t\t\t<\/summary>\n\t\t\t\t<div role=\"region\" aria-labelledby=\"e-n-accordion-item-3100\" class=\"elementor-element elementor-element-79732fc e-con-full e-flex e-con e-child\" data-id=\"79732fc\" data-element_type=\"container\" data-e-type=\"container\">\n\t\t\t\t<div class=\"elementor-element elementor-element-7da6d63 elementor-widget elementor-widget-text-editor\" data-id=\"7da6d63\" data-element_type=\"widget\" data-e-type=\"widget\" data-widget_type=\"text-editor.default\">\n\t\t\t\t\t\t\t\t\t<p>Classe 2<\/p>\t\t\t\t\t\t\t\t<\/div>\n\t\t\t\t<\/div>\n\t\t\t\t\t<\/details>\n\t\t\t\t\t\t<details id=\"e-n-accordion-item-3101\" class=\"e-n-accordion-item\" >\n\t\t\t\t<summary class=\"e-n-accordion-item-title\" data-accordion-index=\"2\" tabindex=\"-1\" aria-expanded=\"false\" aria-controls=\"e-n-accordion-item-3101\" >\n\t\t\t\t\t<span class='e-n-accordion-item-title-header'><div class=\"e-n-accordion-item-title-text\"> Estanqueidade \u00e0 \u00e1gua <\/div><\/span>\n\t\t\t\t\t\t\t<span class='e-n-accordion-item-title-icon'>\n\t\t\t<span class='e-opened' ><svg aria-hidden=\"true\" class=\"e-font-icon-svg e-fas-minus\" viewBox=\"0 0 448 512\" xmlns=\"http:\/\/www.w3.org\/2000\/svg\"><path d=\"M416 208H32c-17.67 0-32 14.33-32 32v32c0 17.67 14.33 32 32 32h384c17.67 0 32-14.33 32-32v-32c0-17.67-14.33-32-32-32z\"><\/path><\/svg><\/span>\n\t\t\t<span class='e-closed'><svg aria-hidden=\"true\" class=\"e-font-icon-svg e-fas-plus\" viewBox=\"0 0 448 512\" xmlns=\"http:\/\/www.w3.org\/2000\/svg\"><path d=\"M416 208H272V64c0-17.67-14.33-32-32-32h-32c-17.67 0-32 14.33-32 32v144H32c-17.67 0-32 14.33-32 32v32c0 17.67 14.33 32 32 32h144v144c0 17.67 14.33 32 32 32h32c17.67 0 32-14.33 32-32V304h144c17.67 0 32-14.33 32-32v-32c0-17.67-14.33-32-32-32z\"><\/path><\/svg><\/span>\n\t\t<\/span>\n\n\t\t\t\t\t\t<\/summary>\n\t\t\t\t<div role=\"region\" aria-labelledby=\"e-n-accordion-item-3101\" class=\"elementor-element elementor-element-ecbd77d e-con-full e-flex e-con e-child\" data-id=\"ecbd77d\" data-element_type=\"container\" data-e-type=\"container\">\n\t\t\t\t<div class=\"elementor-element elementor-element-20e2a96 elementor-widget elementor-widget-text-editor\" data-id=\"20e2a96\" data-element_type=\"widget\" data-e-type=\"widget\" data-widget_type=\"text-editor.default\">\n\t\t\t\t\t\t\t\t\t<p>2A<\/p>\t\t\t\t\t\t\t\t<\/div>\n\t\t\t\t<\/div>\n\t\t\t\t\t<\/details>\n\t\t\t\t\t\t<details id=\"e-n-accordion-item-3102\" class=\"e-n-accordion-item\" >\n\t\t\t\t<summary class=\"e-n-accordion-item-title\" data-accordion-index=\"3\" tabindex=\"-1\" aria-expanded=\"false\" aria-controls=\"e-n-accordion-item-3102\" >\n\t\t\t\t\t<span class='e-n-accordion-item-title-header'><div class=\"e-n-accordion-item-title-text\"> Resist\u00eancia ao vento <\/div><\/span>\n\t\t\t\t\t\t\t<span class='e-n-accordion-item-title-icon'>\n\t\t\t<span class='e-opened' ><svg aria-hidden=\"true\" class=\"e-font-icon-svg e-fas-minus\" viewBox=\"0 0 448 512\" xmlns=\"http:\/\/www.w3.org\/2000\/svg\"><path d=\"M416 208H32c-17.67 0-32 14.33-32 32v32c0 17.67 14.33 32 32 32h384c17.67 0 32-14.33 32-32v-32c0-17.67-14.33-32-32-32z\"><\/path><\/svg><\/span>\n\t\t\t<span class='e-closed'><svg aria-hidden=\"true\" class=\"e-font-icon-svg e-fas-plus\" viewBox=\"0 0 448 512\" xmlns=\"http:\/\/www.w3.org\/2000\/svg\"><path d=\"M416 208H272V64c0-17.67-14.33-32-32-32h-32c-17.67 0-32 14.33-32 32v144H32c-17.67 0-32 14.33-32 32v32c0 17.67 14.33 32 32 32h144v144c0 17.67 14.33 32 32 32h32c17.67 0 32-14.33 32-32V304h144c17.67 0 32-14.33 32-32v-32c0-17.67-14.33-32-32-32z\"><\/path><\/svg><\/span>\n\t\t<\/span>\n\n\t\t\t\t\t\t<\/summary>\n\t\t\t\t<div role=\"region\" aria-labelledby=\"e-n-accordion-item-3102\" class=\"elementor-element elementor-element-b89e44e e-con-full e-flex e-con e-child\" data-id=\"b89e44e\" data-element_type=\"container\" data-e-type=\"container\">\n\t\t\t\t<div class=\"elementor-element elementor-element-7e3273c elementor-widget elementor-widget-text-editor\" data-id=\"7e3273c\" data-element_type=\"widget\" data-e-type=\"widget\" data-widget_type=\"text-editor.default\">\n\t\t\t\t\t\t\t\t\t<p>B2<\/p>\t\t\t\t\t\t\t\t<\/div>\n\t\t\t\t<\/div>\n\t\t\t\t\t<\/details>\n\t\t\t\t\t<\/div>\n\t\t\t\t\t\t<\/div>\n\t\t\t\t<\/div>\n\t\t\t\t\t<\/div>\n\t\t\t\t<\/div>\n\t\t<div class=\"elementor-element elementor-element-3fea7f3 e-flex e-con-boxed e-con e-parent\" data-id=\"3fea7f3\" data-element_type=\"container\" data-e-type=\"container\">\n\t\t\t\t\t<div class=\"e-con-inner\">\n\t\t<div class=\"elementor-element elementor-element-9b9dada e-con-full e-flex e-con e-child\" data-id=\"9b9dada\" data-element_type=\"container\" data-e-type=\"container\">\n\t\t\t\t<div class=\"elementor-element elementor-element-85677c4 elementor-widget elementor-widget-heading\" data-id=\"85677c4\" data-element_type=\"widget\" data-e-type=\"widget\" data-widget_type=\"heading.default\">\n\t\t\t\t\t<h3 class=\"elementor-heading-title elementor-size-default\">Op\u00e7\u00f5es de abertura<\/h3>\t\t\t\t<\/div>\n\t\t\t\t<div class=\"elementor-element elementor-element-0fda002 elementor-widget elementor-widget-image\" data-id=\"0fda002\" data-element_type=\"widget\" data-e-type=\"widget\" data-widget_type=\"image.default\">\n\t\t\t\t\t\t\t\t\t\t\t\t\t\t\t<img decoding=\"async\" width=\"421\" height=\"250\" src=\"https:\/\/galisur.es\/wp-content\/files\/A47-RPL-posibilidades-de-apertura-1.jpg\" class=\"attachment-full size-full wp-image-16972\" alt=\"\" srcset=\"https:\/\/galisur.es\/wp-content\/files\/A47-RPL-posibilidades-de-apertura-1.jpg 421w, https:\/\/galisur.es\/wp-content\/files\/A47-RPL-posibilidades-de-apertura-1-300x178.jpg 300w\" sizes=\"(max-width: 421px) 100vw, 421px\" title=\"\">\t\t\t\t\t\t\t\t\t\t\t\t\t\t\t<\/div>\n\t\t\t\t<\/div>\n\t\t<div class=\"elementor-element elementor-element-9909142 e-con-full e-flex e-con e-child\" data-id=\"9909142\" data-element_type=\"container\" data-e-type=\"container\">\n\t\t\t\t<div class=\"elementor-element elementor-element-ef2b1cf elementor-widget elementor-widget-heading\" data-id=\"ef2b1cf\" data-element_type=\"widget\" data-e-type=\"widget\" data-widget_type=\"heading.default\">\n\t\t\t\t\t<h3 class=\"elementor-heading-title elementor-size-default\">Dimens\u00f5es recomendadas<\/h3>\t\t\t\t<\/div>\n\t\t\t\t<div class=\"elementor-element elementor-element-deef015 elementor-widget elementor-widget-image\" data-id=\"deef015\" data-element_type=\"widget\" data-e-type=\"widget\" data-widget_type=\"image.default\">\n\t\t\t\t\t\t\t\t\t\t\t\t\t\t\t<img loading=\"lazy\" decoding=\"async\" width=\"421\" height=\"250\" src=\"https:\/\/galisur.es\/wp-content\/files\/A47-RPL-dimensiones-recomendadas-1.jpg\" class=\"attachment-full size-full wp-image-16976\" alt=\"\" srcset=\"https:\/\/galisur.es\/wp-content\/files\/A47-RPL-dimensiones-recomendadas-1.jpg 421w, https:\/\/galisur.es\/wp-content\/files\/A47-RPL-dimensiones-recomendadas-1-300x178.jpg 300w\" sizes=\"(max-width: 421px) 100vw, 421px\" title=\"\">\t\t\t\t\t\t\t\t\t\t\t\t\t\t\t<\/div>\n\t\t\t\t<\/div>\n\t\t\t\t\t<\/div>\n\t\t\t\t<\/div>\n\t\t<div class=\"elementor-element elementor-element-d70039c e-flex e-con-boxed e-con e-parent\" data-id=\"d70039c\" data-element_type=\"container\" data-e-type=\"container\" data-settings=\"{&quot;background_background&quot;:&quot;classic&quot;}\">\n\t\t\t\t\t<div class=\"e-con-inner\">\n\t\t\t\t<div class=\"elementor-element elementor-element-f9f7798 elementor-widget elementor-widget-heading\" data-id=\"f9f7798\" data-element_type=\"widget\" data-e-type=\"widget\" data-widget_type=\"heading.default\">\n\t\t\t\t\t<h3 class=\"elementor-heading-title elementor-size-default\">Benef\u00edcios<\/h3>\t\t\t\t<\/div>\n\t\t\t\t<div class=\"elementor-element elementor-element-5b2e06e elementor-widget elementor-widget-text-editor\" data-id=\"5b2e06e\" data-element_type=\"widget\" data-e-type=\"widget\" data-widget_type=\"text-editor.default\">\n\t\t\t\t\t\t\t\t\t<p>Carpintaria dobr\u00e1vel com moldura de 47 mm e 3 calhas.<\/p><p>Folha de 40 mm.<\/p><p>Op\u00e7\u00e3o de moldura inferior plana embutida.<\/p><p>Vidros at\u00e9 33 mm.<\/p><p>Ferragens com fecho multiponto<\/p><p>Juntas de estanqueidade com dupla linha de veda\u00e7\u00e3o em l\u00e2mina e juntas em EPDM, garantindo a qualidade do fecho.<\/p><p>Possibilidades de abertura: folhas pares \/ folhas \u00edmpares \/ exterior \/ interior<\/p>\t\t\t\t\t\t\t\t<\/div>\n\t\t\t\t\t<\/div>\n\t\t\t\t<\/div>\n\t\t\t\t<\/div>\n\t\t","protected":false},"excerpt":{"rendered":"<p>A47 RPL Carpintaria dobr\u00e1vel com moldura de 47 mm com 3 calhas. Folha de 40 mm. Op\u00e7\u00e3o de moldura inferior plana embutida. Vidros de at\u00e9 33 mm. Ferragens com fecho multiponto. Juntas de estanqueidade com dupla linha de veda\u00e7\u00e3o em folha e juntas em EPDM, garantindo a qualidade do fecho. Possibilidades de abertura: folhas pares [&hellip;]<\/p>\n","protected":false},"author":1998,"featured_media":0,"parent":17503,"menu_order":0,"comment_status":"closed","ping_status":"closed","template":"","meta":{"footnotes":""},"class_list":["post-17511","page","type-page","status-publish","hentry"],"yoast_head":"<!-- This site is optimized with the Yoast SEO plugin v27.2 - https:\/\/yoast.com\/product\/yoast-seo-wordpress\/ -->\n<title>A47 RPL | Aluminios Galisur<\/title>\n<meta name=\"description\" content=\"A47 RPL Carpintaria dobr\u00e1vel com moldura de 47 mm com 3 calhas. Folha de 40 mm.Op\u00e7\u00e3o de moldura inferior plana embutida. Vidros de at\u00e9 33 mm. Ferragens\" \/>\n<meta name=\"robots\" content=\"index, follow, max-snippet:-1, max-image-preview:large, max-video-preview:-1\" \/>\n<link rel=\"canonical\" href=\"https:\/\/galisur.es\/pt-pt\/serie-dobraveis\/a47-rpl\/\" \/>\n<meta property=\"og:locale\" content=\"pt_PT\" \/>\n<meta property=\"og:type\" content=\"article\" \/>\n<meta property=\"og:title\" content=\"A47 RPL | Aluminios Galisur\" \/>\n<meta property=\"og:description\" content=\"A47 RPL Carpintaria dobr\u00e1vel com moldura de 47 mm com 3 calhas. Folha de 40 mm.Op\u00e7\u00e3o de moldura inferior plana embutida. Vidros de at\u00e9 33 mm. Ferragens\" \/>\n<meta property=\"og:url\" content=\"https:\/\/galisur.es\/pt-pt\/serie-dobraveis\/a47-rpl\/\" \/>\n<meta property=\"og:site_name\" content=\"Aluminios Galisur\" \/>\n<meta property=\"article:publisher\" content=\"https:\/\/www.facebook.com\/AluminiosGalisur\" \/>\n<meta property=\"article:modified_time\" content=\"2025-06-24T13:37:06+00:00\" \/>\n<meta property=\"og:image\" content=\"https:\/\/galisur.es\/wp-content\/uploads\/A47RPL-crema.png\" \/>\n<meta name=\"twitter:card\" content=\"summary_large_image\" \/>\n<meta name=\"twitter:site\" content=\"@AluminioGalisur\" \/>\n<meta name=\"twitter:label1\" content=\"Tempo estimado de leitura\" \/>\n\t<meta name=\"twitter:data1\" content=\"1 minuto\" \/>\n<script type=\"application\/ld+json\" class=\"yoast-schema-graph\">{\"@context\":\"https:\/\/schema.org\",\"@graph\":[{\"@type\":\"WebPage\",\"@id\":\"https:\/\/galisur.es\/pt-pt\/serie-dobraveis\/a47-rpl\/\",\"url\":\"https:\/\/galisur.es\/pt-pt\/serie-dobraveis\/a47-rpl\/\",\"name\":\"A47 RPL | Aluminios Galisur\",\"isPartOf\":{\"@id\":\"https:\/\/galisur.es\/pt-pt\/#website\"},\"primaryImageOfPage\":{\"@id\":\"https:\/\/galisur.es\/pt-pt\/serie-dobraveis\/a47-rpl\/#primaryimage\"},\"image\":{\"@id\":\"https:\/\/galisur.es\/pt-pt\/serie-dobraveis\/a47-rpl\/#primaryimage\"},\"thumbnailUrl\":\"https:\/\/galisur.es\/wp-content\/uploads\/A47RPL-crema.png\",\"datePublished\":\"2021-03-22T11:11:47+00:00\",\"dateModified\":\"2025-06-24T13:37:06+00:00\",\"description\":\"A47 RPL Carpintaria dobr\u00e1vel com moldura de 47 mm com 3 calhas. Folha de 40 mm.Op\u00e7\u00e3o de moldura inferior plana embutida. Vidros de at\u00e9 33 mm. Ferragens\",\"breadcrumb\":{\"@id\":\"https:\/\/galisur.es\/pt-pt\/serie-dobraveis\/a47-rpl\/#breadcrumb\"},\"inLanguage\":\"pt-PT\",\"potentialAction\":[{\"@type\":\"ReadAction\",\"target\":[\"https:\/\/galisur.es\/pt-pt\/serie-dobraveis\/a47-rpl\/\"]}]},{\"@type\":\"ImageObject\",\"inLanguage\":\"pt-PT\",\"@id\":\"https:\/\/galisur.es\/pt-pt\/serie-dobraveis\/a47-rpl\/#primaryimage\",\"url\":\"https:\/\/galisur.es\/wp-content\/uploads\/A47RPL-crema.png\",\"contentUrl\":\"https:\/\/galisur.es\/wp-content\/uploads\/A47RPL-crema.png\"},{\"@type\":\"BreadcrumbList\",\"@id\":\"https:\/\/galisur.es\/pt-pt\/serie-dobraveis\/a47-rpl\/#breadcrumb\",\"itemListElement\":[{\"@type\":\"ListItem\",\"position\":1,\"name\":\"Portada\",\"item\":\"https:\/\/galisur.es\/pt-pt\/\"},{\"@type\":\"ListItem\",\"position\":2,\"name\":\"S\u00e9rie dobr\u00e1veis\",\"item\":\"https:\/\/galisur.es\/pt-pt\/serie-dobraveis\/\"},{\"@type\":\"ListItem\",\"position\":3,\"name\":\"A47 RPL\"}]},{\"@type\":\"WebSite\",\"@id\":\"https:\/\/galisur.es\/pt-pt\/#website\",\"url\":\"https:\/\/galisur.es\/pt-pt\/\",\"name\":\"Aluminios Galisur\",\"description\":\"Aluminios Galisur\",\"publisher\":{\"@id\":\"https:\/\/galisur.es\/pt-pt\/#organization\"},\"potentialAction\":[{\"@type\":\"SearchAction\",\"target\":{\"@type\":\"EntryPoint\",\"urlTemplate\":\"https:\/\/galisur.es\/pt-pt\/?s={search_term_string}\"},\"query-input\":{\"@type\":\"PropertyValueSpecification\",\"valueRequired\":true,\"valueName\":\"search_term_string\"}}],\"inLanguage\":\"pt-PT\"},{\"@type\":\"Organization\",\"@id\":\"https:\/\/galisur.es\/pt-pt\/#organization\",\"name\":\"Galisur\",\"url\":\"https:\/\/galisur.es\/pt-pt\/\",\"logo\":{\"@type\":\"ImageObject\",\"inLanguage\":\"pt-PT\",\"@id\":\"https:\/\/galisur.es\/pt-pt\/#\/schema\/logo\/image\/\",\"url\":\"https:\/\/galisur.es\/wp-content\/files\/2021\/03\/logo-35x15-1.png\",\"contentUrl\":\"https:\/\/galisur.es\/wp-content\/files\/2021\/03\/logo-35x15-1.png\",\"width\":370,\"height\":176,\"caption\":\"Galisur\"},\"image\":{\"@id\":\"https:\/\/galisur.es\/pt-pt\/#\/schema\/logo\/image\/\"},\"sameAs\":[\"https:\/\/www.facebook.com\/AluminiosGalisur\",\"https:\/\/x.com\/AluminioGalisur\"]}]}<\/script>\n<!-- \/ Yoast SEO plugin. -->","yoast_head_json":{"title":"A47 RPL | Aluminios Galisur","description":"A47 RPL Carpintaria dobr\u00e1vel com moldura de 47 mm com 3 calhas. Folha de 40 mm.Op\u00e7\u00e3o de moldura inferior plana embutida. Vidros de at\u00e9 33 mm. Ferragens","robots":{"index":"index","follow":"follow","max-snippet":"max-snippet:-1","max-image-preview":"max-image-preview:large","max-video-preview":"max-video-preview:-1"},"canonical":"https:\/\/galisur.es\/pt-pt\/serie-dobraveis\/a47-rpl\/","og_locale":"pt_PT","og_type":"article","og_title":"A47 RPL | Aluminios Galisur","og_description":"A47 RPL Carpintaria dobr\u00e1vel com moldura de 47 mm com 3 calhas. Folha de 40 mm.Op\u00e7\u00e3o de moldura inferior plana embutida. Vidros de at\u00e9 33 mm. Ferragens","og_url":"https:\/\/galisur.es\/pt-pt\/serie-dobraveis\/a47-rpl\/","og_site_name":"Aluminios Galisur","article_publisher":"https:\/\/www.facebook.com\/AluminiosGalisur","article_modified_time":"2025-06-24T13:37:06+00:00","og_image":[{"url":"https:\/\/galisur.es\/wp-content\/uploads\/A47RPL-crema.png","type":"","width":"","height":""}],"twitter_card":"summary_large_image","twitter_site":"@AluminioGalisur","twitter_misc":{"Tempo estimado de leitura":"1 minuto"},"schema":{"@context":"https:\/\/schema.org","@graph":[{"@type":"WebPage","@id":"https:\/\/galisur.es\/pt-pt\/serie-dobraveis\/a47-rpl\/","url":"https:\/\/galisur.es\/pt-pt\/serie-dobraveis\/a47-rpl\/","name":"A47 RPL | Aluminios Galisur","isPartOf":{"@id":"https:\/\/galisur.es\/pt-pt\/#website"},"primaryImageOfPage":{"@id":"https:\/\/galisur.es\/pt-pt\/serie-dobraveis\/a47-rpl\/#primaryimage"},"image":{"@id":"https:\/\/galisur.es\/pt-pt\/serie-dobraveis\/a47-rpl\/#primaryimage"},"thumbnailUrl":"https:\/\/galisur.es\/wp-content\/uploads\/A47RPL-crema.png","datePublished":"2021-03-22T11:11:47+00:00","dateModified":"2025-06-24T13:37:06+00:00","description":"A47 RPL Carpintaria dobr\u00e1vel com moldura de 47 mm com 3 calhas. Folha de 40 mm.Op\u00e7\u00e3o de moldura inferior plana embutida. Vidros de at\u00e9 33 mm. Ferragens","breadcrumb":{"@id":"https:\/\/galisur.es\/pt-pt\/serie-dobraveis\/a47-rpl\/#breadcrumb"},"inLanguage":"pt-PT","potentialAction":[{"@type":"ReadAction","target":["https:\/\/galisur.es\/pt-pt\/serie-dobraveis\/a47-rpl\/"]}]},{"@type":"ImageObject","inLanguage":"pt-PT","@id":"https:\/\/galisur.es\/pt-pt\/serie-dobraveis\/a47-rpl\/#primaryimage","url":"https:\/\/galisur.es\/wp-content\/uploads\/A47RPL-crema.png","contentUrl":"https:\/\/galisur.es\/wp-content\/uploads\/A47RPL-crema.png"},{"@type":"BreadcrumbList","@id":"https:\/\/galisur.es\/pt-pt\/serie-dobraveis\/a47-rpl\/#breadcrumb","itemListElement":[{"@type":"ListItem","position":1,"name":"Portada","item":"https:\/\/galisur.es\/pt-pt\/"},{"@type":"ListItem","position":2,"name":"S\u00e9rie dobr\u00e1veis","item":"https:\/\/galisur.es\/pt-pt\/serie-dobraveis\/"},{"@type":"ListItem","position":3,"name":"A47 RPL"}]},{"@type":"WebSite","@id":"https:\/\/galisur.es\/pt-pt\/#website","url":"https:\/\/galisur.es\/pt-pt\/","name":"Aluminios Galisur","description":"Aluminios Galisur","publisher":{"@id":"https:\/\/galisur.es\/pt-pt\/#organization"},"potentialAction":[{"@type":"SearchAction","target":{"@type":"EntryPoint","urlTemplate":"https:\/\/galisur.es\/pt-pt\/?s={search_term_string}"},"query-input":{"@type":"PropertyValueSpecification","valueRequired":true,"valueName":"search_term_string"}}],"inLanguage":"pt-PT"},{"@type":"Organization","@id":"https:\/\/galisur.es\/pt-pt\/#organization","name":"Galisur","url":"https:\/\/galisur.es\/pt-pt\/","logo":{"@type":"ImageObject","inLanguage":"pt-PT","@id":"https:\/\/galisur.es\/pt-pt\/#\/schema\/logo\/image\/","url":"https:\/\/galisur.es\/wp-content\/files\/2021\/03\/logo-35x15-1.png","contentUrl":"https:\/\/galisur.es\/wp-content\/files\/2021\/03\/logo-35x15-1.png","width":370,"height":176,"caption":"Galisur"},"image":{"@id":"https:\/\/galisur.es\/pt-pt\/#\/schema\/logo\/image\/"},"sameAs":["https:\/\/www.facebook.com\/AluminiosGalisur","https:\/\/x.com\/AluminioGalisur"]}]}},"_links":{"self":[{"href":"https:\/\/galisur.es\/pt-pt\/wp-json\/wp\/v2\/pages\/17511","targetHints":{"allow":["GET"]}}],"collection":[{"href":"https:\/\/galisur.es\/pt-pt\/wp-json\/wp\/v2\/pages"}],"about":[{"href":"https:\/\/galisur.es\/pt-pt\/wp-json\/wp\/v2\/types\/page"}],"author":[{"embeddable":true,"href":"https:\/\/galisur.es\/pt-pt\/wp-json\/wp\/v2\/users\/1998"}],"replies":[{"embeddable":true,"href":"https:\/\/galisur.es\/pt-pt\/wp-json\/wp\/v2\/comments?post=17511"}],"version-history":[{"count":1,"href":"https:\/\/galisur.es\/pt-pt\/wp-json\/wp\/v2\/pages\/17511\/revisions"}],"predecessor-version":[{"id":17512,"href":"https:\/\/galisur.es\/pt-pt\/wp-json\/wp\/v2\/pages\/17511\/revisions\/17512"}],"up":[{"embeddable":true,"href":"https:\/\/galisur.es\/pt-pt\/wp-json\/wp\/v2\/pages\/17503"}],"wp:attachment":[{"href":"https:\/\/galisur.es\/pt-pt\/wp-json\/wp\/v2\/media?parent=17511"}],"curies":[{"name":"wp","href":"https:\/\/api.w.org\/{rel}","templated":true}]}}