{"id":17349,"date":"2022-10-17T07:01:20","date_gmt":"2022-10-17T05:01:20","guid":{"rendered":"https:\/\/nervous-gagarin.141-94-206-129.plesk.page\/serie-abatibles\/ar80-passivhaus\/"},"modified":"2025-06-24T08:54:28","modified_gmt":"2025-06-24T06:54:28","slug":"ar80-passivhaus","status":"publish","type":"page","link":"https:\/\/galisur.es\/pt-pt\/serie-abatibles\/ar80-passivhaus\/","title":{"rendered":"AR80 passivhaus"},"content":{"rendered":"\t\t<div data-elementor-type=\"wp-page\" data-elementor-id=\"17349\" class=\"elementor elementor-17349 elementor-12333\" data-elementor-post-type=\"page\">\n\t\t\t\t<div class=\"elementor-element elementor-element-5174800 e-flex e-con-boxed e-con e-parent\" data-id=\"5174800\" data-element_type=\"container\" data-e-type=\"container\">\n\t\t\t\t\t<div class=\"e-con-inner\">\n\t\t<div class=\"elementor-element elementor-element-dbc70ab e-con-full e-flex e-con e-child\" data-id=\"dbc70ab\" data-element_type=\"container\" data-e-type=\"container\">\n\t\t\t\t<div class=\"elementor-element elementor-element-63dccbd elementor-widget elementor-widget-image\" data-id=\"63dccbd\" data-element_type=\"widget\" data-e-type=\"widget\" data-widget_type=\"image.default\">\n\t\t\t\t\t\t\t\t\t\t\t\t\t\t\t<img fetchpriority=\"high\" decoding=\"async\" width=\"1200\" height=\"1200\" src=\"https:\/\/galisur.es\/wp-content\/files\/AR80-Passivhaus.png\" class=\"attachment-full size-full wp-image-16424\" alt=\"\" srcset=\"https:\/\/galisur.es\/wp-content\/files\/AR80-Passivhaus.png 1200w, https:\/\/galisur.es\/wp-content\/files\/AR80-Passivhaus-300x300.png 300w, https:\/\/galisur.es\/wp-content\/files\/AR80-Passivhaus-1024x1024.png 1024w, https:\/\/galisur.es\/wp-content\/files\/AR80-Passivhaus-150x150.png 150w, https:\/\/galisur.es\/wp-content\/files\/AR80-Passivhaus-768x768.png 768w, https:\/\/galisur.es\/wp-content\/files\/AR80-Passivhaus-800x800.png 800w\" sizes=\"(max-width: 1200px) 100vw, 1200px\" title=\"\">\t\t\t\t\t\t\t\t\t\t\t\t\t\t\t<\/div>\n\t\t\t\t<\/div>\n\t\t<div class=\"elementor-element elementor-element-e8303ca e-con-full e-flex e-con e-child\" data-id=\"e8303ca\" data-element_type=\"container\" data-e-type=\"container\">\n\t\t\t\t<div class=\"elementor-element elementor-element-2a3b3f4 elementor-widget elementor-widget-heading\" data-id=\"2a3b3f4\" data-element_type=\"widget\" data-e-type=\"widget\" data-widget_type=\"heading.default\">\n\t\t\t\t\t<h1 class=\"elementor-heading-title elementor-size-default\">AR80 PASSIVHAUS<\/h1>\t\t\t\t<\/div>\n\t\t\t\t<div class=\"elementor-element elementor-element-cbcdd21 elementor-widget elementor-widget-text-editor\" data-id=\"cbcdd21\" data-element_type=\"widget\" data-e-type=\"widget\" data-widget_type=\"text-editor.default\">\n\t\t\t\t\t\t\t\t\t<p>Carpintaria basculante com ruptura de ponte t\u00e9rmica, caixilhos de 80 mm. Sistema Passivhaus com poliamidas low lambda de 42 mm. Vidro triplo. Certificado phC Passive House Institute. <\/p><p>Rentabilidade e economia de energia. Higiene e ventila\u00e7\u00e3o. Hermeticidade e isolamento. Comodidade e conforto.   <\/p><p>Uw = 1,00 \u2264 1,00 W\/(m\u00b2K)<\/p><p>Uw, installed \u2264 1,05 W\/(m\u00b2K)<\/p><p>Ug = 0,90 W\/(m\u00b2K)<\/p>\t\t\t\t\t\t\t\t<\/div>\n\t\t\t\t<\/div>\n\t\t\t\t\t<\/div>\n\t\t\t\t<\/div>\n\t\t<div class=\"elementor-element elementor-element-96a3e7c e-flex e-con-boxed e-con e-parent\" data-id=\"96a3e7c\" data-element_type=\"container\" data-e-type=\"container\" data-settings=\"{&quot;background_background&quot;:&quot;classic&quot;}\">\n\t\t\t\t\t<div class=\"e-con-inner\">\n\t\t<div class=\"elementor-element elementor-element-6f6f3e8 e-con-full e-flex e-con e-child\" data-id=\"6f6f3e8\" data-element_type=\"container\" data-e-type=\"container\">\n\t\t\t\t<div class=\"elementor-element elementor-element-42bcad7 elementor-widget elementor-widget-heading\" data-id=\"42bcad7\" data-element_type=\"widget\" data-e-type=\"widget\" data-widget_type=\"heading.default\">\n\t\t\t\t\t<p class=\"elementor-heading-title elementor-size-default\">Ficha t\u00e9cnica<\/p>\t\t\t\t<\/div>\n\t\t\t\t<div class=\"elementor-element elementor-element-dc597e8 elementor-widget elementor-widget-text-editor\" data-id=\"dc597e8\" data-element_type=\"widget\" data-e-type=\"widget\" data-widget_type=\"text-editor.default\">\n\t\t\t\t\t\t\t\t\t<p><a href=\"https:\/\/galisur.es\/pt-pt\/registo\/\">Registe-se aqui<\/a> para aceder ao documento.<\/p>\t\t\t\t\t\t\t\t<\/div>\n\t\t\t\t<\/div>\n\t\t<div class=\"elementor-element elementor-element-b13d756 e-con-full e-flex e-con e-child\" data-id=\"b13d756\" data-element_type=\"container\" data-e-type=\"container\">\n\t\t\t\t<div class=\"elementor-element elementor-element-1a991ae elementor-widget elementor-widget-heading\" data-id=\"1a991ae\" data-element_type=\"widget\" data-e-type=\"widget\" data-widget_type=\"heading.default\">\n\t\t\t\t\t<p class=\"elementor-heading-title elementor-size-default\">Cat\u00e1logo<\/p>\t\t\t\t<\/div>\n\t\t\t\t<div class=\"elementor-element elementor-element-93c796a elementor-widget elementor-widget-text-editor\" data-id=\"93c796a\" data-element_type=\"widget\" data-e-type=\"widget\" data-widget_type=\"text-editor.default\">\n\t\t\t\t\t\t\t\t\t<p><a href=\"https:\/\/galisur.es\/pt-pt\/registo\/\">Registe-se aqui<\/a> para aceder ao documento.<\/p>\t\t\t\t\t\t\t\t<\/div>\n\t\t\t\t<\/div>\n\t\t\t\t\t<\/div>\n\t\t\t\t<\/div>\n\t\t<div class=\"elementor-element elementor-element-bc71332 e-flex e-con-boxed e-con e-parent\" data-id=\"bc71332\" data-element_type=\"container\" data-e-type=\"container\">\n\t\t\t\t\t<div class=\"e-con-inner\">\n\t\t<div class=\"elementor-element elementor-element-5f9042b e-con-full e-flex e-con e-child\" data-id=\"5f9042b\" data-element_type=\"container\" data-e-type=\"container\">\n\t\t\t\t<div class=\"elementor-element elementor-element-ed2b541 elementor-widget elementor-widget-image\" data-id=\"ed2b541\" data-element_type=\"widget\" data-e-type=\"widget\" data-widget_type=\"image.default\">\n\t\t\t\t\t\t\t\t\t\t\t\t\t\t\t<img decoding=\"async\" width=\"1200\" height=\"1200\" src=\"https:\/\/galisur.es\/wp-content\/files\/AR80-Passivhaus-detalle.png\" class=\"attachment-full size-full wp-image-16420\" alt=\"\" srcset=\"https:\/\/galisur.es\/wp-content\/files\/AR80-Passivhaus-detalle.png 1200w, https:\/\/galisur.es\/wp-content\/files\/AR80-Passivhaus-detalle-300x300.png 300w, https:\/\/galisur.es\/wp-content\/files\/AR80-Passivhaus-detalle-1024x1024.png 1024w, https:\/\/galisur.es\/wp-content\/files\/AR80-Passivhaus-detalle-150x150.png 150w, https:\/\/galisur.es\/wp-content\/files\/AR80-Passivhaus-detalle-768x768.png 768w, https:\/\/galisur.es\/wp-content\/files\/AR80-Passivhaus-detalle-800x800.png 800w\" sizes=\"(max-width: 1200px) 100vw, 1200px\" title=\"\">\t\t\t\t\t\t\t\t\t\t\t\t\t\t\t<\/div>\n\t\t\t\t<\/div>\n\t\t<div class=\"elementor-element elementor-element-8346806 e-con-full e-flex e-con e-child\" data-id=\"8346806\" data-element_type=\"container\" data-e-type=\"container\">\n\t\t\t\t<div class=\"elementor-element elementor-element-33cef2b elementor-widget elementor-widget-heading\" data-id=\"33cef2b\" data-element_type=\"widget\" data-e-type=\"widget\" data-widget_type=\"heading.default\">\n\t\t\t\t\t<h2 class=\"elementor-heading-title elementor-size-default\">Classifica\u00e7\u00e3o dos ensaios<\/h2>\t\t\t\t<\/div>\n\t\t\t\t<div class=\"elementor-element elementor-element-e68c8ea elementor-widget elementor-widget-n-accordion\" data-id=\"e68c8ea\" data-element_type=\"widget\" data-e-type=\"widget\" data-settings=\"{&quot;default_state&quot;:&quot;expanded&quot;,&quot;max_items_expended&quot;:&quot;one&quot;,&quot;n_accordion_animation_duration&quot;:{&quot;unit&quot;:&quot;ms&quot;,&quot;size&quot;:400,&quot;sizes&quot;:[]}}\" data-widget_type=\"nested-accordion.default\">\n\t\t\t\t\t\t\t<div class=\"e-n-accordion\" aria-label=\"Accordion. Open links with Enter or Space, close with Escape, and navigate with Arrow Keys\">\n\t\t\t\t\t\t<details id=\"e-n-accordion-item-2410\" class=\"e-n-accordion-item\" open>\n\t\t\t\t<summary class=\"e-n-accordion-item-title\" data-accordion-index=\"1\" tabindex=\"0\" aria-expanded=\"true\" aria-controls=\"e-n-accordion-item-2410\" >\n\t\t\t\t\t<span class='e-n-accordion-item-title-header'><div class=\"e-n-accordion-item-title-text\"> Permeabilidade ao ar <\/div><\/span>\n\t\t\t\t\t\t\t<span class='e-n-accordion-item-title-icon'>\n\t\t\t<span class='e-opened' ><svg aria-hidden=\"true\" class=\"e-font-icon-svg e-fas-minus\" viewBox=\"0 0 448 512\" xmlns=\"http:\/\/www.w3.org\/2000\/svg\"><path d=\"M416 208H32c-17.67 0-32 14.33-32 32v32c0 17.67 14.33 32 32 32h384c17.67 0 32-14.33 32-32v-32c0-17.67-14.33-32-32-32z\"><\/path><\/svg><\/span>\n\t\t\t<span class='e-closed'><svg aria-hidden=\"true\" class=\"e-font-icon-svg e-fas-plus\" viewBox=\"0 0 448 512\" xmlns=\"http:\/\/www.w3.org\/2000\/svg\"><path d=\"M416 208H272V64c0-17.67-14.33-32-32-32h-32c-17.67 0-32 14.33-32 32v144H32c-17.67 0-32 14.33-32 32v32c0 17.67 14.33 32 32 32h144v144c0 17.67 14.33 32 32 32h32c17.67 0 32-14.33 32-32V304h144c17.67 0 32-14.33 32-32v-32c0-17.67-14.33-32-32-32z\"><\/path><\/svg><\/span>\n\t\t<\/span>\n\n\t\t\t\t\t\t<\/summary>\n\t\t\t\t<div role=\"region\" aria-labelledby=\"e-n-accordion-item-2410\" class=\"elementor-element elementor-element-733d514 e-con-full e-flex e-con e-child\" data-id=\"733d514\" data-element_type=\"container\" data-e-type=\"container\">\n\t\t\t\t<div class=\"elementor-element elementor-element-72e295c elementor-widget elementor-widget-text-editor\" data-id=\"72e295c\" data-element_type=\"widget\" data-e-type=\"widget\" data-widget_type=\"text-editor.default\">\n\t\t\t\t\t\t\t\t\t<p>Classe 4 (UNE-EN 12207:200)<\/p>\t\t\t\t\t\t\t\t<\/div>\n\t\t\t\t<\/div>\n\t\t\t\t\t<\/details>\n\t\t\t\t\t\t<details id=\"e-n-accordion-item-2411\" class=\"e-n-accordion-item\" >\n\t\t\t\t<summary class=\"e-n-accordion-item-title\" data-accordion-index=\"2\" tabindex=\"-1\" aria-expanded=\"false\" aria-controls=\"e-n-accordion-item-2411\" >\n\t\t\t\t\t<span class='e-n-accordion-item-title-header'><div class=\"e-n-accordion-item-title-text\"> Estanqueidade \u00e0 \u00e1gua <\/div><\/span>\n\t\t\t\t\t\t\t<span class='e-n-accordion-item-title-icon'>\n\t\t\t<span class='e-opened' ><svg aria-hidden=\"true\" class=\"e-font-icon-svg e-fas-minus\" viewBox=\"0 0 448 512\" xmlns=\"http:\/\/www.w3.org\/2000\/svg\"><path d=\"M416 208H32c-17.67 0-32 14.33-32 32v32c0 17.67 14.33 32 32 32h384c17.67 0 32-14.33 32-32v-32c0-17.67-14.33-32-32-32z\"><\/path><\/svg><\/span>\n\t\t\t<span class='e-closed'><svg aria-hidden=\"true\" class=\"e-font-icon-svg e-fas-plus\" viewBox=\"0 0 448 512\" xmlns=\"http:\/\/www.w3.org\/2000\/svg\"><path d=\"M416 208H272V64c0-17.67-14.33-32-32-32h-32c-17.67 0-32 14.33-32 32v144H32c-17.67 0-32 14.33-32 32v32c0 17.67 14.33 32 32 32h144v144c0 17.67 14.33 32 32 32h32c17.67 0 32-14.33 32-32V304h144c17.67 0 32-14.33 32-32v-32c0-17.67-14.33-32-32-32z\"><\/path><\/svg><\/span>\n\t\t<\/span>\n\n\t\t\t\t\t\t<\/summary>\n\t\t\t\t<div role=\"region\" aria-labelledby=\"e-n-accordion-item-2411\" class=\"elementor-element elementor-element-d1500da e-con-full e-flex e-con e-child\" data-id=\"d1500da\" data-element_type=\"container\" data-e-type=\"container\">\n\t\t\t\t<div class=\"elementor-element elementor-element-74e961a elementor-widget elementor-widget-text-editor\" data-id=\"74e961a\" data-element_type=\"widget\" data-e-type=\"widget\" data-widget_type=\"text-editor.default\">\n\t\t\t\t\t\t\t\t\t<p>Classe E1900 (UNE-EN 12208:200)<\/p>\t\t\t\t\t\t\t\t<\/div>\n\t\t\t\t<\/div>\n\t\t\t\t\t<\/details>\n\t\t\t\t\t\t<details id=\"e-n-accordion-item-2412\" class=\"e-n-accordion-item\" >\n\t\t\t\t<summary class=\"e-n-accordion-item-title\" data-accordion-index=\"3\" tabindex=\"-1\" aria-expanded=\"false\" aria-controls=\"e-n-accordion-item-2412\" >\n\t\t\t\t\t<span class='e-n-accordion-item-title-header'><div class=\"e-n-accordion-item-title-text\"> Resist\u00eancia ao vento <\/div><\/span>\n\t\t\t\t\t\t\t<span class='e-n-accordion-item-title-icon'>\n\t\t\t<span class='e-opened' ><svg aria-hidden=\"true\" class=\"e-font-icon-svg e-fas-minus\" viewBox=\"0 0 448 512\" xmlns=\"http:\/\/www.w3.org\/2000\/svg\"><path d=\"M416 208H32c-17.67 0-32 14.33-32 32v32c0 17.67 14.33 32 32 32h384c17.67 0 32-14.33 32-32v-32c0-17.67-14.33-32-32-32z\"><\/path><\/svg><\/span>\n\t\t\t<span class='e-closed'><svg aria-hidden=\"true\" class=\"e-font-icon-svg e-fas-plus\" viewBox=\"0 0 448 512\" xmlns=\"http:\/\/www.w3.org\/2000\/svg\"><path d=\"M416 208H272V64c0-17.67-14.33-32-32-32h-32c-17.67 0-32 14.33-32 32v144H32c-17.67 0-32 14.33-32 32v32c0 17.67 14.33 32 32 32h144v144c0 17.67 14.33 32 32 32h32c17.67 0 32-14.33 32-32V304h144c17.67 0 32-14.33 32-32v-32c0-17.67-14.33-32-32-32z\"><\/path><\/svg><\/span>\n\t\t<\/span>\n\n\t\t\t\t\t\t<\/summary>\n\t\t\t\t<div role=\"region\" aria-labelledby=\"e-n-accordion-item-2412\" class=\"elementor-element elementor-element-e7fac08 e-con-full e-flex e-con e-child\" data-id=\"e7fac08\" data-element_type=\"container\" data-e-type=\"container\">\n\t\t\t\t<div class=\"elementor-element elementor-element-a256806 elementor-widget elementor-widget-text-editor\" data-id=\"a256806\" data-element_type=\"widget\" data-e-type=\"widget\" data-widget_type=\"text-editor.default\">\n\t\t\t\t\t\t\t\t\t<p>C5 (UNE-EN 12209:200)<\/p>\t\t\t\t\t\t\t\t<\/div>\n\t\t\t\t<\/div>\n\t\t\t\t\t<\/details>\n\t\t\t\t\t<\/div>\n\t\t\t\t\t\t<\/div>\n\t\t\t\t<\/div>\n\t\t\t\t\t<\/div>\n\t\t\t\t<\/div>\n\t\t<div class=\"elementor-element elementor-element-e142b0a e-flex e-con-boxed e-con e-parent\" data-id=\"e142b0a\" data-element_type=\"container\" data-e-type=\"container\">\n\t\t\t\t\t<div class=\"e-con-inner\">\n\t\t\t\t<div class=\"elementor-element elementor-element-aaa7fae elementor-widget elementor-widget-heading\" data-id=\"aaa7fae\" data-element_type=\"widget\" data-e-type=\"widget\" data-widget_type=\"heading.default\">\n\t\t\t\t\t<h3 class=\"elementor-heading-title elementor-size-default\">Dimens\u00f5es recomendadas<\/h3>\t\t\t\t<\/div>\n\t\t\t\t<div class=\"elementor-element elementor-element-6cf5b24 elementor-widget elementor-widget-image\" data-id=\"6cf5b24\" data-element_type=\"widget\" data-e-type=\"widget\" data-widget_type=\"image.default\">\n\t\t\t\t\t\t\t\t\t\t\t\t\t\t\t<img decoding=\"async\" width=\"1024\" height=\"499\" src=\"https:\/\/galisur.es\/wp-content\/files\/DIMENSIONES-PASSIVHAUS.png\" class=\"attachment-full size-full wp-image-16812\" alt=\"\" srcset=\"https:\/\/galisur.es\/wp-content\/files\/DIMENSIONES-PASSIVHAUS.png 1024w, https:\/\/galisur.es\/wp-content\/files\/DIMENSIONES-PASSIVHAUS-300x146.png 300w, https:\/\/galisur.es\/wp-content\/files\/DIMENSIONES-PASSIVHAUS-768x374.png 768w\" sizes=\"(max-width: 1024px) 100vw, 1024px\" title=\"\">\t\t\t\t\t\t\t\t\t\t\t\t\t\t\t<\/div>\n\t\t\t\t\t<\/div>\n\t\t\t\t<\/div>\n\t\t<div class=\"elementor-element elementor-element-2bcc813 e-flex e-con-boxed e-con e-parent\" data-id=\"2bcc813\" data-element_type=\"container\" data-e-type=\"container\" data-settings=\"{&quot;background_background&quot;:&quot;classic&quot;}\">\n\t\t\t\t\t<div class=\"e-con-inner\">\n\t\t\t\t<div class=\"elementor-element elementor-element-5361f94 elementor-widget elementor-widget-heading\" data-id=\"5361f94\" data-element_type=\"widget\" data-e-type=\"widget\" data-widget_type=\"heading.default\">\n\t\t\t\t\t<h3 class=\"elementor-heading-title elementor-size-default\">Benef\u00edcios<\/h3>\t\t\t\t<\/div>\n\t\t\t\t<div class=\"elementor-element elementor-element-0a821ce elementor-widget elementor-widget-text-editor\" data-id=\"0a821ce\" data-element_type=\"widget\" data-e-type=\"widget\" data-widget_type=\"text-editor.default\">\n\t\t\t\t\t\t\t\t\t<p>Carpintaria basculante com ruptura de ponte t\u00e9rmica e caixilhos de 80 mm. Certificado phC Passive House Institute. As suas caracter\u00edsticas garantem rentabilidade, poupan\u00e7a energ\u00e9tica, estanquidade, isolamento, comodidade e conforto. O certificado <b>Passivhaus <\/b>\u00e9 um certificado que garante uma constru\u00e7\u00e3o com a maior efici\u00eancia energ\u00e9tica poss\u00edvel.  <\/p>\t\t\t\t\t\t\t\t<\/div>\n\t\t\t\t\t<\/div>\n\t\t\t\t<\/div>\n\t\t\t\t<\/div>\n\t\t","protected":false},"excerpt":{"rendered":"<p>AR80 PASSIVHAUS Carpintaria basculante com ruptura de ponte t\u00e9rmica, caixilhos de 80 mm. Sistema Passivhaus com poliamidas low lambda de 42 mm. Vidro triplo. Certificado phC Passive House Institute. Rentabilidade e economia de energia. Higiene e ventila\u00e7\u00e3o. Hermeticidade e isolamento. Comodidade e conforto. Uw = 1,00 \u2264 1,00 W\/(m\u00b2K) Uw, installed \u2264 1,05 W\/(m\u00b2K) Ug [&hellip;]<\/p>\n","protected":false},"author":18,"featured_media":0,"parent":17251,"menu_order":0,"comment_status":"closed","ping_status":"closed","template":"","meta":{"footnotes":""},"class_list":["post-17349","page","type-page","status-publish","hentry"],"yoast_head":"<!-- This site is optimized with the Yoast SEO plugin v27.2 - https:\/\/yoast.com\/product\/yoast-seo-wordpress\/ -->\n<title>AR80 passivhaus | S\u00e9rie Abat\u00edvel RPT | Aluminios Galisur<\/title>\n<meta name=\"description\" content=\"Sistema rebat\u00edvel com moldura de 50 mm de profundidade e vidros de at\u00e9 38 mm. A s\u00e9rie AR50 foi concebida para qualquer espa\u00e7o.\" \/>\n<meta name=\"robots\" content=\"index, follow, max-snippet:-1, max-image-preview:large, max-video-preview:-1\" \/>\n<link rel=\"canonical\" href=\"https:\/\/galisur.es\/pt-pt\/serie-abatibles\/ar80-passivhaus\/\" \/>\n<meta property=\"og:locale\" content=\"pt_PT\" \/>\n<meta property=\"og:type\" content=\"article\" \/>\n<meta property=\"og:title\" content=\"AR80 passivhaus | S\u00e9rie Abat\u00edvel RPT | Aluminios Galisur\" \/>\n<meta property=\"og:description\" content=\"Sistema rebat\u00edvel com moldura de 50 mm de profundidade e vidros de at\u00e9 38 mm. A s\u00e9rie AR50 foi concebida para qualquer espa\u00e7o.\" \/>\n<meta property=\"og:url\" content=\"https:\/\/galisur.es\/pt-pt\/serie-abatibles\/ar80-passivhaus\/\" \/>\n<meta property=\"og:site_name\" content=\"Aluminios Galisur\" \/>\n<meta property=\"article:publisher\" content=\"https:\/\/www.facebook.com\/AluminiosGalisur\" \/>\n<meta property=\"article:modified_time\" content=\"2025-06-24T06:54:28+00:00\" \/>\n<meta property=\"og:image\" content=\"https:\/\/galisur.es\/wp-content\/uploads\/AR80-Passivhaus.png\" \/>\n<meta name=\"twitter:card\" content=\"summary_large_image\" \/>\n<meta name=\"twitter:site\" content=\"@AluminioGalisur\" \/>\n<meta name=\"twitter:label1\" content=\"Tempo estimado de leitura\" \/>\n\t<meta name=\"twitter:data1\" content=\"1 minuto\" \/>\n<script type=\"application\/ld+json\" class=\"yoast-schema-graph\">{\"@context\":\"https:\/\/schema.org\",\"@graph\":[{\"@type\":\"WebPage\",\"@id\":\"https:\/\/galisur.es\/pt-pt\/serie-abatibles\/ar80-passivhaus\/\",\"url\":\"https:\/\/galisur.es\/pt-pt\/serie-abatibles\/ar80-passivhaus\/\",\"name\":\"AR80 passivhaus | S\u00e9rie Abat\u00edvel RPT | Aluminios Galisur\",\"isPartOf\":{\"@id\":\"https:\/\/galisur.es\/pt-pt\/#website\"},\"primaryImageOfPage\":{\"@id\":\"https:\/\/galisur.es\/pt-pt\/serie-abatibles\/ar80-passivhaus\/#primaryimage\"},\"image\":{\"@id\":\"https:\/\/galisur.es\/pt-pt\/serie-abatibles\/ar80-passivhaus\/#primaryimage\"},\"thumbnailUrl\":\"https:\/\/galisur.es\/wp-content\/uploads\/AR80-Passivhaus.png\",\"datePublished\":\"2022-10-17T05:01:20+00:00\",\"dateModified\":\"2025-06-24T06:54:28+00:00\",\"description\":\"Sistema rebat\u00edvel com moldura de 50 mm de profundidade e vidros de at\u00e9 38 mm. A s\u00e9rie AR50 foi concebida para qualquer espa\u00e7o.\",\"breadcrumb\":{\"@id\":\"https:\/\/galisur.es\/pt-pt\/serie-abatibles\/ar80-passivhaus\/#breadcrumb\"},\"inLanguage\":\"pt-PT\",\"potentialAction\":[{\"@type\":\"ReadAction\",\"target\":[\"https:\/\/galisur.es\/pt-pt\/serie-abatibles\/ar80-passivhaus\/\"]}]},{\"@type\":\"ImageObject\",\"inLanguage\":\"pt-PT\",\"@id\":\"https:\/\/galisur.es\/pt-pt\/serie-abatibles\/ar80-passivhaus\/#primaryimage\",\"url\":\"https:\/\/galisur.es\/wp-content\/uploads\/AR80-Passivhaus.png\",\"contentUrl\":\"https:\/\/galisur.es\/wp-content\/uploads\/AR80-Passivhaus.png\"},{\"@type\":\"BreadcrumbList\",\"@id\":\"https:\/\/galisur.es\/pt-pt\/serie-abatibles\/ar80-passivhaus\/#breadcrumb\",\"itemListElement\":[{\"@type\":\"ListItem\",\"position\":1,\"name\":\"Portada\",\"item\":\"https:\/\/galisur.es\/pt-pt\/\"},{\"@type\":\"ListItem\",\"position\":2,\"name\":\"S\u00e9rie abatibles\",\"item\":\"https:\/\/galisur.es\/pt-pt\/?page_id=17251\"},{\"@type\":\"ListItem\",\"position\":3,\"name\":\"AR80 passivhaus\"}]},{\"@type\":\"WebSite\",\"@id\":\"https:\/\/galisur.es\/pt-pt\/#website\",\"url\":\"https:\/\/galisur.es\/pt-pt\/\",\"name\":\"Aluminios Galisur\",\"description\":\"Aluminios Galisur\",\"publisher\":{\"@id\":\"https:\/\/galisur.es\/pt-pt\/#organization\"},\"potentialAction\":[{\"@type\":\"SearchAction\",\"target\":{\"@type\":\"EntryPoint\",\"urlTemplate\":\"https:\/\/galisur.es\/pt-pt\/?s={search_term_string}\"},\"query-input\":{\"@type\":\"PropertyValueSpecification\",\"valueRequired\":true,\"valueName\":\"search_term_string\"}}],\"inLanguage\":\"pt-PT\"},{\"@type\":\"Organization\",\"@id\":\"https:\/\/galisur.es\/pt-pt\/#organization\",\"name\":\"Galisur\",\"url\":\"https:\/\/galisur.es\/pt-pt\/\",\"logo\":{\"@type\":\"ImageObject\",\"inLanguage\":\"pt-PT\",\"@id\":\"https:\/\/galisur.es\/pt-pt\/#\/schema\/logo\/image\/\",\"url\":\"https:\/\/galisur.es\/wp-content\/files\/2021\/03\/logo-35x15-1.png\",\"contentUrl\":\"https:\/\/galisur.es\/wp-content\/files\/2021\/03\/logo-35x15-1.png\",\"width\":370,\"height\":176,\"caption\":\"Galisur\"},\"image\":{\"@id\":\"https:\/\/galisur.es\/pt-pt\/#\/schema\/logo\/image\/\"},\"sameAs\":[\"https:\/\/www.facebook.com\/AluminiosGalisur\",\"https:\/\/x.com\/AluminioGalisur\"]}]}<\/script>\n<!-- \/ Yoast SEO plugin. -->","yoast_head_json":{"title":"AR80 passivhaus | S\u00e9rie Abat\u00edvel RPT | Aluminios Galisur","description":"Sistema rebat\u00edvel com moldura de 50 mm de profundidade e vidros de at\u00e9 38 mm. A s\u00e9rie AR50 foi concebida para qualquer espa\u00e7o.","robots":{"index":"index","follow":"follow","max-snippet":"max-snippet:-1","max-image-preview":"max-image-preview:large","max-video-preview":"max-video-preview:-1"},"canonical":"https:\/\/galisur.es\/pt-pt\/serie-abatibles\/ar80-passivhaus\/","og_locale":"pt_PT","og_type":"article","og_title":"AR80 passivhaus | S\u00e9rie Abat\u00edvel RPT | Aluminios Galisur","og_description":"Sistema rebat\u00edvel com moldura de 50 mm de profundidade e vidros de at\u00e9 38 mm. A s\u00e9rie AR50 foi concebida para qualquer espa\u00e7o.","og_url":"https:\/\/galisur.es\/pt-pt\/serie-abatibles\/ar80-passivhaus\/","og_site_name":"Aluminios Galisur","article_publisher":"https:\/\/www.facebook.com\/AluminiosGalisur","article_modified_time":"2025-06-24T06:54:28+00:00","og_image":[{"url":"https:\/\/galisur.es\/wp-content\/uploads\/AR80-Passivhaus.png","type":"","width":"","height":""}],"twitter_card":"summary_large_image","twitter_site":"@AluminioGalisur","twitter_misc":{"Tempo estimado de leitura":"1 minuto"},"schema":{"@context":"https:\/\/schema.org","@graph":[{"@type":"WebPage","@id":"https:\/\/galisur.es\/pt-pt\/serie-abatibles\/ar80-passivhaus\/","url":"https:\/\/galisur.es\/pt-pt\/serie-abatibles\/ar80-passivhaus\/","name":"AR80 passivhaus | S\u00e9rie Abat\u00edvel RPT | Aluminios Galisur","isPartOf":{"@id":"https:\/\/galisur.es\/pt-pt\/#website"},"primaryImageOfPage":{"@id":"https:\/\/galisur.es\/pt-pt\/serie-abatibles\/ar80-passivhaus\/#primaryimage"},"image":{"@id":"https:\/\/galisur.es\/pt-pt\/serie-abatibles\/ar80-passivhaus\/#primaryimage"},"thumbnailUrl":"https:\/\/galisur.es\/wp-content\/uploads\/AR80-Passivhaus.png","datePublished":"2022-10-17T05:01:20+00:00","dateModified":"2025-06-24T06:54:28+00:00","description":"Sistema rebat\u00edvel com moldura de 50 mm de profundidade e vidros de at\u00e9 38 mm. A s\u00e9rie AR50 foi concebida para qualquer espa\u00e7o.","breadcrumb":{"@id":"https:\/\/galisur.es\/pt-pt\/serie-abatibles\/ar80-passivhaus\/#breadcrumb"},"inLanguage":"pt-PT","potentialAction":[{"@type":"ReadAction","target":["https:\/\/galisur.es\/pt-pt\/serie-abatibles\/ar80-passivhaus\/"]}]},{"@type":"ImageObject","inLanguage":"pt-PT","@id":"https:\/\/galisur.es\/pt-pt\/serie-abatibles\/ar80-passivhaus\/#primaryimage","url":"https:\/\/galisur.es\/wp-content\/uploads\/AR80-Passivhaus.png","contentUrl":"https:\/\/galisur.es\/wp-content\/uploads\/AR80-Passivhaus.png"},{"@type":"BreadcrumbList","@id":"https:\/\/galisur.es\/pt-pt\/serie-abatibles\/ar80-passivhaus\/#breadcrumb","itemListElement":[{"@type":"ListItem","position":1,"name":"Portada","item":"https:\/\/galisur.es\/pt-pt\/"},{"@type":"ListItem","position":2,"name":"S\u00e9rie abatibles","item":"https:\/\/galisur.es\/pt-pt\/?page_id=17251"},{"@type":"ListItem","position":3,"name":"AR80 passivhaus"}]},{"@type":"WebSite","@id":"https:\/\/galisur.es\/pt-pt\/#website","url":"https:\/\/galisur.es\/pt-pt\/","name":"Aluminios Galisur","description":"Aluminios Galisur","publisher":{"@id":"https:\/\/galisur.es\/pt-pt\/#organization"},"potentialAction":[{"@type":"SearchAction","target":{"@type":"EntryPoint","urlTemplate":"https:\/\/galisur.es\/pt-pt\/?s={search_term_string}"},"query-input":{"@type":"PropertyValueSpecification","valueRequired":true,"valueName":"search_term_string"}}],"inLanguage":"pt-PT"},{"@type":"Organization","@id":"https:\/\/galisur.es\/pt-pt\/#organization","name":"Galisur","url":"https:\/\/galisur.es\/pt-pt\/","logo":{"@type":"ImageObject","inLanguage":"pt-PT","@id":"https:\/\/galisur.es\/pt-pt\/#\/schema\/logo\/image\/","url":"https:\/\/galisur.es\/wp-content\/files\/2021\/03\/logo-35x15-1.png","contentUrl":"https:\/\/galisur.es\/wp-content\/files\/2021\/03\/logo-35x15-1.png","width":370,"height":176,"caption":"Galisur"},"image":{"@id":"https:\/\/galisur.es\/pt-pt\/#\/schema\/logo\/image\/"},"sameAs":["https:\/\/www.facebook.com\/AluminiosGalisur","https:\/\/x.com\/AluminioGalisur"]}]}},"_links":{"self":[{"href":"https:\/\/galisur.es\/pt-pt\/wp-json\/wp\/v2\/pages\/17349","targetHints":{"allow":["GET"]}}],"collection":[{"href":"https:\/\/galisur.es\/pt-pt\/wp-json\/wp\/v2\/pages"}],"about":[{"href":"https:\/\/galisur.es\/pt-pt\/wp-json\/wp\/v2\/types\/page"}],"author":[{"embeddable":true,"href":"https:\/\/galisur.es\/pt-pt\/wp-json\/wp\/v2\/users\/18"}],"replies":[{"embeddable":true,"href":"https:\/\/galisur.es\/pt-pt\/wp-json\/wp\/v2\/comments?post=17349"}],"version-history":[{"count":1,"href":"https:\/\/galisur.es\/pt-pt\/wp-json\/wp\/v2\/pages\/17349\/revisions"}],"predecessor-version":[{"id":17350,"href":"https:\/\/galisur.es\/pt-pt\/wp-json\/wp\/v2\/pages\/17349\/revisions\/17350"}],"up":[{"embeddable":true,"href":"https:\/\/galisur.es\/pt-pt\/wp-json\/wp\/v2\/pages\/17251"}],"wp:attachment":[{"href":"https:\/\/galisur.es\/pt-pt\/wp-json\/wp\/v2\/media?parent=17349"}],"curies":[{"name":"wp","href":"https:\/\/api.w.org\/{rel}","templated":true}]}}