{"id":17325,"date":"2022-02-08T06:57:59","date_gmt":"2022-02-08T05:57:59","guid":{"rendered":"https:\/\/nervous-gagarin.141-94-206-129.plesk.page\/serie-abatibles\/ar60-16\/"},"modified":"2025-06-23T16:50:04","modified_gmt":"2025-06-23T14:50:04","slug":"ar60-16","status":"publish","type":"page","link":"https:\/\/galisur.es\/pt-pt\/serie-abatibles\/ar60-16\/","title":{"rendered":"AR60 &#8211; 16"},"content":{"rendered":"\t\t<div data-elementor-type=\"wp-page\" data-elementor-id=\"17325\" class=\"elementor elementor-17325 elementor-10907\" data-elementor-post-type=\"page\">\n\t\t\t\t<div class=\"elementor-element elementor-element-bbb3d27 e-flex e-con-boxed e-con e-parent\" data-id=\"bbb3d27\" data-element_type=\"container\" data-e-type=\"container\">\n\t\t\t\t\t<div class=\"e-con-inner\">\n\t\t<div class=\"elementor-element elementor-element-3734b8f e-con-full e-flex e-con e-child\" data-id=\"3734b8f\" data-element_type=\"container\" data-e-type=\"container\">\n\t\t\t\t<div class=\"elementor-element elementor-element-ef79a2c elementor-widget elementor-widget-image\" data-id=\"ef79a2c\" data-element_type=\"widget\" data-e-type=\"widget\" data-widget_type=\"image.default\">\n\t\t\t\t\t\t\t\t\t\t\t\t\t\t\t<img fetchpriority=\"high\" decoding=\"async\" width=\"1200\" height=\"1200\" src=\"https:\/\/galisur.es\/wp-content\/files\/AR60-16.png\" class=\"attachment-full size-full wp-image-16408\" alt=\"\" srcset=\"https:\/\/galisur.es\/wp-content\/files\/AR60-16.png 1200w, https:\/\/galisur.es\/wp-content\/files\/AR60-16-300x300.png 300w, https:\/\/galisur.es\/wp-content\/files\/AR60-16-1024x1024.png 1024w, https:\/\/galisur.es\/wp-content\/files\/AR60-16-150x150.png 150w, https:\/\/galisur.es\/wp-content\/files\/AR60-16-768x768.png 768w, https:\/\/galisur.es\/wp-content\/files\/AR60-16-800x800.png 800w\" sizes=\"(max-width: 1200px) 100vw, 1200px\" title=\"\">\t\t\t\t\t\t\t\t\t\t\t\t\t\t\t<\/div>\n\t\t\t\t<\/div>\n\t\t<div class=\"elementor-element elementor-element-f729905 e-con-full e-flex e-con e-child\" data-id=\"f729905\" data-element_type=\"container\" data-e-type=\"container\">\n\t\t\t\t<div class=\"elementor-element elementor-element-fd88c7c elementor-widget elementor-widget-heading\" data-id=\"fd88c7c\" data-element_type=\"widget\" data-e-type=\"widget\" data-widget_type=\"heading.default\">\n\t\t\t\t\t<h1 class=\"elementor-heading-title elementor-size-default\">AR60 - 16<\/h1>\t\t\t\t<\/div>\n\t\t\t\t<div class=\"elementor-element elementor-element-c602ab9 elementor-widget elementor-widget-text-editor\" data-id=\"c602ab9\" data-element_type=\"widget\" data-e-type=\"widget\" data-widget_type=\"text-editor.default\">\n\t\t\t\t\t\t\t\t\t<p>Sistema rebat\u00edvel com 60 mm de profundidade de moldura e vidros de at\u00e9 48 mm. Concebido para qualquer tipo de espa\u00e7o. Perfis de c\u00e2mara europeus com rutura de ponte t\u00e9rmica. Esquadros de alum\u00ednio com parafusos em a\u00e7o inoxid\u00e1vel. Isolamento ac\u00fastico at\u00e9 39 dB.   <\/p><p>Op\u00e7\u00f5es:<\/p><ul><li>Ferragens com fechaduras padr\u00e3o.<\/li><li>Ferragens com fechaduras de seguran\u00e7a RC2.<\/li><\/ul><p><br>Transmit\u00e2ncia da moldura UHm = 2,20 W\/m<b>\u00b2<\/b>k<br>Transmit\u00e2ncia da abertura at\u00e9 UHv = 1,06 W\/m<b>\u00b2<\/b>k<\/p>\t\t\t\t\t\t\t\t<\/div>\n\t\t\t\t<\/div>\n\t\t\t\t\t<\/div>\n\t\t\t\t<\/div>\n\t\t<div class=\"elementor-element elementor-element-5642ae3 e-flex e-con-boxed e-con e-parent\" data-id=\"5642ae3\" data-element_type=\"container\" data-e-type=\"container\" data-settings=\"{&quot;background_background&quot;:&quot;classic&quot;}\">\n\t\t\t\t\t<div class=\"e-con-inner\">\n\t\t<div class=\"elementor-element elementor-element-b2cd86d e-con-full e-flex e-con e-child\" data-id=\"b2cd86d\" data-element_type=\"container\" data-e-type=\"container\">\n\t\t\t\t<div class=\"elementor-element elementor-element-31106fa elementor-widget elementor-widget-heading\" data-id=\"31106fa\" data-element_type=\"widget\" data-e-type=\"widget\" data-widget_type=\"heading.default\">\n\t\t\t\t\t<p class=\"elementor-heading-title elementor-size-default\">Ficha t\u00e9cnica<\/p>\t\t\t\t<\/div>\n\t\t\t\t<div class=\"elementor-element elementor-element-a94faae elementor-widget elementor-widget-text-editor\" data-id=\"a94faae\" data-element_type=\"widget\" data-e-type=\"widget\" data-widget_type=\"text-editor.default\">\n\t\t\t\t\t\t\t\t\t<p><a href=\"https:\/\/galisur.es\/pt-pt\/registo\/\">Registe-se aqui<\/a> para aceder ao documento.<\/p>\t\t\t\t\t\t\t\t<\/div>\n\t\t\t\t<\/div>\n\t\t<div class=\"elementor-element elementor-element-79b1367 e-con-full e-flex e-con e-child\" data-id=\"79b1367\" data-element_type=\"container\" data-e-type=\"container\">\n\t\t\t\t<div class=\"elementor-element elementor-element-31203bc elementor-widget elementor-widget-heading\" data-id=\"31203bc\" data-element_type=\"widget\" data-e-type=\"widget\" data-widget_type=\"heading.default\">\n\t\t\t\t\t<p class=\"elementor-heading-title elementor-size-default\">Cat\u00e1logo<\/p>\t\t\t\t<\/div>\n\t\t\t\t<div class=\"elementor-element elementor-element-31b7984 elementor-widget elementor-widget-text-editor\" data-id=\"31b7984\" data-element_type=\"widget\" data-e-type=\"widget\" data-widget_type=\"text-editor.default\">\n\t\t\t\t\t\t\t\t\t<p><a href=\"https:\/\/galisur.es\/pt-pt\/registo\/\">Registe-se aqui<\/a> para aceder ao documento.<\/p>\t\t\t\t\t\t\t\t<\/div>\n\t\t\t\t<\/div>\n\t\t\t\t\t<\/div>\n\t\t\t\t<\/div>\n\t\t<div class=\"elementor-element elementor-element-690fb67 e-flex e-con-boxed e-con e-parent\" data-id=\"690fb67\" data-element_type=\"container\" data-e-type=\"container\">\n\t\t\t\t\t<div class=\"e-con-inner\">\n\t\t<div class=\"elementor-element elementor-element-d5e7adb e-con-full e-flex e-con e-child\" data-id=\"d5e7adb\" data-element_type=\"container\" data-e-type=\"container\">\n\t\t\t\t<div class=\"elementor-element elementor-element-49d18be elementor-widget elementor-widget-image\" data-id=\"49d18be\" data-element_type=\"widget\" data-e-type=\"widget\" data-widget_type=\"image.default\">\n\t\t\t\t\t\t\t\t\t\t\t\t\t\t\t<img decoding=\"async\" width=\"1200\" height=\"1200\" src=\"https:\/\/galisur.es\/wp-content\/files\/AR50-2.png\" class=\"attachment-full size-full wp-image-16368\" alt=\"SERIE ABATIBLE CON ROTURA PUENTE T\u00c9RMICO\" srcset=\"https:\/\/galisur.es\/wp-content\/files\/AR50-2.png 1200w, https:\/\/galisur.es\/wp-content\/files\/AR50-2-300x300.png 300w, https:\/\/galisur.es\/wp-content\/files\/AR50-2-1024x1024.png 1024w, https:\/\/galisur.es\/wp-content\/files\/AR50-2-150x150.png 150w, https:\/\/galisur.es\/wp-content\/files\/AR50-2-768x768.png 768w, https:\/\/galisur.es\/wp-content\/files\/AR50-2-800x800.png 800w\" sizes=\"(max-width: 1200px) 100vw, 1200px\" title=\"\">\t\t\t\t\t\t\t\t\t\t\t\t\t\t\t<\/div>\n\t\t\t\t<\/div>\n\t\t<div class=\"elementor-element elementor-element-b956344 e-con-full e-flex e-con e-child\" data-id=\"b956344\" data-element_type=\"container\" data-e-type=\"container\">\n\t\t\t\t<div class=\"elementor-element elementor-element-cd94207 elementor-widget elementor-widget-heading\" data-id=\"cd94207\" data-element_type=\"widget\" data-e-type=\"widget\" data-widget_type=\"heading.default\">\n\t\t\t\t\t<h2 class=\"elementor-heading-title elementor-size-default\">Classifica\u00e7\u00e3o dos ensaios<\/h2>\t\t\t\t<\/div>\n\t\t\t\t<div class=\"elementor-element elementor-element-c542896 elementor-widget elementor-widget-n-accordion\" data-id=\"c542896\" data-element_type=\"widget\" data-e-type=\"widget\" data-settings=\"{&quot;default_state&quot;:&quot;expanded&quot;,&quot;max_items_expended&quot;:&quot;one&quot;,&quot;n_accordion_animation_duration&quot;:{&quot;unit&quot;:&quot;ms&quot;,&quot;size&quot;:400,&quot;sizes&quot;:[]}}\" data-widget_type=\"nested-accordion.default\">\n\t\t\t\t\t\t\t<div class=\"e-n-accordion\" aria-label=\"Accordion. Open links with Enter or Space, close with Escape, and navigate with Arrow Keys\">\n\t\t\t\t\t\t<details id=\"e-n-accordion-item-2060\" class=\"e-n-accordion-item\" open>\n\t\t\t\t<summary class=\"e-n-accordion-item-title\" data-accordion-index=\"1\" tabindex=\"0\" aria-expanded=\"true\" aria-controls=\"e-n-accordion-item-2060\" >\n\t\t\t\t\t<span class='e-n-accordion-item-title-header'><div class=\"e-n-accordion-item-title-text\"> Permeabilidade ao ar <\/div><\/span>\n\t\t\t\t\t\t\t<span class='e-n-accordion-item-title-icon'>\n\t\t\t<span class='e-opened' ><svg aria-hidden=\"true\" class=\"e-font-icon-svg e-fas-minus\" viewBox=\"0 0 448 512\" xmlns=\"http:\/\/www.w3.org\/2000\/svg\"><path d=\"M416 208H32c-17.67 0-32 14.33-32 32v32c0 17.67 14.33 32 32 32h384c17.67 0 32-14.33 32-32v-32c0-17.67-14.33-32-32-32z\"><\/path><\/svg><\/span>\n\t\t\t<span class='e-closed'><svg aria-hidden=\"true\" class=\"e-font-icon-svg e-fas-plus\" viewBox=\"0 0 448 512\" xmlns=\"http:\/\/www.w3.org\/2000\/svg\"><path d=\"M416 208H272V64c0-17.67-14.33-32-32-32h-32c-17.67 0-32 14.33-32 32v144H32c-17.67 0-32 14.33-32 32v32c0 17.67 14.33 32 32 32h144v144c0 17.67 14.33 32 32 32h32c17.67 0 32-14.33 32-32V304h144c17.67 0 32-14.33 32-32v-32c0-17.67-14.33-32-32-32z\"><\/path><\/svg><\/span>\n\t\t<\/span>\n\n\t\t\t\t\t\t<\/summary>\n\t\t\t\t<div role=\"region\" aria-labelledby=\"e-n-accordion-item-2060\" class=\"elementor-element elementor-element-003dec1 e-con-full e-flex e-con e-child\" data-id=\"003dec1\" data-element_type=\"container\" data-e-type=\"container\">\n\t\t\t\t<div class=\"elementor-element elementor-element-6014ef4 elementor-widget elementor-widget-text-editor\" data-id=\"6014ef4\" data-element_type=\"widget\" data-e-type=\"widget\" data-widget_type=\"text-editor.default\">\n\t\t\t\t\t\t\t\t\t<p>Classe 4 (UNE-EN 12207:200)<\/p>\t\t\t\t\t\t\t\t<\/div>\n\t\t\t\t<\/div>\n\t\t\t\t\t<\/details>\n\t\t\t\t\t\t<details id=\"e-n-accordion-item-2061\" class=\"e-n-accordion-item\" >\n\t\t\t\t<summary class=\"e-n-accordion-item-title\" data-accordion-index=\"2\" tabindex=\"-1\" aria-expanded=\"false\" aria-controls=\"e-n-accordion-item-2061\" >\n\t\t\t\t\t<span class='e-n-accordion-item-title-header'><div class=\"e-n-accordion-item-title-text\"> Estanqueidade \u00e0 \u00e1gua <\/div><\/span>\n\t\t\t\t\t\t\t<span class='e-n-accordion-item-title-icon'>\n\t\t\t<span class='e-opened' ><svg aria-hidden=\"true\" class=\"e-font-icon-svg e-fas-minus\" viewBox=\"0 0 448 512\" xmlns=\"http:\/\/www.w3.org\/2000\/svg\"><path d=\"M416 208H32c-17.67 0-32 14.33-32 32v32c0 17.67 14.33 32 32 32h384c17.67 0 32-14.33 32-32v-32c0-17.67-14.33-32-32-32z\"><\/path><\/svg><\/span>\n\t\t\t<span class='e-closed'><svg aria-hidden=\"true\" class=\"e-font-icon-svg e-fas-plus\" viewBox=\"0 0 448 512\" xmlns=\"http:\/\/www.w3.org\/2000\/svg\"><path d=\"M416 208H272V64c0-17.67-14.33-32-32-32h-32c-17.67 0-32 14.33-32 32v144H32c-17.67 0-32 14.33-32 32v32c0 17.67 14.33 32 32 32h144v144c0 17.67 14.33 32 32 32h32c17.67 0 32-14.33 32-32V304h144c17.67 0 32-14.33 32-32v-32c0-17.67-14.33-32-32-32z\"><\/path><\/svg><\/span>\n\t\t<\/span>\n\n\t\t\t\t\t\t<\/summary>\n\t\t\t\t<div role=\"region\" aria-labelledby=\"e-n-accordion-item-2061\" class=\"elementor-element elementor-element-264f928 e-con-full e-flex e-con e-child\" data-id=\"264f928\" data-element_type=\"container\" data-e-type=\"container\">\n\t\t\t\t<div class=\"elementor-element elementor-element-f52a5d6 elementor-widget elementor-widget-text-editor\" data-id=\"f52a5d6\" data-element_type=\"widget\" data-e-type=\"widget\" data-widget_type=\"text-editor.default\">\n\t\t\t\t\t\t\t\t\t<p>Classe E1800 (UNE-EN 12208:200)<\/p>\t\t\t\t\t\t\t\t<\/div>\n\t\t\t\t<\/div>\n\t\t\t\t\t<\/details>\n\t\t\t\t\t\t<details id=\"e-n-accordion-item-2062\" class=\"e-n-accordion-item\" >\n\t\t\t\t<summary class=\"e-n-accordion-item-title\" data-accordion-index=\"3\" tabindex=\"-1\" aria-expanded=\"false\" aria-controls=\"e-n-accordion-item-2062\" >\n\t\t\t\t\t<span class='e-n-accordion-item-title-header'><div class=\"e-n-accordion-item-title-text\"> Resist\u00eancia ao vento <\/div><\/span>\n\t\t\t\t\t\t\t<span class='e-n-accordion-item-title-icon'>\n\t\t\t<span class='e-opened' ><svg aria-hidden=\"true\" class=\"e-font-icon-svg e-fas-minus\" viewBox=\"0 0 448 512\" xmlns=\"http:\/\/www.w3.org\/2000\/svg\"><path d=\"M416 208H32c-17.67 0-32 14.33-32 32v32c0 17.67 14.33 32 32 32h384c17.67 0 32-14.33 32-32v-32c0-17.67-14.33-32-32-32z\"><\/path><\/svg><\/span>\n\t\t\t<span class='e-closed'><svg aria-hidden=\"true\" class=\"e-font-icon-svg e-fas-plus\" viewBox=\"0 0 448 512\" xmlns=\"http:\/\/www.w3.org\/2000\/svg\"><path d=\"M416 208H272V64c0-17.67-14.33-32-32-32h-32c-17.67 0-32 14.33-32 32v144H32c-17.67 0-32 14.33-32 32v32c0 17.67 14.33 32 32 32h144v144c0 17.67 14.33 32 32 32h32c17.67 0 32-14.33 32-32V304h144c17.67 0 32-14.33 32-32v-32c0-17.67-14.33-32-32-32z\"><\/path><\/svg><\/span>\n\t\t<\/span>\n\n\t\t\t\t\t\t<\/summary>\n\t\t\t\t<div role=\"region\" aria-labelledby=\"e-n-accordion-item-2062\" class=\"elementor-element elementor-element-aec696f e-con-full e-flex e-con e-child\" data-id=\"aec696f\" data-element_type=\"container\" data-e-type=\"container\">\n\t\t\t\t<div class=\"elementor-element elementor-element-95add79 elementor-widget elementor-widget-text-editor\" data-id=\"95add79\" data-element_type=\"widget\" data-e-type=\"widget\" data-widget_type=\"text-editor.default\">\n\t\t\t\t\t\t\t\t\t<p>Classe C5 (UNE-EN 12209:200)<\/p>\t\t\t\t\t\t\t\t<\/div>\n\t\t\t\t<\/div>\n\t\t\t\t\t<\/details>\n\t\t\t\t\t<\/div>\n\t\t\t\t\t\t<\/div>\n\t\t\t\t<\/div>\n\t\t\t\t\t<\/div>\n\t\t\t\t<\/div>\n\t\t<div class=\"elementor-element elementor-element-07ebd9c e-flex e-con-boxed e-con e-parent\" data-id=\"07ebd9c\" data-element_type=\"container\" data-e-type=\"container\">\n\t\t\t\t\t<div class=\"e-con-inner\">\n\t\t\t\t<div class=\"elementor-element elementor-element-1e32d0b elementor-widget elementor-widget-heading\" data-id=\"1e32d0b\" data-element_type=\"widget\" data-e-type=\"widget\" data-widget_type=\"heading.default\">\n\t\t\t\t\t<h3 class=\"elementor-heading-title elementor-size-default\">Dimens\u00f5es recomendadas<\/h3>\t\t\t\t<\/div>\n\t\t\t\t<div class=\"elementor-element elementor-element-aa031d6 elementor-widget elementor-widget-image\" data-id=\"aa031d6\" data-element_type=\"widget\" data-e-type=\"widget\" data-widget_type=\"image.default\">\n\t\t\t\t\t\t\t\t\t\t\t\t\t\t\t<img decoding=\"async\" width=\"1024\" height=\"499\" src=\"https:\/\/galisur.es\/wp-content\/files\/DIMENSIONES-AR50-16.png\" class=\"attachment-full size-full wp-image-16800\" alt=\"\" srcset=\"https:\/\/galisur.es\/wp-content\/files\/DIMENSIONES-AR50-16.png 1024w, https:\/\/galisur.es\/wp-content\/files\/DIMENSIONES-AR50-16-300x146.png 300w, https:\/\/galisur.es\/wp-content\/files\/DIMENSIONES-AR50-16-768x374.png 768w\" sizes=\"(max-width: 1024px) 100vw, 1024px\" title=\"\">\t\t\t\t\t\t\t\t\t\t\t\t\t\t\t<\/div>\n\t\t\t\t\t<\/div>\n\t\t\t\t<\/div>\n\t\t<div class=\"elementor-element elementor-element-3f03a05 e-flex e-con-boxed e-con e-parent\" data-id=\"3f03a05\" data-element_type=\"container\" data-e-type=\"container\" data-settings=\"{&quot;background_background&quot;:&quot;classic&quot;}\">\n\t\t\t\t\t<div class=\"e-con-inner\">\n\t\t\t\t<div class=\"elementor-element elementor-element-d6a39aa elementor-widget elementor-widget-heading\" data-id=\"d6a39aa\" data-element_type=\"widget\" data-e-type=\"widget\" data-widget_type=\"heading.default\">\n\t\t\t\t\t<h3 class=\"elementor-heading-title elementor-size-default\">Benef\u00edcios<\/h3>\t\t\t\t<\/div>\n\t\t\t\t<div class=\"elementor-element elementor-element-67d6f71 elementor-widget elementor-widget-text-editor\" data-id=\"67d6f71\" data-element_type=\"widget\" data-e-type=\"widget\" data-widget_type=\"text-editor.default\">\n\t\t\t\t\t\t\t\t\t<p>Os sistemas de perfis de alum\u00ednio rebat\u00edveis AR60-16 oferecem um excelente desempenho e caracter\u00edsticas t\u00e9cnicas gra\u00e7as \u00e0 alta qualidade do alum\u00ednio Galisur. Este design de carpintaria AR60-16 foi concebido para resistir a todos os tipos de clima e proporcionar efici\u00eancia energ\u00e9tica no interior de estabelecimentos comerciais e habita\u00e7\u00f5es. <\/p><ul><li><b>Reduz o ru\u00eddo exterior<\/b>: Esta carpintaria de alum\u00ednio proporciona conforto no interior da casa\/com\u00e9rcio gra\u00e7as \u00e0 prote\u00e7\u00e3o contra a polui\u00e7\u00e3o ac\u00fastica.<\/li><li><b>Prote\u00e7\u00e3o e resist\u00eancia<\/b>: permitindo uma economia no nosso consumo energ\u00e9tico.<\/li><li aria-level=\"1\"><b>M\u00e1xima resist\u00eancia e m\u00ednima manuten\u00e7\u00e3o<\/b>: Gra\u00e7as \u00e0 excelente qualidade dos seus perfis em alum\u00ednio, a nossa janela basculante ou porta basculante requer uma manuten\u00e7\u00e3o anual m\u00ednima.<\/li><\/ul><ul><li aria-level=\"1\"><b>Seguran\u00e7a em todos os fechos<\/b>: Os perfis Galisur s\u00e3o concebidos para oferecer a possibilidade de fechos padr\u00e3o, de seguran\u00e7a RC2 e fechos por press\u00e3o.<\/li><li><b>Diferentes acabamentos<\/b>: Oferecemos uma ampla gama de cores RAL e texturas exclusivas para o lacado da sua janela basculante.<\/li><\/ul>\t\t\t\t\t\t\t\t<\/div>\n\t\t\t\t\t<\/div>\n\t\t\t\t<\/div>\n\t\t\t\t<\/div>\n\t\t","protected":false},"excerpt":{"rendered":"<p>AR60 &#8211; 16 Sistema rebat\u00edvel com 60 mm de profundidade de moldura e vidros de at\u00e9 48 mm. Concebido para qualquer tipo de espa\u00e7o. Perfis de c\u00e2mara europeus com rutura de ponte t\u00e9rmica. Esquadros de alum\u00ednio com parafusos em a\u00e7o inoxid\u00e1vel. Isolamento ac\u00fastico at\u00e9 39 dB. Op\u00e7\u00f5es: Ferragens com fechaduras padr\u00e3o. Ferragens com fechaduras de [&hellip;]<\/p>\n","protected":false},"author":18,"featured_media":0,"parent":17251,"menu_order":0,"comment_status":"closed","ping_status":"closed","template":"","meta":{"footnotes":""},"class_list":["post-17325","page","type-page","status-publish","hentry"],"yoast_head":"<!-- This site is optimized with the Yoast SEO plugin v27.2 - https:\/\/yoast.com\/product\/yoast-seo-wordpress\/ -->\n<title>AR60 - 16 | S\u00e9rie Abat\u00edvel RPT | Aluminios Galisur<\/title>\n<meta name=\"description\" content=\"Sistema rebat\u00edvel com moldura de 62 mm de profundidade e vidros de at\u00e9 48 mm. Concebido para qualquer tipo de espa\u00e7o.\" \/>\n<meta name=\"robots\" content=\"index, follow, max-snippet:-1, max-image-preview:large, max-video-preview:-1\" \/>\n<link rel=\"canonical\" href=\"https:\/\/galisur.es\/pt-pt\/serie-abatibles\/ar60-16\/\" \/>\n<meta property=\"og:locale\" content=\"pt_PT\" \/>\n<meta property=\"og:type\" content=\"article\" \/>\n<meta property=\"og:title\" content=\"AR60 - 16 | S\u00e9rie Abat\u00edvel RPT | Aluminios Galisur\" \/>\n<meta property=\"og:description\" content=\"Sistema rebat\u00edvel com moldura de 62 mm de profundidade e vidros de at\u00e9 48 mm. Concebido para qualquer tipo de espa\u00e7o.\" \/>\n<meta property=\"og:url\" content=\"https:\/\/galisur.es\/pt-pt\/serie-abatibles\/ar60-16\/\" \/>\n<meta property=\"og:site_name\" content=\"Aluminios Galisur\" \/>\n<meta property=\"article:publisher\" content=\"https:\/\/www.facebook.com\/AluminiosGalisur\" \/>\n<meta property=\"article:modified_time\" content=\"2025-06-23T14:50:04+00:00\" \/>\n<meta property=\"og:image\" content=\"https:\/\/galisur.es\/wp-content\/uploads\/AR60-16.png\" \/>\n<meta name=\"twitter:card\" content=\"summary_large_image\" \/>\n<meta name=\"twitter:site\" content=\"@AluminioGalisur\" \/>\n<meta name=\"twitter:label1\" content=\"Tempo estimado de leitura\" \/>\n\t<meta name=\"twitter:data1\" content=\"2 minutos\" \/>\n<script type=\"application\/ld+json\" class=\"yoast-schema-graph\">{\"@context\":\"https:\/\/schema.org\",\"@graph\":[{\"@type\":\"WebPage\",\"@id\":\"https:\/\/galisur.es\/pt-pt\/serie-abatibles\/ar60-16\/\",\"url\":\"https:\/\/galisur.es\/pt-pt\/serie-abatibles\/ar60-16\/\",\"name\":\"AR60 - 16 | S\u00e9rie Abat\u00edvel RPT | Aluminios Galisur\",\"isPartOf\":{\"@id\":\"https:\/\/galisur.es\/pt-pt\/#website\"},\"primaryImageOfPage\":{\"@id\":\"https:\/\/galisur.es\/pt-pt\/serie-abatibles\/ar60-16\/#primaryimage\"},\"image\":{\"@id\":\"https:\/\/galisur.es\/pt-pt\/serie-abatibles\/ar60-16\/#primaryimage\"},\"thumbnailUrl\":\"https:\/\/galisur.es\/wp-content\/uploads\/AR60-16.png\",\"datePublished\":\"2022-02-08T05:57:59+00:00\",\"dateModified\":\"2025-06-23T14:50:04+00:00\",\"description\":\"Sistema rebat\u00edvel com moldura de 62 mm de profundidade e vidros de at\u00e9 48 mm. Concebido para qualquer tipo de espa\u00e7o.\",\"breadcrumb\":{\"@id\":\"https:\/\/galisur.es\/pt-pt\/serie-abatibles\/ar60-16\/#breadcrumb\"},\"inLanguage\":\"pt-PT\",\"potentialAction\":[{\"@type\":\"ReadAction\",\"target\":[\"https:\/\/galisur.es\/pt-pt\/serie-abatibles\/ar60-16\/\"]}]},{\"@type\":\"ImageObject\",\"inLanguage\":\"pt-PT\",\"@id\":\"https:\/\/galisur.es\/pt-pt\/serie-abatibles\/ar60-16\/#primaryimage\",\"url\":\"https:\/\/galisur.es\/wp-content\/uploads\/AR60-16.png\",\"contentUrl\":\"https:\/\/galisur.es\/wp-content\/uploads\/AR60-16.png\"},{\"@type\":\"BreadcrumbList\",\"@id\":\"https:\/\/galisur.es\/pt-pt\/serie-abatibles\/ar60-16\/#breadcrumb\",\"itemListElement\":[{\"@type\":\"ListItem\",\"position\":1,\"name\":\"Portada\",\"item\":\"https:\/\/galisur.es\/pt-pt\/\"},{\"@type\":\"ListItem\",\"position\":2,\"name\":\"S\u00e9rie abatibles\",\"item\":\"https:\/\/galisur.es\/pt-pt\/?page_id=17251\"},{\"@type\":\"ListItem\",\"position\":3,\"name\":\"AR60 &#8211; 16\"}]},{\"@type\":\"WebSite\",\"@id\":\"https:\/\/galisur.es\/pt-pt\/#website\",\"url\":\"https:\/\/galisur.es\/pt-pt\/\",\"name\":\"Aluminios Galisur\",\"description\":\"Aluminios Galisur\",\"publisher\":{\"@id\":\"https:\/\/galisur.es\/pt-pt\/#organization\"},\"potentialAction\":[{\"@type\":\"SearchAction\",\"target\":{\"@type\":\"EntryPoint\",\"urlTemplate\":\"https:\/\/galisur.es\/pt-pt\/?s={search_term_string}\"},\"query-input\":{\"@type\":\"PropertyValueSpecification\",\"valueRequired\":true,\"valueName\":\"search_term_string\"}}],\"inLanguage\":\"pt-PT\"},{\"@type\":\"Organization\",\"@id\":\"https:\/\/galisur.es\/pt-pt\/#organization\",\"name\":\"Galisur\",\"url\":\"https:\/\/galisur.es\/pt-pt\/\",\"logo\":{\"@type\":\"ImageObject\",\"inLanguage\":\"pt-PT\",\"@id\":\"https:\/\/galisur.es\/pt-pt\/#\/schema\/logo\/image\/\",\"url\":\"https:\/\/galisur.es\/wp-content\/files\/2021\/03\/logo-35x15-1.png\",\"contentUrl\":\"https:\/\/galisur.es\/wp-content\/files\/2021\/03\/logo-35x15-1.png\",\"width\":370,\"height\":176,\"caption\":\"Galisur\"},\"image\":{\"@id\":\"https:\/\/galisur.es\/pt-pt\/#\/schema\/logo\/image\/\"},\"sameAs\":[\"https:\/\/www.facebook.com\/AluminiosGalisur\",\"https:\/\/x.com\/AluminioGalisur\"]}]}<\/script>\n<!-- \/ Yoast SEO plugin. -->","yoast_head_json":{"title":"AR60 - 16 | S\u00e9rie Abat\u00edvel RPT | Aluminios Galisur","description":"Sistema rebat\u00edvel com moldura de 62 mm de profundidade e vidros de at\u00e9 48 mm. Concebido para qualquer tipo de espa\u00e7o.","robots":{"index":"index","follow":"follow","max-snippet":"max-snippet:-1","max-image-preview":"max-image-preview:large","max-video-preview":"max-video-preview:-1"},"canonical":"https:\/\/galisur.es\/pt-pt\/serie-abatibles\/ar60-16\/","og_locale":"pt_PT","og_type":"article","og_title":"AR60 - 16 | S\u00e9rie Abat\u00edvel RPT | Aluminios Galisur","og_description":"Sistema rebat\u00edvel com moldura de 62 mm de profundidade e vidros de at\u00e9 48 mm. Concebido para qualquer tipo de espa\u00e7o.","og_url":"https:\/\/galisur.es\/pt-pt\/serie-abatibles\/ar60-16\/","og_site_name":"Aluminios Galisur","article_publisher":"https:\/\/www.facebook.com\/AluminiosGalisur","article_modified_time":"2025-06-23T14:50:04+00:00","og_image":[{"url":"https:\/\/galisur.es\/wp-content\/uploads\/AR60-16.png","type":"","width":"","height":""}],"twitter_card":"summary_large_image","twitter_site":"@AluminioGalisur","twitter_misc":{"Tempo estimado de leitura":"2 minutos"},"schema":{"@context":"https:\/\/schema.org","@graph":[{"@type":"WebPage","@id":"https:\/\/galisur.es\/pt-pt\/serie-abatibles\/ar60-16\/","url":"https:\/\/galisur.es\/pt-pt\/serie-abatibles\/ar60-16\/","name":"AR60 - 16 | S\u00e9rie Abat\u00edvel RPT | Aluminios Galisur","isPartOf":{"@id":"https:\/\/galisur.es\/pt-pt\/#website"},"primaryImageOfPage":{"@id":"https:\/\/galisur.es\/pt-pt\/serie-abatibles\/ar60-16\/#primaryimage"},"image":{"@id":"https:\/\/galisur.es\/pt-pt\/serie-abatibles\/ar60-16\/#primaryimage"},"thumbnailUrl":"https:\/\/galisur.es\/wp-content\/uploads\/AR60-16.png","datePublished":"2022-02-08T05:57:59+00:00","dateModified":"2025-06-23T14:50:04+00:00","description":"Sistema rebat\u00edvel com moldura de 62 mm de profundidade e vidros de at\u00e9 48 mm. Concebido para qualquer tipo de espa\u00e7o.","breadcrumb":{"@id":"https:\/\/galisur.es\/pt-pt\/serie-abatibles\/ar60-16\/#breadcrumb"},"inLanguage":"pt-PT","potentialAction":[{"@type":"ReadAction","target":["https:\/\/galisur.es\/pt-pt\/serie-abatibles\/ar60-16\/"]}]},{"@type":"ImageObject","inLanguage":"pt-PT","@id":"https:\/\/galisur.es\/pt-pt\/serie-abatibles\/ar60-16\/#primaryimage","url":"https:\/\/galisur.es\/wp-content\/uploads\/AR60-16.png","contentUrl":"https:\/\/galisur.es\/wp-content\/uploads\/AR60-16.png"},{"@type":"BreadcrumbList","@id":"https:\/\/galisur.es\/pt-pt\/serie-abatibles\/ar60-16\/#breadcrumb","itemListElement":[{"@type":"ListItem","position":1,"name":"Portada","item":"https:\/\/galisur.es\/pt-pt\/"},{"@type":"ListItem","position":2,"name":"S\u00e9rie abatibles","item":"https:\/\/galisur.es\/pt-pt\/?page_id=17251"},{"@type":"ListItem","position":3,"name":"AR60 &#8211; 16"}]},{"@type":"WebSite","@id":"https:\/\/galisur.es\/pt-pt\/#website","url":"https:\/\/galisur.es\/pt-pt\/","name":"Aluminios Galisur","description":"Aluminios Galisur","publisher":{"@id":"https:\/\/galisur.es\/pt-pt\/#organization"},"potentialAction":[{"@type":"SearchAction","target":{"@type":"EntryPoint","urlTemplate":"https:\/\/galisur.es\/pt-pt\/?s={search_term_string}"},"query-input":{"@type":"PropertyValueSpecification","valueRequired":true,"valueName":"search_term_string"}}],"inLanguage":"pt-PT"},{"@type":"Organization","@id":"https:\/\/galisur.es\/pt-pt\/#organization","name":"Galisur","url":"https:\/\/galisur.es\/pt-pt\/","logo":{"@type":"ImageObject","inLanguage":"pt-PT","@id":"https:\/\/galisur.es\/pt-pt\/#\/schema\/logo\/image\/","url":"https:\/\/galisur.es\/wp-content\/files\/2021\/03\/logo-35x15-1.png","contentUrl":"https:\/\/galisur.es\/wp-content\/files\/2021\/03\/logo-35x15-1.png","width":370,"height":176,"caption":"Galisur"},"image":{"@id":"https:\/\/galisur.es\/pt-pt\/#\/schema\/logo\/image\/"},"sameAs":["https:\/\/www.facebook.com\/AluminiosGalisur","https:\/\/x.com\/AluminioGalisur"]}]}},"_links":{"self":[{"href":"https:\/\/galisur.es\/pt-pt\/wp-json\/wp\/v2\/pages\/17325","targetHints":{"allow":["GET"]}}],"collection":[{"href":"https:\/\/galisur.es\/pt-pt\/wp-json\/wp\/v2\/pages"}],"about":[{"href":"https:\/\/galisur.es\/pt-pt\/wp-json\/wp\/v2\/types\/page"}],"author":[{"embeddable":true,"href":"https:\/\/galisur.es\/pt-pt\/wp-json\/wp\/v2\/users\/18"}],"replies":[{"embeddable":true,"href":"https:\/\/galisur.es\/pt-pt\/wp-json\/wp\/v2\/comments?post=17325"}],"version-history":[{"count":1,"href":"https:\/\/galisur.es\/pt-pt\/wp-json\/wp\/v2\/pages\/17325\/revisions"}],"predecessor-version":[{"id":17326,"href":"https:\/\/galisur.es\/pt-pt\/wp-json\/wp\/v2\/pages\/17325\/revisions\/17326"}],"up":[{"embeddable":true,"href":"https:\/\/galisur.es\/pt-pt\/wp-json\/wp\/v2\/pages\/17251"}],"wp:attachment":[{"href":"https:\/\/galisur.es\/pt-pt\/wp-json\/wp\/v2\/media?parent=17325"}],"curies":[{"name":"wp","href":"https:\/\/api.w.org\/{rel}","templated":true}]}}