{"id":17293,"date":"2021-05-11T14:54:59","date_gmt":"2021-05-11T12:54:59","guid":{"rendered":"https:\/\/nervous-gagarin.141-94-206-129.plesk.page\/serie-abatibles\/ar100\/"},"modified":"2025-06-23T16:25:59","modified_gmt":"2025-06-23T14:25:59","slug":"ar100","status":"publish","type":"page","link":"https:\/\/galisur.es\/pt-pt\/serie-abatibles\/ar100\/","title":{"rendered":"AR100"},"content":{"rendered":"\t\t<div data-elementor-type=\"wp-page\" data-elementor-id=\"17293\" class=\"elementor elementor-17293 elementor-7840\" data-elementor-post-type=\"page\">\n\t\t\t\t<div class=\"elementor-element elementor-element-ba684a8 e-flex e-con-boxed e-con e-parent\" data-id=\"ba684a8\" data-element_type=\"container\" data-e-type=\"container\">\n\t\t\t\t\t<div class=\"e-con-inner\">\n\t\t<div class=\"elementor-element elementor-element-75df929 e-con-full e-flex e-con e-child\" data-id=\"75df929\" data-element_type=\"container\" data-e-type=\"container\">\n\t\t\t\t<div class=\"elementor-element elementor-element-217acbd elementor-widget elementor-widget-image\" data-id=\"217acbd\" data-element_type=\"widget\" data-e-type=\"widget\" data-widget_type=\"image.default\">\n\t\t\t\t\t\t\t\t\t\t\t\t\t\t\t<img fetchpriority=\"high\" decoding=\"async\" width=\"1200\" height=\"1200\" src=\"https:\/\/galisur.es\/wp-content\/files\/AR100.png\" class=\"attachment-full size-full wp-image-16416\" alt=\"\" srcset=\"https:\/\/galisur.es\/wp-content\/files\/AR100.png 1200w, https:\/\/galisur.es\/wp-content\/files\/AR100-300x300.png 300w, https:\/\/galisur.es\/wp-content\/files\/AR100-1024x1024.png 1024w, https:\/\/galisur.es\/wp-content\/files\/AR100-150x150.png 150w, https:\/\/galisur.es\/wp-content\/files\/AR100-768x768.png 768w, https:\/\/galisur.es\/wp-content\/files\/AR100-800x800.png 800w\" sizes=\"(max-width: 1200px) 100vw, 1200px\" title=\"\">\t\t\t\t\t\t\t\t\t\t\t\t\t\t\t<\/div>\n\t\t\t\t<\/div>\n\t\t<div class=\"elementor-element elementor-element-1f454e9 e-con-full e-flex e-con e-child\" data-id=\"1f454e9\" data-element_type=\"container\" data-e-type=\"container\">\n\t\t\t\t<div class=\"elementor-element elementor-element-71cd2e9 elementor-widget elementor-widget-heading\" data-id=\"71cd2e9\" data-element_type=\"widget\" data-e-type=\"widget\" data-widget_type=\"heading.default\">\n\t\t\t\t\t<h1 class=\"elementor-heading-title elementor-size-default\">AR100<\/h1>\t\t\t\t<\/div>\n\t\t\t\t<div class=\"elementor-element elementor-element-834e2fd elementor-widget elementor-widget-text-editor\" data-id=\"834e2fd\" data-element_type=\"widget\" data-e-type=\"widget\" data-widget_type=\"text-editor.default\">\n\t\t\t\t\t\t\t\t\t<p>Sistema rebat\u00edvel com 100 mm de profundidade do caixilho e vidros de at\u00e9 65 mm. Especialmente concebido para portas de entrada em escrit\u00f3rios ou lojas. Perfis de c\u00e2mara coplanares com rutura de ponte t\u00e9rmica. Parafusos ocultos para a fixa\u00e7\u00e3o do caixilho. Isolamento ac\u00fastico at\u00e9 39 dB.   <\/p><p>Op\u00e7\u00f5es:<\/p><ul><li aria-level=\"1\">Ferragem de c\u00e2mara coplanar.<\/li><li aria-level=\"1\">Dobradi\u00e7as remendadas ou deslizantes.<\/li><li aria-level=\"1\">Juntas de estanqueidade em EPDM.<\/li><\/ul><p><br>Transmit\u00e2ncia da moldura UHm = 2,26 W\/m<b>\u00b2<\/b>k<br>Transmit\u00e2ncia da abertura at\u00e9 UHv = 1,029 W\/m<b>\u00b2<\/b>k<\/p>\t\t\t\t\t\t\t\t<\/div>\n\t\t\t\t<\/div>\n\t\t\t\t\t<\/div>\n\t\t\t\t<\/div>\n\t\t<div class=\"elementor-element elementor-element-342f745 e-flex e-con-boxed e-con e-parent\" data-id=\"342f745\" data-element_type=\"container\" data-e-type=\"container\" data-settings=\"{&quot;background_background&quot;:&quot;classic&quot;}\">\n\t\t\t\t\t<div class=\"e-con-inner\">\n\t\t<div class=\"elementor-element elementor-element-85abb45 e-con-full e-flex e-con e-child\" data-id=\"85abb45\" data-element_type=\"container\" data-e-type=\"container\">\n\t\t\t\t<div class=\"elementor-element elementor-element-51b715c elementor-widget elementor-widget-heading\" data-id=\"51b715c\" data-element_type=\"widget\" data-e-type=\"widget\" data-widget_type=\"heading.default\">\n\t\t\t\t\t<p class=\"elementor-heading-title elementor-size-default\">Ficha t\u00e9cnica<\/p>\t\t\t\t<\/div>\n\t\t\t\t<div class=\"elementor-element elementor-element-5f4d333 elementor-widget elementor-widget-text-editor\" data-id=\"5f4d333\" data-element_type=\"widget\" data-e-type=\"widget\" data-widget_type=\"text-editor.default\">\n\t\t\t\t\t\t\t\t\t<p><a href=\"https:\/\/galisur.es\/pt-pt\/registo\/\">Registe-se aqui<\/a> para aceder ao documento.<\/p>\t\t\t\t\t\t\t\t<\/div>\n\t\t\t\t<\/div>\n\t\t<div class=\"elementor-element elementor-element-bd0416e e-con-full e-flex e-con e-child\" data-id=\"bd0416e\" data-element_type=\"container\" data-e-type=\"container\">\n\t\t\t\t<div class=\"elementor-element elementor-element-87f026c elementor-widget elementor-widget-heading\" data-id=\"87f026c\" data-element_type=\"widget\" data-e-type=\"widget\" data-widget_type=\"heading.default\">\n\t\t\t\t\t<p class=\"elementor-heading-title elementor-size-default\">Cat\u00e1logo<\/p>\t\t\t\t<\/div>\n\t\t\t\t<div class=\"elementor-element elementor-element-24ca596 elementor-widget elementor-widget-text-editor\" data-id=\"24ca596\" data-element_type=\"widget\" data-e-type=\"widget\" data-widget_type=\"text-editor.default\">\n\t\t\t\t\t\t\t\t\t<p><a href=\"https:\/\/galisur.es\/pt-pt\/registo\/\">Registe-se aqui<\/a> para aceder ao documento.<\/p>\t\t\t\t\t\t\t\t<\/div>\n\t\t\t\t<\/div>\n\t\t\t\t\t<\/div>\n\t\t\t\t<\/div>\n\t\t<div class=\"elementor-element elementor-element-8926f18 e-flex e-con-boxed e-con e-parent\" data-id=\"8926f18\" data-element_type=\"container\" data-e-type=\"container\">\n\t\t\t\t\t<div class=\"e-con-inner\">\n\t\t<div class=\"elementor-element elementor-element-335d51a e-con-full e-flex e-con e-child\" data-id=\"335d51a\" data-element_type=\"container\" data-e-type=\"container\">\n\t\t\t\t<div class=\"elementor-element elementor-element-eea94ea elementor-widget elementor-widget-image\" data-id=\"eea94ea\" data-element_type=\"widget\" data-e-type=\"widget\" data-widget_type=\"image.default\">\n\t\t\t\t\t\t\t\t\t\t\t\t\t\t\t<img decoding=\"async\" width=\"1200\" height=\"1200\" src=\"https:\/\/galisur.es\/wp-content\/files\/AR100-detalle.png\" class=\"attachment-full size-full wp-image-16412\" alt=\"\" srcset=\"https:\/\/galisur.es\/wp-content\/files\/AR100-detalle.png 1200w, https:\/\/galisur.es\/wp-content\/files\/AR100-detalle-300x300.png 300w, https:\/\/galisur.es\/wp-content\/files\/AR100-detalle-1024x1024.png 1024w, https:\/\/galisur.es\/wp-content\/files\/AR100-detalle-150x150.png 150w, https:\/\/galisur.es\/wp-content\/files\/AR100-detalle-768x768.png 768w, https:\/\/galisur.es\/wp-content\/files\/AR100-detalle-800x800.png 800w\" sizes=\"(max-width: 1200px) 100vw, 1200px\" title=\"\">\t\t\t\t\t\t\t\t\t\t\t\t\t\t\t<\/div>\n\t\t\t\t<\/div>\n\t\t<div class=\"elementor-element elementor-element-80f85cb e-con-full e-flex e-con e-child\" data-id=\"80f85cb\" data-element_type=\"container\" data-e-type=\"container\">\n\t\t\t\t<div class=\"elementor-element elementor-element-2c29f68 elementor-widget elementor-widget-heading\" data-id=\"2c29f68\" data-element_type=\"widget\" data-e-type=\"widget\" data-widget_type=\"heading.default\">\n\t\t\t\t\t<h2 class=\"elementor-heading-title elementor-size-default\">Classifica\u00e7\u00e3o dos ensaios<\/h2>\t\t\t\t<\/div>\n\t\t\t\t<div class=\"elementor-element elementor-element-3be1ab2 elementor-widget elementor-widget-n-accordion\" data-id=\"3be1ab2\" data-element_type=\"widget\" data-e-type=\"widget\" data-settings=\"{&quot;default_state&quot;:&quot;expanded&quot;,&quot;max_items_expended&quot;:&quot;one&quot;,&quot;n_accordion_animation_duration&quot;:{&quot;unit&quot;:&quot;ms&quot;,&quot;size&quot;:400,&quot;sizes&quot;:[]}}\" data-widget_type=\"nested-accordion.default\">\n\t\t\t\t\t\t\t<div class=\"e-n-accordion\" aria-label=\"Accordion. Open links with Enter or Space, close with Escape, and navigate with Arrow Keys\">\n\t\t\t\t\t\t<details id=\"e-n-accordion-item-6270\" class=\"e-n-accordion-item\" open>\n\t\t\t\t<summary class=\"e-n-accordion-item-title\" data-accordion-index=\"1\" tabindex=\"0\" aria-expanded=\"true\" aria-controls=\"e-n-accordion-item-6270\" >\n\t\t\t\t\t<span class='e-n-accordion-item-title-header'><div class=\"e-n-accordion-item-title-text\"> Transmit\u00e2ncia t\u00e9rmica <\/div><\/span>\n\t\t\t\t\t\t\t<span class='e-n-accordion-item-title-icon'>\n\t\t\t<span class='e-opened' ><svg aria-hidden=\"true\" class=\"e-font-icon-svg e-fas-minus\" viewBox=\"0 0 448 512\" xmlns=\"http:\/\/www.w3.org\/2000\/svg\"><path d=\"M416 208H32c-17.67 0-32 14.33-32 32v32c0 17.67 14.33 32 32 32h384c17.67 0 32-14.33 32-32v-32c0-17.67-14.33-32-32-32z\"><\/path><\/svg><\/span>\n\t\t\t<span class='e-closed'><svg aria-hidden=\"true\" class=\"e-font-icon-svg e-fas-plus\" viewBox=\"0 0 448 512\" xmlns=\"http:\/\/www.w3.org\/2000\/svg\"><path d=\"M416 208H272V64c0-17.67-14.33-32-32-32h-32c-17.67 0-32 14.33-32 32v144H32c-17.67 0-32 14.33-32 32v32c0 17.67 14.33 32 32 32h144v144c0 17.67 14.33 32 32 32h32c17.67 0 32-14.33 32-32V304h144c17.67 0 32-14.33 32-32v-32c0-17.67-14.33-32-32-32z\"><\/path><\/svg><\/span>\n\t\t<\/span>\n\n\t\t\t\t\t\t<\/summary>\n\t\t\t\t<div role=\"region\" aria-labelledby=\"e-n-accordion-item-6270\" class=\"elementor-element elementor-element-fb09b7d e-con-full e-flex e-con e-child\" data-id=\"fb09b7d\" data-element_type=\"container\" data-e-type=\"container\">\n\t\t\t\t<div class=\"elementor-element elementor-element-354a53e elementor-widget elementor-widget-text-editor\" data-id=\"354a53e\" data-element_type=\"widget\" data-e-type=\"widget\" data-widget_type=\"text-editor.default\">\n\t\t\t\t\t\t\t\t\t<p>UNE-EN 10077-1:2010 sobre diferentes tipos de dimens\u00f5es e vidros.<\/p>\t\t\t\t\t\t\t\t<\/div>\n\t\t\t\t<\/div>\n\t\t\t\t\t<\/details>\n\t\t\t\t\t\t<details id=\"e-n-accordion-item-6271\" class=\"e-n-accordion-item\" >\n\t\t\t\t<summary class=\"e-n-accordion-item-title\" data-accordion-index=\"2\" tabindex=\"-1\" aria-expanded=\"false\" aria-controls=\"e-n-accordion-item-6271\" >\n\t\t\t\t\t<span class='e-n-accordion-item-title-header'><div class=\"e-n-accordion-item-title-text\"> Isolamento ac\u00fastico <\/div><\/span>\n\t\t\t\t\t\t\t<span class='e-n-accordion-item-title-icon'>\n\t\t\t<span class='e-opened' ><svg aria-hidden=\"true\" class=\"e-font-icon-svg e-fas-minus\" viewBox=\"0 0 448 512\" xmlns=\"http:\/\/www.w3.org\/2000\/svg\"><path d=\"M416 208H32c-17.67 0-32 14.33-32 32v32c0 17.67 14.33 32 32 32h384c17.67 0 32-14.33 32-32v-32c0-17.67-14.33-32-32-32z\"><\/path><\/svg><\/span>\n\t\t\t<span class='e-closed'><svg aria-hidden=\"true\" class=\"e-font-icon-svg e-fas-plus\" viewBox=\"0 0 448 512\" xmlns=\"http:\/\/www.w3.org\/2000\/svg\"><path d=\"M416 208H272V64c0-17.67-14.33-32-32-32h-32c-17.67 0-32 14.33-32 32v144H32c-17.67 0-32 14.33-32 32v32c0 17.67 14.33 32 32 32h144v144c0 17.67 14.33 32 32 32h32c17.67 0 32-14.33 32-32V304h144c17.67 0 32-14.33 32-32v-32c0-17.67-14.33-32-32-32z\"><\/path><\/svg><\/span>\n\t\t<\/span>\n\n\t\t\t\t\t\t<\/summary>\n\t\t\t\t<div role=\"region\" aria-labelledby=\"e-n-accordion-item-6271\" class=\"elementor-element elementor-element-802b55c e-con-full e-flex e-con e-child\" data-id=\"802b55c\" data-element_type=\"container\" data-e-type=\"container\">\n\t\t\t\t<div class=\"elementor-element elementor-element-2f10503 elementor-widget elementor-widget-text-editor\" data-id=\"2f10503\" data-element_type=\"widget\" data-e-type=\"widget\" data-widget_type=\"text-editor.default\">\n\t\t\t\t\t\t\t\t\t<p>At\u00e9 39 dB UNE-EN 14351:2006+A:2001<\/p>\t\t\t\t\t\t\t\t<\/div>\n\t\t\t\t<\/div>\n\t\t\t\t\t<\/details>\n\t\t\t\t\t<\/div>\n\t\t\t\t\t\t<\/div>\n\t\t\t\t<\/div>\n\t\t\t\t\t<\/div>\n\t\t\t\t<\/div>\n\t\t<div class=\"elementor-element elementor-element-6e55a72 e-flex e-con-boxed e-con e-parent\" data-id=\"6e55a72\" data-element_type=\"container\" data-e-type=\"container\">\n\t\t\t\t\t<div class=\"e-con-inner\">\n\t\t<div class=\"elementor-element elementor-element-d1e3eb4 e-con-full e-flex e-con e-child\" data-id=\"d1e3eb4\" data-element_type=\"container\" data-e-type=\"container\">\n\t\t\t\t<div class=\"elementor-element elementor-element-34053f4 elementor-widget elementor-widget-heading\" data-id=\"34053f4\" data-element_type=\"widget\" data-e-type=\"widget\" data-widget_type=\"heading.default\">\n\t\t\t\t\t<h3 class=\"elementor-heading-title elementor-size-default\">Op\u00e7\u00f5es de abertura<\/h3>\t\t\t\t<\/div>\n\t\t\t\t<div class=\"elementor-element elementor-element-7d96f24 elementor-widget elementor-widget-image\" data-id=\"7d96f24\" data-element_type=\"widget\" data-e-type=\"widget\" data-widget_type=\"image.default\">\n\t\t\t\t\t\t\t\t\t\t\t\t\t\t\t<img decoding=\"async\" width=\"1024\" height=\"499\" src=\"https:\/\/galisur.es\/wp-content\/files\/APERTURA-AR100.png\" class=\"attachment-full size-full wp-image-16808\" alt=\"\" srcset=\"https:\/\/galisur.es\/wp-content\/files\/APERTURA-AR100.png 1024w, https:\/\/galisur.es\/wp-content\/files\/APERTURA-AR100-300x146.png 300w, https:\/\/galisur.es\/wp-content\/files\/APERTURA-AR100-768x374.png 768w\" sizes=\"(max-width: 1024px) 100vw, 1024px\" title=\"\">\t\t\t\t\t\t\t\t\t\t\t\t\t\t\t<\/div>\n\t\t\t\t<\/div>\n\t\t<div class=\"elementor-element elementor-element-d8b0e59 e-con-full e-flex e-con e-child\" data-id=\"d8b0e59\" data-element_type=\"container\" data-e-type=\"container\">\n\t\t\t\t<div class=\"elementor-element elementor-element-d76ef5a elementor-widget elementor-widget-heading\" data-id=\"d76ef5a\" data-element_type=\"widget\" data-e-type=\"widget\" data-widget_type=\"heading.default\">\n\t\t\t\t\t<h3 class=\"elementor-heading-title elementor-size-default\">Dimens\u00f5es recomendadas<\/h3>\t\t\t\t<\/div>\n\t\t\t\t<div class=\"elementor-element elementor-element-d00b61b elementor-widget elementor-widget-image\" data-id=\"d00b61b\" data-element_type=\"widget\" data-e-type=\"widget\" data-widget_type=\"image.default\">\n\t\t\t\t\t\t\t\t\t\t\t\t\t\t\t<img loading=\"lazy\" decoding=\"async\" width=\"1024\" height=\"499\" src=\"https:\/\/galisur.es\/wp-content\/files\/DIMENSIONES-AR100.png\" class=\"attachment-full size-full wp-image-16804\" alt=\"\" srcset=\"https:\/\/galisur.es\/wp-content\/files\/DIMENSIONES-AR100.png 1024w, https:\/\/galisur.es\/wp-content\/files\/DIMENSIONES-AR100-300x146.png 300w, https:\/\/galisur.es\/wp-content\/files\/DIMENSIONES-AR100-768x374.png 768w\" sizes=\"(max-width: 1024px) 100vw, 1024px\" title=\"\">\t\t\t\t\t\t\t\t\t\t\t\t\t\t\t<\/div>\n\t\t\t\t<\/div>\n\t\t\t\t\t<\/div>\n\t\t\t\t<\/div>\n\t\t<div class=\"elementor-element elementor-element-e588d2a e-flex e-con-boxed e-con e-parent\" data-id=\"e588d2a\" data-element_type=\"container\" data-e-type=\"container\" data-settings=\"{&quot;background_background&quot;:&quot;classic&quot;}\">\n\t\t\t\t\t<div class=\"e-con-inner\">\n\t\t\t\t<div class=\"elementor-element elementor-element-0cd0ec4 elementor-widget elementor-widget-heading\" data-id=\"0cd0ec4\" data-element_type=\"widget\" data-e-type=\"widget\" data-widget_type=\"heading.default\">\n\t\t\t\t\t<h3 class=\"elementor-heading-title elementor-size-default\">Benef\u00edcios<\/h3>\t\t\t\t<\/div>\n\t\t\t\t<div class=\"elementor-element elementor-element-b93696a elementor-widget elementor-widget-text-editor\" data-id=\"b93696a\" data-element_type=\"widget\" data-e-type=\"widget\" data-widget_type=\"text-editor.default\">\n\t\t\t\t\t\t\t\t\t<p>Os sistemas de perfis de alum\u00ednio rebat\u00edveis oferecem-nos m\u00faltiplas op\u00e7\u00f5es em termos de design, envidra\u00e7amento e desempenho, gra\u00e7as \u00e0 elevada qualidade do alum\u00ednio Galisur.<\/p><p>A nossa carpintaria AR100 foi concebida para habita\u00e7\u00f5es e estabelecimentos comerciais.<\/p><ul><li><b>Redu\u00e7\u00e3o do ru\u00eddo proveniente do exterior<\/b>: Esta carpintaria de alum\u00ednio proporciona conforto no interior da casa\/com\u00e9rcio gra\u00e7as \u00e0 prote\u00e7\u00e3o contra a polui\u00e7\u00e3o ac\u00fastica.<\/li><li><b>Alta prote\u00e7\u00e3o e resist\u00eancia ao ar e ao vento<\/b>: permitindo uma economia no consumo de energia.<\/li><li aria-level=\"1\"><b>M\u00e1xima resist\u00eancia e m\u00ednima manuten\u00e7\u00e3o<\/b>: Gra\u00e7as \u00e0 excelente qualidade dos seus perfis em alum\u00ednio, a nossa janela basculante ou porta basculante requer uma manuten\u00e7\u00e3o anual m\u00ednima.<\/li><\/ul><ul><li aria-level=\"1\"><b>Seguran\u00e7a em todos os fechos<\/b>: Os perfis Galisur s\u00e3o concebidos para oferecer a possibilidade de fechos padr\u00e3o, de seguran\u00e7a RC2 e fechos por press\u00e3o.<\/li><li><b>Variedade de cores e texturas<\/b>: Oferecemos uma ampla gama de cores RAL e texturas exclusivas para o lacado da sua janela basculante.<\/li><\/ul>\t\t\t\t\t\t\t\t<\/div>\n\t\t\t\t\t<\/div>\n\t\t\t\t<\/div>\n\t\t\t\t<\/div>\n\t\t","protected":false},"excerpt":{"rendered":"<p>AR100 Sistema rebat\u00edvel com 100 mm de profundidade do caixilho e vidros de at\u00e9 65 mm. Especialmente concebido para portas de entrada em escrit\u00f3rios ou lojas. Perfis de c\u00e2mara coplanares com rutura de ponte t\u00e9rmica. Parafusos ocultos para a fixa\u00e7\u00e3o do caixilho. Isolamento ac\u00fastico at\u00e9 39 dB. Op\u00e7\u00f5es: Ferragem de c\u00e2mara coplanar. Dobradi\u00e7as remendadas ou [&hellip;]<\/p>\n","protected":false},"author":1998,"featured_media":0,"parent":17251,"menu_order":0,"comment_status":"closed","ping_status":"closed","template":"","meta":{"footnotes":""},"class_list":["post-17293","page","type-page","status-publish","hentry"],"yoast_head":"<!-- This site is optimized with the Yoast SEO plugin v27.2 - https:\/\/yoast.com\/product\/yoast-seo-wordpress\/ -->\n<title>AR100 | Aluminios Galisur<\/title>\n<meta name=\"description\" content=\"AR100 Sistema rebat\u00edvel com 100 mm de profundidade do caixilho e vidros de at\u00e9 65 mm. Especialmente concebido para portas de entrada em escrit\u00f3rios ou\" \/>\n<meta name=\"robots\" content=\"index, follow, max-snippet:-1, max-image-preview:large, max-video-preview:-1\" \/>\n<link rel=\"canonical\" href=\"https:\/\/galisur.es\/pt-pt\/serie-abatibles\/ar100\/\" \/>\n<meta property=\"og:locale\" content=\"pt_PT\" \/>\n<meta property=\"og:type\" content=\"article\" \/>\n<meta property=\"og:title\" content=\"AR100 | Aluminios Galisur\" \/>\n<meta property=\"og:description\" content=\"AR100 Sistema rebat\u00edvel com 100 mm de profundidade do caixilho e vidros de at\u00e9 65 mm. Especialmente concebido para portas de entrada em escrit\u00f3rios ou\" \/>\n<meta property=\"og:url\" content=\"https:\/\/galisur.es\/pt-pt\/serie-abatibles\/ar100\/\" \/>\n<meta property=\"og:site_name\" content=\"Aluminios Galisur\" \/>\n<meta property=\"article:publisher\" content=\"https:\/\/www.facebook.com\/AluminiosGalisur\" \/>\n<meta property=\"article:modified_time\" content=\"2025-06-23T14:25:59+00:00\" \/>\n<meta property=\"og:image\" content=\"https:\/\/galisur.es\/wp-content\/uploads\/AR100.png\" \/>\n<meta name=\"twitter:card\" content=\"summary_large_image\" \/>\n<meta name=\"twitter:site\" content=\"@AluminioGalisur\" \/>\n<meta name=\"twitter:label1\" content=\"Tempo estimado de leitura\" \/>\n\t<meta name=\"twitter:data1\" content=\"2 minutos\" \/>\n<script type=\"application\/ld+json\" class=\"yoast-schema-graph\">{\"@context\":\"https:\/\/schema.org\",\"@graph\":[{\"@type\":\"WebPage\",\"@id\":\"https:\/\/galisur.es\/pt-pt\/serie-abatibles\/ar100\/\",\"url\":\"https:\/\/galisur.es\/pt-pt\/serie-abatibles\/ar100\/\",\"name\":\"AR100 | Aluminios Galisur\",\"isPartOf\":{\"@id\":\"https:\/\/galisur.es\/pt-pt\/#website\"},\"primaryImageOfPage\":{\"@id\":\"https:\/\/galisur.es\/pt-pt\/serie-abatibles\/ar100\/#primaryimage\"},\"image\":{\"@id\":\"https:\/\/galisur.es\/pt-pt\/serie-abatibles\/ar100\/#primaryimage\"},\"thumbnailUrl\":\"https:\/\/galisur.es\/wp-content\/uploads\/AR100.png\",\"datePublished\":\"2021-05-11T12:54:59+00:00\",\"dateModified\":\"2025-06-23T14:25:59+00:00\",\"description\":\"AR100 Sistema rebat\u00edvel com 100 mm de profundidade do caixilho e vidros de at\u00e9 65 mm. Especialmente concebido para portas de entrada em escrit\u00f3rios ou\",\"breadcrumb\":{\"@id\":\"https:\/\/galisur.es\/pt-pt\/serie-abatibles\/ar100\/#breadcrumb\"},\"inLanguage\":\"pt-PT\",\"potentialAction\":[{\"@type\":\"ReadAction\",\"target\":[\"https:\/\/galisur.es\/pt-pt\/serie-abatibles\/ar100\/\"]}]},{\"@type\":\"ImageObject\",\"inLanguage\":\"pt-PT\",\"@id\":\"https:\/\/galisur.es\/pt-pt\/serie-abatibles\/ar100\/#primaryimage\",\"url\":\"https:\/\/galisur.es\/wp-content\/uploads\/AR100.png\",\"contentUrl\":\"https:\/\/galisur.es\/wp-content\/uploads\/AR100.png\"},{\"@type\":\"BreadcrumbList\",\"@id\":\"https:\/\/galisur.es\/pt-pt\/serie-abatibles\/ar100\/#breadcrumb\",\"itemListElement\":[{\"@type\":\"ListItem\",\"position\":1,\"name\":\"Portada\",\"item\":\"https:\/\/galisur.es\/pt-pt\/\"},{\"@type\":\"ListItem\",\"position\":2,\"name\":\"S\u00e9rie abatibles\",\"item\":\"https:\/\/galisur.es\/pt-pt\/?page_id=17251\"},{\"@type\":\"ListItem\",\"position\":3,\"name\":\"AR100\"}]},{\"@type\":\"WebSite\",\"@id\":\"https:\/\/galisur.es\/pt-pt\/#website\",\"url\":\"https:\/\/galisur.es\/pt-pt\/\",\"name\":\"Aluminios Galisur\",\"description\":\"Aluminios Galisur\",\"publisher\":{\"@id\":\"https:\/\/galisur.es\/pt-pt\/#organization\"},\"potentialAction\":[{\"@type\":\"SearchAction\",\"target\":{\"@type\":\"EntryPoint\",\"urlTemplate\":\"https:\/\/galisur.es\/pt-pt\/?s={search_term_string}\"},\"query-input\":{\"@type\":\"PropertyValueSpecification\",\"valueRequired\":true,\"valueName\":\"search_term_string\"}}],\"inLanguage\":\"pt-PT\"},{\"@type\":\"Organization\",\"@id\":\"https:\/\/galisur.es\/pt-pt\/#organization\",\"name\":\"Galisur\",\"url\":\"https:\/\/galisur.es\/pt-pt\/\",\"logo\":{\"@type\":\"ImageObject\",\"inLanguage\":\"pt-PT\",\"@id\":\"https:\/\/galisur.es\/pt-pt\/#\/schema\/logo\/image\/\",\"url\":\"https:\/\/galisur.es\/wp-content\/files\/2021\/03\/logo-35x15-1.png\",\"contentUrl\":\"https:\/\/galisur.es\/wp-content\/files\/2021\/03\/logo-35x15-1.png\",\"width\":370,\"height\":176,\"caption\":\"Galisur\"},\"image\":{\"@id\":\"https:\/\/galisur.es\/pt-pt\/#\/schema\/logo\/image\/\"},\"sameAs\":[\"https:\/\/www.facebook.com\/AluminiosGalisur\",\"https:\/\/x.com\/AluminioGalisur\"]}]}<\/script>\n<!-- \/ Yoast SEO plugin. -->","yoast_head_json":{"title":"AR100 | Aluminios Galisur","description":"AR100 Sistema rebat\u00edvel com 100 mm de profundidade do caixilho e vidros de at\u00e9 65 mm. Especialmente concebido para portas de entrada em escrit\u00f3rios ou","robots":{"index":"index","follow":"follow","max-snippet":"max-snippet:-1","max-image-preview":"max-image-preview:large","max-video-preview":"max-video-preview:-1"},"canonical":"https:\/\/galisur.es\/pt-pt\/serie-abatibles\/ar100\/","og_locale":"pt_PT","og_type":"article","og_title":"AR100 | Aluminios Galisur","og_description":"AR100 Sistema rebat\u00edvel com 100 mm de profundidade do caixilho e vidros de at\u00e9 65 mm. Especialmente concebido para portas de entrada em escrit\u00f3rios ou","og_url":"https:\/\/galisur.es\/pt-pt\/serie-abatibles\/ar100\/","og_site_name":"Aluminios Galisur","article_publisher":"https:\/\/www.facebook.com\/AluminiosGalisur","article_modified_time":"2025-06-23T14:25:59+00:00","og_image":[{"url":"https:\/\/galisur.es\/wp-content\/uploads\/AR100.png","type":"","width":"","height":""}],"twitter_card":"summary_large_image","twitter_site":"@AluminioGalisur","twitter_misc":{"Tempo estimado de leitura":"2 minutos"},"schema":{"@context":"https:\/\/schema.org","@graph":[{"@type":"WebPage","@id":"https:\/\/galisur.es\/pt-pt\/serie-abatibles\/ar100\/","url":"https:\/\/galisur.es\/pt-pt\/serie-abatibles\/ar100\/","name":"AR100 | Aluminios Galisur","isPartOf":{"@id":"https:\/\/galisur.es\/pt-pt\/#website"},"primaryImageOfPage":{"@id":"https:\/\/galisur.es\/pt-pt\/serie-abatibles\/ar100\/#primaryimage"},"image":{"@id":"https:\/\/galisur.es\/pt-pt\/serie-abatibles\/ar100\/#primaryimage"},"thumbnailUrl":"https:\/\/galisur.es\/wp-content\/uploads\/AR100.png","datePublished":"2021-05-11T12:54:59+00:00","dateModified":"2025-06-23T14:25:59+00:00","description":"AR100 Sistema rebat\u00edvel com 100 mm de profundidade do caixilho e vidros de at\u00e9 65 mm. Especialmente concebido para portas de entrada em escrit\u00f3rios ou","breadcrumb":{"@id":"https:\/\/galisur.es\/pt-pt\/serie-abatibles\/ar100\/#breadcrumb"},"inLanguage":"pt-PT","potentialAction":[{"@type":"ReadAction","target":["https:\/\/galisur.es\/pt-pt\/serie-abatibles\/ar100\/"]}]},{"@type":"ImageObject","inLanguage":"pt-PT","@id":"https:\/\/galisur.es\/pt-pt\/serie-abatibles\/ar100\/#primaryimage","url":"https:\/\/galisur.es\/wp-content\/uploads\/AR100.png","contentUrl":"https:\/\/galisur.es\/wp-content\/uploads\/AR100.png"},{"@type":"BreadcrumbList","@id":"https:\/\/galisur.es\/pt-pt\/serie-abatibles\/ar100\/#breadcrumb","itemListElement":[{"@type":"ListItem","position":1,"name":"Portada","item":"https:\/\/galisur.es\/pt-pt\/"},{"@type":"ListItem","position":2,"name":"S\u00e9rie abatibles","item":"https:\/\/galisur.es\/pt-pt\/?page_id=17251"},{"@type":"ListItem","position":3,"name":"AR100"}]},{"@type":"WebSite","@id":"https:\/\/galisur.es\/pt-pt\/#website","url":"https:\/\/galisur.es\/pt-pt\/","name":"Aluminios Galisur","description":"Aluminios Galisur","publisher":{"@id":"https:\/\/galisur.es\/pt-pt\/#organization"},"potentialAction":[{"@type":"SearchAction","target":{"@type":"EntryPoint","urlTemplate":"https:\/\/galisur.es\/pt-pt\/?s={search_term_string}"},"query-input":{"@type":"PropertyValueSpecification","valueRequired":true,"valueName":"search_term_string"}}],"inLanguage":"pt-PT"},{"@type":"Organization","@id":"https:\/\/galisur.es\/pt-pt\/#organization","name":"Galisur","url":"https:\/\/galisur.es\/pt-pt\/","logo":{"@type":"ImageObject","inLanguage":"pt-PT","@id":"https:\/\/galisur.es\/pt-pt\/#\/schema\/logo\/image\/","url":"https:\/\/galisur.es\/wp-content\/files\/2021\/03\/logo-35x15-1.png","contentUrl":"https:\/\/galisur.es\/wp-content\/files\/2021\/03\/logo-35x15-1.png","width":370,"height":176,"caption":"Galisur"},"image":{"@id":"https:\/\/galisur.es\/pt-pt\/#\/schema\/logo\/image\/"},"sameAs":["https:\/\/www.facebook.com\/AluminiosGalisur","https:\/\/x.com\/AluminioGalisur"]}]}},"_links":{"self":[{"href":"https:\/\/galisur.es\/pt-pt\/wp-json\/wp\/v2\/pages\/17293","targetHints":{"allow":["GET"]}}],"collection":[{"href":"https:\/\/galisur.es\/pt-pt\/wp-json\/wp\/v2\/pages"}],"about":[{"href":"https:\/\/galisur.es\/pt-pt\/wp-json\/wp\/v2\/types\/page"}],"author":[{"embeddable":true,"href":"https:\/\/galisur.es\/pt-pt\/wp-json\/wp\/v2\/users\/1998"}],"replies":[{"embeddable":true,"href":"https:\/\/galisur.es\/pt-pt\/wp-json\/wp\/v2\/comments?post=17293"}],"version-history":[{"count":1,"href":"https:\/\/galisur.es\/pt-pt\/wp-json\/wp\/v2\/pages\/17293\/revisions"}],"predecessor-version":[{"id":17294,"href":"https:\/\/galisur.es\/pt-pt\/wp-json\/wp\/v2\/pages\/17293\/revisions\/17294"}],"up":[{"embeddable":true,"href":"https:\/\/galisur.es\/pt-pt\/wp-json\/wp\/v2\/pages\/17251"}],"wp:attachment":[{"href":"https:\/\/galisur.es\/pt-pt\/wp-json\/wp\/v2\/media?parent=17293"}],"curies":[{"name":"wp","href":"https:\/\/api.w.org\/{rel}","templated":true}]}}