{"id":17267,"date":"2021-03-17T09:26:30","date_gmt":"2021-03-17T08:26:30","guid":{"rendered":"https:\/\/nervous-gagarin.141-94-206-129.plesk.page\/serie-abatibles\/a40-45\/"},"modified":"2025-06-23T16:10:16","modified_gmt":"2025-06-23T14:10:16","slug":"a40-45","status":"publish","type":"page","link":"https:\/\/galisur.es\/pt-pt\/serie-abatibles\/a40-45\/","title":{"rendered":"A40\/45"},"content":{"rendered":"\t\t<div data-elementor-type=\"wp-page\" data-elementor-id=\"17267\" class=\"elementor elementor-17267 elementor-6964\" data-elementor-post-type=\"page\">\n\t\t\t\t<div class=\"elementor-element elementor-element-59bf4c5 e-flex e-con-boxed e-con e-parent\" data-id=\"59bf4c5\" data-element_type=\"container\" data-e-type=\"container\">\n\t\t\t\t\t<div class=\"e-con-inner\">\n\t\t<div class=\"elementor-element elementor-element-3900b33 e-con-full e-flex e-con e-child\" data-id=\"3900b33\" data-element_type=\"container\" data-e-type=\"container\">\n\t\t\t\t<div class=\"elementor-element elementor-element-1659dee elementor-widget elementor-widget-image\" data-id=\"1659dee\" data-element_type=\"widget\" data-e-type=\"widget\" data-widget_type=\"image.default\">\n\t\t\t\t\t\t\t\t\t\t\t\t\t\t\t<img fetchpriority=\"high\" decoding=\"async\" width=\"1200\" height=\"1200\" src=\"https:\/\/galisur.es\/wp-content\/files\/A40-45-crema.png\" class=\"attachment-full size-full wp-image-16428\" alt=\"\" srcset=\"https:\/\/galisur.es\/wp-content\/files\/A40-45-crema.png 1200w, https:\/\/galisur.es\/wp-content\/files\/A40-45-crema-300x300.png 300w, https:\/\/galisur.es\/wp-content\/files\/A40-45-crema-1024x1024.png 1024w, https:\/\/galisur.es\/wp-content\/files\/A40-45-crema-150x150.png 150w, https:\/\/galisur.es\/wp-content\/files\/A40-45-crema-768x768.png 768w, https:\/\/galisur.es\/wp-content\/files\/A40-45-crema-800x800.png 800w\" sizes=\"(max-width: 1200px) 100vw, 1200px\" title=\"\">\t\t\t\t\t\t\t\t\t\t\t\t\t\t\t<\/div>\n\t\t\t\t<\/div>\n\t\t<div class=\"elementor-element elementor-element-75c780b e-con-full e-flex e-con e-child\" data-id=\"75c780b\" data-element_type=\"container\" data-e-type=\"container\">\n\t\t\t\t<div class=\"elementor-element elementor-element-77d1562 elementor-widget elementor-widget-heading\" data-id=\"77d1562\" data-element_type=\"widget\" data-e-type=\"widget\" data-widget_type=\"heading.default\">\n\t\t\t\t\t<h1 class=\"elementor-heading-title elementor-size-default\">A40\/45<\/h1>\t\t\t\t<\/div>\n\t\t\t\t<div class=\"elementor-element elementor-element-73d35ce elementor-widget elementor-widget-text-editor\" data-id=\"73d35ce\" data-element_type=\"widget\" data-e-type=\"widget\" data-widget_type=\"text-editor.default\">\n\t\t\t\t\t\t\t\t\t<p>Sistema basculante com 40 e 45 mm de profundidade do caixilho com vidros de at\u00e9 33 mm. Ferragens e c\u00e2mara europeia. Esquadras de alum\u00ednio com parafusos em a\u00e7o inoxid\u00e1vel. Isolamento ac\u00fastico at\u00e9 39 dB. E vidros com junquillos \u00e0 press\u00e3o com cavidade at\u00e9 29 mm. Todos os acess\u00f3rios, esquadras e juntas s\u00e3o comuns a todos os sistemas.   <\/p><p>Op\u00e7\u00f5es:<\/p><ul><li>Ferragens com fechaduras padr\u00e3o.<\/li><li>Ferragens com fechaduras de seguran\u00e7a RC2.<\/li><\/ul>\t\t\t\t\t\t\t\t<\/div>\n\t\t\t\t<\/div>\n\t\t\t\t\t<\/div>\n\t\t\t\t<\/div>\n\t\t<div class=\"elementor-element elementor-element-310ef4b e-flex e-con-boxed e-con e-parent\" data-id=\"310ef4b\" data-element_type=\"container\" data-e-type=\"container\" data-settings=\"{&quot;background_background&quot;:&quot;classic&quot;}\">\n\t\t\t\t\t<div class=\"e-con-inner\">\n\t\t<div class=\"elementor-element elementor-element-c574d9d e-con-full e-flex e-con e-child\" data-id=\"c574d9d\" data-element_type=\"container\" data-e-type=\"container\">\n\t\t\t\t<div class=\"elementor-element elementor-element-d110304 elementor-widget elementor-widget-heading\" data-id=\"d110304\" data-element_type=\"widget\" data-e-type=\"widget\" data-widget_type=\"heading.default\">\n\t\t\t\t\t<p class=\"elementor-heading-title elementor-size-default\">Ficha t\u00e9cnica<\/p>\t\t\t\t<\/div>\n\t\t\t\t<div class=\"elementor-element elementor-element-56a9e74 elementor-widget elementor-widget-text-editor\" data-id=\"56a9e74\" data-element_type=\"widget\" data-e-type=\"widget\" data-widget_type=\"text-editor.default\">\n\t\t\t\t\t\t\t\t\t<p><a href=\"https:\/\/galisur.es\/pt-pt\/registo\/\">Registe-se aqui<\/a> para aceder ao documento.<\/p>\t\t\t\t\t\t\t\t<\/div>\n\t\t\t\t<\/div>\n\t\t<div class=\"elementor-element elementor-element-8d39dbf e-con-full e-flex e-con e-child\" data-id=\"8d39dbf\" data-element_type=\"container\" data-e-type=\"container\">\n\t\t\t\t<div class=\"elementor-element elementor-element-9725969 elementor-widget elementor-widget-heading\" data-id=\"9725969\" data-element_type=\"widget\" data-e-type=\"widget\" data-widget_type=\"heading.default\">\n\t\t\t\t\t<p class=\"elementor-heading-title elementor-size-default\">Cat\u00e1logo<\/p>\t\t\t\t<\/div>\n\t\t\t\t<div class=\"elementor-element elementor-element-1e52ea8 elementor-widget elementor-widget-text-editor\" data-id=\"1e52ea8\" data-element_type=\"widget\" data-e-type=\"widget\" data-widget_type=\"text-editor.default\">\n\t\t\t\t\t\t\t\t\t<p><a href=\"https:\/\/galisur.es\/pt-pt\/registo\/\">Registe-se aqui<\/a> para aceder ao documento.<\/p>\t\t\t\t\t\t\t\t<\/div>\n\t\t\t\t<\/div>\n\t\t\t\t\t<\/div>\n\t\t\t\t<\/div>\n\t\t<div class=\"elementor-element elementor-element-eda89a8 e-flex e-con-boxed e-con e-parent\" data-id=\"eda89a8\" data-element_type=\"container\" data-e-type=\"container\">\n\t\t\t\t\t<div class=\"e-con-inner\">\n\t\t<div class=\"elementor-element elementor-element-9b30b38 e-con-full e-flex e-con e-child\" data-id=\"9b30b38\" data-element_type=\"container\" data-e-type=\"container\">\n\t\t\t\t<div class=\"elementor-element elementor-element-0e083cf elementor-widget elementor-widget-image\" data-id=\"0e083cf\" data-element_type=\"widget\" data-e-type=\"widget\" data-widget_type=\"image.default\">\n\t\t\t\t\t\t\t\t\t\t\t\t\t\t\t<img decoding=\"async\" width=\"1200\" height=\"1200\" src=\"https:\/\/galisur.es\/wp-content\/files\/A40-45-crema-detalle.png\" class=\"attachment-full size-full wp-image-16444\" alt=\"\" srcset=\"https:\/\/galisur.es\/wp-content\/files\/A40-45-crema-detalle.png 1200w, https:\/\/galisur.es\/wp-content\/files\/A40-45-crema-detalle-300x300.png 300w, https:\/\/galisur.es\/wp-content\/files\/A40-45-crema-detalle-1024x1024.png 1024w, https:\/\/galisur.es\/wp-content\/files\/A40-45-crema-detalle-150x150.png 150w, https:\/\/galisur.es\/wp-content\/files\/A40-45-crema-detalle-768x768.png 768w, https:\/\/galisur.es\/wp-content\/files\/A40-45-crema-detalle-800x800.png 800w\" sizes=\"(max-width: 1200px) 100vw, 1200px\" title=\"\">\t\t\t\t\t\t\t\t\t\t\t\t\t\t\t<\/div>\n\t\t\t\t<\/div>\n\t\t<div class=\"elementor-element elementor-element-093c1f3 e-con-full e-flex e-con e-child\" data-id=\"093c1f3\" data-element_type=\"container\" data-e-type=\"container\">\n\t\t\t\t<div class=\"elementor-element elementor-element-d5c843a elementor-widget elementor-widget-heading\" data-id=\"d5c843a\" data-element_type=\"widget\" data-e-type=\"widget\" data-widget_type=\"heading.default\">\n\t\t\t\t\t<h2 class=\"elementor-heading-title elementor-size-default\">Classifica\u00e7\u00e3o dos ensaios<\/h2>\t\t\t\t<\/div>\n\t\t\t\t<div class=\"elementor-element elementor-element-496f372 elementor-widget elementor-widget-n-accordion\" data-id=\"496f372\" data-element_type=\"widget\" data-e-type=\"widget\" data-settings=\"{&quot;default_state&quot;:&quot;expanded&quot;,&quot;max_items_expended&quot;:&quot;one&quot;,&quot;n_accordion_animation_duration&quot;:{&quot;unit&quot;:&quot;ms&quot;,&quot;size&quot;:400,&quot;sizes&quot;:[]}}\" data-widget_type=\"nested-accordion.default\">\n\t\t\t\t\t\t\t<div class=\"e-n-accordion\" aria-label=\"Accordion. Open links with Enter or Space, close with Escape, and navigate with Arrow Keys\">\n\t\t\t\t\t\t<details id=\"e-n-accordion-item-7700\" class=\"e-n-accordion-item\" open>\n\t\t\t\t<summary class=\"e-n-accordion-item-title\" data-accordion-index=\"1\" tabindex=\"0\" aria-expanded=\"true\" aria-controls=\"e-n-accordion-item-7700\" >\n\t\t\t\t\t<span class='e-n-accordion-item-title-header'><div class=\"e-n-accordion-item-title-text\"> Permeabilidade ao ar <\/div><\/span>\n\t\t\t\t\t\t\t<span class='e-n-accordion-item-title-icon'>\n\t\t\t<span class='e-opened' ><svg aria-hidden=\"true\" class=\"e-font-icon-svg e-fas-minus\" viewBox=\"0 0 448 512\" xmlns=\"http:\/\/www.w3.org\/2000\/svg\"><path d=\"M416 208H32c-17.67 0-32 14.33-32 32v32c0 17.67 14.33 32 32 32h384c17.67 0 32-14.33 32-32v-32c0-17.67-14.33-32-32-32z\"><\/path><\/svg><\/span>\n\t\t\t<span class='e-closed'><svg aria-hidden=\"true\" class=\"e-font-icon-svg e-fas-plus\" viewBox=\"0 0 448 512\" xmlns=\"http:\/\/www.w3.org\/2000\/svg\"><path d=\"M416 208H272V64c0-17.67-14.33-32-32-32h-32c-17.67 0-32 14.33-32 32v144H32c-17.67 0-32 14.33-32 32v32c0 17.67 14.33 32 32 32h144v144c0 17.67 14.33 32 32 32h32c17.67 0 32-14.33 32-32V304h144c17.67 0 32-14.33 32-32v-32c0-17.67-14.33-32-32-32z\"><\/path><\/svg><\/span>\n\t\t<\/span>\n\n\t\t\t\t\t\t<\/summary>\n\t\t\t\t<div role=\"region\" aria-labelledby=\"e-n-accordion-item-7700\" class=\"elementor-element elementor-element-6e0d89e e-con-full e-flex e-con e-child\" data-id=\"6e0d89e\" data-element_type=\"container\" data-e-type=\"container\">\n\t\t\t\t<div class=\"elementor-element elementor-element-f443b3a elementor-widget elementor-widget-text-editor\" data-id=\"f443b3a\" data-element_type=\"widget\" data-e-type=\"widget\" data-widget_type=\"text-editor.default\">\n\t\t\t\t\t\t\t\t\t<p>Classe 4 (UNE-EN 12207:200)<\/p>\t\t\t\t\t\t\t\t<\/div>\n\t\t\t\t<\/div>\n\t\t\t\t\t<\/details>\n\t\t\t\t\t\t<details id=\"e-n-accordion-item-7701\" class=\"e-n-accordion-item\" >\n\t\t\t\t<summary class=\"e-n-accordion-item-title\" data-accordion-index=\"2\" tabindex=\"-1\" aria-expanded=\"false\" aria-controls=\"e-n-accordion-item-7701\" >\n\t\t\t\t\t<span class='e-n-accordion-item-title-header'><div class=\"e-n-accordion-item-title-text\"> Estanqueidade \u00e0 \u00e1gua <\/div><\/span>\n\t\t\t\t\t\t\t<span class='e-n-accordion-item-title-icon'>\n\t\t\t<span class='e-opened' ><svg aria-hidden=\"true\" class=\"e-font-icon-svg e-fas-minus\" viewBox=\"0 0 448 512\" xmlns=\"http:\/\/www.w3.org\/2000\/svg\"><path d=\"M416 208H32c-17.67 0-32 14.33-32 32v32c0 17.67 14.33 32 32 32h384c17.67 0 32-14.33 32-32v-32c0-17.67-14.33-32-32-32z\"><\/path><\/svg><\/span>\n\t\t\t<span class='e-closed'><svg aria-hidden=\"true\" class=\"e-font-icon-svg e-fas-plus\" viewBox=\"0 0 448 512\" xmlns=\"http:\/\/www.w3.org\/2000\/svg\"><path d=\"M416 208H272V64c0-17.67-14.33-32-32-32h-32c-17.67 0-32 14.33-32 32v144H32c-17.67 0-32 14.33-32 32v32c0 17.67 14.33 32 32 32h144v144c0 17.67 14.33 32 32 32h32c17.67 0 32-14.33 32-32V304h144c17.67 0 32-14.33 32-32v-32c0-17.67-14.33-32-32-32z\"><\/path><\/svg><\/span>\n\t\t<\/span>\n\n\t\t\t\t\t\t<\/summary>\n\t\t\t\t<div role=\"region\" aria-labelledby=\"e-n-accordion-item-7701\" class=\"elementor-element elementor-element-df63fa8 e-con-full e-flex e-con e-child\" data-id=\"df63fa8\" data-element_type=\"container\" data-e-type=\"container\">\n\t\t\t\t<div class=\"elementor-element elementor-element-3348523 elementor-widget elementor-widget-text-editor\" data-id=\"3348523\" data-element_type=\"widget\" data-e-type=\"widget\" data-widget_type=\"text-editor.default\">\n\t\t\t\t\t\t\t\t\t<p>Classe 9A (UNE-EN 12208:200)<\/p>\t\t\t\t\t\t\t\t<\/div>\n\t\t\t\t<\/div>\n\t\t\t\t\t<\/details>\n\t\t\t\t\t\t<details id=\"e-n-accordion-item-7702\" class=\"e-n-accordion-item\" >\n\t\t\t\t<summary class=\"e-n-accordion-item-title\" data-accordion-index=\"3\" tabindex=\"-1\" aria-expanded=\"false\" aria-controls=\"e-n-accordion-item-7702\" >\n\t\t\t\t\t<span class='e-n-accordion-item-title-header'><div class=\"e-n-accordion-item-title-text\"> Resist\u00eancia ao vento <\/div><\/span>\n\t\t\t\t\t\t\t<span class='e-n-accordion-item-title-icon'>\n\t\t\t<span class='e-opened' ><svg aria-hidden=\"true\" class=\"e-font-icon-svg e-fas-minus\" viewBox=\"0 0 448 512\" xmlns=\"http:\/\/www.w3.org\/2000\/svg\"><path d=\"M416 208H32c-17.67 0-32 14.33-32 32v32c0 17.67 14.33 32 32 32h384c17.67 0 32-14.33 32-32v-32c0-17.67-14.33-32-32-32z\"><\/path><\/svg><\/span>\n\t\t\t<span class='e-closed'><svg aria-hidden=\"true\" class=\"e-font-icon-svg e-fas-plus\" viewBox=\"0 0 448 512\" xmlns=\"http:\/\/www.w3.org\/2000\/svg\"><path d=\"M416 208H272V64c0-17.67-14.33-32-32-32h-32c-17.67 0-32 14.33-32 32v144H32c-17.67 0-32 14.33-32 32v32c0 17.67 14.33 32 32 32h144v144c0 17.67 14.33 32 32 32h32c17.67 0 32-14.33 32-32V304h144c17.67 0 32-14.33 32-32v-32c0-17.67-14.33-32-32-32z\"><\/path><\/svg><\/span>\n\t\t<\/span>\n\n\t\t\t\t\t\t<\/summary>\n\t\t\t\t<div role=\"region\" aria-labelledby=\"e-n-accordion-item-7702\" class=\"elementor-element elementor-element-5c19ff6 e-con-full e-flex e-con e-child\" data-id=\"5c19ff6\" data-element_type=\"container\" data-e-type=\"container\">\n\t\t\t\t<div class=\"elementor-element elementor-element-bd7471a elementor-widget elementor-widget-text-editor\" data-id=\"bd7471a\" data-element_type=\"widget\" data-e-type=\"widget\" data-widget_type=\"text-editor.default\">\n\t\t\t\t\t\t\t\t\t<p>Classe 5 (UNE-EN 12209:200)<\/p>\t\t\t\t\t\t\t\t<\/div>\n\t\t\t\t<\/div>\n\t\t\t\t\t<\/details>\n\t\t\t\t\t<\/div>\n\t\t\t\t\t\t<\/div>\n\t\t\t\t<\/div>\n\t\t\t\t\t<\/div>\n\t\t\t\t<\/div>\n\t\t<div class=\"elementor-element elementor-element-3fb1f9f e-flex e-con-boxed e-con e-parent\" data-id=\"3fb1f9f\" data-element_type=\"container\" data-e-type=\"container\">\n\t\t\t\t\t<div class=\"e-con-inner\">\n\t\t\t\t<div class=\"elementor-element elementor-element-85e2088 elementor-widget elementor-widget-heading\" data-id=\"85e2088\" data-element_type=\"widget\" data-e-type=\"widget\" data-widget_type=\"heading.default\">\n\t\t\t\t\t<h3 class=\"elementor-heading-title elementor-size-default\">Dimens\u00f5es recomendadas<\/h3>\t\t\t\t<\/div>\n\t\t\t\t<div class=\"elementor-element elementor-element-fd047e8 elementor-widget elementor-widget-image\" data-id=\"fd047e8\" data-element_type=\"widget\" data-e-type=\"widget\" data-widget_type=\"image.default\">\n\t\t\t\t\t\t\t\t\t\t\t\t\t\t\t<img decoding=\"async\" width=\"1024\" height=\"499\" src=\"https:\/\/galisur.es\/wp-content\/files\/DIMENSIONES-A40-45.png\" class=\"attachment-full size-full wp-image-16816\" alt=\"\" srcset=\"https:\/\/galisur.es\/wp-content\/files\/DIMENSIONES-A40-45.png 1024w, https:\/\/galisur.es\/wp-content\/files\/DIMENSIONES-A40-45-300x146.png 300w, https:\/\/galisur.es\/wp-content\/files\/DIMENSIONES-A40-45-768x374.png 768w\" sizes=\"(max-width: 1024px) 100vw, 1024px\" title=\"\">\t\t\t\t\t\t\t\t\t\t\t\t\t\t\t<\/div>\n\t\t\t\t\t<\/div>\n\t\t\t\t<\/div>\n\t\t<div class=\"elementor-element elementor-element-b35bc93 e-flex e-con-boxed e-con e-parent\" data-id=\"b35bc93\" data-element_type=\"container\" data-e-type=\"container\" data-settings=\"{&quot;background_background&quot;:&quot;classic&quot;}\">\n\t\t\t\t\t<div class=\"e-con-inner\">\n\t\t\t\t<div class=\"elementor-element elementor-element-032a36c elementor-widget elementor-widget-heading\" data-id=\"032a36c\" data-element_type=\"widget\" data-e-type=\"widget\" data-widget_type=\"heading.default\">\n\t\t\t\t\t<h3 class=\"elementor-heading-title elementor-size-default\">Benef\u00edcios<\/h3>\t\t\t\t<\/div>\n\t\t\t\t<div class=\"elementor-element elementor-element-0f80ff7 elementor-widget elementor-widget-text-editor\" data-id=\"0f80ff7\" data-element_type=\"widget\" data-e-type=\"widget\" data-widget_type=\"text-editor.default\">\n\t\t\t\t\t\t\t\t\t<p>As janelas basculantes em alum\u00ednio e as portas basculantes A40 oferecem um excelente desempenho e classifica\u00e7\u00f5es t\u00e9cnicas excelentes. Este design de carpintaria em alum\u00ednio sem ruptura de ponte t\u00e9rmica A40 \u00e9 fabricado com esquadrias em alum\u00ednio e juntas de estanqueidade em EPDM e \u00e2ngulos vulcanizados. Este produto re\u00fane qualidade, seguran\u00e7a e durabilidade.  <\/p>\t\t\t\t\t\t\t\t<\/div>\n\t\t\t\t\t<\/div>\n\t\t\t\t<\/div>\n\t\t\t\t<\/div>\n\t\t","protected":false},"excerpt":{"rendered":"<p>A40\/45 Sistema basculante com 40 e 45 mm de profundidade do caixilho com vidros de at\u00e9 33 mm. Ferragens e c\u00e2mara europeia. Esquadras de alum\u00ednio com parafusos em a\u00e7o inoxid\u00e1vel. Isolamento ac\u00fastico at\u00e9 39 dB. E vidros com junquillos \u00e0 press\u00e3o com cavidade at\u00e9 29 mm. Todos os acess\u00f3rios, esquadras e juntas s\u00e3o comuns a [&hellip;]<\/p>\n","protected":false},"author":1998,"featured_media":0,"parent":17251,"menu_order":0,"comment_status":"closed","ping_status":"closed","template":"","meta":{"footnotes":""},"class_list":["post-17267","page","type-page","status-publish","hentry"],"yoast_head":"<!-- This site is optimized with the Yoast SEO plugin v27.2 - https:\/\/yoast.com\/product\/yoast-seo-wordpress\/ -->\n<title>A40\/45 | Aluminios Galisur<\/title>\n<meta name=\"description\" content=\"A40\/45 Sistema basculante com 40 e 45 mm de profundidade do caixilho com vidros de at\u00e9 33 mm. Ferragens e c\u00e2mara europeia. Esquadras de alum\u00ednio com\" \/>\n<meta name=\"robots\" content=\"index, follow, max-snippet:-1, max-image-preview:large, max-video-preview:-1\" \/>\n<link rel=\"canonical\" href=\"https:\/\/galisur.es\/pt-pt\/serie-abatibles\/a40-45\/\" \/>\n<meta property=\"og:locale\" content=\"pt_PT\" \/>\n<meta property=\"og:type\" content=\"article\" \/>\n<meta property=\"og:title\" content=\"A40\/45 | Aluminios Galisur\" \/>\n<meta property=\"og:description\" content=\"A40\/45 Sistema basculante com 40 e 45 mm de profundidade do caixilho com vidros de at\u00e9 33 mm. Ferragens e c\u00e2mara europeia. Esquadras de alum\u00ednio com\" \/>\n<meta property=\"og:url\" content=\"https:\/\/galisur.es\/pt-pt\/serie-abatibles\/a40-45\/\" \/>\n<meta property=\"og:site_name\" content=\"Aluminios Galisur\" \/>\n<meta property=\"article:publisher\" content=\"https:\/\/www.facebook.com\/AluminiosGalisur\" \/>\n<meta property=\"article:modified_time\" content=\"2025-06-23T14:10:16+00:00\" \/>\n<meta property=\"og:image\" content=\"https:\/\/galisur.es\/wp-content\/uploads\/A40-45-crema.png\" \/>\n<meta name=\"twitter:card\" content=\"summary_large_image\" \/>\n<meta name=\"twitter:site\" content=\"@AluminioGalisur\" \/>\n<meta name=\"twitter:label1\" content=\"Tempo estimado de leitura\" \/>\n\t<meta name=\"twitter:data1\" content=\"1 minuto\" \/>\n<script type=\"application\/ld+json\" class=\"yoast-schema-graph\">{\"@context\":\"https:\/\/schema.org\",\"@graph\":[{\"@type\":\"WebPage\",\"@id\":\"https:\/\/galisur.es\/pt-pt\/serie-abatibles\/a40-45\/\",\"url\":\"https:\/\/galisur.es\/pt-pt\/serie-abatibles\/a40-45\/\",\"name\":\"A40\/45 | Aluminios Galisur\",\"isPartOf\":{\"@id\":\"https:\/\/galisur.es\/pt-pt\/#website\"},\"primaryImageOfPage\":{\"@id\":\"https:\/\/galisur.es\/pt-pt\/serie-abatibles\/a40-45\/#primaryimage\"},\"image\":{\"@id\":\"https:\/\/galisur.es\/pt-pt\/serie-abatibles\/a40-45\/#primaryimage\"},\"thumbnailUrl\":\"https:\/\/galisur.es\/wp-content\/uploads\/A40-45-crema.png\",\"datePublished\":\"2021-03-17T08:26:30+00:00\",\"dateModified\":\"2025-06-23T14:10:16+00:00\",\"description\":\"A40\/45 Sistema basculante com 40 e 45 mm de profundidade do caixilho com vidros de at\u00e9 33 mm. Ferragens e c\u00e2mara europeia. Esquadras de alum\u00ednio com\",\"breadcrumb\":{\"@id\":\"https:\/\/galisur.es\/pt-pt\/serie-abatibles\/a40-45\/#breadcrumb\"},\"inLanguage\":\"pt-PT\",\"potentialAction\":[{\"@type\":\"ReadAction\",\"target\":[\"https:\/\/galisur.es\/pt-pt\/serie-abatibles\/a40-45\/\"]}]},{\"@type\":\"ImageObject\",\"inLanguage\":\"pt-PT\",\"@id\":\"https:\/\/galisur.es\/pt-pt\/serie-abatibles\/a40-45\/#primaryimage\",\"url\":\"https:\/\/galisur.es\/wp-content\/uploads\/A40-45-crema.png\",\"contentUrl\":\"https:\/\/galisur.es\/wp-content\/uploads\/A40-45-crema.png\"},{\"@type\":\"BreadcrumbList\",\"@id\":\"https:\/\/galisur.es\/pt-pt\/serie-abatibles\/a40-45\/#breadcrumb\",\"itemListElement\":[{\"@type\":\"ListItem\",\"position\":1,\"name\":\"Portada\",\"item\":\"https:\/\/galisur.es\/pt-pt\/\"},{\"@type\":\"ListItem\",\"position\":2,\"name\":\"S\u00e9rie abatibles\",\"item\":\"https:\/\/galisur.es\/pt-pt\/?page_id=17251\"},{\"@type\":\"ListItem\",\"position\":3,\"name\":\"A40\/45\"}]},{\"@type\":\"WebSite\",\"@id\":\"https:\/\/galisur.es\/pt-pt\/#website\",\"url\":\"https:\/\/galisur.es\/pt-pt\/\",\"name\":\"Aluminios Galisur\",\"description\":\"Aluminios Galisur\",\"publisher\":{\"@id\":\"https:\/\/galisur.es\/pt-pt\/#organization\"},\"potentialAction\":[{\"@type\":\"SearchAction\",\"target\":{\"@type\":\"EntryPoint\",\"urlTemplate\":\"https:\/\/galisur.es\/pt-pt\/?s={search_term_string}\"},\"query-input\":{\"@type\":\"PropertyValueSpecification\",\"valueRequired\":true,\"valueName\":\"search_term_string\"}}],\"inLanguage\":\"pt-PT\"},{\"@type\":\"Organization\",\"@id\":\"https:\/\/galisur.es\/pt-pt\/#organization\",\"name\":\"Galisur\",\"url\":\"https:\/\/galisur.es\/pt-pt\/\",\"logo\":{\"@type\":\"ImageObject\",\"inLanguage\":\"pt-PT\",\"@id\":\"https:\/\/galisur.es\/pt-pt\/#\/schema\/logo\/image\/\",\"url\":\"https:\/\/galisur.es\/wp-content\/files\/2021\/03\/logo-35x15-1.png\",\"contentUrl\":\"https:\/\/galisur.es\/wp-content\/files\/2021\/03\/logo-35x15-1.png\",\"width\":370,\"height\":176,\"caption\":\"Galisur\"},\"image\":{\"@id\":\"https:\/\/galisur.es\/pt-pt\/#\/schema\/logo\/image\/\"},\"sameAs\":[\"https:\/\/www.facebook.com\/AluminiosGalisur\",\"https:\/\/x.com\/AluminioGalisur\"]}]}<\/script>\n<!-- \/ Yoast SEO plugin. -->","yoast_head_json":{"title":"A40\/45 | Aluminios Galisur","description":"A40\/45 Sistema basculante com 40 e 45 mm de profundidade do caixilho com vidros de at\u00e9 33 mm. Ferragens e c\u00e2mara europeia. Esquadras de alum\u00ednio com","robots":{"index":"index","follow":"follow","max-snippet":"max-snippet:-1","max-image-preview":"max-image-preview:large","max-video-preview":"max-video-preview:-1"},"canonical":"https:\/\/galisur.es\/pt-pt\/serie-abatibles\/a40-45\/","og_locale":"pt_PT","og_type":"article","og_title":"A40\/45 | Aluminios Galisur","og_description":"A40\/45 Sistema basculante com 40 e 45 mm de profundidade do caixilho com vidros de at\u00e9 33 mm. Ferragens e c\u00e2mara europeia. Esquadras de alum\u00ednio com","og_url":"https:\/\/galisur.es\/pt-pt\/serie-abatibles\/a40-45\/","og_site_name":"Aluminios Galisur","article_publisher":"https:\/\/www.facebook.com\/AluminiosGalisur","article_modified_time":"2025-06-23T14:10:16+00:00","og_image":[{"url":"https:\/\/galisur.es\/wp-content\/uploads\/A40-45-crema.png","type":"","width":"","height":""}],"twitter_card":"summary_large_image","twitter_site":"@AluminioGalisur","twitter_misc":{"Tempo estimado de leitura":"1 minuto"},"schema":{"@context":"https:\/\/schema.org","@graph":[{"@type":"WebPage","@id":"https:\/\/galisur.es\/pt-pt\/serie-abatibles\/a40-45\/","url":"https:\/\/galisur.es\/pt-pt\/serie-abatibles\/a40-45\/","name":"A40\/45 | Aluminios Galisur","isPartOf":{"@id":"https:\/\/galisur.es\/pt-pt\/#website"},"primaryImageOfPage":{"@id":"https:\/\/galisur.es\/pt-pt\/serie-abatibles\/a40-45\/#primaryimage"},"image":{"@id":"https:\/\/galisur.es\/pt-pt\/serie-abatibles\/a40-45\/#primaryimage"},"thumbnailUrl":"https:\/\/galisur.es\/wp-content\/uploads\/A40-45-crema.png","datePublished":"2021-03-17T08:26:30+00:00","dateModified":"2025-06-23T14:10:16+00:00","description":"A40\/45 Sistema basculante com 40 e 45 mm de profundidade do caixilho com vidros de at\u00e9 33 mm. Ferragens e c\u00e2mara europeia. Esquadras de alum\u00ednio com","breadcrumb":{"@id":"https:\/\/galisur.es\/pt-pt\/serie-abatibles\/a40-45\/#breadcrumb"},"inLanguage":"pt-PT","potentialAction":[{"@type":"ReadAction","target":["https:\/\/galisur.es\/pt-pt\/serie-abatibles\/a40-45\/"]}]},{"@type":"ImageObject","inLanguage":"pt-PT","@id":"https:\/\/galisur.es\/pt-pt\/serie-abatibles\/a40-45\/#primaryimage","url":"https:\/\/galisur.es\/wp-content\/uploads\/A40-45-crema.png","contentUrl":"https:\/\/galisur.es\/wp-content\/uploads\/A40-45-crema.png"},{"@type":"BreadcrumbList","@id":"https:\/\/galisur.es\/pt-pt\/serie-abatibles\/a40-45\/#breadcrumb","itemListElement":[{"@type":"ListItem","position":1,"name":"Portada","item":"https:\/\/galisur.es\/pt-pt\/"},{"@type":"ListItem","position":2,"name":"S\u00e9rie abatibles","item":"https:\/\/galisur.es\/pt-pt\/?page_id=17251"},{"@type":"ListItem","position":3,"name":"A40\/45"}]},{"@type":"WebSite","@id":"https:\/\/galisur.es\/pt-pt\/#website","url":"https:\/\/galisur.es\/pt-pt\/","name":"Aluminios Galisur","description":"Aluminios Galisur","publisher":{"@id":"https:\/\/galisur.es\/pt-pt\/#organization"},"potentialAction":[{"@type":"SearchAction","target":{"@type":"EntryPoint","urlTemplate":"https:\/\/galisur.es\/pt-pt\/?s={search_term_string}"},"query-input":{"@type":"PropertyValueSpecification","valueRequired":true,"valueName":"search_term_string"}}],"inLanguage":"pt-PT"},{"@type":"Organization","@id":"https:\/\/galisur.es\/pt-pt\/#organization","name":"Galisur","url":"https:\/\/galisur.es\/pt-pt\/","logo":{"@type":"ImageObject","inLanguage":"pt-PT","@id":"https:\/\/galisur.es\/pt-pt\/#\/schema\/logo\/image\/","url":"https:\/\/galisur.es\/wp-content\/files\/2021\/03\/logo-35x15-1.png","contentUrl":"https:\/\/galisur.es\/wp-content\/files\/2021\/03\/logo-35x15-1.png","width":370,"height":176,"caption":"Galisur"},"image":{"@id":"https:\/\/galisur.es\/pt-pt\/#\/schema\/logo\/image\/"},"sameAs":["https:\/\/www.facebook.com\/AluminiosGalisur","https:\/\/x.com\/AluminioGalisur"]}]}},"_links":{"self":[{"href":"https:\/\/galisur.es\/pt-pt\/wp-json\/wp\/v2\/pages\/17267","targetHints":{"allow":["GET"]}}],"collection":[{"href":"https:\/\/galisur.es\/pt-pt\/wp-json\/wp\/v2\/pages"}],"about":[{"href":"https:\/\/galisur.es\/pt-pt\/wp-json\/wp\/v2\/types\/page"}],"author":[{"embeddable":true,"href":"https:\/\/galisur.es\/pt-pt\/wp-json\/wp\/v2\/users\/1998"}],"replies":[{"embeddable":true,"href":"https:\/\/galisur.es\/pt-pt\/wp-json\/wp\/v2\/comments?post=17267"}],"version-history":[{"count":1,"href":"https:\/\/galisur.es\/pt-pt\/wp-json\/wp\/v2\/pages\/17267\/revisions"}],"predecessor-version":[{"id":17268,"href":"https:\/\/galisur.es\/pt-pt\/wp-json\/wp\/v2\/pages\/17267\/revisions\/17268"}],"up":[{"embeddable":true,"href":"https:\/\/galisur.es\/pt-pt\/wp-json\/wp\/v2\/pages\/17251"}],"wp:attachment":[{"href":"https:\/\/galisur.es\/pt-pt\/wp-json\/wp\/v2\/media?parent=17267"}],"curies":[{"name":"wp","href":"https:\/\/api.w.org\/{rel}","templated":true}]}}