{"id":17219,"date":"2022-02-08T07:45:03","date_gmt":"2022-02-08T06:45:03","guid":{"rendered":"https:\/\/nervous-gagarin.141-94-206-129.plesk.page\/protecao-solar\/tm-32\/"},"modified":"2025-06-23T15:31:23","modified_gmt":"2025-06-23T13:31:23","slug":"tm-32","status":"publish","type":"page","link":"https:\/\/galisur.es\/pt-pt\/protecao-solar\/tm-32\/","title":{"rendered":"TM 32"},"content":{"rendered":"\t\t<div data-elementor-type=\"wp-page\" data-elementor-id=\"17219\" class=\"elementor elementor-17219 elementor-10964\" data-elementor-post-type=\"page\">\n\t\t\t\t<div class=\"elementor-element elementor-element-3d8a3fe e-flex e-con-boxed e-con e-parent\" data-id=\"3d8a3fe\" data-element_type=\"container\" data-e-type=\"container\">\n\t\t\t\t\t<div class=\"e-con-inner\">\n\t\t<div class=\"elementor-element elementor-element-89d94b7 e-con-full e-flex e-con e-child\" data-id=\"89d94b7\" data-element_type=\"container\" data-e-type=\"container\">\n\t\t\t\t<div class=\"elementor-element elementor-element-76ecd38 elementor-widget elementor-widget-image\" data-id=\"76ecd38\" data-element_type=\"widget\" data-e-type=\"widget\" data-widget_type=\"image.default\">\n\t\t\t\t\t\t\t\t\t\t\t\t\t\t\t<img fetchpriority=\"high\" decoding=\"async\" width=\"2299\" height=\"2560\" src=\"https:\/\/galisur.es\/wp-content\/files\/TECHO-CORREDERA-DECORADO-TREV.-scaled.jpg\" class=\"attachment-full size-full wp-image-15760\" alt=\"\" srcset=\"https:\/\/galisur.es\/wp-content\/files\/TECHO-CORREDERA-DECORADO-TREV.-scaled.jpg 2299w, https:\/\/galisur.es\/wp-content\/files\/TECHO-CORREDERA-DECORADO-TREV.-269x300.jpg 269w, https:\/\/galisur.es\/wp-content\/files\/TECHO-CORREDERA-DECORADO-TREV.-920x1024.jpg 920w, https:\/\/galisur.es\/wp-content\/files\/TECHO-CORREDERA-DECORADO-TREV.-768x855.jpg 768w, https:\/\/galisur.es\/wp-content\/files\/TECHO-CORREDERA-DECORADO-TREV.-1380x1536.jpg 1380w, https:\/\/galisur.es\/wp-content\/files\/TECHO-CORREDERA-DECORADO-TREV.-1839x2048.jpg 1839w\" sizes=\"(max-width: 2299px) 100vw, 2299px\" title=\"\">\t\t\t\t\t\t\t\t\t\t\t\t\t\t\t<\/div>\n\t\t\t\t<\/div>\n\t\t<div class=\"elementor-element elementor-element-b95ba28 e-con-full e-flex e-con e-child\" data-id=\"b95ba28\" data-element_type=\"container\" data-e-type=\"container\">\n\t\t\t\t<div class=\"elementor-element elementor-element-6476255 elementor-widget elementor-widget-heading\" data-id=\"6476255\" data-element_type=\"widget\" data-e-type=\"widget\" data-widget_type=\"heading.default\">\n\t\t\t\t\t<h1 class=\"elementor-heading-title elementor-size-default\">Teto m\u00f3vel 32<\/h1>\t\t\t\t<\/div>\n\t\t\t\t<div class=\"elementor-element elementor-element-98688e8 elementor-widget elementor-widget-text-editor\" data-id=\"98688e8\" data-element_type=\"widget\" data-e-type=\"widget\" data-widget_type=\"text-editor.default\">\n\t\t\t\t\t\t\t\t\t<p>Teto m\u00f3vel deslizante motorizado. Envidra\u00e7amento de at\u00e9 32 mm. Deslizamento por rolamentos de agulhas. Esquadros de fundi\u00e7\u00e3o de alum\u00ednio. Juntas de estanqueidade com feltros laminados e juntas em EPDM, garantindo a qualidade do fecho. Inclina\u00e7\u00e3o m\u00ednima: 10\u00ba (17,6%). Luz m\u00e1xima: 5000 mm.      <\/p><p>Largura da luz: ilimitada unindo m\u00f3dulos.<\/p><p>Categoria alcan\u00e7ada no ensaio:<br>Estanqueidade da cobertura n\u00e3o inund\u00e1vel: CLASSE APTO.<br>Durante o ensaio de 8 horas de dura\u00e7\u00e3o e nas 24 horas posteriores, n\u00e3o foram detectados pingos nem humidade sob a cobertura.<br>Amostra de refer\u00eancia: M\u00f3dulo de 4000\u00d73000 com 6 folhas. Irriga\u00e7\u00e3o atrav\u00e9s de 18 bicos distribu\u00eddos pela superf\u00edcie com um caudal de 21 l\/min cada (2160 l\/h). <\/p>\t\t\t\t\t\t\t\t<\/div>\n\t\t\t\t<\/div>\n\t\t\t\t\t<\/div>\n\t\t\t\t<\/div>\n\t\t<div class=\"elementor-element elementor-element-1f3f1db e-flex e-con-boxed e-con e-parent\" data-id=\"1f3f1db\" data-element_type=\"container\" data-e-type=\"container\" data-settings=\"{&quot;background_background&quot;:&quot;classic&quot;}\">\n\t\t\t\t\t<div class=\"e-con-inner\">\n\t\t<div class=\"elementor-element elementor-element-c83d611 e-con-full e-flex e-con e-child\" data-id=\"c83d611\" data-element_type=\"container\" data-e-type=\"container\">\n\t\t\t\t<div class=\"elementor-element elementor-element-2ef4d3f elementor-widget elementor-widget-heading\" data-id=\"2ef4d3f\" data-element_type=\"widget\" data-e-type=\"widget\" data-widget_type=\"heading.default\">\n\t\t\t\t\t<p class=\"elementor-heading-title elementor-size-default\">Ficha t\u00e9cnica<\/p>\t\t\t\t<\/div>\n\t\t\t\t<div class=\"elementor-element elementor-element-c65e77d elementor-widget elementor-widget-text-editor\" data-id=\"c65e77d\" data-element_type=\"widget\" data-e-type=\"widget\" data-widget_type=\"text-editor.default\">\n\t\t\t\t\t\t\t\t\t<p><a href=\"https:\/\/galisur.es\/registro\/\">Registe-se aqui<\/a> para aceder ao documento.<\/p>\t\t\t\t\t\t\t\t<\/div>\n\t\t\t\t<\/div>\n\t\t<div class=\"elementor-element elementor-element-6bb92b5 e-con-full e-flex e-con e-child\" data-id=\"6bb92b5\" data-element_type=\"container\" data-e-type=\"container\">\n\t\t\t\t<div class=\"elementor-element elementor-element-37b6fb3 elementor-widget elementor-widget-heading\" data-id=\"37b6fb3\" data-element_type=\"widget\" data-e-type=\"widget\" data-widget_type=\"heading.default\">\n\t\t\t\t\t<p class=\"elementor-heading-title elementor-size-default\">Cat\u00e1logo<\/p>\t\t\t\t<\/div>\n\t\t\t\t<div class=\"elementor-element elementor-element-6b95255 elementor-widget elementor-widget-text-editor\" data-id=\"6b95255\" data-element_type=\"widget\" data-e-type=\"widget\" data-widget_type=\"text-editor.default\">\n\t\t\t\t\t\t\t\t\t<p><a href=\"https:\/\/galisur.es\/registro\/\">Registe-se aqui<\/a> para aceder ao documento.<\/p>\t\t\t\t\t\t\t\t<\/div>\n\t\t\t\t<\/div>\n\t\t\t\t\t<\/div>\n\t\t\t\t<\/div>\n\t\t<div class=\"elementor-element elementor-element-d4bf7e4 e-flex e-con-boxed e-con e-parent\" data-id=\"d4bf7e4\" data-element_type=\"container\" data-e-type=\"container\">\n\t\t\t\t\t<div class=\"e-con-inner\">\n\t\t<div class=\"elementor-element elementor-element-0fda2a4 e-con-full e-flex e-con e-child\" data-id=\"0fda2a4\" data-element_type=\"container\" data-e-type=\"container\">\n\t\t\t\t<div class=\"elementor-element elementor-element-6a7ab22 elementor-widget elementor-widget-heading\" data-id=\"6a7ab22\" data-element_type=\"widget\" data-e-type=\"widget\" data-widget_type=\"heading.default\">\n\t\t\t\t\t<h3 class=\"elementor-heading-title elementor-size-default\">Dimens\u00f5es recomendadas<\/h3>\t\t\t\t<\/div>\n\t\t\t\t<div class=\"elementor-element elementor-element-dff1676 elementor-widget elementor-widget-image\" data-id=\"dff1676\" data-element_type=\"widget\" data-e-type=\"widget\" data-widget_type=\"image.default\">\n\t\t\t\t\t\t\t\t\t\t\t\t\t\t\t<img decoding=\"async\" width=\"800\" height=\"250\" src=\"https:\/\/galisur.es\/wp-content\/files\/TM-dimensiones-recomendadas.jpg\" class=\"attachment-full size-full wp-image-15464\" alt=\"\" srcset=\"https:\/\/galisur.es\/wp-content\/files\/TM-dimensiones-recomendadas.jpg 800w, https:\/\/galisur.es\/wp-content\/files\/TM-dimensiones-recomendadas-300x94.jpg 300w, https:\/\/galisur.es\/wp-content\/files\/TM-dimensiones-recomendadas-768x240.jpg 768w\" sizes=\"(max-width: 800px) 100vw, 800px\" title=\"\">\t\t\t\t\t\t\t\t\t\t\t\t\t\t\t<\/div>\n\t\t\t\t<\/div>\n\t\t<div class=\"elementor-element elementor-element-a6603a3 e-con-full e-flex e-con e-child\" data-id=\"a6603a3\" data-element_type=\"container\" data-e-type=\"container\">\n\t\t\t\t<div class=\"elementor-element elementor-element-b3c24af elementor-widget elementor-widget-image\" data-id=\"b3c24af\" data-element_type=\"widget\" data-e-type=\"widget\" data-widget_type=\"image.default\">\n\t\t\t\t\t\t\t\t\t\t\t\t\t\t\t<img decoding=\"async\" width=\"480\" height=\"440\" src=\"https:\/\/galisur.es\/wp-content\/files\/TM-perfil1.jpg\" class=\"attachment-full size-full wp-image-15456\" alt=\"\" srcset=\"https:\/\/galisur.es\/wp-content\/files\/TM-perfil1.jpg 480w, https:\/\/galisur.es\/wp-content\/files\/TM-perfil1-300x275.jpg 300w\" sizes=\"(max-width: 480px) 100vw, 480px\" title=\"\">\t\t\t\t\t\t\t\t\t\t\t\t\t\t\t<\/div>\n\t\t\t\t<\/div>\n\t\t\t\t\t<\/div>\n\t\t\t\t<\/div>\n\t\t\t\t<\/div>\n\t\t","protected":false},"excerpt":{"rendered":"<p>Teto m\u00f3vel 32 Teto m\u00f3vel deslizante motorizado. Envidra\u00e7amento de at\u00e9 32 mm. Deslizamento por rolamentos de agulhas. Esquadros de fundi\u00e7\u00e3o de alum\u00ednio. Juntas de estanqueidade com feltros laminados e juntas em EPDM, garantindo a qualidade do fecho. Inclina\u00e7\u00e3o m\u00ednima: 10\u00ba (17,6%). Luz m\u00e1xima: 5000 mm. Largura da luz: ilimitada unindo m\u00f3dulos. Categoria alcan\u00e7ada no ensaio:Estanqueidade [&hellip;]<\/p>\n","protected":false},"author":18,"featured_media":0,"parent":17171,"menu_order":0,"comment_status":"closed","ping_status":"closed","template":"","meta":{"footnotes":""},"class_list":["post-17219","page","type-page","status-publish","hentry"],"yoast_head":"<!-- This site is optimized with the Yoast SEO plugin v27.2 - https:\/\/yoast.com\/product\/yoast-seo-wordpress\/ -->\n<title>TM 32 | Aluminios Galisur<\/title>\n<meta name=\"description\" content=\"Teto m\u00f3vel 32 Teto m\u00f3vel deslizante motorizado. Envidra\u00e7amento de at\u00e9 32 mm. Deslizamento por rolamentos de agulhas. Esquadros de fundi\u00e7\u00e3o de alum\u00ednio.\" \/>\n<meta name=\"robots\" content=\"index, follow, max-snippet:-1, max-image-preview:large, max-video-preview:-1\" \/>\n<link rel=\"canonical\" href=\"https:\/\/galisur.es\/pt-pt\/protecao-solar\/tm-32\/\" \/>\n<meta property=\"og:locale\" content=\"pt_PT\" \/>\n<meta property=\"og:type\" content=\"article\" \/>\n<meta property=\"og:title\" content=\"TM 32 | Aluminios Galisur\" \/>\n<meta property=\"og:description\" content=\"Teto m\u00f3vel 32 Teto m\u00f3vel deslizante motorizado. Envidra\u00e7amento de at\u00e9 32 mm. Deslizamento por rolamentos de agulhas. Esquadros de fundi\u00e7\u00e3o de alum\u00ednio.\" \/>\n<meta property=\"og:url\" content=\"https:\/\/galisur.es\/pt-pt\/protecao-solar\/tm-32\/\" \/>\n<meta property=\"og:site_name\" content=\"Aluminios Galisur\" \/>\n<meta property=\"article:publisher\" content=\"https:\/\/www.facebook.com\/AluminiosGalisur\" \/>\n<meta property=\"article:modified_time\" content=\"2025-06-23T13:31:23+00:00\" \/>\n<meta property=\"og:image\" content=\"https:\/\/galisur.es\/wp-content\/uploads\/TECHO-CORREDERA-DECORADO-TREV.-scaled.jpg\" \/>\n<meta name=\"twitter:card\" content=\"summary_large_image\" \/>\n<meta name=\"twitter:site\" content=\"@AluminioGalisur\" \/>\n<meta name=\"twitter:label1\" content=\"Tempo estimado de leitura\" \/>\n\t<meta name=\"twitter:data1\" content=\"1 minuto\" \/>\n<script type=\"application\/ld+json\" class=\"yoast-schema-graph\">{\"@context\":\"https:\/\/schema.org\",\"@graph\":[{\"@type\":\"WebPage\",\"@id\":\"https:\/\/galisur.es\/pt-pt\/protecao-solar\/tm-32\/\",\"url\":\"https:\/\/galisur.es\/pt-pt\/protecao-solar\/tm-32\/\",\"name\":\"TM 32 | Aluminios Galisur\",\"isPartOf\":{\"@id\":\"https:\/\/galisur.es\/pt-pt\/#website\"},\"primaryImageOfPage\":{\"@id\":\"https:\/\/galisur.es\/pt-pt\/protecao-solar\/tm-32\/#primaryimage\"},\"image\":{\"@id\":\"https:\/\/galisur.es\/pt-pt\/protecao-solar\/tm-32\/#primaryimage\"},\"thumbnailUrl\":\"https:\/\/galisur.es\/wp-content\/uploads\/TECHO-CORREDERA-DECORADO-TREV.-scaled.jpg\",\"datePublished\":\"2022-02-08T06:45:03+00:00\",\"dateModified\":\"2025-06-23T13:31:23+00:00\",\"description\":\"Teto m\u00f3vel 32 Teto m\u00f3vel deslizante motorizado. Envidra\u00e7amento de at\u00e9 32 mm. Deslizamento por rolamentos de agulhas. Esquadros de fundi\u00e7\u00e3o de alum\u00ednio.\",\"breadcrumb\":{\"@id\":\"https:\/\/galisur.es\/pt-pt\/protecao-solar\/tm-32\/#breadcrumb\"},\"inLanguage\":\"pt-PT\",\"potentialAction\":[{\"@type\":\"ReadAction\",\"target\":[\"https:\/\/galisur.es\/pt-pt\/protecao-solar\/tm-32\/\"]}]},{\"@type\":\"ImageObject\",\"inLanguage\":\"pt-PT\",\"@id\":\"https:\/\/galisur.es\/pt-pt\/protecao-solar\/tm-32\/#primaryimage\",\"url\":\"https:\/\/galisur.es\/wp-content\/uploads\/TECHO-CORREDERA-DECORADO-TREV.-scaled.jpg\",\"contentUrl\":\"https:\/\/galisur.es\/wp-content\/uploads\/TECHO-CORREDERA-DECORADO-TREV.-scaled.jpg\"},{\"@type\":\"BreadcrumbList\",\"@id\":\"https:\/\/galisur.es\/pt-pt\/protecao-solar\/tm-32\/#breadcrumb\",\"itemListElement\":[{\"@type\":\"ListItem\",\"position\":1,\"name\":\"Portada\",\"item\":\"https:\/\/galisur.es\/pt-pt\/\"},{\"@type\":\"ListItem\",\"position\":2,\"name\":\"Prote\u00e7\u00e3o solar\",\"item\":\"https:\/\/galisur.es\/pt-pt\/protecao-solar\/\"},{\"@type\":\"ListItem\",\"position\":3,\"name\":\"TM 32\"}]},{\"@type\":\"WebSite\",\"@id\":\"https:\/\/galisur.es\/pt-pt\/#website\",\"url\":\"https:\/\/galisur.es\/pt-pt\/\",\"name\":\"Aluminios Galisur\",\"description\":\"Aluminios Galisur\",\"publisher\":{\"@id\":\"https:\/\/galisur.es\/pt-pt\/#organization\"},\"potentialAction\":[{\"@type\":\"SearchAction\",\"target\":{\"@type\":\"EntryPoint\",\"urlTemplate\":\"https:\/\/galisur.es\/pt-pt\/?s={search_term_string}\"},\"query-input\":{\"@type\":\"PropertyValueSpecification\",\"valueRequired\":true,\"valueName\":\"search_term_string\"}}],\"inLanguage\":\"pt-PT\"},{\"@type\":\"Organization\",\"@id\":\"https:\/\/galisur.es\/pt-pt\/#organization\",\"name\":\"Galisur\",\"url\":\"https:\/\/galisur.es\/pt-pt\/\",\"logo\":{\"@type\":\"ImageObject\",\"inLanguage\":\"pt-PT\",\"@id\":\"https:\/\/galisur.es\/pt-pt\/#\/schema\/logo\/image\/\",\"url\":\"https:\/\/galisur.es\/wp-content\/files\/2021\/03\/logo-35x15-1.png\",\"contentUrl\":\"https:\/\/galisur.es\/wp-content\/files\/2021\/03\/logo-35x15-1.png\",\"width\":370,\"height\":176,\"caption\":\"Galisur\"},\"image\":{\"@id\":\"https:\/\/galisur.es\/pt-pt\/#\/schema\/logo\/image\/\"},\"sameAs\":[\"https:\/\/www.facebook.com\/AluminiosGalisur\",\"https:\/\/x.com\/AluminioGalisur\"]}]}<\/script>\n<!-- \/ Yoast SEO plugin. -->","yoast_head_json":{"title":"TM 32 | Aluminios Galisur","description":"Teto m\u00f3vel 32 Teto m\u00f3vel deslizante motorizado. Envidra\u00e7amento de at\u00e9 32 mm. Deslizamento por rolamentos de agulhas. Esquadros de fundi\u00e7\u00e3o de alum\u00ednio.","robots":{"index":"index","follow":"follow","max-snippet":"max-snippet:-1","max-image-preview":"max-image-preview:large","max-video-preview":"max-video-preview:-1"},"canonical":"https:\/\/galisur.es\/pt-pt\/protecao-solar\/tm-32\/","og_locale":"pt_PT","og_type":"article","og_title":"TM 32 | Aluminios Galisur","og_description":"Teto m\u00f3vel 32 Teto m\u00f3vel deslizante motorizado. Envidra\u00e7amento de at\u00e9 32 mm. Deslizamento por rolamentos de agulhas. Esquadros de fundi\u00e7\u00e3o de alum\u00ednio.","og_url":"https:\/\/galisur.es\/pt-pt\/protecao-solar\/tm-32\/","og_site_name":"Aluminios Galisur","article_publisher":"https:\/\/www.facebook.com\/AluminiosGalisur","article_modified_time":"2025-06-23T13:31:23+00:00","og_image":[{"url":"https:\/\/galisur.es\/wp-content\/uploads\/TECHO-CORREDERA-DECORADO-TREV.-scaled.jpg","type":"","width":"","height":""}],"twitter_card":"summary_large_image","twitter_site":"@AluminioGalisur","twitter_misc":{"Tempo estimado de leitura":"1 minuto"},"schema":{"@context":"https:\/\/schema.org","@graph":[{"@type":"WebPage","@id":"https:\/\/galisur.es\/pt-pt\/protecao-solar\/tm-32\/","url":"https:\/\/galisur.es\/pt-pt\/protecao-solar\/tm-32\/","name":"TM 32 | Aluminios Galisur","isPartOf":{"@id":"https:\/\/galisur.es\/pt-pt\/#website"},"primaryImageOfPage":{"@id":"https:\/\/galisur.es\/pt-pt\/protecao-solar\/tm-32\/#primaryimage"},"image":{"@id":"https:\/\/galisur.es\/pt-pt\/protecao-solar\/tm-32\/#primaryimage"},"thumbnailUrl":"https:\/\/galisur.es\/wp-content\/uploads\/TECHO-CORREDERA-DECORADO-TREV.-scaled.jpg","datePublished":"2022-02-08T06:45:03+00:00","dateModified":"2025-06-23T13:31:23+00:00","description":"Teto m\u00f3vel 32 Teto m\u00f3vel deslizante motorizado. Envidra\u00e7amento de at\u00e9 32 mm. Deslizamento por rolamentos de agulhas. Esquadros de fundi\u00e7\u00e3o de alum\u00ednio.","breadcrumb":{"@id":"https:\/\/galisur.es\/pt-pt\/protecao-solar\/tm-32\/#breadcrumb"},"inLanguage":"pt-PT","potentialAction":[{"@type":"ReadAction","target":["https:\/\/galisur.es\/pt-pt\/protecao-solar\/tm-32\/"]}]},{"@type":"ImageObject","inLanguage":"pt-PT","@id":"https:\/\/galisur.es\/pt-pt\/protecao-solar\/tm-32\/#primaryimage","url":"https:\/\/galisur.es\/wp-content\/uploads\/TECHO-CORREDERA-DECORADO-TREV.-scaled.jpg","contentUrl":"https:\/\/galisur.es\/wp-content\/uploads\/TECHO-CORREDERA-DECORADO-TREV.-scaled.jpg"},{"@type":"BreadcrumbList","@id":"https:\/\/galisur.es\/pt-pt\/protecao-solar\/tm-32\/#breadcrumb","itemListElement":[{"@type":"ListItem","position":1,"name":"Portada","item":"https:\/\/galisur.es\/pt-pt\/"},{"@type":"ListItem","position":2,"name":"Prote\u00e7\u00e3o solar","item":"https:\/\/galisur.es\/pt-pt\/protecao-solar\/"},{"@type":"ListItem","position":3,"name":"TM 32"}]},{"@type":"WebSite","@id":"https:\/\/galisur.es\/pt-pt\/#website","url":"https:\/\/galisur.es\/pt-pt\/","name":"Aluminios Galisur","description":"Aluminios Galisur","publisher":{"@id":"https:\/\/galisur.es\/pt-pt\/#organization"},"potentialAction":[{"@type":"SearchAction","target":{"@type":"EntryPoint","urlTemplate":"https:\/\/galisur.es\/pt-pt\/?s={search_term_string}"},"query-input":{"@type":"PropertyValueSpecification","valueRequired":true,"valueName":"search_term_string"}}],"inLanguage":"pt-PT"},{"@type":"Organization","@id":"https:\/\/galisur.es\/pt-pt\/#organization","name":"Galisur","url":"https:\/\/galisur.es\/pt-pt\/","logo":{"@type":"ImageObject","inLanguage":"pt-PT","@id":"https:\/\/galisur.es\/pt-pt\/#\/schema\/logo\/image\/","url":"https:\/\/galisur.es\/wp-content\/files\/2021\/03\/logo-35x15-1.png","contentUrl":"https:\/\/galisur.es\/wp-content\/files\/2021\/03\/logo-35x15-1.png","width":370,"height":176,"caption":"Galisur"},"image":{"@id":"https:\/\/galisur.es\/pt-pt\/#\/schema\/logo\/image\/"},"sameAs":["https:\/\/www.facebook.com\/AluminiosGalisur","https:\/\/x.com\/AluminioGalisur"]}]}},"_links":{"self":[{"href":"https:\/\/galisur.es\/pt-pt\/wp-json\/wp\/v2\/pages\/17219","targetHints":{"allow":["GET"]}}],"collection":[{"href":"https:\/\/galisur.es\/pt-pt\/wp-json\/wp\/v2\/pages"}],"about":[{"href":"https:\/\/galisur.es\/pt-pt\/wp-json\/wp\/v2\/types\/page"}],"author":[{"embeddable":true,"href":"https:\/\/galisur.es\/pt-pt\/wp-json\/wp\/v2\/users\/18"}],"replies":[{"embeddable":true,"href":"https:\/\/galisur.es\/pt-pt\/wp-json\/wp\/v2\/comments?post=17219"}],"version-history":[{"count":1,"href":"https:\/\/galisur.es\/pt-pt\/wp-json\/wp\/v2\/pages\/17219\/revisions"}],"predecessor-version":[{"id":17220,"href":"https:\/\/galisur.es\/pt-pt\/wp-json\/wp\/v2\/pages\/17219\/revisions\/17220"}],"up":[{"embeddable":true,"href":"https:\/\/galisur.es\/pt-pt\/wp-json\/wp\/v2\/pages\/17171"}],"wp:attachment":[{"href":"https:\/\/galisur.es\/pt-pt\/wp-json\/wp\/v2\/media?parent=17219"}],"curies":[{"name":"wp","href":"https:\/\/api.w.org\/{rel}","templated":true}]}}