{"id":17211,"date":"2024-03-27T13:35:57","date_gmt":"2024-03-27T12:35:57","guid":{"rendered":"https:\/\/nervous-gagarin.141-94-206-129.plesk.page\/protecao-solar\/solar\/"},"modified":"2025-06-23T15:27:32","modified_gmt":"2025-06-23T13:27:32","slug":"solar","status":"publish","type":"page","link":"https:\/\/galisur.es\/pt-pt\/protecao-solar\/solar\/","title":{"rendered":"Solar"},"content":{"rendered":"\t\t<div data-elementor-type=\"wp-page\" data-elementor-id=\"17211\" class=\"elementor elementor-17211 elementor-13312\" data-elementor-post-type=\"page\">\n\t\t\t\t<div class=\"elementor-element elementor-element-cfe2485 e-flex e-con-boxed e-con e-parent\" data-id=\"cfe2485\" data-element_type=\"container\" data-e-type=\"container\">\n\t\t\t\t\t<div class=\"e-con-inner\">\n\t\t<div class=\"elementor-element elementor-element-8f69b6c e-con-full e-flex e-con e-child\" data-id=\"8f69b6c\" data-element_type=\"container\" data-e-type=\"container\">\n\t\t\t\t<div class=\"elementor-element elementor-element-d5e95d2 elementor-widget elementor-widget-image\" data-id=\"d5e95d2\" data-element_type=\"widget\" data-e-type=\"widget\" data-widget_type=\"image.default\">\n\t\t\t\t\t\t\t\t\t\t\t\t\t\t\t<img fetchpriority=\"high\" decoding=\"async\" width=\"1200\" height=\"1200\" src=\"https:\/\/galisur.es\/wp-content\/files\/Placa-solar-triangular.png\" class=\"attachment-full size-full wp-image-16640\" alt=\"\" srcset=\"https:\/\/galisur.es\/wp-content\/files\/Placa-solar-triangular.png 1200w, https:\/\/galisur.es\/wp-content\/files\/Placa-solar-triangular-300x300.png 300w, https:\/\/galisur.es\/wp-content\/files\/Placa-solar-triangular-1024x1024.png 1024w, https:\/\/galisur.es\/wp-content\/files\/Placa-solar-triangular-150x150.png 150w, https:\/\/galisur.es\/wp-content\/files\/Placa-solar-triangular-768x768.png 768w, https:\/\/galisur.es\/wp-content\/files\/Placa-solar-triangular-800x800.png 800w\" sizes=\"(max-width: 1200px) 100vw, 1200px\" title=\"\">\t\t\t\t\t\t\t\t\t\t\t\t\t\t\t<\/div>\n\t\t\t\t<\/div>\n\t\t<div class=\"elementor-element elementor-element-b73a29d e-con-full e-flex e-con e-child\" data-id=\"b73a29d\" data-element_type=\"container\" data-e-type=\"container\">\n\t\t\t\t<div class=\"elementor-element elementor-element-d55d016 elementor-widget elementor-widget-heading\" data-id=\"d55d016\" data-element_type=\"widget\" data-e-type=\"widget\" data-widget_type=\"heading.default\">\n\t\t\t\t\t<h1 class=\"elementor-heading-title elementor-size-default\">Solar<\/h1>\t\t\t\t<\/div>\n\t\t\t\t<div class=\"elementor-element elementor-element-33f7bea elementor-widget elementor-widget-text-editor\" data-id=\"33f7bea\" data-element_type=\"widget\" data-e-type=\"widget\" data-widget_type=\"text-editor.default\">\n\t\t\t\t\t\t\t\t\t<p>Perfis de alum\u00ednio anodizado ou lacado 6060 T5. A op\u00e7\u00e3o coplanar \u00e9 uma solu\u00e7\u00e3o para coberturas met\u00e1licas, bet\u00e3o e telhas. A op\u00e7\u00e3o inclinada \u00e9 uma solu\u00e7\u00e3o com suportes inclinados para coberturas planas de bet\u00e3o e met\u00e1licas. Existem diferentes inclina\u00e7\u00f5es entre 15\u00ba e 30\u00ba, dependendo da latitude.   <\/p>\t\t\t\t\t\t\t\t<\/div>\n\t\t\t\t<\/div>\n\t\t\t\t\t<\/div>\n\t\t\t\t<\/div>\n\t\t<div class=\"elementor-element elementor-element-7c9642b e-flex e-con-boxed e-con e-parent\" data-id=\"7c9642b\" data-element_type=\"container\" data-e-type=\"container\" data-settings=\"{&quot;background_background&quot;:&quot;classic&quot;}\">\n\t\t\t\t\t<div class=\"e-con-inner\">\n\t\t<div class=\"elementor-element elementor-element-69a4840 e-con-full e-flex e-con e-child\" data-id=\"69a4840\" data-element_type=\"container\" data-e-type=\"container\">\n\t\t\t\t<div class=\"elementor-element elementor-element-3d080c5 elementor-widget elementor-widget-heading\" data-id=\"3d080c5\" data-element_type=\"widget\" data-e-type=\"widget\" data-widget_type=\"heading.default\">\n\t\t\t\t\t<p class=\"elementor-heading-title elementor-size-default\">Ficha t\u00e9cnica<\/p>\t\t\t\t<\/div>\n\t\t\t\t<div class=\"elementor-element elementor-element-ab3d15a elementor-widget elementor-widget-text-editor\" data-id=\"ab3d15a\" data-element_type=\"widget\" data-e-type=\"widget\" data-widget_type=\"text-editor.default\">\n\t\t\t\t\t\t\t\t\t<p><a href=\"https:\/\/galisur.es\/registro\/\">Registe-se aqui<\/a> para aceder ao documento.<\/p>\t\t\t\t\t\t\t\t<\/div>\n\t\t\t\t<\/div>\n\t\t<div class=\"elementor-element elementor-element-d8b1ce6 e-con-full e-flex e-con e-child\" data-id=\"d8b1ce6\" data-element_type=\"container\" data-e-type=\"container\">\n\t\t\t\t<div class=\"elementor-element elementor-element-637e1c2 elementor-widget elementor-widget-heading\" data-id=\"637e1c2\" data-element_type=\"widget\" data-e-type=\"widget\" data-widget_type=\"heading.default\">\n\t\t\t\t\t<p class=\"elementor-heading-title elementor-size-default\">Cat\u00e1logo<\/p>\t\t\t\t<\/div>\n\t\t\t\t<div class=\"elementor-element elementor-element-f673705 elementor-widget elementor-widget-text-editor\" data-id=\"f673705\" data-element_type=\"widget\" data-e-type=\"widget\" data-widget_type=\"text-editor.default\">\n\t\t\t\t\t\t\t\t\t<p><a href=\"https:\/\/galisur.es\/registro\/\">Registe-se aqui<\/a> para aceder ao documento.<\/p>\t\t\t\t\t\t\t\t<\/div>\n\t\t\t\t<\/div>\n\t\t\t\t\t<\/div>\n\t\t\t\t<\/div>\n\t\t<div class=\"elementor-element elementor-element-115a685 e-flex e-con-boxed e-con e-parent\" data-id=\"115a685\" data-element_type=\"container\" data-e-type=\"container\">\n\t\t\t\t\t<div class=\"e-con-inner\">\n\t\t<div class=\"elementor-element elementor-element-9272f69 e-con-full e-flex e-con e-child\" data-id=\"9272f69\" data-element_type=\"container\" data-e-type=\"container\" data-settings=\"{&quot;background_background&quot;:&quot;slideshow&quot;,&quot;background_slideshow_gallery&quot;:[{&quot;id&quot;:13304,&quot;url&quot;:&quot;https:\\\/\\\/galisur.es\\\/wp-content\\\/uploads\\\/Placa-solar-triangular.png&quot;},{&quot;id&quot;:13305,&quot;url&quot;:&quot;https:\\\/\\\/galisur.es\\\/wp-content\\\/uploads\\\/Placas-solares.png&quot;}],&quot;background_slideshow_loop&quot;:&quot;yes&quot;,&quot;background_slideshow_slide_duration&quot;:5000,&quot;background_slideshow_slide_transition&quot;:&quot;fade&quot;,&quot;background_slideshow_transition_duration&quot;:500}\">\n\t\t\t\t<\/div>\n\t\t<div class=\"elementor-element elementor-element-5150967 e-con-full e-flex e-con e-child\" data-id=\"5150967\" data-element_type=\"container\" data-e-type=\"container\">\n\t\t\t\t<div class=\"elementor-element elementor-element-8112605 elementor-widget elementor-widget-heading\" data-id=\"8112605\" data-element_type=\"widget\" data-e-type=\"widget\" data-widget_type=\"heading.default\">\n\t\t\t\t\t<h2 class=\"elementor-heading-title elementor-size-default\">Caracter\u00edsticas t\u00e9cnicas<\/h2>\t\t\t\t<\/div>\n\t\t\t\t<div class=\"elementor-element elementor-element-dfd9be5 elementor-widget elementor-widget-text-editor\" data-id=\"dfd9be5\" data-element_type=\"widget\" data-e-type=\"widget\" data-widget_type=\"text-editor.default\">\n\t\t\t\t\t\t\t\t\t<p>&gt; Material alum\u00ednio anodizado ou lacado 6060 T5<br>&gt; Velocidade do vento at\u00e9 28 m\/s (100 km\/h)<br>&gt; Carga de neve at\u00e9 60 cm (70 kg\/m\u00b2)<br>Ensaio realizado de acordo com as prescri\u00e7\u00f5es estabelecidas no<br>CTE no documento b\u00e1sico DBSE AE<br>&gt; Op\u00e7\u00e3o coplanar. Solu\u00e7\u00e3o para coberturas met\u00e1licas,<br>bet\u00e3o e telhas. Medidas 1000 x 2000 mm  <br>&gt; Op\u00e7\u00e3o inclinada. Solu\u00e7\u00e3o com suportes inclinados<br>para coberturas planas de homirg\u00f3n e met\u00e1licas.<br>Inclina\u00e7\u00e3o 30\u00ba Medidas 1000 x 2000 mm <br>&gt; Na op\u00e7\u00e3o inclinada, existem diferentes inclina\u00e7\u00f5es<br>entre 15\u00ba e 30\u00ba, dependendo da latitude.<br>&gt; Parafuso MTA. eixo zincado M6 x 60 \u00f8 ou similar <br>&gt; Parafuso de cabe\u00e7a martelo com quadrado + porca<br>hexagonal DIN 557 ou similar<br>&gt; Acess\u00f3rios em alum\u00ednio anodizado ou lacado 6060 T5<\/p>\t\t\t\t\t\t\t\t<\/div>\n\t\t\t\t<\/div>\n\t\t\t\t\t<\/div>\n\t\t\t\t<\/div>\n\t\t\t\t<\/div>\n\t\t","protected":false},"excerpt":{"rendered":"<p>Solar Perfis de alum\u00ednio anodizado ou lacado 6060 T5. A op\u00e7\u00e3o coplanar \u00e9 uma solu\u00e7\u00e3o para coberturas met\u00e1licas, bet\u00e3o e telhas. A op\u00e7\u00e3o inclinada \u00e9 uma solu\u00e7\u00e3o com suportes inclinados para coberturas planas de bet\u00e3o e met\u00e1licas. Existem diferentes inclina\u00e7\u00f5es entre 15\u00ba e 30\u00ba, dependendo da latitude. Ficha t\u00e9cnica Descarregar Registe-se aqui para aceder ao [&hellip;]<\/p>\n","protected":false},"author":18,"featured_media":0,"parent":17171,"menu_order":0,"comment_status":"closed","ping_status":"closed","template":"","meta":{"footnotes":""},"class_list":["post-17211","page","type-page","status-publish","hentry"],"yoast_head":"<!-- This site is optimized with the Yoast SEO plugin v27.2 - https:\/\/yoast.com\/product\/yoast-seo-wordpress\/ -->\n<title>Solar | Aluminios Galisur<\/title>\n<meta name=\"description\" content=\"Solar Perfis de alum\u00ednio anodizado ou lacado 6060 T5. A op\u00e7\u00e3o coplanar \u00e9 uma solu\u00e7\u00e3o para coberturas met\u00e1licas, bet\u00e3o e telhas. A op\u00e7\u00e3o inclinada \u00e9 uma\" \/>\n<meta name=\"robots\" content=\"index, follow, max-snippet:-1, max-image-preview:large, max-video-preview:-1\" \/>\n<link rel=\"canonical\" href=\"https:\/\/galisur.es\/pt-pt\/protecao-solar\/solar\/\" \/>\n<meta property=\"og:locale\" content=\"pt_PT\" \/>\n<meta property=\"og:type\" content=\"article\" \/>\n<meta property=\"og:title\" content=\"Solar | Aluminios Galisur\" \/>\n<meta property=\"og:description\" content=\"Solar Perfis de alum\u00ednio anodizado ou lacado 6060 T5. A op\u00e7\u00e3o coplanar \u00e9 uma solu\u00e7\u00e3o para coberturas met\u00e1licas, bet\u00e3o e telhas. A op\u00e7\u00e3o inclinada \u00e9 uma\" \/>\n<meta property=\"og:url\" content=\"https:\/\/galisur.es\/pt-pt\/protecao-solar\/solar\/\" \/>\n<meta property=\"og:site_name\" content=\"Aluminios Galisur\" \/>\n<meta property=\"article:publisher\" content=\"https:\/\/www.facebook.com\/AluminiosGalisur\" \/>\n<meta property=\"article:modified_time\" content=\"2025-06-23T13:27:32+00:00\" \/>\n<meta property=\"og:image\" content=\"https:\/\/galisur.es\/wp-content\/uploads\/Placa-solar-triangular.png\" \/>\n<meta name=\"twitter:card\" content=\"summary_large_image\" \/>\n<meta name=\"twitter:site\" content=\"@AluminioGalisur\" \/>\n<meta name=\"twitter:label1\" content=\"Tempo estimado de leitura\" \/>\n\t<meta name=\"twitter:data1\" content=\"1 minuto\" \/>\n<script type=\"application\/ld+json\" class=\"yoast-schema-graph\">{\"@context\":\"https:\/\/schema.org\",\"@graph\":[{\"@type\":\"WebPage\",\"@id\":\"https:\/\/galisur.es\/pt-pt\/protecao-solar\/solar\/\",\"url\":\"https:\/\/galisur.es\/pt-pt\/protecao-solar\/solar\/\",\"name\":\"Solar | Aluminios Galisur\",\"isPartOf\":{\"@id\":\"https:\/\/galisur.es\/pt-pt\/#website\"},\"primaryImageOfPage\":{\"@id\":\"https:\/\/galisur.es\/pt-pt\/protecao-solar\/solar\/#primaryimage\"},\"image\":{\"@id\":\"https:\/\/galisur.es\/pt-pt\/protecao-solar\/solar\/#primaryimage\"},\"thumbnailUrl\":\"https:\/\/galisur.es\/wp-content\/uploads\/Placa-solar-triangular.png\",\"datePublished\":\"2024-03-27T12:35:57+00:00\",\"dateModified\":\"2025-06-23T13:27:32+00:00\",\"description\":\"Solar Perfis de alum\u00ednio anodizado ou lacado 6060 T5. A op\u00e7\u00e3o coplanar \u00e9 uma solu\u00e7\u00e3o para coberturas met\u00e1licas, bet\u00e3o e telhas. A op\u00e7\u00e3o inclinada \u00e9 uma\",\"breadcrumb\":{\"@id\":\"https:\/\/galisur.es\/pt-pt\/protecao-solar\/solar\/#breadcrumb\"},\"inLanguage\":\"pt-PT\",\"potentialAction\":[{\"@type\":\"ReadAction\",\"target\":[\"https:\/\/galisur.es\/pt-pt\/protecao-solar\/solar\/\"]}]},{\"@type\":\"ImageObject\",\"inLanguage\":\"pt-PT\",\"@id\":\"https:\/\/galisur.es\/pt-pt\/protecao-solar\/solar\/#primaryimage\",\"url\":\"https:\/\/galisur.es\/wp-content\/uploads\/Placa-solar-triangular.png\",\"contentUrl\":\"https:\/\/galisur.es\/wp-content\/uploads\/Placa-solar-triangular.png\"},{\"@type\":\"BreadcrumbList\",\"@id\":\"https:\/\/galisur.es\/pt-pt\/protecao-solar\/solar\/#breadcrumb\",\"itemListElement\":[{\"@type\":\"ListItem\",\"position\":1,\"name\":\"Portada\",\"item\":\"https:\/\/galisur.es\/pt-pt\/\"},{\"@type\":\"ListItem\",\"position\":2,\"name\":\"Prote\u00e7\u00e3o solar\",\"item\":\"https:\/\/galisur.es\/pt-pt\/protecao-solar\/\"},{\"@type\":\"ListItem\",\"position\":3,\"name\":\"Solar\"}]},{\"@type\":\"WebSite\",\"@id\":\"https:\/\/galisur.es\/pt-pt\/#website\",\"url\":\"https:\/\/galisur.es\/pt-pt\/\",\"name\":\"Aluminios Galisur\",\"description\":\"Aluminios Galisur\",\"publisher\":{\"@id\":\"https:\/\/galisur.es\/pt-pt\/#organization\"},\"potentialAction\":[{\"@type\":\"SearchAction\",\"target\":{\"@type\":\"EntryPoint\",\"urlTemplate\":\"https:\/\/galisur.es\/pt-pt\/?s={search_term_string}\"},\"query-input\":{\"@type\":\"PropertyValueSpecification\",\"valueRequired\":true,\"valueName\":\"search_term_string\"}}],\"inLanguage\":\"pt-PT\"},{\"@type\":\"Organization\",\"@id\":\"https:\/\/galisur.es\/pt-pt\/#organization\",\"name\":\"Galisur\",\"url\":\"https:\/\/galisur.es\/pt-pt\/\",\"logo\":{\"@type\":\"ImageObject\",\"inLanguage\":\"pt-PT\",\"@id\":\"https:\/\/galisur.es\/pt-pt\/#\/schema\/logo\/image\/\",\"url\":\"https:\/\/galisur.es\/wp-content\/files\/2021\/03\/logo-35x15-1.png\",\"contentUrl\":\"https:\/\/galisur.es\/wp-content\/files\/2021\/03\/logo-35x15-1.png\",\"width\":370,\"height\":176,\"caption\":\"Galisur\"},\"image\":{\"@id\":\"https:\/\/galisur.es\/pt-pt\/#\/schema\/logo\/image\/\"},\"sameAs\":[\"https:\/\/www.facebook.com\/AluminiosGalisur\",\"https:\/\/x.com\/AluminioGalisur\"]}]}<\/script>\n<!-- \/ Yoast SEO plugin. -->","yoast_head_json":{"title":"Solar | Aluminios Galisur","description":"Solar Perfis de alum\u00ednio anodizado ou lacado 6060 T5. A op\u00e7\u00e3o coplanar \u00e9 uma solu\u00e7\u00e3o para coberturas met\u00e1licas, bet\u00e3o e telhas. A op\u00e7\u00e3o inclinada \u00e9 uma","robots":{"index":"index","follow":"follow","max-snippet":"max-snippet:-1","max-image-preview":"max-image-preview:large","max-video-preview":"max-video-preview:-1"},"canonical":"https:\/\/galisur.es\/pt-pt\/protecao-solar\/solar\/","og_locale":"pt_PT","og_type":"article","og_title":"Solar | Aluminios Galisur","og_description":"Solar Perfis de alum\u00ednio anodizado ou lacado 6060 T5. A op\u00e7\u00e3o coplanar \u00e9 uma solu\u00e7\u00e3o para coberturas met\u00e1licas, bet\u00e3o e telhas. A op\u00e7\u00e3o inclinada \u00e9 uma","og_url":"https:\/\/galisur.es\/pt-pt\/protecao-solar\/solar\/","og_site_name":"Aluminios Galisur","article_publisher":"https:\/\/www.facebook.com\/AluminiosGalisur","article_modified_time":"2025-06-23T13:27:32+00:00","og_image":[{"url":"https:\/\/galisur.es\/wp-content\/uploads\/Placa-solar-triangular.png","type":"","width":"","height":""}],"twitter_card":"summary_large_image","twitter_site":"@AluminioGalisur","twitter_misc":{"Tempo estimado de leitura":"1 minuto"},"schema":{"@context":"https:\/\/schema.org","@graph":[{"@type":"WebPage","@id":"https:\/\/galisur.es\/pt-pt\/protecao-solar\/solar\/","url":"https:\/\/galisur.es\/pt-pt\/protecao-solar\/solar\/","name":"Solar | Aluminios Galisur","isPartOf":{"@id":"https:\/\/galisur.es\/pt-pt\/#website"},"primaryImageOfPage":{"@id":"https:\/\/galisur.es\/pt-pt\/protecao-solar\/solar\/#primaryimage"},"image":{"@id":"https:\/\/galisur.es\/pt-pt\/protecao-solar\/solar\/#primaryimage"},"thumbnailUrl":"https:\/\/galisur.es\/wp-content\/uploads\/Placa-solar-triangular.png","datePublished":"2024-03-27T12:35:57+00:00","dateModified":"2025-06-23T13:27:32+00:00","description":"Solar Perfis de alum\u00ednio anodizado ou lacado 6060 T5. A op\u00e7\u00e3o coplanar \u00e9 uma solu\u00e7\u00e3o para coberturas met\u00e1licas, bet\u00e3o e telhas. A op\u00e7\u00e3o inclinada \u00e9 uma","breadcrumb":{"@id":"https:\/\/galisur.es\/pt-pt\/protecao-solar\/solar\/#breadcrumb"},"inLanguage":"pt-PT","potentialAction":[{"@type":"ReadAction","target":["https:\/\/galisur.es\/pt-pt\/protecao-solar\/solar\/"]}]},{"@type":"ImageObject","inLanguage":"pt-PT","@id":"https:\/\/galisur.es\/pt-pt\/protecao-solar\/solar\/#primaryimage","url":"https:\/\/galisur.es\/wp-content\/uploads\/Placa-solar-triangular.png","contentUrl":"https:\/\/galisur.es\/wp-content\/uploads\/Placa-solar-triangular.png"},{"@type":"BreadcrumbList","@id":"https:\/\/galisur.es\/pt-pt\/protecao-solar\/solar\/#breadcrumb","itemListElement":[{"@type":"ListItem","position":1,"name":"Portada","item":"https:\/\/galisur.es\/pt-pt\/"},{"@type":"ListItem","position":2,"name":"Prote\u00e7\u00e3o solar","item":"https:\/\/galisur.es\/pt-pt\/protecao-solar\/"},{"@type":"ListItem","position":3,"name":"Solar"}]},{"@type":"WebSite","@id":"https:\/\/galisur.es\/pt-pt\/#website","url":"https:\/\/galisur.es\/pt-pt\/","name":"Aluminios Galisur","description":"Aluminios Galisur","publisher":{"@id":"https:\/\/galisur.es\/pt-pt\/#organization"},"potentialAction":[{"@type":"SearchAction","target":{"@type":"EntryPoint","urlTemplate":"https:\/\/galisur.es\/pt-pt\/?s={search_term_string}"},"query-input":{"@type":"PropertyValueSpecification","valueRequired":true,"valueName":"search_term_string"}}],"inLanguage":"pt-PT"},{"@type":"Organization","@id":"https:\/\/galisur.es\/pt-pt\/#organization","name":"Galisur","url":"https:\/\/galisur.es\/pt-pt\/","logo":{"@type":"ImageObject","inLanguage":"pt-PT","@id":"https:\/\/galisur.es\/pt-pt\/#\/schema\/logo\/image\/","url":"https:\/\/galisur.es\/wp-content\/files\/2021\/03\/logo-35x15-1.png","contentUrl":"https:\/\/galisur.es\/wp-content\/files\/2021\/03\/logo-35x15-1.png","width":370,"height":176,"caption":"Galisur"},"image":{"@id":"https:\/\/galisur.es\/pt-pt\/#\/schema\/logo\/image\/"},"sameAs":["https:\/\/www.facebook.com\/AluminiosGalisur","https:\/\/x.com\/AluminioGalisur"]}]}},"_links":{"self":[{"href":"https:\/\/galisur.es\/pt-pt\/wp-json\/wp\/v2\/pages\/17211","targetHints":{"allow":["GET"]}}],"collection":[{"href":"https:\/\/galisur.es\/pt-pt\/wp-json\/wp\/v2\/pages"}],"about":[{"href":"https:\/\/galisur.es\/pt-pt\/wp-json\/wp\/v2\/types\/page"}],"author":[{"embeddable":true,"href":"https:\/\/galisur.es\/pt-pt\/wp-json\/wp\/v2\/users\/18"}],"replies":[{"embeddable":true,"href":"https:\/\/galisur.es\/pt-pt\/wp-json\/wp\/v2\/comments?post=17211"}],"version-history":[{"count":1,"href":"https:\/\/galisur.es\/pt-pt\/wp-json\/wp\/v2\/pages\/17211\/revisions"}],"predecessor-version":[{"id":17212,"href":"https:\/\/galisur.es\/pt-pt\/wp-json\/wp\/v2\/pages\/17211\/revisions\/17212"}],"up":[{"embeddable":true,"href":"https:\/\/galisur.es\/pt-pt\/wp-json\/wp\/v2\/pages\/17171"}],"wp:attachment":[{"href":"https:\/\/galisur.es\/pt-pt\/wp-json\/wp\/v2\/media?parent=17211"}],"curies":[{"name":"wp","href":"https:\/\/api.w.org\/{rel}","templated":true}]}}