{"id":17195,"date":"2022-02-08T07:31:25","date_gmt":"2022-02-08T06:31:25","guid":{"rendered":"https:\/\/nervous-gagarin.141-94-206-129.plesk.page\/protecao-solar\/laminas-210\/"},"modified":"2025-06-23T13:37:05","modified_gmt":"2025-06-23T11:37:05","slug":"laminas-210","status":"publish","type":"page","link":"https:\/\/galisur.es\/pt-pt\/protecao-solar\/laminas-210\/","title":{"rendered":"L\u00e2minas 210"},"content":{"rendered":"\t\t<div data-elementor-type=\"wp-page\" data-elementor-id=\"17195\" class=\"elementor elementor-17195 elementor-10943\" data-elementor-post-type=\"page\">\n\t\t\t\t<div class=\"elementor-element elementor-element-6043e63 e-flex e-con-boxed e-con e-parent\" data-id=\"6043e63\" data-element_type=\"container\" data-e-type=\"container\">\n\t\t\t\t\t<div class=\"e-con-inner\">\n\t\t<div class=\"elementor-element elementor-element-61f398f e-con-full e-flex e-con e-child\" data-id=\"61f398f\" data-element_type=\"container\" data-e-type=\"container\">\n\t\t\t\t<div class=\"elementor-element elementor-element-cc07939 elementor-widget elementor-widget-image\" data-id=\"cc07939\" data-element_type=\"widget\" data-e-type=\"widget\" data-widget_type=\"image.default\">\n\t\t\t\t\t\t\t\t\t\t\t\t\t\t\t<img fetchpriority=\"high\" decoding=\"async\" width=\"1200\" height=\"1200\" src=\"https:\/\/galisur.es\/wp-content\/files\/Lama-parasol-210-1.png\" class=\"attachment-full size-full wp-image-16636\" alt=\"\" srcset=\"https:\/\/galisur.es\/wp-content\/files\/Lama-parasol-210-1.png 1200w, https:\/\/galisur.es\/wp-content\/files\/Lama-parasol-210-1-300x300.png 300w, https:\/\/galisur.es\/wp-content\/files\/Lama-parasol-210-1-1024x1024.png 1024w, https:\/\/galisur.es\/wp-content\/files\/Lama-parasol-210-1-150x150.png 150w, https:\/\/galisur.es\/wp-content\/files\/Lama-parasol-210-1-768x768.png 768w, https:\/\/galisur.es\/wp-content\/files\/Lama-parasol-210-1-800x800.png 800w\" sizes=\"(max-width: 1200px) 100vw, 1200px\" title=\"\">\t\t\t\t\t\t\t\t\t\t\t\t\t\t\t<\/div>\n\t\t\t\t<\/div>\n\t\t<div class=\"elementor-element elementor-element-a959f40 e-con-full e-flex e-con e-child\" data-id=\"a959f40\" data-element_type=\"container\" data-e-type=\"container\">\n\t\t\t\t<div class=\"elementor-element elementor-element-5e206a7 elementor-widget elementor-widget-heading\" data-id=\"5e206a7\" data-element_type=\"widget\" data-e-type=\"widget\" data-widget_type=\"heading.default\">\n\t\t\t\t\t<h1 class=\"elementor-heading-title elementor-size-default\">L\u00e2minas 210<\/h1>\t\t\t\t<\/div>\n\t\t\t\t<div class=\"elementor-element elementor-element-44644b6 elementor-widget elementor-widget-text-editor\" data-id=\"44644b6\" data-element_type=\"widget\" data-e-type=\"widget\" data-widget_type=\"text-editor.default\">\n\t\t\t\t\t\t\t\t\t<p>L\u00e2mina de alum\u00ednio modelo 210 x 30 mm. Espessura geral 1,5 mm.  Op\u00e7\u00e3o motorizada e manual. F\u00e1cil conex\u00e3o por meio de parafusos de rosca. Diferentes graus de abertura.  <\/p>\t\t\t\t\t\t\t\t<\/div>\n\t\t\t\t<\/div>\n\t\t\t\t\t<\/div>\n\t\t\t\t<\/div>\n\t\t<div class=\"elementor-element elementor-element-ddf8036 e-flex e-con-boxed e-con e-parent\" data-id=\"ddf8036\" data-element_type=\"container\" data-e-type=\"container\" data-settings=\"{&quot;background_background&quot;:&quot;classic&quot;}\">\n\t\t\t\t\t<div class=\"e-con-inner\">\n\t\t<div class=\"elementor-element elementor-element-5b6bc95 e-con-full e-flex e-con e-child\" data-id=\"5b6bc95\" data-element_type=\"container\" data-e-type=\"container\">\n\t\t\t\t<div class=\"elementor-element elementor-element-e2a426c elementor-widget elementor-widget-heading\" data-id=\"e2a426c\" data-element_type=\"widget\" data-e-type=\"widget\" data-widget_type=\"heading.default\">\n\t\t\t\t\t<p class=\"elementor-heading-title elementor-size-default\">Ficha t\u00e9cnica<\/p>\t\t\t\t<\/div>\n\t\t\t\t<div class=\"elementor-element elementor-element-41e3981 elementor-widget elementor-widget-text-editor\" data-id=\"41e3981\" data-element_type=\"widget\" data-e-type=\"widget\" data-widget_type=\"text-editor.default\">\n\t\t\t\t\t\t\t\t\t<p><a href=\"https:\/\/galisur.es\/registro\/\">Registe-se aqui<\/a> para aceder ao documento.<\/p>\t\t\t\t\t\t\t\t<\/div>\n\t\t\t\t<\/div>\n\t\t<div class=\"elementor-element elementor-element-4265275 e-con-full e-flex e-con e-child\" data-id=\"4265275\" data-element_type=\"container\" data-e-type=\"container\">\n\t\t\t\t<div class=\"elementor-element elementor-element-772ceee elementor-widget elementor-widget-heading\" data-id=\"772ceee\" data-element_type=\"widget\" data-e-type=\"widget\" data-widget_type=\"heading.default\">\n\t\t\t\t\t<p class=\"elementor-heading-title elementor-size-default\">Cat\u00e1logo<\/p>\t\t\t\t<\/div>\n\t\t\t\t<div class=\"elementor-element elementor-element-e024d7b elementor-widget elementor-widget-text-editor\" data-id=\"e024d7b\" data-element_type=\"widget\" data-e-type=\"widget\" data-widget_type=\"text-editor.default\">\n\t\t\t\t\t\t\t\t\t<p>Consulte o seu representante comercial para descarregar o cat\u00e1logo.<\/p>\t\t\t\t\t\t\t\t<\/div>\n\t\t\t\t<\/div>\n\t\t\t\t\t<\/div>\n\t\t\t\t<\/div>\n\t\t<div class=\"elementor-element elementor-element-4ff541d e-flex e-con-boxed e-con e-parent\" data-id=\"4ff541d\" data-element_type=\"container\" data-e-type=\"container\">\n\t\t\t\t\t<div class=\"e-con-inner\">\n\t\t<div class=\"elementor-element elementor-element-51a3b6b e-con-full e-flex e-con e-child\" data-id=\"51a3b6b\" data-element_type=\"container\" data-e-type=\"container\">\n\t\t\t\t<div class=\"elementor-element elementor-element-ae8bef6 elementor-widget elementor-widget-image\" data-id=\"ae8bef6\" data-element_type=\"widget\" data-e-type=\"widget\" data-widget_type=\"image.default\">\n\t\t\t\t\t\t\t\t\t\t\t\t\t\t\t<img decoding=\"async\" width=\"1200\" height=\"1200\" src=\"https:\/\/galisur.es\/wp-content\/files\/Lama-parasol-210-detalle.png\" class=\"attachment-full size-full wp-image-16632\" alt=\"\" srcset=\"https:\/\/galisur.es\/wp-content\/files\/Lama-parasol-210-detalle.png 1200w, https:\/\/galisur.es\/wp-content\/files\/Lama-parasol-210-detalle-300x300.png 300w, https:\/\/galisur.es\/wp-content\/files\/Lama-parasol-210-detalle-1024x1024.png 1024w, https:\/\/galisur.es\/wp-content\/files\/Lama-parasol-210-detalle-150x150.png 150w, https:\/\/galisur.es\/wp-content\/files\/Lama-parasol-210-detalle-768x768.png 768w, https:\/\/galisur.es\/wp-content\/files\/Lama-parasol-210-detalle-800x800.png 800w\" sizes=\"(max-width: 1200px) 100vw, 1200px\" title=\"\">\t\t\t\t\t\t\t\t\t\t\t\t\t\t\t<\/div>\n\t\t\t\t<\/div>\n\t\t<div class=\"elementor-element elementor-element-5c2dab4 e-con-full e-flex e-con e-child\" data-id=\"5c2dab4\" data-element_type=\"container\" data-e-type=\"container\">\n\t\t\t\t<div class=\"elementor-element elementor-element-8ec1caf elementor-widget elementor-widget-heading\" data-id=\"8ec1caf\" data-element_type=\"widget\" data-e-type=\"widget\" data-widget_type=\"heading.default\">\n\t\t\t\t\t<h2 class=\"elementor-heading-title elementor-size-default\">Classifica\u00e7\u00e3o dos ensaios<\/h2>\t\t\t\t<\/div>\n\t\t\t\t<div class=\"elementor-element elementor-element-6332ae8 elementor-widget elementor-widget-text-editor\" data-id=\"6332ae8\" data-element_type=\"widget\" data-e-type=\"widget\" data-widget_type=\"text-editor.default\">\n\t\t\t\t\t\t\t\t\t<p>Ensaio de flex\u00e3o: L\u00e2mina m\u00f3vel de alum\u00ednio modelo 210&#215;30 mm com comprimento total de 3500 mm.<\/p><ul><li>L\u00e2mina:<ul><li>Material: Liga 6063.T5<\/li><li>Comprimento: 3500 mm<\/li><li>Dimens\u00f5es da sec\u00e7\u00e3o: 210 \u00d7 30 (altura \u00d7 espessura)<\/li><li>Espessura geral: 1,5 mm<\/li><\/ul><\/li><li>Ensaio:<ul><li>Carga m\u00e1xima aplicada: 120 kg\/m\u00b2<\/li><li>Press\u00e3o de ensaio: 1200 pascais<\/li><li>Tempo de ensaio: 2 minutos<\/li><li>Estudo: flecha m\u00e1xima no centro da l\u00e2mina<\/li><li>Temperatura aproximada: 30,1 \u00b1 3\u00baC<\/li><li>Humidade relativa: 52 \u00b1 10%<\/li><li>Comprimento da l\u00e2mina: 3,5 m<\/li><li>Largura da l\u00e2mina: 0,21 m<\/li><\/ul><\/li><li>Pe\u00e7as de ensaio a carregar:<ul><li>Material de sobrecarga: sacos de areia<\/li><li>Peso unit\u00e1rio: 2,5 kg<\/li><li>Quantidade: 32<\/li><li>Peso total: 82,5 kg<\/li><\/ul><\/li><li>Deforma\u00e7\u00f5es:<ul><li>Carga aplicada: 120 kg\/m\u00b2<\/li><li>Deforma\u00e7\u00e3o com carga de ensaio: 10,5 cm<\/li><li>Deforma\u00e7\u00e3o residual: 0,00 cm<\/li><\/ul><\/li><\/ul><p>A resist\u00eancia mec\u00e2nica \u00e0 flex\u00e3o simples num comprimento de 3500 mm \u00e9 adequada para uma press\u00e3o de 120 kg\/m\u00b2.<\/p>\t\t\t\t\t\t\t\t<\/div>\n\t\t\t\t<\/div>\n\t\t\t\t\t<\/div>\n\t\t\t\t<\/div>\n\t\t\t\t<\/div>\n\t\t","protected":false},"excerpt":{"rendered":"<p>L\u00e2minas 210 L\u00e2mina de alum\u00ednio modelo 210 x 30 mm. Espessura geral 1,5 mm. Op\u00e7\u00e3o motorizada e manual. F\u00e1cil conex\u00e3o por meio de parafusos de rosca. Diferentes graus de abertura. Ficha t\u00e9cnica Descarregar Registe-se aqui para aceder ao documento. Cat\u00e1logo Consulte o seu representante comercial para descarregar o cat\u00e1logo. Classifica\u00e7\u00e3o dos ensaios Ensaio de flex\u00e3o: [&hellip;]<\/p>\n","protected":false},"author":18,"featured_media":0,"parent":17171,"menu_order":0,"comment_status":"closed","ping_status":"closed","template":"","meta":{"footnotes":""},"class_list":["post-17195","page","type-page","status-publish","hentry"],"yoast_head":"<!-- This site is optimized with the Yoast SEO plugin v27.2 - https:\/\/yoast.com\/product\/yoast-seo-wordpress\/ -->\n<title>L\u00e2minas 210 | Aluminios Galisur<\/title>\n<meta name=\"description\" content=\"L\u00e2minas 210 L\u00e2mina de alum\u00ednio modelo 210 x 30 mm. Espessura geral 1,5 mm. Op\u00e7\u00e3o motorizada e manual. F\u00e1cil conex\u00e3o por meio de parafusos de rosca.\" \/>\n<meta name=\"robots\" content=\"index, follow, max-snippet:-1, max-image-preview:large, max-video-preview:-1\" \/>\n<link rel=\"canonical\" href=\"https:\/\/galisur.es\/pt-pt\/protecao-solar\/laminas-210\/\" \/>\n<meta property=\"og:locale\" content=\"pt_PT\" \/>\n<meta property=\"og:type\" content=\"article\" \/>\n<meta property=\"og:title\" content=\"L\u00e2minas 210 | Aluminios Galisur\" \/>\n<meta property=\"og:description\" content=\"L\u00e2minas 210 L\u00e2mina de alum\u00ednio modelo 210 x 30 mm. Espessura geral 1,5 mm. Op\u00e7\u00e3o motorizada e manual. F\u00e1cil conex\u00e3o por meio de parafusos de rosca.\" \/>\n<meta property=\"og:url\" content=\"https:\/\/galisur.es\/pt-pt\/protecao-solar\/laminas-210\/\" \/>\n<meta property=\"og:site_name\" content=\"Aluminios Galisur\" \/>\n<meta property=\"article:publisher\" content=\"https:\/\/www.facebook.com\/AluminiosGalisur\" \/>\n<meta property=\"article:modified_time\" content=\"2025-06-23T11:37:05+00:00\" \/>\n<meta property=\"og:image\" content=\"https:\/\/galisur.es\/wp-content\/uploads\/Lama-parasol-210-1.png\" \/>\n<meta name=\"twitter:card\" content=\"summary_large_image\" \/>\n<meta name=\"twitter:site\" content=\"@AluminioGalisur\" \/>\n<meta name=\"twitter:label1\" content=\"Tempo estimado de leitura\" \/>\n\t<meta name=\"twitter:data1\" content=\"1 minuto\" \/>\n<script type=\"application\/ld+json\" class=\"yoast-schema-graph\">{\"@context\":\"https:\/\/schema.org\",\"@graph\":[{\"@type\":\"WebPage\",\"@id\":\"https:\/\/galisur.es\/pt-pt\/protecao-solar\/laminas-210\/\",\"url\":\"https:\/\/galisur.es\/pt-pt\/protecao-solar\/laminas-210\/\",\"name\":\"L\u00e2minas 210 | Aluminios Galisur\",\"isPartOf\":{\"@id\":\"https:\/\/galisur.es\/pt-pt\/#website\"},\"primaryImageOfPage\":{\"@id\":\"https:\/\/galisur.es\/pt-pt\/protecao-solar\/laminas-210\/#primaryimage\"},\"image\":{\"@id\":\"https:\/\/galisur.es\/pt-pt\/protecao-solar\/laminas-210\/#primaryimage\"},\"thumbnailUrl\":\"https:\/\/galisur.es\/wp-content\/uploads\/Lama-parasol-210-1.png\",\"datePublished\":\"2022-02-08T06:31:25+00:00\",\"dateModified\":\"2025-06-23T11:37:05+00:00\",\"description\":\"L\u00e2minas 210 L\u00e2mina de alum\u00ednio modelo 210 x 30 mm. Espessura geral 1,5 mm. Op\u00e7\u00e3o motorizada e manual. F\u00e1cil conex\u00e3o por meio de parafusos de rosca.\",\"breadcrumb\":{\"@id\":\"https:\/\/galisur.es\/pt-pt\/protecao-solar\/laminas-210\/#breadcrumb\"},\"inLanguage\":\"pt-PT\",\"potentialAction\":[{\"@type\":\"ReadAction\",\"target\":[\"https:\/\/galisur.es\/pt-pt\/protecao-solar\/laminas-210\/\"]}]},{\"@type\":\"ImageObject\",\"inLanguage\":\"pt-PT\",\"@id\":\"https:\/\/galisur.es\/pt-pt\/protecao-solar\/laminas-210\/#primaryimage\",\"url\":\"https:\/\/galisur.es\/wp-content\/uploads\/Lama-parasol-210-1.png\",\"contentUrl\":\"https:\/\/galisur.es\/wp-content\/uploads\/Lama-parasol-210-1.png\"},{\"@type\":\"BreadcrumbList\",\"@id\":\"https:\/\/galisur.es\/pt-pt\/protecao-solar\/laminas-210\/#breadcrumb\",\"itemListElement\":[{\"@type\":\"ListItem\",\"position\":1,\"name\":\"Portada\",\"item\":\"https:\/\/galisur.es\/pt-pt\/\"},{\"@type\":\"ListItem\",\"position\":2,\"name\":\"Prote\u00e7\u00e3o solar\",\"item\":\"https:\/\/galisur.es\/pt-pt\/protecao-solar\/\"},{\"@type\":\"ListItem\",\"position\":3,\"name\":\"L\u00e2minas 210\"}]},{\"@type\":\"WebSite\",\"@id\":\"https:\/\/galisur.es\/pt-pt\/#website\",\"url\":\"https:\/\/galisur.es\/pt-pt\/\",\"name\":\"Aluminios Galisur\",\"description\":\"Aluminios Galisur\",\"publisher\":{\"@id\":\"https:\/\/galisur.es\/pt-pt\/#organization\"},\"potentialAction\":[{\"@type\":\"SearchAction\",\"target\":{\"@type\":\"EntryPoint\",\"urlTemplate\":\"https:\/\/galisur.es\/pt-pt\/?s={search_term_string}\"},\"query-input\":{\"@type\":\"PropertyValueSpecification\",\"valueRequired\":true,\"valueName\":\"search_term_string\"}}],\"inLanguage\":\"pt-PT\"},{\"@type\":\"Organization\",\"@id\":\"https:\/\/galisur.es\/pt-pt\/#organization\",\"name\":\"Galisur\",\"url\":\"https:\/\/galisur.es\/pt-pt\/\",\"logo\":{\"@type\":\"ImageObject\",\"inLanguage\":\"pt-PT\",\"@id\":\"https:\/\/galisur.es\/pt-pt\/#\/schema\/logo\/image\/\",\"url\":\"https:\/\/galisur.es\/wp-content\/files\/2021\/03\/logo-35x15-1.png\",\"contentUrl\":\"https:\/\/galisur.es\/wp-content\/files\/2021\/03\/logo-35x15-1.png\",\"width\":370,\"height\":176,\"caption\":\"Galisur\"},\"image\":{\"@id\":\"https:\/\/galisur.es\/pt-pt\/#\/schema\/logo\/image\/\"},\"sameAs\":[\"https:\/\/www.facebook.com\/AluminiosGalisur\",\"https:\/\/x.com\/AluminioGalisur\"]}]}<\/script>\n<!-- \/ Yoast SEO plugin. -->","yoast_head_json":{"title":"L\u00e2minas 210 | Aluminios Galisur","description":"L\u00e2minas 210 L\u00e2mina de alum\u00ednio modelo 210 x 30 mm. Espessura geral 1,5 mm. Op\u00e7\u00e3o motorizada e manual. F\u00e1cil conex\u00e3o por meio de parafusos de rosca.","robots":{"index":"index","follow":"follow","max-snippet":"max-snippet:-1","max-image-preview":"max-image-preview:large","max-video-preview":"max-video-preview:-1"},"canonical":"https:\/\/galisur.es\/pt-pt\/protecao-solar\/laminas-210\/","og_locale":"pt_PT","og_type":"article","og_title":"L\u00e2minas 210 | Aluminios Galisur","og_description":"L\u00e2minas 210 L\u00e2mina de alum\u00ednio modelo 210 x 30 mm. Espessura geral 1,5 mm. Op\u00e7\u00e3o motorizada e manual. F\u00e1cil conex\u00e3o por meio de parafusos de rosca.","og_url":"https:\/\/galisur.es\/pt-pt\/protecao-solar\/laminas-210\/","og_site_name":"Aluminios Galisur","article_publisher":"https:\/\/www.facebook.com\/AluminiosGalisur","article_modified_time":"2025-06-23T11:37:05+00:00","og_image":[{"url":"https:\/\/galisur.es\/wp-content\/uploads\/Lama-parasol-210-1.png","type":"","width":"","height":""}],"twitter_card":"summary_large_image","twitter_site":"@AluminioGalisur","twitter_misc":{"Tempo estimado de leitura":"1 minuto"},"schema":{"@context":"https:\/\/schema.org","@graph":[{"@type":"WebPage","@id":"https:\/\/galisur.es\/pt-pt\/protecao-solar\/laminas-210\/","url":"https:\/\/galisur.es\/pt-pt\/protecao-solar\/laminas-210\/","name":"L\u00e2minas 210 | Aluminios Galisur","isPartOf":{"@id":"https:\/\/galisur.es\/pt-pt\/#website"},"primaryImageOfPage":{"@id":"https:\/\/galisur.es\/pt-pt\/protecao-solar\/laminas-210\/#primaryimage"},"image":{"@id":"https:\/\/galisur.es\/pt-pt\/protecao-solar\/laminas-210\/#primaryimage"},"thumbnailUrl":"https:\/\/galisur.es\/wp-content\/uploads\/Lama-parasol-210-1.png","datePublished":"2022-02-08T06:31:25+00:00","dateModified":"2025-06-23T11:37:05+00:00","description":"L\u00e2minas 210 L\u00e2mina de alum\u00ednio modelo 210 x 30 mm. Espessura geral 1,5 mm. Op\u00e7\u00e3o motorizada e manual. F\u00e1cil conex\u00e3o por meio de parafusos de rosca.","breadcrumb":{"@id":"https:\/\/galisur.es\/pt-pt\/protecao-solar\/laminas-210\/#breadcrumb"},"inLanguage":"pt-PT","potentialAction":[{"@type":"ReadAction","target":["https:\/\/galisur.es\/pt-pt\/protecao-solar\/laminas-210\/"]}]},{"@type":"ImageObject","inLanguage":"pt-PT","@id":"https:\/\/galisur.es\/pt-pt\/protecao-solar\/laminas-210\/#primaryimage","url":"https:\/\/galisur.es\/wp-content\/uploads\/Lama-parasol-210-1.png","contentUrl":"https:\/\/galisur.es\/wp-content\/uploads\/Lama-parasol-210-1.png"},{"@type":"BreadcrumbList","@id":"https:\/\/galisur.es\/pt-pt\/protecao-solar\/laminas-210\/#breadcrumb","itemListElement":[{"@type":"ListItem","position":1,"name":"Portada","item":"https:\/\/galisur.es\/pt-pt\/"},{"@type":"ListItem","position":2,"name":"Prote\u00e7\u00e3o solar","item":"https:\/\/galisur.es\/pt-pt\/protecao-solar\/"},{"@type":"ListItem","position":3,"name":"L\u00e2minas 210"}]},{"@type":"WebSite","@id":"https:\/\/galisur.es\/pt-pt\/#website","url":"https:\/\/galisur.es\/pt-pt\/","name":"Aluminios Galisur","description":"Aluminios Galisur","publisher":{"@id":"https:\/\/galisur.es\/pt-pt\/#organization"},"potentialAction":[{"@type":"SearchAction","target":{"@type":"EntryPoint","urlTemplate":"https:\/\/galisur.es\/pt-pt\/?s={search_term_string}"},"query-input":{"@type":"PropertyValueSpecification","valueRequired":true,"valueName":"search_term_string"}}],"inLanguage":"pt-PT"},{"@type":"Organization","@id":"https:\/\/galisur.es\/pt-pt\/#organization","name":"Galisur","url":"https:\/\/galisur.es\/pt-pt\/","logo":{"@type":"ImageObject","inLanguage":"pt-PT","@id":"https:\/\/galisur.es\/pt-pt\/#\/schema\/logo\/image\/","url":"https:\/\/galisur.es\/wp-content\/files\/2021\/03\/logo-35x15-1.png","contentUrl":"https:\/\/galisur.es\/wp-content\/files\/2021\/03\/logo-35x15-1.png","width":370,"height":176,"caption":"Galisur"},"image":{"@id":"https:\/\/galisur.es\/pt-pt\/#\/schema\/logo\/image\/"},"sameAs":["https:\/\/www.facebook.com\/AluminiosGalisur","https:\/\/x.com\/AluminioGalisur"]}]}},"_links":{"self":[{"href":"https:\/\/galisur.es\/pt-pt\/wp-json\/wp\/v2\/pages\/17195","targetHints":{"allow":["GET"]}}],"collection":[{"href":"https:\/\/galisur.es\/pt-pt\/wp-json\/wp\/v2\/pages"}],"about":[{"href":"https:\/\/galisur.es\/pt-pt\/wp-json\/wp\/v2\/types\/page"}],"author":[{"embeddable":true,"href":"https:\/\/galisur.es\/pt-pt\/wp-json\/wp\/v2\/users\/18"}],"replies":[{"embeddable":true,"href":"https:\/\/galisur.es\/pt-pt\/wp-json\/wp\/v2\/comments?post=17195"}],"version-history":[{"count":1,"href":"https:\/\/galisur.es\/pt-pt\/wp-json\/wp\/v2\/pages\/17195\/revisions"}],"predecessor-version":[{"id":17196,"href":"https:\/\/galisur.es\/pt-pt\/wp-json\/wp\/v2\/pages\/17195\/revisions\/17196"}],"up":[{"embeddable":true,"href":"https:\/\/galisur.es\/pt-pt\/wp-json\/wp\/v2\/pages\/17171"}],"wp:attachment":[{"href":"https:\/\/galisur.es\/pt-pt\/wp-json\/wp\/v2\/media?parent=17195"}],"curies":[{"name":"wp","href":"https:\/\/api.w.org\/{rel}","templated":true}]}}