{"id":17187,"date":"2022-02-08T07:31:10","date_gmt":"2022-02-08T06:31:10","guid":{"rendered":"https:\/\/nervous-gagarin.141-94-206-129.plesk.page\/protecao-solar\/laminas-143\/"},"modified":"2025-06-23T13:30:48","modified_gmt":"2025-06-23T11:30:48","slug":"laminas-143","status":"publish","type":"page","link":"https:\/\/galisur.es\/pt-pt\/protecao-solar\/laminas-143\/","title":{"rendered":"L\u00e2minas 143"},"content":{"rendered":"\t\t<div data-elementor-type=\"wp-page\" data-elementor-id=\"17187\" class=\"elementor elementor-17187 elementor-10941\" data-elementor-post-type=\"page\">\n\t\t\t\t<div class=\"elementor-element elementor-element-6e8c863 e-flex e-con-boxed e-con e-parent\" data-id=\"6e8c863\" data-element_type=\"container\" data-e-type=\"container\">\n\t\t\t\t\t<div class=\"e-con-inner\">\n\t\t<div class=\"elementor-element elementor-element-863661d e-con-full e-flex e-con e-child\" data-id=\"863661d\" data-element_type=\"container\" data-e-type=\"container\">\n\t\t\t\t<div class=\"elementor-element elementor-element-3737efb elementor-widget elementor-widget-image\" data-id=\"3737efb\" data-element_type=\"widget\" data-e-type=\"widget\" data-widget_type=\"image.default\">\n\t\t\t\t\t\t\t\t\t\t\t\t\t\t\t<img fetchpriority=\"high\" decoding=\"async\" width=\"1200\" height=\"1200\" src=\"https:\/\/galisur.es\/wp-content\/files\/Lama-parasol-143-crema-1.png\" class=\"attachment-full size-full wp-image-16624\" alt=\"\" srcset=\"https:\/\/galisur.es\/wp-content\/files\/Lama-parasol-143-crema-1.png 1200w, https:\/\/galisur.es\/wp-content\/files\/Lama-parasol-143-crema-1-300x300.png 300w, https:\/\/galisur.es\/wp-content\/files\/Lama-parasol-143-crema-1-1024x1024.png 1024w, https:\/\/galisur.es\/wp-content\/files\/Lama-parasol-143-crema-1-150x150.png 150w, https:\/\/galisur.es\/wp-content\/files\/Lama-parasol-143-crema-1-768x768.png 768w, https:\/\/galisur.es\/wp-content\/files\/Lama-parasol-143-crema-1-800x800.png 800w\" sizes=\"(max-width: 1200px) 100vw, 1200px\" title=\"\">\t\t\t\t\t\t\t\t\t\t\t\t\t\t\t<\/div>\n\t\t\t\t<\/div>\n\t\t<div class=\"elementor-element elementor-element-85891c6 e-con-full e-flex e-con e-child\" data-id=\"85891c6\" data-element_type=\"container\" data-e-type=\"container\">\n\t\t\t\t<div class=\"elementor-element elementor-element-725c958 elementor-widget elementor-widget-heading\" data-id=\"725c958\" data-element_type=\"widget\" data-e-type=\"widget\" data-widget_type=\"heading.default\">\n\t\t\t\t\t<h1 class=\"elementor-heading-title elementor-size-default\">L\u00e2minas 143<\/h1>\t\t\t\t<\/div>\n\t\t\t\t<div class=\"elementor-element elementor-element-a5d292a elementor-widget elementor-widget-text-editor\" data-id=\"a5d292a\" data-element_type=\"widget\" data-e-type=\"widget\" data-widget_type=\"text-editor.default\">\n\t\t\t\t\t\t\t\t\t<p>L\u00e2mina de alum\u00ednio modelo 143 x 15 mm. Espessura geral 1,2 mm. F\u00e1cil montagem com eixos met\u00e1licos retr\u00e1teis. Uni\u00e3o entre l\u00e2minas com placa de 14,5 x 3,5 mm com rebites de alum\u00ednio. Diferentes graus de abertura e bloqueio. Op\u00e7\u00e3o motorizada e manual. Dispomos de sistemas complementares de l\u00e2minas com diferentes designs e medidas.      <\/p>\t\t\t\t\t\t\t\t<\/div>\n\t\t\t\t<\/div>\n\t\t\t\t\t<\/div>\n\t\t\t\t<\/div>\n\t\t<div class=\"elementor-element elementor-element-d6cf18a e-flex e-con-boxed e-con e-parent\" data-id=\"d6cf18a\" data-element_type=\"container\" data-e-type=\"container\" data-settings=\"{&quot;background_background&quot;:&quot;classic&quot;}\">\n\t\t\t\t\t<div class=\"e-con-inner\">\n\t\t<div class=\"elementor-element elementor-element-3cc1a59 e-con-full e-flex e-con e-child\" data-id=\"3cc1a59\" data-element_type=\"container\" data-e-type=\"container\">\n\t\t\t\t<div class=\"elementor-element elementor-element-a1247c9 elementor-widget elementor-widget-heading\" data-id=\"a1247c9\" data-element_type=\"widget\" data-e-type=\"widget\" data-widget_type=\"heading.default\">\n\t\t\t\t\t<p class=\"elementor-heading-title elementor-size-default\">Ficha t\u00e9cnica<\/p>\t\t\t\t<\/div>\n\t\t\t\t<div class=\"elementor-element elementor-element-27785f6 elementor-widget elementor-widget-text-editor\" data-id=\"27785f6\" data-element_type=\"widget\" data-e-type=\"widget\" data-widget_type=\"text-editor.default\">\n\t\t\t\t\t\t\t\t\t<p><a href=\"https:\/\/galisur.es\/registro\/\">Registe-se aqui<\/a> para aceder ao documento.<\/p>\t\t\t\t\t\t\t\t<\/div>\n\t\t\t\t<\/div>\n\t\t<div class=\"elementor-element elementor-element-a249896 e-con-full e-flex e-con e-child\" data-id=\"a249896\" data-element_type=\"container\" data-e-type=\"container\">\n\t\t\t\t<div class=\"elementor-element elementor-element-f3783ee elementor-widget elementor-widget-heading\" data-id=\"f3783ee\" data-element_type=\"widget\" data-e-type=\"widget\" data-widget_type=\"heading.default\">\n\t\t\t\t\t<p class=\"elementor-heading-title elementor-size-default\">Cat\u00e1logo<\/p>\t\t\t\t<\/div>\n\t\t\t\t<div class=\"elementor-element elementor-element-c973de4 elementor-widget elementor-widget-text-editor\" data-id=\"c973de4\" data-element_type=\"widget\" data-e-type=\"widget\" data-widget_type=\"text-editor.default\">\n\t\t\t\t\t\t\t\t\t<p>Consulte o seu representante comercial para descarregar o cat\u00e1logo.<\/p>\t\t\t\t\t\t\t\t<\/div>\n\t\t\t\t<\/div>\n\t\t\t\t\t<\/div>\n\t\t\t\t<\/div>\n\t\t<div class=\"elementor-element elementor-element-406e2c7 e-flex e-con-boxed e-con e-parent\" data-id=\"406e2c7\" data-element_type=\"container\" data-e-type=\"container\">\n\t\t\t\t\t<div class=\"e-con-inner\">\n\t\t<div class=\"elementor-element elementor-element-ec088ea e-con-full e-flex e-con e-child\" data-id=\"ec088ea\" data-element_type=\"container\" data-e-type=\"container\">\n\t\t\t\t<div class=\"elementor-element elementor-element-2485cd1 elementor-widget elementor-widget-image\" data-id=\"2485cd1\" data-element_type=\"widget\" data-e-type=\"widget\" data-widget_type=\"image.default\">\n\t\t\t\t\t\t\t\t\t\t\t\t\t\t\t<img decoding=\"async\" width=\"1200\" height=\"1200\" src=\"https:\/\/galisur.es\/wp-content\/files\/Lama-parasol-143-detalle-crema.png\" class=\"attachment-full size-full wp-image-16628\" alt=\"\" srcset=\"https:\/\/galisur.es\/wp-content\/files\/Lama-parasol-143-detalle-crema.png 1200w, https:\/\/galisur.es\/wp-content\/files\/Lama-parasol-143-detalle-crema-300x300.png 300w, https:\/\/galisur.es\/wp-content\/files\/Lama-parasol-143-detalle-crema-1024x1024.png 1024w, https:\/\/galisur.es\/wp-content\/files\/Lama-parasol-143-detalle-crema-150x150.png 150w, https:\/\/galisur.es\/wp-content\/files\/Lama-parasol-143-detalle-crema-768x768.png 768w, https:\/\/galisur.es\/wp-content\/files\/Lama-parasol-143-detalle-crema-800x800.png 800w\" sizes=\"(max-width: 1200px) 100vw, 1200px\" title=\"\">\t\t\t\t\t\t\t\t\t\t\t\t\t\t\t<\/div>\n\t\t\t\t<\/div>\n\t\t<div class=\"elementor-element elementor-element-f8b8686 e-con-full e-flex e-con e-child\" data-id=\"f8b8686\" data-element_type=\"container\" data-e-type=\"container\">\n\t\t\t\t<div class=\"elementor-element elementor-element-f32fa45 elementor-widget elementor-widget-heading\" data-id=\"f32fa45\" data-element_type=\"widget\" data-e-type=\"widget\" data-widget_type=\"heading.default\">\n\t\t\t\t\t<h2 class=\"elementor-heading-title elementor-size-default\">Classifica\u00e7\u00e3o dos ensaios<\/h2>\t\t\t\t<\/div>\n\t\t\t\t<div class=\"elementor-element elementor-element-98f5bb5 elementor-widget elementor-widget-text-editor\" data-id=\"98f5bb5\" data-element_type=\"widget\" data-e-type=\"widget\" data-widget_type=\"text-editor.default\">\n\t\t\t\t\t\t\t\t\t<p>Ensaio de flex\u00e3o: Lama m\u00f3vel de alum\u00ednio modelo 143&#215;15 mm com comprimento total de 2000 mm.<\/p><ul><li>L\u00e2mina:<ul><li>Material: Liga 6063.T5<\/li><li>Comprimento: 2000 mm<\/li><li>Dimens\u00f5es da sec\u00e7\u00e3o: 143 \u00d7 15 (altura \u00d7 espessura)<\/li><li>Espessura geral: 1,2 mm<\/li><\/ul><\/li><li>Ensaio:<ul><li>Carga m\u00e1xima aplicada: 120 kg\/m\u00b2<\/li><li>Press\u00e3o de ensaio: 1200\/m\u00b2<\/li><li>Tempo de ensaio: 2 minutos<\/li><li>Estudo: flecha m\u00e1xima no centro da l\u00e2mina<\/li><li>Temperatura aproximada: 31,5 \u00b1 3\u00baC<\/li><li>Humidade relativa: 48 \u00b1 10%<\/li><li>Comprimento da l\u00e2mina: 2 m<\/li><li>Largura da l\u00e2mina: 0,143 m<\/li><\/ul><\/li><li>Pe\u00e7as de ensaio a carregar:<ul><li>Material de sobrecarga: sacos de areia<\/li><li>Peso unit\u00e1rio: 2,5 kg<\/li><li>Quantidade: 13<\/li><li>Peso total: 32,5 kg<\/li><\/ul><\/li><li>Deforma\u00e7\u00f5es:<ul><li>Carga aplicada: 120 kg\/m\u00b2<\/li><li>Deforma\u00e7\u00e3o com carga de ensaio: 5,5 cm<\/li><li>Deforma\u00e7\u00e3o residual: 0,00 cm<\/li><\/ul><\/li><\/ul><p>A resist\u00eancia mec\u00e2nica \u00e0 flex\u00e3o simples num comprimento de 2000 mm \u00e9 adequada para uma press\u00e3o de 120 kg\/m\u00b2.<\/p>\t\t\t\t\t\t\t\t<\/div>\n\t\t\t\t<\/div>\n\t\t\t\t\t<\/div>\n\t\t\t\t<\/div>\n\t\t\t\t<\/div>\n\t\t","protected":false},"excerpt":{"rendered":"<p>L\u00e2minas 143 L\u00e2mina de alum\u00ednio modelo 143 x 15 mm. Espessura geral 1,2 mm. F\u00e1cil montagem com eixos met\u00e1licos retr\u00e1teis. Uni\u00e3o entre l\u00e2minas com placa de 14,5 x 3,5 mm com rebites de alum\u00ednio. Diferentes graus de abertura e bloqueio. Op\u00e7\u00e3o motorizada e manual. Dispomos de sistemas complementares de l\u00e2minas com diferentes designs e medidas. [&hellip;]<\/p>\n","protected":false},"author":18,"featured_media":0,"parent":17171,"menu_order":0,"comment_status":"closed","ping_status":"closed","template":"","meta":{"footnotes":""},"class_list":["post-17187","page","type-page","status-publish","hentry"],"yoast_head":"<!-- This site is optimized with the Yoast SEO plugin v27.2 - https:\/\/yoast.com\/product\/yoast-seo-wordpress\/ -->\n<title>L\u00e2minas 143 | Aluminios Galisur<\/title>\n<meta name=\"description\" content=\"L\u00e2minas 143 L\u00e2mina de alum\u00ednio modelo 143 x 15 mm. Espessura geral 1,2 mm. F\u00e1cil montagem com eixos met\u00e1licos retr\u00e1teis. Uni\u00e3o entre l\u00e2minas com placa de\" \/>\n<meta name=\"robots\" content=\"index, follow, max-snippet:-1, max-image-preview:large, max-video-preview:-1\" \/>\n<link rel=\"canonical\" href=\"https:\/\/galisur.es\/pt-pt\/protecao-solar\/laminas-143\/\" \/>\n<meta property=\"og:locale\" content=\"pt_PT\" \/>\n<meta property=\"og:type\" content=\"article\" \/>\n<meta property=\"og:title\" content=\"L\u00e2minas 143 | Aluminios Galisur\" \/>\n<meta property=\"og:description\" content=\"L\u00e2minas 143 L\u00e2mina de alum\u00ednio modelo 143 x 15 mm. Espessura geral 1,2 mm. F\u00e1cil montagem com eixos met\u00e1licos retr\u00e1teis. Uni\u00e3o entre l\u00e2minas com placa de\" \/>\n<meta property=\"og:url\" content=\"https:\/\/galisur.es\/pt-pt\/protecao-solar\/laminas-143\/\" \/>\n<meta property=\"og:site_name\" content=\"Aluminios Galisur\" \/>\n<meta property=\"article:publisher\" content=\"https:\/\/www.facebook.com\/AluminiosGalisur\" \/>\n<meta property=\"article:modified_time\" content=\"2025-06-23T11:30:48+00:00\" \/>\n<meta property=\"og:image\" content=\"https:\/\/galisur.es\/wp-content\/uploads\/Lama-parasol-143-crema-1.png\" \/>\n<meta name=\"twitter:card\" content=\"summary_large_image\" \/>\n<meta name=\"twitter:site\" content=\"@AluminioGalisur\" \/>\n<meta name=\"twitter:label1\" content=\"Tempo estimado de leitura\" \/>\n\t<meta name=\"twitter:data1\" content=\"1 minuto\" \/>\n<script type=\"application\/ld+json\" class=\"yoast-schema-graph\">{\"@context\":\"https:\/\/schema.org\",\"@graph\":[{\"@type\":\"WebPage\",\"@id\":\"https:\/\/galisur.es\/pt-pt\/protecao-solar\/laminas-143\/\",\"url\":\"https:\/\/galisur.es\/pt-pt\/protecao-solar\/laminas-143\/\",\"name\":\"L\u00e2minas 143 | Aluminios Galisur\",\"isPartOf\":{\"@id\":\"https:\/\/galisur.es\/pt-pt\/#website\"},\"primaryImageOfPage\":{\"@id\":\"https:\/\/galisur.es\/pt-pt\/protecao-solar\/laminas-143\/#primaryimage\"},\"image\":{\"@id\":\"https:\/\/galisur.es\/pt-pt\/protecao-solar\/laminas-143\/#primaryimage\"},\"thumbnailUrl\":\"https:\/\/galisur.es\/wp-content\/uploads\/Lama-parasol-143-crema-1.png\",\"datePublished\":\"2022-02-08T06:31:10+00:00\",\"dateModified\":\"2025-06-23T11:30:48+00:00\",\"description\":\"L\u00e2minas 143 L\u00e2mina de alum\u00ednio modelo 143 x 15 mm. Espessura geral 1,2 mm. F\u00e1cil montagem com eixos met\u00e1licos retr\u00e1teis. Uni\u00e3o entre l\u00e2minas com placa de\",\"breadcrumb\":{\"@id\":\"https:\/\/galisur.es\/pt-pt\/protecao-solar\/laminas-143\/#breadcrumb\"},\"inLanguage\":\"pt-PT\",\"potentialAction\":[{\"@type\":\"ReadAction\",\"target\":[\"https:\/\/galisur.es\/pt-pt\/protecao-solar\/laminas-143\/\"]}]},{\"@type\":\"ImageObject\",\"inLanguage\":\"pt-PT\",\"@id\":\"https:\/\/galisur.es\/pt-pt\/protecao-solar\/laminas-143\/#primaryimage\",\"url\":\"https:\/\/galisur.es\/wp-content\/uploads\/Lama-parasol-143-crema-1.png\",\"contentUrl\":\"https:\/\/galisur.es\/wp-content\/uploads\/Lama-parasol-143-crema-1.png\"},{\"@type\":\"BreadcrumbList\",\"@id\":\"https:\/\/galisur.es\/pt-pt\/protecao-solar\/laminas-143\/#breadcrumb\",\"itemListElement\":[{\"@type\":\"ListItem\",\"position\":1,\"name\":\"Portada\",\"item\":\"https:\/\/galisur.es\/pt-pt\/\"},{\"@type\":\"ListItem\",\"position\":2,\"name\":\"Prote\u00e7\u00e3o solar\",\"item\":\"https:\/\/galisur.es\/pt-pt\/protecao-solar\/\"},{\"@type\":\"ListItem\",\"position\":3,\"name\":\"L\u00e2minas 143\"}]},{\"@type\":\"WebSite\",\"@id\":\"https:\/\/galisur.es\/pt-pt\/#website\",\"url\":\"https:\/\/galisur.es\/pt-pt\/\",\"name\":\"Aluminios Galisur\",\"description\":\"Aluminios Galisur\",\"publisher\":{\"@id\":\"https:\/\/galisur.es\/pt-pt\/#organization\"},\"potentialAction\":[{\"@type\":\"SearchAction\",\"target\":{\"@type\":\"EntryPoint\",\"urlTemplate\":\"https:\/\/galisur.es\/pt-pt\/?s={search_term_string}\"},\"query-input\":{\"@type\":\"PropertyValueSpecification\",\"valueRequired\":true,\"valueName\":\"search_term_string\"}}],\"inLanguage\":\"pt-PT\"},{\"@type\":\"Organization\",\"@id\":\"https:\/\/galisur.es\/pt-pt\/#organization\",\"name\":\"Galisur\",\"url\":\"https:\/\/galisur.es\/pt-pt\/\",\"logo\":{\"@type\":\"ImageObject\",\"inLanguage\":\"pt-PT\",\"@id\":\"https:\/\/galisur.es\/pt-pt\/#\/schema\/logo\/image\/\",\"url\":\"https:\/\/galisur.es\/wp-content\/files\/2021\/03\/logo-35x15-1.png\",\"contentUrl\":\"https:\/\/galisur.es\/wp-content\/files\/2021\/03\/logo-35x15-1.png\",\"width\":370,\"height\":176,\"caption\":\"Galisur\"},\"image\":{\"@id\":\"https:\/\/galisur.es\/pt-pt\/#\/schema\/logo\/image\/\"},\"sameAs\":[\"https:\/\/www.facebook.com\/AluminiosGalisur\",\"https:\/\/x.com\/AluminioGalisur\"]}]}<\/script>\n<!-- \/ Yoast SEO plugin. -->","yoast_head_json":{"title":"L\u00e2minas 143 | Aluminios Galisur","description":"L\u00e2minas 143 L\u00e2mina de alum\u00ednio modelo 143 x 15 mm. Espessura geral 1,2 mm. F\u00e1cil montagem com eixos met\u00e1licos retr\u00e1teis. Uni\u00e3o entre l\u00e2minas com placa de","robots":{"index":"index","follow":"follow","max-snippet":"max-snippet:-1","max-image-preview":"max-image-preview:large","max-video-preview":"max-video-preview:-1"},"canonical":"https:\/\/galisur.es\/pt-pt\/protecao-solar\/laminas-143\/","og_locale":"pt_PT","og_type":"article","og_title":"L\u00e2minas 143 | Aluminios Galisur","og_description":"L\u00e2minas 143 L\u00e2mina de alum\u00ednio modelo 143 x 15 mm. Espessura geral 1,2 mm. F\u00e1cil montagem com eixos met\u00e1licos retr\u00e1teis. Uni\u00e3o entre l\u00e2minas com placa de","og_url":"https:\/\/galisur.es\/pt-pt\/protecao-solar\/laminas-143\/","og_site_name":"Aluminios Galisur","article_publisher":"https:\/\/www.facebook.com\/AluminiosGalisur","article_modified_time":"2025-06-23T11:30:48+00:00","og_image":[{"url":"https:\/\/galisur.es\/wp-content\/uploads\/Lama-parasol-143-crema-1.png","type":"","width":"","height":""}],"twitter_card":"summary_large_image","twitter_site":"@AluminioGalisur","twitter_misc":{"Tempo estimado de leitura":"1 minuto"},"schema":{"@context":"https:\/\/schema.org","@graph":[{"@type":"WebPage","@id":"https:\/\/galisur.es\/pt-pt\/protecao-solar\/laminas-143\/","url":"https:\/\/galisur.es\/pt-pt\/protecao-solar\/laminas-143\/","name":"L\u00e2minas 143 | Aluminios Galisur","isPartOf":{"@id":"https:\/\/galisur.es\/pt-pt\/#website"},"primaryImageOfPage":{"@id":"https:\/\/galisur.es\/pt-pt\/protecao-solar\/laminas-143\/#primaryimage"},"image":{"@id":"https:\/\/galisur.es\/pt-pt\/protecao-solar\/laminas-143\/#primaryimage"},"thumbnailUrl":"https:\/\/galisur.es\/wp-content\/uploads\/Lama-parasol-143-crema-1.png","datePublished":"2022-02-08T06:31:10+00:00","dateModified":"2025-06-23T11:30:48+00:00","description":"L\u00e2minas 143 L\u00e2mina de alum\u00ednio modelo 143 x 15 mm. Espessura geral 1,2 mm. F\u00e1cil montagem com eixos met\u00e1licos retr\u00e1teis. Uni\u00e3o entre l\u00e2minas com placa de","breadcrumb":{"@id":"https:\/\/galisur.es\/pt-pt\/protecao-solar\/laminas-143\/#breadcrumb"},"inLanguage":"pt-PT","potentialAction":[{"@type":"ReadAction","target":["https:\/\/galisur.es\/pt-pt\/protecao-solar\/laminas-143\/"]}]},{"@type":"ImageObject","inLanguage":"pt-PT","@id":"https:\/\/galisur.es\/pt-pt\/protecao-solar\/laminas-143\/#primaryimage","url":"https:\/\/galisur.es\/wp-content\/uploads\/Lama-parasol-143-crema-1.png","contentUrl":"https:\/\/galisur.es\/wp-content\/uploads\/Lama-parasol-143-crema-1.png"},{"@type":"BreadcrumbList","@id":"https:\/\/galisur.es\/pt-pt\/protecao-solar\/laminas-143\/#breadcrumb","itemListElement":[{"@type":"ListItem","position":1,"name":"Portada","item":"https:\/\/galisur.es\/pt-pt\/"},{"@type":"ListItem","position":2,"name":"Prote\u00e7\u00e3o solar","item":"https:\/\/galisur.es\/pt-pt\/protecao-solar\/"},{"@type":"ListItem","position":3,"name":"L\u00e2minas 143"}]},{"@type":"WebSite","@id":"https:\/\/galisur.es\/pt-pt\/#website","url":"https:\/\/galisur.es\/pt-pt\/","name":"Aluminios Galisur","description":"Aluminios Galisur","publisher":{"@id":"https:\/\/galisur.es\/pt-pt\/#organization"},"potentialAction":[{"@type":"SearchAction","target":{"@type":"EntryPoint","urlTemplate":"https:\/\/galisur.es\/pt-pt\/?s={search_term_string}"},"query-input":{"@type":"PropertyValueSpecification","valueRequired":true,"valueName":"search_term_string"}}],"inLanguage":"pt-PT"},{"@type":"Organization","@id":"https:\/\/galisur.es\/pt-pt\/#organization","name":"Galisur","url":"https:\/\/galisur.es\/pt-pt\/","logo":{"@type":"ImageObject","inLanguage":"pt-PT","@id":"https:\/\/galisur.es\/pt-pt\/#\/schema\/logo\/image\/","url":"https:\/\/galisur.es\/wp-content\/files\/2021\/03\/logo-35x15-1.png","contentUrl":"https:\/\/galisur.es\/wp-content\/files\/2021\/03\/logo-35x15-1.png","width":370,"height":176,"caption":"Galisur"},"image":{"@id":"https:\/\/galisur.es\/pt-pt\/#\/schema\/logo\/image\/"},"sameAs":["https:\/\/www.facebook.com\/AluminiosGalisur","https:\/\/x.com\/AluminioGalisur"]}]}},"_links":{"self":[{"href":"https:\/\/galisur.es\/pt-pt\/wp-json\/wp\/v2\/pages\/17187","targetHints":{"allow":["GET"]}}],"collection":[{"href":"https:\/\/galisur.es\/pt-pt\/wp-json\/wp\/v2\/pages"}],"about":[{"href":"https:\/\/galisur.es\/pt-pt\/wp-json\/wp\/v2\/types\/page"}],"author":[{"embeddable":true,"href":"https:\/\/galisur.es\/pt-pt\/wp-json\/wp\/v2\/users\/18"}],"replies":[{"embeddable":true,"href":"https:\/\/galisur.es\/pt-pt\/wp-json\/wp\/v2\/comments?post=17187"}],"version-history":[{"count":1,"href":"https:\/\/galisur.es\/pt-pt\/wp-json\/wp\/v2\/pages\/17187\/revisions"}],"predecessor-version":[{"id":17188,"href":"https:\/\/galisur.es\/pt-pt\/wp-json\/wp\/v2\/pages\/17187\/revisions\/17188"}],"up":[{"embeddable":true,"href":"https:\/\/galisur.es\/pt-pt\/wp-json\/wp\/v2\/pages\/17171"}],"wp:attachment":[{"href":"https:\/\/galisur.es\/pt-pt\/wp-json\/wp\/v2\/media?parent=17187"}],"curies":[{"name":"wp","href":"https:\/\/api.w.org\/{rel}","templated":true}]}}