{"id":17073,"date":"2025-02-04T08:33:25","date_gmt":"2025-02-04T07:33:25","guid":{"rendered":"https:\/\/nervous-gagarin.141-94-206-129.plesk.page\/encerramento-exterior\/omega\/"},"modified":"2025-06-21T18:30:02","modified_gmt":"2025-06-21T16:30:02","slug":"omega","status":"publish","type":"page","link":"https:\/\/galisur.es\/pt-pt\/encerramento-exterior\/omega\/","title":{"rendered":"Omega"},"content":{"rendered":"\t\t<div data-elementor-type=\"wp-page\" data-elementor-id=\"17073\" class=\"elementor elementor-17073 elementor-13541\" data-elementor-post-type=\"page\">\n\t\t\t\t<div class=\"elementor-element elementor-element-c1b9fda e-flex e-con-boxed e-con e-parent\" data-id=\"c1b9fda\" data-element_type=\"container\" data-e-type=\"container\">\n\t\t\t\t\t<div class=\"e-con-inner\">\n\t\t<div class=\"elementor-element elementor-element-322d936 e-con-full e-flex e-con e-child\" data-id=\"322d936\" data-element_type=\"container\" data-e-type=\"container\">\n\t\t\t\t<div class=\"elementor-element elementor-element-1c1c91d elementor-widget elementor-widget-image\" data-id=\"1c1c91d\" data-element_type=\"widget\" data-e-type=\"widget\" data-widget_type=\"image.default\">\n\t\t\t\t\t\t\t\t\t\t\t\t\t\t\t<img fetchpriority=\"high\" decoding=\"async\" width=\"1990\" height=\"1990\" src=\"https:\/\/galisur.es\/wp-content\/files\/REVESTIMIENTO.124.png\" class=\"attachment-full size-full wp-image-16760\" alt=\"\" srcset=\"https:\/\/galisur.es\/wp-content\/files\/REVESTIMIENTO.124.png 1990w, https:\/\/galisur.es\/wp-content\/files\/REVESTIMIENTO.124-300x300.png 300w, https:\/\/galisur.es\/wp-content\/files\/REVESTIMIENTO.124-1024x1024.png 1024w, https:\/\/galisur.es\/wp-content\/files\/REVESTIMIENTO.124-150x150.png 150w, https:\/\/galisur.es\/wp-content\/files\/REVESTIMIENTO.124-768x768.png 768w, https:\/\/galisur.es\/wp-content\/files\/REVESTIMIENTO.124-1536x1536.png 1536w, https:\/\/galisur.es\/wp-content\/files\/REVESTIMIENTO.124-800x800.png 800w\" sizes=\"(max-width: 1990px) 100vw, 1990px\" title=\"\">\t\t\t\t\t\t\t\t\t\t\t\t\t\t\t<\/div>\n\t\t\t\t<\/div>\n\t\t<div class=\"elementor-element elementor-element-b036b73 e-con-full e-flex e-con e-child\" data-id=\"b036b73\" data-element_type=\"container\" data-e-type=\"container\">\n\t\t\t\t<div class=\"elementor-element elementor-element-d19934f elementor-widget elementor-widget-heading\" data-id=\"d19934f\" data-element_type=\"widget\" data-e-type=\"widget\" data-widget_type=\"heading.default\">\n\t\t\t\t\t<h1 class=\"elementor-heading-title elementor-size-default\">Omega<\/h1>\t\t\t\t<\/div>\n\t\t\t\t<div class=\"elementor-element elementor-element-7cdd3a3 elementor-widget elementor-widget-text-editor\" data-id=\"7cdd3a3\" data-element_type=\"widget\" data-e-type=\"widget\" data-widget_type=\"text-editor.default\">\n\t\t\t\t\t\t\t\t\t<p>A S\u00e9rie Omega foi desenvolvida para proporcionar um acabamento sofisticado a todo o tipo de projetos arquitet\u00f3nicos, desde habita\u00e7\u00f5es a edif\u00edcios comerciais. Fabricada com perfis de alum\u00ednio de alta resist\u00eancia, esta solu\u00e7\u00e3o \u00e9 ideal para qualquer tipo de clima e exposi\u00e7\u00f5es prolongadas \u00e0s intemp\u00e9ries, garantindo uma durabilidade excecional sem comprometer o design. Al\u00e9m disso, gra\u00e7as ao seu sistema modular, permite uma instala\u00e7\u00e3o r\u00e1pida e eficiente, otimizando os tempos de constru\u00e7\u00e3o e reduzindo custos.<\/p><p>Caracter\u00edsticas: <\/p><ul><li dir=\"auto\">Perfis de alum\u00ednio de alta resist\u00eancia, ideais para qualquer tipo de clima<\/li><li dir=\"auto\">Acabamentos personaliz\u00e1veis com uma ampla gama de cores.<\/li><li dir=\"auto\">Sistema modular de instala\u00e7\u00e3o r\u00e1pida que otimiza tempos e reduz custos.<\/li><li dir=\"auto\">Possibilidade de instala\u00e7\u00e3o de fitas LED<\/li><li dir=\"auto\">Propriedades t\u00e9rmicas e ac\u00fasticas que melhoram a efici\u00eancia energ\u00e9tica e o conforto interior.<\/li><\/ul>\t\t\t\t\t\t\t\t<\/div>\n\t\t\t\t<\/div>\n\t\t\t\t\t<\/div>\n\t\t\t\t<\/div>\n\t\t<div class=\"elementor-element elementor-element-70f2d06 e-flex e-con-boxed e-con e-parent\" data-id=\"70f2d06\" data-element_type=\"container\" data-e-type=\"container\" data-settings=\"{&quot;background_background&quot;:&quot;classic&quot;}\">\n\t\t\t\t\t<div class=\"e-con-inner\">\n\t\t<div class=\"elementor-element elementor-element-4a289a0 e-con-full e-flex e-con e-child\" data-id=\"4a289a0\" data-element_type=\"container\" data-e-type=\"container\">\n\t\t\t\t<div class=\"elementor-element elementor-element-43b1a6f elementor-widget elementor-widget-heading\" data-id=\"43b1a6f\" data-element_type=\"widget\" data-e-type=\"widget\" data-widget_type=\"heading.default\">\n\t\t\t\t\t<p class=\"elementor-heading-title elementor-size-default\">Ficha t\u00e9cnica<\/p>\t\t\t\t<\/div>\n\t\t\t\t<div class=\"elementor-element elementor-element-320b600 elementor-widget elementor-widget-text-editor\" data-id=\"320b600\" data-element_type=\"widget\" data-e-type=\"widget\" data-widget_type=\"text-editor.default\">\n\t\t\t\t\t\t\t\t\t<p><a href=\"https:\/\/galisur.es\/registro\/\">Registe-se aqui<\/a> para aceder ao documento.<\/p>\t\t\t\t\t\t\t\t<\/div>\n\t\t\t\t<\/div>\n\t\t<div class=\"elementor-element elementor-element-8a40819 e-con-full e-flex e-con e-child\" data-id=\"8a40819\" data-element_type=\"container\" data-e-type=\"container\">\n\t\t\t\t<div class=\"elementor-element elementor-element-2959d72 elementor-widget elementor-widget-heading\" data-id=\"2959d72\" data-element_type=\"widget\" data-e-type=\"widget\" data-widget_type=\"heading.default\">\n\t\t\t\t\t<p class=\"elementor-heading-title elementor-size-default\">Cat\u00e1logo<\/p>\t\t\t\t<\/div>\n\t\t\t\t<div class=\"elementor-element elementor-element-0d01171 elementor-widget elementor-widget-text-editor\" data-id=\"0d01171\" data-element_type=\"widget\" data-e-type=\"widget\" data-widget_type=\"text-editor.default\">\n\t\t\t\t\t\t\t\t\t<p><a href=\"https:\/\/galisur.es\/registro\/\">Registe-se aqui<\/a> para aceder ao documento.<\/p>\t\t\t\t\t\t\t\t<\/div>\n\t\t\t\t<\/div>\n\t\t\t\t\t<\/div>\n\t\t\t\t<\/div>\n\t\t\t\t<\/div>\n\t\t","protected":false},"excerpt":{"rendered":"<p>Omega A S\u00e9rie Omega foi desenvolvida para proporcionar um acabamento sofisticado a todo o tipo de projetos arquitet\u00f3nicos, desde habita\u00e7\u00f5es a edif\u00edcios comerciais. Fabricada com perfis de alum\u00ednio de alta resist\u00eancia, esta solu\u00e7\u00e3o \u00e9 ideal para qualquer tipo de clima e exposi\u00e7\u00f5es prolongadas \u00e0s intemp\u00e9ries, garantindo uma durabilidade excecional sem comprometer o design. Al\u00e9m disso, [&hellip;]<\/p>\n","protected":false},"author":18,"featured_media":0,"parent":17057,"menu_order":0,"comment_status":"closed","ping_status":"closed","template":"","meta":{"footnotes":""},"class_list":["post-17073","page","type-page","status-publish","hentry"],"yoast_head":"<!-- This site is optimized with the Yoast SEO plugin v27.2 - https:\/\/yoast.com\/product\/yoast-seo-wordpress\/ -->\n<title>Omega | Aluminios Galisur<\/title>\n<meta name=\"description\" content=\"Omega A S\u00e9rie Omega foi desenvolvida para proporcionar um acabamento sofisticado a todo o tipo de projetos arquitet\u00f3nicos, desde habita\u00e7\u00f5es a edif\u00edcios\" \/>\n<meta name=\"robots\" content=\"index, follow, max-snippet:-1, max-image-preview:large, max-video-preview:-1\" \/>\n<link rel=\"canonical\" href=\"https:\/\/galisur.es\/pt-pt\/encerramento-exterior\/omega\/\" \/>\n<meta property=\"og:locale\" content=\"pt_PT\" \/>\n<meta property=\"og:type\" content=\"article\" \/>\n<meta property=\"og:title\" content=\"Omega | Aluminios Galisur\" \/>\n<meta property=\"og:description\" content=\"Omega A S\u00e9rie Omega foi desenvolvida para proporcionar um acabamento sofisticado a todo o tipo de projetos arquitet\u00f3nicos, desde habita\u00e7\u00f5es a edif\u00edcios\" \/>\n<meta property=\"og:url\" content=\"https:\/\/galisur.es\/pt-pt\/encerramento-exterior\/omega\/\" \/>\n<meta property=\"og:site_name\" content=\"Aluminios Galisur\" \/>\n<meta property=\"article:publisher\" content=\"https:\/\/www.facebook.com\/AluminiosGalisur\" \/>\n<meta property=\"article:modified_time\" content=\"2025-06-21T16:30:02+00:00\" \/>\n<meta property=\"og:image\" content=\"https:\/\/galisur.es\/wp-content\/uploads\/REVESTIMIENTO.124.png\" \/>\n<meta name=\"twitter:card\" content=\"summary_large_image\" \/>\n<meta name=\"twitter:site\" content=\"@AluminioGalisur\" \/>\n<meta name=\"twitter:label1\" content=\"Tempo estimado de leitura\" \/>\n\t<meta name=\"twitter:data1\" content=\"1 minuto\" \/>\n<script type=\"application\/ld+json\" class=\"yoast-schema-graph\">{\"@context\":\"https:\/\/schema.org\",\"@graph\":[{\"@type\":\"WebPage\",\"@id\":\"https:\/\/galisur.es\/pt-pt\/encerramento-exterior\/omega\/\",\"url\":\"https:\/\/galisur.es\/pt-pt\/encerramento-exterior\/omega\/\",\"name\":\"Omega | Aluminios Galisur\",\"isPartOf\":{\"@id\":\"https:\/\/galisur.es\/pt-pt\/#website\"},\"primaryImageOfPage\":{\"@id\":\"https:\/\/galisur.es\/pt-pt\/encerramento-exterior\/omega\/#primaryimage\"},\"image\":{\"@id\":\"https:\/\/galisur.es\/pt-pt\/encerramento-exterior\/omega\/#primaryimage\"},\"thumbnailUrl\":\"https:\/\/galisur.es\/wp-content\/uploads\/REVESTIMIENTO.124.png\",\"datePublished\":\"2025-02-04T07:33:25+00:00\",\"dateModified\":\"2025-06-21T16:30:02+00:00\",\"description\":\"Omega A S\u00e9rie Omega foi desenvolvida para proporcionar um acabamento sofisticado a todo o tipo de projetos arquitet\u00f3nicos, desde habita\u00e7\u00f5es a edif\u00edcios\",\"breadcrumb\":{\"@id\":\"https:\/\/galisur.es\/pt-pt\/encerramento-exterior\/omega\/#breadcrumb\"},\"inLanguage\":\"pt-PT\",\"potentialAction\":[{\"@type\":\"ReadAction\",\"target\":[\"https:\/\/galisur.es\/pt-pt\/encerramento-exterior\/omega\/\"]}]},{\"@type\":\"ImageObject\",\"inLanguage\":\"pt-PT\",\"@id\":\"https:\/\/galisur.es\/pt-pt\/encerramento-exterior\/omega\/#primaryimage\",\"url\":\"https:\/\/galisur.es\/wp-content\/uploads\/REVESTIMIENTO.124.png\",\"contentUrl\":\"https:\/\/galisur.es\/wp-content\/uploads\/REVESTIMIENTO.124.png\"},{\"@type\":\"BreadcrumbList\",\"@id\":\"https:\/\/galisur.es\/pt-pt\/encerramento-exterior\/omega\/#breadcrumb\",\"itemListElement\":[{\"@type\":\"ListItem\",\"position\":1,\"name\":\"Portada\",\"item\":\"https:\/\/galisur.es\/pt-pt\/\"},{\"@type\":\"ListItem\",\"position\":2,\"name\":\"Encerramento exterior\",\"item\":\"https:\/\/galisur.es\/pt-pt\/encerramento-exterior\/\"},{\"@type\":\"ListItem\",\"position\":3,\"name\":\"Omega\"}]},{\"@type\":\"WebSite\",\"@id\":\"https:\/\/galisur.es\/pt-pt\/#website\",\"url\":\"https:\/\/galisur.es\/pt-pt\/\",\"name\":\"Aluminios Galisur\",\"description\":\"Aluminios Galisur\",\"publisher\":{\"@id\":\"https:\/\/galisur.es\/pt-pt\/#organization\"},\"potentialAction\":[{\"@type\":\"SearchAction\",\"target\":{\"@type\":\"EntryPoint\",\"urlTemplate\":\"https:\/\/galisur.es\/pt-pt\/?s={search_term_string}\"},\"query-input\":{\"@type\":\"PropertyValueSpecification\",\"valueRequired\":true,\"valueName\":\"search_term_string\"}}],\"inLanguage\":\"pt-PT\"},{\"@type\":\"Organization\",\"@id\":\"https:\/\/galisur.es\/pt-pt\/#organization\",\"name\":\"Galisur\",\"url\":\"https:\/\/galisur.es\/pt-pt\/\",\"logo\":{\"@type\":\"ImageObject\",\"inLanguage\":\"pt-PT\",\"@id\":\"https:\/\/galisur.es\/pt-pt\/#\/schema\/logo\/image\/\",\"url\":\"https:\/\/galisur.es\/wp-content\/files\/2021\/03\/logo-35x15-1.png\",\"contentUrl\":\"https:\/\/galisur.es\/wp-content\/files\/2021\/03\/logo-35x15-1.png\",\"width\":370,\"height\":176,\"caption\":\"Galisur\"},\"image\":{\"@id\":\"https:\/\/galisur.es\/pt-pt\/#\/schema\/logo\/image\/\"},\"sameAs\":[\"https:\/\/www.facebook.com\/AluminiosGalisur\",\"https:\/\/x.com\/AluminioGalisur\"]}]}<\/script>\n<!-- \/ Yoast SEO plugin. -->","yoast_head_json":{"title":"Omega | Aluminios Galisur","description":"Omega A S\u00e9rie Omega foi desenvolvida para proporcionar um acabamento sofisticado a todo o tipo de projetos arquitet\u00f3nicos, desde habita\u00e7\u00f5es a edif\u00edcios","robots":{"index":"index","follow":"follow","max-snippet":"max-snippet:-1","max-image-preview":"max-image-preview:large","max-video-preview":"max-video-preview:-1"},"canonical":"https:\/\/galisur.es\/pt-pt\/encerramento-exterior\/omega\/","og_locale":"pt_PT","og_type":"article","og_title":"Omega | Aluminios Galisur","og_description":"Omega A S\u00e9rie Omega foi desenvolvida para proporcionar um acabamento sofisticado a todo o tipo de projetos arquitet\u00f3nicos, desde habita\u00e7\u00f5es a edif\u00edcios","og_url":"https:\/\/galisur.es\/pt-pt\/encerramento-exterior\/omega\/","og_site_name":"Aluminios Galisur","article_publisher":"https:\/\/www.facebook.com\/AluminiosGalisur","article_modified_time":"2025-06-21T16:30:02+00:00","og_image":[{"url":"https:\/\/galisur.es\/wp-content\/uploads\/REVESTIMIENTO.124.png","type":"","width":"","height":""}],"twitter_card":"summary_large_image","twitter_site":"@AluminioGalisur","twitter_misc":{"Tempo estimado de leitura":"1 minuto"},"schema":{"@context":"https:\/\/schema.org","@graph":[{"@type":"WebPage","@id":"https:\/\/galisur.es\/pt-pt\/encerramento-exterior\/omega\/","url":"https:\/\/galisur.es\/pt-pt\/encerramento-exterior\/omega\/","name":"Omega | Aluminios Galisur","isPartOf":{"@id":"https:\/\/galisur.es\/pt-pt\/#website"},"primaryImageOfPage":{"@id":"https:\/\/galisur.es\/pt-pt\/encerramento-exterior\/omega\/#primaryimage"},"image":{"@id":"https:\/\/galisur.es\/pt-pt\/encerramento-exterior\/omega\/#primaryimage"},"thumbnailUrl":"https:\/\/galisur.es\/wp-content\/uploads\/REVESTIMIENTO.124.png","datePublished":"2025-02-04T07:33:25+00:00","dateModified":"2025-06-21T16:30:02+00:00","description":"Omega A S\u00e9rie Omega foi desenvolvida para proporcionar um acabamento sofisticado a todo o tipo de projetos arquitet\u00f3nicos, desde habita\u00e7\u00f5es a edif\u00edcios","breadcrumb":{"@id":"https:\/\/galisur.es\/pt-pt\/encerramento-exterior\/omega\/#breadcrumb"},"inLanguage":"pt-PT","potentialAction":[{"@type":"ReadAction","target":["https:\/\/galisur.es\/pt-pt\/encerramento-exterior\/omega\/"]}]},{"@type":"ImageObject","inLanguage":"pt-PT","@id":"https:\/\/galisur.es\/pt-pt\/encerramento-exterior\/omega\/#primaryimage","url":"https:\/\/galisur.es\/wp-content\/uploads\/REVESTIMIENTO.124.png","contentUrl":"https:\/\/galisur.es\/wp-content\/uploads\/REVESTIMIENTO.124.png"},{"@type":"BreadcrumbList","@id":"https:\/\/galisur.es\/pt-pt\/encerramento-exterior\/omega\/#breadcrumb","itemListElement":[{"@type":"ListItem","position":1,"name":"Portada","item":"https:\/\/galisur.es\/pt-pt\/"},{"@type":"ListItem","position":2,"name":"Encerramento exterior","item":"https:\/\/galisur.es\/pt-pt\/encerramento-exterior\/"},{"@type":"ListItem","position":3,"name":"Omega"}]},{"@type":"WebSite","@id":"https:\/\/galisur.es\/pt-pt\/#website","url":"https:\/\/galisur.es\/pt-pt\/","name":"Aluminios Galisur","description":"Aluminios Galisur","publisher":{"@id":"https:\/\/galisur.es\/pt-pt\/#organization"},"potentialAction":[{"@type":"SearchAction","target":{"@type":"EntryPoint","urlTemplate":"https:\/\/galisur.es\/pt-pt\/?s={search_term_string}"},"query-input":{"@type":"PropertyValueSpecification","valueRequired":true,"valueName":"search_term_string"}}],"inLanguage":"pt-PT"},{"@type":"Organization","@id":"https:\/\/galisur.es\/pt-pt\/#organization","name":"Galisur","url":"https:\/\/galisur.es\/pt-pt\/","logo":{"@type":"ImageObject","inLanguage":"pt-PT","@id":"https:\/\/galisur.es\/pt-pt\/#\/schema\/logo\/image\/","url":"https:\/\/galisur.es\/wp-content\/files\/2021\/03\/logo-35x15-1.png","contentUrl":"https:\/\/galisur.es\/wp-content\/files\/2021\/03\/logo-35x15-1.png","width":370,"height":176,"caption":"Galisur"},"image":{"@id":"https:\/\/galisur.es\/pt-pt\/#\/schema\/logo\/image\/"},"sameAs":["https:\/\/www.facebook.com\/AluminiosGalisur","https:\/\/x.com\/AluminioGalisur"]}]}},"_links":{"self":[{"href":"https:\/\/galisur.es\/pt-pt\/wp-json\/wp\/v2\/pages\/17073","targetHints":{"allow":["GET"]}}],"collection":[{"href":"https:\/\/galisur.es\/pt-pt\/wp-json\/wp\/v2\/pages"}],"about":[{"href":"https:\/\/galisur.es\/pt-pt\/wp-json\/wp\/v2\/types\/page"}],"author":[{"embeddable":true,"href":"https:\/\/galisur.es\/pt-pt\/wp-json\/wp\/v2\/users\/18"}],"replies":[{"embeddable":true,"href":"https:\/\/galisur.es\/pt-pt\/wp-json\/wp\/v2\/comments?post=17073"}],"version-history":[{"count":1,"href":"https:\/\/galisur.es\/pt-pt\/wp-json\/wp\/v2\/pages\/17073\/revisions"}],"predecessor-version":[{"id":17074,"href":"https:\/\/galisur.es\/pt-pt\/wp-json\/wp\/v2\/pages\/17073\/revisions\/17074"}],"up":[{"embeddable":true,"href":"https:\/\/galisur.es\/pt-pt\/wp-json\/wp\/v2\/pages\/17057"}],"wp:attachment":[{"href":"https:\/\/galisur.es\/pt-pt\/wp-json\/wp\/v2\/media?parent=17073"}],"curies":[{"name":"wp","href":"https:\/\/api.w.org\/{rel}","templated":true}]}}