{"id":17049,"date":"2021-12-21T12:54:09","date_gmt":"2021-12-21T11:54:09","guid":{"rendered":"https:\/\/nervous-gagarin.141-94-206-129.plesk.page\/apoio-de-fundos-europeus\/"},"modified":"2025-06-21T18:03:38","modified_gmt":"2025-06-21T16:03:38","slug":"apoio-de-fundos-europeus","status":"publish","type":"page","link":"https:\/\/galisur.es\/pt-pt\/apoio-de-fundos-europeus\/","title":{"rendered":"Apoio de fundos europeus"},"content":{"rendered":"\t\t<div data-elementor-type=\"wp-page\" data-elementor-id=\"17049\" class=\"elementor elementor-17049 elementor-10586\" data-elementor-post-type=\"page\">\n\t\t\t\t<div class=\"elementor-element elementor-element-b48bd24 e-flex e-con-boxed e-con e-parent\" data-id=\"b48bd24\" data-element_type=\"container\" data-e-type=\"container\" data-settings=\"{&quot;background_background&quot;:&quot;classic&quot;}\">\n\t\t\t\t\t<div class=\"e-con-inner\">\n\t\t\t\t<div class=\"elementor-element elementor-element-547fea5 elementor-widget elementor-widget-heading\" data-id=\"547fea5\" data-element_type=\"widget\" data-e-type=\"widget\" data-widget_type=\"heading.default\">\n\t\t\t\t\t<h1 class=\"elementor-heading-title elementor-size-default\">Apoio de fundos europeus<\/h1>\t\t\t\t<\/div>\n\t\t\t\t\t<\/div>\n\t\t\t\t<\/div>\n\t\t<div class=\"elementor-element elementor-element-589d417 e-flex e-con-boxed e-con e-parent\" data-id=\"589d417\" data-element_type=\"container\" data-e-type=\"container\">\n\t\t\t\t\t<div class=\"e-con-inner\">\n\t\t\t\t<div class=\"elementor-element elementor-element-3732fa5 elementor-widget elementor-widget-text-editor\" data-id=\"3732fa5\" data-element_type=\"widget\" data-e-type=\"widget\" data-widget_type=\"text-editor.default\">\n\t\t\t\t\t\t\t\t\t<p>Foi recebido um incentivo de 1.167.900 \u20ac da Ag\u00eancia de Inova\u00e7\u00e3o e Desenvolvimento da Andaluzia IDEA, da Junta da Andaluzia, cofinanciado a 80% pela Uni\u00e3o Europeia atrav\u00e9s do Fundo Europeu de Desenvolvimento Regional (FEDER) para a implementa\u00e7\u00e3o do Projeto Extrusora Proylac com o objetivo de conseguir um tecido empresarial mais competitivo.<\/p>\t\t\t\t\t\t\t\t<\/div>\n\t\t\t\t<div class=\"elementor-element elementor-element-cebb777 elementor-widget elementor-widget-image\" data-id=\"cebb777\" data-element_type=\"widget\" data-e-type=\"widget\" data-widget_type=\"image.default\">\n\t\t\t\t\t\t\t\t\t\t\t\t\t\t\t<img fetchpriority=\"high\" decoding=\"async\" width=\"1365\" height=\"767\" src=\"https:\/\/galisur.es\/wp-content\/files\/placa-proyecto-extrusora.jpg\" class=\"attachment-full size-full wp-image-15484\" alt=\"placa-proyecto-extrusora\" srcset=\"https:\/\/galisur.es\/wp-content\/files\/placa-proyecto-extrusora.jpg 1365w, https:\/\/galisur.es\/wp-content\/files\/placa-proyecto-extrusora-300x169.jpg 300w, https:\/\/galisur.es\/wp-content\/files\/placa-proyecto-extrusora-1024x575.jpg 1024w, https:\/\/galisur.es\/wp-content\/files\/placa-proyecto-extrusora-768x432.jpg 768w\" sizes=\"(max-width: 1365px) 100vw, 1365px\" title=\"\">\t\t\t\t\t\t\t\t\t\t\t\t\t\t\t<\/div>\n\t\t\t\t\t<\/div>\n\t\t\t\t<\/div>\n\t\t\t\t<\/div>\n\t\t","protected":false},"excerpt":{"rendered":"<p>Apoio de fundos europeus Foi recebido um incentivo de 1.167.900 \u20ac da Ag\u00eancia de Inova\u00e7\u00e3o e Desenvolvimento da Andaluzia IDEA, da Junta da Andaluzia, cofinanciado a 80% pela Uni\u00e3o Europeia atrav\u00e9s do Fundo Europeu de Desenvolvimento Regional (FEDER) para a implementa\u00e7\u00e3o do Projeto Extrusora Proylac com o objetivo de conseguir um tecido empresarial mais competitivo.<\/p>\n","protected":false},"author":1998,"featured_media":0,"parent":0,"menu_order":0,"comment_status":"closed","ping_status":"closed","template":"","meta":{"footnotes":""},"class_list":["post-17049","page","type-page","status-publish","hentry"],"yoast_head":"<!-- This site is optimized with the Yoast SEO plugin v27.2 - https:\/\/yoast.com\/product\/yoast-seo-wordpress\/ -->\n<title>Apoio de fundos europeus | Aluminios Galisur<\/title>\n<meta name=\"description\" content=\"Apoio de fundos europeus Foi recebido um incentivo de 1.167.900 \u20ac da Ag\u00eancia de Inova\u00e7\u00e3o e Desenvolvimento da Andaluzia IDEA, da Junta da Andaluzia,\" \/>\n<meta name=\"robots\" content=\"index, follow, max-snippet:-1, max-image-preview:large, max-video-preview:-1\" \/>\n<link rel=\"canonical\" href=\"https:\/\/galisur.es\/pt-pt\/apoio-de-fundos-europeus\/\" \/>\n<meta property=\"og:locale\" content=\"pt_PT\" \/>\n<meta property=\"og:type\" content=\"article\" \/>\n<meta property=\"og:title\" content=\"Apoio de fundos europeus | Aluminios Galisur\" \/>\n<meta property=\"og:description\" content=\"Apoio de fundos europeus Foi recebido um incentivo de 1.167.900 \u20ac da Ag\u00eancia de Inova\u00e7\u00e3o e Desenvolvimento da Andaluzia IDEA, da Junta da Andaluzia,\" \/>\n<meta property=\"og:url\" content=\"https:\/\/galisur.es\/pt-pt\/apoio-de-fundos-europeus\/\" \/>\n<meta property=\"og:site_name\" content=\"Aluminios Galisur\" \/>\n<meta property=\"article:publisher\" content=\"https:\/\/www.facebook.com\/AluminiosGalisur\" \/>\n<meta property=\"article:modified_time\" content=\"2025-06-21T16:03:38+00:00\" \/>\n<meta property=\"og:image\" content=\"https:\/\/galisur.es\/wp-content\/uploads\/placa-proyecto-extrusora.jpg\" \/>\n<meta name=\"twitter:card\" content=\"summary_large_image\" \/>\n<meta name=\"twitter:site\" content=\"@AluminioGalisur\" \/>\n<script type=\"application\/ld+json\" class=\"yoast-schema-graph\">{\"@context\":\"https:\/\/schema.org\",\"@graph\":[{\"@type\":\"WebPage\",\"@id\":\"https:\/\/galisur.es\/pt-pt\/apoio-de-fundos-europeus\/\",\"url\":\"https:\/\/galisur.es\/pt-pt\/apoio-de-fundos-europeus\/\",\"name\":\"Apoio de fundos europeus | Aluminios Galisur\",\"isPartOf\":{\"@id\":\"https:\/\/galisur.es\/pt-pt\/#website\"},\"primaryImageOfPage\":{\"@id\":\"https:\/\/galisur.es\/pt-pt\/apoio-de-fundos-europeus\/#primaryimage\"},\"image\":{\"@id\":\"https:\/\/galisur.es\/pt-pt\/apoio-de-fundos-europeus\/#primaryimage\"},\"thumbnailUrl\":\"https:\/\/galisur.es\/wp-content\/uploads\/placa-proyecto-extrusora.jpg\",\"datePublished\":\"2021-12-21T11:54:09+00:00\",\"dateModified\":\"2025-06-21T16:03:38+00:00\",\"description\":\"Apoio de fundos europeus Foi recebido um incentivo de 1.167.900 \u20ac da Ag\u00eancia de Inova\u00e7\u00e3o e Desenvolvimento da Andaluzia IDEA, da Junta da Andaluzia,\",\"breadcrumb\":{\"@id\":\"https:\/\/galisur.es\/pt-pt\/apoio-de-fundos-europeus\/#breadcrumb\"},\"inLanguage\":\"pt-PT\",\"potentialAction\":[{\"@type\":\"ReadAction\",\"target\":[\"https:\/\/galisur.es\/pt-pt\/apoio-de-fundos-europeus\/\"]}]},{\"@type\":\"ImageObject\",\"inLanguage\":\"pt-PT\",\"@id\":\"https:\/\/galisur.es\/pt-pt\/apoio-de-fundos-europeus\/#primaryimage\",\"url\":\"https:\/\/galisur.es\/wp-content\/uploads\/placa-proyecto-extrusora.jpg\",\"contentUrl\":\"https:\/\/galisur.es\/wp-content\/uploads\/placa-proyecto-extrusora.jpg\"},{\"@type\":\"BreadcrumbList\",\"@id\":\"https:\/\/galisur.es\/pt-pt\/apoio-de-fundos-europeus\/#breadcrumb\",\"itemListElement\":[{\"@type\":\"ListItem\",\"position\":1,\"name\":\"Portada\",\"item\":\"https:\/\/galisur.es\/pt-pt\/\"},{\"@type\":\"ListItem\",\"position\":2,\"name\":\"Apoio de fundos europeus\"}]},{\"@type\":\"WebSite\",\"@id\":\"https:\/\/galisur.es\/pt-pt\/#website\",\"url\":\"https:\/\/galisur.es\/pt-pt\/\",\"name\":\"Aluminios Galisur\",\"description\":\"Aluminios Galisur\",\"publisher\":{\"@id\":\"https:\/\/galisur.es\/pt-pt\/#organization\"},\"potentialAction\":[{\"@type\":\"SearchAction\",\"target\":{\"@type\":\"EntryPoint\",\"urlTemplate\":\"https:\/\/galisur.es\/pt-pt\/?s={search_term_string}\"},\"query-input\":{\"@type\":\"PropertyValueSpecification\",\"valueRequired\":true,\"valueName\":\"search_term_string\"}}],\"inLanguage\":\"pt-PT\"},{\"@type\":\"Organization\",\"@id\":\"https:\/\/galisur.es\/pt-pt\/#organization\",\"name\":\"Galisur\",\"url\":\"https:\/\/galisur.es\/pt-pt\/\",\"logo\":{\"@type\":\"ImageObject\",\"inLanguage\":\"pt-PT\",\"@id\":\"https:\/\/galisur.es\/pt-pt\/#\/schema\/logo\/image\/\",\"url\":\"https:\/\/galisur.es\/wp-content\/files\/2021\/03\/logo-35x15-1.png\",\"contentUrl\":\"https:\/\/galisur.es\/wp-content\/files\/2021\/03\/logo-35x15-1.png\",\"width\":370,\"height\":176,\"caption\":\"Galisur\"},\"image\":{\"@id\":\"https:\/\/galisur.es\/pt-pt\/#\/schema\/logo\/image\/\"},\"sameAs\":[\"https:\/\/www.facebook.com\/AluminiosGalisur\",\"https:\/\/x.com\/AluminioGalisur\"]}]}<\/script>\n<!-- \/ Yoast SEO plugin. -->","yoast_head_json":{"title":"Apoio de fundos europeus | Aluminios Galisur","description":"Apoio de fundos europeus Foi recebido um incentivo de 1.167.900 \u20ac da Ag\u00eancia de Inova\u00e7\u00e3o e Desenvolvimento da Andaluzia IDEA, da Junta da Andaluzia,","robots":{"index":"index","follow":"follow","max-snippet":"max-snippet:-1","max-image-preview":"max-image-preview:large","max-video-preview":"max-video-preview:-1"},"canonical":"https:\/\/galisur.es\/pt-pt\/apoio-de-fundos-europeus\/","og_locale":"pt_PT","og_type":"article","og_title":"Apoio de fundos europeus | Aluminios Galisur","og_description":"Apoio de fundos europeus Foi recebido um incentivo de 1.167.900 \u20ac da Ag\u00eancia de Inova\u00e7\u00e3o e Desenvolvimento da Andaluzia IDEA, da Junta da Andaluzia,","og_url":"https:\/\/galisur.es\/pt-pt\/apoio-de-fundos-europeus\/","og_site_name":"Aluminios Galisur","article_publisher":"https:\/\/www.facebook.com\/AluminiosGalisur","article_modified_time":"2025-06-21T16:03:38+00:00","og_image":[{"url":"https:\/\/galisur.es\/wp-content\/uploads\/placa-proyecto-extrusora.jpg","type":"","width":"","height":""}],"twitter_card":"summary_large_image","twitter_site":"@AluminioGalisur","schema":{"@context":"https:\/\/schema.org","@graph":[{"@type":"WebPage","@id":"https:\/\/galisur.es\/pt-pt\/apoio-de-fundos-europeus\/","url":"https:\/\/galisur.es\/pt-pt\/apoio-de-fundos-europeus\/","name":"Apoio de fundos europeus | Aluminios Galisur","isPartOf":{"@id":"https:\/\/galisur.es\/pt-pt\/#website"},"primaryImageOfPage":{"@id":"https:\/\/galisur.es\/pt-pt\/apoio-de-fundos-europeus\/#primaryimage"},"image":{"@id":"https:\/\/galisur.es\/pt-pt\/apoio-de-fundos-europeus\/#primaryimage"},"thumbnailUrl":"https:\/\/galisur.es\/wp-content\/uploads\/placa-proyecto-extrusora.jpg","datePublished":"2021-12-21T11:54:09+00:00","dateModified":"2025-06-21T16:03:38+00:00","description":"Apoio de fundos europeus Foi recebido um incentivo de 1.167.900 \u20ac da Ag\u00eancia de Inova\u00e7\u00e3o e Desenvolvimento da Andaluzia IDEA, da Junta da Andaluzia,","breadcrumb":{"@id":"https:\/\/galisur.es\/pt-pt\/apoio-de-fundos-europeus\/#breadcrumb"},"inLanguage":"pt-PT","potentialAction":[{"@type":"ReadAction","target":["https:\/\/galisur.es\/pt-pt\/apoio-de-fundos-europeus\/"]}]},{"@type":"ImageObject","inLanguage":"pt-PT","@id":"https:\/\/galisur.es\/pt-pt\/apoio-de-fundos-europeus\/#primaryimage","url":"https:\/\/galisur.es\/wp-content\/uploads\/placa-proyecto-extrusora.jpg","contentUrl":"https:\/\/galisur.es\/wp-content\/uploads\/placa-proyecto-extrusora.jpg"},{"@type":"BreadcrumbList","@id":"https:\/\/galisur.es\/pt-pt\/apoio-de-fundos-europeus\/#breadcrumb","itemListElement":[{"@type":"ListItem","position":1,"name":"Portada","item":"https:\/\/galisur.es\/pt-pt\/"},{"@type":"ListItem","position":2,"name":"Apoio de fundos europeus"}]},{"@type":"WebSite","@id":"https:\/\/galisur.es\/pt-pt\/#website","url":"https:\/\/galisur.es\/pt-pt\/","name":"Aluminios Galisur","description":"Aluminios Galisur","publisher":{"@id":"https:\/\/galisur.es\/pt-pt\/#organization"},"potentialAction":[{"@type":"SearchAction","target":{"@type":"EntryPoint","urlTemplate":"https:\/\/galisur.es\/pt-pt\/?s={search_term_string}"},"query-input":{"@type":"PropertyValueSpecification","valueRequired":true,"valueName":"search_term_string"}}],"inLanguage":"pt-PT"},{"@type":"Organization","@id":"https:\/\/galisur.es\/pt-pt\/#organization","name":"Galisur","url":"https:\/\/galisur.es\/pt-pt\/","logo":{"@type":"ImageObject","inLanguage":"pt-PT","@id":"https:\/\/galisur.es\/pt-pt\/#\/schema\/logo\/image\/","url":"https:\/\/galisur.es\/wp-content\/files\/2021\/03\/logo-35x15-1.png","contentUrl":"https:\/\/galisur.es\/wp-content\/files\/2021\/03\/logo-35x15-1.png","width":370,"height":176,"caption":"Galisur"},"image":{"@id":"https:\/\/galisur.es\/pt-pt\/#\/schema\/logo\/image\/"},"sameAs":["https:\/\/www.facebook.com\/AluminiosGalisur","https:\/\/x.com\/AluminioGalisur"]}]}},"_links":{"self":[{"href":"https:\/\/galisur.es\/pt-pt\/wp-json\/wp\/v2\/pages\/17049","targetHints":{"allow":["GET"]}}],"collection":[{"href":"https:\/\/galisur.es\/pt-pt\/wp-json\/wp\/v2\/pages"}],"about":[{"href":"https:\/\/galisur.es\/pt-pt\/wp-json\/wp\/v2\/types\/page"}],"author":[{"embeddable":true,"href":"https:\/\/galisur.es\/pt-pt\/wp-json\/wp\/v2\/users\/1998"}],"replies":[{"embeddable":true,"href":"https:\/\/galisur.es\/pt-pt\/wp-json\/wp\/v2\/comments?post=17049"}],"version-history":[{"count":1,"href":"https:\/\/galisur.es\/pt-pt\/wp-json\/wp\/v2\/pages\/17049\/revisions"}],"predecessor-version":[{"id":17050,"href":"https:\/\/galisur.es\/pt-pt\/wp-json\/wp\/v2\/pages\/17049\/revisions\/17050"}],"wp:attachment":[{"href":"https:\/\/galisur.es\/pt-pt\/wp-json\/wp\/v2\/media?parent=17049"}],"curies":[{"name":"wp","href":"https:\/\/api.w.org\/{rel}","templated":true}]}}