{"id":17009,"date":"2022-10-19T05:20:20","date_gmt":"2022-10-19T03:20:20","guid":{"rendered":"https:\/\/nervous-gagarin.141-94-206-129.plesk.page\/acabamentos\/"},"modified":"2026-01-22T10:53:15","modified_gmt":"2026-01-22T09:53:15","slug":"acabamentos","status":"publish","type":"page","link":"https:\/\/galisur.es\/pt-pt\/acabamentos\/","title":{"rendered":"Acabamentos"},"content":{"rendered":"\t\t<div data-elementor-type=\"wp-page\" data-elementor-id=\"17009\" class=\"elementor elementor-17009 elementor-12353\" data-elementor-post-type=\"page\">\n\t\t\t\t<div class=\"elementor-element elementor-element-40dddc5 e-flex e-con-boxed e-con e-parent\" data-id=\"40dddc5\" data-element_type=\"container\" data-e-type=\"container\" data-settings=\"{&quot;background_background&quot;:&quot;classic&quot;}\">\n\t\t\t\t\t<div class=\"e-con-inner\">\n\t\t\t\t<div class=\"elementor-element elementor-element-3963823 elementor-widget elementor-widget-heading\" data-id=\"3963823\" data-element_type=\"widget\" data-e-type=\"widget\" data-widget_type=\"heading.default\">\n\t\t\t\t\t<h1 class=\"elementor-heading-title elementor-size-default\">Acabamentos<\/h1>\t\t\t\t<\/div>\n\t\t\t\t\t<\/div>\n\t\t\t\t<\/div>\n\t\t<div class=\"elementor-element elementor-element-9c55038 e-grid e-con-boxed e-con e-parent\" data-id=\"9c55038\" data-element_type=\"container\" data-e-type=\"container\">\n\t\t\t\t\t<div class=\"e-con-inner\">\n\t\t\t\t<div class=\"elementor-element elementor-element-6f16f7b elementor-cta--skin-classic elementor-animated-content elementor-bg-transform elementor-bg-transform-zoom-in elementor-widget elementor-widget-call-to-action\" data-id=\"6f16f7b\" data-element_type=\"widget\" data-e-type=\"widget\" data-widget_type=\"call-to-action.default\">\n\t\t\t\t\t\t\t<a class=\"elementor-cta\" href=\"https:\/\/galisur.es\/pt-pt\/acabamentos\/texturas\/\">\n\t\t\t\t\t<div class=\"elementor-cta__bg-wrapper\">\n\t\t\t\t<div class=\"elementor-cta__bg elementor-bg\" style=\"background-image: url(https:\/\/galisur.es\/wp-content\/files\/lacado-perfil-alumino.jpg);\" role=\"img\" aria-label=\"lacado-perfil-alumino\"><\/div>\n\t\t\t\t<div class=\"elementor-cta__bg-overlay\"><\/div>\n\t\t\t<\/div>\n\t\t\t\t\t\t\t<div class=\"elementor-cta__content\">\n\t\t\t\t\n\t\t\t\t\t\t\t\t\t<h2 class=\"elementor-cta__title elementor-cta__content-item elementor-content-item\">\n\t\t\t\t\t\tLACADO\t\t\t\t\t<\/h2>\n\t\t\t\t\n\t\t\t\t\t\t\t\t\t<div class=\"elementor-cta__description elementor-cta__content-item elementor-content-item\">\n\t\t\t\t\t\tConsulte as op\u00e7\u00f5es\t\t\t\t\t<\/div>\n\t\t\t\t\n\t\t\t\t\t\t\t\t\t<div class=\"elementor-cta__button-wrapper elementor-cta__content-item elementor-content-item \">\n\t\t\t\t\t<span class=\"elementor-cta__button elementor-button elementor-size-\">\n\t\t\t\t\t\tCLIQUE\t\t\t\t\t<\/span>\n\t\t\t\t\t<\/div>\n\t\t\t\t\t\t\t<\/div>\n\t\t\t\t\t\t<\/a>\n\t\t\t\t\t\t<\/div>\n\t\t\t\t<div class=\"elementor-element elementor-element-42738e0 elementor-cta--skin-classic elementor-animated-content elementor-bg-transform elementor-bg-transform-zoom-in elementor-widget elementor-widget-call-to-action\" data-id=\"42738e0\" data-element_type=\"widget\" data-e-type=\"widget\" data-widget_type=\"call-to-action.default\">\n\t\t\t\t\t\t\t<a class=\"elementor-cta\" href=\"https:\/\/galisur.es\/pt-pt\/acabamentos\/anodizado\/\">\n\t\t\t\t\t<div class=\"elementor-cta__bg-wrapper\">\n\t\t\t\t<div class=\"elementor-cta__bg elementor-bg\" style=\"background-image: url(https:\/\/galisur.es\/wp-content\/files\/anodizado-1024x622.png);\" role=\"img\" aria-label=\"anodizado\"><\/div>\n\t\t\t\t<div class=\"elementor-cta__bg-overlay\"><\/div>\n\t\t\t<\/div>\n\t\t\t\t\t\t\t<div class=\"elementor-cta__content\">\n\t\t\t\t\n\t\t\t\t\t\t\t\t\t<h2 class=\"elementor-cta__title elementor-cta__content-item elementor-content-item\">\n\t\t\t\t\t\tANODIZADO\t\t\t\t\t<\/h2>\n\t\t\t\t\n\t\t\t\t\t\t\t\t\t<div class=\"elementor-cta__description elementor-cta__content-item elementor-content-item\">\n\t\t\t\t\t\tConsulte as op\u00e7\u00f5es\t\t\t\t\t<\/div>\n\t\t\t\t\n\t\t\t\t\t\t\t\t\t<div class=\"elementor-cta__button-wrapper elementor-cta__content-item elementor-content-item \">\n\t\t\t\t\t<span class=\"elementor-cta__button elementor-button elementor-size-\">\n\t\t\t\t\t\tCLIQUE\t\t\t\t\t<\/span>\n\t\t\t\t\t<\/div>\n\t\t\t\t\t\t\t<\/div>\n\t\t\t\t\t\t<\/a>\n\t\t\t\t\t\t<\/div>\n\t\t\t\t<div class=\"elementor-element elementor-element-e1331fa elementor-cta--skin-classic elementor-animated-content elementor-bg-transform elementor-bg-transform-zoom-in elementor-widget elementor-widget-call-to-action\" data-id=\"e1331fa\" data-element_type=\"widget\" data-e-type=\"widget\" data-widget_type=\"call-to-action.default\">\n\t\t\t\t\t\t\t<a class=\"elementor-cta\" href=\"https:\/\/galisur.es\/pt-pt\/acabamentos\/sublimacao\/\">\n\t\t\t\t\t<div class=\"elementor-cta__bg-wrapper\">\n\t\t\t\t<div class=\"elementor-cta__bg elementor-bg\" style=\"background-image: url(https:\/\/galisur.es\/wp-content\/files\/sublimiacion-1024x683.jpg);\" role=\"img\" aria-label=\"sublimacion\"><\/div>\n\t\t\t\t<div class=\"elementor-cta__bg-overlay\"><\/div>\n\t\t\t<\/div>\n\t\t\t\t\t\t\t<div class=\"elementor-cta__content\">\n\t\t\t\t\n\t\t\t\t\t\t\t\t\t<h2 class=\"elementor-cta__title elementor-cta__content-item elementor-content-item\">\n\t\t\t\t\t\tSUBLIMA\u00c7AO\t\t\t\t\t<\/h2>\n\t\t\t\t\n\t\t\t\t\t\t\t\t\t<div class=\"elementor-cta__description elementor-cta__content-item elementor-content-item\">\n\t\t\t\t\t\tConsulte as op\u00e7\u00f5es\t\t\t\t\t<\/div>\n\t\t\t\t\n\t\t\t\t\t\t\t\t\t<div class=\"elementor-cta__button-wrapper elementor-cta__content-item elementor-content-item \">\n\t\t\t\t\t<span class=\"elementor-cta__button elementor-button elementor-size-\">\n\t\t\t\t\t\tCLIQUE\t\t\t\t\t<\/span>\n\t\t\t\t\t<\/div>\n\t\t\t\t\t\t\t<\/div>\n\t\t\t\t\t\t<\/a>\n\t\t\t\t\t\t<\/div>\n\t\t\t\t\t<\/div>\n\t\t\t\t<\/div>\n\t\t\t\t<\/div>\n\t\t","protected":false},"excerpt":{"rendered":"<p>Acabamentos LACADO Consulte as op\u00e7\u00f5es CLIQUE ANODIZADO Consulte as op\u00e7\u00f5es CLIQUE SUBLIMA\u00c7AO Consulte as op\u00e7\u00f5es CLIQUE<\/p>\n","protected":false},"author":1998,"featured_media":0,"parent":0,"menu_order":0,"comment_status":"closed","ping_status":"closed","template":"","meta":{"footnotes":""},"class_list":["post-17009","page","type-page","status-publish","hentry"],"yoast_head":"<!-- This site is optimized with the Yoast SEO plugin v27.2 - https:\/\/yoast.com\/product\/yoast-seo-wordpress\/ -->\n<title>Acabamentos | Aluminios Galisur<\/title>\n<meta name=\"description\" content=\"Acabamentos LACADO Consulte as op\u00e7\u00f5es CLIQUE ANODIZADO Consulte as op\u00e7\u00f5es CLIQUE SUBLIMA\u00c7AO Consulte as op\u00e7\u00f5es\" \/>\n<meta name=\"robots\" content=\"index, follow, max-snippet:-1, max-image-preview:large, max-video-preview:-1\" \/>\n<link rel=\"canonical\" href=\"https:\/\/galisur.es\/pt-pt\/acabamentos\/\" \/>\n<meta property=\"og:locale\" content=\"pt_PT\" \/>\n<meta property=\"og:type\" content=\"article\" \/>\n<meta property=\"og:title\" content=\"Acabamentos | Aluminios Galisur\" \/>\n<meta property=\"og:description\" content=\"Acabamentos LACADO Consulte as op\u00e7\u00f5es CLIQUE ANODIZADO Consulte as op\u00e7\u00f5es CLIQUE SUBLIMA\u00c7AO Consulte as op\u00e7\u00f5es\" \/>\n<meta property=\"og:url\" content=\"https:\/\/galisur.es\/pt-pt\/acabamentos\/\" \/>\n<meta property=\"og:site_name\" content=\"Aluminios Galisur\" \/>\n<meta property=\"article:publisher\" content=\"https:\/\/www.facebook.com\/AluminiosGalisur\" \/>\n<meta property=\"article:modified_time\" content=\"2026-01-22T09:53:15+00:00\" \/>\n<meta name=\"twitter:card\" content=\"summary_large_image\" \/>\n<meta name=\"twitter:site\" content=\"@AluminioGalisur\" \/>\n<script type=\"application\/ld+json\" class=\"yoast-schema-graph\">{\"@context\":\"https:\/\/schema.org\",\"@graph\":[{\"@type\":\"WebPage\",\"@id\":\"https:\/\/galisur.es\/pt-pt\/acabamentos\/\",\"url\":\"https:\/\/galisur.es\/pt-pt\/acabamentos\/\",\"name\":\"Acabamentos | Aluminios Galisur\",\"isPartOf\":{\"@id\":\"https:\/\/galisur.es\/pt-pt\/#website\"},\"datePublished\":\"2022-10-19T03:20:20+00:00\",\"dateModified\":\"2026-01-22T09:53:15+00:00\",\"description\":\"Acabamentos LACADO Consulte as op\u00e7\u00f5es CLIQUE ANODIZADO Consulte as op\u00e7\u00f5es CLIQUE SUBLIMA\u00c7AO Consulte as op\u00e7\u00f5es\",\"breadcrumb\":{\"@id\":\"https:\/\/galisur.es\/pt-pt\/acabamentos\/#breadcrumb\"},\"inLanguage\":\"pt-PT\",\"potentialAction\":[{\"@type\":\"ReadAction\",\"target\":[\"https:\/\/galisur.es\/pt-pt\/acabamentos\/\"]}]},{\"@type\":\"BreadcrumbList\",\"@id\":\"https:\/\/galisur.es\/pt-pt\/acabamentos\/#breadcrumb\",\"itemListElement\":[{\"@type\":\"ListItem\",\"position\":1,\"name\":\"Portada\",\"item\":\"https:\/\/galisur.es\/pt-pt\/\"},{\"@type\":\"ListItem\",\"position\":2,\"name\":\"Acabamentos\"}]},{\"@type\":\"WebSite\",\"@id\":\"https:\/\/galisur.es\/pt-pt\/#website\",\"url\":\"https:\/\/galisur.es\/pt-pt\/\",\"name\":\"Aluminios Galisur\",\"description\":\"Aluminios Galisur\",\"publisher\":{\"@id\":\"https:\/\/galisur.es\/pt-pt\/#organization\"},\"potentialAction\":[{\"@type\":\"SearchAction\",\"target\":{\"@type\":\"EntryPoint\",\"urlTemplate\":\"https:\/\/galisur.es\/pt-pt\/?s={search_term_string}\"},\"query-input\":{\"@type\":\"PropertyValueSpecification\",\"valueRequired\":true,\"valueName\":\"search_term_string\"}}],\"inLanguage\":\"pt-PT\"},{\"@type\":\"Organization\",\"@id\":\"https:\/\/galisur.es\/pt-pt\/#organization\",\"name\":\"Galisur\",\"url\":\"https:\/\/galisur.es\/pt-pt\/\",\"logo\":{\"@type\":\"ImageObject\",\"inLanguage\":\"pt-PT\",\"@id\":\"https:\/\/galisur.es\/pt-pt\/#\/schema\/logo\/image\/\",\"url\":\"https:\/\/galisur.es\/wp-content\/files\/2021\/03\/logo-35x15-1.png\",\"contentUrl\":\"https:\/\/galisur.es\/wp-content\/files\/2021\/03\/logo-35x15-1.png\",\"width\":370,\"height\":176,\"caption\":\"Galisur\"},\"image\":{\"@id\":\"https:\/\/galisur.es\/pt-pt\/#\/schema\/logo\/image\/\"},\"sameAs\":[\"https:\/\/www.facebook.com\/AluminiosGalisur\",\"https:\/\/x.com\/AluminioGalisur\"]}]}<\/script>\n<!-- \/ Yoast SEO plugin. -->","yoast_head_json":{"title":"Acabamentos | Aluminios Galisur","description":"Acabamentos LACADO Consulte as op\u00e7\u00f5es CLIQUE ANODIZADO Consulte as op\u00e7\u00f5es CLIQUE SUBLIMA\u00c7AO Consulte as op\u00e7\u00f5es","robots":{"index":"index","follow":"follow","max-snippet":"max-snippet:-1","max-image-preview":"max-image-preview:large","max-video-preview":"max-video-preview:-1"},"canonical":"https:\/\/galisur.es\/pt-pt\/acabamentos\/","og_locale":"pt_PT","og_type":"article","og_title":"Acabamentos | Aluminios Galisur","og_description":"Acabamentos LACADO Consulte as op\u00e7\u00f5es CLIQUE ANODIZADO Consulte as op\u00e7\u00f5es CLIQUE SUBLIMA\u00c7AO Consulte as op\u00e7\u00f5es","og_url":"https:\/\/galisur.es\/pt-pt\/acabamentos\/","og_site_name":"Aluminios Galisur","article_publisher":"https:\/\/www.facebook.com\/AluminiosGalisur","article_modified_time":"2026-01-22T09:53:15+00:00","twitter_card":"summary_large_image","twitter_site":"@AluminioGalisur","schema":{"@context":"https:\/\/schema.org","@graph":[{"@type":"WebPage","@id":"https:\/\/galisur.es\/pt-pt\/acabamentos\/","url":"https:\/\/galisur.es\/pt-pt\/acabamentos\/","name":"Acabamentos | Aluminios Galisur","isPartOf":{"@id":"https:\/\/galisur.es\/pt-pt\/#website"},"datePublished":"2022-10-19T03:20:20+00:00","dateModified":"2026-01-22T09:53:15+00:00","description":"Acabamentos LACADO Consulte as op\u00e7\u00f5es CLIQUE ANODIZADO Consulte as op\u00e7\u00f5es CLIQUE SUBLIMA\u00c7AO Consulte as op\u00e7\u00f5es","breadcrumb":{"@id":"https:\/\/galisur.es\/pt-pt\/acabamentos\/#breadcrumb"},"inLanguage":"pt-PT","potentialAction":[{"@type":"ReadAction","target":["https:\/\/galisur.es\/pt-pt\/acabamentos\/"]}]},{"@type":"BreadcrumbList","@id":"https:\/\/galisur.es\/pt-pt\/acabamentos\/#breadcrumb","itemListElement":[{"@type":"ListItem","position":1,"name":"Portada","item":"https:\/\/galisur.es\/pt-pt\/"},{"@type":"ListItem","position":2,"name":"Acabamentos"}]},{"@type":"WebSite","@id":"https:\/\/galisur.es\/pt-pt\/#website","url":"https:\/\/galisur.es\/pt-pt\/","name":"Aluminios Galisur","description":"Aluminios Galisur","publisher":{"@id":"https:\/\/galisur.es\/pt-pt\/#organization"},"potentialAction":[{"@type":"SearchAction","target":{"@type":"EntryPoint","urlTemplate":"https:\/\/galisur.es\/pt-pt\/?s={search_term_string}"},"query-input":{"@type":"PropertyValueSpecification","valueRequired":true,"valueName":"search_term_string"}}],"inLanguage":"pt-PT"},{"@type":"Organization","@id":"https:\/\/galisur.es\/pt-pt\/#organization","name":"Galisur","url":"https:\/\/galisur.es\/pt-pt\/","logo":{"@type":"ImageObject","inLanguage":"pt-PT","@id":"https:\/\/galisur.es\/pt-pt\/#\/schema\/logo\/image\/","url":"https:\/\/galisur.es\/wp-content\/files\/2021\/03\/logo-35x15-1.png","contentUrl":"https:\/\/galisur.es\/wp-content\/files\/2021\/03\/logo-35x15-1.png","width":370,"height":176,"caption":"Galisur"},"image":{"@id":"https:\/\/galisur.es\/pt-pt\/#\/schema\/logo\/image\/"},"sameAs":["https:\/\/www.facebook.com\/AluminiosGalisur","https:\/\/x.com\/AluminioGalisur"]}]}},"_links":{"self":[{"href":"https:\/\/galisur.es\/pt-pt\/wp-json\/wp\/v2\/pages\/17009","targetHints":{"allow":["GET"]}}],"collection":[{"href":"https:\/\/galisur.es\/pt-pt\/wp-json\/wp\/v2\/pages"}],"about":[{"href":"https:\/\/galisur.es\/pt-pt\/wp-json\/wp\/v2\/types\/page"}],"author":[{"embeddable":true,"href":"https:\/\/galisur.es\/pt-pt\/wp-json\/wp\/v2\/users\/1998"}],"replies":[{"embeddable":true,"href":"https:\/\/galisur.es\/pt-pt\/wp-json\/wp\/v2\/comments?post=17009"}],"version-history":[{"count":8,"href":"https:\/\/galisur.es\/pt-pt\/wp-json\/wp\/v2\/pages\/17009\/revisions"}],"predecessor-version":[{"id":20061,"href":"https:\/\/galisur.es\/pt-pt\/wp-json\/wp\/v2\/pages\/17009\/revisions\/20061"}],"wp:attachment":[{"href":"https:\/\/galisur.es\/pt-pt\/wp-json\/wp\/v2\/media?parent=17009"}],"curies":[{"name":"wp","href":"https:\/\/api.w.org\/{rel}","templated":true}]}}