{"id":19767,"date":"2026-01-13T14:43:45","date_gmt":"2026-01-13T13:43:45","guid":{"rendered":"https:\/\/galisur.es\/mobilier\/facade-de-placard-elite\/"},"modified":"2026-01-14T10:17:54","modified_gmt":"2026-01-14T09:17:54","slug":"facade-de-placard-elite","status":"publish","type":"page","link":"https:\/\/galisur.es\/fr\/mobilier\/facade-de-placard-elite\/","title":{"rendered":"Fa\u00e7ade de placard \u00c9lite"},"content":{"rendered":"\t\t<div data-elementor-type=\"wp-page\" data-elementor-id=\"19767\" class=\"elementor elementor-19767 elementor-19696\" data-elementor-post-type=\"page\">\n\t\t\t\t<div class=\"elementor-element elementor-element-ff24467 e-flex e-con-boxed e-con e-parent\" data-id=\"ff24467\" data-element_type=\"container\" data-e-type=\"container\">\n\t\t\t\t\t<div class=\"e-con-inner\">\n\t\t<div class=\"elementor-element elementor-element-c8b2515 e-con-full e-flex e-con e-child\" data-id=\"c8b2515\" data-element_type=\"container\" data-e-type=\"container\" data-settings=\"{&quot;background_background&quot;:&quot;slideshow&quot;,&quot;background_slideshow_gallery&quot;:[{&quot;id&quot;:12840,&quot;url&quot;:&quot;https:\\\/\\\/galisur.es\\\/wp-content\\\/uploads\\\/deco02-loft-fijo-alta-res-scaled.jpg&quot;},{&quot;id&quot;:12839,&quot;url&quot;:&quot;https:\\\/\\\/galisur.es\\\/wp-content\\\/uploads\\\/DECO-22-REPLEGABLES-HORIZ-OK-scaled.jpg&quot;}],&quot;background_slideshow_loop&quot;:&quot;yes&quot;,&quot;background_slideshow_slide_duration&quot;:5000,&quot;background_slideshow_slide_transition&quot;:&quot;fade&quot;,&quot;background_slideshow_transition_duration&quot;:500}\">\n\t\t\t\t<div class=\"elementor-element elementor-element-aa63669 elementor-widget elementor-widget-image\" data-id=\"aa63669\" data-element_type=\"widget\" data-e-type=\"widget\" data-widget_type=\"image.default\">\n\t\t\t\t\t\t\t\t\t\t\t\t\t\t\t<img fetchpriority=\"high\" decoding=\"async\" width=\"768\" height=\"1075\" src=\"https:\/\/galisur.es\/wp-content\/files\/frente-amario-galisur-768x1075.png\" class=\"attachment-medium_large size-medium_large wp-image-19705\" alt=\"\" srcset=\"https:\/\/galisur.es\/wp-content\/files\/frente-amario-galisur-768x1075.png 768w, https:\/\/galisur.es\/wp-content\/files\/frente-amario-galisur-214x300.png 214w, https:\/\/galisur.es\/wp-content\/files\/frente-amario-galisur-732x1024.png 732w, https:\/\/galisur.es\/wp-content\/files\/frente-amario-galisur.png 892w\" sizes=\"(max-width: 768px) 100vw, 768px\" title=\"\">\t\t\t\t\t\t\t\t\t\t\t\t\t\t\t<\/div>\n\t\t\t\t<\/div>\n\t\t<div class=\"elementor-element elementor-element-0d4895a e-con-full e-flex e-con e-child\" data-id=\"0d4895a\" data-element_type=\"container\" data-e-type=\"container\">\n\t\t\t\t<div class=\"elementor-element elementor-element-e2d67ff elementor-widget elementor-widget-heading\" data-id=\"e2d67ff\" data-element_type=\"widget\" data-e-type=\"widget\" data-widget_type=\"heading.default\">\n\t\t\t\t\t<h1 class=\"elementor-heading-title elementor-size-default\">Fa\u00e7ade de placard \u00c9lite<\/h1>\t\t\t\t<\/div>\n\t\t\t\t<div class=\"elementor-element elementor-element-8eb5b6c elementor-widget elementor-widget-text-editor\" data-id=\"8eb5b6c\" data-element_type=\"widget\" data-e-type=\"widget\" data-widget_type=\"text-editor.default\">\n\t\t\t\t\t\t\t\t\t<p>La fa\u00e7ade de placard \u00c9lite repr\u00e9sente l\u2019expression ultime du design et de la fonctionnalit\u00e9 en profil\u00e9s aluminium. Con\u00e7ue pour les espaces modernes, elle associe des lignes \u00e9l\u00e9gantes et une esth\u00e9tique soign\u00e9e \u00e0 la r\u00e9sistance et \u00e0 la durabilit\u00e9 propres \u00e0 l\u2019aluminium de haute qualit\u00e9. <\/p><p>Son design \u00e9lanc\u00e9 permet une int\u00e9gration parfaite dans tout type d\u2019environnement, apportant une l\u00e9g\u00e8ret\u00e9 visuelle sans renoncer \u00e0 la solidit\u00e9. La profilserie \u00c9lite offre de multiples possibilit\u00e9s de configuration et de finitions, s\u2019adaptant aux besoins de chaque projet et \u00e0 chaque style d\u00e9coratif. <\/p><p>Gr\u00e2ce \u00e0 sa fabrication soign\u00e9e, la fa\u00e7ade de placard \u00c9lite garantit un fonctionnement fluide et pr\u00e9cis, assurant un grand confort d\u2019utilisation et une longue dur\u00e9e de vie. Une solution haut de gamme pour ceux qui recherchent la qualit\u00e9, le design et une finition irr\u00e9prochable dans les moindres d\u00e9tails. <\/p>\t\t\t\t\t\t\t\t<\/div>\n\t\t\t\t<\/div>\n\t\t\t\t\t<\/div>\n\t\t\t\t<\/div>\n\t\t<div class=\"elementor-element elementor-element-1bd65e1 e-flex e-con-boxed e-con e-parent\" data-id=\"1bd65e1\" data-element_type=\"container\" data-e-type=\"container\" data-settings=\"{&quot;background_background&quot;:&quot;classic&quot;}\">\n\t\t\t\t\t<div class=\"e-con-inner\">\n\t\t<div class=\"elementor-element elementor-element-42ed218 e-con-full e-flex e-con e-child\" data-id=\"42ed218\" data-element_type=\"container\" data-e-type=\"container\">\n\t\t\t\t<div class=\"elementor-element elementor-element-9119ef9 elementor-widget elementor-widget-heading\" data-id=\"9119ef9\" data-element_type=\"widget\" data-e-type=\"widget\" data-widget_type=\"heading.default\">\n\t\t\t\t\t<p class=\"elementor-heading-title elementor-size-default\">Fiche technique<\/p>\t\t\t\t<\/div>\n\t\t\t\t<div class=\"elementor-element elementor-element-5275968 elementor-widget elementor-widget-text-editor\" data-id=\"5275968\" data-element_type=\"widget\" data-e-type=\"widget\" data-widget_type=\"text-editor.default\">\n\t\t\t\t\t\t\t\t\t<p><a href=\"https:\/\/galisur.es\/fr\/enregistrement\/\">Inscrivez-vous ici<\/a> pour acc\u00e9der au document.<\/p>\t\t\t\t\t\t\t\t<\/div>\n\t\t\t\t<\/div>\n\t\t<div class=\"elementor-element elementor-element-cce12ea e-con-full e-flex e-con e-child\" data-id=\"cce12ea\" data-element_type=\"container\" data-e-type=\"container\">\n\t\t\t\t<div class=\"elementor-element elementor-element-87da6a2 elementor-widget elementor-widget-heading\" data-id=\"87da6a2\" data-element_type=\"widget\" data-e-type=\"widget\" data-widget_type=\"heading.default\">\n\t\t\t\t\t<p class=\"elementor-heading-title elementor-size-default\">Catalogue<\/p>\t\t\t\t<\/div>\n\t\t\t\t<div class=\"elementor-element elementor-element-53bf0c0 elementor-widget elementor-widget-text-editor\" data-id=\"53bf0c0\" data-element_type=\"widget\" data-e-type=\"widget\" data-widget_type=\"text-editor.default\">\n\t\t\t\t\t\t\t\t\t<p><a href=\"https:\/\/galisur.es\/fr\/enregistrement\/\">Inscrivez-vous ici<\/a> pour acc\u00e9der au document.<\/p>\t\t\t\t\t\t\t\t<\/div>\n\t\t\t\t<\/div>\n\t\t\t\t\t<\/div>\n\t\t\t\t<\/div>\n\t\t<div class=\"elementor-element elementor-element-874dded e-flex e-con-boxed e-con e-parent\" data-id=\"874dded\" data-element_type=\"container\" data-e-type=\"container\">\n\t\t\t\t\t<div class=\"e-con-inner\">\n\t\t<div class=\"elementor-element elementor-element-9cffb85 e-con-full e-flex e-con e-child\" data-id=\"9cffb85\" data-element_type=\"container\" data-e-type=\"container\">\n\t\t\t\t<div class=\"elementor-element elementor-element-4ff780a elementor-widget elementor-widget-image\" data-id=\"4ff780a\" data-element_type=\"widget\" data-e-type=\"widget\" data-widget_type=\"image.default\">\n\t\t\t\t\t\t\t\t\t\t\t\t\t\t\t<img decoding=\"async\" width=\"2000\" height=\"1200\" src=\"https:\/\/galisur.es\/wp-content\/files\/frente-de-armario-detalle.png\" class=\"attachment-full size-full wp-image-19710\" alt=\"\" srcset=\"https:\/\/galisur.es\/wp-content\/files\/frente-de-armario-detalle.png 2000w, https:\/\/galisur.es\/wp-content\/files\/frente-de-armario-detalle-300x180.png 300w, https:\/\/galisur.es\/wp-content\/files\/frente-de-armario-detalle-1024x614.png 1024w, https:\/\/galisur.es\/wp-content\/files\/frente-de-armario-detalle-768x461.png 768w, https:\/\/galisur.es\/wp-content\/files\/frente-de-armario-detalle-1536x922.png 1536w\" sizes=\"(max-width: 2000px) 100vw, 2000px\" title=\"\">\t\t\t\t\t\t\t\t\t\t\t\t\t\t\t<\/div>\n\t\t\t\t<\/div>\n\t\t<div class=\"elementor-element elementor-element-ca1e283 e-con-full e-flex e-con e-child\" data-id=\"ca1e283\" data-element_type=\"container\" data-e-type=\"container\">\n\t\t\t\t<div class=\"elementor-element elementor-element-f52a6ae elementor-widget elementor-widget-heading\" data-id=\"f52a6ae\" data-element_type=\"widget\" data-e-type=\"widget\" data-widget_type=\"heading.default\">\n\t\t\t\t\t<h2 class=\"elementor-heading-title elementor-size-default\">Caract\u00e9ristiques<\/h2>\t\t\t\t<\/div>\n\t\t\t\t<div class=\"elementor-element elementor-element-465b74f elementor-widget elementor-widget-n-accordion\" data-id=\"465b74f\" data-element_type=\"widget\" data-e-type=\"widget\" data-settings=\"{&quot;default_state&quot;:&quot;expanded&quot;,&quot;max_items_expended&quot;:&quot;one&quot;,&quot;n_accordion_animation_duration&quot;:{&quot;unit&quot;:&quot;ms&quot;,&quot;size&quot;:400,&quot;sizes&quot;:[]}}\" data-widget_type=\"nested-accordion.default\">\n\t\t\t\t\t\t\t<div class=\"e-n-accordion\" aria-label=\"Accordion. Open links with Enter or Space, close with Escape, and navigate with Arrow Keys\">\n\t\t\t\t\t\t<details id=\"e-n-accordion-item-7370\" class=\"e-n-accordion-item\" open>\n\t\t\t\t<summary class=\"e-n-accordion-item-title\" data-accordion-index=\"1\" tabindex=\"0\" aria-expanded=\"true\" aria-controls=\"e-n-accordion-item-7370\" >\n\t\t\t\t\t<span class='e-n-accordion-item-title-header'><div class=\"e-n-accordion-item-title-text\"> Dimensions du vantail <\/div><\/span>\n\t\t\t\t\t\t\t<span class='e-n-accordion-item-title-icon'>\n\t\t\t<span class='e-opened' ><svg aria-hidden=\"true\" class=\"e-font-icon-svg e-fas-minus\" viewBox=\"0 0 448 512\" xmlns=\"http:\/\/www.w3.org\/2000\/svg\"><path d=\"M416 208H32c-17.67 0-32 14.33-32 32v32c0 17.67 14.33 32 32 32h384c17.67 0 32-14.33 32-32v-32c0-17.67-14.33-32-32-32z\"><\/path><\/svg><\/span>\n\t\t\t<span class='e-closed'><svg aria-hidden=\"true\" class=\"e-font-icon-svg e-fas-plus\" viewBox=\"0 0 448 512\" xmlns=\"http:\/\/www.w3.org\/2000\/svg\"><path d=\"M416 208H272V64c0-17.67-14.33-32-32-32h-32c-17.67 0-32 14.33-32 32v144H32c-17.67 0-32 14.33-32 32v32c0 17.67 14.33 32 32 32h144v144c0 17.67 14.33 32 32 32h32c17.67 0 32-14.33 32-32V304h144c17.67 0 32-14.33 32-32v-32c0-17.67-14.33-32-32-32z\"><\/path><\/svg><\/span>\n\t\t<\/span>\n\n\t\t\t\t\t\t<\/summary>\n\t\t\t\t<div role=\"region\" aria-labelledby=\"e-n-accordion-item-7370\" class=\"elementor-element elementor-element-f1416e8 e-con-full e-flex e-con e-child\" data-id=\"f1416e8\" data-element_type=\"container\" data-e-type=\"container\">\n\t\t\t\t<div class=\"elementor-element elementor-element-1962dd5 elementor-widget elementor-widget-text-editor\" data-id=\"1962dd5\" data-element_type=\"widget\" data-e-type=\"widget\" data-widget_type=\"text-editor.default\">\n\t\t\t\t\t\t\t\t\t<p>Dimensions maximales 1250&#215;3000 mm<\/p>\t\t\t\t\t\t\t\t<\/div>\n\t\t\t\t<\/div>\n\t\t\t\t\t<\/details>\n\t\t\t\t\t\t<details id=\"e-n-accordion-item-7371\" class=\"e-n-accordion-item\" >\n\t\t\t\t<summary class=\"e-n-accordion-item-title\" data-accordion-index=\"2\" tabindex=\"-1\" aria-expanded=\"false\" aria-controls=\"e-n-accordion-item-7371\" >\n\t\t\t\t\t<span class='e-n-accordion-item-title-header'><div class=\"e-n-accordion-item-title-text\"> Mod\u00e8les disponibles <\/div><\/span>\n\t\t\t\t\t\t\t<span class='e-n-accordion-item-title-icon'>\n\t\t\t<span class='e-opened' ><svg aria-hidden=\"true\" class=\"e-font-icon-svg e-fas-minus\" viewBox=\"0 0 448 512\" xmlns=\"http:\/\/www.w3.org\/2000\/svg\"><path d=\"M416 208H32c-17.67 0-32 14.33-32 32v32c0 17.67 14.33 32 32 32h384c17.67 0 32-14.33 32-32v-32c0-17.67-14.33-32-32-32z\"><\/path><\/svg><\/span>\n\t\t\t<span class='e-closed'><svg aria-hidden=\"true\" class=\"e-font-icon-svg e-fas-plus\" viewBox=\"0 0 448 512\" xmlns=\"http:\/\/www.w3.org\/2000\/svg\"><path d=\"M416 208H272V64c0-17.67-14.33-32-32-32h-32c-17.67 0-32 14.33-32 32v144H32c-17.67 0-32 14.33-32 32v32c0 17.67 14.33 32 32 32h144v144c0 17.67 14.33 32 32 32h32c17.67 0 32-14.33 32-32V304h144c17.67 0 32-14.33 32-32v-32c0-17.67-14.33-32-32-32z\"><\/path><\/svg><\/span>\n\t\t<\/span>\n\n\t\t\t\t\t\t<\/summary>\n\t\t\t\t<div role=\"region\" aria-labelledby=\"e-n-accordion-item-7371\" class=\"elementor-element elementor-element-eda75a0 e-con-full e-flex e-con e-child\" data-id=\"eda75a0\" data-element_type=\"container\" data-e-type=\"container\">\n\t\t\t\t<div class=\"elementor-element elementor-element-b126d48 elementor-widget elementor-widget-text-editor\" data-id=\"b126d48\" data-element_type=\"widget\" data-e-type=\"widget\" data-widget_type=\"text-editor.default\">\n\t\t\t\t\t\t\t\t\t<p>syst\u00e8me conventionnel avec possibilit\u00e9 de frein automatique et syst\u00e8me p\u00e9rim\u00e9tral sans frein automatique<\/p>\t\t\t\t\t\t\t\t<\/div>\n\t\t\t\t<\/div>\n\t\t\t\t\t<\/details>\n\t\t\t\t\t<\/div>\n\t\t\t\t\t\t<\/div>\n\t\t\t\t<\/div>\n\t\t\t\t\t<\/div>\n\t\t\t\t<\/div>\n\t\t<div class=\"elementor-element elementor-element-3fe54fd e-flex e-con-boxed e-con e-parent\" data-id=\"3fe54fd\" data-element_type=\"container\" data-e-type=\"container\" data-settings=\"{&quot;background_background&quot;:&quot;classic&quot;}\">\n\t\t\t\t\t<div class=\"e-con-inner\">\n\t\t\t\t<div class=\"elementor-element elementor-element-b01654b elementor-widget elementor-widget-heading\" data-id=\"b01654b\" data-element_type=\"widget\" data-e-type=\"widget\" data-widget_type=\"heading.default\">\n\t\t\t\t\t<h3 class=\"elementor-heading-title elementor-size-default\">Avantages<\/h3>\t\t\t\t<\/div>\n\t\t\t\t<div class=\"elementor-element elementor-element-8221561 elementor-widget elementor-widget-text-editor\" data-id=\"8221561\" data-element_type=\"widget\" data-e-type=\"widget\" data-widget_type=\"text-editor.default\">\n\t\t\t\t\t\t\t\t\t<p data-start=\"169\" data-end=\"520\">La fa\u00e7ade de placard \u00c9lite offre une solution haut de gamme qui valorise chaque espace gr\u00e2ce \u00e0 la combinaison d\u2019un design sophistiqu\u00e9, de fonctionnalit\u00e9 et de durabilit\u00e9. Sa profilserie en aluminium de haute qualit\u00e9 garantit une longue dur\u00e9e de vie, une excellente r\u00e9sistance \u00e0 l\u2019usage quotidien et un entretien minimal, ce qui en fait un investissement s\u00fbr \u00e0 long terme. <\/p><p data-start=\"522\" data-end=\"849\">Son design \u00e9lanc\u00e9 apporte une l\u00e9g\u00e8ret\u00e9 visuelle qui agrandit et organise les espaces, s\u2019int\u00e9grant naturellement aussi bien dans des environnements contemporains que dans des projets plus intemporels. Cette polyvalence esth\u00e9tique permet une adaptation totale \u00e0 diff\u00e9rents styles d\u00e9coratifs, en apportant toujours une finition \u00e9l\u00e9gante et coh\u00e9rente.<br> <\/p><p data-start=\"851\" data-end=\"1190\">Les possibilit\u00e9s de personnalisation des configurations et des finitions permettent \u00e0 chaque projet d\u2019\u00eatre unique, en s\u2019adaptant aux exigences techniques et esth\u00e9tiques des architectes, des architectes d\u2019int\u00e9rieur et des utilisateurs finaux. De plus, sa fabrication de pr\u00e9cision assure un coulissement fluide et silencieux, am\u00e9liorant consid\u00e9rablement le confort d\u2019utilisation au quotidien.<br><br><br> <\/p><p data-start=\"1192\" data-end=\"1361\">Avec le syst\u00e8me \u00c9lite, on obtient confort, fiabilit\u00e9 et une finition impeccable, apportant une r\u00e9elle valeur ajout\u00e9e \u00e0 l\u2019espace et renfor\u00e7ant la perception de qualit\u00e9 dans chaque d\u00e9tail.<br><\/p>\t\t\t\t\t\t\t\t<\/div>\n\t\t\t\t\t<\/div>\n\t\t\t\t<\/div>\n\t\t\t\t<\/div>\n\t\t","protected":false},"excerpt":{"rendered":"<p>Fa\u00e7ade de placard \u00c9lite La fa\u00e7ade de placard \u00c9lite repr\u00e9sente l\u2019expression ultime du design et de la fonctionnalit\u00e9 en profil\u00e9s aluminium. Con\u00e7ue pour les espaces modernes, elle associe des lignes \u00e9l\u00e9gantes et une esth\u00e9tique soign\u00e9e \u00e0 la r\u00e9sistance et \u00e0 la durabilit\u00e9 propres \u00e0 l\u2019aluminium de haute qualit\u00e9. Son design \u00e9lanc\u00e9 permet une int\u00e9gration parfaite [&hellip;]<\/p>\n","protected":false},"author":18,"featured_media":0,"parent":17135,"menu_order":0,"comment_status":"closed","ping_status":"closed","template":"","meta":{"footnotes":""},"class_list":["post-19767","page","type-page","status-publish","hentry"],"yoast_head":"<!-- This site is optimized with the Yoast SEO plugin v27.2 - https:\/\/yoast.com\/product\/yoast-seo-wordpress\/ -->\n<title>Fa\u00e7ade de placard \u00c9lite | Aluminios Galisur<\/title>\n<meta name=\"description\" content=\"Fa\u00e7ade de placard \u00c9lite La fa\u00e7ade de placard \u00c9lite repr\u00e9sente l\u2019expression ultime du design et de la fonctionnalit\u00e9 en profil\u00e9s aluminium. Con\u00e7ue pour les\" \/>\n<meta name=\"robots\" content=\"index, follow, max-snippet:-1, max-image-preview:large, max-video-preview:-1\" \/>\n<link rel=\"canonical\" href=\"https:\/\/galisur.es\/fr\/mobilier\/facade-de-placard-elite\/\" \/>\n<meta property=\"og:locale\" content=\"fr_FR\" \/>\n<meta property=\"og:type\" content=\"article\" \/>\n<meta property=\"og:title\" content=\"Fa\u00e7ade de placard \u00c9lite | Aluminios Galisur\" \/>\n<meta property=\"og:description\" content=\"Fa\u00e7ade de placard \u00c9lite La fa\u00e7ade de placard \u00c9lite repr\u00e9sente l\u2019expression ultime du design et de la fonctionnalit\u00e9 en profil\u00e9s aluminium. Con\u00e7ue pour les\" \/>\n<meta property=\"og:url\" content=\"https:\/\/galisur.es\/fr\/mobilier\/facade-de-placard-elite\/\" \/>\n<meta property=\"og:site_name\" content=\"Aluminios Galisur\" \/>\n<meta property=\"article:publisher\" content=\"https:\/\/www.facebook.com\/AluminiosGalisur\" \/>\n<meta property=\"article:modified_time\" content=\"2026-01-14T09:17:54+00:00\" \/>\n<meta property=\"og:image\" content=\"https:\/\/galisur.es\/wp-content\/files\/frente-amario-galisur-e1768312107698-768x799.png\" \/>\n<meta name=\"twitter:card\" content=\"summary_large_image\" \/>\n<meta name=\"twitter:site\" content=\"@AluminioGalisur\" \/>\n<meta name=\"twitter:label1\" content=\"Dur\u00e9e de lecture estim\u00e9e\" \/>\n\t<meta name=\"twitter:data1\" content=\"2 minutes\" \/>\n<script type=\"application\/ld+json\" class=\"yoast-schema-graph\">{\"@context\":\"https:\/\/schema.org\",\"@graph\":[{\"@type\":\"WebPage\",\"@id\":\"https:\/\/galisur.es\/fr\/mobilier\/facade-de-placard-elite\/\",\"url\":\"https:\/\/galisur.es\/fr\/mobilier\/facade-de-placard-elite\/\",\"name\":\"Fa\u00e7ade de placard \u00c9lite | Aluminios Galisur\",\"isPartOf\":{\"@id\":\"https:\/\/galisur.es\/fr\/#website\"},\"primaryImageOfPage\":{\"@id\":\"https:\/\/galisur.es\/fr\/mobilier\/facade-de-placard-elite\/#primaryimage\"},\"image\":{\"@id\":\"https:\/\/galisur.es\/fr\/mobilier\/facade-de-placard-elite\/#primaryimage\"},\"thumbnailUrl\":\"https:\/\/galisur.es\/wp-content\/files\/frente-amario-galisur-e1768312107698-768x799.png\",\"datePublished\":\"2026-01-13T13:43:45+00:00\",\"dateModified\":\"2026-01-14T09:17:54+00:00\",\"description\":\"Fa\u00e7ade de placard \u00c9lite La fa\u00e7ade de placard \u00c9lite repr\u00e9sente l\u2019expression ultime du design et de la fonctionnalit\u00e9 en profil\u00e9s aluminium. Con\u00e7ue pour les\",\"breadcrumb\":{\"@id\":\"https:\/\/galisur.es\/fr\/mobilier\/facade-de-placard-elite\/#breadcrumb\"},\"inLanguage\":\"fr-FR\",\"potentialAction\":[{\"@type\":\"ReadAction\",\"target\":[\"https:\/\/galisur.es\/fr\/mobilier\/facade-de-placard-elite\/\"]}]},{\"@type\":\"ImageObject\",\"inLanguage\":\"fr-FR\",\"@id\":\"https:\/\/galisur.es\/fr\/mobilier\/facade-de-placard-elite\/#primaryimage\",\"url\":\"https:\/\/galisur.es\/wp-content\/files\/frente-amario-galisur-e1768312107698-768x799.png\",\"contentUrl\":\"https:\/\/galisur.es\/wp-content\/files\/frente-amario-galisur-e1768312107698-768x799.png\"},{\"@type\":\"BreadcrumbList\",\"@id\":\"https:\/\/galisur.es\/fr\/mobilier\/facade-de-placard-elite\/#breadcrumb\",\"itemListElement\":[{\"@type\":\"ListItem\",\"position\":1,\"name\":\"Portada\",\"item\":\"https:\/\/galisur.es\/fr\/\"},{\"@type\":\"ListItem\",\"position\":2,\"name\":\"Mobilier\",\"item\":\"https:\/\/galisur.es\/fr\/mobilier\/\"},{\"@type\":\"ListItem\",\"position\":3,\"name\":\"Fa\u00e7ade de placard \u00c9lite\"}]},{\"@type\":\"WebSite\",\"@id\":\"https:\/\/galisur.es\/fr\/#website\",\"url\":\"https:\/\/galisur.es\/fr\/\",\"name\":\"Aluminios Galisur\",\"description\":\"Aluminios Galisur\",\"publisher\":{\"@id\":\"https:\/\/galisur.es\/fr\/#organization\"},\"potentialAction\":[{\"@type\":\"SearchAction\",\"target\":{\"@type\":\"EntryPoint\",\"urlTemplate\":\"https:\/\/galisur.es\/fr\/?s={search_term_string}\"},\"query-input\":{\"@type\":\"PropertyValueSpecification\",\"valueRequired\":true,\"valueName\":\"search_term_string\"}}],\"inLanguage\":\"fr-FR\"},{\"@type\":\"Organization\",\"@id\":\"https:\/\/galisur.es\/fr\/#organization\",\"name\":\"Galisur\",\"url\":\"https:\/\/galisur.es\/fr\/\",\"logo\":{\"@type\":\"ImageObject\",\"inLanguage\":\"fr-FR\",\"@id\":\"https:\/\/galisur.es\/fr\/#\/schema\/logo\/image\/\",\"url\":\"https:\/\/galisur.es\/wp-content\/files\/2021\/03\/logo-35x15-1.png\",\"contentUrl\":\"https:\/\/galisur.es\/wp-content\/files\/2021\/03\/logo-35x15-1.png\",\"width\":370,\"height\":176,\"caption\":\"Galisur\"},\"image\":{\"@id\":\"https:\/\/galisur.es\/fr\/#\/schema\/logo\/image\/\"},\"sameAs\":[\"https:\/\/www.facebook.com\/AluminiosGalisur\",\"https:\/\/x.com\/AluminioGalisur\"]}]}<\/script>\n<!-- \/ Yoast SEO plugin. -->","yoast_head_json":{"title":"Fa\u00e7ade de placard \u00c9lite | Aluminios Galisur","description":"Fa\u00e7ade de placard \u00c9lite La fa\u00e7ade de placard \u00c9lite repr\u00e9sente l\u2019expression ultime du design et de la fonctionnalit\u00e9 en profil\u00e9s aluminium. Con\u00e7ue pour les","robots":{"index":"index","follow":"follow","max-snippet":"max-snippet:-1","max-image-preview":"max-image-preview:large","max-video-preview":"max-video-preview:-1"},"canonical":"https:\/\/galisur.es\/fr\/mobilier\/facade-de-placard-elite\/","og_locale":"fr_FR","og_type":"article","og_title":"Fa\u00e7ade de placard \u00c9lite | Aluminios Galisur","og_description":"Fa\u00e7ade de placard \u00c9lite La fa\u00e7ade de placard \u00c9lite repr\u00e9sente l\u2019expression ultime du design et de la fonctionnalit\u00e9 en profil\u00e9s aluminium. Con\u00e7ue pour les","og_url":"https:\/\/galisur.es\/fr\/mobilier\/facade-de-placard-elite\/","og_site_name":"Aluminios Galisur","article_publisher":"https:\/\/www.facebook.com\/AluminiosGalisur","article_modified_time":"2026-01-14T09:17:54+00:00","og_image":[{"url":"https:\/\/galisur.es\/wp-content\/files\/frente-amario-galisur-e1768312107698-768x799.png","type":"","width":"","height":""}],"twitter_card":"summary_large_image","twitter_site":"@AluminioGalisur","twitter_misc":{"Dur\u00e9e de lecture estim\u00e9e":"2 minutes"},"schema":{"@context":"https:\/\/schema.org","@graph":[{"@type":"WebPage","@id":"https:\/\/galisur.es\/fr\/mobilier\/facade-de-placard-elite\/","url":"https:\/\/galisur.es\/fr\/mobilier\/facade-de-placard-elite\/","name":"Fa\u00e7ade de placard \u00c9lite | Aluminios Galisur","isPartOf":{"@id":"https:\/\/galisur.es\/fr\/#website"},"primaryImageOfPage":{"@id":"https:\/\/galisur.es\/fr\/mobilier\/facade-de-placard-elite\/#primaryimage"},"image":{"@id":"https:\/\/galisur.es\/fr\/mobilier\/facade-de-placard-elite\/#primaryimage"},"thumbnailUrl":"https:\/\/galisur.es\/wp-content\/files\/frente-amario-galisur-e1768312107698-768x799.png","datePublished":"2026-01-13T13:43:45+00:00","dateModified":"2026-01-14T09:17:54+00:00","description":"Fa\u00e7ade de placard \u00c9lite La fa\u00e7ade de placard \u00c9lite repr\u00e9sente l\u2019expression ultime du design et de la fonctionnalit\u00e9 en profil\u00e9s aluminium. Con\u00e7ue pour les","breadcrumb":{"@id":"https:\/\/galisur.es\/fr\/mobilier\/facade-de-placard-elite\/#breadcrumb"},"inLanguage":"fr-FR","potentialAction":[{"@type":"ReadAction","target":["https:\/\/galisur.es\/fr\/mobilier\/facade-de-placard-elite\/"]}]},{"@type":"ImageObject","inLanguage":"fr-FR","@id":"https:\/\/galisur.es\/fr\/mobilier\/facade-de-placard-elite\/#primaryimage","url":"https:\/\/galisur.es\/wp-content\/files\/frente-amario-galisur-e1768312107698-768x799.png","contentUrl":"https:\/\/galisur.es\/wp-content\/files\/frente-amario-galisur-e1768312107698-768x799.png"},{"@type":"BreadcrumbList","@id":"https:\/\/galisur.es\/fr\/mobilier\/facade-de-placard-elite\/#breadcrumb","itemListElement":[{"@type":"ListItem","position":1,"name":"Portada","item":"https:\/\/galisur.es\/fr\/"},{"@type":"ListItem","position":2,"name":"Mobilier","item":"https:\/\/galisur.es\/fr\/mobilier\/"},{"@type":"ListItem","position":3,"name":"Fa\u00e7ade de placard \u00c9lite"}]},{"@type":"WebSite","@id":"https:\/\/galisur.es\/fr\/#website","url":"https:\/\/galisur.es\/fr\/","name":"Aluminios Galisur","description":"Aluminios Galisur","publisher":{"@id":"https:\/\/galisur.es\/fr\/#organization"},"potentialAction":[{"@type":"SearchAction","target":{"@type":"EntryPoint","urlTemplate":"https:\/\/galisur.es\/fr\/?s={search_term_string}"},"query-input":{"@type":"PropertyValueSpecification","valueRequired":true,"valueName":"search_term_string"}}],"inLanguage":"fr-FR"},{"@type":"Organization","@id":"https:\/\/galisur.es\/fr\/#organization","name":"Galisur","url":"https:\/\/galisur.es\/fr\/","logo":{"@type":"ImageObject","inLanguage":"fr-FR","@id":"https:\/\/galisur.es\/fr\/#\/schema\/logo\/image\/","url":"https:\/\/galisur.es\/wp-content\/files\/2021\/03\/logo-35x15-1.png","contentUrl":"https:\/\/galisur.es\/wp-content\/files\/2021\/03\/logo-35x15-1.png","width":370,"height":176,"caption":"Galisur"},"image":{"@id":"https:\/\/galisur.es\/fr\/#\/schema\/logo\/image\/"},"sameAs":["https:\/\/www.facebook.com\/AluminiosGalisur","https:\/\/x.com\/AluminioGalisur"]}]}},"_links":{"self":[{"href":"https:\/\/galisur.es\/fr\/wp-json\/wp\/v2\/pages\/19767","targetHints":{"allow":["GET"]}}],"collection":[{"href":"https:\/\/galisur.es\/fr\/wp-json\/wp\/v2\/pages"}],"about":[{"href":"https:\/\/galisur.es\/fr\/wp-json\/wp\/v2\/types\/page"}],"author":[{"embeddable":true,"href":"https:\/\/galisur.es\/fr\/wp-json\/wp\/v2\/users\/18"}],"replies":[{"embeddable":true,"href":"https:\/\/galisur.es\/fr\/wp-json\/wp\/v2\/comments?post=19767"}],"version-history":[{"count":2,"href":"https:\/\/galisur.es\/fr\/wp-json\/wp\/v2\/pages\/19767\/revisions"}],"predecessor-version":[{"id":19769,"href":"https:\/\/galisur.es\/fr\/wp-json\/wp\/v2\/pages\/19767\/revisions\/19769"}],"up":[{"embeddable":true,"href":"https:\/\/galisur.es\/fr\/wp-json\/wp\/v2\/pages\/17135"}],"wp:attachment":[{"href":"https:\/\/galisur.es\/fr\/wp-json\/wp\/v2\/media?parent=19767"}],"curies":[{"name":"wp","href":"https:\/\/api.w.org\/{rel}","templated":true}]}}