{"id":19441,"date":"2025-11-03T12:18:19","date_gmt":"2025-11-03T11:18:19","guid":{"rendered":"https:\/\/galisur.es\/fermeture-exterieure\/luxia\/"},"modified":"2025-11-03T12:42:05","modified_gmt":"2025-11-03T11:42:05","slug":"luxia","status":"publish","type":"page","link":"https:\/\/galisur.es\/fr\/fermeture-exterieure\/luxia\/","title":{"rendered":"Luxia"},"content":{"rendered":"\t\t<div data-elementor-type=\"wp-page\" data-elementor-id=\"19441\" class=\"elementor elementor-19441 elementor-19406\" data-elementor-post-type=\"page\">\n\t\t\t\t<div class=\"elementor-element elementor-element-c1b9fda e-flex e-con-boxed e-con e-parent\" data-id=\"c1b9fda\" data-element_type=\"container\" data-e-type=\"container\">\n\t\t\t\t\t<div class=\"e-con-inner\">\n\t\t<div class=\"elementor-element elementor-element-322d936 e-con-full e-flex e-con e-child\" data-id=\"322d936\" data-element_type=\"container\" data-e-type=\"container\">\n\t\t\t\t<div class=\"elementor-element elementor-element-1c1c91d elementor-widget elementor-widget-image\" data-id=\"1c1c91d\" data-element_type=\"widget\" data-e-type=\"widget\" data-widget_type=\"image.default\">\n\t\t\t\t\t\t\t\t\t\t\t\t\t\t\t<img fetchpriority=\"high\" decoding=\"async\" width=\"2560\" height=\"2000\" src=\"https:\/\/galisur.es\/wp-content\/files\/Claraboya-2-scaled.png\" class=\"attachment-full size-full wp-image-19421\" alt=\"\" srcset=\"https:\/\/galisur.es\/wp-content\/files\/Claraboya-2-scaled.png 2560w, https:\/\/galisur.es\/wp-content\/files\/Claraboya-2-300x234.png 300w, https:\/\/galisur.es\/wp-content\/files\/Claraboya-2-1024x800.png 1024w, https:\/\/galisur.es\/wp-content\/files\/Claraboya-2-768x600.png 768w, https:\/\/galisur.es\/wp-content\/files\/Claraboya-2-1536x1200.png 1536w, https:\/\/galisur.es\/wp-content\/files\/Claraboya-2-2048x1600.png 2048w\" sizes=\"(max-width: 2560px) 100vw, 2560px\" title=\"\">\t\t\t\t\t\t\t\t\t\t\t\t\t\t\t<\/div>\n\t\t\t\t<\/div>\n\t\t<div class=\"elementor-element elementor-element-b036b73 e-con-full e-flex e-con e-child\" data-id=\"b036b73\" data-element_type=\"container\" data-e-type=\"container\">\n\t\t\t\t<div class=\"elementor-element elementor-element-d19934f elementor-widget elementor-widget-heading\" data-id=\"d19934f\" data-element_type=\"widget\" data-e-type=\"widget\" data-widget_type=\"heading.default\">\n\t\t\t\t\t<h1 class=\"elementor-heading-title elementor-size-default\">Lanterneau Luxia<\/h1>\t\t\t\t<\/div>\n\t\t\t\t<div class=\"elementor-element elementor-element-7cdd3a3 elementor-widget elementor-widget-text-editor\" data-id=\"7cdd3a3\" data-element_type=\"widget\" data-e-type=\"widget\" data-widget_type=\"text-editor.default\">\n\t\t\t\t\t\t\t\t\t<p>Le lanterneau Luxia est une solution architecturale de haute qualit\u00e9 con\u00e7ue pour offrir un \u00e9clairage z\u00e9nithal, un confort thermique et une esth\u00e9tique \u00e9pur\u00e9e et moderne dans tous types de b\u00e2timents. Fabriqu\u00e9 \u00e0 partir de profils en aluminium extrud\u00e9 \u00e0 haute r\u00e9sistance, Luxia se distingue par sa durabilit\u00e9, sa l\u00e9g\u00e8ret\u00e9 et sa capacit\u00e9 d\u2019adaptation \u00e0 diff\u00e9rents types de toitures, qu\u2019il s\u2019agisse de projets r\u00e9sidentiels, industriels ou tertiaires. <\/p><p><br>Gr\u00e2ce \u00e0 son design modulaire et \u00e0 sa motorisation, Luxia permet une ventilation efficace tout en maximisant l\u2019entr\u00e9e de lumi\u00e8re naturelle, r\u00e9duisant ainsi le besoin d\u2019\u00e9clairage artificiel pendant la journ\u00e9e et am\u00e9liorant la performance \u00e9nerg\u00e9tique du b\u00e2timent.<\/p><p> <\/p>\t\t\t\t\t\t\t\t<\/div>\n\t\t\t\t<\/div>\n\t\t\t\t\t<\/div>\n\t\t\t\t<\/div>\n\t\t<div class=\"elementor-element elementor-element-70f2d06 e-flex e-con-boxed e-con e-parent\" data-id=\"70f2d06\" data-element_type=\"container\" data-e-type=\"container\" data-settings=\"{&quot;background_background&quot;:&quot;classic&quot;}\">\n\t\t\t\t\t<div class=\"e-con-inner\">\n\t\t<div class=\"elementor-element elementor-element-4a289a0 e-con-full e-flex e-con e-child\" data-id=\"4a289a0\" data-element_type=\"container\" data-e-type=\"container\">\n\t\t\t\t<div class=\"elementor-element elementor-element-43b1a6f elementor-widget elementor-widget-heading\" data-id=\"43b1a6f\" data-element_type=\"widget\" data-e-type=\"widget\" data-widget_type=\"heading.default\">\n\t\t\t\t\t<p class=\"elementor-heading-title elementor-size-default\">Fiche technique<\/p>\t\t\t\t<\/div>\n\t\t\t\t<div class=\"elementor-element elementor-element-320b600 elementor-widget elementor-widget-text-editor\" data-id=\"320b600\" data-element_type=\"widget\" data-e-type=\"widget\" data-widget_type=\"text-editor.default\">\n\t\t\t\t\t\t\t\t\t<p><a href=\"https:\/\/galisur.es\/fr\/enregistrement\/\">Inscrivez-vous ici<\/a> pour acc\u00e9der au document.<\/p>\t\t\t\t\t\t\t\t<\/div>\n\t\t\t\t<\/div>\n\t\t<div class=\"elementor-element elementor-element-8a40819 e-con-full e-flex e-con e-child\" data-id=\"8a40819\" data-element_type=\"container\" data-e-type=\"container\">\n\t\t\t\t<div class=\"elementor-element elementor-element-2959d72 elementor-widget elementor-widget-heading\" data-id=\"2959d72\" data-element_type=\"widget\" data-e-type=\"widget\" data-widget_type=\"heading.default\">\n\t\t\t\t\t<p class=\"elementor-heading-title elementor-size-default\">Catalogue<\/p>\t\t\t\t<\/div>\n\t\t\t\t<div class=\"elementor-element elementor-element-0d01171 elementor-widget elementor-widget-text-editor\" data-id=\"0d01171\" data-element_type=\"widget\" data-e-type=\"widget\" data-widget_type=\"text-editor.default\">\n\t\t\t\t\t\t\t\t\t<p><a href=\"https:\/\/galisur.es\/fr\/enregistrement\/\">Inscrivez-vous ici<\/a> pour acc\u00e9der au document.<\/p>\t\t\t\t\t\t\t\t<\/div>\n\t\t\t\t<\/div>\n\t\t\t\t\t<\/div>\n\t\t\t\t<\/div>\n\t\t\t\t<\/div>\n\t\t","protected":false},"excerpt":{"rendered":"<p>Lanterneau Luxia Le lanterneau Luxia est une solution architecturale de haute qualit\u00e9 con\u00e7ue pour offrir un \u00e9clairage z\u00e9nithal, un confort thermique et une esth\u00e9tique \u00e9pur\u00e9e et moderne dans tous types de b\u00e2timents. Fabriqu\u00e9 \u00e0 partir de profils en aluminium extrud\u00e9 \u00e0 haute r\u00e9sistance, Luxia se distingue par sa durabilit\u00e9, sa l\u00e9g\u00e8ret\u00e9 et sa capacit\u00e9 d\u2019adaptation [&hellip;]<\/p>\n","protected":false},"author":18,"featured_media":0,"parent":17053,"menu_order":0,"comment_status":"closed","ping_status":"closed","template":"","meta":{"footnotes":""},"class_list":["post-19441","page","type-page","status-publish","hentry"],"yoast_head":"<!-- This site is optimized with the Yoast SEO plugin v27.2 - https:\/\/yoast.com\/product\/yoast-seo-wordpress\/ -->\n<title>Luxia | Aluminios Galisur<\/title>\n<meta name=\"description\" content=\"Lanterneau Luxia Le lanterneau Luxia est une solution architecturale de haute qualit\u00e9 con\u00e7ue pour offrir un \u00e9clairage z\u00e9nithal, un confort thermique et\" \/>\n<meta name=\"robots\" content=\"index, follow, max-snippet:-1, max-image-preview:large, max-video-preview:-1\" \/>\n<link rel=\"canonical\" href=\"https:\/\/galisur.es\/fr\/fermeture-exterieure\/luxia\/\" \/>\n<meta property=\"og:locale\" content=\"fr_FR\" \/>\n<meta property=\"og:type\" content=\"article\" \/>\n<meta property=\"og:title\" content=\"Luxia | Aluminios Galisur\" \/>\n<meta property=\"og:description\" content=\"Lanterneau Luxia Le lanterneau Luxia est une solution architecturale de haute qualit\u00e9 con\u00e7ue pour offrir un \u00e9clairage z\u00e9nithal, un confort thermique et\" \/>\n<meta property=\"og:url\" content=\"https:\/\/galisur.es\/fr\/fermeture-exterieure\/luxia\/\" \/>\n<meta property=\"og:site_name\" content=\"Aluminios Galisur\" \/>\n<meta property=\"article:publisher\" content=\"https:\/\/www.facebook.com\/AluminiosGalisur\" \/>\n<meta property=\"article:modified_time\" content=\"2025-11-03T11:42:05+00:00\" \/>\n<meta property=\"og:image\" content=\"https:\/\/galisur.es\/wp-content\/files\/Claraboya-2-scaled.png\" \/>\n\t<meta property=\"og:image:width\" content=\"2560\" \/>\n\t<meta property=\"og:image:height\" content=\"2000\" \/>\n\t<meta property=\"og:image:type\" content=\"image\/png\" \/>\n<meta name=\"twitter:card\" content=\"summary_large_image\" \/>\n<meta name=\"twitter:site\" content=\"@AluminioGalisur\" \/>\n<meta name=\"twitter:label1\" content=\"Dur\u00e9e de lecture estim\u00e9e\" \/>\n\t<meta name=\"twitter:data1\" content=\"1 minute\" \/>\n<script type=\"application\/ld+json\" class=\"yoast-schema-graph\">{\"@context\":\"https:\/\/schema.org\",\"@graph\":[{\"@type\":\"WebPage\",\"@id\":\"https:\/\/galisur.es\/fr\/fermeture-exterieure\/luxia\/\",\"url\":\"https:\/\/galisur.es\/fr\/fermeture-exterieure\/luxia\/\",\"name\":\"Luxia | Aluminios Galisur\",\"isPartOf\":{\"@id\":\"https:\/\/galisur.es\/fr\/#website\"},\"primaryImageOfPage\":{\"@id\":\"https:\/\/galisur.es\/fr\/fermeture-exterieure\/luxia\/#primaryimage\"},\"image\":{\"@id\":\"https:\/\/galisur.es\/fr\/fermeture-exterieure\/luxia\/#primaryimage\"},\"thumbnailUrl\":\"https:\/\/galisur.es\/wp-content\/files\/Claraboya-2-scaled.png\",\"datePublished\":\"2025-11-03T11:18:19+00:00\",\"dateModified\":\"2025-11-03T11:42:05+00:00\",\"description\":\"Lanterneau Luxia Le lanterneau Luxia est une solution architecturale de haute qualit\u00e9 con\u00e7ue pour offrir un \u00e9clairage z\u00e9nithal, un confort thermique et\",\"breadcrumb\":{\"@id\":\"https:\/\/galisur.es\/fr\/fermeture-exterieure\/luxia\/#breadcrumb\"},\"inLanguage\":\"fr-FR\",\"potentialAction\":[{\"@type\":\"ReadAction\",\"target\":[\"https:\/\/galisur.es\/fr\/fermeture-exterieure\/luxia\/\"]}]},{\"@type\":\"ImageObject\",\"inLanguage\":\"fr-FR\",\"@id\":\"https:\/\/galisur.es\/fr\/fermeture-exterieure\/luxia\/#primaryimage\",\"url\":\"https:\/\/galisur.es\/wp-content\/files\/Claraboya-2-scaled.png\",\"contentUrl\":\"https:\/\/galisur.es\/wp-content\/files\/Claraboya-2-scaled.png\"},{\"@type\":\"BreadcrumbList\",\"@id\":\"https:\/\/galisur.es\/fr\/fermeture-exterieure\/luxia\/#breadcrumb\",\"itemListElement\":[{\"@type\":\"ListItem\",\"position\":1,\"name\":\"Portada\",\"item\":\"https:\/\/galisur.es\/fr\/\"},{\"@type\":\"ListItem\",\"position\":2,\"name\":\"Fermeture ext\u00e9rieure\",\"item\":\"https:\/\/galisur.es\/fr\/fermeture-exterieure\/\"},{\"@type\":\"ListItem\",\"position\":3,\"name\":\"Luxia\"}]},{\"@type\":\"WebSite\",\"@id\":\"https:\/\/galisur.es\/fr\/#website\",\"url\":\"https:\/\/galisur.es\/fr\/\",\"name\":\"Aluminios Galisur\",\"description\":\"Aluminios Galisur\",\"publisher\":{\"@id\":\"https:\/\/galisur.es\/fr\/#organization\"},\"potentialAction\":[{\"@type\":\"SearchAction\",\"target\":{\"@type\":\"EntryPoint\",\"urlTemplate\":\"https:\/\/galisur.es\/fr\/?s={search_term_string}\"},\"query-input\":{\"@type\":\"PropertyValueSpecification\",\"valueRequired\":true,\"valueName\":\"search_term_string\"}}],\"inLanguage\":\"fr-FR\"},{\"@type\":\"Organization\",\"@id\":\"https:\/\/galisur.es\/fr\/#organization\",\"name\":\"Galisur\",\"url\":\"https:\/\/galisur.es\/fr\/\",\"logo\":{\"@type\":\"ImageObject\",\"inLanguage\":\"fr-FR\",\"@id\":\"https:\/\/galisur.es\/fr\/#\/schema\/logo\/image\/\",\"url\":\"https:\/\/galisur.es\/wp-content\/files\/2021\/03\/logo-35x15-1.png\",\"contentUrl\":\"https:\/\/galisur.es\/wp-content\/files\/2021\/03\/logo-35x15-1.png\",\"width\":370,\"height\":176,\"caption\":\"Galisur\"},\"image\":{\"@id\":\"https:\/\/galisur.es\/fr\/#\/schema\/logo\/image\/\"},\"sameAs\":[\"https:\/\/www.facebook.com\/AluminiosGalisur\",\"https:\/\/x.com\/AluminioGalisur\"]}]}<\/script>\n<!-- \/ Yoast SEO plugin. -->","yoast_head_json":{"title":"Luxia | Aluminios Galisur","description":"Lanterneau Luxia Le lanterneau Luxia est une solution architecturale de haute qualit\u00e9 con\u00e7ue pour offrir un \u00e9clairage z\u00e9nithal, un confort thermique et","robots":{"index":"index","follow":"follow","max-snippet":"max-snippet:-1","max-image-preview":"max-image-preview:large","max-video-preview":"max-video-preview:-1"},"canonical":"https:\/\/galisur.es\/fr\/fermeture-exterieure\/luxia\/","og_locale":"fr_FR","og_type":"article","og_title":"Luxia | Aluminios Galisur","og_description":"Lanterneau Luxia Le lanterneau Luxia est une solution architecturale de haute qualit\u00e9 con\u00e7ue pour offrir un \u00e9clairage z\u00e9nithal, un confort thermique et","og_url":"https:\/\/galisur.es\/fr\/fermeture-exterieure\/luxia\/","og_site_name":"Aluminios Galisur","article_publisher":"https:\/\/www.facebook.com\/AluminiosGalisur","article_modified_time":"2025-11-03T11:42:05+00:00","og_image":[{"width":2560,"height":2000,"url":"https:\/\/galisur.es\/wp-content\/files\/Claraboya-2-scaled.png","type":"image\/png"}],"twitter_card":"summary_large_image","twitter_site":"@AluminioGalisur","twitter_misc":{"Dur\u00e9e de lecture estim\u00e9e":"1 minute"},"schema":{"@context":"https:\/\/schema.org","@graph":[{"@type":"WebPage","@id":"https:\/\/galisur.es\/fr\/fermeture-exterieure\/luxia\/","url":"https:\/\/galisur.es\/fr\/fermeture-exterieure\/luxia\/","name":"Luxia | Aluminios Galisur","isPartOf":{"@id":"https:\/\/galisur.es\/fr\/#website"},"primaryImageOfPage":{"@id":"https:\/\/galisur.es\/fr\/fermeture-exterieure\/luxia\/#primaryimage"},"image":{"@id":"https:\/\/galisur.es\/fr\/fermeture-exterieure\/luxia\/#primaryimage"},"thumbnailUrl":"https:\/\/galisur.es\/wp-content\/files\/Claraboya-2-scaled.png","datePublished":"2025-11-03T11:18:19+00:00","dateModified":"2025-11-03T11:42:05+00:00","description":"Lanterneau Luxia Le lanterneau Luxia est une solution architecturale de haute qualit\u00e9 con\u00e7ue pour offrir un \u00e9clairage z\u00e9nithal, un confort thermique et","breadcrumb":{"@id":"https:\/\/galisur.es\/fr\/fermeture-exterieure\/luxia\/#breadcrumb"},"inLanguage":"fr-FR","potentialAction":[{"@type":"ReadAction","target":["https:\/\/galisur.es\/fr\/fermeture-exterieure\/luxia\/"]}]},{"@type":"ImageObject","inLanguage":"fr-FR","@id":"https:\/\/galisur.es\/fr\/fermeture-exterieure\/luxia\/#primaryimage","url":"https:\/\/galisur.es\/wp-content\/files\/Claraboya-2-scaled.png","contentUrl":"https:\/\/galisur.es\/wp-content\/files\/Claraboya-2-scaled.png"},{"@type":"BreadcrumbList","@id":"https:\/\/galisur.es\/fr\/fermeture-exterieure\/luxia\/#breadcrumb","itemListElement":[{"@type":"ListItem","position":1,"name":"Portada","item":"https:\/\/galisur.es\/fr\/"},{"@type":"ListItem","position":2,"name":"Fermeture ext\u00e9rieure","item":"https:\/\/galisur.es\/fr\/fermeture-exterieure\/"},{"@type":"ListItem","position":3,"name":"Luxia"}]},{"@type":"WebSite","@id":"https:\/\/galisur.es\/fr\/#website","url":"https:\/\/galisur.es\/fr\/","name":"Aluminios Galisur","description":"Aluminios Galisur","publisher":{"@id":"https:\/\/galisur.es\/fr\/#organization"},"potentialAction":[{"@type":"SearchAction","target":{"@type":"EntryPoint","urlTemplate":"https:\/\/galisur.es\/fr\/?s={search_term_string}"},"query-input":{"@type":"PropertyValueSpecification","valueRequired":true,"valueName":"search_term_string"}}],"inLanguage":"fr-FR"},{"@type":"Organization","@id":"https:\/\/galisur.es\/fr\/#organization","name":"Galisur","url":"https:\/\/galisur.es\/fr\/","logo":{"@type":"ImageObject","inLanguage":"fr-FR","@id":"https:\/\/galisur.es\/fr\/#\/schema\/logo\/image\/","url":"https:\/\/galisur.es\/wp-content\/files\/2021\/03\/logo-35x15-1.png","contentUrl":"https:\/\/galisur.es\/wp-content\/files\/2021\/03\/logo-35x15-1.png","width":370,"height":176,"caption":"Galisur"},"image":{"@id":"https:\/\/galisur.es\/fr\/#\/schema\/logo\/image\/"},"sameAs":["https:\/\/www.facebook.com\/AluminiosGalisur","https:\/\/x.com\/AluminioGalisur"]}]}},"_links":{"self":[{"href":"https:\/\/galisur.es\/fr\/wp-json\/wp\/v2\/pages\/19441","targetHints":{"allow":["GET"]}}],"collection":[{"href":"https:\/\/galisur.es\/fr\/wp-json\/wp\/v2\/pages"}],"about":[{"href":"https:\/\/galisur.es\/fr\/wp-json\/wp\/v2\/types\/page"}],"author":[{"embeddable":true,"href":"https:\/\/galisur.es\/fr\/wp-json\/wp\/v2\/users\/18"}],"replies":[{"embeddable":true,"href":"https:\/\/galisur.es\/fr\/wp-json\/wp\/v2\/comments?post=19441"}],"version-history":[{"count":2,"href":"https:\/\/galisur.es\/fr\/wp-json\/wp\/v2\/pages\/19441\/revisions"}],"predecessor-version":[{"id":19443,"href":"https:\/\/galisur.es\/fr\/wp-json\/wp\/v2\/pages\/19441\/revisions\/19443"}],"up":[{"embeddable":true,"href":"https:\/\/galisur.es\/fr\/wp-json\/wp\/v2\/pages\/17053"}],"wp:attachment":[{"href":"https:\/\/galisur.es\/fr\/wp-json\/wp\/v2\/media?parent=19441"}],"curies":[{"name":"wp","href":"https:\/\/api.w.org\/{rel}","templated":true}]}}