{"id":19277,"date":"2025-09-09T09:54:54","date_gmt":"2025-09-09T07:54:54","guid":{"rendered":"https:\/\/galisur.es\/series-verticales\/guillotine-motorisee\/"},"modified":"2025-09-22T10:58:41","modified_gmt":"2025-09-22T08:58:41","slug":"guillotine-motorisee","status":"publish","type":"page","link":"https:\/\/galisur.es\/fr\/series-verticales\/guillotine-motorisee\/","title":{"rendered":"GUILLOTINE MOTORIS\u00c9E"},"content":{"rendered":"\t\t<div data-elementor-type=\"wp-page\" data-elementor-id=\"19277\" class=\"elementor elementor-19277 elementor-19193\" data-elementor-post-type=\"page\">\n\t\t\t\t<div class=\"elementor-element elementor-element-cf59cfe e-flex e-con-boxed e-con e-parent\" data-id=\"cf59cfe\" data-element_type=\"container\" data-e-type=\"container\">\n\t\t\t\t\t<div class=\"e-con-inner\">\n\t\t<div class=\"elementor-element elementor-element-27d6b89 e-con-full e-flex e-con e-child\" data-id=\"27d6b89\" data-element_type=\"container\" data-e-type=\"container\">\n\t\t\t\t<div class=\"elementor-element elementor-element-ae4ee48 elementor-widget elementor-widget-image\" data-id=\"ae4ee48\" data-element_type=\"widget\" data-e-type=\"widget\" data-widget_type=\"image.default\">\n\t\t\t\t\t\t\t\t\t\t\t\t\t\t\t<img fetchpriority=\"high\" decoding=\"async\" width=\"3840\" height=\"3000\" src=\"https:\/\/galisur.es\/wp-content\/files\/Guillotina-motor-e1757418753489.png\" class=\"attachment-full size-full wp-image-16902\" alt=\"\" title=\"\">\t\t\t\t\t\t\t\t\t\t\t\t\t\t\t<\/div>\n\t\t\t\t<\/div>\n\t\t<div class=\"elementor-element elementor-element-d57c14b e-con-full e-flex e-con e-child\" data-id=\"d57c14b\" data-element_type=\"container\" data-e-type=\"container\">\n\t\t\t\t<div class=\"elementor-element elementor-element-0c79c2e elementor-widget elementor-widget-heading\" data-id=\"0c79c2e\" data-element_type=\"widget\" data-e-type=\"widget\" data-widget_type=\"heading.default\">\n\t\t\t\t\t<h1 class=\"elementor-heading-title elementor-size-default\">GUILLOTINE MOTORIS\u00c9E<\/h1>\t\t\t\t<\/div>\n\t\t\t\t<div class=\"elementor-element elementor-element-d417341 elementor-widget elementor-widget-text-editor\" data-id=\"d417341\" data-element_type=\"widget\" data-e-type=\"widget\" data-widget_type=\"text-editor.default\">\n\t\t\t\t\t\t\t\t\t<p style=\"text-align: left;\">Menuiserie coulissante verticale \u00e0 rupture de pont thermique, cadres de 165 mm et vantaux de 45 mm. Vantail coulissant avec moteur 120NW cach\u00e9 par t\u00e9l\u00e9commande ou bouton-poussoir. Ouverture de vantaux verticaux coulissants et en saillie avec charni\u00e8res cach\u00e9es pour la ventilation et le nettoyage des vantaux int\u00e9rieurs. Joints d\u2019\u00e9tanch\u00e9it\u00e9 avec paillasson \u00e0 trois ailettes assurant la qualit\u00e9 de la fermeture.    \u00c9querres en aluminium moul\u00e9 sous pression avec visserie inox.<\/p>\t\t\t\t\t\t\t\t<\/div>\n\t\t\t\t<\/div>\n\t\t\t\t\t<\/div>\n\t\t\t\t<\/div>\n\t\t<div class=\"elementor-element elementor-element-88a0417 e-flex e-con-boxed e-con e-parent\" data-id=\"88a0417\" data-element_type=\"container\" data-e-type=\"container\" data-settings=\"{&quot;background_background&quot;:&quot;classic&quot;}\">\n\t\t\t\t\t<div class=\"e-con-inner\">\n\t\t<div class=\"elementor-element elementor-element-fdda0b2 e-con-full e-flex e-con e-child\" data-id=\"fdda0b2\" data-element_type=\"container\" data-e-type=\"container\">\n\t\t\t\t<div class=\"elementor-element elementor-element-2de5d4b elementor-widget elementor-widget-heading\" data-id=\"2de5d4b\" data-element_type=\"widget\" data-e-type=\"widget\" data-widget_type=\"heading.default\">\n\t\t\t\t\t<p class=\"elementor-heading-title elementor-size-default\">Fiche technique<\/p>\t\t\t\t<\/div>\n\t\t\t\t<div class=\"elementor-element elementor-element-4148698 elementor-widget elementor-widget-text-editor\" data-id=\"4148698\" data-element_type=\"widget\" data-e-type=\"widget\" data-widget_type=\"text-editor.default\">\n\t\t\t\t\t\t\t\t\t<p><a href=\"https:\/\/galisur.es\/fr\/enregistrement\/\">Inscrivez-vous ici<\/a> pour acc\u00e9der au document.<\/p>\t\t\t\t\t\t\t\t<\/div>\n\t\t\t\t<\/div>\n\t\t<div class=\"elementor-element elementor-element-7c2df32 e-con-full e-flex e-con e-child\" data-id=\"7c2df32\" data-element_type=\"container\" data-e-type=\"container\">\n\t\t\t\t<div class=\"elementor-element elementor-element-3918280 elementor-widget elementor-widget-heading\" data-id=\"3918280\" data-element_type=\"widget\" data-e-type=\"widget\" data-widget_type=\"heading.default\">\n\t\t\t\t\t<p class=\"elementor-heading-title elementor-size-default\">Catalogue<\/p>\t\t\t\t<\/div>\n\t\t\t\t<div class=\"elementor-element elementor-element-8aa7ea1 elementor-widget elementor-widget-text-editor\" data-id=\"8aa7ea1\" data-element_type=\"widget\" data-e-type=\"widget\" data-widget_type=\"text-editor.default\">\n\t\t\t\t\t\t\t\t\t<p><a href=\"https:\/\/galisur.es\/fr\/enregistrement\/\">Inscrivez-vous ici<\/a> pour acc\u00e9der au document.<\/p>\t\t\t\t\t\t\t\t<\/div>\n\t\t\t\t<\/div>\n\t\t\t\t\t<\/div>\n\t\t\t\t<\/div>\n\t\t<div class=\"elementor-element elementor-element-54948fb e-flex e-con-boxed e-con e-parent\" data-id=\"54948fb\" data-element_type=\"container\" data-e-type=\"container\">\n\t\t\t\t\t<div class=\"e-con-inner\">\n\t\t<div class=\"elementor-element elementor-element-04ce48a e-con-full e-flex e-con e-child\" data-id=\"04ce48a\" data-element_type=\"container\" data-e-type=\"container\">\n\t\t\t\t<div class=\"elementor-element elementor-element-89b927b elementor-widget elementor-widget-image\" data-id=\"89b927b\" data-element_type=\"widget\" data-e-type=\"widget\" data-widget_type=\"image.default\">\n\t\t\t\t\t\t\t\t\t\t\t\t\t\t\t<img decoding=\"async\" width=\"2560\" height=\"2000\" src=\"https:\/\/galisur.es\/wp-content\/files\/Guillotina-motor-2-1-scaled.png\" class=\"attachment-full size-full wp-image-19202\" alt=\"\" srcset=\"https:\/\/galisur.es\/wp-content\/files\/Guillotina-motor-2-1-scaled.png 2560w, https:\/\/galisur.es\/wp-content\/files\/Guillotina-motor-2-1-300x234.png 300w, https:\/\/galisur.es\/wp-content\/files\/Guillotina-motor-2-1-1024x800.png 1024w, https:\/\/galisur.es\/wp-content\/files\/Guillotina-motor-2-1-768x600.png 768w, https:\/\/galisur.es\/wp-content\/files\/Guillotina-motor-2-1-1536x1200.png 1536w, https:\/\/galisur.es\/wp-content\/files\/Guillotina-motor-2-1-2048x1600.png 2048w\" sizes=\"(max-width: 2560px) 100vw, 2560px\" title=\"\">\t\t\t\t\t\t\t\t\t\t\t\t\t\t\t<\/div>\n\t\t\t\t<\/div>\n\t\t<div class=\"elementor-element elementor-element-b7f7587 e-con-full e-flex e-con e-child\" data-id=\"b7f7587\" data-element_type=\"container\" data-e-type=\"container\">\n\t\t\t\t<div class=\"elementor-element elementor-element-e3f641b elementor-widget elementor-widget-heading\" data-id=\"e3f641b\" data-element_type=\"widget\" data-e-type=\"widget\" data-widget_type=\"heading.default\">\n\t\t\t\t\t<h2 class=\"elementor-heading-title elementor-size-default\">Classification des essais<\/h2>\t\t\t\t<\/div>\n\t\t\t\t<div class=\"elementor-element elementor-element-d51b269 elementor-widget elementor-widget-text-editor\" data-id=\"d51b269\" data-element_type=\"widget\" data-e-type=\"widget\" data-widget_type=\"text-editor.default\">\n\t\t\t\t\t\t\t\t\t<p>Proc\u00e8s en cours<\/p>\t\t\t\t\t\t\t\t<\/div>\n\t\t\t\t<\/div>\n\t\t\t\t\t<\/div>\n\t\t\t\t<\/div>\n\t\t<div class=\"elementor-element elementor-element-2f9396b e-flex e-con-boxed e-con e-parent\" data-id=\"2f9396b\" data-element_type=\"container\" data-e-type=\"container\">\n\t\t\t\t\t<div class=\"e-con-inner\">\n\t\t<div class=\"elementor-element elementor-element-e5cdd0a e-con-full e-flex e-con e-child\" data-id=\"e5cdd0a\" data-element_type=\"container\" data-e-type=\"container\">\n\t\t\t\t<div class=\"elementor-element elementor-element-dee0362 elementor-widget elementor-widget-heading\" data-id=\"dee0362\" data-element_type=\"widget\" data-e-type=\"widget\" data-widget_type=\"heading.default\">\n\t\t\t\t\t<h3 class=\"elementor-heading-title elementor-size-default\">Options d'ouverture<\/h3>\t\t\t\t<\/div>\n\t\t\t\t<div class=\"elementor-element elementor-element-fa1a458 elementor-widget elementor-widget-image\" data-id=\"fa1a458\" data-element_type=\"widget\" data-e-type=\"widget\" data-widget_type=\"image.default\">\n\t\t\t\t\t\t\t\t\t\t\t\t\t\t\t<img decoding=\"async\" width=\"800\" height=\"250\" src=\"https:\/\/galisur.es\/wp-content\/files\/Guillotina-posibilidades-de-apertura.png\" class=\"attachment-full size-full wp-image-19212\" alt=\"\" srcset=\"https:\/\/galisur.es\/wp-content\/files\/Guillotina-posibilidades-de-apertura.png 800w, https:\/\/galisur.es\/wp-content\/files\/Guillotina-posibilidades-de-apertura-300x94.png 300w, https:\/\/galisur.es\/wp-content\/files\/Guillotina-posibilidades-de-apertura-768x240.png 768w\" sizes=\"(max-width: 800px) 100vw, 800px\" title=\"\">\t\t\t\t\t\t\t\t\t\t\t\t\t\t\t<\/div>\n\t\t\t\t<\/div>\n\t\t<div class=\"elementor-element elementor-element-5817b8f e-con-full e-flex e-con e-child\" data-id=\"5817b8f\" data-element_type=\"container\" data-e-type=\"container\">\n\t\t\t\t<div class=\"elementor-element elementor-element-af95e61 elementor-widget elementor-widget-heading\" data-id=\"af95e61\" data-element_type=\"widget\" data-e-type=\"widget\" data-widget_type=\"heading.default\">\n\t\t\t\t\t<h3 class=\"elementor-heading-title elementor-size-default\">Dimensions recommand\u00e9es<\/h3>\t\t\t\t<\/div>\n\t\t\t\t<div class=\"elementor-element elementor-element-a13088a elementor-widget elementor-widget-image\" data-id=\"a13088a\" data-element_type=\"widget\" data-e-type=\"widget\" data-widget_type=\"image.default\">\n\t\t\t\t\t\t\t\t\t\t\t\t\t\t\t<img loading=\"lazy\" decoding=\"async\" width=\"800\" height=\"250\" src=\"https:\/\/galisur.es\/wp-content\/files\/Guillotina-dimensiones-recomendadas.png\" class=\"attachment-full size-full wp-image-19207\" alt=\"\" srcset=\"https:\/\/galisur.es\/wp-content\/files\/Guillotina-dimensiones-recomendadas.png 800w, https:\/\/galisur.es\/wp-content\/files\/Guillotina-dimensiones-recomendadas-300x94.png 300w, https:\/\/galisur.es\/wp-content\/files\/Guillotina-dimensiones-recomendadas-768x240.png 768w\" sizes=\"(max-width: 800px) 100vw, 800px\" title=\"\">\t\t\t\t\t\t\t\t\t\t\t\t\t\t\t<\/div>\n\t\t\t\t<\/div>\n\t\t\t\t\t<\/div>\n\t\t\t\t<\/div>\n\t\t<div class=\"elementor-element elementor-element-8d5d486 e-flex e-con-boxed e-con e-parent\" data-id=\"8d5d486\" data-element_type=\"container\" data-e-type=\"container\" data-settings=\"{&quot;background_background&quot;:&quot;classic&quot;}\">\n\t\t\t\t\t<div class=\"e-con-inner\">\n\t\t\t\t<div class=\"elementor-element elementor-element-8a5c623 elementor-widget elementor-widget-heading\" data-id=\"8a5c623\" data-element_type=\"widget\" data-e-type=\"widget\" data-widget_type=\"heading.default\">\n\t\t\t\t\t<h3 class=\"elementor-heading-title elementor-size-default\">Avantages<\/h3>\t\t\t\t<\/div>\n\t\t\t\t<div class=\"elementor-element elementor-element-00b1640 elementor-widget elementor-widget-text-editor\" data-id=\"00b1640\" data-element_type=\"widget\" data-e-type=\"widget\" data-widget_type=\"text-editor.default\">\n\t\t\t\t\t\t\t\t\t<p>La guillotine motoris\u00e9e est la solution parfaite pour ceux qui recherchent le confort, le design et la technologie dans un seul syst\u00e8me. Gr\u00e2ce \u00e0 son ouverture verticale automatis\u00e9e, il vous permet de lever et d\u2019abaisser les feuilles en douceur, silencieusement et sans effort, \u00e0 l\u2019aide d\u2019un bouton ou d\u2019un bouton. Fabriqu\u00e9 en profil\u00e9s d\u2019aluminium \u00e0 rupture de pont thermique, il garantit une excellente isolation thermique et acoustique, am\u00e9liorant l\u2019efficacit\u00e9 \u00e9nerg\u00e9tique et le confort dans n\u2019importe quelle pi\u00e8ce. Sa structure offre r\u00e9sistance, durabilit\u00e9 et une finition \u00e9l\u00e9gante, s\u2019adaptant aux projets r\u00e9sidentiels et commerciaux. Id\u00e9ale pour les terrasses, les locaux et les maisons modernes, la guillotine motoris\u00e9e allie s\u00e9curit\u00e9, praticit\u00e9 et esth\u00e9tique, transformant la fa\u00e7on dont vous profitez des espaces avec une touche d\u2019innovation.    <\/p>\t\t\t\t\t\t\t\t<\/div>\n\t\t\t\t\t<\/div>\n\t\t\t\t<\/div>\n\t\t\t\t<\/div>\n\t\t","protected":false},"excerpt":{"rendered":"<p>GUILLOTINE MOTORIS\u00c9E Menuiserie coulissante verticale \u00e0 rupture de pont thermique, cadres de 165 mm et vantaux de 45 mm. Vantail coulissant avec moteur 120NW cach\u00e9 par t\u00e9l\u00e9commande ou bouton-poussoir. Ouverture de vantaux verticaux coulissants et en saillie avec charni\u00e8res cach\u00e9es pour la ventilation et le nettoyage des vantaux int\u00e9rieurs. Joints d\u2019\u00e9tanch\u00e9it\u00e9 avec paillasson \u00e0 trois [&hellip;]<\/p>\n","protected":false},"author":18,"featured_media":0,"parent":17531,"menu_order":0,"comment_status":"closed","ping_status":"closed","template":"","meta":{"footnotes":""},"class_list":["post-19277","page","type-page","status-publish","hentry"],"yoast_head":"<!-- This site is optimized with the Yoast SEO plugin v27.2 - https:\/\/yoast.com\/product\/yoast-seo-wordpress\/ -->\n<title>GUILLOTINE MOTORIS\u00c9E | Aluminios Galisur<\/title>\n<meta name=\"description\" content=\"GUILLOTINE MOTORIS\u00c9E Menuiserie coulissante verticale \u00e0 rupture de pont thermique, cadres de 165 mm et vantaux de 45 mm. Vantail coulissant avec moteur\" \/>\n<meta name=\"robots\" content=\"index, follow, max-snippet:-1, max-image-preview:large, max-video-preview:-1\" \/>\n<link rel=\"canonical\" href=\"https:\/\/galisur.es\/fr\/series-verticales\/guillotine-motorisee\/\" \/>\n<meta property=\"og:locale\" content=\"fr_FR\" \/>\n<meta property=\"og:type\" content=\"article\" \/>\n<meta property=\"og:title\" content=\"GUILLOTINE MOTORIS\u00c9E | Aluminios Galisur\" \/>\n<meta property=\"og:description\" content=\"GUILLOTINE MOTORIS\u00c9E Menuiserie coulissante verticale \u00e0 rupture de pont thermique, cadres de 165 mm et vantaux de 45 mm. Vantail coulissant avec moteur\" \/>\n<meta property=\"og:url\" content=\"https:\/\/galisur.es\/fr\/series-verticales\/guillotine-motorisee\/\" \/>\n<meta property=\"og:site_name\" content=\"Aluminios Galisur\" \/>\n<meta property=\"article:publisher\" content=\"https:\/\/www.facebook.com\/AluminiosGalisur\" \/>\n<meta property=\"article:modified_time\" content=\"2025-09-22T08:58:41+00:00\" \/>\n<meta property=\"og:image\" content=\"https:\/\/galisur.es\/wp-content\/files\/Guillotina-motor-e1757418753489.png\" \/>\n\t<meta property=\"og:image:width\" content=\"2220\" \/>\n\t<meta property=\"og:image:height\" content=\"2065\" \/>\n\t<meta property=\"og:image:type\" content=\"image\/png\" \/>\n<meta name=\"twitter:card\" content=\"summary_large_image\" \/>\n<meta name=\"twitter:site\" content=\"@AluminioGalisur\" \/>\n<meta name=\"twitter:label1\" content=\"Dur\u00e9e de lecture estim\u00e9e\" \/>\n\t<meta name=\"twitter:data1\" content=\"1 minute\" \/>\n<script type=\"application\/ld+json\" class=\"yoast-schema-graph\">{\"@context\":\"https:\/\/schema.org\",\"@graph\":[{\"@type\":\"WebPage\",\"@id\":\"https:\/\/galisur.es\/fr\/series-verticales\/guillotine-motorisee\/\",\"url\":\"https:\/\/galisur.es\/fr\/series-verticales\/guillotine-motorisee\/\",\"name\":\"GUILLOTINE MOTORIS\u00c9E | Aluminios Galisur\",\"isPartOf\":{\"@id\":\"https:\/\/galisur.es\/fr\/#website\"},\"primaryImageOfPage\":{\"@id\":\"https:\/\/galisur.es\/fr\/series-verticales\/guillotine-motorisee\/#primaryimage\"},\"image\":{\"@id\":\"https:\/\/galisur.es\/fr\/series-verticales\/guillotine-motorisee\/#primaryimage\"},\"thumbnailUrl\":\"https:\/\/galisur.es\/wp-content\/files\/Guillotina-motor-e1757418753489.png\",\"datePublished\":\"2025-09-09T07:54:54+00:00\",\"dateModified\":\"2025-09-22T08:58:41+00:00\",\"description\":\"GUILLOTINE MOTORIS\u00c9E Menuiserie coulissante verticale \u00e0 rupture de pont thermique, cadres de 165 mm et vantaux de 45 mm. Vantail coulissant avec moteur\",\"breadcrumb\":{\"@id\":\"https:\/\/galisur.es\/fr\/series-verticales\/guillotine-motorisee\/#breadcrumb\"},\"inLanguage\":\"fr-FR\",\"potentialAction\":[{\"@type\":\"ReadAction\",\"target\":[\"https:\/\/galisur.es\/fr\/series-verticales\/guillotine-motorisee\/\"]}]},{\"@type\":\"ImageObject\",\"inLanguage\":\"fr-FR\",\"@id\":\"https:\/\/galisur.es\/fr\/series-verticales\/guillotine-motorisee\/#primaryimage\",\"url\":\"https:\/\/galisur.es\/wp-content\/files\/Guillotina-motor-e1757418753489.png\",\"contentUrl\":\"https:\/\/galisur.es\/wp-content\/files\/Guillotina-motor-e1757418753489.png\"},{\"@type\":\"BreadcrumbList\",\"@id\":\"https:\/\/galisur.es\/fr\/series-verticales\/guillotine-motorisee\/#breadcrumb\",\"itemListElement\":[{\"@type\":\"ListItem\",\"position\":1,\"name\":\"Portada\",\"item\":\"https:\/\/galisur.es\/fr\/\"},{\"@type\":\"ListItem\",\"position\":2,\"name\":\"S\u00e9ries verticales\",\"item\":\"https:\/\/galisur.es\/fr\/series-verticales\/\"},{\"@type\":\"ListItem\",\"position\":3,\"name\":\"GUILLOTINE MOTORIS\u00c9E\"}]},{\"@type\":\"WebSite\",\"@id\":\"https:\/\/galisur.es\/fr\/#website\",\"url\":\"https:\/\/galisur.es\/fr\/\",\"name\":\"Aluminios Galisur\",\"description\":\"Aluminios Galisur\",\"publisher\":{\"@id\":\"https:\/\/galisur.es\/fr\/#organization\"},\"potentialAction\":[{\"@type\":\"SearchAction\",\"target\":{\"@type\":\"EntryPoint\",\"urlTemplate\":\"https:\/\/galisur.es\/fr\/?s={search_term_string}\"},\"query-input\":{\"@type\":\"PropertyValueSpecification\",\"valueRequired\":true,\"valueName\":\"search_term_string\"}}],\"inLanguage\":\"fr-FR\"},{\"@type\":\"Organization\",\"@id\":\"https:\/\/galisur.es\/fr\/#organization\",\"name\":\"Galisur\",\"url\":\"https:\/\/galisur.es\/fr\/\",\"logo\":{\"@type\":\"ImageObject\",\"inLanguage\":\"fr-FR\",\"@id\":\"https:\/\/galisur.es\/fr\/#\/schema\/logo\/image\/\",\"url\":\"https:\/\/galisur.es\/wp-content\/files\/2021\/03\/logo-35x15-1.png\",\"contentUrl\":\"https:\/\/galisur.es\/wp-content\/files\/2021\/03\/logo-35x15-1.png\",\"width\":370,\"height\":176,\"caption\":\"Galisur\"},\"image\":{\"@id\":\"https:\/\/galisur.es\/fr\/#\/schema\/logo\/image\/\"},\"sameAs\":[\"https:\/\/www.facebook.com\/AluminiosGalisur\",\"https:\/\/x.com\/AluminioGalisur\"]}]}<\/script>\n<!-- \/ Yoast SEO plugin. -->","yoast_head_json":{"title":"GUILLOTINE MOTORIS\u00c9E | Aluminios Galisur","description":"GUILLOTINE MOTORIS\u00c9E Menuiserie coulissante verticale \u00e0 rupture de pont thermique, cadres de 165 mm et vantaux de 45 mm. Vantail coulissant avec moteur","robots":{"index":"index","follow":"follow","max-snippet":"max-snippet:-1","max-image-preview":"max-image-preview:large","max-video-preview":"max-video-preview:-1"},"canonical":"https:\/\/galisur.es\/fr\/series-verticales\/guillotine-motorisee\/","og_locale":"fr_FR","og_type":"article","og_title":"GUILLOTINE MOTORIS\u00c9E | Aluminios Galisur","og_description":"GUILLOTINE MOTORIS\u00c9E Menuiserie coulissante verticale \u00e0 rupture de pont thermique, cadres de 165 mm et vantaux de 45 mm. Vantail coulissant avec moteur","og_url":"https:\/\/galisur.es\/fr\/series-verticales\/guillotine-motorisee\/","og_site_name":"Aluminios Galisur","article_publisher":"https:\/\/www.facebook.com\/AluminiosGalisur","article_modified_time":"2025-09-22T08:58:41+00:00","og_image":[{"width":2220,"height":2065,"url":"https:\/\/galisur.es\/wp-content\/files\/Guillotina-motor-e1757418753489.png","type":"image\/png"}],"twitter_card":"summary_large_image","twitter_site":"@AluminioGalisur","twitter_misc":{"Dur\u00e9e de lecture estim\u00e9e":"1 minute"},"schema":{"@context":"https:\/\/schema.org","@graph":[{"@type":"WebPage","@id":"https:\/\/galisur.es\/fr\/series-verticales\/guillotine-motorisee\/","url":"https:\/\/galisur.es\/fr\/series-verticales\/guillotine-motorisee\/","name":"GUILLOTINE MOTORIS\u00c9E | Aluminios Galisur","isPartOf":{"@id":"https:\/\/galisur.es\/fr\/#website"},"primaryImageOfPage":{"@id":"https:\/\/galisur.es\/fr\/series-verticales\/guillotine-motorisee\/#primaryimage"},"image":{"@id":"https:\/\/galisur.es\/fr\/series-verticales\/guillotine-motorisee\/#primaryimage"},"thumbnailUrl":"https:\/\/galisur.es\/wp-content\/files\/Guillotina-motor-e1757418753489.png","datePublished":"2025-09-09T07:54:54+00:00","dateModified":"2025-09-22T08:58:41+00:00","description":"GUILLOTINE MOTORIS\u00c9E Menuiserie coulissante verticale \u00e0 rupture de pont thermique, cadres de 165 mm et vantaux de 45 mm. Vantail coulissant avec moteur","breadcrumb":{"@id":"https:\/\/galisur.es\/fr\/series-verticales\/guillotine-motorisee\/#breadcrumb"},"inLanguage":"fr-FR","potentialAction":[{"@type":"ReadAction","target":["https:\/\/galisur.es\/fr\/series-verticales\/guillotine-motorisee\/"]}]},{"@type":"ImageObject","inLanguage":"fr-FR","@id":"https:\/\/galisur.es\/fr\/series-verticales\/guillotine-motorisee\/#primaryimage","url":"https:\/\/galisur.es\/wp-content\/files\/Guillotina-motor-e1757418753489.png","contentUrl":"https:\/\/galisur.es\/wp-content\/files\/Guillotina-motor-e1757418753489.png"},{"@type":"BreadcrumbList","@id":"https:\/\/galisur.es\/fr\/series-verticales\/guillotine-motorisee\/#breadcrumb","itemListElement":[{"@type":"ListItem","position":1,"name":"Portada","item":"https:\/\/galisur.es\/fr\/"},{"@type":"ListItem","position":2,"name":"S\u00e9ries verticales","item":"https:\/\/galisur.es\/fr\/series-verticales\/"},{"@type":"ListItem","position":3,"name":"GUILLOTINE MOTORIS\u00c9E"}]},{"@type":"WebSite","@id":"https:\/\/galisur.es\/fr\/#website","url":"https:\/\/galisur.es\/fr\/","name":"Aluminios Galisur","description":"Aluminios Galisur","publisher":{"@id":"https:\/\/galisur.es\/fr\/#organization"},"potentialAction":[{"@type":"SearchAction","target":{"@type":"EntryPoint","urlTemplate":"https:\/\/galisur.es\/fr\/?s={search_term_string}"},"query-input":{"@type":"PropertyValueSpecification","valueRequired":true,"valueName":"search_term_string"}}],"inLanguage":"fr-FR"},{"@type":"Organization","@id":"https:\/\/galisur.es\/fr\/#organization","name":"Galisur","url":"https:\/\/galisur.es\/fr\/","logo":{"@type":"ImageObject","inLanguage":"fr-FR","@id":"https:\/\/galisur.es\/fr\/#\/schema\/logo\/image\/","url":"https:\/\/galisur.es\/wp-content\/files\/2021\/03\/logo-35x15-1.png","contentUrl":"https:\/\/galisur.es\/wp-content\/files\/2021\/03\/logo-35x15-1.png","width":370,"height":176,"caption":"Galisur"},"image":{"@id":"https:\/\/galisur.es\/fr\/#\/schema\/logo\/image\/"},"sameAs":["https:\/\/www.facebook.com\/AluminiosGalisur","https:\/\/x.com\/AluminioGalisur"]}]}},"_links":{"self":[{"href":"https:\/\/galisur.es\/fr\/wp-json\/wp\/v2\/pages\/19277","targetHints":{"allow":["GET"]}}],"collection":[{"href":"https:\/\/galisur.es\/fr\/wp-json\/wp\/v2\/pages"}],"about":[{"href":"https:\/\/galisur.es\/fr\/wp-json\/wp\/v2\/types\/page"}],"author":[{"embeddable":true,"href":"https:\/\/galisur.es\/fr\/wp-json\/wp\/v2\/users\/18"}],"replies":[{"embeddable":true,"href":"https:\/\/galisur.es\/fr\/wp-json\/wp\/v2\/comments?post=19277"}],"version-history":[{"count":5,"href":"https:\/\/galisur.es\/fr\/wp-json\/wp\/v2\/pages\/19277\/revisions"}],"predecessor-version":[{"id":19294,"href":"https:\/\/galisur.es\/fr\/wp-json\/wp\/v2\/pages\/19277\/revisions\/19294"}],"up":[{"embeddable":true,"href":"https:\/\/galisur.es\/fr\/wp-json\/wp\/v2\/pages\/17531"}],"wp:attachment":[{"href":"https:\/\/galisur.es\/fr\/wp-json\/wp\/v2\/media?parent=19277"}],"curies":[{"name":"wp","href":"https:\/\/api.w.org\/{rel}","templated":true}]}}