{"id":17664,"date":"2022-10-03T12:23:13","date_gmt":"2022-10-03T10:23:13","guid":{"rendered":"https:\/\/nervous-gagarin.141-94-206-129.plesk.page\/journees-techniques\/"},"modified":"2025-06-30T10:28:07","modified_gmt":"2025-06-30T08:28:07","slug":"journees-techniques","status":"publish","type":"page","link":"https:\/\/galisur.es\/fr\/journees-techniques\/","title":{"rendered":"Journ\u00e9es techniques"},"content":{"rendered":"\t\t<div data-elementor-type=\"wp-page\" data-elementor-id=\"17664\" class=\"elementor elementor-17664 elementor-12146\" data-elementor-post-type=\"page\">\n\t\t\t\t<div class=\"elementor-element elementor-element-1470f92 e-flex e-con-boxed e-con e-parent\" data-id=\"1470f92\" data-element_type=\"container\" data-e-type=\"container\" data-settings=\"{&quot;background_background&quot;:&quot;classic&quot;}\">\n\t\t\t\t\t<div class=\"e-con-inner\">\n\t\t\t\t<div class=\"elementor-element elementor-element-2973f16 elementor-widget elementor-widget-spacer\" data-id=\"2973f16\" data-element_type=\"widget\" data-e-type=\"widget\" data-widget_type=\"spacer.default\">\n\t\t\t\t\t\t\t<div class=\"elementor-spacer\">\n\t\t\t<div class=\"elementor-spacer-inner\"><\/div>\n\t\t<\/div>\n\t\t\t\t\t\t<\/div>\n\t\t\t\t\t<\/div>\n\t\t\t\t<\/div>\n\t\t<div class=\"elementor-element elementor-element-b39959d e-flex e-con-boxed e-con e-parent\" data-id=\"b39959d\" data-element_type=\"container\" data-e-type=\"container\" data-settings=\"{&quot;background_background&quot;:&quot;classic&quot;}\">\n\t\t\t\t\t<div class=\"e-con-inner\">\n\t\t<div class=\"elementor-element elementor-element-48bf7cc e-con-full e-flex e-con e-child\" data-id=\"48bf7cc\" data-element_type=\"container\" data-e-type=\"container\">\n\t\t\t\t<div class=\"elementor-element elementor-element-a65b8ab elementor-widget elementor-widget-heading\" data-id=\"a65b8ab\" data-element_type=\"widget\" data-e-type=\"widget\" data-widget_type=\"heading.default\">\n\t\t\t\t\t<h2 class=\"elementor-heading-title elementor-size-default\">D\u00e9couvrez comment nous travaillons<\/h2>\t\t\t\t<\/div>\n\t\t\t\t<div class=\"elementor-element elementor-element-548f5f7 elementor-widget-mobile__width-inherit elementor-widget elementor-widget-heading\" data-id=\"548f5f7\" data-element_type=\"widget\" data-e-type=\"widget\" data-widget_type=\"heading.default\">\n\t\t\t\t\t<h1 class=\"elementor-heading-title elementor-size-default\">JOURN\u00c9ES TECHNIQUES<\/h1>\t\t\t\t<\/div>\n\t\t\t\t<\/div>\n\t\t<div class=\"elementor-element elementor-element-4d1d277 e-con-full e-flex e-con e-child\" data-id=\"4d1d277\" data-element_type=\"container\" data-e-type=\"container\">\n\t\t\t\t<div class=\"elementor-element elementor-element-effb31e elementor-widget elementor-widget-text-editor\" data-id=\"effb31e\" data-element_type=\"widget\" data-e-type=\"widget\" data-widget_type=\"text-editor.default\">\n\t\t\t\t\t\t\t\t\t<p>Chez <strong>Aluminios<\/strong> <strong>Galisur<\/strong>, nous avons plus de 40 ans d&rsquo;exp\u00e9rience dans <strong>l&rsquo;extrusion, le laquage<\/strong> et le <strong>profilage<\/strong> de l&rsquo;aluminium. Nous vous ouvrons les portes de notre d\u00e9l\u00e9gation de S\u00e9ville afin que vous puissiez nous rendre visite et en savoir plus sur l&rsquo;entreprise leader du secteur. <\/p>\n\t\t\t\t\t\t\t\t<\/div>\n\t\t\t\t<\/div>\n\t\t\t\t\t<\/div>\n\t\t\t\t<\/div>\n\t\t<div class=\"elementor-element elementor-element-146c1df e-flex e-con-boxed e-con e-parent\" data-id=\"146c1df\" data-element_type=\"container\" data-e-type=\"container\">\n\t\t\t\t\t<div class=\"e-con-inner\">\n\t\t\t\t<div class=\"elementor-element elementor-element-991377e elementor-widget elementor-widget-text-editor\" data-id=\"991377e\" data-element_type=\"widget\" data-e-type=\"widget\" data-widget_type=\"text-editor.default\">\n\t\t\t\t\t\t\t\t\t<p>Nous serions ravis de partager cet espace avec vous. Nous vous ouvrons les portes de notre showroom afin qu&rsquo;il devienne une source d&rsquo;inspiration pour de nouveaux projets entre designers, utilisateurs et installateurs, un espace qui nous permettra de continuer \u00e0 grandir. Vous pourrez \u00e9galement visiter nos bureaux et notre incroyable usine dot\u00e9e de la technologie la plus avanc\u00e9e d&rsquo;Espagne, voire d&rsquo;Europe. <\/p>\n<p>Au cours de cette journ\u00e9e, vous pourrez :<\/p>\n<ul>\n<li><strong>Visitez notre showroom moderne et complet<\/strong><\/li>\n<li><strong>D\u00e9couvrez nos installations<\/strong><\/li>\n<li><strong>Profitez d&rsquo;une visite guid\u00e9e de l&rsquo;usine<\/strong><\/li>\n<li><strong>D\u00e9couvrez les machines de production innovantes<\/strong><\/li>\n<li><strong>Comprendre le processus suivi par l&rsquo;aluminium depuis son entr\u00e9e jusqu&rsquo;\u00e0 sa sortie de nos installations.<\/strong><\/li>\n<li><strong>Plongez<\/strong> <strong>dans l&rsquo;histoire d&rsquo;Aluminios Galisur, depuis ses d\u00e9buts jusqu&rsquo;\u00e0 aujourd&rsquo;hui.<\/strong><\/li>\n<\/ul>\n\t\t\t\t\t\t\t\t<\/div>\n\t\t\t\t\t<\/div>\n\t\t\t\t<\/div>\n\t\t<div class=\"elementor-element elementor-element-d0a0502 e-flex e-con-boxed e-con e-parent\" data-id=\"d0a0502\" data-element_type=\"container\" data-e-type=\"container\" data-settings=\"{&quot;background_background&quot;:&quot;classic&quot;}\">\n\t\t\t\t\t<div class=\"e-con-inner\">\n\t\t<div class=\"elementor-element elementor-element-49b55c8 e-con-full e-flex e-con e-child\" data-id=\"49b55c8\" data-element_type=\"container\" data-e-type=\"container\">\n\t\t\t\t<div class=\"elementor-element elementor-element-ad17826 elementor-widget elementor-widget-image\" data-id=\"ad17826\" data-element_type=\"widget\" data-e-type=\"widget\" data-widget_type=\"image.default\">\n\t\t\t\t\t\t\t\t\t\t\t\t\t\t\t<img fetchpriority=\"high\" decoding=\"async\" width=\"4032\" height=\"3024\" src=\"https:\/\/galisur.es\/wp-content\/files\/visita-3.png\" class=\"attachment-full size-full wp-image-15766\" alt=\"visitar fabrica aluminio\" srcset=\"https:\/\/galisur.es\/wp-content\/files\/visita-3.png 4032w, https:\/\/galisur.es\/wp-content\/files\/visita-3-300x225.png 300w, https:\/\/galisur.es\/wp-content\/files\/visita-3-1024x768.png 1024w, https:\/\/galisur.es\/wp-content\/files\/visita-3-768x576.png 768w, https:\/\/galisur.es\/wp-content\/files\/visita-3-1536x1152.png 1536w, https:\/\/galisur.es\/wp-content\/files\/visita-3-2048x1536.png 2048w\" sizes=\"(max-width: 4032px) 100vw, 4032px\" title=\"\">\t\t\t\t\t\t\t\t\t\t\t\t\t\t\t<\/div>\n\t\t\t\t<\/div>\n\t\t<div class=\"elementor-element elementor-element-c94f27b e-con-full e-flex e-con e-child\" data-id=\"c94f27b\" data-element_type=\"container\" data-e-type=\"container\">\n\t\t\t\t<div class=\"elementor-element elementor-element-750ed5c elementor-widget elementor-widget-text-editor\" data-id=\"750ed5c\" data-element_type=\"widget\" data-e-type=\"widget\" data-widget_type=\"text-editor.default\">\n\t\t\t\t\t\t\t\t\t<p>Pour vous inscrire, veuillez remplir le formulaire suivant :<\/p>\n\t\t\t\t\t\t\t\t<\/div>\n\t\t\t\t<div class=\"elementor-element elementor-element-54f3562 elementor-button-align-start elementor-widget__width-inherit elementor-widget-mobile__width-inherit elementor-widget elementor-widget-form\" data-id=\"54f3562\" data-element_type=\"widget\" data-e-type=\"widget\" data-settings=\"{&quot;step_next_label&quot;:&quot;Suivant&quot;,&quot;step_previous_label&quot;:&quot;Pr\\u00e9c\\u00e9dent&quot;,&quot;button_width&quot;:&quot;100&quot;,&quot;step_type&quot;:&quot;number_text&quot;,&quot;step_icon_shape&quot;:&quot;circle&quot;}\" data-widget_type=\"form.default\">\n\t\t\t\t\t\t\t<form class=\"elementor-form\" method=\"post\" name=\"Journ\u00e9e visites\" aria-label=\"Journ\u00e9e visites\">\n\t\t\t<input type=\"hidden\" name=\"post_id\" value=\"17664\"\/>\n\t\t\t<input type=\"hidden\" name=\"form_id\" value=\"54f3562\"\/>\n\t\t\t<input type=\"hidden\" name=\"referer_title\" value=\"Journ\u00e9es techniques | Aluminios Galisur\" \/>\n\n\t\t\t\t\t\t\t<input type=\"hidden\" name=\"queried_id\" value=\"17664\"\/>\n\t\t\t\n\t\t\t<div class=\"elementor-form-fields-wrapper elementor-labels-\">\n\t\t\t\t\t\t\t\t<div class=\"elementor-field-type-text elementor-field-group elementor-column elementor-field-group-name elementor-col-50 elementor-md-100 elementor-field-required\">\n\t\t\t\t\t\t\t\t\t\t\t\t<label for=\"form-field-name\" class=\"elementor-field-label elementor-screen-only\">\n\t\t\t\t\t\t\t\tNom\t\t\t\t\t\t\t<\/label>\n\t\t\t\t\t\t\t\t\t\t\t\t\t\t<input size=\"1\" type=\"text\" name=\"form_fields[name]\" id=\"form-field-name\" class=\"elementor-field elementor-size-sm  elementor-field-textual\" placeholder=\"Nom\" required=\"required\">\n\t\t\t\t\t\t\t\t\t\t\t<\/div>\n\t\t\t\t\t\t\t\t<div class=\"elementor-field-type-email elementor-field-group elementor-column elementor-field-group-email elementor-col-50 elementor-md-100 elementor-field-required\">\n\t\t\t\t\t\t\t\t\t\t\t\t<label for=\"form-field-email\" class=\"elementor-field-label elementor-screen-only\">\n\t\t\t\t\t\t\t\tCourriel\t\t\t\t\t\t\t<\/label>\n\t\t\t\t\t\t\t\t\t\t\t\t\t\t<input size=\"1\" type=\"email\" name=\"form_fields[email]\" id=\"form-field-email\" class=\"elementor-field elementor-size-sm  elementor-field-textual\" placeholder=\"Courriel\" required=\"required\">\n\t\t\t\t\t\t\t\t\t\t\t<\/div>\n\t\t\t\t\t\t\t\t<div class=\"elementor-field-type-text elementor-field-group elementor-column elementor-field-group-field_d6fb849 elementor-col-50 elementor-md-100 elementor-field-required\">\n\t\t\t\t\t\t\t\t\t\t\t\t<label for=\"form-field-field_d6fb849\" class=\"elementor-field-label elementor-screen-only\">\n\t\t\t\t\t\t\t\tEntreprise\t\t\t\t\t\t\t<\/label>\n\t\t\t\t\t\t\t\t\t\t\t\t\t\t<input size=\"1\" type=\"text\" name=\"form_fields[field_d6fb849]\" id=\"form-field-field_d6fb849\" class=\"elementor-field elementor-size-sm  elementor-field-textual\" placeholder=\"Entreprise\" required=\"required\">\n\t\t\t\t\t\t\t\t\t\t\t<\/div>\n\t\t\t\t\t\t\t\t<div class=\"elementor-field-type-tel elementor-field-group elementor-column elementor-field-group-field_0d3493f elementor-col-50 elementor-md-100 elementor-field-required\">\n\t\t\t\t\t\t\t\t\t\t\t\t<label for=\"form-field-field_0d3493f\" class=\"elementor-field-label elementor-screen-only\">\n\t\t\t\t\t\t\t\tT\u00e9l\u00e9phone\t\t\t\t\t\t\t<\/label>\n\t\t\t\t\t\t\t\t<input size=\"1\" type=\"tel\" name=\"form_fields[field_0d3493f]\" id=\"form-field-field_0d3493f\" class=\"elementor-field elementor-size-sm  elementor-field-textual\" placeholder=\"T\u00e9l\u00e9phone\" required=\"required\" pattern=\"[0-9()#&amp;+*-=.]+\" title=\"Seuls les caract\u00e8res de num\u00e9ros de t\u00e9l\u00e9phone (#, -, *, etc.) sont accept\u00e9s.\">\n\n\t\t\t\t\t\t<\/div>\n\t\t\t\t\t\t\t\t<div class=\"elementor-field-type-text elementor-field-group elementor-column elementor-field-group-field_7f6c6b4 elementor-col-100 elementor-field-required\">\n\t\t\t\t\t\t\t\t\t\t\t\t<label for=\"form-field-field_7f6c6b4\" class=\"elementor-field-label elementor-screen-only\">\n\t\t\t\t\t\t\t\tVille\t\t\t\t\t\t\t<\/label>\n\t\t\t\t\t\t\t\t\t\t\t\t\t\t<input size=\"1\" type=\"text\" name=\"form_fields[field_7f6c6b4]\" id=\"form-field-field_7f6c6b4\" class=\"elementor-field elementor-size-sm  elementor-field-textual\" placeholder=\"Ville\" required=\"required\">\n\t\t\t\t\t\t\t\t\t\t\t<\/div>\n\t\t\t\t\t\t\t\t<div class=\"elementor-field-type-textarea elementor-field-group elementor-column elementor-field-group-field_51e0066 elementor-col-100 elementor-field-required\">\n\t\t\t\t\t\t\t\t\t\t\t\t<label for=\"form-field-field_51e0066\" class=\"elementor-field-label elementor-screen-only\">\n\t\t\t\t\t\t\t\tMessage\t\t\t\t\t\t\t<\/label>\n\t\t\t\t\t\t<textarea class=\"elementor-field-textual elementor-field  elementor-size-sm\" name=\"form_fields[field_51e0066]\" id=\"form-field-field_51e0066\" rows=\"4\" placeholder=\"Message\" required=\"required\"><\/textarea>\t\t\t\t<\/div>\n\t\t\t\t\t\t\t\t<div class=\"elementor-field-type-html elementor-field-group elementor-column elementor-field-group-field_14c4a72 elementor-col-100\">\n\t\t\t\t\tPROTECTION DES DONN\u00c9ES : Conform\u00e9ment \u00e0 la r\u00e9glementation en mati\u00e8re de protection des donn\u00e9es, nous vous fournissons les informations suivantes concernant le traitement :<br>Responsable : Galisur S.L. Finalit\u00e9s du traitement : maintenir une relation professionnelle et envoyer des communications sur nos produits ou services. <br>Droits dont vous disposez : acc\u00e8s, rectification, portabilit\u00e9, suppression, limitation et opposition.<br><br>Plus d'informations sur le traitement : <a href=\"\/wp-content\/uploads\/Politica-de-PRIVACIDAD-Galisur-SL.pdf\" target=\"_blank\">politique de confidentialit\u00e9<\/a> ou \u00e0 l'adresse <a href=\"mailto:info@galisur.es\">info@galisur.es<\/a>.\t\t\t\t<\/div>\n\t\t\t\t\t\t\t\t<div class=\"elementor-field-type-acceptance elementor-field-group elementor-column elementor-field-group-field_95dca0f elementor-col-100 elementor-field-required\">\n\t\t\t\t\t\t\t\t\t\t\t\t<label for=\"form-field-field_95dca0f\" class=\"elementor-field-label elementor-screen-only\">\n\t\t\t\t\t\t\t\tAcceptation l\u00e9gale\t\t\t\t\t\t\t<\/label>\n\t\t\t\t\t\t\t\t<div class=\"elementor-field-subgroup\">\n\t\t\t<span class=\"elementor-field-option\">\n\t\t\t\t<input type=\"checkbox\" name=\"form_fields[field_95dca0f]\" id=\"form-field-field_95dca0f\" class=\"elementor-field elementor-size-sm  elementor-acceptance-field\" required=\"required\">\n\t\t\t\t<label for=\"form-field-field_95dca0f\">J'accepte le traitement de mes donn\u00e9es pour l'envoi de communications sur les produits ou services.<\/label>\t\t\t<\/span>\n\t\t<\/div>\n\t\t\t\t\t\t<\/div>\n\t\t\t\t\t\t\t\t<div class=\"elementor-field-group elementor-column elementor-field-type-submit elementor-col-100 e-form__buttons\">\n\t\t\t\t\t<button class=\"elementor-button elementor-size-sm\" type=\"submit\">\n\t\t\t\t\t\t<span class=\"elementor-button-content-wrapper\">\n\t\t\t\t\t\t\t\t\t\t\t\t\t\t\t\t\t\t\t\t\t\t<span class=\"elementor-button-text\">Je souhaite une visite<\/span>\n\t\t\t\t\t\t\t\t\t\t\t\t\t<\/span>\n\t\t\t\t\t<\/button>\n\t\t\t\t<\/div>\n\t\t\t<\/div>\n\t\t<\/form>\n\t\t\t\t\t\t<\/div>\n\t\t\t\t<\/div>\n\t\t\t\t\t<\/div>\n\t\t\t\t<\/div>\n\t\t<div class=\"elementor-element elementor-element-c1e7e3b e-flex e-con-boxed e-con e-parent\" data-id=\"c1e7e3b\" data-element_type=\"container\" data-e-type=\"container\">\n\t\t\t\t\t<div class=\"e-con-inner\">\n\t\t<div class=\"elementor-element elementor-element-9b362db e-con-full e-flex e-con e-child\" data-id=\"9b362db\" data-element_type=\"container\" data-e-type=\"container\">\n\t\t\t\t<div class=\"elementor-element elementor-element-5a1ca4a elementor-widget elementor-widget-heading\" data-id=\"5a1ca4a\" data-element_type=\"widget\" data-e-type=\"widget\" data-widget_type=\"heading.default\">\n\t\t\t\t\t<h2 class=\"elementor-heading-title elementor-size-default\">Une exp\u00e9rience \u00e0 360\u00b0 qui ne vous laissera pas indiff\u00e9rent.<\/h2>\t\t\t\t<\/div>\n\t\t\t\t<div class=\"elementor-element elementor-element-b23e50e elementor-widget elementor-widget-text-editor\" data-id=\"b23e50e\" data-element_type=\"widget\" data-e-type=\"widget\" data-widget_type=\"text-editor.default\">\n\t\t\t\t\t\t\t\t\t<p>Si vous souhaitez en savoir plus sur Aluminios Galisur, c&rsquo;est sans aucun doute l&rsquo;occasion r\u00eav\u00e9e. Nous serons ravis de vous pr\u00e9senter individuellement tous les aspects de notre entreprise. <\/p>\n<p>D\u00e9couvrez les diff\u00e9rents d\u00e9partements qui font de la menuiserie Aluminios Galisur le num\u00e9ro 1 en termes de qualit\u00e9 et de prestations.<\/p>\n<p>Nous comptons 280 employ\u00e9s et disposons d&rsquo;une grande vari\u00e9t\u00e9 de d\u00e9partements. Venez nous rencontrer ! <\/p>\n\t\t\t\t\t\t\t\t<\/div>\n\t\t\t\t<\/div>\n\t\t<div class=\"elementor-element elementor-element-d03a892 e-con-full e-flex e-con e-child\" data-id=\"d03a892\" data-element_type=\"container\" data-e-type=\"container\">\n\t\t\t\t<div class=\"elementor-element elementor-element-91875d0 elementor-widget elementor-widget-image\" data-id=\"91875d0\" data-element_type=\"widget\" data-e-type=\"widget\" data-widget_type=\"image.default\">\n\t\t\t\t\t\t\t\t\t\t\t\t\t\t\t<img decoding=\"async\" width=\"4032\" height=\"3024\" src=\"https:\/\/galisur.es\/wp-content\/files\/visita-5.png\" class=\"attachment-full size-full wp-image-15774\" alt=\"visitar fabrica aluminio\" srcset=\"https:\/\/galisur.es\/wp-content\/files\/visita-5.png 4032w, https:\/\/galisur.es\/wp-content\/files\/visita-5-300x225.png 300w, https:\/\/galisur.es\/wp-content\/files\/visita-5-1024x768.png 1024w, https:\/\/galisur.es\/wp-content\/files\/visita-5-768x576.png 768w, https:\/\/galisur.es\/wp-content\/files\/visita-5-1536x1152.png 1536w, https:\/\/galisur.es\/wp-content\/files\/visita-5-2048x1536.png 2048w\" sizes=\"(max-width: 4032px) 100vw, 4032px\" title=\"\">\t\t\t\t\t\t\t\t\t\t\t\t\t\t\t<\/div>\n\t\t\t\t<\/div>\n\t\t\t\t\t<\/div>\n\t\t\t\t<\/div>\n\t\t\t\t<\/div>\n\t\t","protected":false},"excerpt":{"rendered":"<p>D\u00e9couvrez comment nous travaillons JOURN\u00c9ES TECHNIQUES Chez Aluminios Galisur, nous avons plus de 40 ans d&rsquo;exp\u00e9rience dans l&rsquo;extrusion, le laquage et le profilage de l&rsquo;aluminium. Nous vous ouvrons les portes de notre d\u00e9l\u00e9gation de S\u00e9ville afin que vous puissiez nous rendre visite et en savoir plus sur l&rsquo;entreprise leader du secteur. Nous serions ravis de [&hellip;]<\/p>\n","protected":false},"author":1998,"featured_media":15782,"parent":0,"menu_order":0,"comment_status":"closed","ping_status":"closed","template":"","meta":{"footnotes":""},"class_list":["post-17664","page","type-page","status-publish","has-post-thumbnail","hentry"],"yoast_head":"<!-- This site is optimized with the Yoast SEO plugin v27.2 - https:\/\/yoast.com\/product\/yoast-seo-wordpress\/ -->\n<title>Journ\u00e9es techniques | Aluminios Galisur<\/title>\n<meta name=\"description\" content=\"Visitez Aluminios Galisur \u00e0 S\u00e9ville | Entreprise leader dans le secteur de l&#039;aluminium. D\u00e9couvrez les machines innovantes et l&#039;usine dernier cri de PROYLAC.\" \/>\n<meta name=\"robots\" content=\"index, follow, max-snippet:-1, max-image-preview:large, max-video-preview:-1\" \/>\n<link rel=\"canonical\" href=\"https:\/\/galisur.es\/fr\/journees-techniques\/\" \/>\n<meta property=\"og:locale\" content=\"fr_FR\" \/>\n<meta property=\"og:type\" content=\"article\" \/>\n<meta property=\"og:title\" content=\"Journ\u00e9es techniques | Aluminios Galisur\" \/>\n<meta property=\"og:description\" content=\"Visitez Aluminios Galisur \u00e0 S\u00e9ville | Entreprise leader dans le secteur de l&#039;aluminium. D\u00e9couvrez les machines innovantes et l&#039;usine dernier cri de PROYLAC.\" \/>\n<meta property=\"og:url\" content=\"https:\/\/galisur.es\/fr\/journees-techniques\/\" \/>\n<meta property=\"og:site_name\" content=\"Aluminios Galisur\" \/>\n<meta property=\"article:publisher\" content=\"https:\/\/www.facebook.com\/AluminiosGalisur\" \/>\n<meta property=\"article:modified_time\" content=\"2025-06-30T08:28:07+00:00\" \/>\n<meta property=\"og:image\" content=\"https:\/\/galisur.es\/wp-content\/files\/cabcera-jornadas.png\" \/>\n\t<meta property=\"og:image:width\" content=\"1920\" \/>\n\t<meta property=\"og:image:height\" content=\"356\" \/>\n\t<meta property=\"og:image:type\" content=\"image\/png\" \/>\n<meta name=\"twitter:card\" content=\"summary_large_image\" \/>\n<meta name=\"twitter:site\" content=\"@AluminioGalisur\" \/>\n<meta name=\"twitter:label1\" content=\"Dur\u00e9e de lecture estim\u00e9e\" \/>\n\t<meta name=\"twitter:data1\" content=\"1 minute\" \/>\n<script type=\"application\/ld+json\" class=\"yoast-schema-graph\">{\"@context\":\"https:\/\/schema.org\",\"@graph\":[{\"@type\":\"WebPage\",\"@id\":\"https:\/\/galisur.es\/fr\/journees-techniques\/\",\"url\":\"https:\/\/galisur.es\/fr\/journees-techniques\/\",\"name\":\"Journ\u00e9es techniques | Aluminios Galisur\",\"isPartOf\":{\"@id\":\"https:\/\/galisur.es\/fr\/#website\"},\"primaryImageOfPage\":{\"@id\":\"https:\/\/galisur.es\/fr\/journees-techniques\/#primaryimage\"},\"image\":{\"@id\":\"https:\/\/galisur.es\/fr\/journees-techniques\/#primaryimage\"},\"thumbnailUrl\":\"https:\/\/galisur.es\/wp-content\/files\/cabcera-jornadas.png\",\"datePublished\":\"2022-10-03T10:23:13+00:00\",\"dateModified\":\"2025-06-30T08:28:07+00:00\",\"description\":\"Visitez Aluminios Galisur \u00e0 S\u00e9ville | Entreprise leader dans le secteur de l'aluminium. D\u00e9couvrez les machines innovantes et l'usine dernier cri de PROYLAC.\",\"breadcrumb\":{\"@id\":\"https:\/\/galisur.es\/fr\/journees-techniques\/#breadcrumb\"},\"inLanguage\":\"fr-FR\",\"potentialAction\":[{\"@type\":\"ReadAction\",\"target\":[\"https:\/\/galisur.es\/fr\/journees-techniques\/\"]}]},{\"@type\":\"ImageObject\",\"inLanguage\":\"fr-FR\",\"@id\":\"https:\/\/galisur.es\/fr\/journees-techniques\/#primaryimage\",\"url\":\"https:\/\/galisur.es\/wp-content\/files\/cabcera-jornadas.png\",\"contentUrl\":\"https:\/\/galisur.es\/wp-content\/files\/cabcera-jornadas.png\",\"width\":1920,\"height\":356},{\"@type\":\"BreadcrumbList\",\"@id\":\"https:\/\/galisur.es\/fr\/journees-techniques\/#breadcrumb\",\"itemListElement\":[{\"@type\":\"ListItem\",\"position\":1,\"name\":\"Portada\",\"item\":\"https:\/\/galisur.es\/fr\/\"},{\"@type\":\"ListItem\",\"position\":2,\"name\":\"Journ\u00e9es techniques\"}]},{\"@type\":\"WebSite\",\"@id\":\"https:\/\/galisur.es\/fr\/#website\",\"url\":\"https:\/\/galisur.es\/fr\/\",\"name\":\"Aluminios Galisur\",\"description\":\"Aluminios Galisur\",\"publisher\":{\"@id\":\"https:\/\/galisur.es\/fr\/#organization\"},\"potentialAction\":[{\"@type\":\"SearchAction\",\"target\":{\"@type\":\"EntryPoint\",\"urlTemplate\":\"https:\/\/galisur.es\/fr\/?s={search_term_string}\"},\"query-input\":{\"@type\":\"PropertyValueSpecification\",\"valueRequired\":true,\"valueName\":\"search_term_string\"}}],\"inLanguage\":\"fr-FR\"},{\"@type\":\"Organization\",\"@id\":\"https:\/\/galisur.es\/fr\/#organization\",\"name\":\"Galisur\",\"url\":\"https:\/\/galisur.es\/fr\/\",\"logo\":{\"@type\":\"ImageObject\",\"inLanguage\":\"fr-FR\",\"@id\":\"https:\/\/galisur.es\/fr\/#\/schema\/logo\/image\/\",\"url\":\"https:\/\/galisur.es\/wp-content\/files\/2021\/03\/logo-35x15-1.png\",\"contentUrl\":\"https:\/\/galisur.es\/wp-content\/files\/2021\/03\/logo-35x15-1.png\",\"width\":370,\"height\":176,\"caption\":\"Galisur\"},\"image\":{\"@id\":\"https:\/\/galisur.es\/fr\/#\/schema\/logo\/image\/\"},\"sameAs\":[\"https:\/\/www.facebook.com\/AluminiosGalisur\",\"https:\/\/x.com\/AluminioGalisur\"]}]}<\/script>\n<!-- \/ Yoast SEO plugin. -->","yoast_head_json":{"title":"Journ\u00e9es techniques | Aluminios Galisur","description":"Visitez Aluminios Galisur \u00e0 S\u00e9ville | Entreprise leader dans le secteur de l'aluminium. D\u00e9couvrez les machines innovantes et l'usine dernier cri de PROYLAC.","robots":{"index":"index","follow":"follow","max-snippet":"max-snippet:-1","max-image-preview":"max-image-preview:large","max-video-preview":"max-video-preview:-1"},"canonical":"https:\/\/galisur.es\/fr\/journees-techniques\/","og_locale":"fr_FR","og_type":"article","og_title":"Journ\u00e9es techniques | Aluminios Galisur","og_description":"Visitez Aluminios Galisur \u00e0 S\u00e9ville | Entreprise leader dans le secteur de l'aluminium. D\u00e9couvrez les machines innovantes et l'usine dernier cri de PROYLAC.","og_url":"https:\/\/galisur.es\/fr\/journees-techniques\/","og_site_name":"Aluminios Galisur","article_publisher":"https:\/\/www.facebook.com\/AluminiosGalisur","article_modified_time":"2025-06-30T08:28:07+00:00","og_image":[{"width":1920,"height":356,"url":"https:\/\/galisur.es\/wp-content\/files\/cabcera-jornadas.png","type":"image\/png"}],"twitter_card":"summary_large_image","twitter_site":"@AluminioGalisur","twitter_misc":{"Dur\u00e9e de lecture estim\u00e9e":"1 minute"},"schema":{"@context":"https:\/\/schema.org","@graph":[{"@type":"WebPage","@id":"https:\/\/galisur.es\/fr\/journees-techniques\/","url":"https:\/\/galisur.es\/fr\/journees-techniques\/","name":"Journ\u00e9es techniques | Aluminios Galisur","isPartOf":{"@id":"https:\/\/galisur.es\/fr\/#website"},"primaryImageOfPage":{"@id":"https:\/\/galisur.es\/fr\/journees-techniques\/#primaryimage"},"image":{"@id":"https:\/\/galisur.es\/fr\/journees-techniques\/#primaryimage"},"thumbnailUrl":"https:\/\/galisur.es\/wp-content\/files\/cabcera-jornadas.png","datePublished":"2022-10-03T10:23:13+00:00","dateModified":"2025-06-30T08:28:07+00:00","description":"Visitez Aluminios Galisur \u00e0 S\u00e9ville | Entreprise leader dans le secteur de l'aluminium. D\u00e9couvrez les machines innovantes et l'usine dernier cri de PROYLAC.","breadcrumb":{"@id":"https:\/\/galisur.es\/fr\/journees-techniques\/#breadcrumb"},"inLanguage":"fr-FR","potentialAction":[{"@type":"ReadAction","target":["https:\/\/galisur.es\/fr\/journees-techniques\/"]}]},{"@type":"ImageObject","inLanguage":"fr-FR","@id":"https:\/\/galisur.es\/fr\/journees-techniques\/#primaryimage","url":"https:\/\/galisur.es\/wp-content\/files\/cabcera-jornadas.png","contentUrl":"https:\/\/galisur.es\/wp-content\/files\/cabcera-jornadas.png","width":1920,"height":356},{"@type":"BreadcrumbList","@id":"https:\/\/galisur.es\/fr\/journees-techniques\/#breadcrumb","itemListElement":[{"@type":"ListItem","position":1,"name":"Portada","item":"https:\/\/galisur.es\/fr\/"},{"@type":"ListItem","position":2,"name":"Journ\u00e9es techniques"}]},{"@type":"WebSite","@id":"https:\/\/galisur.es\/fr\/#website","url":"https:\/\/galisur.es\/fr\/","name":"Aluminios Galisur","description":"Aluminios Galisur","publisher":{"@id":"https:\/\/galisur.es\/fr\/#organization"},"potentialAction":[{"@type":"SearchAction","target":{"@type":"EntryPoint","urlTemplate":"https:\/\/galisur.es\/fr\/?s={search_term_string}"},"query-input":{"@type":"PropertyValueSpecification","valueRequired":true,"valueName":"search_term_string"}}],"inLanguage":"fr-FR"},{"@type":"Organization","@id":"https:\/\/galisur.es\/fr\/#organization","name":"Galisur","url":"https:\/\/galisur.es\/fr\/","logo":{"@type":"ImageObject","inLanguage":"fr-FR","@id":"https:\/\/galisur.es\/fr\/#\/schema\/logo\/image\/","url":"https:\/\/galisur.es\/wp-content\/files\/2021\/03\/logo-35x15-1.png","contentUrl":"https:\/\/galisur.es\/wp-content\/files\/2021\/03\/logo-35x15-1.png","width":370,"height":176,"caption":"Galisur"},"image":{"@id":"https:\/\/galisur.es\/fr\/#\/schema\/logo\/image\/"},"sameAs":["https:\/\/www.facebook.com\/AluminiosGalisur","https:\/\/x.com\/AluminioGalisur"]}]}},"_links":{"self":[{"href":"https:\/\/galisur.es\/fr\/wp-json\/wp\/v2\/pages\/17664","targetHints":{"allow":["GET"]}}],"collection":[{"href":"https:\/\/galisur.es\/fr\/wp-json\/wp\/v2\/pages"}],"about":[{"href":"https:\/\/galisur.es\/fr\/wp-json\/wp\/v2\/types\/page"}],"author":[{"embeddable":true,"href":"https:\/\/galisur.es\/fr\/wp-json\/wp\/v2\/users\/1998"}],"replies":[{"embeddable":true,"href":"https:\/\/galisur.es\/fr\/wp-json\/wp\/v2\/comments?post=17664"}],"version-history":[{"count":2,"href":"https:\/\/galisur.es\/fr\/wp-json\/wp\/v2\/pages\/17664\/revisions"}],"predecessor-version":[{"id":18980,"href":"https:\/\/galisur.es\/fr\/wp-json\/wp\/v2\/pages\/17664\/revisions\/18980"}],"wp:featuredmedia":[{"embeddable":true,"href":"https:\/\/galisur.es\/fr\/wp-json\/wp\/v2\/media\/15782"}],"wp:attachment":[{"href":"https:\/\/galisur.es\/fr\/wp-json\/wp\/v2\/media?parent=17664"}],"curies":[{"name":"wp","href":"https:\/\/api.w.org\/{rel}","templated":true}]}}