{"id":17606,"date":"2023-10-10T12:57:53","date_gmt":"2023-10-10T10:57:53","guid":{"rendered":"https:\/\/nervous-gagarin.141-94-206-129.plesk.page\/canal-de-denonciation\/"},"modified":"2025-06-24T16:52:08","modified_gmt":"2025-06-24T14:52:08","slug":"canal-de-denonciation","status":"publish","type":"page","link":"https:\/\/galisur.es\/fr\/canal-de-denonciation\/","title":{"rendered":"Canal de d\u00e9nonciation"},"content":{"rendered":"\t\t<div data-elementor-type=\"wp-page\" data-elementor-id=\"17606\" class=\"elementor elementor-17606 elementor-13038\" data-elementor-post-type=\"page\">\n\t\t\t\t<div class=\"elementor-element elementor-element-6e0a4f2 e-flex e-con-boxed e-con e-parent\" data-id=\"6e0a4f2\" data-element_type=\"container\" data-e-type=\"container\" data-settings=\"{&quot;background_background&quot;:&quot;classic&quot;}\">\n\t\t\t\t\t<div class=\"e-con-inner\">\n\t\t\t\t<div class=\"elementor-element elementor-element-659c5a4 elementor-widget elementor-widget-heading\" data-id=\"659c5a4\" data-element_type=\"widget\" data-e-type=\"widget\" data-widget_type=\"heading.default\">\n\t\t\t\t\t<h1 class=\"elementor-heading-title elementor-size-default\">Canal de d\u00e9nonciation<\/h1>\t\t\t\t<\/div>\n\t\t\t\t\t<\/div>\n\t\t\t\t<\/div>\n\t\t<div class=\"elementor-element elementor-element-a3c6e3d e-flex e-con-boxed e-con e-parent\" data-id=\"a3c6e3d\" data-element_type=\"container\" data-e-type=\"container\">\n\t\t\t\t\t<div class=\"e-con-inner\">\n\t\t\t\t<div class=\"elementor-element elementor-element-12542d5 elementor-widget__width-initial elementor-widget-tablet__width-inherit elementor-widget elementor-widget-text-editor\" data-id=\"12542d5\" data-element_type=\"widget\" data-e-type=\"widget\" data-widget_type=\"text-editor.default\">\n\t\t\t\t\t\t\t\t\t<p><iframe class=\"wp-embedded-content\" sandbox=\"allow-scripts\" security=\"restricted\" height=\"1000px\" src=\"https:\/\/oembed.jotform.com\/232831016623347#?secret=VcEYG6wdxt\" data-secret=\"VcEYG6wdxt\"><\/iframe><\/p>\t\t\t\t\t\t\t\t<\/div>\n\t\t\t\t\t<\/div>\n\t\t\t\t<\/div>\n\t\t\t\t<\/div>\n\t\t","protected":false},"excerpt":{"rendered":"<p>Canal de d\u00e9nonciation<\/p>\n","protected":false},"author":18,"featured_media":0,"parent":0,"menu_order":6,"comment_status":"closed","ping_status":"closed","template":"","meta":{"footnotes":""},"class_list":["post-17606","page","type-page","status-publish","hentry"],"yoast_head":"<!-- This site is optimized with the Yoast SEO plugin v27.2 - https:\/\/yoast.com\/product\/yoast-seo-wordpress\/ -->\n<title>Canal de d\u00e9nonciation | Leaders du secteur de l&#039;aluminium<\/title>\n<meta name=\"description\" content=\"Plus de 40 ans d&#039;exp\u00e9rience dans le domaine des profil\u00e9s en aluminium. Vous avez un projet ? Nous vous conseillons en vous garantissant design, qualit\u00e9, s\u00e9curit\u00e9 et confort.\" \/>\n<meta name=\"robots\" content=\"index, follow, max-snippet:-1, max-image-preview:large, max-video-preview:-1\" \/>\n<link rel=\"canonical\" href=\"https:\/\/galisur.es\/fr\/canal-de-denonciation\/\" \/>\n<meta property=\"og:locale\" content=\"fr_FR\" \/>\n<meta property=\"og:type\" content=\"article\" \/>\n<meta property=\"og:title\" content=\"Canal de d\u00e9nonciation | Leaders du secteur de l&#039;aluminium\" \/>\n<meta property=\"og:description\" content=\"Plus de 40 ans d&#039;exp\u00e9rience dans le domaine des profil\u00e9s en aluminium. Vous avez un projet ? Nous vous conseillons en vous garantissant design, qualit\u00e9, s\u00e9curit\u00e9 et confort.\" \/>\n<meta property=\"og:url\" content=\"https:\/\/galisur.es\/fr\/canal-de-denonciation\/\" \/>\n<meta property=\"og:site_name\" content=\"Aluminios Galisur\" \/>\n<meta property=\"article:publisher\" content=\"https:\/\/www.facebook.com\/AluminiosGalisur\" \/>\n<meta property=\"article:modified_time\" content=\"2025-06-24T14:52:08+00:00\" \/>\n<meta name=\"twitter:card\" content=\"summary_large_image\" \/>\n<meta name=\"twitter:site\" content=\"@AluminioGalisur\" \/>\n<script type=\"application\/ld+json\" class=\"yoast-schema-graph\">{\"@context\":\"https:\/\/schema.org\",\"@graph\":[{\"@type\":\"WebPage\",\"@id\":\"https:\/\/galisur.es\/fr\/canal-de-denonciation\/\",\"url\":\"https:\/\/galisur.es\/fr\/canal-de-denonciation\/\",\"name\":\"Canal de d\u00e9nonciation | Leaders du secteur de l'aluminium\",\"isPartOf\":{\"@id\":\"https:\/\/galisur.es\/fr\/#website\"},\"datePublished\":\"2023-10-10T10:57:53+00:00\",\"dateModified\":\"2025-06-24T14:52:08+00:00\",\"description\":\"Plus de 40 ans d'exp\u00e9rience dans le domaine des profil\u00e9s en aluminium. Vous avez un projet ? Nous vous conseillons en vous garantissant design, qualit\u00e9, s\u00e9curit\u00e9 et confort.\",\"breadcrumb\":{\"@id\":\"https:\/\/galisur.es\/fr\/canal-de-denonciation\/#breadcrumb\"},\"inLanguage\":\"fr-FR\",\"potentialAction\":[{\"@type\":\"ReadAction\",\"target\":[\"https:\/\/galisur.es\/fr\/canal-de-denonciation\/\"]}]},{\"@type\":\"BreadcrumbList\",\"@id\":\"https:\/\/galisur.es\/fr\/canal-de-denonciation\/#breadcrumb\",\"itemListElement\":[{\"@type\":\"ListItem\",\"position\":1,\"name\":\"Portada\",\"item\":\"https:\/\/galisur.es\/fr\/\"},{\"@type\":\"ListItem\",\"position\":2,\"name\":\"Canal de d\u00e9nonciation\"}]},{\"@type\":\"WebSite\",\"@id\":\"https:\/\/galisur.es\/fr\/#website\",\"url\":\"https:\/\/galisur.es\/fr\/\",\"name\":\"Aluminios Galisur\",\"description\":\"Aluminios Galisur\",\"publisher\":{\"@id\":\"https:\/\/galisur.es\/fr\/#organization\"},\"potentialAction\":[{\"@type\":\"SearchAction\",\"target\":{\"@type\":\"EntryPoint\",\"urlTemplate\":\"https:\/\/galisur.es\/fr\/?s={search_term_string}\"},\"query-input\":{\"@type\":\"PropertyValueSpecification\",\"valueRequired\":true,\"valueName\":\"search_term_string\"}}],\"inLanguage\":\"fr-FR\"},{\"@type\":\"Organization\",\"@id\":\"https:\/\/galisur.es\/fr\/#organization\",\"name\":\"Galisur\",\"url\":\"https:\/\/galisur.es\/fr\/\",\"logo\":{\"@type\":\"ImageObject\",\"inLanguage\":\"fr-FR\",\"@id\":\"https:\/\/galisur.es\/fr\/#\/schema\/logo\/image\/\",\"url\":\"https:\/\/galisur.es\/wp-content\/files\/2021\/03\/logo-35x15-1.png\",\"contentUrl\":\"https:\/\/galisur.es\/wp-content\/files\/2021\/03\/logo-35x15-1.png\",\"width\":370,\"height\":176,\"caption\":\"Galisur\"},\"image\":{\"@id\":\"https:\/\/galisur.es\/fr\/#\/schema\/logo\/image\/\"},\"sameAs\":[\"https:\/\/www.facebook.com\/AluminiosGalisur\",\"https:\/\/x.com\/AluminioGalisur\"]}]}<\/script>\n<!-- \/ Yoast SEO plugin. -->","yoast_head_json":{"title":"Canal de d\u00e9nonciation | Leaders du secteur de l'aluminium","description":"Plus de 40 ans d'exp\u00e9rience dans le domaine des profil\u00e9s en aluminium. Vous avez un projet ? Nous vous conseillons en vous garantissant design, qualit\u00e9, s\u00e9curit\u00e9 et confort.","robots":{"index":"index","follow":"follow","max-snippet":"max-snippet:-1","max-image-preview":"max-image-preview:large","max-video-preview":"max-video-preview:-1"},"canonical":"https:\/\/galisur.es\/fr\/canal-de-denonciation\/","og_locale":"fr_FR","og_type":"article","og_title":"Canal de d\u00e9nonciation | Leaders du secteur de l'aluminium","og_description":"Plus de 40 ans d'exp\u00e9rience dans le domaine des profil\u00e9s en aluminium. Vous avez un projet ? Nous vous conseillons en vous garantissant design, qualit\u00e9, s\u00e9curit\u00e9 et confort.","og_url":"https:\/\/galisur.es\/fr\/canal-de-denonciation\/","og_site_name":"Aluminios Galisur","article_publisher":"https:\/\/www.facebook.com\/AluminiosGalisur","article_modified_time":"2025-06-24T14:52:08+00:00","twitter_card":"summary_large_image","twitter_site":"@AluminioGalisur","schema":{"@context":"https:\/\/schema.org","@graph":[{"@type":"WebPage","@id":"https:\/\/galisur.es\/fr\/canal-de-denonciation\/","url":"https:\/\/galisur.es\/fr\/canal-de-denonciation\/","name":"Canal de d\u00e9nonciation | Leaders du secteur de l'aluminium","isPartOf":{"@id":"https:\/\/galisur.es\/fr\/#website"},"datePublished":"2023-10-10T10:57:53+00:00","dateModified":"2025-06-24T14:52:08+00:00","description":"Plus de 40 ans d'exp\u00e9rience dans le domaine des profil\u00e9s en aluminium. Vous avez un projet ? Nous vous conseillons en vous garantissant design, qualit\u00e9, s\u00e9curit\u00e9 et confort.","breadcrumb":{"@id":"https:\/\/galisur.es\/fr\/canal-de-denonciation\/#breadcrumb"},"inLanguage":"fr-FR","potentialAction":[{"@type":"ReadAction","target":["https:\/\/galisur.es\/fr\/canal-de-denonciation\/"]}]},{"@type":"BreadcrumbList","@id":"https:\/\/galisur.es\/fr\/canal-de-denonciation\/#breadcrumb","itemListElement":[{"@type":"ListItem","position":1,"name":"Portada","item":"https:\/\/galisur.es\/fr\/"},{"@type":"ListItem","position":2,"name":"Canal de d\u00e9nonciation"}]},{"@type":"WebSite","@id":"https:\/\/galisur.es\/fr\/#website","url":"https:\/\/galisur.es\/fr\/","name":"Aluminios Galisur","description":"Aluminios Galisur","publisher":{"@id":"https:\/\/galisur.es\/fr\/#organization"},"potentialAction":[{"@type":"SearchAction","target":{"@type":"EntryPoint","urlTemplate":"https:\/\/galisur.es\/fr\/?s={search_term_string}"},"query-input":{"@type":"PropertyValueSpecification","valueRequired":true,"valueName":"search_term_string"}}],"inLanguage":"fr-FR"},{"@type":"Organization","@id":"https:\/\/galisur.es\/fr\/#organization","name":"Galisur","url":"https:\/\/galisur.es\/fr\/","logo":{"@type":"ImageObject","inLanguage":"fr-FR","@id":"https:\/\/galisur.es\/fr\/#\/schema\/logo\/image\/","url":"https:\/\/galisur.es\/wp-content\/files\/2021\/03\/logo-35x15-1.png","contentUrl":"https:\/\/galisur.es\/wp-content\/files\/2021\/03\/logo-35x15-1.png","width":370,"height":176,"caption":"Galisur"},"image":{"@id":"https:\/\/galisur.es\/fr\/#\/schema\/logo\/image\/"},"sameAs":["https:\/\/www.facebook.com\/AluminiosGalisur","https:\/\/x.com\/AluminioGalisur"]}]}},"_links":{"self":[{"href":"https:\/\/galisur.es\/fr\/wp-json\/wp\/v2\/pages\/17606","targetHints":{"allow":["GET"]}}],"collection":[{"href":"https:\/\/galisur.es\/fr\/wp-json\/wp\/v2\/pages"}],"about":[{"href":"https:\/\/galisur.es\/fr\/wp-json\/wp\/v2\/types\/page"}],"author":[{"embeddable":true,"href":"https:\/\/galisur.es\/fr\/wp-json\/wp\/v2\/users\/18"}],"replies":[{"embeddable":true,"href":"https:\/\/galisur.es\/fr\/wp-json\/wp\/v2\/comments?post=17606"}],"version-history":[{"count":1,"href":"https:\/\/galisur.es\/fr\/wp-json\/wp\/v2\/pages\/17606\/revisions"}],"predecessor-version":[{"id":17607,"href":"https:\/\/galisur.es\/fr\/wp-json\/wp\/v2\/pages\/17606\/revisions\/17607"}],"wp:attachment":[{"href":"https:\/\/galisur.es\/fr\/wp-json\/wp\/v2\/media?parent=17606"}],"curies":[{"name":"wp","href":"https:\/\/api.w.org\/{rel}","templated":true}]}}