{"id":17571,"date":"2021-03-24T14:24:27","date_gmt":"2021-03-24T13:24:27","guid":{"rendered":"https:\/\/nervous-gagarin.141-94-206-129.plesk.page\/tout-en-verre\/cc83\/"},"modified":"2025-06-24T16:12:27","modified_gmt":"2025-06-24T14:12:27","slug":"cc83","status":"publish","type":"page","link":"https:\/\/galisur.es\/fr\/tout-en-verre\/cc83\/","title":{"rendered":"CC83"},"content":{"rendered":"\t\t<div data-elementor-type=\"wp-page\" data-elementor-id=\"17571\" class=\"elementor elementor-17571 elementor-7133\" data-elementor-post-type=\"page\">\n\t\t\t\t<div class=\"elementor-element elementor-element-950524b e-flex e-con-boxed e-con e-parent\" data-id=\"950524b\" data-element_type=\"container\" data-e-type=\"container\">\n\t\t\t\t\t<div class=\"e-con-inner\">\n\t\t<div class=\"elementor-element elementor-element-9ebb2e2 e-con-full e-flex e-con e-child\" data-id=\"9ebb2e2\" data-element_type=\"container\" data-e-type=\"container\">\n\t\t\t\t<div class=\"elementor-element elementor-element-3f94a26 elementor-widget elementor-widget-image\" data-id=\"3f94a26\" data-element_type=\"widget\" data-e-type=\"widget\" data-widget_type=\"image.default\">\n\t\t\t\t\t\t\t\t\t\t\t\t\t\t\t<img fetchpriority=\"high\" decoding=\"async\" width=\"1200\" height=\"1200\" src=\"https:\/\/galisur.es\/wp-content\/files\/CC83-crema.png\" class=\"attachment-full size-full wp-image-16666\" alt=\"\" srcset=\"https:\/\/galisur.es\/wp-content\/files\/CC83-crema.png 1200w, https:\/\/galisur.es\/wp-content\/files\/CC83-crema-300x300.png 300w, https:\/\/galisur.es\/wp-content\/files\/CC83-crema-1024x1024.png 1024w, https:\/\/galisur.es\/wp-content\/files\/CC83-crema-150x150.png 150w, https:\/\/galisur.es\/wp-content\/files\/CC83-crema-768x768.png 768w, https:\/\/galisur.es\/wp-content\/files\/CC83-crema-800x800.png 800w\" sizes=\"(max-width: 1200px) 100vw, 1200px\" title=\"\">\t\t\t\t\t\t\t\t\t\t\t\t\t\t\t<\/div>\n\t\t\t\t<\/div>\n\t\t<div class=\"elementor-element elementor-element-adcad81 e-con-full e-flex e-con e-child\" data-id=\"adcad81\" data-element_type=\"container\" data-e-type=\"container\">\n\t\t\t\t<div class=\"elementor-element elementor-element-f5a59cc elementor-widget elementor-widget-heading\" data-id=\"f5a59cc\" data-element_type=\"widget\" data-e-type=\"widget\" data-widget_type=\"heading.default\">\n\t\t\t\t\t<h1 class=\"elementor-heading-title elementor-size-default\">CC83 D'INT\u00c9RIEUR<\/h1>\t\t\t\t<\/div>\n\t\t\t\t<div class=\"elementor-element elementor-element-dd1bc70 elementor-widget elementor-widget-text-editor\" data-id=\"dd1bc70\" data-element_type=\"widget\" data-e-type=\"widget\" data-widget_type=\"text-editor.default\">\n\t\t\t\t\t\t\t\t\t<p>Syst\u00e8me coulissant ext\u00e9rieur \u00e0 coupe droite de 82 mm de cadre sur rails. Vitrage en verre tremp\u00e9 de 10 mm. 5+5 lamin\u00e9. Ferrures avec fermeture multipoint. Joints d&rsquo;\u00e9tanch\u00e9it\u00e9 avec bas de porte en feuille assurant la qualit\u00e9 de la fermeture.    <\/p><p>Options :<\/p><ul><li aria-level=\"1\">Option cadre inf\u00e9rieur plat<\/li><li aria-level=\"1\">Voies suppl\u00e9mentaires<\/li><li aria-level=\"1\">Blocage des feuilles interm\u00e9diaires \u00e0 l&rsquo;aide de points de fermeture \u00e0 cl\u00e9.<\/li><li aria-level=\"1\">Feuille lat\u00e9rale multipoint compatible avec diff\u00e9rents mod\u00e8les de poign\u00e9es et de tirettes<\/li><\/ul>\t\t\t\t\t\t\t\t<\/div>\n\t\t\t\t<\/div>\n\t\t\t\t\t<\/div>\n\t\t\t\t<\/div>\n\t\t<div class=\"elementor-element elementor-element-6a4c874 e-flex e-con-boxed e-con e-parent\" data-id=\"6a4c874\" data-element_type=\"container\" data-e-type=\"container\" data-settings=\"{&quot;background_background&quot;:&quot;classic&quot;}\">\n\t\t\t\t\t<div class=\"e-con-inner\">\n\t\t<div class=\"elementor-element elementor-element-3538b69 e-con-full e-flex e-con e-child\" data-id=\"3538b69\" data-element_type=\"container\" data-e-type=\"container\">\n\t\t\t\t<div class=\"elementor-element elementor-element-f2313b5 elementor-widget elementor-widget-heading\" data-id=\"f2313b5\" data-element_type=\"widget\" data-e-type=\"widget\" data-widget_type=\"heading.default\">\n\t\t\t\t\t<p class=\"elementor-heading-title elementor-size-default\">Fiche technique<\/p>\t\t\t\t<\/div>\n\t\t\t\t<div class=\"elementor-element elementor-element-738a393 elementor-widget elementor-widget-text-editor\" data-id=\"738a393\" data-element_type=\"widget\" data-e-type=\"widget\" data-widget_type=\"text-editor.default\">\n\t\t\t\t\t\t\t\t\t<p><a href=\"https:\/\/galisur.es\/fr\/enregistrement\/\">Inscrivez-vous ici<\/a> pour acc\u00e9der au document.<\/p>\t\t\t\t\t\t\t\t<\/div>\n\t\t\t\t<\/div>\n\t\t<div class=\"elementor-element elementor-element-1a2dd2e e-con-full e-flex e-con e-child\" data-id=\"1a2dd2e\" data-element_type=\"container\" data-e-type=\"container\">\n\t\t\t\t<div class=\"elementor-element elementor-element-d67fcd7 elementor-widget elementor-widget-heading\" data-id=\"d67fcd7\" data-element_type=\"widget\" data-e-type=\"widget\" data-widget_type=\"heading.default\">\n\t\t\t\t\t<p class=\"elementor-heading-title elementor-size-default\">Catalogue<\/p>\t\t\t\t<\/div>\n\t\t\t\t<div class=\"elementor-element elementor-element-5a03c17 elementor-widget elementor-widget-text-editor\" data-id=\"5a03c17\" data-element_type=\"widget\" data-e-type=\"widget\" data-widget_type=\"text-editor.default\">\n\t\t\t\t\t\t\t\t\t<p><a href=\"https:\/\/galisur.es\/fr\/enregistrement\/\">Inscrivez-vous ici<\/a> pour acc\u00e9der au document.<\/p>\t\t\t\t\t\t\t\t<\/div>\n\t\t\t\t<\/div>\n\t\t\t\t\t<\/div>\n\t\t\t\t<\/div>\n\t\t<div class=\"elementor-element elementor-element-560fd26 e-flex e-con-boxed e-con e-parent\" data-id=\"560fd26\" data-element_type=\"container\" data-e-type=\"container\">\n\t\t\t\t\t<div class=\"e-con-inner\">\n\t\t<div class=\"elementor-element elementor-element-7d6eba2 e-con-full e-flex e-con e-child\" data-id=\"7d6eba2\" data-element_type=\"container\" data-e-type=\"container\">\n\t\t\t\t<div class=\"elementor-element elementor-element-fae1efa elementor-widget elementor-widget-image\" data-id=\"fae1efa\" data-element_type=\"widget\" data-e-type=\"widget\" data-widget_type=\"image.default\">\n\t\t\t\t\t\t\t\t\t\t\t\t\t\t\t<img decoding=\"async\" width=\"1200\" height=\"1200\" src=\"https:\/\/galisur.es\/wp-content\/files\/CC83-detalle-crema.png\" class=\"attachment-full size-full wp-image-16670\" alt=\"\" srcset=\"https:\/\/galisur.es\/wp-content\/files\/CC83-detalle-crema.png 1200w, https:\/\/galisur.es\/wp-content\/files\/CC83-detalle-crema-300x300.png 300w, https:\/\/galisur.es\/wp-content\/files\/CC83-detalle-crema-1024x1024.png 1024w, https:\/\/galisur.es\/wp-content\/files\/CC83-detalle-crema-150x150.png 150w, https:\/\/galisur.es\/wp-content\/files\/CC83-detalle-crema-768x768.png 768w, https:\/\/galisur.es\/wp-content\/files\/CC83-detalle-crema-800x800.png 800w\" sizes=\"(max-width: 1200px) 100vw, 1200px\" title=\"\">\t\t\t\t\t\t\t\t\t\t\t\t\t\t\t<\/div>\n\t\t\t\t<\/div>\n\t\t<div class=\"elementor-element elementor-element-0616c90 e-con-full e-flex e-con e-child\" data-id=\"0616c90\" data-element_type=\"container\" data-e-type=\"container\">\n\t\t\t\t<div class=\"elementor-element elementor-element-df82ba4 elementor-widget elementor-widget-heading\" data-id=\"df82ba4\" data-element_type=\"widget\" data-e-type=\"widget\" data-widget_type=\"heading.default\">\n\t\t\t\t\t<h2 class=\"elementor-heading-title elementor-size-default\">Classification des essais<\/h2>\t\t\t\t<\/div>\n\t\t\t\t<div class=\"elementor-element elementor-element-5544db1 elementor-widget elementor-widget-n-accordion\" data-id=\"5544db1\" data-element_type=\"widget\" data-e-type=\"widget\" data-settings=\"{&quot;default_state&quot;:&quot;expanded&quot;,&quot;max_items_expended&quot;:&quot;one&quot;,&quot;n_accordion_animation_duration&quot;:{&quot;unit&quot;:&quot;ms&quot;,&quot;size&quot;:400,&quot;sizes&quot;:[]}}\" data-widget_type=\"nested-accordion.default\">\n\t\t\t\t\t\t\t<div class=\"e-n-accordion\" aria-label=\"Accordion. Open links with Enter or Space, close with Escape, and navigate with Arrow Keys\">\n\t\t\t\t\t\t<details id=\"e-n-accordion-item-8940\" class=\"e-n-accordion-item\" open>\n\t\t\t\t<summary class=\"e-n-accordion-item-title\" data-accordion-index=\"1\" tabindex=\"0\" aria-expanded=\"true\" aria-controls=\"e-n-accordion-item-8940\" >\n\t\t\t\t\t<span class='e-n-accordion-item-title-header'><div class=\"e-n-accordion-item-title-text\"> R\u00e9sistance au vent <\/div><\/span>\n\t\t\t\t\t\t\t<span class='e-n-accordion-item-title-icon'>\n\t\t\t<span class='e-opened' ><svg aria-hidden=\"true\" class=\"e-font-icon-svg e-fas-minus\" viewBox=\"0 0 448 512\" xmlns=\"http:\/\/www.w3.org\/2000\/svg\"><path d=\"M416 208H32c-17.67 0-32 14.33-32 32v32c0 17.67 14.33 32 32 32h384c17.67 0 32-14.33 32-32v-32c0-17.67-14.33-32-32-32z\"><\/path><\/svg><\/span>\n\t\t\t<span class='e-closed'><svg aria-hidden=\"true\" class=\"e-font-icon-svg e-fas-plus\" viewBox=\"0 0 448 512\" xmlns=\"http:\/\/www.w3.org\/2000\/svg\"><path d=\"M416 208H272V64c0-17.67-14.33-32-32-32h-32c-17.67 0-32 14.33-32 32v144H32c-17.67 0-32 14.33-32 32v32c0 17.67 14.33 32 32 32h144v144c0 17.67 14.33 32 32 32h32c17.67 0 32-14.33 32-32V304h144c17.67 0 32-14.33 32-32v-32c0-17.67-14.33-32-32-32z\"><\/path><\/svg><\/span>\n\t\t<\/span>\n\n\t\t\t\t\t\t<\/summary>\n\t\t\t\t<div role=\"region\" aria-labelledby=\"e-n-accordion-item-8940\" class=\"elementor-element elementor-element-5f89ba5 e-con-full e-flex e-con e-child\" data-id=\"5f89ba5\" data-element_type=\"container\" data-e-type=\"container\">\n\t\t\t\t<div class=\"elementor-element elementor-element-105ff20 elementor-widget elementor-widget-text-editor\" data-id=\"105ff20\" data-element_type=\"widget\" data-e-type=\"widget\" data-widget_type=\"text-editor.default\">\n\t\t\t\t\t\t\t\t\t<p dir=\"ltr\">R\u00e9sistance aux charges dues au vent<\/p><p dir=\"ltr\">Classe 5 (UNE-EN 1932:2014)<\/p>\t\t\t\t\t\t\t\t<\/div>\n\t\t\t\t<\/div>\n\t\t\t\t\t<\/details>\n\t\t\t\t\t<\/div>\n\t\t\t\t\t\t<\/div>\n\t\t\t\t<\/div>\n\t\t\t\t\t<\/div>\n\t\t\t\t<\/div>\n\t\t<div class=\"elementor-element elementor-element-7ad01f1 e-flex e-con-boxed e-con e-parent\" data-id=\"7ad01f1\" data-element_type=\"container\" data-e-type=\"container\">\n\t\t\t\t\t<div class=\"e-con-inner\">\n\t\t<div class=\"elementor-element elementor-element-bd161fa e-con-full e-flex e-con e-child\" data-id=\"bd161fa\" data-element_type=\"container\" data-e-type=\"container\">\n\t\t\t\t<div class=\"elementor-element elementor-element-8136488 elementor-widget elementor-widget-heading\" data-id=\"8136488\" data-element_type=\"widget\" data-e-type=\"widget\" data-widget_type=\"heading.default\">\n\t\t\t\t\t<h3 class=\"elementor-heading-title elementor-size-default\">Options d'ouverture<\/h3>\t\t\t\t<\/div>\n\t\t\t\t<div class=\"elementor-element elementor-element-5fb2bec elementor-widget elementor-widget-image\" data-id=\"5fb2bec\" data-element_type=\"widget\" data-e-type=\"widget\" data-widget_type=\"image.default\">\n\t\t\t\t\t\t\t\t\t\t\t\t\t\t\t\t<a href=\"https:\/\/galisur.es\/wp-content\/uploads\/2021\/05\/CC83-posibilidades-de-apertura.png\" data-elementor-open-lightbox=\"yes\" data-elementor-lightbox-title=\"CC83-posibilidades-de-apertura\" data-e-action-hash=\"#elementor-action%3Aaction%3Dlightbox%26settings%3DeyJpZCI6MTQ4MzAsInVybCI6Imh0dHBzOlwvXC9nYWxpc3VyLmVzXC93cC1jb250ZW50XC9maWxlc1wvMjAyMVwvMDVcL0NDODMtcG9zaWJpbGlkYWRlcy1kZS1hcGVydHVyYS5wbmcifQ%3D%3D\">\n\t\t\t\t\t\t\t<img decoding=\"async\" width=\"800\" height=\"250\" src=\"https:\/\/galisur.es\/wp-content\/files\/2021\/05\/CC83-posibilidades-de-apertura.png\" class=\"attachment-full size-full wp-image-14830\" alt=\"\" srcset=\"https:\/\/galisur.es\/wp-content\/files\/2021\/05\/CC83-posibilidades-de-apertura.png 800w, https:\/\/galisur.es\/wp-content\/files\/2021\/05\/CC83-posibilidades-de-apertura-300x94.png 300w, https:\/\/galisur.es\/wp-content\/files\/2021\/05\/CC83-posibilidades-de-apertura-768x240.png 768w\" sizes=\"(max-width: 800px) 100vw, 800px\" title=\"\">\t\t\t\t\t\t\t\t<\/a>\n\t\t\t\t\t\t\t\t\t\t\t\t\t\t\t<\/div>\n\t\t\t\t<\/div>\n\t\t<div class=\"elementor-element elementor-element-4099953 e-con-full e-flex e-con e-child\" data-id=\"4099953\" data-element_type=\"container\" data-e-type=\"container\">\n\t\t\t\t<div class=\"elementor-element elementor-element-5dfd728 elementor-widget elementor-widget-heading\" data-id=\"5dfd728\" data-element_type=\"widget\" data-e-type=\"widget\" data-widget_type=\"heading.default\">\n\t\t\t\t\t<h3 class=\"elementor-heading-title elementor-size-default\">Dimensions recommand\u00e9es<\/h3>\t\t\t\t<\/div>\n\t\t\t\t<div class=\"elementor-element elementor-element-44f01ab elementor-widget elementor-widget-image\" data-id=\"44f01ab\" data-element_type=\"widget\" data-e-type=\"widget\" data-widget_type=\"image.default\">\n\t\t\t\t\t\t\t\t\t\t\t\t\t\t\t<img loading=\"lazy\" decoding=\"async\" width=\"800\" height=\"250\" src=\"https:\/\/galisur.es\/wp-content\/files\/2021\/05\/CC83-dimensiones-recomendadas.png\" class=\"attachment-full size-full wp-image-14834\" alt=\"\" srcset=\"https:\/\/galisur.es\/wp-content\/files\/2021\/05\/CC83-dimensiones-recomendadas.png 800w, https:\/\/galisur.es\/wp-content\/files\/2021\/05\/CC83-dimensiones-recomendadas-300x94.png 300w, https:\/\/galisur.es\/wp-content\/files\/2021\/05\/CC83-dimensiones-recomendadas-768x240.png 768w\" sizes=\"(max-width: 800px) 100vw, 800px\" title=\"\">\t\t\t\t\t\t\t\t\t\t\t\t\t\t\t<\/div>\n\t\t\t\t<\/div>\n\t\t\t\t\t<\/div>\n\t\t\t\t<\/div>\n\t\t<div class=\"elementor-element elementor-element-0492225 e-flex e-con-boxed e-con e-parent\" data-id=\"0492225\" data-element_type=\"container\" data-e-type=\"container\" data-settings=\"{&quot;background_background&quot;:&quot;classic&quot;}\">\n\t\t\t\t\t<div class=\"e-con-inner\">\n\t\t\t\t<div class=\"elementor-element elementor-element-78363e2 elementor-widget elementor-widget-heading\" data-id=\"78363e2\" data-element_type=\"widget\" data-e-type=\"widget\" data-widget_type=\"heading.default\">\n\t\t\t\t\t<h3 class=\"elementor-heading-title elementor-size-default\">Avantages<\/h3>\t\t\t\t<\/div>\n\t\t\t\t<div class=\"elementor-element elementor-element-6f4fec2 elementor-widget elementor-widget-text-editor\" data-id=\"6f4fec2\" data-element_type=\"widget\" data-e-type=\"widget\" data-widget_type=\"text-editor.default\">\n\t\t\t\t\t\t\t\t\t<p>Ce syst\u00e8me coulissant en verre d&rsquo;Aluminios Galisur est con\u00e7u pour fermer les terrasses, les balcons, les porches et comme compl\u00e9ment aux pergolas et aux toits mobiles. Cette menuiserie \u00e0 profil\u00e9s non continus par rapport au rail inf\u00e9rieur garantit un \u00e9coulement rapide de l&rsquo;eau de pluie. Facile \u00e0 monter et \u00e0 int\u00e9grer \u00e0 la fin des travaux. Les corni\u00e8res verticales en PVC \u00ab Sun Resistant \u00bb offrent une visibilit\u00e9 et un confort maximum. Avec de multiples configurations d&rsquo;ouverture et possibilit\u00e9s de verrouillage.    <\/p>\t\t\t\t\t\t\t\t<\/div>\n\t\t\t\t\t<\/div>\n\t\t\t\t<\/div>\n\t\t\t\t<\/div>\n\t\t","protected":false},"excerpt":{"rendered":"<p>CC83 D&rsquo;INT\u00c9RIEUR Syst\u00e8me coulissant ext\u00e9rieur \u00e0 coupe droite de 82 mm de cadre sur rails. Vitrage en verre tremp\u00e9 de 10 mm. 5+5 lamin\u00e9. Ferrures avec fermeture multipoint. Joints d&rsquo;\u00e9tanch\u00e9it\u00e9 avec bas de porte en feuille assurant la qualit\u00e9 de la fermeture. Options : Option cadre inf\u00e9rieur plat Voies suppl\u00e9mentaires Blocage des feuilles interm\u00e9diaires \u00e0 [&hellip;]<\/p>\n","protected":false},"author":1998,"featured_media":0,"parent":17563,"menu_order":0,"comment_status":"closed","ping_status":"closed","template":"","meta":{"footnotes":""},"class_list":["post-17571","page","type-page","status-publish","hentry"],"yoast_head":"<!-- This site is optimized with the Yoast SEO plugin v27.2 - https:\/\/yoast.com\/product\/yoast-seo-wordpress\/ -->\n<title>CC83 | Aluminios Galisur<\/title>\n<meta name=\"description\" content=\"CC83 D&#039;INT\u00c9RIEUR Syst\u00e8me coulissant ext\u00e9rieur \u00e0 coupe droite de 82 mm de cadre sur rails. Vitrage en verre tremp\u00e9 de 10 mm. 5+5 lamin\u00e9. Ferrures avec\" \/>\n<meta name=\"robots\" content=\"index, follow, max-snippet:-1, max-image-preview:large, max-video-preview:-1\" \/>\n<link rel=\"canonical\" href=\"https:\/\/galisur.es\/fr\/tout-en-verre\/cc83\/\" \/>\n<meta property=\"og:locale\" content=\"fr_FR\" \/>\n<meta property=\"og:type\" content=\"article\" \/>\n<meta property=\"og:title\" content=\"CC83 | Aluminios Galisur\" \/>\n<meta property=\"og:description\" content=\"CC83 D&#039;INT\u00c9RIEUR Syst\u00e8me coulissant ext\u00e9rieur \u00e0 coupe droite de 82 mm de cadre sur rails. Vitrage en verre tremp\u00e9 de 10 mm. 5+5 lamin\u00e9. Ferrures avec\" \/>\n<meta property=\"og:url\" content=\"https:\/\/galisur.es\/fr\/tout-en-verre\/cc83\/\" \/>\n<meta property=\"og:site_name\" content=\"Aluminios Galisur\" \/>\n<meta property=\"article:publisher\" content=\"https:\/\/www.facebook.com\/AluminiosGalisur\" \/>\n<meta property=\"article:modified_time\" content=\"2025-06-24T14:12:27+00:00\" \/>\n<meta property=\"og:image\" content=\"https:\/\/galisur.es\/wp-content\/uploads\/CC83-crema.png\" \/>\n<meta name=\"twitter:card\" content=\"summary_large_image\" \/>\n<meta name=\"twitter:site\" content=\"@AluminioGalisur\" \/>\n<meta name=\"twitter:label1\" content=\"Dur\u00e9e de lecture estim\u00e9e\" \/>\n\t<meta name=\"twitter:data1\" content=\"1 minute\" \/>\n<script type=\"application\/ld+json\" class=\"yoast-schema-graph\">{\"@context\":\"https:\/\/schema.org\",\"@graph\":[{\"@type\":\"WebPage\",\"@id\":\"https:\/\/galisur.es\/fr\/tout-en-verre\/cc83\/\",\"url\":\"https:\/\/galisur.es\/fr\/tout-en-verre\/cc83\/\",\"name\":\"CC83 | Aluminios Galisur\",\"isPartOf\":{\"@id\":\"https:\/\/galisur.es\/fr\/#website\"},\"primaryImageOfPage\":{\"@id\":\"https:\/\/galisur.es\/fr\/tout-en-verre\/cc83\/#primaryimage\"},\"image\":{\"@id\":\"https:\/\/galisur.es\/fr\/tout-en-verre\/cc83\/#primaryimage\"},\"thumbnailUrl\":\"https:\/\/galisur.es\/wp-content\/uploads\/CC83-crema.png\",\"datePublished\":\"2021-03-24T13:24:27+00:00\",\"dateModified\":\"2025-06-24T14:12:27+00:00\",\"description\":\"CC83 D'INT\u00c9RIEUR Syst\u00e8me coulissant ext\u00e9rieur \u00e0 coupe droite de 82 mm de cadre sur rails. Vitrage en verre tremp\u00e9 de 10 mm. 5+5 lamin\u00e9. Ferrures avec\",\"breadcrumb\":{\"@id\":\"https:\/\/galisur.es\/fr\/tout-en-verre\/cc83\/#breadcrumb\"},\"inLanguage\":\"fr-FR\",\"potentialAction\":[{\"@type\":\"ReadAction\",\"target\":[\"https:\/\/galisur.es\/fr\/tout-en-verre\/cc83\/\"]}]},{\"@type\":\"ImageObject\",\"inLanguage\":\"fr-FR\",\"@id\":\"https:\/\/galisur.es\/fr\/tout-en-verre\/cc83\/#primaryimage\",\"url\":\"https:\/\/galisur.es\/wp-content\/uploads\/CC83-crema.png\",\"contentUrl\":\"https:\/\/galisur.es\/wp-content\/uploads\/CC83-crema.png\"},{\"@type\":\"BreadcrumbList\",\"@id\":\"https:\/\/galisur.es\/fr\/tout-en-verre\/cc83\/#breadcrumb\",\"itemListElement\":[{\"@type\":\"ListItem\",\"position\":1,\"name\":\"Portada\",\"item\":\"https:\/\/galisur.es\/fr\/\"},{\"@type\":\"ListItem\",\"position\":2,\"name\":\"Tout en verre\",\"item\":\"https:\/\/galisur.es\/fr\/tout-en-verre\/\"},{\"@type\":\"ListItem\",\"position\":3,\"name\":\"CC83\"}]},{\"@type\":\"WebSite\",\"@id\":\"https:\/\/galisur.es\/fr\/#website\",\"url\":\"https:\/\/galisur.es\/fr\/\",\"name\":\"Aluminios Galisur\",\"description\":\"Aluminios Galisur\",\"publisher\":{\"@id\":\"https:\/\/galisur.es\/fr\/#organization\"},\"potentialAction\":[{\"@type\":\"SearchAction\",\"target\":{\"@type\":\"EntryPoint\",\"urlTemplate\":\"https:\/\/galisur.es\/fr\/?s={search_term_string}\"},\"query-input\":{\"@type\":\"PropertyValueSpecification\",\"valueRequired\":true,\"valueName\":\"search_term_string\"}}],\"inLanguage\":\"fr-FR\"},{\"@type\":\"Organization\",\"@id\":\"https:\/\/galisur.es\/fr\/#organization\",\"name\":\"Galisur\",\"url\":\"https:\/\/galisur.es\/fr\/\",\"logo\":{\"@type\":\"ImageObject\",\"inLanguage\":\"fr-FR\",\"@id\":\"https:\/\/galisur.es\/fr\/#\/schema\/logo\/image\/\",\"url\":\"https:\/\/galisur.es\/wp-content\/files\/2021\/03\/logo-35x15-1.png\",\"contentUrl\":\"https:\/\/galisur.es\/wp-content\/files\/2021\/03\/logo-35x15-1.png\",\"width\":370,\"height\":176,\"caption\":\"Galisur\"},\"image\":{\"@id\":\"https:\/\/galisur.es\/fr\/#\/schema\/logo\/image\/\"},\"sameAs\":[\"https:\/\/www.facebook.com\/AluminiosGalisur\",\"https:\/\/x.com\/AluminioGalisur\"]}]}<\/script>\n<!-- \/ Yoast SEO plugin. -->","yoast_head_json":{"title":"CC83 | Aluminios Galisur","description":"CC83 D'INT\u00c9RIEUR Syst\u00e8me coulissant ext\u00e9rieur \u00e0 coupe droite de 82 mm de cadre sur rails. Vitrage en verre tremp\u00e9 de 10 mm. 5+5 lamin\u00e9. Ferrures avec","robots":{"index":"index","follow":"follow","max-snippet":"max-snippet:-1","max-image-preview":"max-image-preview:large","max-video-preview":"max-video-preview:-1"},"canonical":"https:\/\/galisur.es\/fr\/tout-en-verre\/cc83\/","og_locale":"fr_FR","og_type":"article","og_title":"CC83 | Aluminios Galisur","og_description":"CC83 D'INT\u00c9RIEUR Syst\u00e8me coulissant ext\u00e9rieur \u00e0 coupe droite de 82 mm de cadre sur rails. Vitrage en verre tremp\u00e9 de 10 mm. 5+5 lamin\u00e9. Ferrures avec","og_url":"https:\/\/galisur.es\/fr\/tout-en-verre\/cc83\/","og_site_name":"Aluminios Galisur","article_publisher":"https:\/\/www.facebook.com\/AluminiosGalisur","article_modified_time":"2025-06-24T14:12:27+00:00","og_image":[{"url":"https:\/\/galisur.es\/wp-content\/uploads\/CC83-crema.png","type":"","width":"","height":""}],"twitter_card":"summary_large_image","twitter_site":"@AluminioGalisur","twitter_misc":{"Dur\u00e9e de lecture estim\u00e9e":"1 minute"},"schema":{"@context":"https:\/\/schema.org","@graph":[{"@type":"WebPage","@id":"https:\/\/galisur.es\/fr\/tout-en-verre\/cc83\/","url":"https:\/\/galisur.es\/fr\/tout-en-verre\/cc83\/","name":"CC83 | Aluminios Galisur","isPartOf":{"@id":"https:\/\/galisur.es\/fr\/#website"},"primaryImageOfPage":{"@id":"https:\/\/galisur.es\/fr\/tout-en-verre\/cc83\/#primaryimage"},"image":{"@id":"https:\/\/galisur.es\/fr\/tout-en-verre\/cc83\/#primaryimage"},"thumbnailUrl":"https:\/\/galisur.es\/wp-content\/uploads\/CC83-crema.png","datePublished":"2021-03-24T13:24:27+00:00","dateModified":"2025-06-24T14:12:27+00:00","description":"CC83 D'INT\u00c9RIEUR Syst\u00e8me coulissant ext\u00e9rieur \u00e0 coupe droite de 82 mm de cadre sur rails. Vitrage en verre tremp\u00e9 de 10 mm. 5+5 lamin\u00e9. Ferrures avec","breadcrumb":{"@id":"https:\/\/galisur.es\/fr\/tout-en-verre\/cc83\/#breadcrumb"},"inLanguage":"fr-FR","potentialAction":[{"@type":"ReadAction","target":["https:\/\/galisur.es\/fr\/tout-en-verre\/cc83\/"]}]},{"@type":"ImageObject","inLanguage":"fr-FR","@id":"https:\/\/galisur.es\/fr\/tout-en-verre\/cc83\/#primaryimage","url":"https:\/\/galisur.es\/wp-content\/uploads\/CC83-crema.png","contentUrl":"https:\/\/galisur.es\/wp-content\/uploads\/CC83-crema.png"},{"@type":"BreadcrumbList","@id":"https:\/\/galisur.es\/fr\/tout-en-verre\/cc83\/#breadcrumb","itemListElement":[{"@type":"ListItem","position":1,"name":"Portada","item":"https:\/\/galisur.es\/fr\/"},{"@type":"ListItem","position":2,"name":"Tout en verre","item":"https:\/\/galisur.es\/fr\/tout-en-verre\/"},{"@type":"ListItem","position":3,"name":"CC83"}]},{"@type":"WebSite","@id":"https:\/\/galisur.es\/fr\/#website","url":"https:\/\/galisur.es\/fr\/","name":"Aluminios Galisur","description":"Aluminios Galisur","publisher":{"@id":"https:\/\/galisur.es\/fr\/#organization"},"potentialAction":[{"@type":"SearchAction","target":{"@type":"EntryPoint","urlTemplate":"https:\/\/galisur.es\/fr\/?s={search_term_string}"},"query-input":{"@type":"PropertyValueSpecification","valueRequired":true,"valueName":"search_term_string"}}],"inLanguage":"fr-FR"},{"@type":"Organization","@id":"https:\/\/galisur.es\/fr\/#organization","name":"Galisur","url":"https:\/\/galisur.es\/fr\/","logo":{"@type":"ImageObject","inLanguage":"fr-FR","@id":"https:\/\/galisur.es\/fr\/#\/schema\/logo\/image\/","url":"https:\/\/galisur.es\/wp-content\/files\/2021\/03\/logo-35x15-1.png","contentUrl":"https:\/\/galisur.es\/wp-content\/files\/2021\/03\/logo-35x15-1.png","width":370,"height":176,"caption":"Galisur"},"image":{"@id":"https:\/\/galisur.es\/fr\/#\/schema\/logo\/image\/"},"sameAs":["https:\/\/www.facebook.com\/AluminiosGalisur","https:\/\/x.com\/AluminioGalisur"]}]}},"_links":{"self":[{"href":"https:\/\/galisur.es\/fr\/wp-json\/wp\/v2\/pages\/17571","targetHints":{"allow":["GET"]}}],"collection":[{"href":"https:\/\/galisur.es\/fr\/wp-json\/wp\/v2\/pages"}],"about":[{"href":"https:\/\/galisur.es\/fr\/wp-json\/wp\/v2\/types\/page"}],"author":[{"embeddable":true,"href":"https:\/\/galisur.es\/fr\/wp-json\/wp\/v2\/users\/1998"}],"replies":[{"embeddable":true,"href":"https:\/\/galisur.es\/fr\/wp-json\/wp\/v2\/comments?post=17571"}],"version-history":[{"count":1,"href":"https:\/\/galisur.es\/fr\/wp-json\/wp\/v2\/pages\/17571\/revisions"}],"predecessor-version":[{"id":17572,"href":"https:\/\/galisur.es\/fr\/wp-json\/wp\/v2\/pages\/17571\/revisions\/17572"}],"up":[{"embeddable":true,"href":"https:\/\/galisur.es\/fr\/wp-json\/wp\/v2\/pages\/17563"}],"wp:attachment":[{"href":"https:\/\/galisur.es\/fr\/wp-json\/wp\/v2\/media?parent=17571"}],"curies":[{"name":"wp","href":"https:\/\/api.w.org\/{rel}","templated":true}]}}