{"id":17547,"date":"2022-02-03T08:38:41","date_gmt":"2022-02-03T07:38:41","guid":{"rendered":"https:\/\/nervous-gagarin.141-94-206-129.plesk.page\/series-verticales\/paroi-telescopique\/"},"modified":"2025-06-24T15:59:34","modified_gmt":"2025-06-24T13:59:34","slug":"paroi-telescopique","status":"publish","type":"page","link":"https:\/\/galisur.es\/fr\/series-verticales\/paroi-telescopique\/","title":{"rendered":"Paroi t\u00e9lescopique"},"content":{"rendered":"\t\t<div data-elementor-type=\"wp-page\" data-elementor-id=\"17547\" class=\"elementor elementor-17547 elementor-10892\" data-elementor-post-type=\"page\">\n\t\t\t\t<div class=\"elementor-element elementor-element-b328aca e-flex e-con-boxed e-con e-parent\" data-id=\"b328aca\" data-element_type=\"container\" data-e-type=\"container\">\n\t\t\t\t\t<div class=\"e-con-inner\">\n\t\t<div class=\"elementor-element elementor-element-7acdea7 e-con-full e-flex e-con e-child\" data-id=\"7acdea7\" data-element_type=\"container\" data-e-type=\"container\">\n\t\t\t\t<div class=\"elementor-element elementor-element-2d221fc elementor-widget elementor-widget-image\" data-id=\"2d221fc\" data-element_type=\"widget\" data-e-type=\"widget\" data-widget_type=\"image.default\">\n\t\t\t\t\t\t\t\t\t\t\t\t\t\t\t<img fetchpriority=\"high\" decoding=\"async\" width=\"1297\" height=\"927\" src=\"https:\/\/galisur.es\/wp-content\/files\/slider_eolo.jpg\" class=\"attachment-full size-full wp-image-15738\" alt=\"\" srcset=\"https:\/\/galisur.es\/wp-content\/files\/slider_eolo.jpg 1297w, https:\/\/galisur.es\/wp-content\/files\/slider_eolo-300x214.jpg 300w, https:\/\/galisur.es\/wp-content\/files\/slider_eolo-1024x732.jpg 1024w, https:\/\/galisur.es\/wp-content\/files\/slider_eolo-768x549.jpg 768w\" sizes=\"(max-width: 1297px) 100vw, 1297px\" title=\"\">\t\t\t\t\t\t\t\t\t\t\t\t\t\t\t<\/div>\n\t\t\t\t<\/div>\n\t\t<div class=\"elementor-element elementor-element-7a0ffa5 e-con-full e-flex e-con e-child\" data-id=\"7a0ffa5\" data-element_type=\"container\" data-e-type=\"container\">\n\t\t\t\t<div class=\"elementor-element elementor-element-4e216e3 elementor-widget elementor-widget-heading\" data-id=\"4e216e3\" data-element_type=\"widget\" data-e-type=\"widget\" data-widget_type=\"heading.default\">\n\t\t\t\t\t<h1 class=\"elementor-heading-title elementor-size-default\">EOLO - PAROI T\u00c9LESCOPIQUE<\/h1>\t\t\t\t<\/div>\n\t\t\t\t<div class=\"elementor-element elementor-element-5a077cd elementor-widget elementor-widget-text-editor\" data-id=\"5a077cd\" data-element_type=\"widget\" data-e-type=\"widget\" data-widget_type=\"text-editor.default\">\n\t\t\t\t\t\t\t\t\t<p>Paravent t\u00e9lescopique. Prot\u00e8ge et d\u00e9limite les espaces ouverts dans les restaurants et les terrasses, tout en permettant de profiter de l&rsquo;ambiance ext\u00e9rieure gr\u00e2ce \u00e0 la transparence du syst\u00e8me (structure minimale en aluminium + verre). <\/p><p>Syst\u00e8me innovant de panneaux vitr\u00e9s coulissants t\u00e9lescopiques verticaux, offrant s\u00e9curit\u00e9 et protection dans les zones communes des bureaux et les espaces de travail.<\/p><p>Son montage facile et non invasif pour la mise en \u0153uvre et son syst\u00e8me d&rsquo;ouverture pneumatique nous permettent de contr\u00f4ler facilement l&rsquo;a\u00e9ration et le confort climatique. Structure minimale en aluminium. <\/p><p>Panneaux en verre feuillet\u00e9 3+3 ou tremp\u00e9 de 6 mm. Les vis en acier inoxydable, les capuchons et les fixations en aluminium garantissent une finition parfaite dans toute la gamme de couleurs RAL. \u00c9clairage LED. <\/p>\t\t\t\t\t\t\t\t<\/div>\n\t\t\t\t<\/div>\n\t\t\t\t\t<\/div>\n\t\t\t\t<\/div>\n\t\t<div class=\"elementor-element elementor-element-7772cf6 e-flex e-con-boxed e-con e-parent\" data-id=\"7772cf6\" data-element_type=\"container\" data-e-type=\"container\" data-settings=\"{&quot;background_background&quot;:&quot;classic&quot;}\">\n\t\t\t\t\t<div class=\"e-con-inner\">\n\t\t<div class=\"elementor-element elementor-element-afac0a8 e-con-full e-flex e-con e-child\" data-id=\"afac0a8\" data-element_type=\"container\" data-e-type=\"container\">\n\t\t\t\t<div class=\"elementor-element elementor-element-343963d elementor-widget elementor-widget-heading\" data-id=\"343963d\" data-element_type=\"widget\" data-e-type=\"widget\" data-widget_type=\"heading.default\">\n\t\t\t\t\t<p class=\"elementor-heading-title elementor-size-default\">Fiche technique<\/p>\t\t\t\t<\/div>\n\t\t\t\t<div class=\"elementor-element elementor-element-1dc17d5 elementor-widget elementor-widget-text-editor\" data-id=\"1dc17d5\" data-element_type=\"widget\" data-e-type=\"widget\" data-widget_type=\"text-editor.default\">\n\t\t\t\t\t\t\t\t\t<p><a href=\"https:\/\/galisur.es\/fr\/enregistrement\/\">Inscrivez-vous ici<\/a> pour acc\u00e9der au document.<\/p>\t\t\t\t\t\t\t\t<\/div>\n\t\t\t\t<\/div>\n\t\t<div class=\"elementor-element elementor-element-3b57cb4 e-con-full e-flex e-con e-child\" data-id=\"3b57cb4\" data-element_type=\"container\" data-e-type=\"container\">\n\t\t\t\t<div class=\"elementor-element elementor-element-779a36a elementor-widget elementor-widget-heading\" data-id=\"779a36a\" data-element_type=\"widget\" data-e-type=\"widget\" data-widget_type=\"heading.default\">\n\t\t\t\t\t<p class=\"elementor-heading-title elementor-size-default\">Catalogue<\/p>\t\t\t\t<\/div>\n\t\t\t\t<div class=\"elementor-element elementor-element-04b4990 elementor-widget elementor-widget-text-editor\" data-id=\"04b4990\" data-element_type=\"widget\" data-e-type=\"widget\" data-widget_type=\"text-editor.default\">\n\t\t\t\t\t\t\t\t\t<p><a href=\"https:\/\/galisur.es\/fr\/enregistrement\/\">Inscrivez-vous ici<\/a> pour acc\u00e9der au document.<\/p>\t\t\t\t\t\t\t\t<\/div>\n\t\t\t\t<\/div>\n\t\t\t\t\t<\/div>\n\t\t\t\t<\/div>\n\t\t<div class=\"elementor-element elementor-element-6d2aa32 e-flex e-con-boxed e-con e-parent\" data-id=\"6d2aa32\" data-element_type=\"container\" data-e-type=\"container\">\n\t\t\t\t\t<div class=\"e-con-inner\">\n\t\t<div class=\"elementor-element elementor-element-2aaee97 e-con-full e-flex e-con e-child\" data-id=\"2aaee97\" data-element_type=\"container\" data-e-type=\"container\">\n\t\t\t\t<div class=\"elementor-element elementor-element-c253550 elementor-widget elementor-widget-image\" data-id=\"c253550\" data-element_type=\"widget\" data-e-type=\"widget\" data-widget_type=\"image.default\">\n\t\t\t\t\t\t\t\t\t\t\t\t\t\t\t<img decoding=\"async\" width=\"1774\" height=\"1774\" src=\"https:\/\/galisur.es\/wp-content\/files\/Eolo-2-GRANDE.png\" class=\"attachment-full size-full wp-image-16658\" alt=\"\" srcset=\"https:\/\/galisur.es\/wp-content\/files\/Eolo-2-GRANDE.png 1774w, https:\/\/galisur.es\/wp-content\/files\/Eolo-2-GRANDE-300x300.png 300w, https:\/\/galisur.es\/wp-content\/files\/Eolo-2-GRANDE-1024x1024.png 1024w, https:\/\/galisur.es\/wp-content\/files\/Eolo-2-GRANDE-150x150.png 150w, https:\/\/galisur.es\/wp-content\/files\/Eolo-2-GRANDE-768x768.png 768w, https:\/\/galisur.es\/wp-content\/files\/Eolo-2-GRANDE-1536x1536.png 1536w, https:\/\/galisur.es\/wp-content\/files\/Eolo-2-GRANDE-800x800.png 800w\" sizes=\"(max-width: 1774px) 100vw, 1774px\" title=\"\">\t\t\t\t\t\t\t\t\t\t\t\t\t\t\t<\/div>\n\t\t\t\t<\/div>\n\t\t<div class=\"elementor-element elementor-element-2470f62 e-con-full e-flex e-con e-child\" data-id=\"2470f62\" data-element_type=\"container\" data-e-type=\"container\">\n\t\t\t\t<div class=\"elementor-element elementor-element-069079c elementor-widget elementor-widget-image\" data-id=\"069079c\" data-element_type=\"widget\" data-e-type=\"widget\" data-widget_type=\"image.default\">\n\t\t\t\t\t\t\t\t\t\t\t\t\t\t\t<img decoding=\"async\" width=\"1200\" height=\"1200\" src=\"https:\/\/galisur.es\/wp-content\/files\/Eolo-2-detalle.png\" class=\"attachment-full size-full wp-image-16662\" alt=\"\" srcset=\"https:\/\/galisur.es\/wp-content\/files\/Eolo-2-detalle.png 1200w, https:\/\/galisur.es\/wp-content\/files\/Eolo-2-detalle-300x300.png 300w, https:\/\/galisur.es\/wp-content\/files\/Eolo-2-detalle-1024x1024.png 1024w, https:\/\/galisur.es\/wp-content\/files\/Eolo-2-detalle-150x150.png 150w, https:\/\/galisur.es\/wp-content\/files\/Eolo-2-detalle-768x768.png 768w, https:\/\/galisur.es\/wp-content\/files\/Eolo-2-detalle-800x800.png 800w\" sizes=\"(max-width: 1200px) 100vw, 1200px\" title=\"\">\t\t\t\t\t\t\t\t\t\t\t\t\t\t\t<\/div>\n\t\t\t\t<\/div>\n\t\t\t\t\t<\/div>\n\t\t\t\t<\/div>\n\t\t<div class=\"elementor-element elementor-element-21861cb e-flex e-con-boxed e-con e-parent\" data-id=\"21861cb\" data-element_type=\"container\" data-e-type=\"container\">\n\t\t\t\t\t<div class=\"e-con-inner\">\n\t\t<div class=\"elementor-element elementor-element-7ed1bf8 e-con-full e-flex e-con e-child\" data-id=\"7ed1bf8\" data-element_type=\"container\" data-e-type=\"container\">\n\t\t\t\t<div class=\"elementor-element elementor-element-73b1c25 elementor-widget elementor-widget-heading\" data-id=\"73b1c25\" data-element_type=\"widget\" data-e-type=\"widget\" data-widget_type=\"heading.default\">\n\t\t\t\t\t<h3 class=\"elementor-heading-title elementor-size-default\">Options d'ouverture<\/h3>\t\t\t\t<\/div>\n\t\t\t\t<div class=\"elementor-element elementor-element-85a93d1 elementor-widget elementor-widget-image\" data-id=\"85a93d1\" data-element_type=\"widget\" data-e-type=\"widget\" data-widget_type=\"image.default\">\n\t\t\t\t\t\t\t\t\t\t\t\t\t\t\t<img loading=\"lazy\" decoding=\"async\" width=\"563\" height=\"343\" src=\"https:\/\/galisur.es\/wp-content\/files\/Captura.jpg\" class=\"attachment-full size-full wp-image-15750\" alt=\"\" srcset=\"https:\/\/galisur.es\/wp-content\/files\/Captura.jpg 563w, https:\/\/galisur.es\/wp-content\/files\/Captura-300x183.jpg 300w\" sizes=\"(max-width: 563px) 100vw, 563px\" title=\"\">\t\t\t\t\t\t\t\t\t\t\t\t\t\t\t<\/div>\n\t\t\t\t<\/div>\n\t\t<div class=\"elementor-element elementor-element-e534f22 e-con-full e-flex e-con e-child\" data-id=\"e534f22\" data-element_type=\"container\" data-e-type=\"container\">\n\t\t\t\t<div class=\"elementor-element elementor-element-fef0813 elementor-widget elementor-widget-heading\" data-id=\"fef0813\" data-element_type=\"widget\" data-e-type=\"widget\" data-widget_type=\"heading.default\">\n\t\t\t\t\t<h3 class=\"elementor-heading-title elementor-size-default\">Dimensions standard<\/h3>\t\t\t\t<\/div>\n\t\t\t\t<div class=\"elementor-element elementor-element-9465571 elementor-widget elementor-widget-image\" data-id=\"9465571\" data-element_type=\"widget\" data-e-type=\"widget\" data-widget_type=\"image.default\">\n\t\t\t\t\t\t\t\t\t\t\t\t\t\t\t<img loading=\"lazy\" decoding=\"async\" width=\"528\" height=\"359\" src=\"https:\/\/galisur.es\/wp-content\/files\/Captura-1.jpg\" class=\"attachment-full size-full wp-image-15754\" alt=\"\" srcset=\"https:\/\/galisur.es\/wp-content\/files\/Captura-1.jpg 528w, https:\/\/galisur.es\/wp-content\/files\/Captura-1-300x204.jpg 300w\" sizes=\"(max-width: 528px) 100vw, 528px\" title=\"\">\t\t\t\t\t\t\t\t\t\t\t\t\t\t\t<\/div>\n\t\t\t\t<\/div>\n\t\t\t\t\t<\/div>\n\t\t\t\t<\/div>\n\t\t<div class=\"elementor-element elementor-element-5adb1a5 e-flex e-con-boxed e-con e-parent\" data-id=\"5adb1a5\" data-element_type=\"container\" data-e-type=\"container\" data-settings=\"{&quot;background_background&quot;:&quot;classic&quot;}\">\n\t\t\t\t\t<div class=\"e-con-inner\">\n\t\t\t\t<div class=\"elementor-element elementor-element-404655f elementor-widget elementor-widget-heading\" data-id=\"404655f\" data-element_type=\"widget\" data-e-type=\"widget\" data-widget_type=\"heading.default\">\n\t\t\t\t\t<h3 class=\"elementor-heading-title elementor-size-default\">Avantages<\/h3>\t\t\t\t<\/div>\n\t\t\t\t<div class=\"elementor-element elementor-element-2cbe506 elementor-widget elementor-widget-text-editor\" data-id=\"2cbe506\" data-element_type=\"widget\" data-e-type=\"widget\" data-widget_type=\"text-editor.default\">\n\t\t\t\t\t\t\t\t\t<p>Paravent t\u00e9lescopique. Prot\u00e8ge et d\u00e9limite les espaces ouverts dans les restaurants et les terrasses, tout en permettant de profiter de l&rsquo;ambiance ext\u00e9rieure gr\u00e2ce \u00e0 la transparence du syst\u00e8me (structure minimale en aluminium + verre). <\/p><p>Syst\u00e8me innovant de panneaux vitr\u00e9s coulissants t\u00e9lescopiques verticaux, offrant s\u00e9curit\u00e9 et protection dans les zones communes des bureaux et les espaces de travail.<\/p><p>Son montage facile et non invasif pour la mise en \u0153uvre et son syst\u00e8me d&rsquo;ouverture pneumatique nous permettent de contr\u00f4ler facilement l&rsquo;a\u00e9ration et le confort climatique. Structure minimale en aluminium. <\/p><p>Panneaux en verre feuillet\u00e9 3+3 ou tremp\u00e9 de 6 mm. Les vis en acier inoxydable, les capuchons et les fixations en aluminium garantissent une finition parfaite dans toute la gamme de couleurs RAL. \u00c9clairage LED. <\/p>\t\t\t\t\t\t\t\t<\/div>\n\t\t\t\t\t<\/div>\n\t\t\t\t<\/div>\n\t\t\t\t<\/div>\n\t\t","protected":false},"excerpt":{"rendered":"<p>EOLO &#8211; PAROI T\u00c9LESCOPIQUE Paravent t\u00e9lescopique. Prot\u00e8ge et d\u00e9limite les espaces ouverts dans les restaurants et les terrasses, tout en permettant de profiter de l&rsquo;ambiance ext\u00e9rieure gr\u00e2ce \u00e0 la transparence du syst\u00e8me (structure minimale en aluminium + verre). Syst\u00e8me innovant de panneaux vitr\u00e9s coulissants t\u00e9lescopiques verticaux, offrant s\u00e9curit\u00e9 et protection dans les zones communes des [&hellip;]<\/p>\n","protected":false},"author":18,"featured_media":0,"parent":17531,"menu_order":0,"comment_status":"closed","ping_status":"closed","template":"","meta":{"footnotes":""},"class_list":["post-17547","page","type-page","status-publish","hentry"],"yoast_head":"<!-- This site is optimized with the Yoast SEO plugin v27.2 - https:\/\/yoast.com\/product\/yoast-seo-wordpress\/ -->\n<title>Paroi t\u00e9lescopique | Aluminios Galisur<\/title>\n<meta name=\"description\" content=\"EOLO - PAROI T\u00c9LESCOPIQUE Paravent t\u00e9lescopique. Prot\u00e8ge et d\u00e9limite les espaces ouverts dans les restaurants et les terrasses, tout en permettant de\" \/>\n<meta name=\"robots\" content=\"index, follow, max-snippet:-1, max-image-preview:large, max-video-preview:-1\" \/>\n<link rel=\"canonical\" href=\"https:\/\/galisur.es\/fr\/series-verticales\/paroi-telescopique\/\" \/>\n<meta property=\"og:locale\" content=\"fr_FR\" \/>\n<meta property=\"og:type\" content=\"article\" \/>\n<meta property=\"og:title\" content=\"Paroi t\u00e9lescopique | Aluminios Galisur\" \/>\n<meta property=\"og:description\" content=\"EOLO - PAROI T\u00c9LESCOPIQUE Paravent t\u00e9lescopique. Prot\u00e8ge et d\u00e9limite les espaces ouverts dans les restaurants et les terrasses, tout en permettant de\" \/>\n<meta property=\"og:url\" content=\"https:\/\/galisur.es\/fr\/series-verticales\/paroi-telescopique\/\" \/>\n<meta property=\"og:site_name\" content=\"Aluminios Galisur\" \/>\n<meta property=\"article:publisher\" content=\"https:\/\/www.facebook.com\/AluminiosGalisur\" \/>\n<meta property=\"article:modified_time\" content=\"2025-06-24T13:59:34+00:00\" \/>\n<meta property=\"og:image\" content=\"https:\/\/galisur.es\/wp-content\/uploads\/slider_eolo.jpg\" \/>\n<meta name=\"twitter:card\" content=\"summary_large_image\" \/>\n<meta name=\"twitter:site\" content=\"@AluminioGalisur\" \/>\n<meta name=\"twitter:label1\" content=\"Dur\u00e9e de lecture estim\u00e9e\" \/>\n\t<meta name=\"twitter:data1\" content=\"1 minute\" \/>\n<script type=\"application\/ld+json\" class=\"yoast-schema-graph\">{\"@context\":\"https:\/\/schema.org\",\"@graph\":[{\"@type\":\"WebPage\",\"@id\":\"https:\/\/galisur.es\/fr\/series-verticales\/paroi-telescopique\/\",\"url\":\"https:\/\/galisur.es\/fr\/series-verticales\/paroi-telescopique\/\",\"name\":\"Paroi t\u00e9lescopique | Aluminios Galisur\",\"isPartOf\":{\"@id\":\"https:\/\/galisur.es\/fr\/#website\"},\"primaryImageOfPage\":{\"@id\":\"https:\/\/galisur.es\/fr\/series-verticales\/paroi-telescopique\/#primaryimage\"},\"image\":{\"@id\":\"https:\/\/galisur.es\/fr\/series-verticales\/paroi-telescopique\/#primaryimage\"},\"thumbnailUrl\":\"https:\/\/galisur.es\/wp-content\/uploads\/slider_eolo.jpg\",\"datePublished\":\"2022-02-03T07:38:41+00:00\",\"dateModified\":\"2025-06-24T13:59:34+00:00\",\"description\":\"EOLO - PAROI T\u00c9LESCOPIQUE Paravent t\u00e9lescopique. Prot\u00e8ge et d\u00e9limite les espaces ouverts dans les restaurants et les terrasses, tout en permettant de\",\"breadcrumb\":{\"@id\":\"https:\/\/galisur.es\/fr\/series-verticales\/paroi-telescopique\/#breadcrumb\"},\"inLanguage\":\"fr-FR\",\"potentialAction\":[{\"@type\":\"ReadAction\",\"target\":[\"https:\/\/galisur.es\/fr\/series-verticales\/paroi-telescopique\/\"]}]},{\"@type\":\"ImageObject\",\"inLanguage\":\"fr-FR\",\"@id\":\"https:\/\/galisur.es\/fr\/series-verticales\/paroi-telescopique\/#primaryimage\",\"url\":\"https:\/\/galisur.es\/wp-content\/uploads\/slider_eolo.jpg\",\"contentUrl\":\"https:\/\/galisur.es\/wp-content\/uploads\/slider_eolo.jpg\"},{\"@type\":\"BreadcrumbList\",\"@id\":\"https:\/\/galisur.es\/fr\/series-verticales\/paroi-telescopique\/#breadcrumb\",\"itemListElement\":[{\"@type\":\"ListItem\",\"position\":1,\"name\":\"Portada\",\"item\":\"https:\/\/galisur.es\/fr\/\"},{\"@type\":\"ListItem\",\"position\":2,\"name\":\"S\u00e9ries verticales\",\"item\":\"https:\/\/galisur.es\/fr\/series-verticales\/\"},{\"@type\":\"ListItem\",\"position\":3,\"name\":\"Paroi t\u00e9lescopique\"}]},{\"@type\":\"WebSite\",\"@id\":\"https:\/\/galisur.es\/fr\/#website\",\"url\":\"https:\/\/galisur.es\/fr\/\",\"name\":\"Aluminios Galisur\",\"description\":\"Aluminios Galisur\",\"publisher\":{\"@id\":\"https:\/\/galisur.es\/fr\/#organization\"},\"potentialAction\":[{\"@type\":\"SearchAction\",\"target\":{\"@type\":\"EntryPoint\",\"urlTemplate\":\"https:\/\/galisur.es\/fr\/?s={search_term_string}\"},\"query-input\":{\"@type\":\"PropertyValueSpecification\",\"valueRequired\":true,\"valueName\":\"search_term_string\"}}],\"inLanguage\":\"fr-FR\"},{\"@type\":\"Organization\",\"@id\":\"https:\/\/galisur.es\/fr\/#organization\",\"name\":\"Galisur\",\"url\":\"https:\/\/galisur.es\/fr\/\",\"logo\":{\"@type\":\"ImageObject\",\"inLanguage\":\"fr-FR\",\"@id\":\"https:\/\/galisur.es\/fr\/#\/schema\/logo\/image\/\",\"url\":\"https:\/\/galisur.es\/wp-content\/files\/2021\/03\/logo-35x15-1.png\",\"contentUrl\":\"https:\/\/galisur.es\/wp-content\/files\/2021\/03\/logo-35x15-1.png\",\"width\":370,\"height\":176,\"caption\":\"Galisur\"},\"image\":{\"@id\":\"https:\/\/galisur.es\/fr\/#\/schema\/logo\/image\/\"},\"sameAs\":[\"https:\/\/www.facebook.com\/AluminiosGalisur\",\"https:\/\/x.com\/AluminioGalisur\"]}]}<\/script>\n<!-- \/ Yoast SEO plugin. -->","yoast_head_json":{"title":"Paroi t\u00e9lescopique | Aluminios Galisur","description":"EOLO - PAROI T\u00c9LESCOPIQUE Paravent t\u00e9lescopique. Prot\u00e8ge et d\u00e9limite les espaces ouverts dans les restaurants et les terrasses, tout en permettant de","robots":{"index":"index","follow":"follow","max-snippet":"max-snippet:-1","max-image-preview":"max-image-preview:large","max-video-preview":"max-video-preview:-1"},"canonical":"https:\/\/galisur.es\/fr\/series-verticales\/paroi-telescopique\/","og_locale":"fr_FR","og_type":"article","og_title":"Paroi t\u00e9lescopique | Aluminios Galisur","og_description":"EOLO - PAROI T\u00c9LESCOPIQUE Paravent t\u00e9lescopique. Prot\u00e8ge et d\u00e9limite les espaces ouverts dans les restaurants et les terrasses, tout en permettant de","og_url":"https:\/\/galisur.es\/fr\/series-verticales\/paroi-telescopique\/","og_site_name":"Aluminios Galisur","article_publisher":"https:\/\/www.facebook.com\/AluminiosGalisur","article_modified_time":"2025-06-24T13:59:34+00:00","og_image":[{"url":"https:\/\/galisur.es\/wp-content\/uploads\/slider_eolo.jpg","type":"","width":"","height":""}],"twitter_card":"summary_large_image","twitter_site":"@AluminioGalisur","twitter_misc":{"Dur\u00e9e de lecture estim\u00e9e":"1 minute"},"schema":{"@context":"https:\/\/schema.org","@graph":[{"@type":"WebPage","@id":"https:\/\/galisur.es\/fr\/series-verticales\/paroi-telescopique\/","url":"https:\/\/galisur.es\/fr\/series-verticales\/paroi-telescopique\/","name":"Paroi t\u00e9lescopique | Aluminios Galisur","isPartOf":{"@id":"https:\/\/galisur.es\/fr\/#website"},"primaryImageOfPage":{"@id":"https:\/\/galisur.es\/fr\/series-verticales\/paroi-telescopique\/#primaryimage"},"image":{"@id":"https:\/\/galisur.es\/fr\/series-verticales\/paroi-telescopique\/#primaryimage"},"thumbnailUrl":"https:\/\/galisur.es\/wp-content\/uploads\/slider_eolo.jpg","datePublished":"2022-02-03T07:38:41+00:00","dateModified":"2025-06-24T13:59:34+00:00","description":"EOLO - PAROI T\u00c9LESCOPIQUE Paravent t\u00e9lescopique. Prot\u00e8ge et d\u00e9limite les espaces ouverts dans les restaurants et les terrasses, tout en permettant de","breadcrumb":{"@id":"https:\/\/galisur.es\/fr\/series-verticales\/paroi-telescopique\/#breadcrumb"},"inLanguage":"fr-FR","potentialAction":[{"@type":"ReadAction","target":["https:\/\/galisur.es\/fr\/series-verticales\/paroi-telescopique\/"]}]},{"@type":"ImageObject","inLanguage":"fr-FR","@id":"https:\/\/galisur.es\/fr\/series-verticales\/paroi-telescopique\/#primaryimage","url":"https:\/\/galisur.es\/wp-content\/uploads\/slider_eolo.jpg","contentUrl":"https:\/\/galisur.es\/wp-content\/uploads\/slider_eolo.jpg"},{"@type":"BreadcrumbList","@id":"https:\/\/galisur.es\/fr\/series-verticales\/paroi-telescopique\/#breadcrumb","itemListElement":[{"@type":"ListItem","position":1,"name":"Portada","item":"https:\/\/galisur.es\/fr\/"},{"@type":"ListItem","position":2,"name":"S\u00e9ries verticales","item":"https:\/\/galisur.es\/fr\/series-verticales\/"},{"@type":"ListItem","position":3,"name":"Paroi t\u00e9lescopique"}]},{"@type":"WebSite","@id":"https:\/\/galisur.es\/fr\/#website","url":"https:\/\/galisur.es\/fr\/","name":"Aluminios Galisur","description":"Aluminios Galisur","publisher":{"@id":"https:\/\/galisur.es\/fr\/#organization"},"potentialAction":[{"@type":"SearchAction","target":{"@type":"EntryPoint","urlTemplate":"https:\/\/galisur.es\/fr\/?s={search_term_string}"},"query-input":{"@type":"PropertyValueSpecification","valueRequired":true,"valueName":"search_term_string"}}],"inLanguage":"fr-FR"},{"@type":"Organization","@id":"https:\/\/galisur.es\/fr\/#organization","name":"Galisur","url":"https:\/\/galisur.es\/fr\/","logo":{"@type":"ImageObject","inLanguage":"fr-FR","@id":"https:\/\/galisur.es\/fr\/#\/schema\/logo\/image\/","url":"https:\/\/galisur.es\/wp-content\/files\/2021\/03\/logo-35x15-1.png","contentUrl":"https:\/\/galisur.es\/wp-content\/files\/2021\/03\/logo-35x15-1.png","width":370,"height":176,"caption":"Galisur"},"image":{"@id":"https:\/\/galisur.es\/fr\/#\/schema\/logo\/image\/"},"sameAs":["https:\/\/www.facebook.com\/AluminiosGalisur","https:\/\/x.com\/AluminioGalisur"]}]}},"_links":{"self":[{"href":"https:\/\/galisur.es\/fr\/wp-json\/wp\/v2\/pages\/17547","targetHints":{"allow":["GET"]}}],"collection":[{"href":"https:\/\/galisur.es\/fr\/wp-json\/wp\/v2\/pages"}],"about":[{"href":"https:\/\/galisur.es\/fr\/wp-json\/wp\/v2\/types\/page"}],"author":[{"embeddable":true,"href":"https:\/\/galisur.es\/fr\/wp-json\/wp\/v2\/users\/18"}],"replies":[{"embeddable":true,"href":"https:\/\/galisur.es\/fr\/wp-json\/wp\/v2\/comments?post=17547"}],"version-history":[{"count":1,"href":"https:\/\/galisur.es\/fr\/wp-json\/wp\/v2\/pages\/17547\/revisions"}],"predecessor-version":[{"id":17548,"href":"https:\/\/galisur.es\/fr\/wp-json\/wp\/v2\/pages\/17547\/revisions\/17548"}],"up":[{"embeddable":true,"href":"https:\/\/galisur.es\/fr\/wp-json\/wp\/v2\/pages\/17531"}],"wp:attachment":[{"href":"https:\/\/galisur.es\/fr\/wp-json\/wp\/v2\/media?parent=17547"}],"curies":[{"name":"wp","href":"https:\/\/api.w.org\/{rel}","templated":true}]}}