{"id":17531,"date":"2024-03-27T07:12:45","date_gmt":"2024-03-27T06:12:45","guid":{"rendered":"https:\/\/nervous-gagarin.141-94-206-129.plesk.page\/series-verticales\/"},"modified":"2025-09-22T10:48:04","modified_gmt":"2025-09-22T08:48:04","slug":"series-verticales","status":"publish","type":"page","link":"https:\/\/galisur.es\/fr\/series-verticales\/","title":{"rendered":"S\u00e9ries verticales"},"content":{"rendered":"\t\t<div data-elementor-type=\"wp-page\" data-elementor-id=\"17531\" class=\"elementor elementor-17531 elementor-13269\" data-elementor-post-type=\"page\">\n\t\t\t\t<div class=\"elementor-element elementor-element-9a23b63 e-flex e-con-boxed e-con e-parent\" data-id=\"9a23b63\" data-element_type=\"container\" data-e-type=\"container\" data-settings=\"{&quot;background_background&quot;:&quot;classic&quot;}\">\n\t\t\t\t\t<div class=\"e-con-inner\">\n\t\t\t\t<div class=\"elementor-element elementor-element-2808f14 elementor-widget elementor-widget-heading\" data-id=\"2808f14\" data-element_type=\"widget\" data-e-type=\"widget\" data-widget_type=\"heading.default\">\n\t\t\t\t\t<h1 class=\"elementor-heading-title elementor-size-default\">S\u00e9ries verticales<\/h1>\t\t\t\t<\/div>\n\t\t\t\t\t<\/div>\n\t\t\t\t<\/div>\n\t\t<div class=\"elementor-element elementor-element-875e86f e-flex e-con-boxed e-con e-parent\" data-id=\"875e86f\" data-element_type=\"container\" data-e-type=\"container\">\n\t\t\t\t\t<div class=\"e-con-inner\">\n\t\t\t\t<div class=\"elementor-element elementor-element-af2f7bf elementor-widget elementor-widget-text-editor\" data-id=\"af2f7bf\" data-element_type=\"widget\" data-e-type=\"widget\" data-widget_type=\"text-editor.default\">\n\t\t\t\t\t\t\t\t\t<p>S\u00e9ries verticales qui prot\u00e8gent et d\u00e9limitent les espaces. Simplicit\u00e9, sophistication et design. Nous misons sur la s\u00e9curit\u00e9 et la protection. Personnalisation absolue, tout le pouvoir est entre vos mains.   <\/p>\t\t\t\t\t\t\t\t<\/div>\n\t\t\t\t\t<\/div>\n\t\t\t\t<\/div>\n\t\t<div class=\"elementor-element elementor-element-9c06e20 e-flex e-con-boxed e-con e-parent\" data-id=\"9c06e20\" data-element_type=\"container\" data-e-type=\"container\">\n\t\t\t\t\t<div class=\"e-con-inner\">\n\t\t<a class=\"elementor-element elementor-element-091339b e-con-full e-flex e-con e-child\" data-id=\"091339b\" data-element_type=\"container\" data-e-type=\"container\" href=\"https:\/\/galisur.es\/series-verticales\/guillotina\/\">\n\t\t\t\t<div class=\"elementor-element elementor-element-6051b44 elementor-widget elementor-widget-heading\" data-id=\"6051b44\" data-element_type=\"widget\" data-e-type=\"widget\" data-widget_type=\"heading.default\">\n\t\t\t\t\t<h3 class=\"elementor-heading-title elementor-size-default\">Guillotine<\/h3>\t\t\t\t<\/div>\n\t\t<div class=\"elementor-element elementor-element-db7a836 e-con-full e-flex e-con e-child\" data-id=\"db7a836\" data-element_type=\"container\" data-e-type=\"container\">\n\t\t\t\t<div class=\"elementor-element elementor-element-33764d1 elementor-widget elementor-widget-image\" data-id=\"33764d1\" data-element_type=\"widget\" data-e-type=\"widget\" data-widget_type=\"image.default\">\n\t\t\t\t\t\t\t\t\t\t\t\t\t\t\t<img fetchpriority=\"high\" decoding=\"async\" width=\"1200\" height=\"1200\" src=\"https:\/\/galisur.es\/wp-content\/files\/Guillotina-crema.png\" class=\"elementor-animation-grow attachment-full size-full wp-image-16598\" alt=\"\" srcset=\"https:\/\/galisur.es\/wp-content\/files\/Guillotina-crema.png 1200w, https:\/\/galisur.es\/wp-content\/files\/Guillotina-crema-300x300.png 300w, https:\/\/galisur.es\/wp-content\/files\/Guillotina-crema-1024x1024.png 1024w, https:\/\/galisur.es\/wp-content\/files\/Guillotina-crema-150x150.png 150w, https:\/\/galisur.es\/wp-content\/files\/Guillotina-crema-768x768.png 768w, https:\/\/galisur.es\/wp-content\/files\/Guillotina-crema-800x800.png 800w\" sizes=\"(max-width: 1200px) 100vw, 1200px\" title=\"\">\t\t\t\t\t\t\t\t\t\t\t\t\t\t\t<\/div>\n\t\t\t\t<\/div>\n\t\t\t\t<\/a>\n\t\t<a class=\"elementor-element elementor-element-124bf1f e-con-full e-flex e-con e-child\" data-id=\"124bf1f\" data-element_type=\"container\" data-e-type=\"container\" href=\"https:\/\/galisur.es\/series-verticales\/mampara-telescopica\/\">\n\t\t\t\t<div class=\"elementor-element elementor-element-c5dc21c elementor-widget elementor-widget-heading\" data-id=\"c5dc21c\" data-element_type=\"widget\" data-e-type=\"widget\" data-widget_type=\"heading.default\">\n\t\t\t\t\t<h3 class=\"elementor-heading-title elementor-size-default\">Eolo<\/h3>\t\t\t\t<\/div>\n\t\t<div class=\"elementor-element elementor-element-caaf483 e-con-full e-flex e-con e-child\" data-id=\"caaf483\" data-element_type=\"container\" data-e-type=\"container\">\n\t\t\t\t<div class=\"elementor-element elementor-element-8053e71 elementor-widget elementor-widget-image\" data-id=\"8053e71\" data-element_type=\"widget\" data-e-type=\"widget\" data-widget_type=\"image.default\">\n\t\t\t\t\t\t\t\t\t\t\t\t\t\t\t<img decoding=\"async\" width=\"1774\" height=\"1774\" src=\"https:\/\/galisur.es\/wp-content\/files\/Eolo-2-GRANDE.png\" class=\"elementor-animation-grow attachment-full size-full wp-image-16658\" alt=\"\" srcset=\"https:\/\/galisur.es\/wp-content\/files\/Eolo-2-GRANDE.png 1774w, https:\/\/galisur.es\/wp-content\/files\/Eolo-2-GRANDE-300x300.png 300w, https:\/\/galisur.es\/wp-content\/files\/Eolo-2-GRANDE-1024x1024.png 1024w, https:\/\/galisur.es\/wp-content\/files\/Eolo-2-GRANDE-150x150.png 150w, https:\/\/galisur.es\/wp-content\/files\/Eolo-2-GRANDE-768x768.png 768w, https:\/\/galisur.es\/wp-content\/files\/Eolo-2-GRANDE-1536x1536.png 1536w, https:\/\/galisur.es\/wp-content\/files\/Eolo-2-GRANDE-800x800.png 800w\" sizes=\"(max-width: 1774px) 100vw, 1774px\" title=\"\">\t\t\t\t\t\t\t\t\t\t\t\t\t\t\t<\/div>\n\t\t\t\t<\/div>\n\t\t\t\t<\/a>\n\t\t<div class=\"elementor-element elementor-element-07b2d29 e-con-full e-flex e-con e-child\" data-id=\"07b2d29\" data-element_type=\"container\" data-e-type=\"container\">\n\t\t\t\t<div class=\"elementor-element elementor-element-e6c160c elementor-widget elementor-widget-heading\" data-id=\"e6c160c\" data-element_type=\"widget\" data-e-type=\"widget\" data-widget_type=\"heading.default\">\n\t\t\t\t\t<h3 class=\"elementor-heading-title elementor-size-default\"><a href=\"https:\/\/galisur.es\/fr\/series-verticales\/guillotine-motorisee\/\">Guillotine motoris\u00e9e<\/a><\/h3>\t\t\t\t<\/div>\n\t\t<div class=\"elementor-element elementor-element-bb3fd6b e-con-full e-flex e-con e-child\" data-id=\"bb3fd6b\" data-element_type=\"container\" data-e-type=\"container\">\n\t\t\t\t<div class=\"elementor-element elementor-element-94dc4c0 elementor-widget elementor-widget-image\" data-id=\"94dc4c0\" data-element_type=\"widget\" data-e-type=\"widget\" data-widget_type=\"image.default\">\n\t\t\t\t\t\t\t\t\t\t\t\t\t\t\t\t<a href=\"https:\/\/galisur.es\/fr\/series-verticales\/guillotine-motorisee\/\">\n\t\t\t\t\t\t\t<img decoding=\"async\" src=\"https:\/\/galisur.es\/wp-content\/files\/elementor\/thumbs\/Guillotina-motor-e1757418753489-rbi2j1ei79sfjpdigepr874j72pc0iccgkali277c0.png\" title=\"Guillotina motor\" alt=\"Guillotina motor\" class=\"elementor-animation-grow\" loading=\"lazy\" \/>\t\t\t\t\t\t\t\t<\/a>\n\t\t\t\t\t\t\t\t\t\t\t\t\t\t\t<\/div>\n\t\t\t\t<\/div>\n\t\t\t\t<\/div>\n\t\t\t\t\t<\/div>\n\t\t\t\t<\/div>\n\t\t\t\t<\/div>\n\t\t","protected":false},"excerpt":{"rendered":"<p>S\u00e9ries verticales S\u00e9ries verticales qui prot\u00e8gent et d\u00e9limitent les espaces. Simplicit\u00e9, sophistication et design. Nous misons sur la s\u00e9curit\u00e9 et la protection. Personnalisation absolue, tout le pouvoir est entre vos mains. Guillotine Eolo Guillotine motoris\u00e9e<\/p>\n","protected":false},"author":18,"featured_media":0,"parent":0,"menu_order":0,"comment_status":"closed","ping_status":"closed","template":"","meta":{"footnotes":""},"class_list":["post-17531","page","type-page","status-publish","hentry"],"yoast_head":"<!-- This site is optimized with the Yoast SEO plugin v27.2 - https:\/\/yoast.com\/product\/yoast-seo-wordpress\/ -->\n<title>S\u00e9rie pliante - Aluminios Galisur | Qualit\u00e9, s\u00e9curit\u00e9 et design<\/title>\n<meta name=\"description\" content=\"D\u00e9couvrez nos s\u00e9ries pliantes, 100% garanties de s\u00e9curit\u00e9, d&#039;\u00e9tanch\u00e9it\u00e9 et d&#039;isolation de votre maison. Notre exp\u00e9rience nous conforte dans cette id\u00e9e.\" \/>\n<meta name=\"robots\" content=\"index, follow, max-snippet:-1, max-image-preview:large, max-video-preview:-1\" \/>\n<link rel=\"canonical\" href=\"https:\/\/galisur.es\/fr\/series-verticales\/\" \/>\n<meta property=\"og:locale\" content=\"fr_FR\" \/>\n<meta property=\"og:type\" content=\"article\" \/>\n<meta property=\"og:title\" content=\"S\u00e9rie pliante - Aluminios Galisur | Qualit\u00e9, s\u00e9curit\u00e9 et design\" \/>\n<meta property=\"og:description\" content=\"D\u00e9couvrez nos s\u00e9ries pliantes, 100% garanties de s\u00e9curit\u00e9, d&#039;\u00e9tanch\u00e9it\u00e9 et d&#039;isolation de votre maison. Notre exp\u00e9rience nous conforte dans cette id\u00e9e.\" \/>\n<meta property=\"og:url\" content=\"https:\/\/galisur.es\/fr\/series-verticales\/\" \/>\n<meta property=\"og:site_name\" content=\"Aluminios Galisur\" \/>\n<meta property=\"article:publisher\" content=\"https:\/\/www.facebook.com\/AluminiosGalisur\" \/>\n<meta property=\"article:modified_time\" content=\"2025-09-22T08:48:04+00:00\" \/>\n<meta property=\"og:image\" content=\"https:\/\/galisur.es\/wp-content\/files\/Guillotina-crema.png\" \/>\n\t<meta property=\"og:image:width\" content=\"1200\" \/>\n\t<meta property=\"og:image:height\" content=\"1200\" \/>\n\t<meta property=\"og:image:type\" content=\"image\/png\" \/>\n<meta name=\"twitter:card\" content=\"summary_large_image\" \/>\n<meta name=\"twitter:site\" content=\"@AluminioGalisur\" \/>\n<script type=\"application\/ld+json\" class=\"yoast-schema-graph\">{\"@context\":\"https:\/\/schema.org\",\"@graph\":[{\"@type\":\"WebPage\",\"@id\":\"https:\/\/galisur.es\/fr\/series-verticales\/\",\"url\":\"https:\/\/galisur.es\/fr\/series-verticales\/\",\"name\":\"S\u00e9rie pliante - Aluminios Galisur | Qualit\u00e9, s\u00e9curit\u00e9 et design\",\"isPartOf\":{\"@id\":\"https:\/\/galisur.es\/fr\/#website\"},\"primaryImageOfPage\":{\"@id\":\"https:\/\/galisur.es\/fr\/series-verticales\/#primaryimage\"},\"image\":{\"@id\":\"https:\/\/galisur.es\/fr\/series-verticales\/#primaryimage\"},\"thumbnailUrl\":\"https:\/\/galisur.es\/wp-content\/files\/Guillotina-crema.png\",\"datePublished\":\"2024-03-27T06:12:45+00:00\",\"dateModified\":\"2025-09-22T08:48:04+00:00\",\"description\":\"D\u00e9couvrez nos s\u00e9ries pliantes, 100% garanties de s\u00e9curit\u00e9, d'\u00e9tanch\u00e9it\u00e9 et d'isolation de votre maison. Notre exp\u00e9rience nous conforte dans cette id\u00e9e.\",\"breadcrumb\":{\"@id\":\"https:\/\/galisur.es\/fr\/series-verticales\/#breadcrumb\"},\"inLanguage\":\"fr-FR\",\"potentialAction\":[{\"@type\":\"ReadAction\",\"target\":[\"https:\/\/galisur.es\/fr\/series-verticales\/\"]}]},{\"@type\":\"ImageObject\",\"inLanguage\":\"fr-FR\",\"@id\":\"https:\/\/galisur.es\/fr\/series-verticales\/#primaryimage\",\"url\":\"https:\/\/galisur.es\/wp-content\/files\/Guillotina-crema.png\",\"contentUrl\":\"https:\/\/galisur.es\/wp-content\/files\/Guillotina-crema.png\"},{\"@type\":\"BreadcrumbList\",\"@id\":\"https:\/\/galisur.es\/fr\/series-verticales\/#breadcrumb\",\"itemListElement\":[{\"@type\":\"ListItem\",\"position\":1,\"name\":\"Portada\",\"item\":\"https:\/\/galisur.es\/fr\/\"},{\"@type\":\"ListItem\",\"position\":2,\"name\":\"S\u00e9ries verticales\"}]},{\"@type\":\"WebSite\",\"@id\":\"https:\/\/galisur.es\/fr\/#website\",\"url\":\"https:\/\/galisur.es\/fr\/\",\"name\":\"Aluminios Galisur\",\"description\":\"Aluminios Galisur\",\"publisher\":{\"@id\":\"https:\/\/galisur.es\/fr\/#organization\"},\"potentialAction\":[{\"@type\":\"SearchAction\",\"target\":{\"@type\":\"EntryPoint\",\"urlTemplate\":\"https:\/\/galisur.es\/fr\/?s={search_term_string}\"},\"query-input\":{\"@type\":\"PropertyValueSpecification\",\"valueRequired\":true,\"valueName\":\"search_term_string\"}}],\"inLanguage\":\"fr-FR\"},{\"@type\":\"Organization\",\"@id\":\"https:\/\/galisur.es\/fr\/#organization\",\"name\":\"Galisur\",\"url\":\"https:\/\/galisur.es\/fr\/\",\"logo\":{\"@type\":\"ImageObject\",\"inLanguage\":\"fr-FR\",\"@id\":\"https:\/\/galisur.es\/fr\/#\/schema\/logo\/image\/\",\"url\":\"https:\/\/galisur.es\/wp-content\/files\/2021\/03\/logo-35x15-1.png\",\"contentUrl\":\"https:\/\/galisur.es\/wp-content\/files\/2021\/03\/logo-35x15-1.png\",\"width\":370,\"height\":176,\"caption\":\"Galisur\"},\"image\":{\"@id\":\"https:\/\/galisur.es\/fr\/#\/schema\/logo\/image\/\"},\"sameAs\":[\"https:\/\/www.facebook.com\/AluminiosGalisur\",\"https:\/\/x.com\/AluminioGalisur\"]}]}<\/script>\n<!-- \/ Yoast SEO plugin. -->","yoast_head_json":{"title":"S\u00e9rie pliante - Aluminios Galisur | Qualit\u00e9, s\u00e9curit\u00e9 et design","description":"D\u00e9couvrez nos s\u00e9ries pliantes, 100% garanties de s\u00e9curit\u00e9, d'\u00e9tanch\u00e9it\u00e9 et d'isolation de votre maison. Notre exp\u00e9rience nous conforte dans cette id\u00e9e.","robots":{"index":"index","follow":"follow","max-snippet":"max-snippet:-1","max-image-preview":"max-image-preview:large","max-video-preview":"max-video-preview:-1"},"canonical":"https:\/\/galisur.es\/fr\/series-verticales\/","og_locale":"fr_FR","og_type":"article","og_title":"S\u00e9rie pliante - Aluminios Galisur | Qualit\u00e9, s\u00e9curit\u00e9 et design","og_description":"D\u00e9couvrez nos s\u00e9ries pliantes, 100% garanties de s\u00e9curit\u00e9, d'\u00e9tanch\u00e9it\u00e9 et d'isolation de votre maison. Notre exp\u00e9rience nous conforte dans cette id\u00e9e.","og_url":"https:\/\/galisur.es\/fr\/series-verticales\/","og_site_name":"Aluminios Galisur","article_publisher":"https:\/\/www.facebook.com\/AluminiosGalisur","article_modified_time":"2025-09-22T08:48:04+00:00","og_image":[{"width":1200,"height":1200,"url":"https:\/\/galisur.es\/wp-content\/files\/Guillotina-crema.png","type":"image\/png"}],"twitter_card":"summary_large_image","twitter_site":"@AluminioGalisur","schema":{"@context":"https:\/\/schema.org","@graph":[{"@type":"WebPage","@id":"https:\/\/galisur.es\/fr\/series-verticales\/","url":"https:\/\/galisur.es\/fr\/series-verticales\/","name":"S\u00e9rie pliante - Aluminios Galisur | Qualit\u00e9, s\u00e9curit\u00e9 et design","isPartOf":{"@id":"https:\/\/galisur.es\/fr\/#website"},"primaryImageOfPage":{"@id":"https:\/\/galisur.es\/fr\/series-verticales\/#primaryimage"},"image":{"@id":"https:\/\/galisur.es\/fr\/series-verticales\/#primaryimage"},"thumbnailUrl":"https:\/\/galisur.es\/wp-content\/files\/Guillotina-crema.png","datePublished":"2024-03-27T06:12:45+00:00","dateModified":"2025-09-22T08:48:04+00:00","description":"D\u00e9couvrez nos s\u00e9ries pliantes, 100% garanties de s\u00e9curit\u00e9, d'\u00e9tanch\u00e9it\u00e9 et d'isolation de votre maison. Notre exp\u00e9rience nous conforte dans cette id\u00e9e.","breadcrumb":{"@id":"https:\/\/galisur.es\/fr\/series-verticales\/#breadcrumb"},"inLanguage":"fr-FR","potentialAction":[{"@type":"ReadAction","target":["https:\/\/galisur.es\/fr\/series-verticales\/"]}]},{"@type":"ImageObject","inLanguage":"fr-FR","@id":"https:\/\/galisur.es\/fr\/series-verticales\/#primaryimage","url":"https:\/\/galisur.es\/wp-content\/files\/Guillotina-crema.png","contentUrl":"https:\/\/galisur.es\/wp-content\/files\/Guillotina-crema.png"},{"@type":"BreadcrumbList","@id":"https:\/\/galisur.es\/fr\/series-verticales\/#breadcrumb","itemListElement":[{"@type":"ListItem","position":1,"name":"Portada","item":"https:\/\/galisur.es\/fr\/"},{"@type":"ListItem","position":2,"name":"S\u00e9ries verticales"}]},{"@type":"WebSite","@id":"https:\/\/galisur.es\/fr\/#website","url":"https:\/\/galisur.es\/fr\/","name":"Aluminios Galisur","description":"Aluminios Galisur","publisher":{"@id":"https:\/\/galisur.es\/fr\/#organization"},"potentialAction":[{"@type":"SearchAction","target":{"@type":"EntryPoint","urlTemplate":"https:\/\/galisur.es\/fr\/?s={search_term_string}"},"query-input":{"@type":"PropertyValueSpecification","valueRequired":true,"valueName":"search_term_string"}}],"inLanguage":"fr-FR"},{"@type":"Organization","@id":"https:\/\/galisur.es\/fr\/#organization","name":"Galisur","url":"https:\/\/galisur.es\/fr\/","logo":{"@type":"ImageObject","inLanguage":"fr-FR","@id":"https:\/\/galisur.es\/fr\/#\/schema\/logo\/image\/","url":"https:\/\/galisur.es\/wp-content\/files\/2021\/03\/logo-35x15-1.png","contentUrl":"https:\/\/galisur.es\/wp-content\/files\/2021\/03\/logo-35x15-1.png","width":370,"height":176,"caption":"Galisur"},"image":{"@id":"https:\/\/galisur.es\/fr\/#\/schema\/logo\/image\/"},"sameAs":["https:\/\/www.facebook.com\/AluminiosGalisur","https:\/\/x.com\/AluminioGalisur"]}]}},"_links":{"self":[{"href":"https:\/\/galisur.es\/fr\/wp-json\/wp\/v2\/pages\/17531","targetHints":{"allow":["GET"]}}],"collection":[{"href":"https:\/\/galisur.es\/fr\/wp-json\/wp\/v2\/pages"}],"about":[{"href":"https:\/\/galisur.es\/fr\/wp-json\/wp\/v2\/types\/page"}],"author":[{"embeddable":true,"href":"https:\/\/galisur.es\/fr\/wp-json\/wp\/v2\/users\/18"}],"replies":[{"embeddable":true,"href":"https:\/\/galisur.es\/fr\/wp-json\/wp\/v2\/comments?post=17531"}],"version-history":[{"count":2,"href":"https:\/\/galisur.es\/fr\/wp-json\/wp\/v2\/pages\/17531\/revisions"}],"predecessor-version":[{"id":19280,"href":"https:\/\/galisur.es\/fr\/wp-json\/wp\/v2\/pages\/17531\/revisions\/19280"}],"wp:attachment":[{"href":"https:\/\/galisur.es\/fr\/wp-json\/wp\/v2\/media?parent=17531"}],"curies":[{"name":"wp","href":"https:\/\/api.w.org\/{rel}","templated":true}]}}