{"id":17515,"date":"2021-10-20T10:13:53","date_gmt":"2021-10-20T08:13:53","guid":{"rendered":"https:\/\/nervous-gagarin.141-94-206-129.plesk.page\/series-repliables\/ar80-rpl\/"},"modified":"2025-09-03T08:25:20","modified_gmt":"2025-09-03T06:25:20","slug":"ar80-rpl","status":"publish","type":"page","link":"https:\/\/galisur.es\/fr\/series-repliables\/ar80-rpl\/","title":{"rendered":"AR80 RPL"},"content":{"rendered":"\t\t<div data-elementor-type=\"wp-page\" data-elementor-id=\"17515\" class=\"elementor elementor-17515 elementor-9650\" data-elementor-post-type=\"page\">\n\t\t\t\t<div class=\"elementor-element elementor-element-069f29c e-flex e-con-boxed e-con e-parent\" data-id=\"069f29c\" data-element_type=\"container\" data-e-type=\"container\">\n\t\t\t\t\t<div class=\"e-con-inner\">\n\t\t<div class=\"elementor-element elementor-element-e09f374 e-con-full e-flex e-con e-child\" data-id=\"e09f374\" data-element_type=\"container\" data-e-type=\"container\">\n\t\t\t\t<div class=\"elementor-element elementor-element-2f86c99 elementor-widget elementor-widget-image\" data-id=\"2f86c99\" data-element_type=\"widget\" data-e-type=\"widget\" data-widget_type=\"image.default\">\n\t\t\t\t\t\t\t\t\t\t\t\t\t\t\t<img fetchpriority=\"high\" decoding=\"async\" width=\"1200\" height=\"1200\" src=\"https:\/\/galisur.es\/wp-content\/files\/RPL-80-crema.png\" class=\"attachment-full size-full wp-image-16590\" alt=\"\" srcset=\"https:\/\/galisur.es\/wp-content\/files\/RPL-80-crema.png 1200w, https:\/\/galisur.es\/wp-content\/files\/RPL-80-crema-300x300.png 300w, https:\/\/galisur.es\/wp-content\/files\/RPL-80-crema-1024x1024.png 1024w, https:\/\/galisur.es\/wp-content\/files\/RPL-80-crema-150x150.png 150w, https:\/\/galisur.es\/wp-content\/files\/RPL-80-crema-768x768.png 768w, https:\/\/galisur.es\/wp-content\/files\/RPL-80-crema-800x800.png 800w\" sizes=\"(max-width: 1200px) 100vw, 1200px\" title=\"\">\t\t\t\t\t\t\t\t\t\t\t\t\t\t\t<\/div>\n\t\t\t\t<\/div>\n\t\t<div class=\"elementor-element elementor-element-4dc5470 e-con-full e-flex e-con e-child\" data-id=\"4dc5470\" data-element_type=\"container\" data-e-type=\"container\">\n\t\t\t\t<div class=\"elementor-element elementor-element-7dbf843 elementor-widget elementor-widget-heading\" data-id=\"7dbf843\" data-element_type=\"widget\" data-e-type=\"widget\" data-widget_type=\"heading.default\">\n\t\t\t\t\t<h1 class=\"elementor-heading-title elementor-size-default\">AR80 RPL<\/h1>\t\t\t\t<\/div>\n\t\t\t\t<div class=\"elementor-element elementor-element-1236084 elementor-widget elementor-widget-text-editor\" data-id=\"1236084\" data-element_type=\"widget\" data-e-type=\"widget\" data-widget_type=\"text-editor.default\">\n\t\t\t\t\t\t\t\t\t<p>Syst\u00e8me pliant \u00e0 livre de 77 mm de largeur avec rupture de pont thermique. Calage en verre jusqu&rsquo;\u00e0 58 mm. Roulements et rails en acier inoxydable. Polyamides renforc\u00e9s de fibre de verre de 34 mm dans les vantaux et de 24,8 mm dans les cadres. \u00c9querres en fonte d&rsquo;aluminium.   <\/p><p>Options :<\/p><ul><li>Diff\u00e9rentes options de fermeture.<\/li><li>Montage de feuilles paires ou impaires jusqu&rsquo;\u00e0 un maximum de 8 feuilles.<\/li><li>Montage interne ou externe.<\/li><li>Superpos\u00e9 et encastr\u00e9 dans le sol avec grille ext\u00e9rieure en acier inoxydable.<\/li><\/ul>\t\t\t\t\t\t\t\t<\/div>\n\t\t\t\t<\/div>\n\t\t\t\t\t<\/div>\n\t\t\t\t<\/div>\n\t\t<div class=\"elementor-element elementor-element-ecbfd39 e-flex e-con-boxed e-con e-parent\" data-id=\"ecbfd39\" data-element_type=\"container\" data-e-type=\"container\" data-settings=\"{&quot;background_background&quot;:&quot;classic&quot;}\">\n\t\t\t\t\t<div class=\"e-con-inner\">\n\t\t<div class=\"elementor-element elementor-element-7124a55 e-con-full e-flex e-con e-child\" data-id=\"7124a55\" data-element_type=\"container\" data-e-type=\"container\">\n\t\t\t\t<div class=\"elementor-element elementor-element-081cfb2 elementor-widget elementor-widget-heading\" data-id=\"081cfb2\" data-element_type=\"widget\" data-e-type=\"widget\" data-widget_type=\"heading.default\">\n\t\t\t\t\t<p class=\"elementor-heading-title elementor-size-default\">Fiche technique<\/p>\t\t\t\t<\/div>\n\t\t\t\t<div class=\"elementor-element elementor-element-d0fe8c6 elementor-widget elementor-widget-text-editor\" data-id=\"d0fe8c6\" data-element_type=\"widget\" data-e-type=\"widget\" data-widget_type=\"text-editor.default\">\n\t\t\t\t\t\t\t\t\t<p><a href=\"https:\/\/galisur.es\/fr\/enregistrement\/\">Inscrivez-vous ici<\/a> pour acc\u00e9der au document.<\/p>\t\t\t\t\t\t\t\t<\/div>\n\t\t\t\t<\/div>\n\t\t<div class=\"elementor-element elementor-element-6364fab e-con-full e-flex e-con e-child\" data-id=\"6364fab\" data-element_type=\"container\" data-e-type=\"container\">\n\t\t\t\t<div class=\"elementor-element elementor-element-0ad2dd7 elementor-widget elementor-widget-heading\" data-id=\"0ad2dd7\" data-element_type=\"widget\" data-e-type=\"widget\" data-widget_type=\"heading.default\">\n\t\t\t\t\t<p class=\"elementor-heading-title elementor-size-default\">Catalogue<\/p>\t\t\t\t<\/div>\n\t\t\t\t<div class=\"elementor-element elementor-element-d396cf1 elementor-widget elementor-widget-text-editor\" data-id=\"d396cf1\" data-element_type=\"widget\" data-e-type=\"widget\" data-widget_type=\"text-editor.default\">\n\t\t\t\t\t\t\t\t\t<p><a href=\"https:\/\/galisur.es\/fr\/enregistrement\/\">Inscrivez-vous ici<\/a> pour acc\u00e9der au document.<\/p>\t\t\t\t\t\t\t\t<\/div>\n\t\t\t\t<\/div>\n\t\t\t\t\t<\/div>\n\t\t\t\t<\/div>\n\t\t<div class=\"elementor-element elementor-element-43e2d51 e-flex e-con-boxed e-con e-parent\" data-id=\"43e2d51\" data-element_type=\"container\" data-e-type=\"container\">\n\t\t\t\t\t<div class=\"e-con-inner\">\n\t\t<div class=\"elementor-element elementor-element-4699c23 e-con-full e-flex e-con e-child\" data-id=\"4699c23\" data-element_type=\"container\" data-e-type=\"container\">\n\t\t\t\t<div class=\"elementor-element elementor-element-a63fc94 elementor-widget elementor-widget-image\" data-id=\"a63fc94\" data-element_type=\"widget\" data-e-type=\"widget\" data-widget_type=\"image.default\">\n\t\t\t\t\t\t\t\t\t\t\t\t\t\t\t<img decoding=\"async\" width=\"1200\" height=\"1200\" src=\"https:\/\/galisur.es\/wp-content\/files\/RPL-80-detalle-crema.png\" class=\"attachment-full size-full wp-image-16594\" alt=\"\" srcset=\"https:\/\/galisur.es\/wp-content\/files\/RPL-80-detalle-crema.png 1200w, https:\/\/galisur.es\/wp-content\/files\/RPL-80-detalle-crema-300x300.png 300w, https:\/\/galisur.es\/wp-content\/files\/RPL-80-detalle-crema-1024x1024.png 1024w, https:\/\/galisur.es\/wp-content\/files\/RPL-80-detalle-crema-150x150.png 150w, https:\/\/galisur.es\/wp-content\/files\/RPL-80-detalle-crema-768x768.png 768w, https:\/\/galisur.es\/wp-content\/files\/RPL-80-detalle-crema-800x800.png 800w\" sizes=\"(max-width: 1200px) 100vw, 1200px\" title=\"\">\t\t\t\t\t\t\t\t\t\t\t\t\t\t\t<\/div>\n\t\t\t\t<\/div>\n\t\t<div class=\"elementor-element elementor-element-b4a718a e-con-full e-flex e-con e-child\" data-id=\"b4a718a\" data-element_type=\"container\" data-e-type=\"container\">\n\t\t\t\t<div class=\"elementor-element elementor-element-9246e70 elementor-widget elementor-widget-heading\" data-id=\"9246e70\" data-element_type=\"widget\" data-e-type=\"widget\" data-widget_type=\"heading.default\">\n\t\t\t\t\t<h2 class=\"elementor-heading-title elementor-size-default\">Classification des essais<\/h2>\t\t\t\t<\/div>\n\t\t\t\t<div class=\"elementor-element elementor-element-803b534 elementor-widget elementor-widget-n-accordion\" data-id=\"803b534\" data-element_type=\"widget\" data-e-type=\"widget\" data-settings=\"{&quot;default_state&quot;:&quot;expanded&quot;,&quot;max_items_expended&quot;:&quot;one&quot;,&quot;n_accordion_animation_duration&quot;:{&quot;unit&quot;:&quot;ms&quot;,&quot;size&quot;:400,&quot;sizes&quot;:[]}}\" data-widget_type=\"nested-accordion.default\">\n\t\t\t\t\t\t\t<div class=\"e-n-accordion\" aria-label=\"Accordion. Open links with Enter or Space, close with Escape, and navigate with Arrow Keys\">\n\t\t\t\t\t\t<details id=\"e-n-accordion-item-1340\" class=\"e-n-accordion-item\" open>\n\t\t\t\t<summary class=\"e-n-accordion-item-title\" data-accordion-index=\"1\" tabindex=\"0\" aria-expanded=\"true\" aria-controls=\"e-n-accordion-item-1340\" >\n\t\t\t\t\t<span class='e-n-accordion-item-title-header'><div class=\"e-n-accordion-item-title-text\"> \u00c9tude thermique <\/div><\/span>\n\t\t\t\t\t\t\t<span class='e-n-accordion-item-title-icon'>\n\t\t\t<span class='e-opened' ><svg aria-hidden=\"true\" class=\"e-font-icon-svg e-fas-minus\" viewBox=\"0 0 448 512\" xmlns=\"http:\/\/www.w3.org\/2000\/svg\"><path d=\"M416 208H32c-17.67 0-32 14.33-32 32v32c0 17.67 14.33 32 32 32h384c17.67 0 32-14.33 32-32v-32c0-17.67-14.33-32-32-32z\"><\/path><\/svg><\/span>\n\t\t\t<span class='e-closed'><svg aria-hidden=\"true\" class=\"e-font-icon-svg e-fas-plus\" viewBox=\"0 0 448 512\" xmlns=\"http:\/\/www.w3.org\/2000\/svg\"><path d=\"M416 208H272V64c0-17.67-14.33-32-32-32h-32c-17.67 0-32 14.33-32 32v144H32c-17.67 0-32 14.33-32 32v32c0 17.67 14.33 32 32 32h144v144c0 17.67 14.33 32 32 32h32c17.67 0 32-14.33 32-32V304h144c17.67 0 32-14.33 32-32v-32c0-17.67-14.33-32-32-32z\"><\/path><\/svg><\/span>\n\t\t<\/span>\n\n\t\t\t\t\t\t<\/summary>\n\t\t\t\t<div role=\"region\" aria-labelledby=\"e-n-accordion-item-1340\" class=\"elementor-element elementor-element-cbea83b e-con-full e-flex e-con e-child\" data-id=\"cbea83b\" data-element_type=\"container\" data-e-type=\"container\">\n\t\t\t\t<div class=\"elementor-element elementor-element-d9052d2 elementor-widget elementor-widget-text-editor\" data-id=\"d9052d2\" data-element_type=\"widget\" data-e-type=\"widget\" data-widget_type=\"text-editor.default\">\n\t\t\t\t\t\t\t\t\t<p>Isolation thermique (UNE-EN ISO 10077-2-2020)<\/p><p>UF 1,3 w\/m2k<\/p>\t\t\t\t\t\t\t\t<\/div>\n\t\t\t\t<\/div>\n\t\t\t\t\t<\/details>\n\t\t\t\t\t<\/div>\n\t\t\t\t\t\t<\/div>\n\t\t\t\t<\/div>\n\t\t\t\t\t<\/div>\n\t\t\t\t<\/div>\n\t\t<div class=\"elementor-element elementor-element-9d97e80 e-flex e-con-boxed e-con e-parent\" data-id=\"9d97e80\" data-element_type=\"container\" data-e-type=\"container\">\n\t\t\t\t\t<div class=\"e-con-inner\">\n\t\t<div class=\"elementor-element elementor-element-a570222 e-con-full e-flex e-con e-child\" data-id=\"a570222\" data-element_type=\"container\" data-e-type=\"container\">\n\t\t\t\t<div class=\"elementor-element elementor-element-e5a319b elementor-widget elementor-widget-heading\" data-id=\"e5a319b\" data-element_type=\"widget\" data-e-type=\"widget\" data-widget_type=\"heading.default\">\n\t\t\t\t\t<h3 class=\"elementor-heading-title elementor-size-default\">Options d'ouverture<\/h3>\t\t\t\t<\/div>\n\t\t\t\t<div class=\"elementor-element elementor-element-9ab20db elementor-widget elementor-widget-image\" data-id=\"9ab20db\" data-element_type=\"widget\" data-e-type=\"widget\" data-widget_type=\"image.default\">\n\t\t\t\t\t\t\t\t\t\t\t\t\t\t\t<img decoding=\"async\" width=\"786\" height=\"486\" src=\"https:\/\/galisur.es\/wp-content\/files\/AR80-opciones-de-apertura.jpg\" class=\"attachment-full size-full wp-image-15426\" alt=\"\" srcset=\"https:\/\/galisur.es\/wp-content\/files\/AR80-opciones-de-apertura.jpg 786w, https:\/\/galisur.es\/wp-content\/files\/AR80-opciones-de-apertura-300x185.jpg 300w, https:\/\/galisur.es\/wp-content\/files\/AR80-opciones-de-apertura-768x475.jpg 768w\" sizes=\"(max-width: 786px) 100vw, 786px\" title=\"\">\t\t\t\t\t\t\t\t\t\t\t\t\t\t\t<\/div>\n\t\t\t\t<\/div>\n\t\t<div class=\"elementor-element elementor-element-a1301bb e-con-full e-flex e-con e-child\" data-id=\"a1301bb\" data-element_type=\"container\" data-e-type=\"container\">\n\t\t\t\t<div class=\"elementor-element elementor-element-7c58d68 elementor-widget elementor-widget-heading\" data-id=\"7c58d68\" data-element_type=\"widget\" data-e-type=\"widget\" data-widget_type=\"heading.default\">\n\t\t\t\t\t<h3 class=\"elementor-heading-title elementor-size-default\">Dimensions recommand\u00e9es<\/h3>\t\t\t\t<\/div>\n\t\t\t\t<div class=\"elementor-element elementor-element-d6e9f21 elementor-widget elementor-widget-image\" data-id=\"d6e9f21\" data-element_type=\"widget\" data-e-type=\"widget\" data-widget_type=\"image.default\">\n\t\t\t\t\t\t\t\t\t\t\t\t\t\t\t<img loading=\"lazy\" decoding=\"async\" width=\"800\" height=\"250\" src=\"https:\/\/galisur.es\/wp-content\/files\/AR80-dimensiones-recomendadas.jpg\" class=\"attachment-full size-full wp-image-15430\" alt=\"\" srcset=\"https:\/\/galisur.es\/wp-content\/files\/AR80-dimensiones-recomendadas.jpg 800w, https:\/\/galisur.es\/wp-content\/files\/AR80-dimensiones-recomendadas-300x94.jpg 300w, https:\/\/galisur.es\/wp-content\/files\/AR80-dimensiones-recomendadas-768x240.jpg 768w\" sizes=\"(max-width: 800px) 100vw, 800px\" title=\"\">\t\t\t\t\t\t\t\t\t\t\t\t\t\t\t<\/div>\n\t\t\t\t<\/div>\n\t\t\t\t\t<\/div>\n\t\t\t\t<\/div>\n\t\t\t\t<\/div>\n\t\t","protected":false},"excerpt":{"rendered":"<p>AR80 RPL Syst\u00e8me pliant \u00e0 livre de 77 mm de largeur avec rupture de pont thermique. Calage en verre jusqu&rsquo;\u00e0 58 mm. Roulements et rails en acier inoxydable. Polyamides renforc\u00e9s de fibre de verre de 34 mm dans les vantaux et de 24,8 mm dans les cadres. \u00c9querres en fonte d&rsquo;aluminium. Options : Diff\u00e9rentes options [&hellip;]<\/p>\n","protected":false},"author":1998,"featured_media":0,"parent":17499,"menu_order":0,"comment_status":"closed","ping_status":"closed","template":"","meta":{"footnotes":""},"class_list":["post-17515","page","type-page","status-publish","hentry"],"yoast_head":"<!-- This site is optimized with the Yoast SEO plugin v27.2 - https:\/\/yoast.com\/product\/yoast-seo-wordpress\/ -->\n<title>AR80 RPL | Aluminios Galisur<\/title>\n<meta name=\"description\" content=\"AR80 RPL Syst\u00e8me pliant \u00e0 livre de 77 mm de largeur avec rupture de pont thermique. Calage en verre jusqu&#039;\u00e0 58 mm. Roulements et rails en acier\" \/>\n<meta name=\"robots\" content=\"index, follow, max-snippet:-1, max-image-preview:large, max-video-preview:-1\" \/>\n<link rel=\"canonical\" href=\"https:\/\/galisur.es\/fr\/series-repliables\/ar80-rpl\/\" \/>\n<meta property=\"og:locale\" content=\"fr_FR\" \/>\n<meta property=\"og:type\" content=\"article\" \/>\n<meta property=\"og:title\" content=\"AR80 RPL | Aluminios Galisur\" \/>\n<meta property=\"og:description\" content=\"AR80 RPL Syst\u00e8me pliant \u00e0 livre de 77 mm de largeur avec rupture de pont thermique. Calage en verre jusqu&#039;\u00e0 58 mm. Roulements et rails en acier\" \/>\n<meta property=\"og:url\" content=\"https:\/\/galisur.es\/fr\/series-repliables\/ar80-rpl\/\" \/>\n<meta property=\"og:site_name\" content=\"Aluminios Galisur\" \/>\n<meta property=\"article:publisher\" content=\"https:\/\/www.facebook.com\/AluminiosGalisur\" \/>\n<meta property=\"article:modified_time\" content=\"2025-09-03T06:25:20+00:00\" \/>\n<meta property=\"og:image\" content=\"https:\/\/galisur.es\/wp-content\/files\/RPL-80-crema.png\" \/>\n\t<meta property=\"og:image:width\" content=\"1200\" \/>\n\t<meta property=\"og:image:height\" content=\"1200\" \/>\n\t<meta property=\"og:image:type\" content=\"image\/png\" \/>\n<meta name=\"twitter:card\" content=\"summary_large_image\" \/>\n<meta name=\"twitter:site\" content=\"@AluminioGalisur\" \/>\n<meta name=\"twitter:label1\" content=\"Dur\u00e9e de lecture estim\u00e9e\" \/>\n\t<meta name=\"twitter:data1\" content=\"1 minute\" \/>\n<script type=\"application\/ld+json\" class=\"yoast-schema-graph\">{\"@context\":\"https:\/\/schema.org\",\"@graph\":[{\"@type\":\"WebPage\",\"@id\":\"https:\/\/galisur.es\/fr\/series-repliables\/ar80-rpl\/\",\"url\":\"https:\/\/galisur.es\/fr\/series-repliables\/ar80-rpl\/\",\"name\":\"AR80 RPL | Aluminios Galisur\",\"isPartOf\":{\"@id\":\"https:\/\/galisur.es\/fr\/#website\"},\"primaryImageOfPage\":{\"@id\":\"https:\/\/galisur.es\/fr\/series-repliables\/ar80-rpl\/#primaryimage\"},\"image\":{\"@id\":\"https:\/\/galisur.es\/fr\/series-repliables\/ar80-rpl\/#primaryimage\"},\"thumbnailUrl\":\"https:\/\/galisur.es\/wp-content\/files\/RPL-80-crema.png\",\"datePublished\":\"2021-10-20T08:13:53+00:00\",\"dateModified\":\"2025-09-03T06:25:20+00:00\",\"description\":\"AR80 RPL Syst\u00e8me pliant \u00e0 livre de 77 mm de largeur avec rupture de pont thermique. Calage en verre jusqu'\u00e0 58 mm. Roulements et rails en acier\",\"breadcrumb\":{\"@id\":\"https:\/\/galisur.es\/fr\/series-repliables\/ar80-rpl\/#breadcrumb\"},\"inLanguage\":\"fr-FR\",\"potentialAction\":[{\"@type\":\"ReadAction\",\"target\":[\"https:\/\/galisur.es\/fr\/series-repliables\/ar80-rpl\/\"]}]},{\"@type\":\"ImageObject\",\"inLanguage\":\"fr-FR\",\"@id\":\"https:\/\/galisur.es\/fr\/series-repliables\/ar80-rpl\/#primaryimage\",\"url\":\"https:\/\/galisur.es\/wp-content\/files\/RPL-80-crema.png\",\"contentUrl\":\"https:\/\/galisur.es\/wp-content\/files\/RPL-80-crema.png\"},{\"@type\":\"BreadcrumbList\",\"@id\":\"https:\/\/galisur.es\/fr\/series-repliables\/ar80-rpl\/#breadcrumb\",\"itemListElement\":[{\"@type\":\"ListItem\",\"position\":1,\"name\":\"Portada\",\"item\":\"https:\/\/galisur.es\/fr\/\"},{\"@type\":\"ListItem\",\"position\":2,\"name\":\"S\u00e9ries repliables\",\"item\":\"https:\/\/galisur.es\/fr\/series-repliables\/\"},{\"@type\":\"ListItem\",\"position\":3,\"name\":\"AR80 RPL\"}]},{\"@type\":\"WebSite\",\"@id\":\"https:\/\/galisur.es\/fr\/#website\",\"url\":\"https:\/\/galisur.es\/fr\/\",\"name\":\"Aluminios Galisur\",\"description\":\"Aluminios Galisur\",\"publisher\":{\"@id\":\"https:\/\/galisur.es\/fr\/#organization\"},\"potentialAction\":[{\"@type\":\"SearchAction\",\"target\":{\"@type\":\"EntryPoint\",\"urlTemplate\":\"https:\/\/galisur.es\/fr\/?s={search_term_string}\"},\"query-input\":{\"@type\":\"PropertyValueSpecification\",\"valueRequired\":true,\"valueName\":\"search_term_string\"}}],\"inLanguage\":\"fr-FR\"},{\"@type\":\"Organization\",\"@id\":\"https:\/\/galisur.es\/fr\/#organization\",\"name\":\"Galisur\",\"url\":\"https:\/\/galisur.es\/fr\/\",\"logo\":{\"@type\":\"ImageObject\",\"inLanguage\":\"fr-FR\",\"@id\":\"https:\/\/galisur.es\/fr\/#\/schema\/logo\/image\/\",\"url\":\"https:\/\/galisur.es\/wp-content\/files\/2021\/03\/logo-35x15-1.png\",\"contentUrl\":\"https:\/\/galisur.es\/wp-content\/files\/2021\/03\/logo-35x15-1.png\",\"width\":370,\"height\":176,\"caption\":\"Galisur\"},\"image\":{\"@id\":\"https:\/\/galisur.es\/fr\/#\/schema\/logo\/image\/\"},\"sameAs\":[\"https:\/\/www.facebook.com\/AluminiosGalisur\",\"https:\/\/x.com\/AluminioGalisur\"]}]}<\/script>\n<!-- \/ Yoast SEO plugin. -->","yoast_head_json":{"title":"AR80 RPL | Aluminios Galisur","description":"AR80 RPL Syst\u00e8me pliant \u00e0 livre de 77 mm de largeur avec rupture de pont thermique. Calage en verre jusqu'\u00e0 58 mm. Roulements et rails en acier","robots":{"index":"index","follow":"follow","max-snippet":"max-snippet:-1","max-image-preview":"max-image-preview:large","max-video-preview":"max-video-preview:-1"},"canonical":"https:\/\/galisur.es\/fr\/series-repliables\/ar80-rpl\/","og_locale":"fr_FR","og_type":"article","og_title":"AR80 RPL | Aluminios Galisur","og_description":"AR80 RPL Syst\u00e8me pliant \u00e0 livre de 77 mm de largeur avec rupture de pont thermique. Calage en verre jusqu'\u00e0 58 mm. Roulements et rails en acier","og_url":"https:\/\/galisur.es\/fr\/series-repliables\/ar80-rpl\/","og_site_name":"Aluminios Galisur","article_publisher":"https:\/\/www.facebook.com\/AluminiosGalisur","article_modified_time":"2025-09-03T06:25:20+00:00","og_image":[{"width":1200,"height":1200,"url":"https:\/\/galisur.es\/wp-content\/files\/RPL-80-crema.png","type":"image\/png"}],"twitter_card":"summary_large_image","twitter_site":"@AluminioGalisur","twitter_misc":{"Dur\u00e9e de lecture estim\u00e9e":"1 minute"},"schema":{"@context":"https:\/\/schema.org","@graph":[{"@type":"WebPage","@id":"https:\/\/galisur.es\/fr\/series-repliables\/ar80-rpl\/","url":"https:\/\/galisur.es\/fr\/series-repliables\/ar80-rpl\/","name":"AR80 RPL | Aluminios Galisur","isPartOf":{"@id":"https:\/\/galisur.es\/fr\/#website"},"primaryImageOfPage":{"@id":"https:\/\/galisur.es\/fr\/series-repliables\/ar80-rpl\/#primaryimage"},"image":{"@id":"https:\/\/galisur.es\/fr\/series-repliables\/ar80-rpl\/#primaryimage"},"thumbnailUrl":"https:\/\/galisur.es\/wp-content\/files\/RPL-80-crema.png","datePublished":"2021-10-20T08:13:53+00:00","dateModified":"2025-09-03T06:25:20+00:00","description":"AR80 RPL Syst\u00e8me pliant \u00e0 livre de 77 mm de largeur avec rupture de pont thermique. Calage en verre jusqu'\u00e0 58 mm. Roulements et rails en acier","breadcrumb":{"@id":"https:\/\/galisur.es\/fr\/series-repliables\/ar80-rpl\/#breadcrumb"},"inLanguage":"fr-FR","potentialAction":[{"@type":"ReadAction","target":["https:\/\/galisur.es\/fr\/series-repliables\/ar80-rpl\/"]}]},{"@type":"ImageObject","inLanguage":"fr-FR","@id":"https:\/\/galisur.es\/fr\/series-repliables\/ar80-rpl\/#primaryimage","url":"https:\/\/galisur.es\/wp-content\/files\/RPL-80-crema.png","contentUrl":"https:\/\/galisur.es\/wp-content\/files\/RPL-80-crema.png"},{"@type":"BreadcrumbList","@id":"https:\/\/galisur.es\/fr\/series-repliables\/ar80-rpl\/#breadcrumb","itemListElement":[{"@type":"ListItem","position":1,"name":"Portada","item":"https:\/\/galisur.es\/fr\/"},{"@type":"ListItem","position":2,"name":"S\u00e9ries repliables","item":"https:\/\/galisur.es\/fr\/series-repliables\/"},{"@type":"ListItem","position":3,"name":"AR80 RPL"}]},{"@type":"WebSite","@id":"https:\/\/galisur.es\/fr\/#website","url":"https:\/\/galisur.es\/fr\/","name":"Aluminios Galisur","description":"Aluminios Galisur","publisher":{"@id":"https:\/\/galisur.es\/fr\/#organization"},"potentialAction":[{"@type":"SearchAction","target":{"@type":"EntryPoint","urlTemplate":"https:\/\/galisur.es\/fr\/?s={search_term_string}"},"query-input":{"@type":"PropertyValueSpecification","valueRequired":true,"valueName":"search_term_string"}}],"inLanguage":"fr-FR"},{"@type":"Organization","@id":"https:\/\/galisur.es\/fr\/#organization","name":"Galisur","url":"https:\/\/galisur.es\/fr\/","logo":{"@type":"ImageObject","inLanguage":"fr-FR","@id":"https:\/\/galisur.es\/fr\/#\/schema\/logo\/image\/","url":"https:\/\/galisur.es\/wp-content\/files\/2021\/03\/logo-35x15-1.png","contentUrl":"https:\/\/galisur.es\/wp-content\/files\/2021\/03\/logo-35x15-1.png","width":370,"height":176,"caption":"Galisur"},"image":{"@id":"https:\/\/galisur.es\/fr\/#\/schema\/logo\/image\/"},"sameAs":["https:\/\/www.facebook.com\/AluminiosGalisur","https:\/\/x.com\/AluminioGalisur"]}]}},"_links":{"self":[{"href":"https:\/\/galisur.es\/fr\/wp-json\/wp\/v2\/pages\/17515","targetHints":{"allow":["GET"]}}],"collection":[{"href":"https:\/\/galisur.es\/fr\/wp-json\/wp\/v2\/pages"}],"about":[{"href":"https:\/\/galisur.es\/fr\/wp-json\/wp\/v2\/types\/page"}],"author":[{"embeddable":true,"href":"https:\/\/galisur.es\/fr\/wp-json\/wp\/v2\/users\/1998"}],"replies":[{"embeddable":true,"href":"https:\/\/galisur.es\/fr\/wp-json\/wp\/v2\/comments?post=17515"}],"version-history":[{"count":4,"href":"https:\/\/galisur.es\/fr\/wp-json\/wp\/v2\/pages\/17515\/revisions"}],"predecessor-version":[{"id":19184,"href":"https:\/\/galisur.es\/fr\/wp-json\/wp\/v2\/pages\/17515\/revisions\/19184"}],"up":[{"embeddable":true,"href":"https:\/\/galisur.es\/fr\/wp-json\/wp\/v2\/pages\/17499"}],"wp:attachment":[{"href":"https:\/\/galisur.es\/fr\/wp-json\/wp\/v2\/media?parent=17515"}],"curies":[{"name":"wp","href":"https:\/\/api.w.org\/{rel}","templated":true}]}}