{"id":17329,"date":"2021-03-17T09:46:11","date_gmt":"2021-03-17T08:46:11","guid":{"rendered":"https:\/\/nervous-gagarin.141-94-206-129.plesk.page\/serie-abatibles\/ar70\/"},"modified":"2025-06-23T18:17:10","modified_gmt":"2025-06-23T16:17:10","slug":"ar70","status":"publish","type":"page","link":"https:\/\/galisur.es\/fr\/serie-abatibles\/ar70\/","title":{"rendered":"AR70"},"content":{"rendered":"\t\t<div data-elementor-type=\"wp-page\" data-elementor-id=\"17329\" class=\"elementor elementor-17329 elementor-6989\" data-elementor-post-type=\"page\">\n\t\t\t\t<div class=\"elementor-element elementor-element-a6c4a14 e-flex e-con-boxed e-con e-parent\" data-id=\"a6c4a14\" data-element_type=\"container\" data-e-type=\"container\">\n\t\t\t\t\t<div class=\"e-con-inner\">\n\t\t<div class=\"elementor-element elementor-element-c7ed538 e-con-full e-flex e-con e-child\" data-id=\"c7ed538\" data-element_type=\"container\" data-e-type=\"container\">\n\t\t\t\t<div class=\"elementor-element elementor-element-66f0860 elementor-widget elementor-widget-image\" data-id=\"66f0860\" data-element_type=\"widget\" data-e-type=\"widget\" data-widget_type=\"image.default\">\n\t\t\t\t\t\t\t\t\t\t\t\t\t\t\t<img fetchpriority=\"high\" decoding=\"async\" width=\"1200\" height=\"1200\" src=\"https:\/\/galisur.es\/wp-content\/files\/AR70-1.png\" class=\"attachment-full size-full wp-image-16382\" alt=\"SERIE ABATIBLE CON ROTURA PUENTE T\u00c9RMICO\" srcset=\"https:\/\/galisur.es\/wp-content\/files\/AR70-1.png 1200w, https:\/\/galisur.es\/wp-content\/files\/AR70-1-300x300.png 300w, https:\/\/galisur.es\/wp-content\/files\/AR70-1-1024x1024.png 1024w, https:\/\/galisur.es\/wp-content\/files\/AR70-1-150x150.png 150w, https:\/\/galisur.es\/wp-content\/files\/AR70-1-768x768.png 768w, https:\/\/galisur.es\/wp-content\/files\/AR70-1-800x800.png 800w\" sizes=\"(max-width: 1200px) 100vw, 1200px\" title=\"\">\t\t\t\t\t\t\t\t\t\t\t\t\t\t\t<\/div>\n\t\t\t\t<\/div>\n\t\t<div class=\"elementor-element elementor-element-fcebf6b e-con-full e-flex e-con e-child\" data-id=\"fcebf6b\" data-element_type=\"container\" data-e-type=\"container\">\n\t\t\t\t<div class=\"elementor-element elementor-element-0d8c152 elementor-widget elementor-widget-heading\" data-id=\"0d8c152\" data-element_type=\"widget\" data-e-type=\"widget\" data-widget_type=\"heading.default\">\n\t\t\t\t\t<h1 class=\"elementor-heading-title elementor-size-default\">AR70<\/h1>\t\t\t\t<\/div>\n\t\t\t\t<div class=\"elementor-element elementor-element-3c780b9 elementor-widget elementor-widget-text-editor\" data-id=\"3c780b9\" data-element_type=\"widget\" data-e-type=\"widget\" data-widget_type=\"text-editor.default\">\n\t\t\t\t\t\t\t\t\t<p>Syst\u00e8me battant de 70 mm de profondeur de cadre avec vitrage jusqu&rsquo;\u00e0 58 mm. Profil\u00e9s \u00e0 chambre europ\u00e9enne avec rupture de pont thermique. Polyamides avec fibre de verre de 34,8 mm. \u00c9querres en aluminium avec visserie inox. Isolation acoustique jusqu&rsquo;\u00e0 39 dB. Drainage invisible du vantail.   <\/p><p>Options :<\/p><ul><li>Ferrure avec g\u00e2ches standard<\/li><li>Ferrure avec g\u00e2ches de s\u00e9curit\u00e9 RC2.<\/li><\/ul><p><br>Transmittance du cadre UHm = 1,94 W\/m<b>\u00b2<\/b>k<br>Transmittance de l&rsquo;ouverture jusqu&rsquo;\u00e0 UHv = 1,6 W\/m<b>\u00b2<\/b>k<\/p>\t\t\t\t\t\t\t\t<\/div>\n\t\t\t\t<\/div>\n\t\t\t\t\t<\/div>\n\t\t\t\t<\/div>\n\t\t<div class=\"elementor-element elementor-element-f8e17ec e-flex e-con-boxed e-con e-parent\" data-id=\"f8e17ec\" data-element_type=\"container\" data-e-type=\"container\" data-settings=\"{&quot;background_background&quot;:&quot;classic&quot;}\">\n\t\t\t\t\t<div class=\"e-con-inner\">\n\t\t<div class=\"elementor-element elementor-element-ee48456 e-con-full e-flex e-con e-child\" data-id=\"ee48456\" data-element_type=\"container\" data-e-type=\"container\">\n\t\t\t\t<div class=\"elementor-element elementor-element-1c7be61 elementor-widget elementor-widget-heading\" data-id=\"1c7be61\" data-element_type=\"widget\" data-e-type=\"widget\" data-widget_type=\"heading.default\">\n\t\t\t\t\t<p class=\"elementor-heading-title elementor-size-default\">Fiche technique<\/p>\t\t\t\t<\/div>\n\t\t\t\t<div class=\"elementor-element elementor-element-67ab822 elementor-widget elementor-widget-text-editor\" data-id=\"67ab822\" data-element_type=\"widget\" data-e-type=\"widget\" data-widget_type=\"text-editor.default\">\n\t\t\t\t\t\t\t\t\t<p><a href=\"https:\/\/galisur.es\/fr\/enregistrement\/\">Inscrivez-vous ici<\/a> pour acc\u00e9der au document.<\/p>\t\t\t\t\t\t\t\t<\/div>\n\t\t\t\t<\/div>\n\t\t<div class=\"elementor-element elementor-element-1d21762 e-con-full e-flex e-con e-child\" data-id=\"1d21762\" data-element_type=\"container\" data-e-type=\"container\">\n\t\t\t\t<div class=\"elementor-element elementor-element-45111a7 elementor-widget elementor-widget-heading\" data-id=\"45111a7\" data-element_type=\"widget\" data-e-type=\"widget\" data-widget_type=\"heading.default\">\n\t\t\t\t\t<p class=\"elementor-heading-title elementor-size-default\">Catalogue<\/p>\t\t\t\t<\/div>\n\t\t\t\t<div class=\"elementor-element elementor-element-5b2f068 elementor-widget elementor-widget-text-editor\" data-id=\"5b2f068\" data-element_type=\"widget\" data-e-type=\"widget\" data-widget_type=\"text-editor.default\">\n\t\t\t\t\t\t\t\t\t<p><a href=\"https:\/\/galisur.es\/fr\/enregistrement\/\">Inscrivez-vous ici<\/a> pour acc\u00e9der au document.<\/p>\t\t\t\t\t\t\t\t<\/div>\n\t\t\t\t<\/div>\n\t\t\t\t\t<\/div>\n\t\t\t\t<\/div>\n\t\t<div class=\"elementor-element elementor-element-0f7407e e-flex e-con-boxed e-con e-parent\" data-id=\"0f7407e\" data-element_type=\"container\" data-e-type=\"container\">\n\t\t\t\t\t<div class=\"e-con-inner\">\n\t\t<div class=\"elementor-element elementor-element-15f1637 e-con-full e-flex e-con e-child\" data-id=\"15f1637\" data-element_type=\"container\" data-e-type=\"container\">\n\t\t\t\t<div class=\"elementor-element elementor-element-722e7cd elementor-widget elementor-widget-image\" data-id=\"722e7cd\" data-element_type=\"widget\" data-e-type=\"widget\" data-widget_type=\"image.default\">\n\t\t\t\t\t\t\t\t\t\t\t\t\t\t\t<img decoding=\"async\" width=\"1200\" height=\"1200\" src=\"https:\/\/galisur.es\/wp-content\/files\/AR70-detalle.png\" class=\"attachment-full size-full wp-image-16378\" alt=\"SERIE ABATIBLE CON ROTURA PUENTE T\u00c9RMICO\" srcset=\"https:\/\/galisur.es\/wp-content\/files\/AR70-detalle.png 1200w, https:\/\/galisur.es\/wp-content\/files\/AR70-detalle-300x300.png 300w, https:\/\/galisur.es\/wp-content\/files\/AR70-detalle-1024x1024.png 1024w, https:\/\/galisur.es\/wp-content\/files\/AR70-detalle-150x150.png 150w, https:\/\/galisur.es\/wp-content\/files\/AR70-detalle-768x768.png 768w, https:\/\/galisur.es\/wp-content\/files\/AR70-detalle-800x800.png 800w\" sizes=\"(max-width: 1200px) 100vw, 1200px\" title=\"\">\t\t\t\t\t\t\t\t\t\t\t\t\t\t\t<\/div>\n\t\t\t\t<\/div>\n\t\t<div class=\"elementor-element elementor-element-d9c0617 e-con-full e-flex e-con e-child\" data-id=\"d9c0617\" data-element_type=\"container\" data-e-type=\"container\">\n\t\t\t\t<div class=\"elementor-element elementor-element-1a5ac76 elementor-widget elementor-widget-heading\" data-id=\"1a5ac76\" data-element_type=\"widget\" data-e-type=\"widget\" data-widget_type=\"heading.default\">\n\t\t\t\t\t<h2 class=\"elementor-heading-title elementor-size-default\">Classification des essais<\/h2>\t\t\t\t<\/div>\n\t\t\t\t<div class=\"elementor-element elementor-element-de67e83 elementor-widget elementor-widget-n-accordion\" data-id=\"de67e83\" data-element_type=\"widget\" data-e-type=\"widget\" data-settings=\"{&quot;default_state&quot;:&quot;expanded&quot;,&quot;max_items_expended&quot;:&quot;one&quot;,&quot;n_accordion_animation_duration&quot;:{&quot;unit&quot;:&quot;ms&quot;,&quot;size&quot;:400,&quot;sizes&quot;:[]}}\" data-widget_type=\"nested-accordion.default\">\n\t\t\t\t\t\t\t<div class=\"e-n-accordion\" aria-label=\"Accordion. Open links with Enter or Space, close with Escape, and navigate with Arrow Keys\">\n\t\t\t\t\t\t<details id=\"e-n-accordion-item-2330\" class=\"e-n-accordion-item\" open>\n\t\t\t\t<summary class=\"e-n-accordion-item-title\" data-accordion-index=\"1\" tabindex=\"0\" aria-expanded=\"true\" aria-controls=\"e-n-accordion-item-2330\" >\n\t\t\t\t\t<span class='e-n-accordion-item-title-header'><div class=\"e-n-accordion-item-title-text\"> Perm\u00e9abilit\u00e9 \u00e0 l'air <\/div><\/span>\n\t\t\t\t\t\t\t<span class='e-n-accordion-item-title-icon'>\n\t\t\t<span class='e-opened' ><svg aria-hidden=\"true\" class=\"e-font-icon-svg e-fas-minus\" viewBox=\"0 0 448 512\" xmlns=\"http:\/\/www.w3.org\/2000\/svg\"><path d=\"M416 208H32c-17.67 0-32 14.33-32 32v32c0 17.67 14.33 32 32 32h384c17.67 0 32-14.33 32-32v-32c0-17.67-14.33-32-32-32z\"><\/path><\/svg><\/span>\n\t\t\t<span class='e-closed'><svg aria-hidden=\"true\" class=\"e-font-icon-svg e-fas-plus\" viewBox=\"0 0 448 512\" xmlns=\"http:\/\/www.w3.org\/2000\/svg\"><path d=\"M416 208H272V64c0-17.67-14.33-32-32-32h-32c-17.67 0-32 14.33-32 32v144H32c-17.67 0-32 14.33-32 32v32c0 17.67 14.33 32 32 32h144v144c0 17.67 14.33 32 32 32h32c17.67 0 32-14.33 32-32V304h144c17.67 0 32-14.33 32-32v-32c0-17.67-14.33-32-32-32z\"><\/path><\/svg><\/span>\n\t\t<\/span>\n\n\t\t\t\t\t\t<\/summary>\n\t\t\t\t<div role=\"region\" aria-labelledby=\"e-n-accordion-item-2330\" class=\"elementor-element elementor-element-bad20cf e-con-full e-flex e-con e-child\" data-id=\"bad20cf\" data-element_type=\"container\" data-e-type=\"container\">\n\t\t\t\t<div class=\"elementor-element elementor-element-8ca055d elementor-widget elementor-widget-text-editor\" data-id=\"8ca055d\" data-element_type=\"widget\" data-e-type=\"widget\" data-widget_type=\"text-editor.default\">\n\t\t\t\t\t\t\t\t\t<p>Classe 4 (UNE-EN 12207:200)<\/p>\t\t\t\t\t\t\t\t<\/div>\n\t\t\t\t<\/div>\n\t\t\t\t\t<\/details>\n\t\t\t\t\t\t<details id=\"e-n-accordion-item-2331\" class=\"e-n-accordion-item\" >\n\t\t\t\t<summary class=\"e-n-accordion-item-title\" data-accordion-index=\"2\" tabindex=\"-1\" aria-expanded=\"false\" aria-controls=\"e-n-accordion-item-2331\" >\n\t\t\t\t\t<span class='e-n-accordion-item-title-header'><div class=\"e-n-accordion-item-title-text\"> \u00c9tanch\u00e9it\u00e9 \u00e0 l'eau <\/div><\/span>\n\t\t\t\t\t\t\t<span class='e-n-accordion-item-title-icon'>\n\t\t\t<span class='e-opened' ><svg aria-hidden=\"true\" class=\"e-font-icon-svg e-fas-minus\" viewBox=\"0 0 448 512\" xmlns=\"http:\/\/www.w3.org\/2000\/svg\"><path d=\"M416 208H32c-17.67 0-32 14.33-32 32v32c0 17.67 14.33 32 32 32h384c17.67 0 32-14.33 32-32v-32c0-17.67-14.33-32-32-32z\"><\/path><\/svg><\/span>\n\t\t\t<span class='e-closed'><svg aria-hidden=\"true\" class=\"e-font-icon-svg e-fas-plus\" viewBox=\"0 0 448 512\" xmlns=\"http:\/\/www.w3.org\/2000\/svg\"><path d=\"M416 208H272V64c0-17.67-14.33-32-32-32h-32c-17.67 0-32 14.33-32 32v144H32c-17.67 0-32 14.33-32 32v32c0 17.67 14.33 32 32 32h144v144c0 17.67 14.33 32 32 32h32c17.67 0 32-14.33 32-32V304h144c17.67 0 32-14.33 32-32v-32c0-17.67-14.33-32-32-32z\"><\/path><\/svg><\/span>\n\t\t<\/span>\n\n\t\t\t\t\t\t<\/summary>\n\t\t\t\t<div role=\"region\" aria-labelledby=\"e-n-accordion-item-2331\" class=\"elementor-element elementor-element-f80e879 e-con-full e-flex e-con e-child\" data-id=\"f80e879\" data-element_type=\"container\" data-e-type=\"container\">\n\t\t\t\t<div class=\"elementor-element elementor-element-cfbeb77 elementor-widget elementor-widget-text-editor\" data-id=\"cfbeb77\" data-element_type=\"widget\" data-e-type=\"widget\" data-widget_type=\"text-editor.default\">\n\t\t\t\t\t\t\t\t\t<p>Classe E1950 (UNE-EN 12208:200)<\/p>\t\t\t\t\t\t\t\t<\/div>\n\t\t\t\t<\/div>\n\t\t\t\t\t<\/details>\n\t\t\t\t\t\t<details id=\"e-n-accordion-item-2332\" class=\"e-n-accordion-item\" >\n\t\t\t\t<summary class=\"e-n-accordion-item-title\" data-accordion-index=\"3\" tabindex=\"-1\" aria-expanded=\"false\" aria-controls=\"e-n-accordion-item-2332\" >\n\t\t\t\t\t<span class='e-n-accordion-item-title-header'><div class=\"e-n-accordion-item-title-text\"> R\u00e9sistance au vent <\/div><\/span>\n\t\t\t\t\t\t\t<span class='e-n-accordion-item-title-icon'>\n\t\t\t<span class='e-opened' ><svg aria-hidden=\"true\" class=\"e-font-icon-svg e-fas-minus\" viewBox=\"0 0 448 512\" xmlns=\"http:\/\/www.w3.org\/2000\/svg\"><path d=\"M416 208H32c-17.67 0-32 14.33-32 32v32c0 17.67 14.33 32 32 32h384c17.67 0 32-14.33 32-32v-32c0-17.67-14.33-32-32-32z\"><\/path><\/svg><\/span>\n\t\t\t<span class='e-closed'><svg aria-hidden=\"true\" class=\"e-font-icon-svg e-fas-plus\" viewBox=\"0 0 448 512\" xmlns=\"http:\/\/www.w3.org\/2000\/svg\"><path d=\"M416 208H272V64c0-17.67-14.33-32-32-32h-32c-17.67 0-32 14.33-32 32v144H32c-17.67 0-32 14.33-32 32v32c0 17.67 14.33 32 32 32h144v144c0 17.67 14.33 32 32 32h32c17.67 0 32-14.33 32-32V304h144c17.67 0 32-14.33 32-32v-32c0-17.67-14.33-32-32-32z\"><\/path><\/svg><\/span>\n\t\t<\/span>\n\n\t\t\t\t\t\t<\/summary>\n\t\t\t\t<div role=\"region\" aria-labelledby=\"e-n-accordion-item-2332\" class=\"elementor-element elementor-element-9860e75 e-con-full e-flex e-con e-child\" data-id=\"9860e75\" data-element_type=\"container\" data-e-type=\"container\">\n\t\t\t\t<div class=\"elementor-element elementor-element-40684c2 elementor-widget elementor-widget-text-editor\" data-id=\"40684c2\" data-element_type=\"widget\" data-e-type=\"widget\" data-widget_type=\"text-editor.default\">\n\t\t\t\t\t\t\t\t\t<p>C5 (UNE-EN 12209:200)<\/p>\t\t\t\t\t\t\t\t<\/div>\n\t\t\t\t<\/div>\n\t\t\t\t\t<\/details>\n\t\t\t\t\t<\/div>\n\t\t\t\t\t\t<\/div>\n\t\t\t\t<\/div>\n\t\t\t\t\t<\/div>\n\t\t\t\t<\/div>\n\t\t<div class=\"elementor-element elementor-element-6440097 e-flex e-con-boxed e-con e-parent\" data-id=\"6440097\" data-element_type=\"container\" data-e-type=\"container\">\n\t\t\t\t\t<div class=\"e-con-inner\">\n\t\t\t\t<div class=\"elementor-element elementor-element-7a14e44 elementor-widget elementor-widget-heading\" data-id=\"7a14e44\" data-element_type=\"widget\" data-e-type=\"widget\" data-widget_type=\"heading.default\">\n\t\t\t\t\t<h3 class=\"elementor-heading-title elementor-size-default\">Dimensions recommand\u00e9es<\/h3>\t\t\t\t<\/div>\n\t\t\t\t<div class=\"elementor-element elementor-element-40b75cb elementor-widget elementor-widget-image\" data-id=\"40b75cb\" data-element_type=\"widget\" data-e-type=\"widget\" data-widget_type=\"image.default\">\n\t\t\t\t\t\t\t\t\t\t\t\t\t\t\t<img decoding=\"async\" width=\"1024\" height=\"499\" src=\"https:\/\/galisur.es\/wp-content\/files\/DIMENSIONES-AR60.png\" class=\"attachment-full size-full wp-image-16794\" alt=\"\" srcset=\"https:\/\/galisur.es\/wp-content\/files\/DIMENSIONES-AR60.png 1024w, https:\/\/galisur.es\/wp-content\/files\/DIMENSIONES-AR60-300x146.png 300w, https:\/\/galisur.es\/wp-content\/files\/DIMENSIONES-AR60-768x374.png 768w\" sizes=\"(max-width: 1024px) 100vw, 1024px\" title=\"\">\t\t\t\t\t\t\t\t\t\t\t\t\t\t\t<\/div>\n\t\t\t\t\t<\/div>\n\t\t\t\t<\/div>\n\t\t<div class=\"elementor-element elementor-element-29fdc07 e-flex e-con-boxed e-con e-parent\" data-id=\"29fdc07\" data-element_type=\"container\" data-e-type=\"container\" data-settings=\"{&quot;background_background&quot;:&quot;classic&quot;}\">\n\t\t\t\t\t<div class=\"e-con-inner\">\n\t\t\t\t<div class=\"elementor-element elementor-element-7016e61 elementor-widget elementor-widget-heading\" data-id=\"7016e61\" data-element_type=\"widget\" data-e-type=\"widget\" data-widget_type=\"heading.default\">\n\t\t\t\t\t<h3 class=\"elementor-heading-title elementor-size-default\">Avantages<\/h3>\t\t\t\t<\/div>\n\t\t\t\t<div class=\"elementor-element elementor-element-690bfa6 elementor-widget elementor-widget-text-editor\" data-id=\"690bfa6\" data-element_type=\"widget\" data-e-type=\"widget\" data-widget_type=\"text-editor.default\">\n\t\t\t\t\t\t\t\t\t<p>Les syst\u00e8mes de profil\u00e9s en aluminium battants AR70 offrent d&rsquo;excellentes performances et caract\u00e9ristiques techniques gr\u00e2ce \u00e0 la haute qualit\u00e9 de l&rsquo;aluminium Galisur. Cette menuiserie AR70 est fabriqu\u00e9e avec des polyamides de 34,8 mm et une connexion m\u00e9canique solide entre le polyamide et la structure en aluminium. <\/p><ul><li><b>R\u00e9duit le bruit ext\u00e9rieur<\/b> : cette menuiserie en aluminium apporte un confort \u00e0 l&rsquo;int\u00e9rieur de la maison\/du commerce gr\u00e2ce \u00e0 la protection contre la pollution sonore.<\/li><li><b>Double \u00e9querres en aluminium<\/b> : aluminium inject\u00e9 avec bouton-poussoir dans les onglets.<\/li><li aria-level=\"1\"><b>Entretien minimal<\/b> : gr\u00e2ce \u00e0 la grande qualit\u00e9 de ses profil\u00e9s en aluminium, notre fen\u00eatre ou porte battante ne n\u00e9cessite qu&rsquo;un entretien annuel minimal.<\/li><li><b>S\u00e9curit\u00e9 des fermetures<\/b> : les profil\u00e9s Galisur sont con\u00e7us pour offrir la possibilit\u00e9 de fermetures standard, de s\u00e9curit\u00e9 RC2 et de fermetures \u00e0 pression.<\/li><li aria-level=\"1\"><b>Diff\u00e9rentes finitions<\/b> : nous vous proposons une large gamme de couleurs RAL et de textures exclusives pour le laquage de votre fen\u00eatre battante.<\/li><\/ul>\t\t\t\t\t\t\t\t<\/div>\n\t\t\t\t\t<\/div>\n\t\t\t\t<\/div>\n\t\t\t\t<\/div>\n\t\t","protected":false},"excerpt":{"rendered":"<p>AR70 Syst\u00e8me battant de 70 mm de profondeur de cadre avec vitrage jusqu&rsquo;\u00e0 58 mm. Profil\u00e9s \u00e0 chambre europ\u00e9enne avec rupture de pont thermique. Polyamides avec fibre de verre de 34,8 mm. \u00c9querres en aluminium avec visserie inox. Isolation acoustique jusqu&rsquo;\u00e0 39 dB. Drainage invisible du vantail. Options : Ferrure avec g\u00e2ches standard Ferrure avec [&hellip;]<\/p>\n","protected":false},"author":1998,"featured_media":0,"parent":17247,"menu_order":0,"comment_status":"closed","ping_status":"closed","template":"","meta":{"footnotes":""},"class_list":["post-17329","page","type-page","status-publish","hentry"],"yoast_head":"<!-- This site is optimized with the Yoast SEO plugin v27.2 - https:\/\/yoast.com\/product\/yoast-seo-wordpress\/ -->\n<title>AR70 | S\u00e9rie rabattable RPT | Aluminios Galisur<\/title>\n<meta name=\"description\" content=\"Syst\u00e8me battant avec cadre de 70 mm de profondeur et vitrage jusqu&#039;\u00e0 58 mm. Isolation acoustique jusqu&#039;\u00e0 39 dB.\" \/>\n<meta name=\"robots\" content=\"index, follow, max-snippet:-1, max-image-preview:large, max-video-preview:-1\" \/>\n<link rel=\"canonical\" href=\"https:\/\/galisur.es\/fr\/serie-abatibles\/ar70\/\" \/>\n<meta property=\"og:locale\" content=\"fr_FR\" \/>\n<meta property=\"og:type\" content=\"article\" \/>\n<meta property=\"og:title\" content=\"AR70 | S\u00e9rie rabattable RPT | Aluminios Galisur\" \/>\n<meta property=\"og:description\" content=\"Syst\u00e8me battant avec cadre de 70 mm de profondeur et vitrage jusqu&#039;\u00e0 58 mm. Isolation acoustique jusqu&#039;\u00e0 39 dB.\" \/>\n<meta property=\"og:url\" content=\"https:\/\/galisur.es\/fr\/serie-abatibles\/ar70\/\" \/>\n<meta property=\"og:site_name\" content=\"Aluminios Galisur\" \/>\n<meta property=\"article:publisher\" content=\"https:\/\/www.facebook.com\/AluminiosGalisur\" \/>\n<meta property=\"article:modified_time\" content=\"2025-06-23T16:17:10+00:00\" \/>\n<meta property=\"og:image\" content=\"https:\/\/galisur.es\/wp-content\/uploads\/AR70-1.png\" \/>\n<meta name=\"twitter:card\" content=\"summary_large_image\" \/>\n<meta name=\"twitter:site\" content=\"@AluminioGalisur\" \/>\n<meta name=\"twitter:label1\" content=\"Dur\u00e9e de lecture estim\u00e9e\" \/>\n\t<meta name=\"twitter:data1\" content=\"1 minute\" \/>\n<script type=\"application\/ld+json\" class=\"yoast-schema-graph\">{\"@context\":\"https:\/\/schema.org\",\"@graph\":[{\"@type\":\"WebPage\",\"@id\":\"https:\/\/galisur.es\/fr\/serie-abatibles\/ar70\/\",\"url\":\"https:\/\/galisur.es\/fr\/serie-abatibles\/ar70\/\",\"name\":\"AR70 | S\u00e9rie rabattable RPT | Aluminios Galisur\",\"isPartOf\":{\"@id\":\"https:\/\/galisur.es\/fr\/#website\"},\"primaryImageOfPage\":{\"@id\":\"https:\/\/galisur.es\/fr\/serie-abatibles\/ar70\/#primaryimage\"},\"image\":{\"@id\":\"https:\/\/galisur.es\/fr\/serie-abatibles\/ar70\/#primaryimage\"},\"thumbnailUrl\":\"https:\/\/galisur.es\/wp-content\/uploads\/AR70-1.png\",\"datePublished\":\"2021-03-17T08:46:11+00:00\",\"dateModified\":\"2025-06-23T16:17:10+00:00\",\"description\":\"Syst\u00e8me battant avec cadre de 70 mm de profondeur et vitrage jusqu'\u00e0 58 mm. Isolation acoustique jusqu'\u00e0 39 dB.\",\"breadcrumb\":{\"@id\":\"https:\/\/galisur.es\/fr\/serie-abatibles\/ar70\/#breadcrumb\"},\"inLanguage\":\"fr-FR\",\"potentialAction\":[{\"@type\":\"ReadAction\",\"target\":[\"https:\/\/galisur.es\/fr\/serie-abatibles\/ar70\/\"]}]},{\"@type\":\"ImageObject\",\"inLanguage\":\"fr-FR\",\"@id\":\"https:\/\/galisur.es\/fr\/serie-abatibles\/ar70\/#primaryimage\",\"url\":\"https:\/\/galisur.es\/wp-content\/uploads\/AR70-1.png\",\"contentUrl\":\"https:\/\/galisur.es\/wp-content\/uploads\/AR70-1.png\"},{\"@type\":\"BreadcrumbList\",\"@id\":\"https:\/\/galisur.es\/fr\/serie-abatibles\/ar70\/#breadcrumb\",\"itemListElement\":[{\"@type\":\"ListItem\",\"position\":1,\"name\":\"Portada\",\"item\":\"https:\/\/galisur.es\/fr\/\"},{\"@type\":\"ListItem\",\"position\":2,\"name\":\"S\u00e9rie abatibles\",\"item\":\"https:\/\/galisur.es\/fr\/?page_id=17247\"},{\"@type\":\"ListItem\",\"position\":3,\"name\":\"AR70\"}]},{\"@type\":\"WebSite\",\"@id\":\"https:\/\/galisur.es\/fr\/#website\",\"url\":\"https:\/\/galisur.es\/fr\/\",\"name\":\"Aluminios Galisur\",\"description\":\"Aluminios Galisur\",\"publisher\":{\"@id\":\"https:\/\/galisur.es\/fr\/#organization\"},\"potentialAction\":[{\"@type\":\"SearchAction\",\"target\":{\"@type\":\"EntryPoint\",\"urlTemplate\":\"https:\/\/galisur.es\/fr\/?s={search_term_string}\"},\"query-input\":{\"@type\":\"PropertyValueSpecification\",\"valueRequired\":true,\"valueName\":\"search_term_string\"}}],\"inLanguage\":\"fr-FR\"},{\"@type\":\"Organization\",\"@id\":\"https:\/\/galisur.es\/fr\/#organization\",\"name\":\"Galisur\",\"url\":\"https:\/\/galisur.es\/fr\/\",\"logo\":{\"@type\":\"ImageObject\",\"inLanguage\":\"fr-FR\",\"@id\":\"https:\/\/galisur.es\/fr\/#\/schema\/logo\/image\/\",\"url\":\"https:\/\/galisur.es\/wp-content\/files\/2021\/03\/logo-35x15-1.png\",\"contentUrl\":\"https:\/\/galisur.es\/wp-content\/files\/2021\/03\/logo-35x15-1.png\",\"width\":370,\"height\":176,\"caption\":\"Galisur\"},\"image\":{\"@id\":\"https:\/\/galisur.es\/fr\/#\/schema\/logo\/image\/\"},\"sameAs\":[\"https:\/\/www.facebook.com\/AluminiosGalisur\",\"https:\/\/x.com\/AluminioGalisur\"]}]}<\/script>\n<!-- \/ Yoast SEO plugin. -->","yoast_head_json":{"title":"AR70 | S\u00e9rie rabattable RPT | Aluminios Galisur","description":"Syst\u00e8me battant avec cadre de 70 mm de profondeur et vitrage jusqu'\u00e0 58 mm. Isolation acoustique jusqu'\u00e0 39 dB.","robots":{"index":"index","follow":"follow","max-snippet":"max-snippet:-1","max-image-preview":"max-image-preview:large","max-video-preview":"max-video-preview:-1"},"canonical":"https:\/\/galisur.es\/fr\/serie-abatibles\/ar70\/","og_locale":"fr_FR","og_type":"article","og_title":"AR70 | S\u00e9rie rabattable RPT | Aluminios Galisur","og_description":"Syst\u00e8me battant avec cadre de 70 mm de profondeur et vitrage jusqu'\u00e0 58 mm. Isolation acoustique jusqu'\u00e0 39 dB.","og_url":"https:\/\/galisur.es\/fr\/serie-abatibles\/ar70\/","og_site_name":"Aluminios Galisur","article_publisher":"https:\/\/www.facebook.com\/AluminiosGalisur","article_modified_time":"2025-06-23T16:17:10+00:00","og_image":[{"url":"https:\/\/galisur.es\/wp-content\/uploads\/AR70-1.png","type":"","width":"","height":""}],"twitter_card":"summary_large_image","twitter_site":"@AluminioGalisur","twitter_misc":{"Dur\u00e9e de lecture estim\u00e9e":"1 minute"},"schema":{"@context":"https:\/\/schema.org","@graph":[{"@type":"WebPage","@id":"https:\/\/galisur.es\/fr\/serie-abatibles\/ar70\/","url":"https:\/\/galisur.es\/fr\/serie-abatibles\/ar70\/","name":"AR70 | S\u00e9rie rabattable RPT | Aluminios Galisur","isPartOf":{"@id":"https:\/\/galisur.es\/fr\/#website"},"primaryImageOfPage":{"@id":"https:\/\/galisur.es\/fr\/serie-abatibles\/ar70\/#primaryimage"},"image":{"@id":"https:\/\/galisur.es\/fr\/serie-abatibles\/ar70\/#primaryimage"},"thumbnailUrl":"https:\/\/galisur.es\/wp-content\/uploads\/AR70-1.png","datePublished":"2021-03-17T08:46:11+00:00","dateModified":"2025-06-23T16:17:10+00:00","description":"Syst\u00e8me battant avec cadre de 70 mm de profondeur et vitrage jusqu'\u00e0 58 mm. Isolation acoustique jusqu'\u00e0 39 dB.","breadcrumb":{"@id":"https:\/\/galisur.es\/fr\/serie-abatibles\/ar70\/#breadcrumb"},"inLanguage":"fr-FR","potentialAction":[{"@type":"ReadAction","target":["https:\/\/galisur.es\/fr\/serie-abatibles\/ar70\/"]}]},{"@type":"ImageObject","inLanguage":"fr-FR","@id":"https:\/\/galisur.es\/fr\/serie-abatibles\/ar70\/#primaryimage","url":"https:\/\/galisur.es\/wp-content\/uploads\/AR70-1.png","contentUrl":"https:\/\/galisur.es\/wp-content\/uploads\/AR70-1.png"},{"@type":"BreadcrumbList","@id":"https:\/\/galisur.es\/fr\/serie-abatibles\/ar70\/#breadcrumb","itemListElement":[{"@type":"ListItem","position":1,"name":"Portada","item":"https:\/\/galisur.es\/fr\/"},{"@type":"ListItem","position":2,"name":"S\u00e9rie abatibles","item":"https:\/\/galisur.es\/fr\/?page_id=17247"},{"@type":"ListItem","position":3,"name":"AR70"}]},{"@type":"WebSite","@id":"https:\/\/galisur.es\/fr\/#website","url":"https:\/\/galisur.es\/fr\/","name":"Aluminios Galisur","description":"Aluminios Galisur","publisher":{"@id":"https:\/\/galisur.es\/fr\/#organization"},"potentialAction":[{"@type":"SearchAction","target":{"@type":"EntryPoint","urlTemplate":"https:\/\/galisur.es\/fr\/?s={search_term_string}"},"query-input":{"@type":"PropertyValueSpecification","valueRequired":true,"valueName":"search_term_string"}}],"inLanguage":"fr-FR"},{"@type":"Organization","@id":"https:\/\/galisur.es\/fr\/#organization","name":"Galisur","url":"https:\/\/galisur.es\/fr\/","logo":{"@type":"ImageObject","inLanguage":"fr-FR","@id":"https:\/\/galisur.es\/fr\/#\/schema\/logo\/image\/","url":"https:\/\/galisur.es\/wp-content\/files\/2021\/03\/logo-35x15-1.png","contentUrl":"https:\/\/galisur.es\/wp-content\/files\/2021\/03\/logo-35x15-1.png","width":370,"height":176,"caption":"Galisur"},"image":{"@id":"https:\/\/galisur.es\/fr\/#\/schema\/logo\/image\/"},"sameAs":["https:\/\/www.facebook.com\/AluminiosGalisur","https:\/\/x.com\/AluminioGalisur"]}]}},"_links":{"self":[{"href":"https:\/\/galisur.es\/fr\/wp-json\/wp\/v2\/pages\/17329","targetHints":{"allow":["GET"]}}],"collection":[{"href":"https:\/\/galisur.es\/fr\/wp-json\/wp\/v2\/pages"}],"about":[{"href":"https:\/\/galisur.es\/fr\/wp-json\/wp\/v2\/types\/page"}],"author":[{"embeddable":true,"href":"https:\/\/galisur.es\/fr\/wp-json\/wp\/v2\/users\/1998"}],"replies":[{"embeddable":true,"href":"https:\/\/galisur.es\/fr\/wp-json\/wp\/v2\/comments?post=17329"}],"version-history":[{"count":1,"href":"https:\/\/galisur.es\/fr\/wp-json\/wp\/v2\/pages\/17329\/revisions"}],"predecessor-version":[{"id":17330,"href":"https:\/\/galisur.es\/fr\/wp-json\/wp\/v2\/pages\/17329\/revisions\/17330"}],"up":[{"embeddable":true,"href":"https:\/\/galisur.es\/fr\/wp-json\/wp\/v2\/pages\/17247"}],"wp:attachment":[{"href":"https:\/\/galisur.es\/fr\/wp-json\/wp\/v2\/media?parent=17329"}],"curies":[{"name":"wp","href":"https:\/\/api.w.org\/{rel}","templated":true}]}}