{"id":17297,"date":"2022-10-05T11:07:15","date_gmt":"2022-10-05T09:07:15","guid":{"rendered":"https:\/\/nervous-gagarin.141-94-206-129.plesk.page\/serie-abatibles\/ar50\/"},"modified":"2025-06-23T16:28:37","modified_gmt":"2025-06-23T14:28:37","slug":"ar50","status":"publish","type":"page","link":"https:\/\/galisur.es\/fr\/serie-abatibles\/ar50\/","title":{"rendered":"AR50"},"content":{"rendered":"\t\t<div data-elementor-type=\"wp-page\" data-elementor-id=\"17297\" class=\"elementor elementor-17297 elementor-12227\" data-elementor-post-type=\"page\">\n\t\t\t\t<div class=\"elementor-element elementor-element-219d40a e-flex e-con-boxed e-con e-parent\" data-id=\"219d40a\" data-element_type=\"container\" data-e-type=\"container\">\n\t\t\t\t\t<div class=\"e-con-inner\">\n\t\t<div class=\"elementor-element elementor-element-a1e2aa9 e-con-full e-flex e-con e-child\" data-id=\"a1e2aa9\" data-element_type=\"container\" data-e-type=\"container\">\n\t\t\t\t<div class=\"elementor-element elementor-element-3e592c2 elementor-widget elementor-widget-image\" data-id=\"3e592c2\" data-element_type=\"widget\" data-e-type=\"widget\" data-widget_type=\"image.default\">\n\t\t\t\t\t\t\t\t\t\t\t\t\t\t\t<img fetchpriority=\"high\" decoding=\"async\" width=\"1200\" height=\"1200\" src=\"https:\/\/galisur.es\/wp-content\/files\/AR50-crema-1.png\" class=\"attachment-full size-full wp-image-16362\" alt=\"SERIE ABATIBLE CON ROTURA PUENTE T\u00c9RMICO\" srcset=\"https:\/\/galisur.es\/wp-content\/files\/AR50-crema-1.png 1200w, https:\/\/galisur.es\/wp-content\/files\/AR50-crema-1-300x300.png 300w, https:\/\/galisur.es\/wp-content\/files\/AR50-crema-1-1024x1024.png 1024w, https:\/\/galisur.es\/wp-content\/files\/AR50-crema-1-150x150.png 150w, https:\/\/galisur.es\/wp-content\/files\/AR50-crema-1-768x768.png 768w, https:\/\/galisur.es\/wp-content\/files\/AR50-crema-1-800x800.png 800w\" sizes=\"(max-width: 1200px) 100vw, 1200px\" title=\"\">\t\t\t\t\t\t\t\t\t\t\t\t\t\t\t<\/div>\n\t\t\t\t<\/div>\n\t\t<div class=\"elementor-element elementor-element-9c0e3a3 e-con-full e-flex e-con e-child\" data-id=\"9c0e3a3\" data-element_type=\"container\" data-e-type=\"container\">\n\t\t\t\t<div class=\"elementor-element elementor-element-9ca25a4 elementor-widget elementor-widget-heading\" data-id=\"9ca25a4\" data-element_type=\"widget\" data-e-type=\"widget\" data-widget_type=\"heading.default\">\n\t\t\t\t\t<h1 class=\"elementor-heading-title elementor-size-default\">AR50<\/h1>\t\t\t\t<\/div>\n\t\t\t\t<div class=\"elementor-element elementor-element-ef2fd2a elementor-widget elementor-widget-text-editor\" data-id=\"ef2fd2a\" data-element_type=\"widget\" data-e-type=\"widget\" data-widget_type=\"text-editor.default\">\n\t\t\t\t\t\t\t\t\t<p>Syst\u00e8me battant de 50 mm de profondeur de cadre avec vitrage jusqu&rsquo;\u00e0 38 mm. Con\u00e7u pour tout type d&rsquo;espace. Profil\u00e9s \u00e0 chambre europ\u00e9enne avec rupture de pont thermique. \u00c9querres en aluminium avec visserie inox. Isolation acoustique jusqu&rsquo;\u00e0 39 dB.    Options :<\/p><ul><li>Ferrure avec g\u00e2ches standard.<\/li><li>Ferrure avec g\u00e2ches de s\u00e9curit\u00e9 RC2.<\/li><\/ul><p><br>Transmittance du cadre UHm = 3,34 W\/m<b>\u00b2<\/b>k<br>Transmittance de l&rsquo;ouverture jusqu&rsquo;\u00e0 UHv = 1,26 W\/m<b>\u00b2<\/b>k<\/p>\t\t\t\t\t\t\t\t<\/div>\n\t\t\t\t<\/div>\n\t\t\t\t\t<\/div>\n\t\t\t\t<\/div>\n\t\t<div class=\"elementor-element elementor-element-a6df172 e-flex e-con-boxed e-con e-parent\" data-id=\"a6df172\" data-element_type=\"container\" data-e-type=\"container\" data-settings=\"{&quot;background_background&quot;:&quot;classic&quot;}\">\n\t\t\t\t\t<div class=\"e-con-inner\">\n\t\t<div class=\"elementor-element elementor-element-32ed54f e-con-full e-flex e-con e-child\" data-id=\"32ed54f\" data-element_type=\"container\" data-e-type=\"container\">\n\t\t\t\t<div class=\"elementor-element elementor-element-616932c elementor-widget elementor-widget-heading\" data-id=\"616932c\" data-element_type=\"widget\" data-e-type=\"widget\" data-widget_type=\"heading.default\">\n\t\t\t\t\t<p class=\"elementor-heading-title elementor-size-default\">Fiche technique<\/p>\t\t\t\t<\/div>\n\t\t\t\t<div class=\"elementor-element elementor-element-a55ec52 elementor-widget elementor-widget-text-editor\" data-id=\"a55ec52\" data-element_type=\"widget\" data-e-type=\"widget\" data-widget_type=\"text-editor.default\">\n\t\t\t\t\t\t\t\t\t<p><a href=\"https:\/\/galisur.es\/fr\/enregistrement\/\">Inscrivez-vous ici<\/a> pour acc\u00e9der au document.<\/p>\t\t\t\t\t\t\t\t<\/div>\n\t\t\t\t<\/div>\n\t\t<div class=\"elementor-element elementor-element-a3f3381 e-con-full e-flex e-con e-child\" data-id=\"a3f3381\" data-element_type=\"container\" data-e-type=\"container\">\n\t\t\t\t<div class=\"elementor-element elementor-element-d3154c8 elementor-widget elementor-widget-heading\" data-id=\"d3154c8\" data-element_type=\"widget\" data-e-type=\"widget\" data-widget_type=\"heading.default\">\n\t\t\t\t\t<p class=\"elementor-heading-title elementor-size-default\">Catalogue<\/p>\t\t\t\t<\/div>\n\t\t\t\t<div class=\"elementor-element elementor-element-a1062c3 elementor-widget elementor-widget-text-editor\" data-id=\"a1062c3\" data-element_type=\"widget\" data-e-type=\"widget\" data-widget_type=\"text-editor.default\">\n\t\t\t\t\t\t\t\t\t<p><a href=\"https:\/\/galisur.es\/fr\/enregistrement\/\">Inscrivez-vous ici<\/a> pour acc\u00e9der au document.<\/p>\t\t\t\t\t\t\t\t<\/div>\n\t\t\t\t<\/div>\n\t\t\t\t\t<\/div>\n\t\t\t\t<\/div>\n\t\t<div class=\"elementor-element elementor-element-eb6ddc6 e-flex e-con-boxed e-con e-parent\" data-id=\"eb6ddc6\" data-element_type=\"container\" data-e-type=\"container\">\n\t\t\t\t\t<div class=\"e-con-inner\">\n\t\t<div class=\"elementor-element elementor-element-5d1ac7a e-con-full e-flex e-con e-child\" data-id=\"5d1ac7a\" data-element_type=\"container\" data-e-type=\"container\">\n\t\t\t\t<div class=\"elementor-element elementor-element-b65f3e0 elementor-widget elementor-widget-image\" data-id=\"b65f3e0\" data-element_type=\"widget\" data-e-type=\"widget\" data-widget_type=\"image.default\">\n\t\t\t\t\t\t\t\t\t\t\t\t\t\t\t<img decoding=\"async\" width=\"1200\" height=\"1200\" src=\"https:\/\/galisur.es\/wp-content\/files\/AR50-2.png\" class=\"attachment-full size-full wp-image-16366\" alt=\"SERIE ABATIBLE CON ROTURA PUENTE T\u00c9RMICO\" srcset=\"https:\/\/galisur.es\/wp-content\/files\/AR50-2.png 1200w, https:\/\/galisur.es\/wp-content\/files\/AR50-2-300x300.png 300w, https:\/\/galisur.es\/wp-content\/files\/AR50-2-1024x1024.png 1024w, https:\/\/galisur.es\/wp-content\/files\/AR50-2-150x150.png 150w, https:\/\/galisur.es\/wp-content\/files\/AR50-2-768x768.png 768w, https:\/\/galisur.es\/wp-content\/files\/AR50-2-800x800.png 800w\" sizes=\"(max-width: 1200px) 100vw, 1200px\" title=\"\">\t\t\t\t\t\t\t\t\t\t\t\t\t\t\t<\/div>\n\t\t\t\t<\/div>\n\t\t<div class=\"elementor-element elementor-element-384ebda e-con-full e-flex e-con e-child\" data-id=\"384ebda\" data-element_type=\"container\" data-e-type=\"container\">\n\t\t\t\t<div class=\"elementor-element elementor-element-a058f45 elementor-widget elementor-widget-heading\" data-id=\"a058f45\" data-element_type=\"widget\" data-e-type=\"widget\" data-widget_type=\"heading.default\">\n\t\t\t\t\t<h2 class=\"elementor-heading-title elementor-size-default\">Classification des essais<\/h2>\t\t\t\t<\/div>\n\t\t\t\t<div class=\"elementor-element elementor-element-f8d1ebc elementor-widget elementor-widget-n-accordion\" data-id=\"f8d1ebc\" data-element_type=\"widget\" data-e-type=\"widget\" data-settings=\"{&quot;default_state&quot;:&quot;expanded&quot;,&quot;max_items_expended&quot;:&quot;one&quot;,&quot;n_accordion_animation_duration&quot;:{&quot;unit&quot;:&quot;ms&quot;,&quot;size&quot;:400,&quot;sizes&quot;:[]}}\" data-widget_type=\"nested-accordion.default\">\n\t\t\t\t\t\t\t<div class=\"e-n-accordion\" aria-label=\"Accordion. Open links with Enter or Space, close with Escape, and navigate with Arrow Keys\">\n\t\t\t\t\t\t<details id=\"e-n-accordion-item-2600\" class=\"e-n-accordion-item\" open>\n\t\t\t\t<summary class=\"e-n-accordion-item-title\" data-accordion-index=\"1\" tabindex=\"0\" aria-expanded=\"true\" aria-controls=\"e-n-accordion-item-2600\" >\n\t\t\t\t\t<span class='e-n-accordion-item-title-header'><div class=\"e-n-accordion-item-title-text\"> Perm\u00e9abilit\u00e9 \u00e0 l'air <\/div><\/span>\n\t\t\t\t\t\t\t<span class='e-n-accordion-item-title-icon'>\n\t\t\t<span class='e-opened' ><svg aria-hidden=\"true\" class=\"e-font-icon-svg e-fas-minus\" viewBox=\"0 0 448 512\" xmlns=\"http:\/\/www.w3.org\/2000\/svg\"><path d=\"M416 208H32c-17.67 0-32 14.33-32 32v32c0 17.67 14.33 32 32 32h384c17.67 0 32-14.33 32-32v-32c0-17.67-14.33-32-32-32z\"><\/path><\/svg><\/span>\n\t\t\t<span class='e-closed'><svg aria-hidden=\"true\" class=\"e-font-icon-svg e-fas-plus\" viewBox=\"0 0 448 512\" xmlns=\"http:\/\/www.w3.org\/2000\/svg\"><path d=\"M416 208H272V64c0-17.67-14.33-32-32-32h-32c-17.67 0-32 14.33-32 32v144H32c-17.67 0-32 14.33-32 32v32c0 17.67 14.33 32 32 32h144v144c0 17.67 14.33 32 32 32h32c17.67 0 32-14.33 32-32V304h144c17.67 0 32-14.33 32-32v-32c0-17.67-14.33-32-32-32z\"><\/path><\/svg><\/span>\n\t\t<\/span>\n\n\t\t\t\t\t\t<\/summary>\n\t\t\t\t<div role=\"region\" aria-labelledby=\"e-n-accordion-item-2600\" class=\"elementor-element elementor-element-69d3c5e e-con-full e-flex e-con e-child\" data-id=\"69d3c5e\" data-element_type=\"container\" data-e-type=\"container\">\n\t\t\t\t<div class=\"elementor-element elementor-element-816c3bf elementor-widget elementor-widget-text-editor\" data-id=\"816c3bf\" data-element_type=\"widget\" data-e-type=\"widget\" data-widget_type=\"text-editor.default\">\n\t\t\t\t\t\t\t\t\t<p>Classe 4 (UNE-EN 12207:200)<\/p>\t\t\t\t\t\t\t\t<\/div>\n\t\t\t\t<\/div>\n\t\t\t\t\t<\/details>\n\t\t\t\t\t\t<details id=\"e-n-accordion-item-2601\" class=\"e-n-accordion-item\" >\n\t\t\t\t<summary class=\"e-n-accordion-item-title\" data-accordion-index=\"2\" tabindex=\"-1\" aria-expanded=\"false\" aria-controls=\"e-n-accordion-item-2601\" >\n\t\t\t\t\t<span class='e-n-accordion-item-title-header'><div class=\"e-n-accordion-item-title-text\"> \u00c9tanch\u00e9it\u00e9 \u00e0 l'eau <\/div><\/span>\n\t\t\t\t\t\t\t<span class='e-n-accordion-item-title-icon'>\n\t\t\t<span class='e-opened' ><svg aria-hidden=\"true\" class=\"e-font-icon-svg e-fas-minus\" viewBox=\"0 0 448 512\" xmlns=\"http:\/\/www.w3.org\/2000\/svg\"><path d=\"M416 208H32c-17.67 0-32 14.33-32 32v32c0 17.67 14.33 32 32 32h384c17.67 0 32-14.33 32-32v-32c0-17.67-14.33-32-32-32z\"><\/path><\/svg><\/span>\n\t\t\t<span class='e-closed'><svg aria-hidden=\"true\" class=\"e-font-icon-svg e-fas-plus\" viewBox=\"0 0 448 512\" xmlns=\"http:\/\/www.w3.org\/2000\/svg\"><path d=\"M416 208H272V64c0-17.67-14.33-32-32-32h-32c-17.67 0-32 14.33-32 32v144H32c-17.67 0-32 14.33-32 32v32c0 17.67 14.33 32 32 32h144v144c0 17.67 14.33 32 32 32h32c17.67 0 32-14.33 32-32V304h144c17.67 0 32-14.33 32-32v-32c0-17.67-14.33-32-32-32z\"><\/path><\/svg><\/span>\n\t\t<\/span>\n\n\t\t\t\t\t\t<\/summary>\n\t\t\t\t<div role=\"region\" aria-labelledby=\"e-n-accordion-item-2601\" class=\"elementor-element elementor-element-aebeb9f e-con-full e-flex e-con e-child\" data-id=\"aebeb9f\" data-element_type=\"container\" data-e-type=\"container\">\n\t\t\t\t<div class=\"elementor-element elementor-element-e3eb1c6 elementor-widget elementor-widget-text-editor\" data-id=\"e3eb1c6\" data-element_type=\"widget\" data-e-type=\"widget\" data-widget_type=\"text-editor.default\">\n\t\t\t\t\t\t\t\t\t<p>Classe E1200 (UNE-EN 12208:200)<\/p>\t\t\t\t\t\t\t\t<\/div>\n\t\t\t\t<\/div>\n\t\t\t\t\t<\/details>\n\t\t\t\t\t\t<details id=\"e-n-accordion-item-2602\" class=\"e-n-accordion-item\" >\n\t\t\t\t<summary class=\"e-n-accordion-item-title\" data-accordion-index=\"3\" tabindex=\"-1\" aria-expanded=\"false\" aria-controls=\"e-n-accordion-item-2602\" >\n\t\t\t\t\t<span class='e-n-accordion-item-title-header'><div class=\"e-n-accordion-item-title-text\"> R\u00e9sistance au vent <\/div><\/span>\n\t\t\t\t\t\t\t<span class='e-n-accordion-item-title-icon'>\n\t\t\t<span class='e-opened' ><svg aria-hidden=\"true\" class=\"e-font-icon-svg e-fas-minus\" viewBox=\"0 0 448 512\" xmlns=\"http:\/\/www.w3.org\/2000\/svg\"><path d=\"M416 208H32c-17.67 0-32 14.33-32 32v32c0 17.67 14.33 32 32 32h384c17.67 0 32-14.33 32-32v-32c0-17.67-14.33-32-32-32z\"><\/path><\/svg><\/span>\n\t\t\t<span class='e-closed'><svg aria-hidden=\"true\" class=\"e-font-icon-svg e-fas-plus\" viewBox=\"0 0 448 512\" xmlns=\"http:\/\/www.w3.org\/2000\/svg\"><path d=\"M416 208H272V64c0-17.67-14.33-32-32-32h-32c-17.67 0-32 14.33-32 32v144H32c-17.67 0-32 14.33-32 32v32c0 17.67 14.33 32 32 32h144v144c0 17.67 14.33 32 32 32h32c17.67 0 32-14.33 32-32V304h144c17.67 0 32-14.33 32-32v-32c0-17.67-14.33-32-32-32z\"><\/path><\/svg><\/span>\n\t\t<\/span>\n\n\t\t\t\t\t\t<\/summary>\n\t\t\t\t<div role=\"region\" aria-labelledby=\"e-n-accordion-item-2602\" class=\"elementor-element elementor-element-ff05b8f e-con-full e-flex e-con e-child\" data-id=\"ff05b8f\" data-element_type=\"container\" data-e-type=\"container\">\n\t\t\t\t<div class=\"elementor-element elementor-element-a936253 elementor-widget elementor-widget-text-editor\" data-id=\"a936253\" data-element_type=\"widget\" data-e-type=\"widget\" data-widget_type=\"text-editor.default\">\n\t\t\t\t\t\t\t\t\t<p>Classe 5 (UNE-EN 12209:200)<\/p>\t\t\t\t\t\t\t\t<\/div>\n\t\t\t\t<\/div>\n\t\t\t\t\t<\/details>\n\t\t\t\t\t<\/div>\n\t\t\t\t\t\t<\/div>\n\t\t\t\t<\/div>\n\t\t\t\t\t<\/div>\n\t\t\t\t<\/div>\n\t\t<div class=\"elementor-element elementor-element-57db3d2 e-flex e-con-boxed e-con e-parent\" data-id=\"57db3d2\" data-element_type=\"container\" data-e-type=\"container\">\n\t\t\t\t\t<div class=\"e-con-inner\">\n\t\t\t\t<div class=\"elementor-element elementor-element-58f43ca elementor-widget elementor-widget-heading\" data-id=\"58f43ca\" data-element_type=\"widget\" data-e-type=\"widget\" data-widget_type=\"heading.default\">\n\t\t\t\t\t<h3 class=\"elementor-heading-title elementor-size-default\">Dimensions recommand\u00e9es<\/h3>\t\t\t\t<\/div>\n\t\t\t\t<div class=\"elementor-element elementor-element-cb3a3ca elementor-widget elementor-widget-image\" data-id=\"cb3a3ca\" data-element_type=\"widget\" data-e-type=\"widget\" data-widget_type=\"image.default\">\n\t\t\t\t\t\t\t\t\t\t\t\t\t\t\t<img decoding=\"async\" width=\"1024\" height=\"499\" src=\"https:\/\/galisur.es\/wp-content\/files\/DIMENSIONES-AR50.png\" class=\"attachment-full size-full wp-image-16790\" alt=\"\" srcset=\"https:\/\/galisur.es\/wp-content\/files\/DIMENSIONES-AR50.png 1024w, https:\/\/galisur.es\/wp-content\/files\/DIMENSIONES-AR50-300x146.png 300w, https:\/\/galisur.es\/wp-content\/files\/DIMENSIONES-AR50-768x374.png 768w\" sizes=\"(max-width: 1024px) 100vw, 1024px\" title=\"\">\t\t\t\t\t\t\t\t\t\t\t\t\t\t\t<\/div>\n\t\t\t\t\t<\/div>\n\t\t\t\t<\/div>\n\t\t<div class=\"elementor-element elementor-element-31966e1 e-flex e-con-boxed e-con e-parent\" data-id=\"31966e1\" data-element_type=\"container\" data-e-type=\"container\" data-settings=\"{&quot;background_background&quot;:&quot;classic&quot;}\">\n\t\t\t\t\t<div class=\"e-con-inner\">\n\t\t\t\t<div class=\"elementor-element elementor-element-b65c40c elementor-widget elementor-widget-heading\" data-id=\"b65c40c\" data-element_type=\"widget\" data-e-type=\"widget\" data-widget_type=\"heading.default\">\n\t\t\t\t\t<h3 class=\"elementor-heading-title elementor-size-default\">Avantages<\/h3>\t\t\t\t<\/div>\n\t\t\t\t<div class=\"elementor-element elementor-element-6832ad6 elementor-widget elementor-widget-text-editor\" data-id=\"6832ad6\" data-element_type=\"widget\" data-e-type=\"widget\" data-widget_type=\"text-editor.default\">\n\t\t\t\t\t\t\t\t\t<p>Les syst\u00e8mes de profil\u00e9s en aluminium pour fen\u00eatres \u00e0 battants nous offrent de multiples options en mati\u00e8re de design, de vitrage et de performances gr\u00e2ce \u00e0 la haute qualit\u00e9 de l&rsquo;aluminium Galisur.<\/p><p>Notre menuiserie AR50 est con\u00e7ue pour r\u00e9sister \u00e0 tous les types de climat et g\u00e9n\u00e9rer une \u00e9conomie d&rsquo;\u00e9nergie optimale pour les habitations et les locaux commerciaux.<\/p><ul><li><b>R\u00e9duction du bruit ext\u00e9rieur <\/b>: cette menuiserie en aluminium offre un confort \u00e0 l&rsquo;int\u00e9rieur de la maison\/du commerce gr\u00e2ce \u00e0 sa protection contre la pollution sonore.<\/li><li><b>Haute protection et r\u00e9sistance \u00e0 l&rsquo;air et au vent<\/b> : permettant de r\u00e9aliser des \u00e9conomies d&rsquo;\u00e9nergie.<\/li><li aria-level=\"1\"><b>R\u00e9sistance maximale et entretien minimal<\/b> : gr\u00e2ce \u00e0 la haute qualit\u00e9 de ses profil\u00e9s en aluminium, notre fen\u00eatre ou porte \u00e0 battants ne n\u00e9cessite qu&rsquo;un entretien annuel minimal.<\/li><\/ul><ul><li aria-level=\"1\"><b>S\u00e9curit\u00e9 dans tous les bo\u00eetiers<\/b> : les profil\u00e9s Galisur sont con\u00e7us pour offrir des bo\u00eetiers standard, une s\u00e9curit\u00e9 RC2 et des fermetures \u00e0 pression.<\/li><li><b>Vari\u00e9t\u00e9 de couleurs et de textures<\/b> : nous proposons une large gamme de couleurs RAL et des textures exclusives pour le rev\u00eatement en poudre de votre fen\u00eatre \u00e0 battants.<\/li><\/ul>\t\t\t\t\t\t\t\t<\/div>\n\t\t\t\t\t<\/div>\n\t\t\t\t<\/div>\n\t\t\t\t<\/div>\n\t\t","protected":false},"excerpt":{"rendered":"<p>AR50 Syst\u00e8me battant de 50 mm de profondeur de cadre avec vitrage jusqu&rsquo;\u00e0 38 mm. Con\u00e7u pour tout type d&rsquo;espace. Profil\u00e9s \u00e0 chambre europ\u00e9enne avec rupture de pont thermique. \u00c9querres en aluminium avec visserie inox. Isolation acoustique jusqu&rsquo;\u00e0 39 dB. Options : Ferrure avec g\u00e2ches standard. Ferrure avec g\u00e2ches de s\u00e9curit\u00e9 RC2. Transmittance du cadre [&hellip;]<\/p>\n","protected":false},"author":1998,"featured_media":0,"parent":17247,"menu_order":0,"comment_status":"closed","ping_status":"closed","template":"","meta":{"footnotes":""},"class_list":["post-17297","page","type-page","status-publish","hentry"],"yoast_head":"<!-- This site is optimized with the Yoast SEO plugin v27.2 - https:\/\/yoast.com\/product\/yoast-seo-wordpress\/ -->\n<title>AR50 | S\u00e9rie rabattable RPT | Aluminios Galisur<\/title>\n<meta name=\"description\" content=\"Syst\u00e8me battant avec cadre de 50 mm de profondeur et vitrage jusqu&#039;\u00e0 38 mm. La s\u00e9rie AR50 est con\u00e7ue pour tous les espaces.\" \/>\n<meta name=\"robots\" content=\"index, follow, max-snippet:-1, max-image-preview:large, max-video-preview:-1\" \/>\n<link rel=\"canonical\" href=\"https:\/\/galisur.es\/fr\/serie-abatibles\/ar50\/\" \/>\n<meta property=\"og:locale\" content=\"fr_FR\" \/>\n<meta property=\"og:type\" content=\"article\" \/>\n<meta property=\"og:title\" content=\"AR50 | S\u00e9rie rabattable RPT | Aluminios Galisur\" \/>\n<meta property=\"og:description\" content=\"Syst\u00e8me battant avec cadre de 50 mm de profondeur et vitrage jusqu&#039;\u00e0 38 mm. La s\u00e9rie AR50 est con\u00e7ue pour tous les espaces.\" \/>\n<meta property=\"og:url\" content=\"https:\/\/galisur.es\/fr\/serie-abatibles\/ar50\/\" \/>\n<meta property=\"og:site_name\" content=\"Aluminios Galisur\" \/>\n<meta property=\"article:publisher\" content=\"https:\/\/www.facebook.com\/AluminiosGalisur\" \/>\n<meta property=\"article:modified_time\" content=\"2025-06-23T14:28:37+00:00\" \/>\n<meta property=\"og:image\" content=\"https:\/\/galisur.es\/wp-content\/uploads\/AR50-crema-1.png\" \/>\n<meta name=\"twitter:card\" content=\"summary_large_image\" \/>\n<meta name=\"twitter:site\" content=\"@AluminioGalisur\" \/>\n<meta name=\"twitter:label1\" content=\"Dur\u00e9e de lecture estim\u00e9e\" \/>\n\t<meta name=\"twitter:data1\" content=\"2 minutes\" \/>\n<script type=\"application\/ld+json\" class=\"yoast-schema-graph\">{\"@context\":\"https:\/\/schema.org\",\"@graph\":[{\"@type\":\"WebPage\",\"@id\":\"https:\/\/galisur.es\/fr\/serie-abatibles\/ar50\/\",\"url\":\"https:\/\/galisur.es\/fr\/serie-abatibles\/ar50\/\",\"name\":\"AR50 | S\u00e9rie rabattable RPT | Aluminios Galisur\",\"isPartOf\":{\"@id\":\"https:\/\/galisur.es\/fr\/#website\"},\"primaryImageOfPage\":{\"@id\":\"https:\/\/galisur.es\/fr\/serie-abatibles\/ar50\/#primaryimage\"},\"image\":{\"@id\":\"https:\/\/galisur.es\/fr\/serie-abatibles\/ar50\/#primaryimage\"},\"thumbnailUrl\":\"https:\/\/galisur.es\/wp-content\/uploads\/AR50-crema-1.png\",\"datePublished\":\"2022-10-05T09:07:15+00:00\",\"dateModified\":\"2025-06-23T14:28:37+00:00\",\"description\":\"Syst\u00e8me battant avec cadre de 50 mm de profondeur et vitrage jusqu'\u00e0 38 mm. La s\u00e9rie AR50 est con\u00e7ue pour tous les espaces.\",\"breadcrumb\":{\"@id\":\"https:\/\/galisur.es\/fr\/serie-abatibles\/ar50\/#breadcrumb\"},\"inLanguage\":\"fr-FR\",\"potentialAction\":[{\"@type\":\"ReadAction\",\"target\":[\"https:\/\/galisur.es\/fr\/serie-abatibles\/ar50\/\"]}]},{\"@type\":\"ImageObject\",\"inLanguage\":\"fr-FR\",\"@id\":\"https:\/\/galisur.es\/fr\/serie-abatibles\/ar50\/#primaryimage\",\"url\":\"https:\/\/galisur.es\/wp-content\/uploads\/AR50-crema-1.png\",\"contentUrl\":\"https:\/\/galisur.es\/wp-content\/uploads\/AR50-crema-1.png\"},{\"@type\":\"BreadcrumbList\",\"@id\":\"https:\/\/galisur.es\/fr\/serie-abatibles\/ar50\/#breadcrumb\",\"itemListElement\":[{\"@type\":\"ListItem\",\"position\":1,\"name\":\"Portada\",\"item\":\"https:\/\/galisur.es\/fr\/\"},{\"@type\":\"ListItem\",\"position\":2,\"name\":\"S\u00e9rie abatibles\",\"item\":\"https:\/\/galisur.es\/fr\/?page_id=17247\"},{\"@type\":\"ListItem\",\"position\":3,\"name\":\"AR50\"}]},{\"@type\":\"WebSite\",\"@id\":\"https:\/\/galisur.es\/fr\/#website\",\"url\":\"https:\/\/galisur.es\/fr\/\",\"name\":\"Aluminios Galisur\",\"description\":\"Aluminios Galisur\",\"publisher\":{\"@id\":\"https:\/\/galisur.es\/fr\/#organization\"},\"potentialAction\":[{\"@type\":\"SearchAction\",\"target\":{\"@type\":\"EntryPoint\",\"urlTemplate\":\"https:\/\/galisur.es\/fr\/?s={search_term_string}\"},\"query-input\":{\"@type\":\"PropertyValueSpecification\",\"valueRequired\":true,\"valueName\":\"search_term_string\"}}],\"inLanguage\":\"fr-FR\"},{\"@type\":\"Organization\",\"@id\":\"https:\/\/galisur.es\/fr\/#organization\",\"name\":\"Galisur\",\"url\":\"https:\/\/galisur.es\/fr\/\",\"logo\":{\"@type\":\"ImageObject\",\"inLanguage\":\"fr-FR\",\"@id\":\"https:\/\/galisur.es\/fr\/#\/schema\/logo\/image\/\",\"url\":\"https:\/\/galisur.es\/wp-content\/files\/2021\/03\/logo-35x15-1.png\",\"contentUrl\":\"https:\/\/galisur.es\/wp-content\/files\/2021\/03\/logo-35x15-1.png\",\"width\":370,\"height\":176,\"caption\":\"Galisur\"},\"image\":{\"@id\":\"https:\/\/galisur.es\/fr\/#\/schema\/logo\/image\/\"},\"sameAs\":[\"https:\/\/www.facebook.com\/AluminiosGalisur\",\"https:\/\/x.com\/AluminioGalisur\"]}]}<\/script>\n<!-- \/ Yoast SEO plugin. -->","yoast_head_json":{"title":"AR50 | S\u00e9rie rabattable RPT | Aluminios Galisur","description":"Syst\u00e8me battant avec cadre de 50 mm de profondeur et vitrage jusqu'\u00e0 38 mm. La s\u00e9rie AR50 est con\u00e7ue pour tous les espaces.","robots":{"index":"index","follow":"follow","max-snippet":"max-snippet:-1","max-image-preview":"max-image-preview:large","max-video-preview":"max-video-preview:-1"},"canonical":"https:\/\/galisur.es\/fr\/serie-abatibles\/ar50\/","og_locale":"fr_FR","og_type":"article","og_title":"AR50 | S\u00e9rie rabattable RPT | Aluminios Galisur","og_description":"Syst\u00e8me battant avec cadre de 50 mm de profondeur et vitrage jusqu'\u00e0 38 mm. La s\u00e9rie AR50 est con\u00e7ue pour tous les espaces.","og_url":"https:\/\/galisur.es\/fr\/serie-abatibles\/ar50\/","og_site_name":"Aluminios Galisur","article_publisher":"https:\/\/www.facebook.com\/AluminiosGalisur","article_modified_time":"2025-06-23T14:28:37+00:00","og_image":[{"url":"https:\/\/galisur.es\/wp-content\/uploads\/AR50-crema-1.png","type":"","width":"","height":""}],"twitter_card":"summary_large_image","twitter_site":"@AluminioGalisur","twitter_misc":{"Dur\u00e9e de lecture estim\u00e9e":"2 minutes"},"schema":{"@context":"https:\/\/schema.org","@graph":[{"@type":"WebPage","@id":"https:\/\/galisur.es\/fr\/serie-abatibles\/ar50\/","url":"https:\/\/galisur.es\/fr\/serie-abatibles\/ar50\/","name":"AR50 | S\u00e9rie rabattable RPT | Aluminios Galisur","isPartOf":{"@id":"https:\/\/galisur.es\/fr\/#website"},"primaryImageOfPage":{"@id":"https:\/\/galisur.es\/fr\/serie-abatibles\/ar50\/#primaryimage"},"image":{"@id":"https:\/\/galisur.es\/fr\/serie-abatibles\/ar50\/#primaryimage"},"thumbnailUrl":"https:\/\/galisur.es\/wp-content\/uploads\/AR50-crema-1.png","datePublished":"2022-10-05T09:07:15+00:00","dateModified":"2025-06-23T14:28:37+00:00","description":"Syst\u00e8me battant avec cadre de 50 mm de profondeur et vitrage jusqu'\u00e0 38 mm. La s\u00e9rie AR50 est con\u00e7ue pour tous les espaces.","breadcrumb":{"@id":"https:\/\/galisur.es\/fr\/serie-abatibles\/ar50\/#breadcrumb"},"inLanguage":"fr-FR","potentialAction":[{"@type":"ReadAction","target":["https:\/\/galisur.es\/fr\/serie-abatibles\/ar50\/"]}]},{"@type":"ImageObject","inLanguage":"fr-FR","@id":"https:\/\/galisur.es\/fr\/serie-abatibles\/ar50\/#primaryimage","url":"https:\/\/galisur.es\/wp-content\/uploads\/AR50-crema-1.png","contentUrl":"https:\/\/galisur.es\/wp-content\/uploads\/AR50-crema-1.png"},{"@type":"BreadcrumbList","@id":"https:\/\/galisur.es\/fr\/serie-abatibles\/ar50\/#breadcrumb","itemListElement":[{"@type":"ListItem","position":1,"name":"Portada","item":"https:\/\/galisur.es\/fr\/"},{"@type":"ListItem","position":2,"name":"S\u00e9rie abatibles","item":"https:\/\/galisur.es\/fr\/?page_id=17247"},{"@type":"ListItem","position":3,"name":"AR50"}]},{"@type":"WebSite","@id":"https:\/\/galisur.es\/fr\/#website","url":"https:\/\/galisur.es\/fr\/","name":"Aluminios Galisur","description":"Aluminios Galisur","publisher":{"@id":"https:\/\/galisur.es\/fr\/#organization"},"potentialAction":[{"@type":"SearchAction","target":{"@type":"EntryPoint","urlTemplate":"https:\/\/galisur.es\/fr\/?s={search_term_string}"},"query-input":{"@type":"PropertyValueSpecification","valueRequired":true,"valueName":"search_term_string"}}],"inLanguage":"fr-FR"},{"@type":"Organization","@id":"https:\/\/galisur.es\/fr\/#organization","name":"Galisur","url":"https:\/\/galisur.es\/fr\/","logo":{"@type":"ImageObject","inLanguage":"fr-FR","@id":"https:\/\/galisur.es\/fr\/#\/schema\/logo\/image\/","url":"https:\/\/galisur.es\/wp-content\/files\/2021\/03\/logo-35x15-1.png","contentUrl":"https:\/\/galisur.es\/wp-content\/files\/2021\/03\/logo-35x15-1.png","width":370,"height":176,"caption":"Galisur"},"image":{"@id":"https:\/\/galisur.es\/fr\/#\/schema\/logo\/image\/"},"sameAs":["https:\/\/www.facebook.com\/AluminiosGalisur","https:\/\/x.com\/AluminioGalisur"]}]}},"_links":{"self":[{"href":"https:\/\/galisur.es\/fr\/wp-json\/wp\/v2\/pages\/17297","targetHints":{"allow":["GET"]}}],"collection":[{"href":"https:\/\/galisur.es\/fr\/wp-json\/wp\/v2\/pages"}],"about":[{"href":"https:\/\/galisur.es\/fr\/wp-json\/wp\/v2\/types\/page"}],"author":[{"embeddable":true,"href":"https:\/\/galisur.es\/fr\/wp-json\/wp\/v2\/users\/1998"}],"replies":[{"embeddable":true,"href":"https:\/\/galisur.es\/fr\/wp-json\/wp\/v2\/comments?post=17297"}],"version-history":[{"count":1,"href":"https:\/\/galisur.es\/fr\/wp-json\/wp\/v2\/pages\/17297\/revisions"}],"predecessor-version":[{"id":17298,"href":"https:\/\/galisur.es\/fr\/wp-json\/wp\/v2\/pages\/17297\/revisions\/17298"}],"up":[{"embeddable":true,"href":"https:\/\/galisur.es\/fr\/wp-json\/wp\/v2\/pages\/17247"}],"wp:attachment":[{"href":"https:\/\/galisur.es\/fr\/wp-json\/wp\/v2\/media?parent=17297"}],"curies":[{"name":"wp","href":"https:\/\/api.w.org\/{rel}","templated":true}]}}