{"id":17287,"date":"2021-05-11T14:54:59","date_gmt":"2021-05-11T12:54:59","guid":{"rendered":"https:\/\/nervous-gagarin.141-94-206-129.plesk.page\/serie-abatibles\/ar100\/"},"modified":"2025-06-23T16:21:50","modified_gmt":"2025-06-23T14:21:50","slug":"ar100","status":"publish","type":"page","link":"https:\/\/galisur.es\/fr\/serie-abatibles\/ar100\/","title":{"rendered":"AR100"},"content":{"rendered":"\t\t<div data-elementor-type=\"wp-page\" data-elementor-id=\"17287\" class=\"elementor elementor-17287 elementor-7840\" data-elementor-post-type=\"page\">\n\t\t\t\t<div class=\"elementor-element elementor-element-ba684a8 e-flex e-con-boxed e-con e-parent\" data-id=\"ba684a8\" data-element_type=\"container\" data-e-type=\"container\">\n\t\t\t\t\t<div class=\"e-con-inner\">\n\t\t<div class=\"elementor-element elementor-element-75df929 e-con-full e-flex e-con e-child\" data-id=\"75df929\" data-element_type=\"container\" data-e-type=\"container\">\n\t\t\t\t<div class=\"elementor-element elementor-element-217acbd elementor-widget elementor-widget-image\" data-id=\"217acbd\" data-element_type=\"widget\" data-e-type=\"widget\" data-widget_type=\"image.default\">\n\t\t\t\t\t\t\t\t\t\t\t\t\t\t\t<img fetchpriority=\"high\" decoding=\"async\" width=\"1200\" height=\"1200\" src=\"https:\/\/galisur.es\/wp-content\/files\/AR100.png\" class=\"attachment-full size-full wp-image-16414\" alt=\"\" srcset=\"https:\/\/galisur.es\/wp-content\/files\/AR100.png 1200w, https:\/\/galisur.es\/wp-content\/files\/AR100-300x300.png 300w, https:\/\/galisur.es\/wp-content\/files\/AR100-1024x1024.png 1024w, https:\/\/galisur.es\/wp-content\/files\/AR100-150x150.png 150w, https:\/\/galisur.es\/wp-content\/files\/AR100-768x768.png 768w, https:\/\/galisur.es\/wp-content\/files\/AR100-800x800.png 800w\" sizes=\"(max-width: 1200px) 100vw, 1200px\" title=\"\">\t\t\t\t\t\t\t\t\t\t\t\t\t\t\t<\/div>\n\t\t\t\t<\/div>\n\t\t<div class=\"elementor-element elementor-element-1f454e9 e-con-full e-flex e-con e-child\" data-id=\"1f454e9\" data-element_type=\"container\" data-e-type=\"container\">\n\t\t\t\t<div class=\"elementor-element elementor-element-71cd2e9 elementor-widget elementor-widget-heading\" data-id=\"71cd2e9\" data-element_type=\"widget\" data-e-type=\"widget\" data-widget_type=\"heading.default\">\n\t\t\t\t\t<h1 class=\"elementor-heading-title elementor-size-default\">AR100<\/h1>\t\t\t\t<\/div>\n\t\t\t\t<div class=\"elementor-element elementor-element-834e2fd elementor-widget elementor-widget-text-editor\" data-id=\"834e2fd\" data-element_type=\"widget\" data-e-type=\"widget\" data-widget_type=\"text-editor.default\">\n\t\t\t\t\t\t\t\t\t<p>Syst\u00e8me \u00e0 casement avec cadre de 100 mm de profondeur et vitrage jusqu&rsquo;\u00e0 65 mm. Sp\u00e9cialement con\u00e7u pour les entr\u00e9es de bureaux ou de magasins. Profils \u00e0 rainure coplanaire avec rupture de pont thermique. Vis dissimul\u00e9es pour la fixation du cadre. Isolation acoustique jusqu&rsquo;\u00e0 39 dB.   <\/p><p>Options :<\/p><ul><li aria-level=\"1\">Raccord \u00e0 rainure coplanaire.<\/li><li aria-level=\"1\">Charni\u00e8res r\u00e9par\u00e9es ou coulissantes.<\/li><li aria-level=\"1\">Joints d&rsquo;\u00e9tanch\u00e9it\u00e9 en EPDM.<\/li><\/ul><p><br>Transmittance du cadre UHm = 2.26 W\/m<b>\u00b2<\/b>k<br>Transmission des interstices jusqu&rsquo;\u00e0 UHv = 1.029 W\/m<b>\u00b2<\/b>k<\/p>\t\t\t\t\t\t\t\t<\/div>\n\t\t\t\t<\/div>\n\t\t\t\t\t<\/div>\n\t\t\t\t<\/div>\n\t\t<div class=\"elementor-element elementor-element-342f745 e-flex e-con-boxed e-con e-parent\" data-id=\"342f745\" data-element_type=\"container\" data-e-type=\"container\" data-settings=\"{&quot;background_background&quot;:&quot;classic&quot;}\">\n\t\t\t\t\t<div class=\"e-con-inner\">\n\t\t<div class=\"elementor-element elementor-element-85abb45 e-con-full e-flex e-con e-child\" data-id=\"85abb45\" data-element_type=\"container\" data-e-type=\"container\">\n\t\t\t\t<div class=\"elementor-element elementor-element-51b715c elementor-widget elementor-widget-heading\" data-id=\"51b715c\" data-element_type=\"widget\" data-e-type=\"widget\" data-widget_type=\"heading.default\">\n\t\t\t\t\t<p class=\"elementor-heading-title elementor-size-default\">Fiche technique<\/p>\t\t\t\t<\/div>\n\t\t\t\t<div class=\"elementor-element elementor-element-5f4d333 elementor-widget elementor-widget-text-editor\" data-id=\"5f4d333\" data-element_type=\"widget\" data-e-type=\"widget\" data-widget_type=\"text-editor.default\">\n\t\t\t\t\t\t\t\t\t<p><a href=\"https:\/\/galisur.es\/fr\/enregistrement\/\">Inscrivez-vous ici<\/a> pour acc\u00e9der au document.<\/p>\t\t\t\t\t\t\t\t<\/div>\n\t\t\t\t<\/div>\n\t\t<div class=\"elementor-element elementor-element-bd0416e e-con-full e-flex e-con e-child\" data-id=\"bd0416e\" data-element_type=\"container\" data-e-type=\"container\">\n\t\t\t\t<div class=\"elementor-element elementor-element-87f026c elementor-widget elementor-widget-heading\" data-id=\"87f026c\" data-element_type=\"widget\" data-e-type=\"widget\" data-widget_type=\"heading.default\">\n\t\t\t\t\t<p class=\"elementor-heading-title elementor-size-default\">Catalogue<\/p>\t\t\t\t<\/div>\n\t\t\t\t<div class=\"elementor-element elementor-element-24ca596 elementor-widget elementor-widget-text-editor\" data-id=\"24ca596\" data-element_type=\"widget\" data-e-type=\"widget\" data-widget_type=\"text-editor.default\">\n\t\t\t\t\t\t\t\t\t<p><a href=\"https:\/\/galisur.es\/fr\/enregistrement\/\">Inscrivez-vous ici<\/a> pour acc\u00e9der au document.<\/p>\t\t\t\t\t\t\t\t<\/div>\n\t\t\t\t<\/div>\n\t\t\t\t\t<\/div>\n\t\t\t\t<\/div>\n\t\t<div class=\"elementor-element elementor-element-8926f18 e-flex e-con-boxed e-con e-parent\" data-id=\"8926f18\" data-element_type=\"container\" data-e-type=\"container\">\n\t\t\t\t\t<div class=\"e-con-inner\">\n\t\t<div class=\"elementor-element elementor-element-335d51a e-con-full e-flex e-con e-child\" data-id=\"335d51a\" data-element_type=\"container\" data-e-type=\"container\">\n\t\t\t\t<div class=\"elementor-element elementor-element-eea94ea elementor-widget elementor-widget-image\" data-id=\"eea94ea\" data-element_type=\"widget\" data-e-type=\"widget\" data-widget_type=\"image.default\">\n\t\t\t\t\t\t\t\t\t\t\t\t\t\t\t<img decoding=\"async\" width=\"1200\" height=\"1200\" src=\"https:\/\/galisur.es\/wp-content\/files\/AR100-detalle.png\" class=\"attachment-full size-full wp-image-16410\" alt=\"\" srcset=\"https:\/\/galisur.es\/wp-content\/files\/AR100-detalle.png 1200w, https:\/\/galisur.es\/wp-content\/files\/AR100-detalle-300x300.png 300w, https:\/\/galisur.es\/wp-content\/files\/AR100-detalle-1024x1024.png 1024w, https:\/\/galisur.es\/wp-content\/files\/AR100-detalle-150x150.png 150w, https:\/\/galisur.es\/wp-content\/files\/AR100-detalle-768x768.png 768w, https:\/\/galisur.es\/wp-content\/files\/AR100-detalle-800x800.png 800w\" sizes=\"(max-width: 1200px) 100vw, 1200px\" title=\"\">\t\t\t\t\t\t\t\t\t\t\t\t\t\t\t<\/div>\n\t\t\t\t<\/div>\n\t\t<div class=\"elementor-element elementor-element-80f85cb e-con-full e-flex e-con e-child\" data-id=\"80f85cb\" data-element_type=\"container\" data-e-type=\"container\">\n\t\t\t\t<div class=\"elementor-element elementor-element-2c29f68 elementor-widget elementor-widget-heading\" data-id=\"2c29f68\" data-element_type=\"widget\" data-e-type=\"widget\" data-widget_type=\"heading.default\">\n\t\t\t\t\t<h2 class=\"elementor-heading-title elementor-size-default\">Classification des essais<\/h2>\t\t\t\t<\/div>\n\t\t\t\t<div class=\"elementor-element elementor-element-3be1ab2 elementor-widget elementor-widget-n-accordion\" data-id=\"3be1ab2\" data-element_type=\"widget\" data-e-type=\"widget\" data-settings=\"{&quot;default_state&quot;:&quot;expanded&quot;,&quot;max_items_expended&quot;:&quot;one&quot;,&quot;n_accordion_animation_duration&quot;:{&quot;unit&quot;:&quot;ms&quot;,&quot;size&quot;:400,&quot;sizes&quot;:[]}}\" data-widget_type=\"nested-accordion.default\">\n\t\t\t\t\t\t\t<div class=\"e-n-accordion\" aria-label=\"Accordion. Open links with Enter or Space, close with Escape, and navigate with Arrow Keys\">\n\t\t\t\t\t\t<details id=\"e-n-accordion-item-6270\" class=\"e-n-accordion-item\" open>\n\t\t\t\t<summary class=\"e-n-accordion-item-title\" data-accordion-index=\"1\" tabindex=\"0\" aria-expanded=\"true\" aria-controls=\"e-n-accordion-item-6270\" >\n\t\t\t\t\t<span class='e-n-accordion-item-title-header'><div class=\"e-n-accordion-item-title-text\"> Transmission thermique <\/div><\/span>\n\t\t\t\t\t\t\t<span class='e-n-accordion-item-title-icon'>\n\t\t\t<span class='e-opened' ><svg aria-hidden=\"true\" class=\"e-font-icon-svg e-fas-minus\" viewBox=\"0 0 448 512\" xmlns=\"http:\/\/www.w3.org\/2000\/svg\"><path d=\"M416 208H32c-17.67 0-32 14.33-32 32v32c0 17.67 14.33 32 32 32h384c17.67 0 32-14.33 32-32v-32c0-17.67-14.33-32-32-32z\"><\/path><\/svg><\/span>\n\t\t\t<span class='e-closed'><svg aria-hidden=\"true\" class=\"e-font-icon-svg e-fas-plus\" viewBox=\"0 0 448 512\" xmlns=\"http:\/\/www.w3.org\/2000\/svg\"><path d=\"M416 208H272V64c0-17.67-14.33-32-32-32h-32c-17.67 0-32 14.33-32 32v144H32c-17.67 0-32 14.33-32 32v32c0 17.67 14.33 32 32 32h144v144c0 17.67 14.33 32 32 32h32c17.67 0 32-14.33 32-32V304h144c17.67 0 32-14.33 32-32v-32c0-17.67-14.33-32-32-32z\"><\/path><\/svg><\/span>\n\t\t<\/span>\n\n\t\t\t\t\t\t<\/summary>\n\t\t\t\t<div role=\"region\" aria-labelledby=\"e-n-accordion-item-6270\" class=\"elementor-element elementor-element-fb09b7d e-con-full e-flex e-con e-child\" data-id=\"fb09b7d\" data-element_type=\"container\" data-e-type=\"container\">\n\t\t\t\t<div class=\"elementor-element elementor-element-354a53e elementor-widget elementor-widget-text-editor\" data-id=\"354a53e\" data-element_type=\"widget\" data-e-type=\"widget\" data-widget_type=\"text-editor.default\">\n\t\t\t\t\t\t\t\t\t<p>UNE-EN 10077-1:2010 relative aux diff\u00e9rents types de dimensions et de vitrages.<\/p>\t\t\t\t\t\t\t\t<\/div>\n\t\t\t\t<\/div>\n\t\t\t\t\t<\/details>\n\t\t\t\t\t\t<details id=\"e-n-accordion-item-6271\" class=\"e-n-accordion-item\" >\n\t\t\t\t<summary class=\"e-n-accordion-item-title\" data-accordion-index=\"2\" tabindex=\"-1\" aria-expanded=\"false\" aria-controls=\"e-n-accordion-item-6271\" >\n\t\t\t\t\t<span class='e-n-accordion-item-title-header'><div class=\"e-n-accordion-item-title-text\"> Insonoris\u00e9 <\/div><\/span>\n\t\t\t\t\t\t\t<span class='e-n-accordion-item-title-icon'>\n\t\t\t<span class='e-opened' ><svg aria-hidden=\"true\" class=\"e-font-icon-svg e-fas-minus\" viewBox=\"0 0 448 512\" xmlns=\"http:\/\/www.w3.org\/2000\/svg\"><path d=\"M416 208H32c-17.67 0-32 14.33-32 32v32c0 17.67 14.33 32 32 32h384c17.67 0 32-14.33 32-32v-32c0-17.67-14.33-32-32-32z\"><\/path><\/svg><\/span>\n\t\t\t<span class='e-closed'><svg aria-hidden=\"true\" class=\"e-font-icon-svg e-fas-plus\" viewBox=\"0 0 448 512\" xmlns=\"http:\/\/www.w3.org\/2000\/svg\"><path d=\"M416 208H272V64c0-17.67-14.33-32-32-32h-32c-17.67 0-32 14.33-32 32v144H32c-17.67 0-32 14.33-32 32v32c0 17.67 14.33 32 32 32h144v144c0 17.67 14.33 32 32 32h32c17.67 0 32-14.33 32-32V304h144c17.67 0 32-14.33 32-32v-32c0-17.67-14.33-32-32-32z\"><\/path><\/svg><\/span>\n\t\t<\/span>\n\n\t\t\t\t\t\t<\/summary>\n\t\t\t\t<div role=\"region\" aria-labelledby=\"e-n-accordion-item-6271\" class=\"elementor-element elementor-element-802b55c e-con-full e-flex e-con e-child\" data-id=\"802b55c\" data-element_type=\"container\" data-e-type=\"container\">\n\t\t\t\t<div class=\"elementor-element elementor-element-2f10503 elementor-widget elementor-widget-text-editor\" data-id=\"2f10503\" data-element_type=\"widget\" data-e-type=\"widget\" data-widget_type=\"text-editor.default\">\n\t\t\t\t\t\t\t\t\t<p>Jusqu&rsquo;\u00e0 39 dB UNE-EN 14351:2006+A:2001<\/p>\t\t\t\t\t\t\t\t<\/div>\n\t\t\t\t<\/div>\n\t\t\t\t\t<\/details>\n\t\t\t\t\t<\/div>\n\t\t\t\t\t\t<\/div>\n\t\t\t\t<\/div>\n\t\t\t\t\t<\/div>\n\t\t\t\t<\/div>\n\t\t<div class=\"elementor-element elementor-element-6e55a72 e-flex e-con-boxed e-con e-parent\" data-id=\"6e55a72\" data-element_type=\"container\" data-e-type=\"container\">\n\t\t\t\t\t<div class=\"e-con-inner\">\n\t\t<div class=\"elementor-element elementor-element-d1e3eb4 e-con-full e-flex e-con e-child\" data-id=\"d1e3eb4\" data-element_type=\"container\" data-e-type=\"container\">\n\t\t\t\t<div class=\"elementor-element elementor-element-34053f4 elementor-widget elementor-widget-heading\" data-id=\"34053f4\" data-element_type=\"widget\" data-e-type=\"widget\" data-widget_type=\"heading.default\">\n\t\t\t\t\t<h3 class=\"elementor-heading-title elementor-size-default\">Options d'ouverture<\/h3>\t\t\t\t<\/div>\n\t\t\t\t<div class=\"elementor-element elementor-element-7d96f24 elementor-widget elementor-widget-image\" data-id=\"7d96f24\" data-element_type=\"widget\" data-e-type=\"widget\" data-widget_type=\"image.default\">\n\t\t\t\t\t\t\t\t\t\t\t\t\t\t\t<img decoding=\"async\" width=\"1024\" height=\"499\" src=\"https:\/\/galisur.es\/wp-content\/files\/APERTURA-AR100.png\" class=\"attachment-full size-full wp-image-16806\" alt=\"\" srcset=\"https:\/\/galisur.es\/wp-content\/files\/APERTURA-AR100.png 1024w, https:\/\/galisur.es\/wp-content\/files\/APERTURA-AR100-300x146.png 300w, https:\/\/galisur.es\/wp-content\/files\/APERTURA-AR100-768x374.png 768w\" sizes=\"(max-width: 1024px) 100vw, 1024px\" title=\"\">\t\t\t\t\t\t\t\t\t\t\t\t\t\t\t<\/div>\n\t\t\t\t<\/div>\n\t\t<div class=\"elementor-element elementor-element-d8b0e59 e-con-full e-flex e-con e-child\" data-id=\"d8b0e59\" data-element_type=\"container\" data-e-type=\"container\">\n\t\t\t\t<div class=\"elementor-element elementor-element-d76ef5a elementor-widget elementor-widget-heading\" data-id=\"d76ef5a\" data-element_type=\"widget\" data-e-type=\"widget\" data-widget_type=\"heading.default\">\n\t\t\t\t\t<h3 class=\"elementor-heading-title elementor-size-default\">Dimensions recommand\u00e9es<\/h3>\t\t\t\t<\/div>\n\t\t\t\t<div class=\"elementor-element elementor-element-d00b61b elementor-widget elementor-widget-image\" data-id=\"d00b61b\" data-element_type=\"widget\" data-e-type=\"widget\" data-widget_type=\"image.default\">\n\t\t\t\t\t\t\t\t\t\t\t\t\t\t\t<img loading=\"lazy\" decoding=\"async\" width=\"1024\" height=\"499\" src=\"https:\/\/galisur.es\/wp-content\/files\/DIMENSIONES-AR100.png\" class=\"attachment-full size-full wp-image-16802\" alt=\"\" srcset=\"https:\/\/galisur.es\/wp-content\/files\/DIMENSIONES-AR100.png 1024w, https:\/\/galisur.es\/wp-content\/files\/DIMENSIONES-AR100-300x146.png 300w, https:\/\/galisur.es\/wp-content\/files\/DIMENSIONES-AR100-768x374.png 768w\" sizes=\"(max-width: 1024px) 100vw, 1024px\" title=\"\">\t\t\t\t\t\t\t\t\t\t\t\t\t\t\t<\/div>\n\t\t\t\t<\/div>\n\t\t\t\t\t<\/div>\n\t\t\t\t<\/div>\n\t\t<div class=\"elementor-element elementor-element-e588d2a e-flex e-con-boxed e-con e-parent\" data-id=\"e588d2a\" data-element_type=\"container\" data-e-type=\"container\" data-settings=\"{&quot;background_background&quot;:&quot;classic&quot;}\">\n\t\t\t\t\t<div class=\"e-con-inner\">\n\t\t\t\t<div class=\"elementor-element elementor-element-0cd0ec4 elementor-widget elementor-widget-heading\" data-id=\"0cd0ec4\" data-element_type=\"widget\" data-e-type=\"widget\" data-widget_type=\"heading.default\">\n\t\t\t\t\t<h3 class=\"elementor-heading-title elementor-size-default\">Avantages<\/h3>\t\t\t\t<\/div>\n\t\t\t\t<div class=\"elementor-element elementor-element-b93696a elementor-widget elementor-widget-text-editor\" data-id=\"b93696a\" data-element_type=\"widget\" data-e-type=\"widget\" data-widget_type=\"text-editor.default\">\n\t\t\t\t\t\t\t\t\t<p>Les syst\u00e8mes de profil\u00e9s en aluminium pour fen\u00eatres \u00e0 battants nous offrent de multiples options en mati\u00e8re de design, de vitrage et de performances gr\u00e2ce \u00e0 la haute qualit\u00e9 de l&rsquo;aluminium Galisur.<\/p><p>Notre menuiserie AR100 est con\u00e7ue pour les maisons et les commerciaux.<\/p><ul><li><b>R\u00e9duction du bruit ext\u00e9rieur <\/b>: cette menuiserie en aluminium offre un confort \u00e0 l&rsquo;int\u00e9rieur de la maison\/du commerce gr\u00e2ce \u00e0 sa protection contre la pollution sonore.<\/li><li><b>Haute protection et r\u00e9sistance \u00e0 l&rsquo;air et au vent<\/b> : permettant de r\u00e9aliser des \u00e9conomies d&rsquo;\u00e9nergie.<\/li><li aria-level=\"1\"><b>R\u00e9sistance maximale et entretien minimal<\/b> : gr\u00e2ce \u00e0 la haute qualit\u00e9 de ses profil\u00e9s en aluminium, notre fen\u00eatre ou porte \u00e0 battants ne n\u00e9cessite qu&rsquo;un entretien annuel minimal.<\/li><\/ul><ul><li aria-level=\"1\"><b>S\u00e9curit\u00e9 dans tous les bo\u00eetiers<\/b> : les profil\u00e9s Galisur sont con\u00e7us pour offrir des bo\u00eetiers standard, une s\u00e9curit\u00e9 RC2 et des fermetures \u00e0 pression.<\/li><li><b>Vari\u00e9t\u00e9 de couleurs et de textures<\/b> : nous proposons une large gamme de couleurs RAL et des textures exclusives pour le rev\u00eatement en poudre de votre fen\u00eatre \u00e0 battants.<\/li><\/ul>\t\t\t\t\t\t\t\t<\/div>\n\t\t\t\t\t<\/div>\n\t\t\t\t<\/div>\n\t\t\t\t<\/div>\n\t\t","protected":false},"excerpt":{"rendered":"<p>AR100 Syst\u00e8me \u00e0 casement avec cadre de 100 mm de profondeur et vitrage jusqu&rsquo;\u00e0 65 mm. Sp\u00e9cialement con\u00e7u pour les entr\u00e9es de bureaux ou de magasins. Profils \u00e0 rainure coplanaire avec rupture de pont thermique. Vis dissimul\u00e9es pour la fixation du cadre. Isolation acoustique jusqu&rsquo;\u00e0 39 dB. Options : Raccord \u00e0 rainure coplanaire. Charni\u00e8res r\u00e9par\u00e9es [&hellip;]<\/p>\n","protected":false},"author":1998,"featured_media":0,"parent":17247,"menu_order":0,"comment_status":"closed","ping_status":"closed","template":"","meta":{"footnotes":""},"class_list":["post-17287","page","type-page","status-publish","hentry"],"yoast_head":"<!-- This site is optimized with the Yoast SEO plugin v27.2 - https:\/\/yoast.com\/product\/yoast-seo-wordpress\/ -->\n<title>AR100 | Aluminios Galisur<\/title>\n<meta name=\"description\" content=\"AR100 Syst\u00e8me \u00e0 casement avec cadre de 100 mm de profondeur et vitrage jusqu&#039;\u00e0 65 mm. Sp\u00e9cialement con\u00e7u pour les entr\u00e9es de bureaux ou de magasins.\" \/>\n<meta name=\"robots\" content=\"index, follow, max-snippet:-1, max-image-preview:large, max-video-preview:-1\" \/>\n<link rel=\"canonical\" href=\"https:\/\/galisur.es\/fr\/serie-abatibles\/ar100\/\" \/>\n<meta property=\"og:locale\" content=\"fr_FR\" \/>\n<meta property=\"og:type\" content=\"article\" \/>\n<meta property=\"og:title\" content=\"AR100 | Aluminios Galisur\" \/>\n<meta property=\"og:description\" content=\"AR100 Syst\u00e8me \u00e0 casement avec cadre de 100 mm de profondeur et vitrage jusqu&#039;\u00e0 65 mm. Sp\u00e9cialement con\u00e7u pour les entr\u00e9es de bureaux ou de magasins.\" \/>\n<meta property=\"og:url\" content=\"https:\/\/galisur.es\/fr\/serie-abatibles\/ar100\/\" \/>\n<meta property=\"og:site_name\" content=\"Aluminios Galisur\" \/>\n<meta property=\"article:publisher\" content=\"https:\/\/www.facebook.com\/AluminiosGalisur\" \/>\n<meta property=\"article:modified_time\" content=\"2025-06-23T14:21:50+00:00\" \/>\n<meta property=\"og:image\" content=\"https:\/\/galisur.es\/wp-content\/uploads\/AR100.png\" \/>\n<meta name=\"twitter:card\" content=\"summary_large_image\" \/>\n<meta name=\"twitter:site\" content=\"@AluminioGalisur\" \/>\n<meta name=\"twitter:label1\" content=\"Dur\u00e9e de lecture estim\u00e9e\" \/>\n\t<meta name=\"twitter:data1\" content=\"2 minutes\" \/>\n<script type=\"application\/ld+json\" class=\"yoast-schema-graph\">{\"@context\":\"https:\/\/schema.org\",\"@graph\":[{\"@type\":\"WebPage\",\"@id\":\"https:\/\/galisur.es\/fr\/serie-abatibles\/ar100\/\",\"url\":\"https:\/\/galisur.es\/fr\/serie-abatibles\/ar100\/\",\"name\":\"AR100 | Aluminios Galisur\",\"isPartOf\":{\"@id\":\"https:\/\/galisur.es\/fr\/#website\"},\"primaryImageOfPage\":{\"@id\":\"https:\/\/galisur.es\/fr\/serie-abatibles\/ar100\/#primaryimage\"},\"image\":{\"@id\":\"https:\/\/galisur.es\/fr\/serie-abatibles\/ar100\/#primaryimage\"},\"thumbnailUrl\":\"https:\/\/galisur.es\/wp-content\/uploads\/AR100.png\",\"datePublished\":\"2021-05-11T12:54:59+00:00\",\"dateModified\":\"2025-06-23T14:21:50+00:00\",\"description\":\"AR100 Syst\u00e8me \u00e0 casement avec cadre de 100 mm de profondeur et vitrage jusqu'\u00e0 65 mm. Sp\u00e9cialement con\u00e7u pour les entr\u00e9es de bureaux ou de magasins.\",\"breadcrumb\":{\"@id\":\"https:\/\/galisur.es\/fr\/serie-abatibles\/ar100\/#breadcrumb\"},\"inLanguage\":\"fr-FR\",\"potentialAction\":[{\"@type\":\"ReadAction\",\"target\":[\"https:\/\/galisur.es\/fr\/serie-abatibles\/ar100\/\"]}]},{\"@type\":\"ImageObject\",\"inLanguage\":\"fr-FR\",\"@id\":\"https:\/\/galisur.es\/fr\/serie-abatibles\/ar100\/#primaryimage\",\"url\":\"https:\/\/galisur.es\/wp-content\/uploads\/AR100.png\",\"contentUrl\":\"https:\/\/galisur.es\/wp-content\/uploads\/AR100.png\"},{\"@type\":\"BreadcrumbList\",\"@id\":\"https:\/\/galisur.es\/fr\/serie-abatibles\/ar100\/#breadcrumb\",\"itemListElement\":[{\"@type\":\"ListItem\",\"position\":1,\"name\":\"Portada\",\"item\":\"https:\/\/galisur.es\/fr\/\"},{\"@type\":\"ListItem\",\"position\":2,\"name\":\"S\u00e9rie abatibles\",\"item\":\"https:\/\/galisur.es\/fr\/?page_id=17247\"},{\"@type\":\"ListItem\",\"position\":3,\"name\":\"AR100\"}]},{\"@type\":\"WebSite\",\"@id\":\"https:\/\/galisur.es\/fr\/#website\",\"url\":\"https:\/\/galisur.es\/fr\/\",\"name\":\"Aluminios Galisur\",\"description\":\"Aluminios Galisur\",\"publisher\":{\"@id\":\"https:\/\/galisur.es\/fr\/#organization\"},\"potentialAction\":[{\"@type\":\"SearchAction\",\"target\":{\"@type\":\"EntryPoint\",\"urlTemplate\":\"https:\/\/galisur.es\/fr\/?s={search_term_string}\"},\"query-input\":{\"@type\":\"PropertyValueSpecification\",\"valueRequired\":true,\"valueName\":\"search_term_string\"}}],\"inLanguage\":\"fr-FR\"},{\"@type\":\"Organization\",\"@id\":\"https:\/\/galisur.es\/fr\/#organization\",\"name\":\"Galisur\",\"url\":\"https:\/\/galisur.es\/fr\/\",\"logo\":{\"@type\":\"ImageObject\",\"inLanguage\":\"fr-FR\",\"@id\":\"https:\/\/galisur.es\/fr\/#\/schema\/logo\/image\/\",\"url\":\"https:\/\/galisur.es\/wp-content\/files\/2021\/03\/logo-35x15-1.png\",\"contentUrl\":\"https:\/\/galisur.es\/wp-content\/files\/2021\/03\/logo-35x15-1.png\",\"width\":370,\"height\":176,\"caption\":\"Galisur\"},\"image\":{\"@id\":\"https:\/\/galisur.es\/fr\/#\/schema\/logo\/image\/\"},\"sameAs\":[\"https:\/\/www.facebook.com\/AluminiosGalisur\",\"https:\/\/x.com\/AluminioGalisur\"]}]}<\/script>\n<!-- \/ Yoast SEO plugin. -->","yoast_head_json":{"title":"AR100 | Aluminios Galisur","description":"AR100 Syst\u00e8me \u00e0 casement avec cadre de 100 mm de profondeur et vitrage jusqu'\u00e0 65 mm. Sp\u00e9cialement con\u00e7u pour les entr\u00e9es de bureaux ou de magasins.","robots":{"index":"index","follow":"follow","max-snippet":"max-snippet:-1","max-image-preview":"max-image-preview:large","max-video-preview":"max-video-preview:-1"},"canonical":"https:\/\/galisur.es\/fr\/serie-abatibles\/ar100\/","og_locale":"fr_FR","og_type":"article","og_title":"AR100 | Aluminios Galisur","og_description":"AR100 Syst\u00e8me \u00e0 casement avec cadre de 100 mm de profondeur et vitrage jusqu'\u00e0 65 mm. Sp\u00e9cialement con\u00e7u pour les entr\u00e9es de bureaux ou de magasins.","og_url":"https:\/\/galisur.es\/fr\/serie-abatibles\/ar100\/","og_site_name":"Aluminios Galisur","article_publisher":"https:\/\/www.facebook.com\/AluminiosGalisur","article_modified_time":"2025-06-23T14:21:50+00:00","og_image":[{"url":"https:\/\/galisur.es\/wp-content\/uploads\/AR100.png","type":"","width":"","height":""}],"twitter_card":"summary_large_image","twitter_site":"@AluminioGalisur","twitter_misc":{"Dur\u00e9e de lecture estim\u00e9e":"2 minutes"},"schema":{"@context":"https:\/\/schema.org","@graph":[{"@type":"WebPage","@id":"https:\/\/galisur.es\/fr\/serie-abatibles\/ar100\/","url":"https:\/\/galisur.es\/fr\/serie-abatibles\/ar100\/","name":"AR100 | Aluminios Galisur","isPartOf":{"@id":"https:\/\/galisur.es\/fr\/#website"},"primaryImageOfPage":{"@id":"https:\/\/galisur.es\/fr\/serie-abatibles\/ar100\/#primaryimage"},"image":{"@id":"https:\/\/galisur.es\/fr\/serie-abatibles\/ar100\/#primaryimage"},"thumbnailUrl":"https:\/\/galisur.es\/wp-content\/uploads\/AR100.png","datePublished":"2021-05-11T12:54:59+00:00","dateModified":"2025-06-23T14:21:50+00:00","description":"AR100 Syst\u00e8me \u00e0 casement avec cadre de 100 mm de profondeur et vitrage jusqu'\u00e0 65 mm. Sp\u00e9cialement con\u00e7u pour les entr\u00e9es de bureaux ou de magasins.","breadcrumb":{"@id":"https:\/\/galisur.es\/fr\/serie-abatibles\/ar100\/#breadcrumb"},"inLanguage":"fr-FR","potentialAction":[{"@type":"ReadAction","target":["https:\/\/galisur.es\/fr\/serie-abatibles\/ar100\/"]}]},{"@type":"ImageObject","inLanguage":"fr-FR","@id":"https:\/\/galisur.es\/fr\/serie-abatibles\/ar100\/#primaryimage","url":"https:\/\/galisur.es\/wp-content\/uploads\/AR100.png","contentUrl":"https:\/\/galisur.es\/wp-content\/uploads\/AR100.png"},{"@type":"BreadcrumbList","@id":"https:\/\/galisur.es\/fr\/serie-abatibles\/ar100\/#breadcrumb","itemListElement":[{"@type":"ListItem","position":1,"name":"Portada","item":"https:\/\/galisur.es\/fr\/"},{"@type":"ListItem","position":2,"name":"S\u00e9rie abatibles","item":"https:\/\/galisur.es\/fr\/?page_id=17247"},{"@type":"ListItem","position":3,"name":"AR100"}]},{"@type":"WebSite","@id":"https:\/\/galisur.es\/fr\/#website","url":"https:\/\/galisur.es\/fr\/","name":"Aluminios Galisur","description":"Aluminios Galisur","publisher":{"@id":"https:\/\/galisur.es\/fr\/#organization"},"potentialAction":[{"@type":"SearchAction","target":{"@type":"EntryPoint","urlTemplate":"https:\/\/galisur.es\/fr\/?s={search_term_string}"},"query-input":{"@type":"PropertyValueSpecification","valueRequired":true,"valueName":"search_term_string"}}],"inLanguage":"fr-FR"},{"@type":"Organization","@id":"https:\/\/galisur.es\/fr\/#organization","name":"Galisur","url":"https:\/\/galisur.es\/fr\/","logo":{"@type":"ImageObject","inLanguage":"fr-FR","@id":"https:\/\/galisur.es\/fr\/#\/schema\/logo\/image\/","url":"https:\/\/galisur.es\/wp-content\/files\/2021\/03\/logo-35x15-1.png","contentUrl":"https:\/\/galisur.es\/wp-content\/files\/2021\/03\/logo-35x15-1.png","width":370,"height":176,"caption":"Galisur"},"image":{"@id":"https:\/\/galisur.es\/fr\/#\/schema\/logo\/image\/"},"sameAs":["https:\/\/www.facebook.com\/AluminiosGalisur","https:\/\/x.com\/AluminioGalisur"]}]}},"_links":{"self":[{"href":"https:\/\/galisur.es\/fr\/wp-json\/wp\/v2\/pages\/17287","targetHints":{"allow":["GET"]}}],"collection":[{"href":"https:\/\/galisur.es\/fr\/wp-json\/wp\/v2\/pages"}],"about":[{"href":"https:\/\/galisur.es\/fr\/wp-json\/wp\/v2\/types\/page"}],"author":[{"embeddable":true,"href":"https:\/\/galisur.es\/fr\/wp-json\/wp\/v2\/users\/1998"}],"replies":[{"embeddable":true,"href":"https:\/\/galisur.es\/fr\/wp-json\/wp\/v2\/comments?post=17287"}],"version-history":[{"count":3,"href":"https:\/\/galisur.es\/fr\/wp-json\/wp\/v2\/pages\/17287\/revisions"}],"predecessor-version":[{"id":17290,"href":"https:\/\/galisur.es\/fr\/wp-json\/wp\/v2\/pages\/17287\/revisions\/17290"}],"up":[{"embeddable":true,"href":"https:\/\/galisur.es\/fr\/wp-json\/wp\/v2\/pages\/17247"}],"wp:attachment":[{"href":"https:\/\/galisur.es\/fr\/wp-json\/wp\/v2\/media?parent=17287"}],"curies":[{"name":"wp","href":"https:\/\/api.w.org\/{rel}","templated":true}]}}