{"id":17263,"date":"2021-03-17T09:26:30","date_gmt":"2021-03-17T08:26:30","guid":{"rendered":"https:\/\/nervous-gagarin.141-94-206-129.plesk.page\/serie-abatibles\/a40-45\/"},"modified":"2026-02-09T13:38:05","modified_gmt":"2026-02-09T12:38:05","slug":"a40-45","status":"publish","type":"page","link":"https:\/\/galisur.es\/fr\/serie-abatibles\/a40-45\/","title":{"rendered":"A40\/45"},"content":{"rendered":"\t\t<div data-elementor-type=\"wp-page\" data-elementor-id=\"17263\" class=\"elementor elementor-17263 elementor-6964\" data-elementor-post-type=\"page\">\n\t\t\t\t<div class=\"elementor-element elementor-element-59bf4c5 e-flex e-con-boxed e-con e-parent\" data-id=\"59bf4c5\" data-element_type=\"container\" data-e-type=\"container\">\n\t\t\t\t\t<div class=\"e-con-inner\">\n\t\t<div class=\"elementor-element elementor-element-3900b33 e-con-full e-flex e-con e-child\" data-id=\"3900b33\" data-element_type=\"container\" data-e-type=\"container\">\n\t\t\t\t<div class=\"elementor-element elementor-element-1659dee elementor-widget elementor-widget-image\" data-id=\"1659dee\" data-element_type=\"widget\" data-e-type=\"widget\" data-widget_type=\"image.default\">\n\t\t\t\t\t\t\t\t\t\t\t\t\t\t\t<img fetchpriority=\"high\" decoding=\"async\" width=\"1200\" height=\"1200\" src=\"https:\/\/galisur.es\/wp-content\/files\/A40-45-crema.png\" class=\"attachment-full size-full wp-image-16426\" alt=\"\" srcset=\"https:\/\/galisur.es\/wp-content\/files\/A40-45-crema.png 1200w, https:\/\/galisur.es\/wp-content\/files\/A40-45-crema-300x300.png 300w, https:\/\/galisur.es\/wp-content\/files\/A40-45-crema-1024x1024.png 1024w, https:\/\/galisur.es\/wp-content\/files\/A40-45-crema-150x150.png 150w, https:\/\/galisur.es\/wp-content\/files\/A40-45-crema-768x768.png 768w, https:\/\/galisur.es\/wp-content\/files\/A40-45-crema-800x800.png 800w\" sizes=\"(max-width: 1200px) 100vw, 1200px\" title=\"\">\t\t\t\t\t\t\t\t\t\t\t\t\t\t\t<\/div>\n\t\t\t\t<\/div>\n\t\t<div class=\"elementor-element elementor-element-75c780b e-con-full e-flex e-con e-child\" data-id=\"75c780b\" data-element_type=\"container\" data-e-type=\"container\">\n\t\t\t\t<div class=\"elementor-element elementor-element-77d1562 elementor-widget elementor-widget-heading\" data-id=\"77d1562\" data-element_type=\"widget\" data-e-type=\"widget\" data-widget_type=\"heading.default\">\n\t\t\t\t\t<h1 class=\"elementor-heading-title elementor-size-default\">A40\/45<\/h1>\t\t\t\t<\/div>\n\t\t\t\t<div class=\"elementor-element elementor-element-73d35ce elementor-widget elementor-widget-text-editor\" data-id=\"73d35ce\" data-element_type=\"widget\" data-e-type=\"widget\" data-widget_type=\"text-editor.default\">\n\t\t\t\t\t\t\t\t\t<p>Syst\u00e8me battant de 40 et 45 mm de profondeur de cadre avec vitrage jusqu&rsquo;\u00e0 33 mm. Ferrures et chambre europ\u00e9enne. \u00c9querres en aluminium avec visserie inox. Isolation acoustique jusqu&rsquo;\u00e0 39 dB. Et vitrage \u00e0 l&rsquo;aide de parcloses \u00e0 pression avec un espace jusqu&rsquo;\u00e0 29 mm. Tous les accessoires, \u00e9querres et joints sont communs \u00e0 tous les syst\u00e8mes.   <\/p><p>Options :<\/p><ul><li>Ferrure avec g\u00e2ches standard.<\/li><li>Ferrure avec g\u00e2ches de s\u00e9curit\u00e9 RC2.<\/li><\/ul>\t\t\t\t\t\t\t\t<\/div>\n\t\t\t\t<\/div>\n\t\t\t\t\t<\/div>\n\t\t\t\t<\/div>\n\t\t<div class=\"elementor-element elementor-element-310ef4b e-flex e-con-boxed e-con e-parent\" data-id=\"310ef4b\" data-element_type=\"container\" data-e-type=\"container\" data-settings=\"{&quot;background_background&quot;:&quot;classic&quot;}\">\n\t\t\t\t\t<div class=\"e-con-inner\">\n\t\t<div class=\"elementor-element elementor-element-c574d9d e-con-full e-flex e-con e-child\" data-id=\"c574d9d\" data-element_type=\"container\" data-e-type=\"container\">\n\t\t\t\t<div class=\"elementor-element elementor-element-d110304 elementor-widget elementor-widget-heading\" data-id=\"d110304\" data-element_type=\"widget\" data-e-type=\"widget\" data-widget_type=\"heading.default\">\n\t\t\t\t\t<p class=\"elementor-heading-title elementor-size-default\">Fiche technique<\/p>\t\t\t\t<\/div>\n\t\t\t\t<div class=\"elementor-element elementor-element-56a9e74 elementor-widget elementor-widget-text-editor\" data-id=\"56a9e74\" data-element_type=\"widget\" data-e-type=\"widget\" data-widget_type=\"text-editor.default\">\n\t\t\t\t\t\t\t\t\t<p><a href=\"https:\/\/galisur.es\/fr\/enregistrement\/\">Inscrivez-vous ici<\/a> pour acc\u00e9der au document.<\/p>\t\t\t\t\t\t\t\t<\/div>\n\t\t\t\t<\/div>\n\t\t<div class=\"elementor-element elementor-element-8d39dbf e-con-full e-flex e-con e-child\" data-id=\"8d39dbf\" data-element_type=\"container\" data-e-type=\"container\">\n\t\t\t\t<div class=\"elementor-element elementor-element-9725969 elementor-widget elementor-widget-heading\" data-id=\"9725969\" data-element_type=\"widget\" data-e-type=\"widget\" data-widget_type=\"heading.default\">\n\t\t\t\t\t<p class=\"elementor-heading-title elementor-size-default\">Catalogue<\/p>\t\t\t\t<\/div>\n\t\t\t\t<div class=\"elementor-element elementor-element-1e52ea8 elementor-widget elementor-widget-text-editor\" data-id=\"1e52ea8\" data-element_type=\"widget\" data-e-type=\"widget\" data-widget_type=\"text-editor.default\">\n\t\t\t\t\t\t\t\t\t<p><a href=\"https:\/\/galisur.es\/fr\/enregistrement\/\">Inscrivez-vous ici<\/a> pour acc\u00e9der au document.<\/p>\t\t\t\t\t\t\t\t<\/div>\n\t\t\t\t<\/div>\n\t\t\t\t\t<\/div>\n\t\t\t\t<\/div>\n\t\t<div class=\"elementor-element elementor-element-eda89a8 e-flex e-con-boxed e-con e-parent\" data-id=\"eda89a8\" data-element_type=\"container\" data-e-type=\"container\">\n\t\t\t\t\t<div class=\"e-con-inner\">\n\t\t<div class=\"elementor-element elementor-element-9b30b38 e-con-full e-flex e-con e-child\" data-id=\"9b30b38\" data-element_type=\"container\" data-e-type=\"container\">\n\t\t\t\t<div class=\"elementor-element elementor-element-0e083cf elementor-widget elementor-widget-image\" data-id=\"0e083cf\" data-element_type=\"widget\" data-e-type=\"widget\" data-widget_type=\"image.default\">\n\t\t\t\t\t\t\t\t\t\t\t\t\t\t\t<img decoding=\"async\" width=\"1200\" height=\"1200\" src=\"https:\/\/galisur.es\/wp-content\/files\/A40-45-crema-detalle.png\" class=\"attachment-full size-full wp-image-16442\" alt=\"\" srcset=\"https:\/\/galisur.es\/wp-content\/files\/A40-45-crema-detalle.png 1200w, https:\/\/galisur.es\/wp-content\/files\/A40-45-crema-detalle-300x300.png 300w, https:\/\/galisur.es\/wp-content\/files\/A40-45-crema-detalle-1024x1024.png 1024w, https:\/\/galisur.es\/wp-content\/files\/A40-45-crema-detalle-150x150.png 150w, https:\/\/galisur.es\/wp-content\/files\/A40-45-crema-detalle-768x768.png 768w, https:\/\/galisur.es\/wp-content\/files\/A40-45-crema-detalle-800x800.png 800w\" sizes=\"(max-width: 1200px) 100vw, 1200px\" title=\"\">\t\t\t\t\t\t\t\t\t\t\t\t\t\t\t<\/div>\n\t\t\t\t<\/div>\n\t\t<div class=\"elementor-element elementor-element-093c1f3 e-con-full e-flex e-con e-child\" data-id=\"093c1f3\" data-element_type=\"container\" data-e-type=\"container\">\n\t\t\t\t<div class=\"elementor-element elementor-element-d5c843a elementor-widget elementor-widget-heading\" data-id=\"d5c843a\" data-element_type=\"widget\" data-e-type=\"widget\" data-widget_type=\"heading.default\">\n\t\t\t\t\t<h2 class=\"elementor-heading-title elementor-size-default\">Classification des essais<\/h2>\t\t\t\t<\/div>\n\t\t\t\t<div class=\"elementor-element elementor-element-496f372 elementor-widget elementor-widget-n-accordion\" data-id=\"496f372\" data-element_type=\"widget\" data-e-type=\"widget\" data-settings=\"{&quot;default_state&quot;:&quot;expanded&quot;,&quot;max_items_expended&quot;:&quot;one&quot;,&quot;n_accordion_animation_duration&quot;:{&quot;unit&quot;:&quot;ms&quot;,&quot;size&quot;:400,&quot;sizes&quot;:[]}}\" data-widget_type=\"nested-accordion.default\">\n\t\t\t\t\t\t\t<div class=\"e-n-accordion\" aria-label=\"Accordion. Open links with Enter or Space, close with Escape, and navigate with Arrow Keys\">\n\t\t\t\t\t\t<details id=\"e-n-accordion-item-7700\" class=\"e-n-accordion-item\" open>\n\t\t\t\t<summary class=\"e-n-accordion-item-title\" data-accordion-index=\"1\" tabindex=\"0\" aria-expanded=\"true\" aria-controls=\"e-n-accordion-item-7700\" >\n\t\t\t\t\t<span class='e-n-accordion-item-title-header'><div class=\"e-n-accordion-item-title-text\"> Perm\u00e9abilit\u00e9 \u00e0 l'air <\/div><\/span>\n\t\t\t\t\t\t\t<span class='e-n-accordion-item-title-icon'>\n\t\t\t<span class='e-opened' ><svg aria-hidden=\"true\" class=\"e-font-icon-svg e-fas-minus\" viewBox=\"0 0 448 512\" xmlns=\"http:\/\/www.w3.org\/2000\/svg\"><path d=\"M416 208H32c-17.67 0-32 14.33-32 32v32c0 17.67 14.33 32 32 32h384c17.67 0 32-14.33 32-32v-32c0-17.67-14.33-32-32-32z\"><\/path><\/svg><\/span>\n\t\t\t<span class='e-closed'><svg aria-hidden=\"true\" class=\"e-font-icon-svg e-fas-plus\" viewBox=\"0 0 448 512\" xmlns=\"http:\/\/www.w3.org\/2000\/svg\"><path d=\"M416 208H272V64c0-17.67-14.33-32-32-32h-32c-17.67 0-32 14.33-32 32v144H32c-17.67 0-32 14.33-32 32v32c0 17.67 14.33 32 32 32h144v144c0 17.67 14.33 32 32 32h32c17.67 0 32-14.33 32-32V304h144c17.67 0 32-14.33 32-32v-32c0-17.67-14.33-32-32-32z\"><\/path><\/svg><\/span>\n\t\t<\/span>\n\n\t\t\t\t\t\t<\/summary>\n\t\t\t\t<div role=\"region\" aria-labelledby=\"e-n-accordion-item-7700\" class=\"elementor-element elementor-element-6e0d89e e-con-full e-flex e-con e-child\" data-id=\"6e0d89e\" data-element_type=\"container\" data-e-type=\"container\">\n\t\t\t\t<div class=\"elementor-element elementor-element-f443b3a elementor-widget elementor-widget-text-editor\" data-id=\"f443b3a\" data-element_type=\"widget\" data-e-type=\"widget\" data-widget_type=\"text-editor.default\">\n\t\t\t\t\t\t\t\t\t<p>Classe 4 (UNE-EN 12207:200)<\/p>\t\t\t\t\t\t\t\t<\/div>\n\t\t\t\t<\/div>\n\t\t\t\t\t<\/details>\n\t\t\t\t\t\t<details id=\"e-n-accordion-item-7701\" class=\"e-n-accordion-item\" >\n\t\t\t\t<summary class=\"e-n-accordion-item-title\" data-accordion-index=\"2\" tabindex=\"-1\" aria-expanded=\"false\" aria-controls=\"e-n-accordion-item-7701\" >\n\t\t\t\t\t<span class='e-n-accordion-item-title-header'><div class=\"e-n-accordion-item-title-text\"> \u00c9tanch\u00e9it\u00e9 \u00e0 l'eau <\/div><\/span>\n\t\t\t\t\t\t\t<span class='e-n-accordion-item-title-icon'>\n\t\t\t<span class='e-opened' ><svg aria-hidden=\"true\" class=\"e-font-icon-svg e-fas-minus\" viewBox=\"0 0 448 512\" xmlns=\"http:\/\/www.w3.org\/2000\/svg\"><path d=\"M416 208H32c-17.67 0-32 14.33-32 32v32c0 17.67 14.33 32 32 32h384c17.67 0 32-14.33 32-32v-32c0-17.67-14.33-32-32-32z\"><\/path><\/svg><\/span>\n\t\t\t<span class='e-closed'><svg aria-hidden=\"true\" class=\"e-font-icon-svg e-fas-plus\" viewBox=\"0 0 448 512\" xmlns=\"http:\/\/www.w3.org\/2000\/svg\"><path d=\"M416 208H272V64c0-17.67-14.33-32-32-32h-32c-17.67 0-32 14.33-32 32v144H32c-17.67 0-32 14.33-32 32v32c0 17.67 14.33 32 32 32h144v144c0 17.67 14.33 32 32 32h32c17.67 0 32-14.33 32-32V304h144c17.67 0 32-14.33 32-32v-32c0-17.67-14.33-32-32-32z\"><\/path><\/svg><\/span>\n\t\t<\/span>\n\n\t\t\t\t\t\t<\/summary>\n\t\t\t\t<div role=\"region\" aria-labelledby=\"e-n-accordion-item-7701\" class=\"elementor-element elementor-element-df63fa8 e-con-full e-flex e-con e-child\" data-id=\"df63fa8\" data-element_type=\"container\" data-e-type=\"container\">\n\t\t\t\t<div class=\"elementor-element elementor-element-3348523 elementor-widget elementor-widget-text-editor\" data-id=\"3348523\" data-element_type=\"widget\" data-e-type=\"widget\" data-widget_type=\"text-editor.default\">\n\t\t\t\t\t\t\t\t\t<p>Classe 9A (UNE-EN 12208:200)<\/p>\t\t\t\t\t\t\t\t<\/div>\n\t\t\t\t<\/div>\n\t\t\t\t\t<\/details>\n\t\t\t\t\t\t<details id=\"e-n-accordion-item-7702\" class=\"e-n-accordion-item\" >\n\t\t\t\t<summary class=\"e-n-accordion-item-title\" data-accordion-index=\"3\" tabindex=\"-1\" aria-expanded=\"false\" aria-controls=\"e-n-accordion-item-7702\" >\n\t\t\t\t\t<span class='e-n-accordion-item-title-header'><div class=\"e-n-accordion-item-title-text\"> R\u00e9sistance au vent <\/div><\/span>\n\t\t\t\t\t\t\t<span class='e-n-accordion-item-title-icon'>\n\t\t\t<span class='e-opened' ><svg aria-hidden=\"true\" class=\"e-font-icon-svg e-fas-minus\" viewBox=\"0 0 448 512\" xmlns=\"http:\/\/www.w3.org\/2000\/svg\"><path d=\"M416 208H32c-17.67 0-32 14.33-32 32v32c0 17.67 14.33 32 32 32h384c17.67 0 32-14.33 32-32v-32c0-17.67-14.33-32-32-32z\"><\/path><\/svg><\/span>\n\t\t\t<span class='e-closed'><svg aria-hidden=\"true\" class=\"e-font-icon-svg e-fas-plus\" viewBox=\"0 0 448 512\" xmlns=\"http:\/\/www.w3.org\/2000\/svg\"><path d=\"M416 208H272V64c0-17.67-14.33-32-32-32h-32c-17.67 0-32 14.33-32 32v144H32c-17.67 0-32 14.33-32 32v32c0 17.67 14.33 32 32 32h144v144c0 17.67 14.33 32 32 32h32c17.67 0 32-14.33 32-32V304h144c17.67 0 32-14.33 32-32v-32c0-17.67-14.33-32-32-32z\"><\/path><\/svg><\/span>\n\t\t<\/span>\n\n\t\t\t\t\t\t<\/summary>\n\t\t\t\t<div role=\"region\" aria-labelledby=\"e-n-accordion-item-7702\" class=\"elementor-element elementor-element-5c19ff6 e-con-full e-flex e-con e-child\" data-id=\"5c19ff6\" data-element_type=\"container\" data-e-type=\"container\">\n\t\t\t\t<div class=\"elementor-element elementor-element-bd7471a elementor-widget elementor-widget-text-editor\" data-id=\"bd7471a\" data-element_type=\"widget\" data-e-type=\"widget\" data-widget_type=\"text-editor.default\">\n\t\t\t\t\t\t\t\t\t<p>Classe 5 (UNE-EN 12209:200)<\/p>\t\t\t\t\t\t\t\t<\/div>\n\t\t\t\t<\/div>\n\t\t\t\t\t<\/details>\n\t\t\t\t\t<\/div>\n\t\t\t\t\t\t<\/div>\n\t\t\t\t<\/div>\n\t\t\t\t\t<\/div>\n\t\t\t\t<\/div>\n\t\t<div class=\"elementor-element elementor-element-3fb1f9f e-flex e-con-boxed e-con e-parent\" data-id=\"3fb1f9f\" data-element_type=\"container\" data-e-type=\"container\">\n\t\t\t\t\t<div class=\"e-con-inner\">\n\t\t\t\t<div class=\"elementor-element elementor-element-85e2088 elementor-widget elementor-widget-heading\" data-id=\"85e2088\" data-element_type=\"widget\" data-e-type=\"widget\" data-widget_type=\"heading.default\">\n\t\t\t\t\t<h3 class=\"elementor-heading-title elementor-size-default\">Dimensions recommand\u00e9es<\/h3>\t\t\t\t<\/div>\n\t\t\t\t<div class=\"elementor-element elementor-element-fd047e8 elementor-widget elementor-widget-image\" data-id=\"fd047e8\" data-element_type=\"widget\" data-e-type=\"widget\" data-widget_type=\"image.default\">\n\t\t\t\t\t\t\t\t\t\t\t\t\t\t\t<img decoding=\"async\" width=\"1024\" height=\"499\" src=\"https:\/\/galisur.es\/wp-content\/files\/DIMENSIONES-A40-45.png\" class=\"attachment-full size-full wp-image-16814\" alt=\"\" srcset=\"https:\/\/galisur.es\/wp-content\/files\/DIMENSIONES-A40-45.png 1024w, https:\/\/galisur.es\/wp-content\/files\/DIMENSIONES-A40-45-300x146.png 300w, https:\/\/galisur.es\/wp-content\/files\/DIMENSIONES-A40-45-768x374.png 768w\" sizes=\"(max-width: 1024px) 100vw, 1024px\" title=\"\">\t\t\t\t\t\t\t\t\t\t\t\t\t\t\t<\/div>\n\t\t\t\t\t<\/div>\n\t\t\t\t<\/div>\n\t\t<div class=\"elementor-element elementor-element-b35bc93 e-flex e-con-boxed e-con e-parent\" data-id=\"b35bc93\" data-element_type=\"container\" data-e-type=\"container\" data-settings=\"{&quot;background_background&quot;:&quot;classic&quot;}\">\n\t\t\t\t\t<div class=\"e-con-inner\">\n\t\t\t\t<div class=\"elementor-element elementor-element-032a36c elementor-widget elementor-widget-heading\" data-id=\"032a36c\" data-element_type=\"widget\" data-e-type=\"widget\" data-widget_type=\"heading.default\">\n\t\t\t\t\t<h3 class=\"elementor-heading-title elementor-size-default\">Avantages<\/h3>\t\t\t\t<\/div>\n\t\t\t\t<div class=\"elementor-element elementor-element-0f80ff7 elementor-widget elementor-widget-text-editor\" data-id=\"0f80ff7\" data-element_type=\"widget\" data-e-type=\"widget\" data-widget_type=\"text-editor.default\">\n\t\t\t\t\t\t\t\t\t<p>Les fen\u00eatres battantes en aluminium et les portes battantes A40 offrent d&rsquo;excellentes performances et des classifications techniques exceptionnelles. Cette menuiserie en aluminium sans rupture de pont thermique A40 est fabriqu\u00e9e avec des \u00e9querres en aluminium, des joints d&rsquo;\u00e9tanch\u00e9it\u00e9 en EPDM et des angles vulcanis\u00e9s. Ce produit allie qualit\u00e9, s\u00e9curit\u00e9 et durabilit\u00e9.  <\/p>\t\t\t\t\t\t\t\t<\/div>\n\t\t\t\t\t<\/div>\n\t\t\t\t<\/div>\n\t\t\t\t<\/div>\n\t\t","protected":false},"excerpt":{"rendered":"<p>A40\/45 Syst\u00e8me battant de 40 et 45 mm de profondeur de cadre avec vitrage jusqu&rsquo;\u00e0 33 mm. Ferrures et chambre europ\u00e9enne. \u00c9querres en aluminium avec visserie inox. Isolation acoustique jusqu&rsquo;\u00e0 39 dB. Et vitrage \u00e0 l&rsquo;aide de parcloses \u00e0 pression avec un espace jusqu&rsquo;\u00e0 29 mm. Tous les accessoires, \u00e9querres et joints sont communs \u00e0 [&hellip;]<\/p>\n","protected":false},"author":1998,"featured_media":0,"parent":17247,"menu_order":0,"comment_status":"closed","ping_status":"closed","template":"","meta":{"footnotes":""},"class_list":["post-17263","page","type-page","status-publish","hentry"],"yoast_head":"<!-- This site is optimized with the Yoast SEO plugin v27.2 - https:\/\/yoast.com\/product\/yoast-seo-wordpress\/ -->\n<title>A40\/45 | Aluminios Galisur<\/title>\n<meta name=\"description\" content=\"A40\/45 Syst\u00e8me battant de 40 et 45 mm de profondeur de cadre avec vitrage jusqu&#039;\u00e0 33 mm. Ferrures et chambre europ\u00e9enne. \u00c9querres en aluminium avec\" \/>\n<meta name=\"robots\" content=\"index, follow, max-snippet:-1, max-image-preview:large, max-video-preview:-1\" \/>\n<link rel=\"canonical\" href=\"https:\/\/galisur.es\/fr\/serie-abatibles\/a40-45\/\" \/>\n<meta property=\"og:locale\" content=\"fr_FR\" \/>\n<meta property=\"og:type\" content=\"article\" \/>\n<meta property=\"og:title\" content=\"A40\/45 | Aluminios Galisur\" \/>\n<meta property=\"og:description\" content=\"A40\/45 Syst\u00e8me battant de 40 et 45 mm de profondeur de cadre avec vitrage jusqu&#039;\u00e0 33 mm. Ferrures et chambre europ\u00e9enne. \u00c9querres en aluminium avec\" \/>\n<meta property=\"og:url\" content=\"https:\/\/galisur.es\/fr\/serie-abatibles\/a40-45\/\" \/>\n<meta property=\"og:site_name\" content=\"Aluminios Galisur\" \/>\n<meta property=\"article:publisher\" content=\"https:\/\/www.facebook.com\/AluminiosGalisur\" \/>\n<meta property=\"article:modified_time\" content=\"2026-02-09T12:38:05+00:00\" \/>\n<meta property=\"og:image\" content=\"https:\/\/galisur.es\/wp-content\/files\/A40-45-crema.png\" \/>\n\t<meta property=\"og:image:width\" content=\"1200\" \/>\n\t<meta property=\"og:image:height\" content=\"1200\" \/>\n\t<meta property=\"og:image:type\" content=\"image\/png\" \/>\n<meta name=\"twitter:card\" content=\"summary_large_image\" \/>\n<meta name=\"twitter:site\" content=\"@AluminioGalisur\" \/>\n<meta name=\"twitter:label1\" content=\"Dur\u00e9e de lecture estim\u00e9e\" \/>\n\t<meta name=\"twitter:data1\" content=\"1 minute\" \/>\n<script type=\"application\/ld+json\" class=\"yoast-schema-graph\">{\"@context\":\"https:\/\/schema.org\",\"@graph\":[{\"@type\":\"WebPage\",\"@id\":\"https:\/\/galisur.es\/fr\/serie-abatibles\/a40-45\/\",\"url\":\"https:\/\/galisur.es\/fr\/serie-abatibles\/a40-45\/\",\"name\":\"A40\/45 | Aluminios Galisur\",\"isPartOf\":{\"@id\":\"https:\/\/galisur.es\/fr\/#website\"},\"primaryImageOfPage\":{\"@id\":\"https:\/\/galisur.es\/fr\/serie-abatibles\/a40-45\/#primaryimage\"},\"image\":{\"@id\":\"https:\/\/galisur.es\/fr\/serie-abatibles\/a40-45\/#primaryimage\"},\"thumbnailUrl\":\"https:\/\/galisur.es\/wp-content\/files\/A40-45-crema.png\",\"datePublished\":\"2021-03-17T08:26:30+00:00\",\"dateModified\":\"2026-02-09T12:38:05+00:00\",\"description\":\"A40\/45 Syst\u00e8me battant de 40 et 45 mm de profondeur de cadre avec vitrage jusqu'\u00e0 33 mm. Ferrures et chambre europ\u00e9enne. \u00c9querres en aluminium avec\",\"breadcrumb\":{\"@id\":\"https:\/\/galisur.es\/fr\/serie-abatibles\/a40-45\/#breadcrumb\"},\"inLanguage\":\"fr-FR\",\"potentialAction\":[{\"@type\":\"ReadAction\",\"target\":[\"https:\/\/galisur.es\/fr\/serie-abatibles\/a40-45\/\"]}]},{\"@type\":\"ImageObject\",\"inLanguage\":\"fr-FR\",\"@id\":\"https:\/\/galisur.es\/fr\/serie-abatibles\/a40-45\/#primaryimage\",\"url\":\"https:\/\/galisur.es\/wp-content\/files\/A40-45-crema.png\",\"contentUrl\":\"https:\/\/galisur.es\/wp-content\/files\/A40-45-crema.png\"},{\"@type\":\"BreadcrumbList\",\"@id\":\"https:\/\/galisur.es\/fr\/serie-abatibles\/a40-45\/#breadcrumb\",\"itemListElement\":[{\"@type\":\"ListItem\",\"position\":1,\"name\":\"Portada\",\"item\":\"https:\/\/galisur.es\/fr\/\"},{\"@type\":\"ListItem\",\"position\":2,\"name\":\"S\u00e9rie abatibles\",\"item\":\"https:\/\/galisur.es\/fr\/?page_id=17247\"},{\"@type\":\"ListItem\",\"position\":3,\"name\":\"A40\/45\"}]},{\"@type\":\"WebSite\",\"@id\":\"https:\/\/galisur.es\/fr\/#website\",\"url\":\"https:\/\/galisur.es\/fr\/\",\"name\":\"Aluminios Galisur\",\"description\":\"Aluminios Galisur\",\"publisher\":{\"@id\":\"https:\/\/galisur.es\/fr\/#organization\"},\"potentialAction\":[{\"@type\":\"SearchAction\",\"target\":{\"@type\":\"EntryPoint\",\"urlTemplate\":\"https:\/\/galisur.es\/fr\/?s={search_term_string}\"},\"query-input\":{\"@type\":\"PropertyValueSpecification\",\"valueRequired\":true,\"valueName\":\"search_term_string\"}}],\"inLanguage\":\"fr-FR\"},{\"@type\":\"Organization\",\"@id\":\"https:\/\/galisur.es\/fr\/#organization\",\"name\":\"Galisur\",\"url\":\"https:\/\/galisur.es\/fr\/\",\"logo\":{\"@type\":\"ImageObject\",\"inLanguage\":\"fr-FR\",\"@id\":\"https:\/\/galisur.es\/fr\/#\/schema\/logo\/image\/\",\"url\":\"https:\/\/galisur.es\/wp-content\/files\/2021\/03\/logo-35x15-1.png\",\"contentUrl\":\"https:\/\/galisur.es\/wp-content\/files\/2021\/03\/logo-35x15-1.png\",\"width\":370,\"height\":176,\"caption\":\"Galisur\"},\"image\":{\"@id\":\"https:\/\/galisur.es\/fr\/#\/schema\/logo\/image\/\"},\"sameAs\":[\"https:\/\/www.facebook.com\/AluminiosGalisur\",\"https:\/\/x.com\/AluminioGalisur\"]}]}<\/script>\n<!-- \/ Yoast SEO plugin. -->","yoast_head_json":{"title":"A40\/45 | Aluminios Galisur","description":"A40\/45 Syst\u00e8me battant de 40 et 45 mm de profondeur de cadre avec vitrage jusqu'\u00e0 33 mm. Ferrures et chambre europ\u00e9enne. \u00c9querres en aluminium avec","robots":{"index":"index","follow":"follow","max-snippet":"max-snippet:-1","max-image-preview":"max-image-preview:large","max-video-preview":"max-video-preview:-1"},"canonical":"https:\/\/galisur.es\/fr\/serie-abatibles\/a40-45\/","og_locale":"fr_FR","og_type":"article","og_title":"A40\/45 | Aluminios Galisur","og_description":"A40\/45 Syst\u00e8me battant de 40 et 45 mm de profondeur de cadre avec vitrage jusqu'\u00e0 33 mm. Ferrures et chambre europ\u00e9enne. \u00c9querres en aluminium avec","og_url":"https:\/\/galisur.es\/fr\/serie-abatibles\/a40-45\/","og_site_name":"Aluminios Galisur","article_publisher":"https:\/\/www.facebook.com\/AluminiosGalisur","article_modified_time":"2026-02-09T12:38:05+00:00","og_image":[{"width":1200,"height":1200,"url":"https:\/\/galisur.es\/wp-content\/files\/A40-45-crema.png","type":"image\/png"}],"twitter_card":"summary_large_image","twitter_site":"@AluminioGalisur","twitter_misc":{"Dur\u00e9e de lecture estim\u00e9e":"1 minute"},"schema":{"@context":"https:\/\/schema.org","@graph":[{"@type":"WebPage","@id":"https:\/\/galisur.es\/fr\/serie-abatibles\/a40-45\/","url":"https:\/\/galisur.es\/fr\/serie-abatibles\/a40-45\/","name":"A40\/45 | Aluminios Galisur","isPartOf":{"@id":"https:\/\/galisur.es\/fr\/#website"},"primaryImageOfPage":{"@id":"https:\/\/galisur.es\/fr\/serie-abatibles\/a40-45\/#primaryimage"},"image":{"@id":"https:\/\/galisur.es\/fr\/serie-abatibles\/a40-45\/#primaryimage"},"thumbnailUrl":"https:\/\/galisur.es\/wp-content\/files\/A40-45-crema.png","datePublished":"2021-03-17T08:26:30+00:00","dateModified":"2026-02-09T12:38:05+00:00","description":"A40\/45 Syst\u00e8me battant de 40 et 45 mm de profondeur de cadre avec vitrage jusqu'\u00e0 33 mm. Ferrures et chambre europ\u00e9enne. \u00c9querres en aluminium avec","breadcrumb":{"@id":"https:\/\/galisur.es\/fr\/serie-abatibles\/a40-45\/#breadcrumb"},"inLanguage":"fr-FR","potentialAction":[{"@type":"ReadAction","target":["https:\/\/galisur.es\/fr\/serie-abatibles\/a40-45\/"]}]},{"@type":"ImageObject","inLanguage":"fr-FR","@id":"https:\/\/galisur.es\/fr\/serie-abatibles\/a40-45\/#primaryimage","url":"https:\/\/galisur.es\/wp-content\/files\/A40-45-crema.png","contentUrl":"https:\/\/galisur.es\/wp-content\/files\/A40-45-crema.png"},{"@type":"BreadcrumbList","@id":"https:\/\/galisur.es\/fr\/serie-abatibles\/a40-45\/#breadcrumb","itemListElement":[{"@type":"ListItem","position":1,"name":"Portada","item":"https:\/\/galisur.es\/fr\/"},{"@type":"ListItem","position":2,"name":"S\u00e9rie abatibles","item":"https:\/\/galisur.es\/fr\/?page_id=17247"},{"@type":"ListItem","position":3,"name":"A40\/45"}]},{"@type":"WebSite","@id":"https:\/\/galisur.es\/fr\/#website","url":"https:\/\/galisur.es\/fr\/","name":"Aluminios Galisur","description":"Aluminios Galisur","publisher":{"@id":"https:\/\/galisur.es\/fr\/#organization"},"potentialAction":[{"@type":"SearchAction","target":{"@type":"EntryPoint","urlTemplate":"https:\/\/galisur.es\/fr\/?s={search_term_string}"},"query-input":{"@type":"PropertyValueSpecification","valueRequired":true,"valueName":"search_term_string"}}],"inLanguage":"fr-FR"},{"@type":"Organization","@id":"https:\/\/galisur.es\/fr\/#organization","name":"Galisur","url":"https:\/\/galisur.es\/fr\/","logo":{"@type":"ImageObject","inLanguage":"fr-FR","@id":"https:\/\/galisur.es\/fr\/#\/schema\/logo\/image\/","url":"https:\/\/galisur.es\/wp-content\/files\/2021\/03\/logo-35x15-1.png","contentUrl":"https:\/\/galisur.es\/wp-content\/files\/2021\/03\/logo-35x15-1.png","width":370,"height":176,"caption":"Galisur"},"image":{"@id":"https:\/\/galisur.es\/fr\/#\/schema\/logo\/image\/"},"sameAs":["https:\/\/www.facebook.com\/AluminiosGalisur","https:\/\/x.com\/AluminioGalisur"]}]}},"_links":{"self":[{"href":"https:\/\/galisur.es\/fr\/wp-json\/wp\/v2\/pages\/17263","targetHints":{"allow":["GET"]}}],"collection":[{"href":"https:\/\/galisur.es\/fr\/wp-json\/wp\/v2\/pages"}],"about":[{"href":"https:\/\/galisur.es\/fr\/wp-json\/wp\/v2\/types\/page"}],"author":[{"embeddable":true,"href":"https:\/\/galisur.es\/fr\/wp-json\/wp\/v2\/users\/1998"}],"replies":[{"embeddable":true,"href":"https:\/\/galisur.es\/fr\/wp-json\/wp\/v2\/comments?post=17263"}],"version-history":[{"count":4,"href":"https:\/\/galisur.es\/fr\/wp-json\/wp\/v2\/pages\/17263\/revisions"}],"predecessor-version":[{"id":20160,"href":"https:\/\/galisur.es\/fr\/wp-json\/wp\/v2\/pages\/17263\/revisions\/20160"}],"up":[{"embeddable":true,"href":"https:\/\/galisur.es\/fr\/wp-json\/wp\/v2\/pages\/17247"}],"wp:attachment":[{"href":"https:\/\/galisur.es\/fr\/wp-json\/wp\/v2\/media?parent=17263"}],"curies":[{"name":"wp","href":"https:\/\/api.w.org\/{rel}","templated":true}]}}