{"id":17229,"date":"2021-11-15T16:39:45","date_gmt":"2021-11-15T15:39:45","guid":{"rendered":"https:\/\/nervous-gagarin.141-94-206-129.plesk.page\/enregistrement\/"},"modified":"2025-06-23T15:45:59","modified_gmt":"2025-06-23T13:45:59","slug":"enregistrement","status":"publish","type":"page","link":"https:\/\/galisur.es\/fr\/enregistrement\/","title":{"rendered":"Enregistrement"},"content":{"rendered":"\t\t<div data-elementor-type=\"wp-page\" data-elementor-id=\"17229\" class=\"elementor elementor-17229 elementor-10204\" data-elementor-post-type=\"page\">\n\t\t\t\t<div class=\"elementor-element elementor-element-293c099 e-flex e-con-boxed e-con e-parent\" data-id=\"293c099\" data-element_type=\"container\" data-e-type=\"container\" data-settings=\"{&quot;background_background&quot;:&quot;classic&quot;}\">\n\t\t\t\t\t<div class=\"e-con-inner\">\n\t\t\t\t<div class=\"elementor-element elementor-element-a2760aa elementor-widget elementor-widget-heading\" data-id=\"a2760aa\" data-element_type=\"widget\" data-e-type=\"widget\" data-widget_type=\"heading.default\">\n\t\t\t\t\t<h1 class=\"elementor-heading-title elementor-size-default\">Enregistrement<\/h1>\t\t\t\t<\/div>\n\t\t\t\t\t<\/div>\n\t\t\t\t<\/div>\n\t\t<div class=\"elementor-element elementor-element-36150da9 e-flex e-con-boxed e-con e-parent\" data-id=\"36150da9\" data-element_type=\"container\" data-e-type=\"container\">\n\t\t\t\t\t<div class=\"e-con-inner\">\n\t\t\t\t<div class=\"elementor-element elementor-element-3dd555b5 elementor-widget elementor-widget-shortcode\" data-id=\"3dd555b5\" data-element_type=\"widget\" data-e-type=\"widget\" data-widget_type=\"shortcode.default\">\n\t\t\t\t\t\t\t<div class=\"elementor-shortcode\"><div class=\"piereg_container pieregWrapper\"><div class=\"pieregformWrapper pieregWrapper\"><div id=\"show_pie_register_error_js\" class=\"piereg_entry-content\"><\/div><div id=\"pie_register_reg_form\"><form enctype=\"multipart\/form-data\" class=\"pie_register_reg_form\" id=\"pie_regiser_form\" method=\"post\" action=\"\/fr\/wp-json\/wp\/v2\/pages\/17229\" data-form=\"1\"><input type=\"hidden\" id=\"piereg_registration_form_nonce\" name=\"piereg_registration_form_nonce\" value=\"d215e535a2\" \/><input type=\"hidden\" name=\"_wp_http_referer\" value=\"\/fr\/wp-json\/wp\/v2\/pages\/17229\" \/><div class=\"fieldset \"><p id=\"piereg_pie_form_desc\" >Por favor, rellene los siguientes campos para validar el registro.<\/p><\/div><ul id=\"pie_register\"><input type=\"hidden\" value=\"1\" name=\"form_id\" \/><li class=\"fields   pageFields_1 piereg_li_1\" ><div class=\"fieldset\"><label class=\"\" for=\"email_1\">Courriel&nbsp;<span class=\"piereg_field_required_label\">*<\/span><\/label><input  id=\"email_1\" name=\"e_mail\" data-field_id=\"piereg_field_1\" class=\"input_fields  piereg_validate[required,custom[email]]\" data-errormessage-custom-error=\"\" placeholder=\"\" type=\"text\" value=\"\" \/><\/div><div class=\"fieldset\"><label>Confirmar correo electr\u00f3nico&nbsp;<span class=\"piereg_field_required_label\">*<\/span><\/label><input  placeholder=\"\" id=\"confirm_email_email_1\" data-errormessage-custom-error=\"\" type=\"text\" class=\"input_fields piereg_validate[required,equals[email_1]]\" autocomplete=\"off\"><\/div><\/li><li class=\"fields   pageFields_1 piereg_li_2\" ><div class=\"fieldset\"><label class=\"\" for=\"password_2\">Mot de passe&nbsp;<span class=\"piereg_field_required_label\">*<\/span><\/label><input id=\"password_2\" name=\"password\" data-field_id=\"piereg_field_2\" class=\"input_fields  piereg_validate[minSize[8],required] prPass1\" placeholder=\"\" type=\"password\" data-errormessage-value-missing=\"\" data-errormessage-range-underflow=\"\" data-errormessage-range-overflow=\"\" autocomplete=\"off\" ><span class=\"show-hide-password-innerbtn pass-eye-reg pass-eye-reg_left_label_no_desc  eye\"><\/span><\/div><div class=\"fieldset\"><label>Confirmar contrase\u00f1a&nbsp;<span class=\"piereg_field_required_label\">*<\/span><\/label><input id=\"confirm_password_password_2\" type=\"password\" data-errormessage-value-missing=\"\" data-errormessage-range-underflow=\"\" data-errormessage-range-overflow=\"\" class=\"input_fields  piereg_validate[minSize[8],required,equals[password_2]]  prPass2\" placeholder=\"\" autocomplete=\"off\" \/><span class=\"show-hide-password-innerbtn confirm-pass-eye-reg_left_label_no_desc eye\"><\/span><input class=\"prMinimumPasswordStrengthlength\" type=\"hidden\" id=\"password_strength_meter_1\" data-id=\"1\" value=\"1\" \/><span class=\"prMinimumPasswordStrengthMessage\" id=\"password_strength_message_1\" style=\"display:none;\">Indicateur de force<\/span><\/li><li class=\"fields pageFields_1  piereg_li_2\"><div id=\"password_meter\" class=\"fieldset\"><label style=\"visibility: hidden;\">Password not entered<\/label><div id=\"piereg_passwordStrength\" class=\"piereg_pass prPasswordStrengthMeter\" >Strength Indicator<\/div><\/div><\/li><li class=\"fields   pageFields_1 piereg_li_6\" ><div class=\"fieldset\"><label class=\"\" for=\"text_6\">Nom&nbsp;<span class=\"piereg_field_required_label\">*<\/span><\/label><input  id=\"text_6\" name=\"text_6\" data-field_id=\"piereg_field_6\" class=\"input_fields  piereg_validate[required,maxSize[20]]\"   placeholder=\"\" type=\"text\" value=\"\" \/><\/div><\/li><li class=\"fields   pageFields_1 piereg_li_7\" ><div class=\"fieldset\"><label class=\"\" for=\"text_7\">Nom de famille&nbsp;<span class=\"piereg_field_required_label\">*<\/span><\/label><input  id=\"text_7\" name=\"text_7\" data-field_id=\"piereg_field_7\" class=\"input_fields  piereg_validate[required,maxSize[50]]\"   placeholder=\"\" type=\"text\" value=\"\" \/><\/div><\/li><li class=\"fields   pageFields_1 piereg_li_8\" ><div class=\"fieldset\"><label class=\"\" for=\"text_8\">NIF \/ VAT&nbsp;<span class=\"piereg_field_required_label\">*<\/span><\/label><input  id=\"text_8\" name=\"text_8\" data-field_id=\"piereg_field_8\" class=\"input_fields  piereg_validate[required]\"   placeholder=\"\" type=\"text\" value=\"\" \/><\/div><\/li><li class=\"fields   pageFields_1 piereg_li_14\" ><div class=\"fieldset\"><label class=\"\" for=\"text_14\">Entreprise&nbsp;<span class=\"piereg_field_required_label\">*<\/span><\/label><input  id=\"text_14\" name=\"text_14\" data-field_id=\"piereg_field_14\" class=\"input_fields  piereg_validate[required]\"   placeholder=\"\" type=\"text\" value=\"\" \/><\/div><\/li><li class=\"fields   pageFields_1 piereg_li_16\" ><div class=\"fieldset\" ><label class=\"\" for=\"dropdown_16\">Type de client&nbsp;<span class=\"piereg_field_required_label\">*<\/span><\/label><select   id=\"dropdown_16\" name=\"dropdown_16[]\" data-field_id=\"piereg_field_16\" class=\"input_fields  piereg_validate[required]\"   ><option selected=\"selected\" value=\"1\">Particular<\/option><option  value=\"2\">Instalador<\/option><option  value=\"3\">Arquitecto<\/option><\/select><p class=\"desc\">Seleccionar...<\/p><\/div><\/li><li class=\"fields   pageFields_1 piereg_li_11\" ><div class=\"fieldset\"><label class=\"\" for=\"text_11\">Adresse&nbsp;<span class=\"piereg_field_required_label\">*<\/span><\/label><input  id=\"text_11\" name=\"text_11\" data-field_id=\"piereg_field_11\" class=\"input_fields  piereg_validate[required]\"   placeholder=\"\" type=\"text\" value=\"\" \/><\/div><\/li><li class=\"fields   pageFields_1 piereg_li_13\" ><div class=\"fieldset\"><label class=\"\" for=\"text_13\">Code postal&nbsp;<span class=\"piereg_field_required_label\">*<\/span><\/label><input  id=\"text_13\" name=\"text_13\" data-field_id=\"piereg_field_13\" class=\"input_fields  piereg_validate[required,custom[number]]\" data-errormessage-custom-error=\"\"  placeholder=\"\" type=\"text\" value=\"\" \/><\/div><\/li><li class=\"fields   pageFields_1 piereg_li_12\" ><div class=\"fieldset\"><label class=\"\" for=\"text_12\">Pays&nbsp;<span class=\"piereg_field_required_label\">*<\/span><\/label><input  id=\"text_12\" name=\"text_12\" data-field_id=\"piereg_field_12\" class=\"input_fields  piereg_validate[required]\"   placeholder=\"\" type=\"text\" value=\"\" \/><\/div><\/li><li class=\"fields   pageFields_1 piereg_li_10\" ><div class=\"fieldset\"><label class=\"\" for=\"text_10\">T\u00e9l\u00e9phone&nbsp;<span class=\"piereg_field_required_label\">*<\/span><\/label><input  id=\"text_10\" name=\"text_10\" data-field_id=\"piereg_field_10\" class=\"input_fields  piereg_validate[required,custom[number]]\" data-errormessage-custom-error=\"\"  placeholder=\"\" type=\"text\" value=\"\" \/><\/div><\/li><li class=\"fields parent_check-texto  pageFields_1 piereg_li_18\" ><div class=\"fieldset\"><label class=\"\" for=\"checkbox_18\">Donn\u00e9es s\u00e9curis\u00e9es&nbsp;<span class=\"piereg_field_required_label\">*<\/span><\/label><div class=\"radio_wrap\"><div class=\"radio_container\"><input   value=\"\" data-field_id=\"piereg_field_18\" type=\"checkbox\" name=\"checkbox_18[]\" class=\"input_fields check-texto piereg_validate[required] radio_fields\"  data-map-field-by-class=\"checkbox_18\" ><label><\/label><\/div><\/div><p class=\"desc\">Consiento el uso de mis datos para los fines indicados en la pol\u00edtica de privacidad \u201cSUS DATOS SEGUROS\u201d.<\/p><\/div><\/li><li class=\"fields parent_check-texto  pageFields_1 piereg_li_19\" ><div class=\"fieldset\"><label class=\"\" for=\"checkbox_19\">Publicit\u00e9<\/label><div class=\"radio_wrap\"><div class=\"radio_container\"><input   value=\"\" data-field_id=\"piereg_field_19\" type=\"checkbox\" name=\"checkbox_19[]\" class=\"input_fields check-texto radio_fields\"  data-map-field-by-class=\"checkbox_19\" ><label><\/label><\/div><\/div><p class=\"desc\">Consiento el uso de mis datos personales para recibir publicidad de su entidad.<\/p><\/div><\/li><li class=\"fields   pageFields_1 piereg_li_\" ><div class=\"fieldset\"><div class=\"pie_wrap_buttons\"><input name=\"pie_submit\" class=\"pie_submit\" type=\"submit\" value=\"Envoyer\" \/><\/div><\/div><\/li><\/ul><\/form><\/div><\/div><\/div><\/div>\n\t\t\t\t\t\t<\/div>\n\t\t\t\t\t<\/div>\n\t\t\t\t<\/div>\n\t\t\t\t<\/div>\n\t\t","protected":false},"excerpt":{"rendered":"<p>Enregistrement<\/p>\n","protected":false},"author":1998,"featured_media":0,"parent":0,"menu_order":0,"comment_status":"closed","ping_status":"closed","template":"","meta":{"footnotes":""},"class_list":["post-17229","page","type-page","status-publish","hentry"],"yoast_head":"<!-- This site is optimized with the Yoast SEO plugin v27.2 - https:\/\/yoast.com\/product\/yoast-seo-wordpress\/ -->\n<title>Enregistrement | Aluminios Galisur<\/title>\n<meta name=\"description\" content=\"Enregistrement\" \/>\n<meta name=\"robots\" content=\"index, follow, max-snippet:-1, max-image-preview:large, max-video-preview:-1\" \/>\n<link rel=\"canonical\" href=\"https:\/\/galisur.es\/fr\/enregistrement\/\" \/>\n<meta property=\"og:locale\" content=\"fr_FR\" \/>\n<meta property=\"og:type\" content=\"article\" \/>\n<meta property=\"og:title\" content=\"Enregistrement | Aluminios Galisur\" \/>\n<meta property=\"og:description\" content=\"Enregistrement\" \/>\n<meta property=\"og:url\" content=\"https:\/\/galisur.es\/fr\/enregistrement\/\" \/>\n<meta property=\"og:site_name\" content=\"Aluminios Galisur\" \/>\n<meta property=\"article:publisher\" content=\"https:\/\/www.facebook.com\/AluminiosGalisur\" \/>\n<meta property=\"article:modified_time\" content=\"2025-06-23T13:45:59+00:00\" \/>\n<meta name=\"twitter:card\" content=\"summary_large_image\" \/>\n<meta name=\"twitter:site\" content=\"@AluminioGalisur\" \/>\n<script type=\"application\/ld+json\" class=\"yoast-schema-graph\">{\"@context\":\"https:\/\/schema.org\",\"@graph\":[{\"@type\":\"WebPage\",\"@id\":\"https:\/\/galisur.es\/fr\/enregistrement\/\",\"url\":\"https:\/\/galisur.es\/fr\/enregistrement\/\",\"name\":\"Enregistrement | Aluminios Galisur\",\"isPartOf\":{\"@id\":\"https:\/\/galisur.es\/fr\/#website\"},\"datePublished\":\"2021-11-15T15:39:45+00:00\",\"dateModified\":\"2025-06-23T13:45:59+00:00\",\"description\":\"Enregistrement\",\"breadcrumb\":{\"@id\":\"https:\/\/galisur.es\/fr\/enregistrement\/#breadcrumb\"},\"inLanguage\":\"fr-FR\",\"potentialAction\":[{\"@type\":\"ReadAction\",\"target\":[\"https:\/\/galisur.es\/fr\/enregistrement\/\"]}]},{\"@type\":\"BreadcrumbList\",\"@id\":\"https:\/\/galisur.es\/fr\/enregistrement\/#breadcrumb\",\"itemListElement\":[{\"@type\":\"ListItem\",\"position\":1,\"name\":\"Portada\",\"item\":\"https:\/\/galisur.es\/fr\/\"},{\"@type\":\"ListItem\",\"position\":2,\"name\":\"Enregistrement\"}]},{\"@type\":\"WebSite\",\"@id\":\"https:\/\/galisur.es\/fr\/#website\",\"url\":\"https:\/\/galisur.es\/fr\/\",\"name\":\"Aluminios Galisur\",\"description\":\"Aluminios Galisur\",\"publisher\":{\"@id\":\"https:\/\/galisur.es\/fr\/#organization\"},\"potentialAction\":[{\"@type\":\"SearchAction\",\"target\":{\"@type\":\"EntryPoint\",\"urlTemplate\":\"https:\/\/galisur.es\/fr\/?s={search_term_string}\"},\"query-input\":{\"@type\":\"PropertyValueSpecification\",\"valueRequired\":true,\"valueName\":\"search_term_string\"}}],\"inLanguage\":\"fr-FR\"},{\"@type\":\"Organization\",\"@id\":\"https:\/\/galisur.es\/fr\/#organization\",\"name\":\"Galisur\",\"url\":\"https:\/\/galisur.es\/fr\/\",\"logo\":{\"@type\":\"ImageObject\",\"inLanguage\":\"fr-FR\",\"@id\":\"https:\/\/galisur.es\/fr\/#\/schema\/logo\/image\/\",\"url\":\"https:\/\/galisur.es\/wp-content\/files\/2021\/03\/logo-35x15-1.png\",\"contentUrl\":\"https:\/\/galisur.es\/wp-content\/files\/2021\/03\/logo-35x15-1.png\",\"width\":370,\"height\":176,\"caption\":\"Galisur\"},\"image\":{\"@id\":\"https:\/\/galisur.es\/fr\/#\/schema\/logo\/image\/\"},\"sameAs\":[\"https:\/\/www.facebook.com\/AluminiosGalisur\",\"https:\/\/x.com\/AluminioGalisur\"]}]}<\/script>\n<!-- \/ Yoast SEO plugin. -->","yoast_head_json":{"title":"Enregistrement | Aluminios Galisur","description":"Enregistrement","robots":{"index":"index","follow":"follow","max-snippet":"max-snippet:-1","max-image-preview":"max-image-preview:large","max-video-preview":"max-video-preview:-1"},"canonical":"https:\/\/galisur.es\/fr\/enregistrement\/","og_locale":"fr_FR","og_type":"article","og_title":"Enregistrement | Aluminios Galisur","og_description":"Enregistrement","og_url":"https:\/\/galisur.es\/fr\/enregistrement\/","og_site_name":"Aluminios Galisur","article_publisher":"https:\/\/www.facebook.com\/AluminiosGalisur","article_modified_time":"2025-06-23T13:45:59+00:00","twitter_card":"summary_large_image","twitter_site":"@AluminioGalisur","schema":{"@context":"https:\/\/schema.org","@graph":[{"@type":"WebPage","@id":"https:\/\/galisur.es\/fr\/enregistrement\/","url":"https:\/\/galisur.es\/fr\/enregistrement\/","name":"Enregistrement | Aluminios Galisur","isPartOf":{"@id":"https:\/\/galisur.es\/fr\/#website"},"datePublished":"2021-11-15T15:39:45+00:00","dateModified":"2025-06-23T13:45:59+00:00","description":"Enregistrement","breadcrumb":{"@id":"https:\/\/galisur.es\/fr\/enregistrement\/#breadcrumb"},"inLanguage":"fr-FR","potentialAction":[{"@type":"ReadAction","target":["https:\/\/galisur.es\/fr\/enregistrement\/"]}]},{"@type":"BreadcrumbList","@id":"https:\/\/galisur.es\/fr\/enregistrement\/#breadcrumb","itemListElement":[{"@type":"ListItem","position":1,"name":"Portada","item":"https:\/\/galisur.es\/fr\/"},{"@type":"ListItem","position":2,"name":"Enregistrement"}]},{"@type":"WebSite","@id":"https:\/\/galisur.es\/fr\/#website","url":"https:\/\/galisur.es\/fr\/","name":"Aluminios Galisur","description":"Aluminios Galisur","publisher":{"@id":"https:\/\/galisur.es\/fr\/#organization"},"potentialAction":[{"@type":"SearchAction","target":{"@type":"EntryPoint","urlTemplate":"https:\/\/galisur.es\/fr\/?s={search_term_string}"},"query-input":{"@type":"PropertyValueSpecification","valueRequired":true,"valueName":"search_term_string"}}],"inLanguage":"fr-FR"},{"@type":"Organization","@id":"https:\/\/galisur.es\/fr\/#organization","name":"Galisur","url":"https:\/\/galisur.es\/fr\/","logo":{"@type":"ImageObject","inLanguage":"fr-FR","@id":"https:\/\/galisur.es\/fr\/#\/schema\/logo\/image\/","url":"https:\/\/galisur.es\/wp-content\/files\/2021\/03\/logo-35x15-1.png","contentUrl":"https:\/\/galisur.es\/wp-content\/files\/2021\/03\/logo-35x15-1.png","width":370,"height":176,"caption":"Galisur"},"image":{"@id":"https:\/\/galisur.es\/fr\/#\/schema\/logo\/image\/"},"sameAs":["https:\/\/www.facebook.com\/AluminiosGalisur","https:\/\/x.com\/AluminioGalisur"]}]}},"_links":{"self":[{"href":"https:\/\/galisur.es\/fr\/wp-json\/wp\/v2\/pages\/17229","targetHints":{"allow":["GET"]}}],"collection":[{"href":"https:\/\/galisur.es\/fr\/wp-json\/wp\/v2\/pages"}],"about":[{"href":"https:\/\/galisur.es\/fr\/wp-json\/wp\/v2\/types\/page"}],"author":[{"embeddable":true,"href":"https:\/\/galisur.es\/fr\/wp-json\/wp\/v2\/users\/1998"}],"replies":[{"embeddable":true,"href":"https:\/\/galisur.es\/fr\/wp-json\/wp\/v2\/comments?post=17229"}],"version-history":[{"count":1,"href":"https:\/\/galisur.es\/fr\/wp-json\/wp\/v2\/pages\/17229\/revisions"}],"predecessor-version":[{"id":17230,"href":"https:\/\/galisur.es\/fr\/wp-json\/wp\/v2\/pages\/17229\/revisions\/17230"}],"wp:attachment":[{"href":"https:\/\/galisur.es\/fr\/wp-json\/wp\/v2\/media?parent=17229"}],"curies":[{"name":"wp","href":"https:\/\/api.w.org\/{rel}","templated":true}]}}