{"id":17191,"date":"2022-02-08T07:31:25","date_gmt":"2022-02-08T06:31:25","guid":{"rendered":"https:\/\/nervous-gagarin.141-94-206-129.plesk.page\/protection-solaire\/lames-210\/"},"modified":"2025-06-23T13:33:56","modified_gmt":"2025-06-23T11:33:56","slug":"lames-210","status":"publish","type":"page","link":"https:\/\/galisur.es\/fr\/protection-solaire\/lames-210\/","title":{"rendered":"Lames 210"},"content":{"rendered":"\t\t<div data-elementor-type=\"wp-page\" data-elementor-id=\"17191\" class=\"elementor elementor-17191 elementor-10943\" data-elementor-post-type=\"page\">\n\t\t\t\t<div class=\"elementor-element elementor-element-6043e63 e-flex e-con-boxed e-con e-parent\" data-id=\"6043e63\" data-element_type=\"container\" data-e-type=\"container\">\n\t\t\t\t\t<div class=\"e-con-inner\">\n\t\t<div class=\"elementor-element elementor-element-61f398f e-con-full e-flex e-con e-child\" data-id=\"61f398f\" data-element_type=\"container\" data-e-type=\"container\">\n\t\t\t\t<div class=\"elementor-element elementor-element-cc07939 elementor-widget elementor-widget-image\" data-id=\"cc07939\" data-element_type=\"widget\" data-e-type=\"widget\" data-widget_type=\"image.default\">\n\t\t\t\t\t\t\t\t\t\t\t\t\t\t\t<img fetchpriority=\"high\" decoding=\"async\" width=\"1200\" height=\"1200\" src=\"https:\/\/galisur.es\/wp-content\/files\/Lama-parasol-210-1.png\" class=\"attachment-full size-full wp-image-16634\" alt=\"\" srcset=\"https:\/\/galisur.es\/wp-content\/files\/Lama-parasol-210-1.png 1200w, https:\/\/galisur.es\/wp-content\/files\/Lama-parasol-210-1-300x300.png 300w, https:\/\/galisur.es\/wp-content\/files\/Lama-parasol-210-1-1024x1024.png 1024w, https:\/\/galisur.es\/wp-content\/files\/Lama-parasol-210-1-150x150.png 150w, https:\/\/galisur.es\/wp-content\/files\/Lama-parasol-210-1-768x768.png 768w, https:\/\/galisur.es\/wp-content\/files\/Lama-parasol-210-1-800x800.png 800w\" sizes=\"(max-width: 1200px) 100vw, 1200px\" title=\"\">\t\t\t\t\t\t\t\t\t\t\t\t\t\t\t<\/div>\n\t\t\t\t<\/div>\n\t\t<div class=\"elementor-element elementor-element-a959f40 e-con-full e-flex e-con e-child\" data-id=\"a959f40\" data-element_type=\"container\" data-e-type=\"container\">\n\t\t\t\t<div class=\"elementor-element elementor-element-5e206a7 elementor-widget elementor-widget-heading\" data-id=\"5e206a7\" data-element_type=\"widget\" data-e-type=\"widget\" data-widget_type=\"heading.default\">\n\t\t\t\t\t<h1 class=\"elementor-heading-title elementor-size-default\">Lames 210<\/h1>\t\t\t\t<\/div>\n\t\t\t\t<div class=\"elementor-element elementor-element-44644b6 elementor-widget elementor-widget-text-editor\" data-id=\"44644b6\" data-element_type=\"widget\" data-e-type=\"widget\" data-widget_type=\"text-editor.default\">\n\t\t\t\t\t\t\t\t\t<p>Lame en aluminium mod\u00e8le 210 x 30 mm. \u00c9paisseur g\u00e9n\u00e9rale 1,5 mm. Option motoris\u00e9e et manuelle. Facilit\u00e9 de connexion \u00e0 l&rsquo;aide de boulons \u00e0 tige. Diff\u00e9rents degr\u00e9s d&rsquo;ouverture.    <\/p>\t\t\t\t\t\t\t\t<\/div>\n\t\t\t\t<\/div>\n\t\t\t\t\t<\/div>\n\t\t\t\t<\/div>\n\t\t<div class=\"elementor-element elementor-element-ddf8036 e-flex e-con-boxed e-con e-parent\" data-id=\"ddf8036\" data-element_type=\"container\" data-e-type=\"container\" data-settings=\"{&quot;background_background&quot;:&quot;classic&quot;}\">\n\t\t\t\t\t<div class=\"e-con-inner\">\n\t\t<div class=\"elementor-element elementor-element-5b6bc95 e-con-full e-flex e-con e-child\" data-id=\"5b6bc95\" data-element_type=\"container\" data-e-type=\"container\">\n\t\t\t\t<div class=\"elementor-element elementor-element-e2a426c elementor-widget elementor-widget-heading\" data-id=\"e2a426c\" data-element_type=\"widget\" data-e-type=\"widget\" data-widget_type=\"heading.default\">\n\t\t\t\t\t<p class=\"elementor-heading-title elementor-size-default\">Fiche technique<\/p>\t\t\t\t<\/div>\n\t\t\t\t<div class=\"elementor-element elementor-element-41e3981 elementor-widget elementor-widget-text-editor\" data-id=\"41e3981\" data-element_type=\"widget\" data-e-type=\"widget\" data-widget_type=\"text-editor.default\">\n\t\t\t\t\t\t\t\t\t<p><a href=\"https:\/\/galisur.es\/registro\/\">Inscrivez-vous ici<\/a> pour acc\u00e9der au document.<\/p>\t\t\t\t\t\t\t\t<\/div>\n\t\t\t\t<\/div>\n\t\t<div class=\"elementor-element elementor-element-4265275 e-con-full e-flex e-con e-child\" data-id=\"4265275\" data-element_type=\"container\" data-e-type=\"container\">\n\t\t\t\t<div class=\"elementor-element elementor-element-772ceee elementor-widget elementor-widget-heading\" data-id=\"772ceee\" data-element_type=\"widget\" data-e-type=\"widget\" data-widget_type=\"heading.default\">\n\t\t\t\t\t<p class=\"elementor-heading-title elementor-size-default\">Catalogue<\/p>\t\t\t\t<\/div>\n\t\t\t\t<div class=\"elementor-element elementor-element-e024d7b elementor-widget elementor-widget-text-editor\" data-id=\"e024d7b\" data-element_type=\"widget\" data-e-type=\"widget\" data-widget_type=\"text-editor.default\">\n\t\t\t\t\t\t\t\t\t<p>Consultez votre commercial pour t\u00e9l\u00e9charger le catalogue.<\/p>\t\t\t\t\t\t\t\t<\/div>\n\t\t\t\t<\/div>\n\t\t\t\t\t<\/div>\n\t\t\t\t<\/div>\n\t\t<div class=\"elementor-element elementor-element-4ff541d e-flex e-con-boxed e-con e-parent\" data-id=\"4ff541d\" data-element_type=\"container\" data-e-type=\"container\">\n\t\t\t\t\t<div class=\"e-con-inner\">\n\t\t<div class=\"elementor-element elementor-element-51a3b6b e-con-full e-flex e-con e-child\" data-id=\"51a3b6b\" data-element_type=\"container\" data-e-type=\"container\">\n\t\t\t\t<div class=\"elementor-element elementor-element-ae8bef6 elementor-widget elementor-widget-image\" data-id=\"ae8bef6\" data-element_type=\"widget\" data-e-type=\"widget\" data-widget_type=\"image.default\">\n\t\t\t\t\t\t\t\t\t\t\t\t\t\t\t<img decoding=\"async\" width=\"1200\" height=\"1200\" src=\"https:\/\/galisur.es\/wp-content\/files\/Lama-parasol-210-detalle.png\" class=\"attachment-full size-full wp-image-16630\" alt=\"\" srcset=\"https:\/\/galisur.es\/wp-content\/files\/Lama-parasol-210-detalle.png 1200w, https:\/\/galisur.es\/wp-content\/files\/Lama-parasol-210-detalle-300x300.png 300w, https:\/\/galisur.es\/wp-content\/files\/Lama-parasol-210-detalle-1024x1024.png 1024w, https:\/\/galisur.es\/wp-content\/files\/Lama-parasol-210-detalle-150x150.png 150w, https:\/\/galisur.es\/wp-content\/files\/Lama-parasol-210-detalle-768x768.png 768w, https:\/\/galisur.es\/wp-content\/files\/Lama-parasol-210-detalle-800x800.png 800w\" sizes=\"(max-width: 1200px) 100vw, 1200px\" title=\"\">\t\t\t\t\t\t\t\t\t\t\t\t\t\t\t<\/div>\n\t\t\t\t<\/div>\n\t\t<div class=\"elementor-element elementor-element-5c2dab4 e-con-full e-flex e-con e-child\" data-id=\"5c2dab4\" data-element_type=\"container\" data-e-type=\"container\">\n\t\t\t\t<div class=\"elementor-element elementor-element-8ec1caf elementor-widget elementor-widget-heading\" data-id=\"8ec1caf\" data-element_type=\"widget\" data-e-type=\"widget\" data-widget_type=\"heading.default\">\n\t\t\t\t\t<h2 class=\"elementor-heading-title elementor-size-default\">Classification des essais<\/h2>\t\t\t\t<\/div>\n\t\t\t\t<div class=\"elementor-element elementor-element-6332ae8 elementor-widget elementor-widget-text-editor\" data-id=\"6332ae8\" data-element_type=\"widget\" data-e-type=\"widget\" data-widget_type=\"text-editor.default\">\n\t\t\t\t\t\t\t\t\t<p>Essai de flexion : lame mobile en aluminium mod\u00e8le 210 x 30 mm, longueur totale 3 500 mm.<\/p><ul><li>Lame :<ul><li>Mat\u00e9riau : Alliage 6063.T5<\/li><li>Longueur : 3500 mm<\/li><li>Dimensions de la section : 210 \u00d7 30 (hauteur \u00d7 \u00e9paisseur)<\/li><li>\u00c9paisseur g\u00e9n\u00e9rale : 1,5 mm<\/li><\/ul><\/li><li>Essai :<ul><li>Charge maximale appliqu\u00e9e : 120 kg\/m\u00b2<\/li><li>Pression d&rsquo;essai : 1200 pascals<\/li><li>Temps d&rsquo;essai : 2 minutes<\/li><li>\u00c9tude : fl\u00e8che maximale au centre de la lame<\/li><li>Temp\u00e9rature approximative : 30,1 \u00b1 3 \u00b0C<\/li><li>Humidit\u00e9 relative : 52 \u00b1 10 %<\/li><li>Longueur de la lame : 3,5 m<\/li><li>Largeur de la lame : 0,21 m<\/li><\/ul><\/li><li>Pi\u00e8ces \u00e0 charger :<ul><li>Mat\u00e9riel de surcharge : sacs de sable<\/li><li>Poids unitaire : 2,5 kg<\/li><li>Quantit\u00e9 : 32<\/li><li>Poids total : 82,5 kg<\/li><\/ul><\/li><li>D\u00e9formations :<ul><li>Charge appliqu\u00e9e : 120 kg\/m\u00b2<\/li><li>D\u00e9formation sous charge d&rsquo;essai : 10,5 cm<\/li><li>D\u00e9formation r\u00e9siduelle : 0,00 cm<\/li><\/ul><\/li><\/ul><p>La r\u00e9sistance m\u00e9canique \u00e0 la flexion simple sur une longueur de 3500 mm est adapt\u00e9e \u00e0 une pression de 120 kg\/m\u00b2.<\/p>\t\t\t\t\t\t\t\t<\/div>\n\t\t\t\t<\/div>\n\t\t\t\t\t<\/div>\n\t\t\t\t<\/div>\n\t\t\t\t<\/div>\n\t\t","protected":false},"excerpt":{"rendered":"<p>Lames 210 Lame en aluminium mod\u00e8le 210 x 30 mm. \u00c9paisseur g\u00e9n\u00e9rale 1,5 mm. Option motoris\u00e9e et manuelle. Facilit\u00e9 de connexion \u00e0 l&rsquo;aide de boulons \u00e0 tige. Diff\u00e9rents degr\u00e9s d&rsquo;ouverture. Fiche technique T\u00e9l\u00e9charger Inscrivez-vous ici pour acc\u00e9der au document. Catalogue Consultez votre commercial pour t\u00e9l\u00e9charger le catalogue. Classification des essais Essai de flexion : lame [&hellip;]<\/p>\n","protected":false},"author":18,"featured_media":0,"parent":17167,"menu_order":0,"comment_status":"closed","ping_status":"closed","template":"","meta":{"footnotes":""},"class_list":["post-17191","page","type-page","status-publish","hentry"],"yoast_head":"<!-- This site is optimized with the Yoast SEO plugin v27.2 - https:\/\/yoast.com\/product\/yoast-seo-wordpress\/ -->\n<title>Lames 210 | Aluminios Galisur<\/title>\n<meta name=\"description\" content=\"Lames 210 Lame en aluminium mod\u00e8le 210 x 30 mm. \u00c9paisseur g\u00e9n\u00e9rale 1,5 mm. Option motoris\u00e9e et manuelle. Facilit\u00e9 de connexion \u00e0 l&#039;aide de boulons \u00e0 tige.\" \/>\n<meta name=\"robots\" content=\"index, follow, max-snippet:-1, max-image-preview:large, max-video-preview:-1\" \/>\n<link rel=\"canonical\" href=\"https:\/\/galisur.es\/fr\/protection-solaire\/lames-210\/\" \/>\n<meta property=\"og:locale\" content=\"fr_FR\" \/>\n<meta property=\"og:type\" content=\"article\" \/>\n<meta property=\"og:title\" content=\"Lames 210 | Aluminios Galisur\" \/>\n<meta property=\"og:description\" content=\"Lames 210 Lame en aluminium mod\u00e8le 210 x 30 mm. \u00c9paisseur g\u00e9n\u00e9rale 1,5 mm. Option motoris\u00e9e et manuelle. Facilit\u00e9 de connexion \u00e0 l&#039;aide de boulons \u00e0 tige.\" \/>\n<meta property=\"og:url\" content=\"https:\/\/galisur.es\/fr\/protection-solaire\/lames-210\/\" \/>\n<meta property=\"og:site_name\" content=\"Aluminios Galisur\" \/>\n<meta property=\"article:publisher\" content=\"https:\/\/www.facebook.com\/AluminiosGalisur\" \/>\n<meta property=\"article:modified_time\" content=\"2025-06-23T11:33:56+00:00\" \/>\n<meta property=\"og:image\" content=\"https:\/\/galisur.es\/wp-content\/uploads\/Lama-parasol-210-1.png\" \/>\n<meta name=\"twitter:card\" content=\"summary_large_image\" \/>\n<meta name=\"twitter:site\" content=\"@AluminioGalisur\" \/>\n<meta name=\"twitter:label1\" content=\"Dur\u00e9e de lecture estim\u00e9e\" \/>\n\t<meta name=\"twitter:data1\" content=\"1 minute\" \/>\n<script type=\"application\/ld+json\" class=\"yoast-schema-graph\">{\"@context\":\"https:\/\/schema.org\",\"@graph\":[{\"@type\":\"WebPage\",\"@id\":\"https:\/\/galisur.es\/fr\/protection-solaire\/lames-210\/\",\"url\":\"https:\/\/galisur.es\/fr\/protection-solaire\/lames-210\/\",\"name\":\"Lames 210 | Aluminios Galisur\",\"isPartOf\":{\"@id\":\"https:\/\/galisur.es\/fr\/#website\"},\"primaryImageOfPage\":{\"@id\":\"https:\/\/galisur.es\/fr\/protection-solaire\/lames-210\/#primaryimage\"},\"image\":{\"@id\":\"https:\/\/galisur.es\/fr\/protection-solaire\/lames-210\/#primaryimage\"},\"thumbnailUrl\":\"https:\/\/galisur.es\/wp-content\/uploads\/Lama-parasol-210-1.png\",\"datePublished\":\"2022-02-08T06:31:25+00:00\",\"dateModified\":\"2025-06-23T11:33:56+00:00\",\"description\":\"Lames 210 Lame en aluminium mod\u00e8le 210 x 30 mm. \u00c9paisseur g\u00e9n\u00e9rale 1,5 mm. Option motoris\u00e9e et manuelle. Facilit\u00e9 de connexion \u00e0 l'aide de boulons \u00e0 tige.\",\"breadcrumb\":{\"@id\":\"https:\/\/galisur.es\/fr\/protection-solaire\/lames-210\/#breadcrumb\"},\"inLanguage\":\"fr-FR\",\"potentialAction\":[{\"@type\":\"ReadAction\",\"target\":[\"https:\/\/galisur.es\/fr\/protection-solaire\/lames-210\/\"]}]},{\"@type\":\"ImageObject\",\"inLanguage\":\"fr-FR\",\"@id\":\"https:\/\/galisur.es\/fr\/protection-solaire\/lames-210\/#primaryimage\",\"url\":\"https:\/\/galisur.es\/wp-content\/uploads\/Lama-parasol-210-1.png\",\"contentUrl\":\"https:\/\/galisur.es\/wp-content\/uploads\/Lama-parasol-210-1.png\"},{\"@type\":\"BreadcrumbList\",\"@id\":\"https:\/\/galisur.es\/fr\/protection-solaire\/lames-210\/#breadcrumb\",\"itemListElement\":[{\"@type\":\"ListItem\",\"position\":1,\"name\":\"Portada\",\"item\":\"https:\/\/galisur.es\/fr\/\"},{\"@type\":\"ListItem\",\"position\":2,\"name\":\"Protection solaire\",\"item\":\"https:\/\/galisur.es\/fr\/protection-solaire\/\"},{\"@type\":\"ListItem\",\"position\":3,\"name\":\"Lames 210\"}]},{\"@type\":\"WebSite\",\"@id\":\"https:\/\/galisur.es\/fr\/#website\",\"url\":\"https:\/\/galisur.es\/fr\/\",\"name\":\"Aluminios Galisur\",\"description\":\"Aluminios Galisur\",\"publisher\":{\"@id\":\"https:\/\/galisur.es\/fr\/#organization\"},\"potentialAction\":[{\"@type\":\"SearchAction\",\"target\":{\"@type\":\"EntryPoint\",\"urlTemplate\":\"https:\/\/galisur.es\/fr\/?s={search_term_string}\"},\"query-input\":{\"@type\":\"PropertyValueSpecification\",\"valueRequired\":true,\"valueName\":\"search_term_string\"}}],\"inLanguage\":\"fr-FR\"},{\"@type\":\"Organization\",\"@id\":\"https:\/\/galisur.es\/fr\/#organization\",\"name\":\"Galisur\",\"url\":\"https:\/\/galisur.es\/fr\/\",\"logo\":{\"@type\":\"ImageObject\",\"inLanguage\":\"fr-FR\",\"@id\":\"https:\/\/galisur.es\/fr\/#\/schema\/logo\/image\/\",\"url\":\"https:\/\/galisur.es\/wp-content\/files\/2021\/03\/logo-35x15-1.png\",\"contentUrl\":\"https:\/\/galisur.es\/wp-content\/files\/2021\/03\/logo-35x15-1.png\",\"width\":370,\"height\":176,\"caption\":\"Galisur\"},\"image\":{\"@id\":\"https:\/\/galisur.es\/fr\/#\/schema\/logo\/image\/\"},\"sameAs\":[\"https:\/\/www.facebook.com\/AluminiosGalisur\",\"https:\/\/x.com\/AluminioGalisur\"]}]}<\/script>\n<!-- \/ Yoast SEO plugin. -->","yoast_head_json":{"title":"Lames 210 | Aluminios Galisur","description":"Lames 210 Lame en aluminium mod\u00e8le 210 x 30 mm. \u00c9paisseur g\u00e9n\u00e9rale 1,5 mm. Option motoris\u00e9e et manuelle. Facilit\u00e9 de connexion \u00e0 l'aide de boulons \u00e0 tige.","robots":{"index":"index","follow":"follow","max-snippet":"max-snippet:-1","max-image-preview":"max-image-preview:large","max-video-preview":"max-video-preview:-1"},"canonical":"https:\/\/galisur.es\/fr\/protection-solaire\/lames-210\/","og_locale":"fr_FR","og_type":"article","og_title":"Lames 210 | Aluminios Galisur","og_description":"Lames 210 Lame en aluminium mod\u00e8le 210 x 30 mm. \u00c9paisseur g\u00e9n\u00e9rale 1,5 mm. Option motoris\u00e9e et manuelle. Facilit\u00e9 de connexion \u00e0 l'aide de boulons \u00e0 tige.","og_url":"https:\/\/galisur.es\/fr\/protection-solaire\/lames-210\/","og_site_name":"Aluminios Galisur","article_publisher":"https:\/\/www.facebook.com\/AluminiosGalisur","article_modified_time":"2025-06-23T11:33:56+00:00","og_image":[{"url":"https:\/\/galisur.es\/wp-content\/uploads\/Lama-parasol-210-1.png","type":"","width":"","height":""}],"twitter_card":"summary_large_image","twitter_site":"@AluminioGalisur","twitter_misc":{"Dur\u00e9e de lecture estim\u00e9e":"1 minute"},"schema":{"@context":"https:\/\/schema.org","@graph":[{"@type":"WebPage","@id":"https:\/\/galisur.es\/fr\/protection-solaire\/lames-210\/","url":"https:\/\/galisur.es\/fr\/protection-solaire\/lames-210\/","name":"Lames 210 | Aluminios Galisur","isPartOf":{"@id":"https:\/\/galisur.es\/fr\/#website"},"primaryImageOfPage":{"@id":"https:\/\/galisur.es\/fr\/protection-solaire\/lames-210\/#primaryimage"},"image":{"@id":"https:\/\/galisur.es\/fr\/protection-solaire\/lames-210\/#primaryimage"},"thumbnailUrl":"https:\/\/galisur.es\/wp-content\/uploads\/Lama-parasol-210-1.png","datePublished":"2022-02-08T06:31:25+00:00","dateModified":"2025-06-23T11:33:56+00:00","description":"Lames 210 Lame en aluminium mod\u00e8le 210 x 30 mm. \u00c9paisseur g\u00e9n\u00e9rale 1,5 mm. Option motoris\u00e9e et manuelle. Facilit\u00e9 de connexion \u00e0 l'aide de boulons \u00e0 tige.","breadcrumb":{"@id":"https:\/\/galisur.es\/fr\/protection-solaire\/lames-210\/#breadcrumb"},"inLanguage":"fr-FR","potentialAction":[{"@type":"ReadAction","target":["https:\/\/galisur.es\/fr\/protection-solaire\/lames-210\/"]}]},{"@type":"ImageObject","inLanguage":"fr-FR","@id":"https:\/\/galisur.es\/fr\/protection-solaire\/lames-210\/#primaryimage","url":"https:\/\/galisur.es\/wp-content\/uploads\/Lama-parasol-210-1.png","contentUrl":"https:\/\/galisur.es\/wp-content\/uploads\/Lama-parasol-210-1.png"},{"@type":"BreadcrumbList","@id":"https:\/\/galisur.es\/fr\/protection-solaire\/lames-210\/#breadcrumb","itemListElement":[{"@type":"ListItem","position":1,"name":"Portada","item":"https:\/\/galisur.es\/fr\/"},{"@type":"ListItem","position":2,"name":"Protection solaire","item":"https:\/\/galisur.es\/fr\/protection-solaire\/"},{"@type":"ListItem","position":3,"name":"Lames 210"}]},{"@type":"WebSite","@id":"https:\/\/galisur.es\/fr\/#website","url":"https:\/\/galisur.es\/fr\/","name":"Aluminios Galisur","description":"Aluminios Galisur","publisher":{"@id":"https:\/\/galisur.es\/fr\/#organization"},"potentialAction":[{"@type":"SearchAction","target":{"@type":"EntryPoint","urlTemplate":"https:\/\/galisur.es\/fr\/?s={search_term_string}"},"query-input":{"@type":"PropertyValueSpecification","valueRequired":true,"valueName":"search_term_string"}}],"inLanguage":"fr-FR"},{"@type":"Organization","@id":"https:\/\/galisur.es\/fr\/#organization","name":"Galisur","url":"https:\/\/galisur.es\/fr\/","logo":{"@type":"ImageObject","inLanguage":"fr-FR","@id":"https:\/\/galisur.es\/fr\/#\/schema\/logo\/image\/","url":"https:\/\/galisur.es\/wp-content\/files\/2021\/03\/logo-35x15-1.png","contentUrl":"https:\/\/galisur.es\/wp-content\/files\/2021\/03\/logo-35x15-1.png","width":370,"height":176,"caption":"Galisur"},"image":{"@id":"https:\/\/galisur.es\/fr\/#\/schema\/logo\/image\/"},"sameAs":["https:\/\/www.facebook.com\/AluminiosGalisur","https:\/\/x.com\/AluminioGalisur"]}]}},"_links":{"self":[{"href":"https:\/\/galisur.es\/fr\/wp-json\/wp\/v2\/pages\/17191","targetHints":{"allow":["GET"]}}],"collection":[{"href":"https:\/\/galisur.es\/fr\/wp-json\/wp\/v2\/pages"}],"about":[{"href":"https:\/\/galisur.es\/fr\/wp-json\/wp\/v2\/types\/page"}],"author":[{"embeddable":true,"href":"https:\/\/galisur.es\/fr\/wp-json\/wp\/v2\/users\/18"}],"replies":[{"embeddable":true,"href":"https:\/\/galisur.es\/fr\/wp-json\/wp\/v2\/comments?post=17191"}],"version-history":[{"count":1,"href":"https:\/\/galisur.es\/fr\/wp-json\/wp\/v2\/pages\/17191\/revisions"}],"predecessor-version":[{"id":17192,"href":"https:\/\/galisur.es\/fr\/wp-json\/wp\/v2\/pages\/17191\/revisions\/17192"}],"up":[{"embeddable":true,"href":"https:\/\/galisur.es\/fr\/wp-json\/wp\/v2\/pages\/17167"}],"wp:attachment":[{"href":"https:\/\/galisur.es\/fr\/wp-json\/wp\/v2\/media?parent=17191"}],"curies":[{"name":"wp","href":"https:\/\/api.w.org\/{rel}","templated":true}]}}