{"id":17183,"date":"2022-02-08T07:31:10","date_gmt":"2022-02-08T06:31:10","guid":{"rendered":"https:\/\/nervous-gagarin.141-94-206-129.plesk.page\/protection-solaire\/lames-143\/"},"modified":"2025-06-23T13:24:40","modified_gmt":"2025-06-23T11:24:40","slug":"lames-143","status":"publish","type":"page","link":"https:\/\/galisur.es\/fr\/protection-solaire\/lames-143\/","title":{"rendered":"Lames 143"},"content":{"rendered":"\t\t<div data-elementor-type=\"wp-page\" data-elementor-id=\"17183\" class=\"elementor elementor-17183 elementor-10941\" data-elementor-post-type=\"page\">\n\t\t\t\t<div class=\"elementor-element elementor-element-6e8c863 e-flex e-con-boxed e-con e-parent\" data-id=\"6e8c863\" data-element_type=\"container\" data-e-type=\"container\">\n\t\t\t\t\t<div class=\"e-con-inner\">\n\t\t<div class=\"elementor-element elementor-element-863661d e-con-full e-flex e-con e-child\" data-id=\"863661d\" data-element_type=\"container\" data-e-type=\"container\">\n\t\t\t\t<div class=\"elementor-element elementor-element-3737efb elementor-widget elementor-widget-image\" data-id=\"3737efb\" data-element_type=\"widget\" data-e-type=\"widget\" data-widget_type=\"image.default\">\n\t\t\t\t\t\t\t\t\t\t\t\t\t\t\t<img fetchpriority=\"high\" decoding=\"async\" width=\"1200\" height=\"1200\" src=\"https:\/\/galisur.es\/wp-content\/files\/Lama-parasol-143-crema-1.png\" class=\"attachment-full size-full wp-image-16622\" alt=\"\" srcset=\"https:\/\/galisur.es\/wp-content\/files\/Lama-parasol-143-crema-1.png 1200w, https:\/\/galisur.es\/wp-content\/files\/Lama-parasol-143-crema-1-300x300.png 300w, https:\/\/galisur.es\/wp-content\/files\/Lama-parasol-143-crema-1-1024x1024.png 1024w, https:\/\/galisur.es\/wp-content\/files\/Lama-parasol-143-crema-1-150x150.png 150w, https:\/\/galisur.es\/wp-content\/files\/Lama-parasol-143-crema-1-768x768.png 768w, https:\/\/galisur.es\/wp-content\/files\/Lama-parasol-143-crema-1-800x800.png 800w\" sizes=\"(max-width: 1200px) 100vw, 1200px\" title=\"\">\t\t\t\t\t\t\t\t\t\t\t\t\t\t\t<\/div>\n\t\t\t\t<\/div>\n\t\t<div class=\"elementor-element elementor-element-85891c6 e-con-full e-flex e-con e-child\" data-id=\"85891c6\" data-element_type=\"container\" data-e-type=\"container\">\n\t\t\t\t<div class=\"elementor-element elementor-element-725c958 elementor-widget elementor-widget-heading\" data-id=\"725c958\" data-element_type=\"widget\" data-e-type=\"widget\" data-widget_type=\"heading.default\">\n\t\t\t\t\t<h1 class=\"elementor-heading-title elementor-size-default\">Lames 143<\/h1>\t\t\t\t<\/div>\n\t\t\t\t<div class=\"elementor-element elementor-element-a5d292a elementor-widget elementor-widget-text-editor\" data-id=\"a5d292a\" data-element_type=\"widget\" data-e-type=\"widget\" data-widget_type=\"text-editor.default\">\n\t\t\t\t\t\t\t\t\t<p>Lame en aluminium mod\u00e8le 143 x 15 mm. \u00c9paisseur g\u00e9n\u00e9rale 1,2 mm. Facilit\u00e9 de montage avec axes m\u00e9talliques r\u00e9tractables. Assemblage entre les lames \u00e0 l&rsquo;aide d&rsquo;une platine de 14,5 x 3,5 mm avec rivets en aluminium. Diff\u00e9rents degr\u00e9s d&rsquo;ouverture et de verrouillage. Option motoris\u00e9e et manuelle. Nous disposons de syst\u00e8mes compl\u00e9mentaires de lames avec diff\u00e9rents designs et dimensions.      <\/p>\t\t\t\t\t\t\t\t<\/div>\n\t\t\t\t<\/div>\n\t\t\t\t\t<\/div>\n\t\t\t\t<\/div>\n\t\t<div class=\"elementor-element elementor-element-d6cf18a e-flex e-con-boxed e-con e-parent\" data-id=\"d6cf18a\" data-element_type=\"container\" data-e-type=\"container\" data-settings=\"{&quot;background_background&quot;:&quot;classic&quot;}\">\n\t\t\t\t\t<div class=\"e-con-inner\">\n\t\t<div class=\"elementor-element elementor-element-3cc1a59 e-con-full e-flex e-con e-child\" data-id=\"3cc1a59\" data-element_type=\"container\" data-e-type=\"container\">\n\t\t\t\t<div class=\"elementor-element elementor-element-a1247c9 elementor-widget elementor-widget-heading\" data-id=\"a1247c9\" data-element_type=\"widget\" data-e-type=\"widget\" data-widget_type=\"heading.default\">\n\t\t\t\t\t<p class=\"elementor-heading-title elementor-size-default\">Fiche technique<\/p>\t\t\t\t<\/div>\n\t\t\t\t<div class=\"elementor-element elementor-element-27785f6 elementor-widget elementor-widget-text-editor\" data-id=\"27785f6\" data-element_type=\"widget\" data-e-type=\"widget\" data-widget_type=\"text-editor.default\">\n\t\t\t\t\t\t\t\t\t<p><a href=\"https:\/\/galisur.es\/registro\/\">Inscrivez-vous ici<\/a> pour acc\u00e9der au document.<\/p>\t\t\t\t\t\t\t\t<\/div>\n\t\t\t\t<\/div>\n\t\t<div class=\"elementor-element elementor-element-a249896 e-con-full e-flex e-con e-child\" data-id=\"a249896\" data-element_type=\"container\" data-e-type=\"container\">\n\t\t\t\t<div class=\"elementor-element elementor-element-f3783ee elementor-widget elementor-widget-heading\" data-id=\"f3783ee\" data-element_type=\"widget\" data-e-type=\"widget\" data-widget_type=\"heading.default\">\n\t\t\t\t\t<p class=\"elementor-heading-title elementor-size-default\">Catalogue<\/p>\t\t\t\t<\/div>\n\t\t\t\t<div class=\"elementor-element elementor-element-c973de4 elementor-widget elementor-widget-text-editor\" data-id=\"c973de4\" data-element_type=\"widget\" data-e-type=\"widget\" data-widget_type=\"text-editor.default\">\n\t\t\t\t\t\t\t\t\t<p>Consultez votre commercial pour t\u00e9l\u00e9charger le catalogue.<\/p>\t\t\t\t\t\t\t\t<\/div>\n\t\t\t\t<\/div>\n\t\t\t\t\t<\/div>\n\t\t\t\t<\/div>\n\t\t<div class=\"elementor-element elementor-element-406e2c7 e-flex e-con-boxed e-con e-parent\" data-id=\"406e2c7\" data-element_type=\"container\" data-e-type=\"container\">\n\t\t\t\t\t<div class=\"e-con-inner\">\n\t\t<div class=\"elementor-element elementor-element-ec088ea e-con-full e-flex e-con e-child\" data-id=\"ec088ea\" data-element_type=\"container\" data-e-type=\"container\">\n\t\t\t\t<div class=\"elementor-element elementor-element-2485cd1 elementor-widget elementor-widget-image\" data-id=\"2485cd1\" data-element_type=\"widget\" data-e-type=\"widget\" data-widget_type=\"image.default\">\n\t\t\t\t\t\t\t\t\t\t\t\t\t\t\t<img decoding=\"async\" width=\"1200\" height=\"1200\" src=\"https:\/\/galisur.es\/wp-content\/files\/Lama-parasol-143-detalle-crema.png\" class=\"attachment-full size-full wp-image-16626\" alt=\"\" srcset=\"https:\/\/galisur.es\/wp-content\/files\/Lama-parasol-143-detalle-crema.png 1200w, https:\/\/galisur.es\/wp-content\/files\/Lama-parasol-143-detalle-crema-300x300.png 300w, https:\/\/galisur.es\/wp-content\/files\/Lama-parasol-143-detalle-crema-1024x1024.png 1024w, https:\/\/galisur.es\/wp-content\/files\/Lama-parasol-143-detalle-crema-150x150.png 150w, https:\/\/galisur.es\/wp-content\/files\/Lama-parasol-143-detalle-crema-768x768.png 768w, https:\/\/galisur.es\/wp-content\/files\/Lama-parasol-143-detalle-crema-800x800.png 800w\" sizes=\"(max-width: 1200px) 100vw, 1200px\" title=\"\">\t\t\t\t\t\t\t\t\t\t\t\t\t\t\t<\/div>\n\t\t\t\t<\/div>\n\t\t<div class=\"elementor-element elementor-element-f8b8686 e-con-full e-flex e-con e-child\" data-id=\"f8b8686\" data-element_type=\"container\" data-e-type=\"container\">\n\t\t\t\t<div class=\"elementor-element elementor-element-f32fa45 elementor-widget elementor-widget-heading\" data-id=\"f32fa45\" data-element_type=\"widget\" data-e-type=\"widget\" data-widget_type=\"heading.default\">\n\t\t\t\t\t<h2 class=\"elementor-heading-title elementor-size-default\">Classification des essais<\/h2>\t\t\t\t<\/div>\n\t\t\t\t<div class=\"elementor-element elementor-element-98f5bb5 elementor-widget elementor-widget-text-editor\" data-id=\"98f5bb5\" data-element_type=\"widget\" data-e-type=\"widget\" data-widget_type=\"text-editor.default\">\n\t\t\t\t\t\t\t\t\t<p>Essai de flexion : lame mobile en aluminium mod\u00e8le 143 x 15 mm, longueur totale 2000 mm.<\/p><ul><li>Lame :<ul><li>Mat\u00e9riau : Alliage 6063.T5<\/li><li>Longueur : 2000 mm<\/li><li>Dimensions de la section : 143 \u00d7 15 (hauteur \u00d7 \u00e9paisseur)<\/li><li>\u00c9paisseur g\u00e9n\u00e9rale : 1,2 mm<\/li><\/ul><\/li><li>Essai :<ul><li>Charge maximale appliqu\u00e9e : 120 kg\/m\u00b2<\/li><li>Pression d&rsquo;essai : 1200\/m\u00b2<\/li><li>Temps d&rsquo;essai : 2 minutes<\/li><li>\u00c9tude : fl\u00e8che maximale au centre de la lame<\/li><li>Temp\u00e9rature approximative : 31,5 \u00b1 3 \u00b0C<\/li><li>Humidit\u00e9 relative : 48 \u00b1 10 %<\/li><li>Longueur de la lame : 2 m<\/li><li>Largeur de la lame : 0,143 m<\/li><\/ul><\/li><li>Pi\u00e8ces \u00e0 charger :<ul><li>Mat\u00e9riel de surcharge : sacs de sable<\/li><li>Poids unitaire : 2,5 kg<\/li><li>Quantit\u00e9 : 13<\/li><li>Poids total : 32,5 kg<\/li><\/ul><\/li><li>D\u00e9formations :<ul><li>Charge appliqu\u00e9e : 120 kg\/m\u00b2<\/li><li>D\u00e9formation sous charge d&rsquo;essai : 5,5 cm<\/li><li>D\u00e9formation r\u00e9siduelle : 0,00 cm<\/li><\/ul><\/li><\/ul><p>La r\u00e9sistance m\u00e9canique \u00e0 la flexion simple sur une longueur de 2000 mm est adapt\u00e9e \u00e0 une pression de 120 kg\/m\u00b2.<\/p>\t\t\t\t\t\t\t\t<\/div>\n\t\t\t\t<\/div>\n\t\t\t\t\t<\/div>\n\t\t\t\t<\/div>\n\t\t\t\t<\/div>\n\t\t","protected":false},"excerpt":{"rendered":"<p>Lames 143 Lame en aluminium mod\u00e8le 143 x 15 mm. \u00c9paisseur g\u00e9n\u00e9rale 1,2 mm. Facilit\u00e9 de montage avec axes m\u00e9talliques r\u00e9tractables. Assemblage entre les lames \u00e0 l&rsquo;aide d&rsquo;une platine de 14,5 x 3,5 mm avec rivets en aluminium. Diff\u00e9rents degr\u00e9s d&rsquo;ouverture et de verrouillage. Option motoris\u00e9e et manuelle. Nous disposons de syst\u00e8mes compl\u00e9mentaires de lames [&hellip;]<\/p>\n","protected":false},"author":18,"featured_media":0,"parent":17167,"menu_order":0,"comment_status":"closed","ping_status":"closed","template":"","meta":{"footnotes":""},"class_list":["post-17183","page","type-page","status-publish","hentry"],"yoast_head":"<!-- This site is optimized with the Yoast SEO plugin v27.2 - https:\/\/yoast.com\/product\/yoast-seo-wordpress\/ -->\n<title>Lames 143 | Aluminios Galisur<\/title>\n<meta name=\"description\" content=\"Lames 143 Lame en aluminium mod\u00e8le 143 x 15 mm. \u00c9paisseur g\u00e9n\u00e9rale 1,2 mm. Facilit\u00e9 de montage avec axes m\u00e9talliques r\u00e9tractables. Assemblage entre les\" \/>\n<meta name=\"robots\" content=\"index, follow, max-snippet:-1, max-image-preview:large, max-video-preview:-1\" \/>\n<link rel=\"canonical\" href=\"https:\/\/galisur.es\/fr\/protection-solaire\/lames-143\/\" \/>\n<meta property=\"og:locale\" content=\"fr_FR\" \/>\n<meta property=\"og:type\" content=\"article\" \/>\n<meta property=\"og:title\" content=\"Lames 143 | Aluminios Galisur\" \/>\n<meta property=\"og:description\" content=\"Lames 143 Lame en aluminium mod\u00e8le 143 x 15 mm. \u00c9paisseur g\u00e9n\u00e9rale 1,2 mm. Facilit\u00e9 de montage avec axes m\u00e9talliques r\u00e9tractables. Assemblage entre les\" \/>\n<meta property=\"og:url\" content=\"https:\/\/galisur.es\/fr\/protection-solaire\/lames-143\/\" \/>\n<meta property=\"og:site_name\" content=\"Aluminios Galisur\" \/>\n<meta property=\"article:publisher\" content=\"https:\/\/www.facebook.com\/AluminiosGalisur\" \/>\n<meta property=\"article:modified_time\" content=\"2025-06-23T11:24:40+00:00\" \/>\n<meta property=\"og:image\" content=\"https:\/\/galisur.es\/wp-content\/uploads\/Lama-parasol-143-crema-1.png\" \/>\n<meta name=\"twitter:card\" content=\"summary_large_image\" \/>\n<meta name=\"twitter:site\" content=\"@AluminioGalisur\" \/>\n<meta name=\"twitter:label1\" content=\"Dur\u00e9e de lecture estim\u00e9e\" \/>\n\t<meta name=\"twitter:data1\" content=\"1 minute\" \/>\n<script type=\"application\/ld+json\" class=\"yoast-schema-graph\">{\"@context\":\"https:\/\/schema.org\",\"@graph\":[{\"@type\":\"WebPage\",\"@id\":\"https:\/\/galisur.es\/fr\/protection-solaire\/lames-143\/\",\"url\":\"https:\/\/galisur.es\/fr\/protection-solaire\/lames-143\/\",\"name\":\"Lames 143 | Aluminios Galisur\",\"isPartOf\":{\"@id\":\"https:\/\/galisur.es\/fr\/#website\"},\"primaryImageOfPage\":{\"@id\":\"https:\/\/galisur.es\/fr\/protection-solaire\/lames-143\/#primaryimage\"},\"image\":{\"@id\":\"https:\/\/galisur.es\/fr\/protection-solaire\/lames-143\/#primaryimage\"},\"thumbnailUrl\":\"https:\/\/galisur.es\/wp-content\/uploads\/Lama-parasol-143-crema-1.png\",\"datePublished\":\"2022-02-08T06:31:10+00:00\",\"dateModified\":\"2025-06-23T11:24:40+00:00\",\"description\":\"Lames 143 Lame en aluminium mod\u00e8le 143 x 15 mm. \u00c9paisseur g\u00e9n\u00e9rale 1,2 mm. Facilit\u00e9 de montage avec axes m\u00e9talliques r\u00e9tractables. Assemblage entre les\",\"breadcrumb\":{\"@id\":\"https:\/\/galisur.es\/fr\/protection-solaire\/lames-143\/#breadcrumb\"},\"inLanguage\":\"fr-FR\",\"potentialAction\":[{\"@type\":\"ReadAction\",\"target\":[\"https:\/\/galisur.es\/fr\/protection-solaire\/lames-143\/\"]}]},{\"@type\":\"ImageObject\",\"inLanguage\":\"fr-FR\",\"@id\":\"https:\/\/galisur.es\/fr\/protection-solaire\/lames-143\/#primaryimage\",\"url\":\"https:\/\/galisur.es\/wp-content\/uploads\/Lama-parasol-143-crema-1.png\",\"contentUrl\":\"https:\/\/galisur.es\/wp-content\/uploads\/Lama-parasol-143-crema-1.png\"},{\"@type\":\"BreadcrumbList\",\"@id\":\"https:\/\/galisur.es\/fr\/protection-solaire\/lames-143\/#breadcrumb\",\"itemListElement\":[{\"@type\":\"ListItem\",\"position\":1,\"name\":\"Portada\",\"item\":\"https:\/\/galisur.es\/fr\/\"},{\"@type\":\"ListItem\",\"position\":2,\"name\":\"Protection solaire\",\"item\":\"https:\/\/galisur.es\/fr\/protection-solaire\/\"},{\"@type\":\"ListItem\",\"position\":3,\"name\":\"Lames 143\"}]},{\"@type\":\"WebSite\",\"@id\":\"https:\/\/galisur.es\/fr\/#website\",\"url\":\"https:\/\/galisur.es\/fr\/\",\"name\":\"Aluminios Galisur\",\"description\":\"Aluminios Galisur\",\"publisher\":{\"@id\":\"https:\/\/galisur.es\/fr\/#organization\"},\"potentialAction\":[{\"@type\":\"SearchAction\",\"target\":{\"@type\":\"EntryPoint\",\"urlTemplate\":\"https:\/\/galisur.es\/fr\/?s={search_term_string}\"},\"query-input\":{\"@type\":\"PropertyValueSpecification\",\"valueRequired\":true,\"valueName\":\"search_term_string\"}}],\"inLanguage\":\"fr-FR\"},{\"@type\":\"Organization\",\"@id\":\"https:\/\/galisur.es\/fr\/#organization\",\"name\":\"Galisur\",\"url\":\"https:\/\/galisur.es\/fr\/\",\"logo\":{\"@type\":\"ImageObject\",\"inLanguage\":\"fr-FR\",\"@id\":\"https:\/\/galisur.es\/fr\/#\/schema\/logo\/image\/\",\"url\":\"https:\/\/galisur.es\/wp-content\/files\/2021\/03\/logo-35x15-1.png\",\"contentUrl\":\"https:\/\/galisur.es\/wp-content\/files\/2021\/03\/logo-35x15-1.png\",\"width\":370,\"height\":176,\"caption\":\"Galisur\"},\"image\":{\"@id\":\"https:\/\/galisur.es\/fr\/#\/schema\/logo\/image\/\"},\"sameAs\":[\"https:\/\/www.facebook.com\/AluminiosGalisur\",\"https:\/\/x.com\/AluminioGalisur\"]}]}<\/script>\n<!-- \/ Yoast SEO plugin. -->","yoast_head_json":{"title":"Lames 143 | Aluminios Galisur","description":"Lames 143 Lame en aluminium mod\u00e8le 143 x 15 mm. \u00c9paisseur g\u00e9n\u00e9rale 1,2 mm. Facilit\u00e9 de montage avec axes m\u00e9talliques r\u00e9tractables. Assemblage entre les","robots":{"index":"index","follow":"follow","max-snippet":"max-snippet:-1","max-image-preview":"max-image-preview:large","max-video-preview":"max-video-preview:-1"},"canonical":"https:\/\/galisur.es\/fr\/protection-solaire\/lames-143\/","og_locale":"fr_FR","og_type":"article","og_title":"Lames 143 | Aluminios Galisur","og_description":"Lames 143 Lame en aluminium mod\u00e8le 143 x 15 mm. \u00c9paisseur g\u00e9n\u00e9rale 1,2 mm. Facilit\u00e9 de montage avec axes m\u00e9talliques r\u00e9tractables. Assemblage entre les","og_url":"https:\/\/galisur.es\/fr\/protection-solaire\/lames-143\/","og_site_name":"Aluminios Galisur","article_publisher":"https:\/\/www.facebook.com\/AluminiosGalisur","article_modified_time":"2025-06-23T11:24:40+00:00","og_image":[{"url":"https:\/\/galisur.es\/wp-content\/uploads\/Lama-parasol-143-crema-1.png","type":"","width":"","height":""}],"twitter_card":"summary_large_image","twitter_site":"@AluminioGalisur","twitter_misc":{"Dur\u00e9e de lecture estim\u00e9e":"1 minute"},"schema":{"@context":"https:\/\/schema.org","@graph":[{"@type":"WebPage","@id":"https:\/\/galisur.es\/fr\/protection-solaire\/lames-143\/","url":"https:\/\/galisur.es\/fr\/protection-solaire\/lames-143\/","name":"Lames 143 | Aluminios Galisur","isPartOf":{"@id":"https:\/\/galisur.es\/fr\/#website"},"primaryImageOfPage":{"@id":"https:\/\/galisur.es\/fr\/protection-solaire\/lames-143\/#primaryimage"},"image":{"@id":"https:\/\/galisur.es\/fr\/protection-solaire\/lames-143\/#primaryimage"},"thumbnailUrl":"https:\/\/galisur.es\/wp-content\/uploads\/Lama-parasol-143-crema-1.png","datePublished":"2022-02-08T06:31:10+00:00","dateModified":"2025-06-23T11:24:40+00:00","description":"Lames 143 Lame en aluminium mod\u00e8le 143 x 15 mm. \u00c9paisseur g\u00e9n\u00e9rale 1,2 mm. Facilit\u00e9 de montage avec axes m\u00e9talliques r\u00e9tractables. Assemblage entre les","breadcrumb":{"@id":"https:\/\/galisur.es\/fr\/protection-solaire\/lames-143\/#breadcrumb"},"inLanguage":"fr-FR","potentialAction":[{"@type":"ReadAction","target":["https:\/\/galisur.es\/fr\/protection-solaire\/lames-143\/"]}]},{"@type":"ImageObject","inLanguage":"fr-FR","@id":"https:\/\/galisur.es\/fr\/protection-solaire\/lames-143\/#primaryimage","url":"https:\/\/galisur.es\/wp-content\/uploads\/Lama-parasol-143-crema-1.png","contentUrl":"https:\/\/galisur.es\/wp-content\/uploads\/Lama-parasol-143-crema-1.png"},{"@type":"BreadcrumbList","@id":"https:\/\/galisur.es\/fr\/protection-solaire\/lames-143\/#breadcrumb","itemListElement":[{"@type":"ListItem","position":1,"name":"Portada","item":"https:\/\/galisur.es\/fr\/"},{"@type":"ListItem","position":2,"name":"Protection solaire","item":"https:\/\/galisur.es\/fr\/protection-solaire\/"},{"@type":"ListItem","position":3,"name":"Lames 143"}]},{"@type":"WebSite","@id":"https:\/\/galisur.es\/fr\/#website","url":"https:\/\/galisur.es\/fr\/","name":"Aluminios Galisur","description":"Aluminios Galisur","publisher":{"@id":"https:\/\/galisur.es\/fr\/#organization"},"potentialAction":[{"@type":"SearchAction","target":{"@type":"EntryPoint","urlTemplate":"https:\/\/galisur.es\/fr\/?s={search_term_string}"},"query-input":{"@type":"PropertyValueSpecification","valueRequired":true,"valueName":"search_term_string"}}],"inLanguage":"fr-FR"},{"@type":"Organization","@id":"https:\/\/galisur.es\/fr\/#organization","name":"Galisur","url":"https:\/\/galisur.es\/fr\/","logo":{"@type":"ImageObject","inLanguage":"fr-FR","@id":"https:\/\/galisur.es\/fr\/#\/schema\/logo\/image\/","url":"https:\/\/galisur.es\/wp-content\/files\/2021\/03\/logo-35x15-1.png","contentUrl":"https:\/\/galisur.es\/wp-content\/files\/2021\/03\/logo-35x15-1.png","width":370,"height":176,"caption":"Galisur"},"image":{"@id":"https:\/\/galisur.es\/fr\/#\/schema\/logo\/image\/"},"sameAs":["https:\/\/www.facebook.com\/AluminiosGalisur","https:\/\/x.com\/AluminioGalisur"]}]}},"_links":{"self":[{"href":"https:\/\/galisur.es\/fr\/wp-json\/wp\/v2\/pages\/17183","targetHints":{"allow":["GET"]}}],"collection":[{"href":"https:\/\/galisur.es\/fr\/wp-json\/wp\/v2\/pages"}],"about":[{"href":"https:\/\/galisur.es\/fr\/wp-json\/wp\/v2\/types\/page"}],"author":[{"embeddable":true,"href":"https:\/\/galisur.es\/fr\/wp-json\/wp\/v2\/users\/18"}],"replies":[{"embeddable":true,"href":"https:\/\/galisur.es\/fr\/wp-json\/wp\/v2\/comments?post=17183"}],"version-history":[{"count":1,"href":"https:\/\/galisur.es\/fr\/wp-json\/wp\/v2\/pages\/17183\/revisions"}],"predecessor-version":[{"id":17184,"href":"https:\/\/galisur.es\/fr\/wp-json\/wp\/v2\/pages\/17183\/revisions\/17184"}],"up":[{"embeddable":true,"href":"https:\/\/galisur.es\/fr\/wp-json\/wp\/v2\/pages\/17167"}],"wp:attachment":[{"href":"https:\/\/galisur.es\/fr\/wp-json\/wp\/v2\/media?parent=17183"}],"curies":[{"name":"wp","href":"https:\/\/api.w.org\/{rel}","templated":true}]}}