{"id":17175,"date":"2021-03-22T11:23:16","date_gmt":"2021-03-22T10:23:16","guid":{"rendered":"https:\/\/nervous-gagarin.141-94-206-129.plesk.page\/protection-solaire\/doha-energy\/"},"modified":"2025-06-23T09:44:07","modified_gmt":"2025-06-23T07:44:07","slug":"doha-energy","status":"publish","type":"page","link":"https:\/\/galisur.es\/fr\/protection-solaire\/doha-energy\/","title":{"rendered":"DOHA ENERGY"},"content":{"rendered":"\t\t<div data-elementor-type=\"wp-page\" data-elementor-id=\"17175\" class=\"elementor elementor-17175 elementor-7065\" data-elementor-post-type=\"page\">\n\t\t\t\t<div class=\"elementor-element elementor-element-acfa63b e-flex e-con-boxed e-con e-parent\" data-id=\"acfa63b\" data-element_type=\"container\" data-e-type=\"container\">\n\t\t\t\t\t<div class=\"e-con-inner\">\n\t\t<div class=\"elementor-element elementor-element-fcf7fa2 e-con-full e-flex e-con e-child\" data-id=\"fcf7fa2\" data-element_type=\"container\" data-e-type=\"container\">\n\t\t\t\t<div class=\"elementor-element elementor-element-633ebe6 elementor-widget elementor-widget-image\" data-id=\"633ebe6\" data-element_type=\"widget\" data-e-type=\"widget\" data-widget_type=\"image.default\">\n\t\t\t\t\t\t\t\t\t\t\t\t\t\t\t<img fetchpriority=\"high\" decoding=\"async\" width=\"1810\" height=\"2560\" src=\"https:\/\/galisur.es\/wp-content\/files\/PERGOLA-RENDER-OCT-22b-scaled.jpg\" class=\"attachment-full size-full wp-image-16114\" alt=\"\" srcset=\"https:\/\/galisur.es\/wp-content\/files\/PERGOLA-RENDER-OCT-22b-scaled.jpg 1810w, https:\/\/galisur.es\/wp-content\/files\/PERGOLA-RENDER-OCT-22b-212x300.jpg 212w, https:\/\/galisur.es\/wp-content\/files\/PERGOLA-RENDER-OCT-22b-724x1024.jpg 724w, https:\/\/galisur.es\/wp-content\/files\/PERGOLA-RENDER-OCT-22b-768x1086.jpg 768w, https:\/\/galisur.es\/wp-content\/files\/PERGOLA-RENDER-OCT-22b-1086x1536.jpg 1086w, https:\/\/galisur.es\/wp-content\/files\/PERGOLA-RENDER-OCT-22b-1448x2048.jpg 1448w\" sizes=\"(max-width: 1810px) 100vw, 1810px\" title=\"\">\t\t\t\t\t\t\t\t\t\t\t\t\t\t\t<\/div>\n\t\t\t\t<\/div>\n\t\t<div class=\"elementor-element elementor-element-647021f e-con-full e-flex e-con e-child\" data-id=\"647021f\" data-element_type=\"container\" data-e-type=\"container\">\n\t\t\t\t<div class=\"elementor-element elementor-element-2523364 elementor-widget elementor-widget-heading\" data-id=\"2523364\" data-element_type=\"widget\" data-e-type=\"widget\" data-widget_type=\"heading.default\">\n\t\t\t\t\t<h1 class=\"elementor-heading-title elementor-size-default\">PERGOLA BIOCLIMATIQUE DOHA ENERGY<\/h1>\t\t\t\t<\/div>\n\t\t\t\t<div class=\"elementor-element elementor-element-d53e552 elementor-widget elementor-widget-text-editor\" data-id=\"d53e552\" data-element_type=\"widget\" data-e-type=\"widget\" data-widget_type=\"text-editor.default\">\n\t\t\t\t\t\t\t\t\t<p>Syst\u00e8me de protection solaire. La structure de la pergola bioclimatique solaire se distingue par sa facilit\u00e9 de montage sans outils suppl\u00e9mentaires. <\/p><p>Profil\u00e9s \u00e0 coupe droite. Dispose de supports pour tubes de 125 x 125 mm. Offre de multiples options de configuration et accessoires.  Joints d&rsquo;\u00e9tanch\u00e9it\u00e9 en EPDM garantissant la qualit\u00e9 de la fermeture. Visserie en acier inoxydable<\/p><p>Options :<\/p><ul><li>Configurations personnalis\u00e9es.<\/li><li>Int\u00e9grable \u00e0 la fa\u00e7ade et \u00e0 d&rsquo;autres fermetures.<\/li><li>\u00c9clairage LED int\u00e9gr\u00e9 dans les lames.<\/li><li>Haut-parleurs Bluetooth.<\/li><li>Commande \u00e0 distance<\/li><\/ul>\t\t\t\t\t\t\t\t<\/div>\n\t\t\t\t<\/div>\n\t\t\t\t\t<\/div>\n\t\t\t\t<\/div>\n\t\t<div class=\"elementor-element elementor-element-2ad6744 e-flex e-con-boxed e-con e-parent\" data-id=\"2ad6744\" data-element_type=\"container\" data-e-type=\"container\" data-settings=\"{&quot;background_background&quot;:&quot;classic&quot;}\">\n\t\t\t\t\t<div class=\"e-con-inner\">\n\t\t<div class=\"elementor-element elementor-element-2a144fb e-con-full e-flex e-con e-child\" data-id=\"2a144fb\" data-element_type=\"container\" data-e-type=\"container\">\n\t\t\t\t<div class=\"elementor-element elementor-element-2146324 elementor-widget elementor-widget-heading\" data-id=\"2146324\" data-element_type=\"widget\" data-e-type=\"widget\" data-widget_type=\"heading.default\">\n\t\t\t\t\t<p class=\"elementor-heading-title elementor-size-default\">Fiche technique<\/p>\t\t\t\t<\/div>\n\t\t\t\t<div class=\"elementor-element elementor-element-4a96fb3 elementor-widget elementor-widget-text-editor\" data-id=\"4a96fb3\" data-element_type=\"widget\" data-e-type=\"widget\" data-widget_type=\"text-editor.default\">\n\t\t\t\t\t\t\t\t\t<p><a href=\"https:\/\/galisur.es\/registro\/\">Inscrivez-vous ici<\/a> pour acc\u00e9der au document.<\/p>\t\t\t\t\t\t\t\t<\/div>\n\t\t\t\t<\/div>\n\t\t<div class=\"elementor-element elementor-element-8834ec6 e-con-full e-flex e-con e-child\" data-id=\"8834ec6\" data-element_type=\"container\" data-e-type=\"container\">\n\t\t\t\t<div class=\"elementor-element elementor-element-d813083 elementor-widget elementor-widget-heading\" data-id=\"d813083\" data-element_type=\"widget\" data-e-type=\"widget\" data-widget_type=\"heading.default\">\n\t\t\t\t\t<p class=\"elementor-heading-title elementor-size-default\">Catalogue<\/p>\t\t\t\t<\/div>\n\t\t\t\t<div class=\"elementor-element elementor-element-47250e7 elementor-widget elementor-widget-text-editor\" data-id=\"47250e7\" data-element_type=\"widget\" data-e-type=\"widget\" data-widget_type=\"text-editor.default\">\n\t\t\t\t\t\t\t\t\t<p><a href=\"https:\/\/galisur.es\/registro\/\">Inscrivez-vous ici<\/a> pour acc\u00e9der au document.<\/p>\t\t\t\t\t\t\t\t<\/div>\n\t\t\t\t<\/div>\n\t\t\t\t\t<\/div>\n\t\t\t\t<\/div>\n\t\t<div class=\"elementor-element elementor-element-9f18aca e-flex e-con-boxed e-con e-parent\" data-id=\"9f18aca\" data-element_type=\"container\" data-e-type=\"container\">\n\t\t\t\t\t<div class=\"e-con-inner\">\n\t\t<div class=\"elementor-element elementor-element-25de9a6 e-con-full e-flex e-con e-child\" data-id=\"25de9a6\" data-element_type=\"container\" data-e-type=\"container\">\n\t\t\t\t<div class=\"elementor-element elementor-element-3fd72b0 elementor-widget elementor-widget-image\" data-id=\"3fd72b0\" data-element_type=\"widget\" data-e-type=\"widget\" data-widget_type=\"image.default\">\n\t\t\t\t\t\t\t\t\t\t\t\t\t\t\t<img decoding=\"async\" width=\"1200\" height=\"614\" src=\"https:\/\/galisur.es\/wp-content\/files\/Doha-Energy-1-e1711545999270.png\" class=\"attachment-full size-full wp-image-16614\" alt=\"\" srcset=\"https:\/\/galisur.es\/wp-content\/files\/Doha-Energy-1-e1711545999270.png 1200w, https:\/\/galisur.es\/wp-content\/files\/Doha-Energy-1-e1711545999270-300x154.png 300w, https:\/\/galisur.es\/wp-content\/files\/Doha-Energy-1-e1711545999270-1024x524.png 1024w, https:\/\/galisur.es\/wp-content\/files\/Doha-Energy-1-e1711545999270-768x393.png 768w\" sizes=\"(max-width: 1200px) 100vw, 1200px\" title=\"\">\t\t\t\t\t\t\t\t\t\t\t\t\t\t\t<\/div>\n\t\t\t\t<\/div>\n\t\t<div class=\"elementor-element elementor-element-8714493 e-con-full e-flex e-con e-child\" data-id=\"8714493\" data-element_type=\"container\" data-e-type=\"container\">\n\t\t\t\t<div class=\"elementor-element elementor-element-e17c1eb elementor-widget elementor-widget-heading\" data-id=\"e17c1eb\" data-element_type=\"widget\" data-e-type=\"widget\" data-widget_type=\"heading.default\">\n\t\t\t\t\t<h2 class=\"elementor-heading-title elementor-size-default\">Dimensions recommand\u00e9es<\/h2>\t\t\t\t<\/div>\n\t\t\t\t<div class=\"elementor-element elementor-element-6648942 elementor-widget elementor-widget-text-editor\" data-id=\"6648942\" data-element_type=\"widget\" data-e-type=\"widget\" data-widget_type=\"text-editor.default\">\n\t\t\t\t\t\t\t\t\t<p>Ligne minimale : 1500 mm<\/p><p>Ligne maximale : 4000 mm<\/p><p>Sortie minimale : 1500 mm<\/p><p>Sortie maximale : 6000 mm<\/p><p>Hauteur de passage : 2800 mm<\/p><p>Inclinaison : 0\u00ba degr\u00e9s<\/p>\t\t\t\t\t\t\t\t<\/div>\n\t\t\t\t<\/div>\n\t\t\t\t\t<\/div>\n\t\t\t\t<\/div>\n\t\t\t\t<\/div>\n\t\t","protected":false},"excerpt":{"rendered":"<p>PERGOLA BIOCLIMATIQUE DOHA ENERGY Syst\u00e8me de protection solaire. La structure de la pergola bioclimatique solaire se distingue par sa facilit\u00e9 de montage sans outils suppl\u00e9mentaires. Profil\u00e9s \u00e0 coupe droite. Dispose de supports pour tubes de 125 x 125 mm. Offre de multiples options de configuration et accessoires. Joints d&rsquo;\u00e9tanch\u00e9it\u00e9 en EPDM garantissant la qualit\u00e9 de [&hellip;]<\/p>\n","protected":false},"author":1998,"featured_media":0,"parent":17167,"menu_order":0,"comment_status":"closed","ping_status":"closed","template":"","meta":{"footnotes":""},"class_list":["post-17175","page","type-page","status-publish","hentry"],"yoast_head":"<!-- This site is optimized with the Yoast SEO plugin v27.2 - https:\/\/yoast.com\/product\/yoast-seo-wordpress\/ -->\n<title>DOHA ENERGY | Aluminios Galisur<\/title>\n<meta name=\"description\" content=\"PERGOLA BIOCLIMATIQUE DOHA ENERGY Syst\u00e8me de protection solaire. La structure de la pergola bioclimatique solaire se distingue par sa facilit\u00e9 de montage\" \/>\n<meta name=\"robots\" content=\"index, follow, max-snippet:-1, max-image-preview:large, max-video-preview:-1\" \/>\n<link rel=\"canonical\" href=\"https:\/\/galisur.es\/fr\/protection-solaire\/doha-energy\/\" \/>\n<meta property=\"og:locale\" content=\"fr_FR\" \/>\n<meta property=\"og:type\" content=\"article\" \/>\n<meta property=\"og:title\" content=\"DOHA ENERGY | Aluminios Galisur\" \/>\n<meta property=\"og:description\" content=\"PERGOLA BIOCLIMATIQUE DOHA ENERGY Syst\u00e8me de protection solaire. La structure de la pergola bioclimatique solaire se distingue par sa facilit\u00e9 de montage\" \/>\n<meta property=\"og:url\" content=\"https:\/\/galisur.es\/fr\/protection-solaire\/doha-energy\/\" \/>\n<meta property=\"og:site_name\" content=\"Aluminios Galisur\" \/>\n<meta property=\"article:publisher\" content=\"https:\/\/www.facebook.com\/AluminiosGalisur\" \/>\n<meta property=\"article:modified_time\" content=\"2025-06-23T07:44:07+00:00\" \/>\n<meta property=\"og:image\" content=\"https:\/\/galisur.es\/wp-content\/uploads\/PERGOLA-RENDER-OCT-22b-scaled.jpg\" \/>\n<meta name=\"twitter:card\" content=\"summary_large_image\" \/>\n<meta name=\"twitter:site\" content=\"@AluminioGalisur\" \/>\n<meta name=\"twitter:label1\" content=\"Dur\u00e9e de lecture estim\u00e9e\" \/>\n\t<meta name=\"twitter:data1\" content=\"1 minute\" \/>\n<script type=\"application\/ld+json\" class=\"yoast-schema-graph\">{\"@context\":\"https:\/\/schema.org\",\"@graph\":[{\"@type\":\"WebPage\",\"@id\":\"https:\/\/galisur.es\/fr\/protection-solaire\/doha-energy\/\",\"url\":\"https:\/\/galisur.es\/fr\/protection-solaire\/doha-energy\/\",\"name\":\"DOHA ENERGY | Aluminios Galisur\",\"isPartOf\":{\"@id\":\"https:\/\/galisur.es\/fr\/#website\"},\"primaryImageOfPage\":{\"@id\":\"https:\/\/galisur.es\/fr\/protection-solaire\/doha-energy\/#primaryimage\"},\"image\":{\"@id\":\"https:\/\/galisur.es\/fr\/protection-solaire\/doha-energy\/#primaryimage\"},\"thumbnailUrl\":\"https:\/\/galisur.es\/wp-content\/uploads\/PERGOLA-RENDER-OCT-22b-scaled.jpg\",\"datePublished\":\"2021-03-22T10:23:16+00:00\",\"dateModified\":\"2025-06-23T07:44:07+00:00\",\"description\":\"PERGOLA BIOCLIMATIQUE DOHA ENERGY Syst\u00e8me de protection solaire. La structure de la pergola bioclimatique solaire se distingue par sa facilit\u00e9 de montage\",\"breadcrumb\":{\"@id\":\"https:\/\/galisur.es\/fr\/protection-solaire\/doha-energy\/#breadcrumb\"},\"inLanguage\":\"fr-FR\",\"potentialAction\":[{\"@type\":\"ReadAction\",\"target\":[\"https:\/\/galisur.es\/fr\/protection-solaire\/doha-energy\/\"]}]},{\"@type\":\"ImageObject\",\"inLanguage\":\"fr-FR\",\"@id\":\"https:\/\/galisur.es\/fr\/protection-solaire\/doha-energy\/#primaryimage\",\"url\":\"https:\/\/galisur.es\/wp-content\/uploads\/PERGOLA-RENDER-OCT-22b-scaled.jpg\",\"contentUrl\":\"https:\/\/galisur.es\/wp-content\/uploads\/PERGOLA-RENDER-OCT-22b-scaled.jpg\"},{\"@type\":\"BreadcrumbList\",\"@id\":\"https:\/\/galisur.es\/fr\/protection-solaire\/doha-energy\/#breadcrumb\",\"itemListElement\":[{\"@type\":\"ListItem\",\"position\":1,\"name\":\"Portada\",\"item\":\"https:\/\/galisur.es\/fr\/\"},{\"@type\":\"ListItem\",\"position\":2,\"name\":\"Protection solaire\",\"item\":\"https:\/\/galisur.es\/fr\/protection-solaire\/\"},{\"@type\":\"ListItem\",\"position\":3,\"name\":\"DOHA ENERGY\"}]},{\"@type\":\"WebSite\",\"@id\":\"https:\/\/galisur.es\/fr\/#website\",\"url\":\"https:\/\/galisur.es\/fr\/\",\"name\":\"Aluminios Galisur\",\"description\":\"Aluminios Galisur\",\"publisher\":{\"@id\":\"https:\/\/galisur.es\/fr\/#organization\"},\"potentialAction\":[{\"@type\":\"SearchAction\",\"target\":{\"@type\":\"EntryPoint\",\"urlTemplate\":\"https:\/\/galisur.es\/fr\/?s={search_term_string}\"},\"query-input\":{\"@type\":\"PropertyValueSpecification\",\"valueRequired\":true,\"valueName\":\"search_term_string\"}}],\"inLanguage\":\"fr-FR\"},{\"@type\":\"Organization\",\"@id\":\"https:\/\/galisur.es\/fr\/#organization\",\"name\":\"Galisur\",\"url\":\"https:\/\/galisur.es\/fr\/\",\"logo\":{\"@type\":\"ImageObject\",\"inLanguage\":\"fr-FR\",\"@id\":\"https:\/\/galisur.es\/fr\/#\/schema\/logo\/image\/\",\"url\":\"https:\/\/galisur.es\/wp-content\/files\/2021\/03\/logo-35x15-1.png\",\"contentUrl\":\"https:\/\/galisur.es\/wp-content\/files\/2021\/03\/logo-35x15-1.png\",\"width\":370,\"height\":176,\"caption\":\"Galisur\"},\"image\":{\"@id\":\"https:\/\/galisur.es\/fr\/#\/schema\/logo\/image\/\"},\"sameAs\":[\"https:\/\/www.facebook.com\/AluminiosGalisur\",\"https:\/\/x.com\/AluminioGalisur\"]}]}<\/script>\n<!-- \/ Yoast SEO plugin. -->","yoast_head_json":{"title":"DOHA ENERGY | Aluminios Galisur","description":"PERGOLA BIOCLIMATIQUE DOHA ENERGY Syst\u00e8me de protection solaire. La structure de la pergola bioclimatique solaire se distingue par sa facilit\u00e9 de montage","robots":{"index":"index","follow":"follow","max-snippet":"max-snippet:-1","max-image-preview":"max-image-preview:large","max-video-preview":"max-video-preview:-1"},"canonical":"https:\/\/galisur.es\/fr\/protection-solaire\/doha-energy\/","og_locale":"fr_FR","og_type":"article","og_title":"DOHA ENERGY | Aluminios Galisur","og_description":"PERGOLA BIOCLIMATIQUE DOHA ENERGY Syst\u00e8me de protection solaire. La structure de la pergola bioclimatique solaire se distingue par sa facilit\u00e9 de montage","og_url":"https:\/\/galisur.es\/fr\/protection-solaire\/doha-energy\/","og_site_name":"Aluminios Galisur","article_publisher":"https:\/\/www.facebook.com\/AluminiosGalisur","article_modified_time":"2025-06-23T07:44:07+00:00","og_image":[{"url":"https:\/\/galisur.es\/wp-content\/uploads\/PERGOLA-RENDER-OCT-22b-scaled.jpg","type":"","width":"","height":""}],"twitter_card":"summary_large_image","twitter_site":"@AluminioGalisur","twitter_misc":{"Dur\u00e9e de lecture estim\u00e9e":"1 minute"},"schema":{"@context":"https:\/\/schema.org","@graph":[{"@type":"WebPage","@id":"https:\/\/galisur.es\/fr\/protection-solaire\/doha-energy\/","url":"https:\/\/galisur.es\/fr\/protection-solaire\/doha-energy\/","name":"DOHA ENERGY | Aluminios Galisur","isPartOf":{"@id":"https:\/\/galisur.es\/fr\/#website"},"primaryImageOfPage":{"@id":"https:\/\/galisur.es\/fr\/protection-solaire\/doha-energy\/#primaryimage"},"image":{"@id":"https:\/\/galisur.es\/fr\/protection-solaire\/doha-energy\/#primaryimage"},"thumbnailUrl":"https:\/\/galisur.es\/wp-content\/uploads\/PERGOLA-RENDER-OCT-22b-scaled.jpg","datePublished":"2021-03-22T10:23:16+00:00","dateModified":"2025-06-23T07:44:07+00:00","description":"PERGOLA BIOCLIMATIQUE DOHA ENERGY Syst\u00e8me de protection solaire. La structure de la pergola bioclimatique solaire se distingue par sa facilit\u00e9 de montage","breadcrumb":{"@id":"https:\/\/galisur.es\/fr\/protection-solaire\/doha-energy\/#breadcrumb"},"inLanguage":"fr-FR","potentialAction":[{"@type":"ReadAction","target":["https:\/\/galisur.es\/fr\/protection-solaire\/doha-energy\/"]}]},{"@type":"ImageObject","inLanguage":"fr-FR","@id":"https:\/\/galisur.es\/fr\/protection-solaire\/doha-energy\/#primaryimage","url":"https:\/\/galisur.es\/wp-content\/uploads\/PERGOLA-RENDER-OCT-22b-scaled.jpg","contentUrl":"https:\/\/galisur.es\/wp-content\/uploads\/PERGOLA-RENDER-OCT-22b-scaled.jpg"},{"@type":"BreadcrumbList","@id":"https:\/\/galisur.es\/fr\/protection-solaire\/doha-energy\/#breadcrumb","itemListElement":[{"@type":"ListItem","position":1,"name":"Portada","item":"https:\/\/galisur.es\/fr\/"},{"@type":"ListItem","position":2,"name":"Protection solaire","item":"https:\/\/galisur.es\/fr\/protection-solaire\/"},{"@type":"ListItem","position":3,"name":"DOHA ENERGY"}]},{"@type":"WebSite","@id":"https:\/\/galisur.es\/fr\/#website","url":"https:\/\/galisur.es\/fr\/","name":"Aluminios Galisur","description":"Aluminios Galisur","publisher":{"@id":"https:\/\/galisur.es\/fr\/#organization"},"potentialAction":[{"@type":"SearchAction","target":{"@type":"EntryPoint","urlTemplate":"https:\/\/galisur.es\/fr\/?s={search_term_string}"},"query-input":{"@type":"PropertyValueSpecification","valueRequired":true,"valueName":"search_term_string"}}],"inLanguage":"fr-FR"},{"@type":"Organization","@id":"https:\/\/galisur.es\/fr\/#organization","name":"Galisur","url":"https:\/\/galisur.es\/fr\/","logo":{"@type":"ImageObject","inLanguage":"fr-FR","@id":"https:\/\/galisur.es\/fr\/#\/schema\/logo\/image\/","url":"https:\/\/galisur.es\/wp-content\/files\/2021\/03\/logo-35x15-1.png","contentUrl":"https:\/\/galisur.es\/wp-content\/files\/2021\/03\/logo-35x15-1.png","width":370,"height":176,"caption":"Galisur"},"image":{"@id":"https:\/\/galisur.es\/fr\/#\/schema\/logo\/image\/"},"sameAs":["https:\/\/www.facebook.com\/AluminiosGalisur","https:\/\/x.com\/AluminioGalisur"]}]}},"_links":{"self":[{"href":"https:\/\/galisur.es\/fr\/wp-json\/wp\/v2\/pages\/17175","targetHints":{"allow":["GET"]}}],"collection":[{"href":"https:\/\/galisur.es\/fr\/wp-json\/wp\/v2\/pages"}],"about":[{"href":"https:\/\/galisur.es\/fr\/wp-json\/wp\/v2\/types\/page"}],"author":[{"embeddable":true,"href":"https:\/\/galisur.es\/fr\/wp-json\/wp\/v2\/users\/1998"}],"replies":[{"embeddable":true,"href":"https:\/\/galisur.es\/fr\/wp-json\/wp\/v2\/comments?post=17175"}],"version-history":[{"count":1,"href":"https:\/\/galisur.es\/fr\/wp-json\/wp\/v2\/pages\/17175\/revisions"}],"predecessor-version":[{"id":17176,"href":"https:\/\/galisur.es\/fr\/wp-json\/wp\/v2\/pages\/17175\/revisions\/17176"}],"up":[{"embeddable":true,"href":"https:\/\/galisur.es\/fr\/wp-json\/wp\/v2\/pages\/17167"}],"wp:attachment":[{"href":"https:\/\/galisur.es\/fr\/wp-json\/wp\/v2\/media?parent=17175"}],"curies":[{"name":"wp","href":"https:\/\/api.w.org\/{rel}","templated":true}]}}