{"id":17077,"date":"2021-03-22T11:42:45","date_gmt":"2021-03-22T10:42:45","guid":{"rendered":"https:\/\/nervous-gagarin.141-94-206-129.plesk.page\/fermeture-exterieure\/portail-et-barriere\/"},"modified":"2026-03-10T12:08:11","modified_gmt":"2026-03-10T11:08:11","slug":"portail-et-barriere","status":"publish","type":"page","link":"https:\/\/galisur.es\/fr\/fermeture-exterieure\/portail-et-barriere\/","title":{"rendered":"PORTAIL ET BARRI\u00c8RE"},"content":{"rendered":"\t\t<div data-elementor-type=\"wp-page\" data-elementor-id=\"17077\" class=\"elementor elementor-17077 elementor-7087\" data-elementor-post-type=\"page\">\n\t\t\t\t<div class=\"elementor-element elementor-element-d949774 e-flex e-con-boxed e-con e-parent\" data-id=\"d949774\" data-element_type=\"container\" data-e-type=\"container\">\n\t\t\t\t\t<div class=\"e-con-inner\">\n\t\t<div class=\"elementor-element elementor-element-32d60e8 e-con-full e-flex e-con e-child\" data-id=\"32d60e8\" data-element_type=\"container\" data-e-type=\"container\" data-settings=\"{&quot;background_background&quot;:&quot;slideshow&quot;,&quot;background_slideshow_gallery&quot;:[{&quot;id&quot;:15434,&quot;url&quot;:&quot;https:\\\/\\\/galisur.es\\\/wp-content\\\/uploads\\\/porton-CORREDERA-deco_MENOSBRILLO-scaled.jpg&quot;},{&quot;id&quot;:15438,&quot;url&quot;:&quot;https:\\\/\\\/galisur.es\\\/wp-content\\\/uploads\\\/porton-CORREDERA-deco_madera_transp2-scaled.jpg&quot;}],&quot;background_slideshow_loop&quot;:&quot;yes&quot;,&quot;background_slideshow_slide_duration&quot;:5000,&quot;background_slideshow_slide_transition&quot;:&quot;fade&quot;,&quot;background_slideshow_transition_duration&quot;:500}\">\n\t\t\t\t<div class=\"elementor-element elementor-element-fefdaff elementor-widget elementor-widget-image\" data-id=\"fefdaff\" data-element_type=\"widget\" data-e-type=\"widget\" data-widget_type=\"image.default\">\n\t\t\t\t\t\t\t\t\t\t\t\t\t\t\t<img fetchpriority=\"high\" decoding=\"async\" width=\"800\" height=\"800\" src=\"https:\/\/galisur.es\/wp-content\/files\/Porton-y-cancel-corredera-crema-1024x1024.png\" class=\"attachment-large size-large wp-image-16698\" alt=\"\" srcset=\"https:\/\/galisur.es\/wp-content\/files\/Porton-y-cancel-corredera-crema-1024x1024.png 1024w, https:\/\/galisur.es\/wp-content\/files\/Porton-y-cancel-corredera-crema-300x300.png 300w, https:\/\/galisur.es\/wp-content\/files\/Porton-y-cancel-corredera-crema-150x150.png 150w, https:\/\/galisur.es\/wp-content\/files\/Porton-y-cancel-corredera-crema-768x768.png 768w, https:\/\/galisur.es\/wp-content\/files\/Porton-y-cancel-corredera-crema-800x800.png 800w, https:\/\/galisur.es\/wp-content\/files\/Porton-y-cancel-corredera-crema.png 1200w\" sizes=\"(max-width: 800px) 100vw, 800px\" title=\"\">\t\t\t\t\t\t\t\t\t\t\t\t\t\t\t<\/div>\n\t\t\t\t<\/div>\n\t\t<div class=\"elementor-element elementor-element-4985fc6 e-con-full e-flex e-con e-child\" data-id=\"4985fc6\" data-element_type=\"container\" data-e-type=\"container\">\n\t\t\t\t<div class=\"elementor-element elementor-element-c09af78 elementor-widget elementor-widget-heading\" data-id=\"c09af78\" data-element_type=\"widget\" data-e-type=\"widget\" data-widget_type=\"heading.default\">\n\t\t\t\t\t<h1 class=\"elementor-heading-title elementor-size-default\">PORTAIL ET BARRI\u00c8RE<\/h1>\t\t\t\t<\/div>\n\t\t\t\t<div class=\"elementor-element elementor-element-6fa083c elementor-widget elementor-widget-text-editor\" data-id=\"6fa083c\" data-element_type=\"widget\" data-e-type=\"widget\" data-widget_type=\"text-editor.default\">\n\t\t\t\t\t\t\t\t\t<p>S\u00e9rie pour la fabrication de portes de garage. Possibilit\u00e9 de cr\u00e9er un volet sur la porte coulissante. Feuille de 100 mm d&rsquo;\u00e9paisseur 2,5 mm. Guide au sol en acier. <\/p><p>Accessoire guide en aluminium. \u00c9querres en aluminium avec visserie inoxydable.<\/p>\t\t\t\t\t\t\t\t<\/div>\n\t\t\t\t<\/div>\n\t\t\t\t\t<\/div>\n\t\t\t\t<\/div>\n\t\t<div class=\"elementor-element elementor-element-467ebc3 e-flex e-con-boxed e-con e-parent\" data-id=\"467ebc3\" data-element_type=\"container\" data-e-type=\"container\" data-settings=\"{&quot;background_background&quot;:&quot;classic&quot;}\">\n\t\t\t\t\t<div class=\"e-con-inner\">\n\t\t<div class=\"elementor-element elementor-element-43074a6 e-con-full e-flex e-con e-child\" data-id=\"43074a6\" data-element_type=\"container\" data-e-type=\"container\">\n\t\t\t\t<div class=\"elementor-element elementor-element-dffabdb elementor-widget elementor-widget-heading\" data-id=\"dffabdb\" data-element_type=\"widget\" data-e-type=\"widget\" data-widget_type=\"heading.default\">\n\t\t\t\t\t<p class=\"elementor-heading-title elementor-size-default\">Fiche technique<\/p>\t\t\t\t<\/div>\n\t\t\t\t<div class=\"elementor-element elementor-element-23a0885 elementor-widget elementor-widget-text-editor\" data-id=\"23a0885\" data-element_type=\"widget\" data-e-type=\"widget\" data-widget_type=\"text-editor.default\">\n\t\t\t\t\t\t\t\t\t<p><a href=\"https:\/\/galisur.es\/registro\/\">Inscrivez-vous ici<\/a> pour acc\u00e9der au document.<\/p>\t\t\t\t\t\t\t\t<\/div>\n\t\t\t\t<\/div>\n\t\t<div class=\"elementor-element elementor-element-096f4df e-con-full e-flex e-con e-child\" data-id=\"096f4df\" data-element_type=\"container\" data-e-type=\"container\">\n\t\t\t\t<div class=\"elementor-element elementor-element-a884050 elementor-widget elementor-widget-heading\" data-id=\"a884050\" data-element_type=\"widget\" data-e-type=\"widget\" data-widget_type=\"heading.default\">\n\t\t\t\t\t<p class=\"elementor-heading-title elementor-size-default\">Catalogue<\/p>\t\t\t\t<\/div>\n\t\t\t\t<div class=\"elementor-element elementor-element-6d03eac elementor-widget elementor-widget-text-editor\" data-id=\"6d03eac\" data-element_type=\"widget\" data-e-type=\"widget\" data-widget_type=\"text-editor.default\">\n\t\t\t\t\t\t\t\t\t<p><a href=\"https:\/\/galisur.es\/registro\/\">Inscrivez-vous ici<\/a> pour acc\u00e9der au document.<\/p>\t\t\t\t\t\t\t\t<\/div>\n\t\t\t\t<\/div>\n\t\t\t\t\t<\/div>\n\t\t\t\t<\/div>\n\t\t<div class=\"elementor-element elementor-element-43d5f1a e-flex e-con-boxed e-con e-parent\" data-id=\"43d5f1a\" data-element_type=\"container\" data-e-type=\"container\">\n\t\t\t\t\t<div class=\"e-con-inner\">\n\t\t<div class=\"elementor-element elementor-element-c058fde e-con-full e-flex e-con e-child\" data-id=\"c058fde\" data-element_type=\"container\" data-e-type=\"container\">\n\t\t\t\t<div class=\"elementor-element elementor-element-95c97a2 elementor-widget elementor-widget-heading\" data-id=\"95c97a2\" data-element_type=\"widget\" data-e-type=\"widget\" data-widget_type=\"heading.default\">\n\t\t\t\t\t<h3 class=\"elementor-heading-title elementor-size-default\">Option coulissante<\/h3>\t\t\t\t<\/div>\n\t\t\t\t<div class=\"elementor-element elementor-element-aab483f elementor-widget elementor-widget-image\" data-id=\"aab483f\" data-element_type=\"widget\" data-e-type=\"widget\" data-widget_type=\"image.default\">\n\t\t\t\t\t\t\t\t\t\t\t\t\t\t\t<img decoding=\"async\" width=\"1200\" height=\"1200\" src=\"https:\/\/galisur.es\/wp-content\/files\/Porton-y-cancel-corredera-detalle-crema.png\" class=\"attachment-full size-full wp-image-16702\" alt=\"\" srcset=\"https:\/\/galisur.es\/wp-content\/files\/Porton-y-cancel-corredera-detalle-crema.png 1200w, https:\/\/galisur.es\/wp-content\/files\/Porton-y-cancel-corredera-detalle-crema-300x300.png 300w, https:\/\/galisur.es\/wp-content\/files\/Porton-y-cancel-corredera-detalle-crema-1024x1024.png 1024w, https:\/\/galisur.es\/wp-content\/files\/Porton-y-cancel-corredera-detalle-crema-150x150.png 150w, https:\/\/galisur.es\/wp-content\/files\/Porton-y-cancel-corredera-detalle-crema-768x768.png 768w, https:\/\/galisur.es\/wp-content\/files\/Porton-y-cancel-corredera-detalle-crema-800x800.png 800w\" sizes=\"(max-width: 1200px) 100vw, 1200px\" title=\"\">\t\t\t\t\t\t\t\t\t\t\t\t\t\t\t<\/div>\n\t\t\t\t<\/div>\n\t\t<div class=\"elementor-element elementor-element-5568bed e-con-full e-flex e-con e-child\" data-id=\"5568bed\" data-element_type=\"container\" data-e-type=\"container\">\n\t\t\t\t<div class=\"elementor-element elementor-element-7eca170 elementor-widget elementor-widget-heading\" data-id=\"7eca170\" data-element_type=\"widget\" data-e-type=\"widget\" data-widget_type=\"heading.default\">\n\t\t\t\t\t<h3 class=\"elementor-heading-title elementor-size-default\">Option rabattable<\/h3>\t\t\t\t<\/div>\n\t\t\t\t<div class=\"elementor-element elementor-element-ea67b58 elementor-widget elementor-widget-image\" data-id=\"ea67b58\" data-element_type=\"widget\" data-e-type=\"widget\" data-widget_type=\"image.default\">\n\t\t\t\t\t\t\t\t\t\t\t\t\t\t\t<img decoding=\"async\" width=\"1200\" height=\"1200\" src=\"https:\/\/galisur.es\/wp-content\/files\/Porton-y-cancel-abatible-detalle-crema.png\" class=\"attachment-full size-full wp-image-16694\" alt=\"\" srcset=\"https:\/\/galisur.es\/wp-content\/files\/Porton-y-cancel-abatible-detalle-crema.png 1200w, https:\/\/galisur.es\/wp-content\/files\/Porton-y-cancel-abatible-detalle-crema-300x300.png 300w, https:\/\/galisur.es\/wp-content\/files\/Porton-y-cancel-abatible-detalle-crema-1024x1024.png 1024w, https:\/\/galisur.es\/wp-content\/files\/Porton-y-cancel-abatible-detalle-crema-150x150.png 150w, https:\/\/galisur.es\/wp-content\/files\/Porton-y-cancel-abatible-detalle-crema-768x768.png 768w, https:\/\/galisur.es\/wp-content\/files\/Porton-y-cancel-abatible-detalle-crema-800x800.png 800w\" sizes=\"(max-width: 1200px) 100vw, 1200px\" title=\"\">\t\t\t\t\t\t\t\t\t\t\t\t\t\t\t<\/div>\n\t\t\t\t<\/div>\n\t\t\t\t\t<\/div>\n\t\t\t\t<\/div>\n\t\t<div class=\"elementor-element elementor-element-2b5e661 e-flex e-con-boxed e-con e-parent\" data-id=\"2b5e661\" data-element_type=\"container\" data-e-type=\"container\">\n\t\t\t\t\t<div class=\"e-con-inner\">\n\t\t<div class=\"elementor-element elementor-element-b888417 e-con-full e-flex e-con e-child\" data-id=\"b888417\" data-element_type=\"container\" data-e-type=\"container\">\n\t\t\t\t<div class=\"elementor-element elementor-element-88c6a63 elementor-widget elementor-widget-heading\" data-id=\"88c6a63\" data-element_type=\"widget\" data-e-type=\"widget\" data-widget_type=\"heading.default\">\n\t\t\t\t\t<h3 class=\"elementor-heading-title elementor-size-default\">Options d'ouverture<\/h3>\t\t\t\t<\/div>\n\t\t\t\t<div class=\"elementor-element elementor-element-af852b3 elementor-widget elementor-widget-image\" data-id=\"af852b3\" data-element_type=\"widget\" data-e-type=\"widget\" data-widget_type=\"image.default\">\n\t\t\t\t\t\t\t\t\t\t\t\t\t\t\t<img loading=\"lazy\" decoding=\"async\" width=\"800\" height=\"250\" src=\"https:\/\/galisur.es\/wp-content\/files\/Porton-y-cancela-posibilidades-de-apertura.jpg\" class=\"attachment-full size-full wp-image-15470\" alt=\"\" srcset=\"https:\/\/galisur.es\/wp-content\/files\/Porton-y-cancela-posibilidades-de-apertura.jpg 800w, https:\/\/galisur.es\/wp-content\/files\/Porton-y-cancela-posibilidades-de-apertura-300x94.jpg 300w, https:\/\/galisur.es\/wp-content\/files\/Porton-y-cancela-posibilidades-de-apertura-768x240.jpg 768w\" sizes=\"(max-width: 800px) 100vw, 800px\" title=\"\">\t\t\t\t\t\t\t\t\t\t\t\t\t\t\t<\/div>\n\t\t\t\t<\/div>\n\t\t<div class=\"elementor-element elementor-element-d50fc7e e-con-full e-flex e-con e-child\" data-id=\"d50fc7e\" data-element_type=\"container\" data-e-type=\"container\">\n\t\t\t\t<div class=\"elementor-element elementor-element-3a5d8e8 elementor-widget elementor-widget-heading\" data-id=\"3a5d8e8\" data-element_type=\"widget\" data-e-type=\"widget\" data-widget_type=\"heading.default\">\n\t\t\t\t\t<h3 class=\"elementor-heading-title elementor-size-default\">Dimensions recommand\u00e9es<\/h3>\t\t\t\t<\/div>\n\t\t\t\t<div class=\"elementor-element elementor-element-171339f elementor-widget elementor-widget-image\" data-id=\"171339f\" data-element_type=\"widget\" data-e-type=\"widget\" data-widget_type=\"image.default\">\n\t\t\t\t\t\t\t\t\t\t\t\t\t\t\t<img loading=\"lazy\" decoding=\"async\" width=\"800\" height=\"250\" src=\"https:\/\/galisur.es\/wp-content\/files\/Porton-y-cancela-dimensiones-recomendadas-1.jpg\" class=\"attachment-full size-full wp-image-15466\" alt=\"\" srcset=\"https:\/\/galisur.es\/wp-content\/files\/Porton-y-cancela-dimensiones-recomendadas-1.jpg 800w, https:\/\/galisur.es\/wp-content\/files\/Porton-y-cancela-dimensiones-recomendadas-1-300x94.jpg 300w, https:\/\/galisur.es\/wp-content\/files\/Porton-y-cancela-dimensiones-recomendadas-1-768x240.jpg 768w\" sizes=\"(max-width: 800px) 100vw, 800px\" title=\"\">\t\t\t\t\t\t\t\t\t\t\t\t\t\t\t<\/div>\n\t\t\t\t<\/div>\n\t\t\t\t\t<\/div>\n\t\t\t\t<\/div>\n\t\t\t\t<\/div>\n\t\t","protected":false},"excerpt":{"rendered":"<p>PORTAIL ET BARRI\u00c8RE S\u00e9rie pour la fabrication de portes de garage. Possibilit\u00e9 de cr\u00e9er un volet sur la porte coulissante. Feuille de 100 mm d&rsquo;\u00e9paisseur 2,5 mm. Guide au sol en acier. Accessoire guide en aluminium. \u00c9querres en aluminium avec visserie inoxydable. Fiche technique T\u00e9l\u00e9charger Inscrivez-vous ici pour acc\u00e9der au document. Catalogue T\u00e9l\u00e9charger Inscrivez-vous ici [&hellip;]<\/p>\n","protected":false},"author":1998,"featured_media":0,"parent":17053,"menu_order":0,"comment_status":"closed","ping_status":"closed","template":"","meta":{"footnotes":""},"class_list":["post-17077","page","type-page","status-publish","hentry"],"yoast_head":"<!-- This site is optimized with the Yoast SEO plugin v27.2 - https:\/\/yoast.com\/product\/yoast-seo-wordpress\/ -->\n<title>PORTAIL ET BARRI\u00c8RE | Aluminios Galisur<\/title>\n<meta name=\"description\" content=\"PORTAIL ET BARRI\u00c8RE S\u00e9rie pour la fabrication de portes de garage. Possibilit\u00e9 de cr\u00e9er un volet sur la porte coulissante. Feuille de 100 mm d&#039;\u00e9paisseur\" \/>\n<meta name=\"robots\" content=\"index, follow, max-snippet:-1, max-image-preview:large, max-video-preview:-1\" \/>\n<link rel=\"canonical\" href=\"https:\/\/galisur.es\/fr\/fermeture-exterieure\/portail-et-barriere\/\" \/>\n<meta property=\"og:locale\" content=\"fr_FR\" \/>\n<meta property=\"og:type\" content=\"article\" \/>\n<meta property=\"og:title\" content=\"PORTAIL ET BARRI\u00c8RE | Aluminios Galisur\" \/>\n<meta property=\"og:description\" content=\"PORTAIL ET BARRI\u00c8RE S\u00e9rie pour la fabrication de portes de garage. Possibilit\u00e9 de cr\u00e9er un volet sur la porte coulissante. Feuille de 100 mm d&#039;\u00e9paisseur\" \/>\n<meta property=\"og:url\" content=\"https:\/\/galisur.es\/fr\/fermeture-exterieure\/portail-et-barriere\/\" \/>\n<meta property=\"og:site_name\" content=\"Aluminios Galisur\" \/>\n<meta property=\"article:publisher\" content=\"https:\/\/www.facebook.com\/AluminiosGalisur\" \/>\n<meta property=\"article:modified_time\" content=\"2026-03-10T11:08:11+00:00\" \/>\n<meta property=\"og:image\" content=\"https:\/\/galisur.es\/wp-content\/files\/Porton-y-cancel-corredera-crema.png\" \/>\n\t<meta property=\"og:image:width\" content=\"1200\" \/>\n\t<meta property=\"og:image:height\" content=\"1200\" \/>\n\t<meta property=\"og:image:type\" content=\"image\/png\" \/>\n<meta name=\"twitter:card\" content=\"summary_large_image\" \/>\n<meta name=\"twitter:site\" content=\"@AluminioGalisur\" \/>\n<script type=\"application\/ld+json\" class=\"yoast-schema-graph\">{\"@context\":\"https:\/\/schema.org\",\"@graph\":[{\"@type\":\"WebPage\",\"@id\":\"https:\/\/galisur.es\/fr\/fermeture-exterieure\/portail-et-barriere\/\",\"url\":\"https:\/\/galisur.es\/fr\/fermeture-exterieure\/portail-et-barriere\/\",\"name\":\"PORTAIL ET BARRI\u00c8RE | Aluminios Galisur\",\"isPartOf\":{\"@id\":\"https:\/\/galisur.es\/fr\/#website\"},\"primaryImageOfPage\":{\"@id\":\"https:\/\/galisur.es\/fr\/fermeture-exterieure\/portail-et-barriere\/#primaryimage\"},\"image\":{\"@id\":\"https:\/\/galisur.es\/fr\/fermeture-exterieure\/portail-et-barriere\/#primaryimage\"},\"thumbnailUrl\":\"https:\/\/galisur.es\/wp-content\/files\/Porton-y-cancel-corredera-crema-1024x1024.png\",\"datePublished\":\"2021-03-22T10:42:45+00:00\",\"dateModified\":\"2026-03-10T11:08:11+00:00\",\"description\":\"PORTAIL ET BARRI\u00c8RE S\u00e9rie pour la fabrication de portes de garage. Possibilit\u00e9 de cr\u00e9er un volet sur la porte coulissante. Feuille de 100 mm d'\u00e9paisseur\",\"breadcrumb\":{\"@id\":\"https:\/\/galisur.es\/fr\/fermeture-exterieure\/portail-et-barriere\/#breadcrumb\"},\"inLanguage\":\"fr-FR\",\"potentialAction\":[{\"@type\":\"ReadAction\",\"target\":[\"https:\/\/galisur.es\/fr\/fermeture-exterieure\/portail-et-barriere\/\"]}]},{\"@type\":\"ImageObject\",\"inLanguage\":\"fr-FR\",\"@id\":\"https:\/\/galisur.es\/fr\/fermeture-exterieure\/portail-et-barriere\/#primaryimage\",\"url\":\"https:\/\/galisur.es\/wp-content\/files\/Porton-y-cancel-corredera-crema-1024x1024.png\",\"contentUrl\":\"https:\/\/galisur.es\/wp-content\/files\/Porton-y-cancel-corredera-crema-1024x1024.png\"},{\"@type\":\"BreadcrumbList\",\"@id\":\"https:\/\/galisur.es\/fr\/fermeture-exterieure\/portail-et-barriere\/#breadcrumb\",\"itemListElement\":[{\"@type\":\"ListItem\",\"position\":1,\"name\":\"Portada\",\"item\":\"https:\/\/galisur.es\/fr\/\"},{\"@type\":\"ListItem\",\"position\":2,\"name\":\"Fermeture ext\u00e9rieure\",\"item\":\"https:\/\/galisur.es\/fr\/fermeture-exterieure\/\"},{\"@type\":\"ListItem\",\"position\":3,\"name\":\"PORTAIL ET BARRI\u00c8RE\"}]},{\"@type\":\"WebSite\",\"@id\":\"https:\/\/galisur.es\/fr\/#website\",\"url\":\"https:\/\/galisur.es\/fr\/\",\"name\":\"Aluminios Galisur\",\"description\":\"Aluminios Galisur\",\"publisher\":{\"@id\":\"https:\/\/galisur.es\/fr\/#organization\"},\"potentialAction\":[{\"@type\":\"SearchAction\",\"target\":{\"@type\":\"EntryPoint\",\"urlTemplate\":\"https:\/\/galisur.es\/fr\/?s={search_term_string}\"},\"query-input\":{\"@type\":\"PropertyValueSpecification\",\"valueRequired\":true,\"valueName\":\"search_term_string\"}}],\"inLanguage\":\"fr-FR\"},{\"@type\":\"Organization\",\"@id\":\"https:\/\/galisur.es\/fr\/#organization\",\"name\":\"Galisur\",\"url\":\"https:\/\/galisur.es\/fr\/\",\"logo\":{\"@type\":\"ImageObject\",\"inLanguage\":\"fr-FR\",\"@id\":\"https:\/\/galisur.es\/fr\/#\/schema\/logo\/image\/\",\"url\":\"https:\/\/galisur.es\/wp-content\/files\/2021\/03\/logo-35x15-1.png\",\"contentUrl\":\"https:\/\/galisur.es\/wp-content\/files\/2021\/03\/logo-35x15-1.png\",\"width\":370,\"height\":176,\"caption\":\"Galisur\"},\"image\":{\"@id\":\"https:\/\/galisur.es\/fr\/#\/schema\/logo\/image\/\"},\"sameAs\":[\"https:\/\/www.facebook.com\/AluminiosGalisur\",\"https:\/\/x.com\/AluminioGalisur\"]}]}<\/script>\n<!-- \/ Yoast SEO plugin. -->","yoast_head_json":{"title":"PORTAIL ET BARRI\u00c8RE | Aluminios Galisur","description":"PORTAIL ET BARRI\u00c8RE S\u00e9rie pour la fabrication de portes de garage. Possibilit\u00e9 de cr\u00e9er un volet sur la porte coulissante. Feuille de 100 mm d'\u00e9paisseur","robots":{"index":"index","follow":"follow","max-snippet":"max-snippet:-1","max-image-preview":"max-image-preview:large","max-video-preview":"max-video-preview:-1"},"canonical":"https:\/\/galisur.es\/fr\/fermeture-exterieure\/portail-et-barriere\/","og_locale":"fr_FR","og_type":"article","og_title":"PORTAIL ET BARRI\u00c8RE | Aluminios Galisur","og_description":"PORTAIL ET BARRI\u00c8RE S\u00e9rie pour la fabrication de portes de garage. Possibilit\u00e9 de cr\u00e9er un volet sur la porte coulissante. Feuille de 100 mm d'\u00e9paisseur","og_url":"https:\/\/galisur.es\/fr\/fermeture-exterieure\/portail-et-barriere\/","og_site_name":"Aluminios Galisur","article_publisher":"https:\/\/www.facebook.com\/AluminiosGalisur","article_modified_time":"2026-03-10T11:08:11+00:00","og_image":[{"width":1200,"height":1200,"url":"https:\/\/galisur.es\/wp-content\/files\/Porton-y-cancel-corredera-crema.png","type":"image\/png"}],"twitter_card":"summary_large_image","twitter_site":"@AluminioGalisur","schema":{"@context":"https:\/\/schema.org","@graph":[{"@type":"WebPage","@id":"https:\/\/galisur.es\/fr\/fermeture-exterieure\/portail-et-barriere\/","url":"https:\/\/galisur.es\/fr\/fermeture-exterieure\/portail-et-barriere\/","name":"PORTAIL ET BARRI\u00c8RE | Aluminios Galisur","isPartOf":{"@id":"https:\/\/galisur.es\/fr\/#website"},"primaryImageOfPage":{"@id":"https:\/\/galisur.es\/fr\/fermeture-exterieure\/portail-et-barriere\/#primaryimage"},"image":{"@id":"https:\/\/galisur.es\/fr\/fermeture-exterieure\/portail-et-barriere\/#primaryimage"},"thumbnailUrl":"https:\/\/galisur.es\/wp-content\/files\/Porton-y-cancel-corredera-crema-1024x1024.png","datePublished":"2021-03-22T10:42:45+00:00","dateModified":"2026-03-10T11:08:11+00:00","description":"PORTAIL ET BARRI\u00c8RE S\u00e9rie pour la fabrication de portes de garage. Possibilit\u00e9 de cr\u00e9er un volet sur la porte coulissante. Feuille de 100 mm d'\u00e9paisseur","breadcrumb":{"@id":"https:\/\/galisur.es\/fr\/fermeture-exterieure\/portail-et-barriere\/#breadcrumb"},"inLanguage":"fr-FR","potentialAction":[{"@type":"ReadAction","target":["https:\/\/galisur.es\/fr\/fermeture-exterieure\/portail-et-barriere\/"]}]},{"@type":"ImageObject","inLanguage":"fr-FR","@id":"https:\/\/galisur.es\/fr\/fermeture-exterieure\/portail-et-barriere\/#primaryimage","url":"https:\/\/galisur.es\/wp-content\/files\/Porton-y-cancel-corredera-crema-1024x1024.png","contentUrl":"https:\/\/galisur.es\/wp-content\/files\/Porton-y-cancel-corredera-crema-1024x1024.png"},{"@type":"BreadcrumbList","@id":"https:\/\/galisur.es\/fr\/fermeture-exterieure\/portail-et-barriere\/#breadcrumb","itemListElement":[{"@type":"ListItem","position":1,"name":"Portada","item":"https:\/\/galisur.es\/fr\/"},{"@type":"ListItem","position":2,"name":"Fermeture ext\u00e9rieure","item":"https:\/\/galisur.es\/fr\/fermeture-exterieure\/"},{"@type":"ListItem","position":3,"name":"PORTAIL ET BARRI\u00c8RE"}]},{"@type":"WebSite","@id":"https:\/\/galisur.es\/fr\/#website","url":"https:\/\/galisur.es\/fr\/","name":"Aluminios Galisur","description":"Aluminios Galisur","publisher":{"@id":"https:\/\/galisur.es\/fr\/#organization"},"potentialAction":[{"@type":"SearchAction","target":{"@type":"EntryPoint","urlTemplate":"https:\/\/galisur.es\/fr\/?s={search_term_string}"},"query-input":{"@type":"PropertyValueSpecification","valueRequired":true,"valueName":"search_term_string"}}],"inLanguage":"fr-FR"},{"@type":"Organization","@id":"https:\/\/galisur.es\/fr\/#organization","name":"Galisur","url":"https:\/\/galisur.es\/fr\/","logo":{"@type":"ImageObject","inLanguage":"fr-FR","@id":"https:\/\/galisur.es\/fr\/#\/schema\/logo\/image\/","url":"https:\/\/galisur.es\/wp-content\/files\/2021\/03\/logo-35x15-1.png","contentUrl":"https:\/\/galisur.es\/wp-content\/files\/2021\/03\/logo-35x15-1.png","width":370,"height":176,"caption":"Galisur"},"image":{"@id":"https:\/\/galisur.es\/fr\/#\/schema\/logo\/image\/"},"sameAs":["https:\/\/www.facebook.com\/AluminiosGalisur","https:\/\/x.com\/AluminioGalisur"]}]}},"_links":{"self":[{"href":"https:\/\/galisur.es\/fr\/wp-json\/wp\/v2\/pages\/17077","targetHints":{"allow":["GET"]}}],"collection":[{"href":"https:\/\/galisur.es\/fr\/wp-json\/wp\/v2\/pages"}],"about":[{"href":"https:\/\/galisur.es\/fr\/wp-json\/wp\/v2\/types\/page"}],"author":[{"embeddable":true,"href":"https:\/\/galisur.es\/fr\/wp-json\/wp\/v2\/users\/1998"}],"replies":[{"embeddable":true,"href":"https:\/\/galisur.es\/fr\/wp-json\/wp\/v2\/comments?post=17077"}],"version-history":[{"count":4,"href":"https:\/\/galisur.es\/fr\/wp-json\/wp\/v2\/pages\/17077\/revisions"}],"predecessor-version":[{"id":20724,"href":"https:\/\/galisur.es\/fr\/wp-json\/wp\/v2\/pages\/17077\/revisions\/20724"}],"up":[{"embeddable":true,"href":"https:\/\/galisur.es\/fr\/wp-json\/wp\/v2\/pages\/17053"}],"wp:attachment":[{"href":"https:\/\/galisur.es\/fr\/wp-json\/wp\/v2\/media?parent=17077"}],"curies":[{"name":"wp","href":"https:\/\/api.w.org\/{rel}","templated":true}]}}