{"id":17069,"date":"2025-02-04T08:33:25","date_gmt":"2025-02-04T07:33:25","guid":{"rendered":"https:\/\/nervous-gagarin.141-94-206-129.plesk.page\/fermeture-exterieure\/omega\/"},"modified":"2025-06-21T18:27:52","modified_gmt":"2025-06-21T16:27:52","slug":"omega","status":"publish","type":"page","link":"https:\/\/galisur.es\/fr\/fermeture-exterieure\/omega\/","title":{"rendered":"Omega"},"content":{"rendered":"\t\t<div data-elementor-type=\"wp-page\" data-elementor-id=\"17069\" class=\"elementor elementor-17069 elementor-13541\" data-elementor-post-type=\"page\">\n\t\t\t\t<div class=\"elementor-element elementor-element-c1b9fda e-flex e-con-boxed e-con e-parent\" data-id=\"c1b9fda\" data-element_type=\"container\" data-e-type=\"container\">\n\t\t\t\t\t<div class=\"e-con-inner\">\n\t\t<div class=\"elementor-element elementor-element-322d936 e-con-full e-flex e-con e-child\" data-id=\"322d936\" data-element_type=\"container\" data-e-type=\"container\">\n\t\t\t\t<div class=\"elementor-element elementor-element-1c1c91d elementor-widget elementor-widget-image\" data-id=\"1c1c91d\" data-element_type=\"widget\" data-e-type=\"widget\" data-widget_type=\"image.default\">\n\t\t\t\t\t\t\t\t\t\t\t\t\t\t\t<img fetchpriority=\"high\" decoding=\"async\" width=\"1990\" height=\"1990\" src=\"https:\/\/galisur.es\/wp-content\/files\/REVESTIMIENTO.124.png\" class=\"attachment-full size-full wp-image-16758\" alt=\"\" srcset=\"https:\/\/galisur.es\/wp-content\/files\/REVESTIMIENTO.124.png 1990w, https:\/\/galisur.es\/wp-content\/files\/REVESTIMIENTO.124-300x300.png 300w, https:\/\/galisur.es\/wp-content\/files\/REVESTIMIENTO.124-1024x1024.png 1024w, https:\/\/galisur.es\/wp-content\/files\/REVESTIMIENTO.124-150x150.png 150w, https:\/\/galisur.es\/wp-content\/files\/REVESTIMIENTO.124-768x768.png 768w, https:\/\/galisur.es\/wp-content\/files\/REVESTIMIENTO.124-1536x1536.png 1536w, https:\/\/galisur.es\/wp-content\/files\/REVESTIMIENTO.124-800x800.png 800w\" sizes=\"(max-width: 1990px) 100vw, 1990px\" title=\"\">\t\t\t\t\t\t\t\t\t\t\t\t\t\t\t<\/div>\n\t\t\t\t<\/div>\n\t\t<div class=\"elementor-element elementor-element-b036b73 e-con-full e-flex e-con e-child\" data-id=\"b036b73\" data-element_type=\"container\" data-e-type=\"container\">\n\t\t\t\t<div class=\"elementor-element elementor-element-d19934f elementor-widget elementor-widget-heading\" data-id=\"d19934f\" data-element_type=\"widget\" data-e-type=\"widget\" data-widget_type=\"heading.default\">\n\t\t\t\t\t<h1 class=\"elementor-heading-title elementor-size-default\">Omega<\/h1>\t\t\t\t<\/div>\n\t\t\t\t<div class=\"elementor-element elementor-element-7cdd3a3 elementor-widget elementor-widget-text-editor\" data-id=\"7cdd3a3\" data-element_type=\"widget\" data-e-type=\"widget\" data-widget_type=\"text-editor.default\">\n\t\t\t\t\t\t\t\t\t<p>La s\u00e9rie Omega a \u00e9t\u00e9 d\u00e9velopp\u00e9e pour apporter une finition sophistiqu\u00e9e \u00e0 tous types de projets architecturaux, des habitations aux b\u00e2timents commerciaux. Fabriqu\u00e9e \u00e0 partir de profil\u00e9s en aluminium haute r\u00e9sistance, cette solution est id\u00e9ale pour tous les types de climats et les expositions prolong\u00e9es aux intemp\u00e9ries, garantissant une durabilit\u00e9 exceptionnelle sans compromettre le design. De plus, gr\u00e2ce \u00e0 son syst\u00e8me modulaire, il permet une installation rapide et efficace, optimisant ainsi les d\u00e9lais de construction et r\u00e9duisant les co\u00fbts.<\/p><p>Caract\u00e9ristiques : <\/p><ul><li dir=\"auto\">Profil\u00e9s en aluminium haute r\u00e9sistance, id\u00e9aux pour tous les types de climat<\/li><li dir=\"auto\">Finitions personnalisables avec une large gamme de couleurs.<\/li><li dir=\"auto\">Syst\u00e8me modulaire \u00e0 installation rapide qui optimise les d\u00e9lais et r\u00e9duit les co\u00fbts.<\/li><li dir=\"auto\">Possibilit\u00e9 d&rsquo;installer des bandes LED<\/li><li dir=\"auto\">Propri\u00e9t\u00e9s isolantes thermiques et acoustiques qui am\u00e9liorent l&rsquo;efficacit\u00e9 \u00e9nerg\u00e9tique et le confort int\u00e9rieur.<\/li><\/ul>\t\t\t\t\t\t\t\t<\/div>\n\t\t\t\t<\/div>\n\t\t\t\t\t<\/div>\n\t\t\t\t<\/div>\n\t\t<div class=\"elementor-element elementor-element-70f2d06 e-flex e-con-boxed e-con e-parent\" data-id=\"70f2d06\" data-element_type=\"container\" data-e-type=\"container\" data-settings=\"{&quot;background_background&quot;:&quot;classic&quot;}\">\n\t\t\t\t\t<div class=\"e-con-inner\">\n\t\t<div class=\"elementor-element elementor-element-4a289a0 e-con-full e-flex e-con e-child\" data-id=\"4a289a0\" data-element_type=\"container\" data-e-type=\"container\">\n\t\t\t\t<div class=\"elementor-element elementor-element-43b1a6f elementor-widget elementor-widget-heading\" data-id=\"43b1a6f\" data-element_type=\"widget\" data-e-type=\"widget\" data-widget_type=\"heading.default\">\n\t\t\t\t\t<p class=\"elementor-heading-title elementor-size-default\">Fiche technique<\/p>\t\t\t\t<\/div>\n\t\t\t\t<div class=\"elementor-element elementor-element-320b600 elementor-widget elementor-widget-text-editor\" data-id=\"320b600\" data-element_type=\"widget\" data-e-type=\"widget\" data-widget_type=\"text-editor.default\">\n\t\t\t\t\t\t\t\t\t<p><a href=\"https:\/\/galisur.es\/registro\/\">Inscrivez-vous ici<\/a> pour acc\u00e9der au document.<\/p>\t\t\t\t\t\t\t\t<\/div>\n\t\t\t\t<\/div>\n\t\t<div class=\"elementor-element elementor-element-8a40819 e-con-full e-flex e-con e-child\" data-id=\"8a40819\" data-element_type=\"container\" data-e-type=\"container\">\n\t\t\t\t<div class=\"elementor-element elementor-element-2959d72 elementor-widget elementor-widget-heading\" data-id=\"2959d72\" data-element_type=\"widget\" data-e-type=\"widget\" data-widget_type=\"heading.default\">\n\t\t\t\t\t<p class=\"elementor-heading-title elementor-size-default\">Catalogue<\/p>\t\t\t\t<\/div>\n\t\t\t\t<div class=\"elementor-element elementor-element-0d01171 elementor-widget elementor-widget-text-editor\" data-id=\"0d01171\" data-element_type=\"widget\" data-e-type=\"widget\" data-widget_type=\"text-editor.default\">\n\t\t\t\t\t\t\t\t\t<p><a href=\"https:\/\/galisur.es\/registro\/\">Inscrivez-vous ici<\/a> pour acc\u00e9der au document.<\/p>\t\t\t\t\t\t\t\t<\/div>\n\t\t\t\t<\/div>\n\t\t\t\t\t<\/div>\n\t\t\t\t<\/div>\n\t\t\t\t<\/div>\n\t\t","protected":false},"excerpt":{"rendered":"<p>Omega La s\u00e9rie Omega a \u00e9t\u00e9 d\u00e9velopp\u00e9e pour apporter une finition sophistiqu\u00e9e \u00e0 tous types de projets architecturaux, des habitations aux b\u00e2timents commerciaux. Fabriqu\u00e9e \u00e0 partir de profil\u00e9s en aluminium haute r\u00e9sistance, cette solution est id\u00e9ale pour tous les types de climats et les expositions prolong\u00e9es aux intemp\u00e9ries, garantissant une durabilit\u00e9 exceptionnelle sans compromettre le [&hellip;]<\/p>\n","protected":false},"author":18,"featured_media":0,"parent":17053,"menu_order":0,"comment_status":"closed","ping_status":"closed","template":"","meta":{"footnotes":""},"class_list":["post-17069","page","type-page","status-publish","hentry"],"yoast_head":"<!-- This site is optimized with the Yoast SEO plugin v27.2 - https:\/\/yoast.com\/product\/yoast-seo-wordpress\/ -->\n<title>Omega | Aluminios Galisur<\/title>\n<meta name=\"description\" content=\"Omega La s\u00e9rie Omega a \u00e9t\u00e9 d\u00e9velopp\u00e9e pour apporter une finition sophistiqu\u00e9e \u00e0 tous types de projets architecturaux, des habitations aux b\u00e2timents\" \/>\n<meta name=\"robots\" content=\"index, follow, max-snippet:-1, max-image-preview:large, max-video-preview:-1\" \/>\n<link rel=\"canonical\" href=\"https:\/\/galisur.es\/fr\/fermeture-exterieure\/omega\/\" \/>\n<meta property=\"og:locale\" content=\"fr_FR\" \/>\n<meta property=\"og:type\" content=\"article\" \/>\n<meta property=\"og:title\" content=\"Omega | Aluminios Galisur\" \/>\n<meta property=\"og:description\" content=\"Omega La s\u00e9rie Omega a \u00e9t\u00e9 d\u00e9velopp\u00e9e pour apporter une finition sophistiqu\u00e9e \u00e0 tous types de projets architecturaux, des habitations aux b\u00e2timents\" \/>\n<meta property=\"og:url\" content=\"https:\/\/galisur.es\/fr\/fermeture-exterieure\/omega\/\" \/>\n<meta property=\"og:site_name\" content=\"Aluminios Galisur\" \/>\n<meta property=\"article:publisher\" content=\"https:\/\/www.facebook.com\/AluminiosGalisur\" \/>\n<meta property=\"article:modified_time\" content=\"2025-06-21T16:27:52+00:00\" \/>\n<meta property=\"og:image\" content=\"https:\/\/galisur.es\/wp-content\/uploads\/REVESTIMIENTO.124.png\" \/>\n<meta name=\"twitter:card\" content=\"summary_large_image\" \/>\n<meta name=\"twitter:site\" content=\"@AluminioGalisur\" \/>\n<meta name=\"twitter:label1\" content=\"Dur\u00e9e de lecture estim\u00e9e\" \/>\n\t<meta name=\"twitter:data1\" content=\"1 minute\" \/>\n<script type=\"application\/ld+json\" class=\"yoast-schema-graph\">{\"@context\":\"https:\/\/schema.org\",\"@graph\":[{\"@type\":\"WebPage\",\"@id\":\"https:\/\/galisur.es\/fr\/fermeture-exterieure\/omega\/\",\"url\":\"https:\/\/galisur.es\/fr\/fermeture-exterieure\/omega\/\",\"name\":\"Omega | Aluminios Galisur\",\"isPartOf\":{\"@id\":\"https:\/\/galisur.es\/fr\/#website\"},\"primaryImageOfPage\":{\"@id\":\"https:\/\/galisur.es\/fr\/fermeture-exterieure\/omega\/#primaryimage\"},\"image\":{\"@id\":\"https:\/\/galisur.es\/fr\/fermeture-exterieure\/omega\/#primaryimage\"},\"thumbnailUrl\":\"https:\/\/galisur.es\/wp-content\/uploads\/REVESTIMIENTO.124.png\",\"datePublished\":\"2025-02-04T07:33:25+00:00\",\"dateModified\":\"2025-06-21T16:27:52+00:00\",\"description\":\"Omega La s\u00e9rie Omega a \u00e9t\u00e9 d\u00e9velopp\u00e9e pour apporter une finition sophistiqu\u00e9e \u00e0 tous types de projets architecturaux, des habitations aux b\u00e2timents\",\"breadcrumb\":{\"@id\":\"https:\/\/galisur.es\/fr\/fermeture-exterieure\/omega\/#breadcrumb\"},\"inLanguage\":\"fr-FR\",\"potentialAction\":[{\"@type\":\"ReadAction\",\"target\":[\"https:\/\/galisur.es\/fr\/fermeture-exterieure\/omega\/\"]}]},{\"@type\":\"ImageObject\",\"inLanguage\":\"fr-FR\",\"@id\":\"https:\/\/galisur.es\/fr\/fermeture-exterieure\/omega\/#primaryimage\",\"url\":\"https:\/\/galisur.es\/wp-content\/uploads\/REVESTIMIENTO.124.png\",\"contentUrl\":\"https:\/\/galisur.es\/wp-content\/uploads\/REVESTIMIENTO.124.png\"},{\"@type\":\"BreadcrumbList\",\"@id\":\"https:\/\/galisur.es\/fr\/fermeture-exterieure\/omega\/#breadcrumb\",\"itemListElement\":[{\"@type\":\"ListItem\",\"position\":1,\"name\":\"Portada\",\"item\":\"https:\/\/galisur.es\/fr\/\"},{\"@type\":\"ListItem\",\"position\":2,\"name\":\"Fermeture ext\u00e9rieure\",\"item\":\"https:\/\/galisur.es\/fr\/fermeture-exterieure\/\"},{\"@type\":\"ListItem\",\"position\":3,\"name\":\"Omega\"}]},{\"@type\":\"WebSite\",\"@id\":\"https:\/\/galisur.es\/fr\/#website\",\"url\":\"https:\/\/galisur.es\/fr\/\",\"name\":\"Aluminios Galisur\",\"description\":\"Aluminios Galisur\",\"publisher\":{\"@id\":\"https:\/\/galisur.es\/fr\/#organization\"},\"potentialAction\":[{\"@type\":\"SearchAction\",\"target\":{\"@type\":\"EntryPoint\",\"urlTemplate\":\"https:\/\/galisur.es\/fr\/?s={search_term_string}\"},\"query-input\":{\"@type\":\"PropertyValueSpecification\",\"valueRequired\":true,\"valueName\":\"search_term_string\"}}],\"inLanguage\":\"fr-FR\"},{\"@type\":\"Organization\",\"@id\":\"https:\/\/galisur.es\/fr\/#organization\",\"name\":\"Galisur\",\"url\":\"https:\/\/galisur.es\/fr\/\",\"logo\":{\"@type\":\"ImageObject\",\"inLanguage\":\"fr-FR\",\"@id\":\"https:\/\/galisur.es\/fr\/#\/schema\/logo\/image\/\",\"url\":\"https:\/\/galisur.es\/wp-content\/files\/2021\/03\/logo-35x15-1.png\",\"contentUrl\":\"https:\/\/galisur.es\/wp-content\/files\/2021\/03\/logo-35x15-1.png\",\"width\":370,\"height\":176,\"caption\":\"Galisur\"},\"image\":{\"@id\":\"https:\/\/galisur.es\/fr\/#\/schema\/logo\/image\/\"},\"sameAs\":[\"https:\/\/www.facebook.com\/AluminiosGalisur\",\"https:\/\/x.com\/AluminioGalisur\"]}]}<\/script>\n<!-- \/ Yoast SEO plugin. -->","yoast_head_json":{"title":"Omega | Aluminios Galisur","description":"Omega La s\u00e9rie Omega a \u00e9t\u00e9 d\u00e9velopp\u00e9e pour apporter une finition sophistiqu\u00e9e \u00e0 tous types de projets architecturaux, des habitations aux b\u00e2timents","robots":{"index":"index","follow":"follow","max-snippet":"max-snippet:-1","max-image-preview":"max-image-preview:large","max-video-preview":"max-video-preview:-1"},"canonical":"https:\/\/galisur.es\/fr\/fermeture-exterieure\/omega\/","og_locale":"fr_FR","og_type":"article","og_title":"Omega | Aluminios Galisur","og_description":"Omega La s\u00e9rie Omega a \u00e9t\u00e9 d\u00e9velopp\u00e9e pour apporter une finition sophistiqu\u00e9e \u00e0 tous types de projets architecturaux, des habitations aux b\u00e2timents","og_url":"https:\/\/galisur.es\/fr\/fermeture-exterieure\/omega\/","og_site_name":"Aluminios Galisur","article_publisher":"https:\/\/www.facebook.com\/AluminiosGalisur","article_modified_time":"2025-06-21T16:27:52+00:00","og_image":[{"url":"https:\/\/galisur.es\/wp-content\/uploads\/REVESTIMIENTO.124.png","type":"","width":"","height":""}],"twitter_card":"summary_large_image","twitter_site":"@AluminioGalisur","twitter_misc":{"Dur\u00e9e de lecture estim\u00e9e":"1 minute"},"schema":{"@context":"https:\/\/schema.org","@graph":[{"@type":"WebPage","@id":"https:\/\/galisur.es\/fr\/fermeture-exterieure\/omega\/","url":"https:\/\/galisur.es\/fr\/fermeture-exterieure\/omega\/","name":"Omega | Aluminios Galisur","isPartOf":{"@id":"https:\/\/galisur.es\/fr\/#website"},"primaryImageOfPage":{"@id":"https:\/\/galisur.es\/fr\/fermeture-exterieure\/omega\/#primaryimage"},"image":{"@id":"https:\/\/galisur.es\/fr\/fermeture-exterieure\/omega\/#primaryimage"},"thumbnailUrl":"https:\/\/galisur.es\/wp-content\/uploads\/REVESTIMIENTO.124.png","datePublished":"2025-02-04T07:33:25+00:00","dateModified":"2025-06-21T16:27:52+00:00","description":"Omega La s\u00e9rie Omega a \u00e9t\u00e9 d\u00e9velopp\u00e9e pour apporter une finition sophistiqu\u00e9e \u00e0 tous types de projets architecturaux, des habitations aux b\u00e2timents","breadcrumb":{"@id":"https:\/\/galisur.es\/fr\/fermeture-exterieure\/omega\/#breadcrumb"},"inLanguage":"fr-FR","potentialAction":[{"@type":"ReadAction","target":["https:\/\/galisur.es\/fr\/fermeture-exterieure\/omega\/"]}]},{"@type":"ImageObject","inLanguage":"fr-FR","@id":"https:\/\/galisur.es\/fr\/fermeture-exterieure\/omega\/#primaryimage","url":"https:\/\/galisur.es\/wp-content\/uploads\/REVESTIMIENTO.124.png","contentUrl":"https:\/\/galisur.es\/wp-content\/uploads\/REVESTIMIENTO.124.png"},{"@type":"BreadcrumbList","@id":"https:\/\/galisur.es\/fr\/fermeture-exterieure\/omega\/#breadcrumb","itemListElement":[{"@type":"ListItem","position":1,"name":"Portada","item":"https:\/\/galisur.es\/fr\/"},{"@type":"ListItem","position":2,"name":"Fermeture ext\u00e9rieure","item":"https:\/\/galisur.es\/fr\/fermeture-exterieure\/"},{"@type":"ListItem","position":3,"name":"Omega"}]},{"@type":"WebSite","@id":"https:\/\/galisur.es\/fr\/#website","url":"https:\/\/galisur.es\/fr\/","name":"Aluminios Galisur","description":"Aluminios Galisur","publisher":{"@id":"https:\/\/galisur.es\/fr\/#organization"},"potentialAction":[{"@type":"SearchAction","target":{"@type":"EntryPoint","urlTemplate":"https:\/\/galisur.es\/fr\/?s={search_term_string}"},"query-input":{"@type":"PropertyValueSpecification","valueRequired":true,"valueName":"search_term_string"}}],"inLanguage":"fr-FR"},{"@type":"Organization","@id":"https:\/\/galisur.es\/fr\/#organization","name":"Galisur","url":"https:\/\/galisur.es\/fr\/","logo":{"@type":"ImageObject","inLanguage":"fr-FR","@id":"https:\/\/galisur.es\/fr\/#\/schema\/logo\/image\/","url":"https:\/\/galisur.es\/wp-content\/files\/2021\/03\/logo-35x15-1.png","contentUrl":"https:\/\/galisur.es\/wp-content\/files\/2021\/03\/logo-35x15-1.png","width":370,"height":176,"caption":"Galisur"},"image":{"@id":"https:\/\/galisur.es\/fr\/#\/schema\/logo\/image\/"},"sameAs":["https:\/\/www.facebook.com\/AluminiosGalisur","https:\/\/x.com\/AluminioGalisur"]}]}},"_links":{"self":[{"href":"https:\/\/galisur.es\/fr\/wp-json\/wp\/v2\/pages\/17069","targetHints":{"allow":["GET"]}}],"collection":[{"href":"https:\/\/galisur.es\/fr\/wp-json\/wp\/v2\/pages"}],"about":[{"href":"https:\/\/galisur.es\/fr\/wp-json\/wp\/v2\/types\/page"}],"author":[{"embeddable":true,"href":"https:\/\/galisur.es\/fr\/wp-json\/wp\/v2\/users\/18"}],"replies":[{"embeddable":true,"href":"https:\/\/galisur.es\/fr\/wp-json\/wp\/v2\/comments?post=17069"}],"version-history":[{"count":1,"href":"https:\/\/galisur.es\/fr\/wp-json\/wp\/v2\/pages\/17069\/revisions"}],"predecessor-version":[{"id":17070,"href":"https:\/\/galisur.es\/fr\/wp-json\/wp\/v2\/pages\/17069\/revisions\/17070"}],"up":[{"embeddable":true,"href":"https:\/\/galisur.es\/fr\/wp-json\/wp\/v2\/pages\/17053"}],"wp:attachment":[{"href":"https:\/\/galisur.es\/fr\/wp-json\/wp\/v2\/media?parent=17069"}],"curies":[{"name":"wp","href":"https:\/\/api.w.org\/{rel}","templated":true}]}}