{"id":17053,"date":"2024-04-22T08:28:29","date_gmt":"2024-04-22T06:28:29","guid":{"rendered":"https:\/\/nervous-gagarin.141-94-206-129.plesk.page\/fermeture-exterieure\/"},"modified":"2025-11-03T12:49:06","modified_gmt":"2025-11-03T11:49:06","slug":"fermeture-exterieure","status":"publish","type":"page","link":"https:\/\/galisur.es\/fr\/fermeture-exterieure\/","title":{"rendered":"Fermeture ext\u00e9rieure"},"content":{"rendered":"\t\t<div data-elementor-type=\"wp-page\" data-elementor-id=\"17053\" class=\"elementor elementor-17053 elementor-13387\" data-elementor-post-type=\"page\">\n\t\t\t\t<div class=\"elementor-element elementor-element-03f7fbc e-flex e-con-boxed e-con e-parent\" data-id=\"03f7fbc\" data-element_type=\"container\" data-e-type=\"container\" data-settings=\"{&quot;background_background&quot;:&quot;classic&quot;}\">\n\t\t\t\t\t<div class=\"e-con-inner\">\n\t\t\t\t<div class=\"elementor-element elementor-element-0609aca elementor-widget elementor-widget-heading\" data-id=\"0609aca\" data-element_type=\"widget\" data-e-type=\"widget\" data-widget_type=\"heading.default\">\n\t\t\t\t\t<h1 class=\"elementor-heading-title elementor-size-default\">Fermeture ext\u00e9rieure<\/h1>\t\t\t\t<\/div>\n\t\t\t\t\t<\/div>\n\t\t\t\t<\/div>\n\t\t<div class=\"elementor-element elementor-element-44b1782 e-flex e-con-boxed e-con e-parent\" data-id=\"44b1782\" data-element_type=\"container\" data-e-type=\"container\">\n\t\t\t\t\t<div class=\"e-con-inner\">\n\t\t<a class=\"elementor-element elementor-element-86270c7 e-con-full e-flex e-con e-child\" data-id=\"86270c7\" data-element_type=\"container\" data-e-type=\"container\" href=\"https:\/\/galisur.es\/cerramiento-exterior\/muro-cortina\/\">\n\t\t\t\t<div class=\"elementor-element elementor-element-538f752 elementor-widget elementor-widget-heading\" data-id=\"538f752\" data-element_type=\"widget\" data-e-type=\"widget\" data-widget_type=\"heading.default\">\n\t\t\t\t\t<h3 class=\"elementor-heading-title elementor-size-default\">Mur-rideau<\/h3>\t\t\t\t<\/div>\n\t\t<div class=\"elementor-element elementor-element-60d7456 e-con-full e-flex e-con e-child\" data-id=\"60d7456\" data-element_type=\"container\" data-e-type=\"container\">\n\t\t\t\t<div class=\"elementor-element elementor-element-724a888 elementor-widget elementor-widget-image\" data-id=\"724a888\" data-element_type=\"widget\" data-e-type=\"widget\" data-widget_type=\"image.default\">\n\t\t\t\t\t\t\t\t\t\t\t\t\t\t\t<img fetchpriority=\"high\" decoding=\"async\" width=\"1200\" height=\"1200\" src=\"https:\/\/galisur.es\/wp-content\/files\/MC55-crema.png\" class=\"elementor-animation-grow attachment-full size-full wp-image-16686\" alt=\"\" srcset=\"https:\/\/galisur.es\/wp-content\/files\/MC55-crema.png 1200w, https:\/\/galisur.es\/wp-content\/files\/MC55-crema-300x300.png 300w, https:\/\/galisur.es\/wp-content\/files\/MC55-crema-1024x1024.png 1024w, https:\/\/galisur.es\/wp-content\/files\/MC55-crema-150x150.png 150w, https:\/\/galisur.es\/wp-content\/files\/MC55-crema-768x768.png 768w, https:\/\/galisur.es\/wp-content\/files\/MC55-crema-800x800.png 800w\" sizes=\"(max-width: 1200px) 100vw, 1200px\" title=\"\">\t\t\t\t\t\t\t\t\t\t\t\t\t\t\t<\/div>\n\t\t\t\t<\/div>\n\t\t\t\t<\/a>\n\t\t<a class=\"elementor-element elementor-element-52174c8 e-con-full e-flex e-con e-child\" data-id=\"52174c8\" data-element_type=\"container\" data-e-type=\"container\" href=\"https:\/\/galisur.es\/cerramiento-exterior\/porton-y-cancel\/\">\n\t\t\t\t<div class=\"elementor-element elementor-element-7dabdab elementor-widget elementor-widget-heading\" data-id=\"7dabdab\" data-element_type=\"widget\" data-e-type=\"widget\" data-widget_type=\"heading.default\">\n\t\t\t\t\t<h3 class=\"elementor-heading-title elementor-size-default\">Portail et portillon<\/h3>\t\t\t\t<\/div>\n\t\t<div class=\"elementor-element elementor-element-5f0dc2e e-con-full e-flex e-con e-child\" data-id=\"5f0dc2e\" data-element_type=\"container\" data-e-type=\"container\">\n\t\t\t\t<div class=\"elementor-element elementor-element-86b93b4 elementor-widget elementor-widget-image\" data-id=\"86b93b4\" data-element_type=\"widget\" data-e-type=\"widget\" data-widget_type=\"image.default\">\n\t\t\t\t\t\t\t\t\t\t\t\t\t\t\t<img decoding=\"async\" width=\"1200\" height=\"1200\" src=\"https:\/\/galisur.es\/wp-content\/files\/Porton-y-cancel-abatible-crema.png\" class=\"elementor-animation-grow attachment-full size-full wp-image-16690\" alt=\"\" srcset=\"https:\/\/galisur.es\/wp-content\/files\/Porton-y-cancel-abatible-crema.png 1200w, https:\/\/galisur.es\/wp-content\/files\/Porton-y-cancel-abatible-crema-300x300.png 300w, https:\/\/galisur.es\/wp-content\/files\/Porton-y-cancel-abatible-crema-1024x1024.png 1024w, https:\/\/galisur.es\/wp-content\/files\/Porton-y-cancel-abatible-crema-150x150.png 150w, https:\/\/galisur.es\/wp-content\/files\/Porton-y-cancel-abatible-crema-768x768.png 768w, https:\/\/galisur.es\/wp-content\/files\/Porton-y-cancel-abatible-crema-800x800.png 800w\" sizes=\"(max-width: 1200px) 100vw, 1200px\" title=\"\">\t\t\t\t\t\t\t\t\t\t\t\t\t\t\t<\/div>\n\t\t\t\t<\/div>\n\t\t\t\t<\/a>\n\t\t<a class=\"elementor-element elementor-element-afaf036 e-con-full e-flex e-con e-child\" data-id=\"afaf036\" data-element_type=\"container\" data-e-type=\"container\" href=\"https:\/\/galisur.es\/cerramiento-exterior\/omega\/\">\n\t\t\t\t<div class=\"elementor-element elementor-element-af500c8 elementor-widget elementor-widget-heading\" data-id=\"af500c8\" data-element_type=\"widget\" data-e-type=\"widget\" data-widget_type=\"heading.default\">\n\t\t\t\t\t<h3 class=\"elementor-heading-title elementor-size-default\">Rev\u00eatement omega<\/h3>\t\t\t\t<\/div>\n\t\t<div class=\"elementor-element elementor-element-3e35e67 e-con-full e-flex e-con e-child\" data-id=\"3e35e67\" data-element_type=\"container\" data-e-type=\"container\">\n\t\t\t\t<div class=\"elementor-element elementor-element-8d6a703 elementor-widget elementor-widget-image\" data-id=\"8d6a703\" data-element_type=\"widget\" data-e-type=\"widget\" data-widget_type=\"image.default\">\n\t\t\t\t\t\t\t\t\t\t\t\t\t\t\t<img decoding=\"async\" width=\"1990\" height=\"1990\" src=\"https:\/\/galisur.es\/wp-content\/files\/REVESTIMIENTO.124.png\" class=\"elementor-animation-grow attachment-full size-full wp-image-16758\" alt=\"\" srcset=\"https:\/\/galisur.es\/wp-content\/files\/REVESTIMIENTO.124.png 1990w, https:\/\/galisur.es\/wp-content\/files\/REVESTIMIENTO.124-300x300.png 300w, https:\/\/galisur.es\/wp-content\/files\/REVESTIMIENTO.124-1024x1024.png 1024w, https:\/\/galisur.es\/wp-content\/files\/REVESTIMIENTO.124-150x150.png 150w, https:\/\/galisur.es\/wp-content\/files\/REVESTIMIENTO.124-768x768.png 768w, https:\/\/galisur.es\/wp-content\/files\/REVESTIMIENTO.124-1536x1536.png 1536w, https:\/\/galisur.es\/wp-content\/files\/REVESTIMIENTO.124-800x800.png 800w\" sizes=\"(max-width: 1990px) 100vw, 1990px\" title=\"\">\t\t\t\t\t\t\t\t\t\t\t\t\t\t\t<\/div>\n\t\t\t\t<\/div>\n\t\t\t\t<\/a>\n\t\t<div class=\"elementor-element elementor-element-350897d e-con-full e-flex e-con e-child\" data-id=\"350897d\" data-element_type=\"container\" data-e-type=\"container\">\n\t\t\t\t<div class=\"elementor-element elementor-element-9d5e465 elementor-widget elementor-widget-heading\" data-id=\"9d5e465\" data-element_type=\"widget\" data-e-type=\"widget\" data-widget_type=\"heading.default\">\n\t\t\t\t\t<h3 class=\"elementor-heading-title elementor-size-default\"><a href=\"https:\/\/galisur.es\/fr\/fermeture-exterieure\/luxia\/\">Lucarne Luxia<\/a><\/h3>\t\t\t\t<\/div>\n\t\t<div class=\"elementor-element elementor-element-35b58cf e-con-full e-flex e-con e-child\" data-id=\"35b58cf\" data-element_type=\"container\" data-e-type=\"container\">\n\t\t\t\t<div class=\"elementor-element elementor-element-06d511c elementor-widget elementor-widget-image\" data-id=\"06d511c\" data-element_type=\"widget\" data-e-type=\"widget\" data-widget_type=\"image.default\">\n\t\t\t\t\t\t\t\t\t\t\t\t\t\t\t\t<a href=\"https:\/\/galisur.es\/fr\/fermeture-exterieure\/luxia\/\">\n\t\t\t\t\t\t\t<img loading=\"lazy\" decoding=\"async\" width=\"3840\" height=\"3000\" src=\"https:\/\/galisur.es\/wp-content\/files\/Claraboya.png\" class=\"attachment-full size-full wp-image-16898\" alt=\"\" srcset=\"https:\/\/galisur.es\/wp-content\/files\/Claraboya.png 3840w, https:\/\/galisur.es\/wp-content\/files\/Claraboya-300x234.png 300w, https:\/\/galisur.es\/wp-content\/files\/Claraboya-1024x800.png 1024w, https:\/\/galisur.es\/wp-content\/files\/Claraboya-768x600.png 768w, https:\/\/galisur.es\/wp-content\/files\/Claraboya-1536x1200.png 1536w, https:\/\/galisur.es\/wp-content\/files\/Claraboya-2048x1600.png 2048w\" sizes=\"(max-width: 3840px) 100vw, 3840px\" title=\"\">\t\t\t\t\t\t\t\t<\/a>\n\t\t\t\t\t\t\t\t\t\t\t\t\t\t\t<\/div>\n\t\t\t\t<\/div>\n\t\t\t\t<\/div>\n\t\t\t\t\t<\/div>\n\t\t\t\t<\/div>\n\t\t\t\t<\/div>\n\t\t","protected":false},"excerpt":{"rendered":"<p>Fermeture ext\u00e9rieure Mur-rideau Portail et portillon Rev\u00eatement omega Lucarne Luxia<\/p>\n","protected":false},"author":18,"featured_media":0,"parent":0,"menu_order":0,"comment_status":"closed","ping_status":"closed","template":"","meta":{"footnotes":""},"class_list":["post-17053","page","type-page","status-publish","hentry"],"yoast_head":"<!-- This site is optimized with the Yoast SEO plugin v27.2 - https:\/\/yoast.com\/product\/yoast-seo-wordpress\/ -->\n<title>S\u00e9rie pliante - Aluminios Galisur | Qualit\u00e9, s\u00e9curit\u00e9 et design<\/title>\n<meta name=\"description\" content=\"D\u00e9couvrez nos s\u00e9ries pliantes, 100% garanties de s\u00e9curit\u00e9, d&#039;\u00e9tanch\u00e9it\u00e9 et d&#039;isolation de votre maison. Notre exp\u00e9rience nous conforte dans cette id\u00e9e.\" \/>\n<meta name=\"robots\" content=\"index, follow, max-snippet:-1, max-image-preview:large, max-video-preview:-1\" \/>\n<link rel=\"canonical\" href=\"https:\/\/galisur.es\/fr\/fermeture-exterieure\/\" \/>\n<meta property=\"og:locale\" content=\"fr_FR\" \/>\n<meta property=\"og:type\" content=\"article\" \/>\n<meta property=\"og:title\" content=\"S\u00e9rie pliante - Aluminios Galisur | Qualit\u00e9, s\u00e9curit\u00e9 et design\" \/>\n<meta property=\"og:description\" content=\"D\u00e9couvrez nos s\u00e9ries pliantes, 100% garanties de s\u00e9curit\u00e9, d&#039;\u00e9tanch\u00e9it\u00e9 et d&#039;isolation de votre maison. Notre exp\u00e9rience nous conforte dans cette id\u00e9e.\" \/>\n<meta property=\"og:url\" content=\"https:\/\/galisur.es\/fr\/fermeture-exterieure\/\" \/>\n<meta property=\"og:site_name\" content=\"Aluminios Galisur\" \/>\n<meta property=\"article:publisher\" content=\"https:\/\/www.facebook.com\/AluminiosGalisur\" \/>\n<meta property=\"article:modified_time\" content=\"2025-11-03T11:49:06+00:00\" \/>\n<meta property=\"og:image\" content=\"https:\/\/galisur.es\/wp-content\/files\/MC55-crema.png\" \/>\n\t<meta property=\"og:image:width\" content=\"1200\" \/>\n\t<meta property=\"og:image:height\" content=\"1200\" \/>\n\t<meta property=\"og:image:type\" content=\"image\/png\" \/>\n<meta name=\"twitter:card\" content=\"summary_large_image\" \/>\n<meta name=\"twitter:site\" content=\"@AluminioGalisur\" \/>\n<script type=\"application\/ld+json\" class=\"yoast-schema-graph\">{\"@context\":\"https:\/\/schema.org\",\"@graph\":[{\"@type\":\"WebPage\",\"@id\":\"https:\/\/galisur.es\/fr\/fermeture-exterieure\/\",\"url\":\"https:\/\/galisur.es\/fr\/fermeture-exterieure\/\",\"name\":\"S\u00e9rie pliante - Aluminios Galisur | Qualit\u00e9, s\u00e9curit\u00e9 et design\",\"isPartOf\":{\"@id\":\"https:\/\/galisur.es\/fr\/#website\"},\"primaryImageOfPage\":{\"@id\":\"https:\/\/galisur.es\/fr\/fermeture-exterieure\/#primaryimage\"},\"image\":{\"@id\":\"https:\/\/galisur.es\/fr\/fermeture-exterieure\/#primaryimage\"},\"thumbnailUrl\":\"https:\/\/galisur.es\/wp-content\/files\/MC55-crema.png\",\"datePublished\":\"2024-04-22T06:28:29+00:00\",\"dateModified\":\"2025-11-03T11:49:06+00:00\",\"description\":\"D\u00e9couvrez nos s\u00e9ries pliantes, 100% garanties de s\u00e9curit\u00e9, d'\u00e9tanch\u00e9it\u00e9 et d'isolation de votre maison. Notre exp\u00e9rience nous conforte dans cette id\u00e9e.\",\"breadcrumb\":{\"@id\":\"https:\/\/galisur.es\/fr\/fermeture-exterieure\/#breadcrumb\"},\"inLanguage\":\"fr-FR\",\"potentialAction\":[{\"@type\":\"ReadAction\",\"target\":[\"https:\/\/galisur.es\/fr\/fermeture-exterieure\/\"]}]},{\"@type\":\"ImageObject\",\"inLanguage\":\"fr-FR\",\"@id\":\"https:\/\/galisur.es\/fr\/fermeture-exterieure\/#primaryimage\",\"url\":\"https:\/\/galisur.es\/wp-content\/files\/MC55-crema.png\",\"contentUrl\":\"https:\/\/galisur.es\/wp-content\/files\/MC55-crema.png\"},{\"@type\":\"BreadcrumbList\",\"@id\":\"https:\/\/galisur.es\/fr\/fermeture-exterieure\/#breadcrumb\",\"itemListElement\":[{\"@type\":\"ListItem\",\"position\":1,\"name\":\"Portada\",\"item\":\"https:\/\/galisur.es\/fr\/\"},{\"@type\":\"ListItem\",\"position\":2,\"name\":\"Fermeture ext\u00e9rieure\"}]},{\"@type\":\"WebSite\",\"@id\":\"https:\/\/galisur.es\/fr\/#website\",\"url\":\"https:\/\/galisur.es\/fr\/\",\"name\":\"Aluminios Galisur\",\"description\":\"Aluminios Galisur\",\"publisher\":{\"@id\":\"https:\/\/galisur.es\/fr\/#organization\"},\"potentialAction\":[{\"@type\":\"SearchAction\",\"target\":{\"@type\":\"EntryPoint\",\"urlTemplate\":\"https:\/\/galisur.es\/fr\/?s={search_term_string}\"},\"query-input\":{\"@type\":\"PropertyValueSpecification\",\"valueRequired\":true,\"valueName\":\"search_term_string\"}}],\"inLanguage\":\"fr-FR\"},{\"@type\":\"Organization\",\"@id\":\"https:\/\/galisur.es\/fr\/#organization\",\"name\":\"Galisur\",\"url\":\"https:\/\/galisur.es\/fr\/\",\"logo\":{\"@type\":\"ImageObject\",\"inLanguage\":\"fr-FR\",\"@id\":\"https:\/\/galisur.es\/fr\/#\/schema\/logo\/image\/\",\"url\":\"https:\/\/galisur.es\/wp-content\/files\/2021\/03\/logo-35x15-1.png\",\"contentUrl\":\"https:\/\/galisur.es\/wp-content\/files\/2021\/03\/logo-35x15-1.png\",\"width\":370,\"height\":176,\"caption\":\"Galisur\"},\"image\":{\"@id\":\"https:\/\/galisur.es\/fr\/#\/schema\/logo\/image\/\"},\"sameAs\":[\"https:\/\/www.facebook.com\/AluminiosGalisur\",\"https:\/\/x.com\/AluminioGalisur\"]}]}<\/script>\n<!-- \/ Yoast SEO plugin. -->","yoast_head_json":{"title":"S\u00e9rie pliante - Aluminios Galisur | Qualit\u00e9, s\u00e9curit\u00e9 et design","description":"D\u00e9couvrez nos s\u00e9ries pliantes, 100% garanties de s\u00e9curit\u00e9, d'\u00e9tanch\u00e9it\u00e9 et d'isolation de votre maison. Notre exp\u00e9rience nous conforte dans cette id\u00e9e.","robots":{"index":"index","follow":"follow","max-snippet":"max-snippet:-1","max-image-preview":"max-image-preview:large","max-video-preview":"max-video-preview:-1"},"canonical":"https:\/\/galisur.es\/fr\/fermeture-exterieure\/","og_locale":"fr_FR","og_type":"article","og_title":"S\u00e9rie pliante - Aluminios Galisur | Qualit\u00e9, s\u00e9curit\u00e9 et design","og_description":"D\u00e9couvrez nos s\u00e9ries pliantes, 100% garanties de s\u00e9curit\u00e9, d'\u00e9tanch\u00e9it\u00e9 et d'isolation de votre maison. Notre exp\u00e9rience nous conforte dans cette id\u00e9e.","og_url":"https:\/\/galisur.es\/fr\/fermeture-exterieure\/","og_site_name":"Aluminios Galisur","article_publisher":"https:\/\/www.facebook.com\/AluminiosGalisur","article_modified_time":"2025-11-03T11:49:06+00:00","og_image":[{"width":1200,"height":1200,"url":"https:\/\/galisur.es\/wp-content\/files\/MC55-crema.png","type":"image\/png"}],"twitter_card":"summary_large_image","twitter_site":"@AluminioGalisur","schema":{"@context":"https:\/\/schema.org","@graph":[{"@type":"WebPage","@id":"https:\/\/galisur.es\/fr\/fermeture-exterieure\/","url":"https:\/\/galisur.es\/fr\/fermeture-exterieure\/","name":"S\u00e9rie pliante - Aluminios Galisur | Qualit\u00e9, s\u00e9curit\u00e9 et design","isPartOf":{"@id":"https:\/\/galisur.es\/fr\/#website"},"primaryImageOfPage":{"@id":"https:\/\/galisur.es\/fr\/fermeture-exterieure\/#primaryimage"},"image":{"@id":"https:\/\/galisur.es\/fr\/fermeture-exterieure\/#primaryimage"},"thumbnailUrl":"https:\/\/galisur.es\/wp-content\/files\/MC55-crema.png","datePublished":"2024-04-22T06:28:29+00:00","dateModified":"2025-11-03T11:49:06+00:00","description":"D\u00e9couvrez nos s\u00e9ries pliantes, 100% garanties de s\u00e9curit\u00e9, d'\u00e9tanch\u00e9it\u00e9 et d'isolation de votre maison. Notre exp\u00e9rience nous conforte dans cette id\u00e9e.","breadcrumb":{"@id":"https:\/\/galisur.es\/fr\/fermeture-exterieure\/#breadcrumb"},"inLanguage":"fr-FR","potentialAction":[{"@type":"ReadAction","target":["https:\/\/galisur.es\/fr\/fermeture-exterieure\/"]}]},{"@type":"ImageObject","inLanguage":"fr-FR","@id":"https:\/\/galisur.es\/fr\/fermeture-exterieure\/#primaryimage","url":"https:\/\/galisur.es\/wp-content\/files\/MC55-crema.png","contentUrl":"https:\/\/galisur.es\/wp-content\/files\/MC55-crema.png"},{"@type":"BreadcrumbList","@id":"https:\/\/galisur.es\/fr\/fermeture-exterieure\/#breadcrumb","itemListElement":[{"@type":"ListItem","position":1,"name":"Portada","item":"https:\/\/galisur.es\/fr\/"},{"@type":"ListItem","position":2,"name":"Fermeture ext\u00e9rieure"}]},{"@type":"WebSite","@id":"https:\/\/galisur.es\/fr\/#website","url":"https:\/\/galisur.es\/fr\/","name":"Aluminios Galisur","description":"Aluminios Galisur","publisher":{"@id":"https:\/\/galisur.es\/fr\/#organization"},"potentialAction":[{"@type":"SearchAction","target":{"@type":"EntryPoint","urlTemplate":"https:\/\/galisur.es\/fr\/?s={search_term_string}"},"query-input":{"@type":"PropertyValueSpecification","valueRequired":true,"valueName":"search_term_string"}}],"inLanguage":"fr-FR"},{"@type":"Organization","@id":"https:\/\/galisur.es\/fr\/#organization","name":"Galisur","url":"https:\/\/galisur.es\/fr\/","logo":{"@type":"ImageObject","inLanguage":"fr-FR","@id":"https:\/\/galisur.es\/fr\/#\/schema\/logo\/image\/","url":"https:\/\/galisur.es\/wp-content\/files\/2021\/03\/logo-35x15-1.png","contentUrl":"https:\/\/galisur.es\/wp-content\/files\/2021\/03\/logo-35x15-1.png","width":370,"height":176,"caption":"Galisur"},"image":{"@id":"https:\/\/galisur.es\/fr\/#\/schema\/logo\/image\/"},"sameAs":["https:\/\/www.facebook.com\/AluminiosGalisur","https:\/\/x.com\/AluminioGalisur"]}]}},"_links":{"self":[{"href":"https:\/\/galisur.es\/fr\/wp-json\/wp\/v2\/pages\/17053","targetHints":{"allow":["GET"]}}],"collection":[{"href":"https:\/\/galisur.es\/fr\/wp-json\/wp\/v2\/pages"}],"about":[{"href":"https:\/\/galisur.es\/fr\/wp-json\/wp\/v2\/types\/page"}],"author":[{"embeddable":true,"href":"https:\/\/galisur.es\/fr\/wp-json\/wp\/v2\/users\/18"}],"replies":[{"embeddable":true,"href":"https:\/\/galisur.es\/fr\/wp-json\/wp\/v2\/comments?post=17053"}],"version-history":[{"count":5,"href":"https:\/\/galisur.es\/fr\/wp-json\/wp\/v2\/pages\/17053\/revisions"}],"predecessor-version":[{"id":19458,"href":"https:\/\/galisur.es\/fr\/wp-json\/wp\/v2\/pages\/17053\/revisions\/19458"}],"wp:attachment":[{"href":"https:\/\/galisur.es\/fr\/wp-json\/wp\/v2\/media?parent=17053"}],"curies":[{"name":"wp","href":"https:\/\/api.w.org\/{rel}","templated":true}]}}