{"id":19774,"date":"2026-01-13T14:43:45","date_gmt":"2026-01-13T13:43:45","guid":{"rendered":"https:\/\/galisur.es\/mobiliar\/elite-schrankfront\/"},"modified":"2026-01-14T10:24:40","modified_gmt":"2026-01-14T09:24:40","slug":"elite-schrankfront","status":"publish","type":"page","link":"https:\/\/galisur.es\/de\/mobiliar\/elite-schrankfront\/","title":{"rendered":"\u00c9lite Schrankfront"},"content":{"rendered":"\t\t<div data-elementor-type=\"wp-page\" data-elementor-id=\"19774\" class=\"elementor elementor-19774 elementor-19696\" data-elementor-post-type=\"page\">\n\t\t\t\t<div class=\"elementor-element elementor-element-ff24467 e-flex e-con-boxed e-con e-parent\" data-id=\"ff24467\" data-element_type=\"container\" data-e-type=\"container\">\n\t\t\t\t\t<div class=\"e-con-inner\">\n\t\t<div class=\"elementor-element elementor-element-c8b2515 e-con-full e-flex e-con e-child\" data-id=\"c8b2515\" data-element_type=\"container\" data-e-type=\"container\" data-settings=\"{&quot;background_background&quot;:&quot;slideshow&quot;,&quot;background_slideshow_gallery&quot;:[{&quot;id&quot;:12840,&quot;url&quot;:&quot;https:\\\/\\\/galisur.es\\\/wp-content\\\/uploads\\\/deco02-loft-fijo-alta-res-scaled.jpg&quot;},{&quot;id&quot;:12839,&quot;url&quot;:&quot;https:\\\/\\\/galisur.es\\\/wp-content\\\/uploads\\\/DECO-22-REPLEGABLES-HORIZ-OK-scaled.jpg&quot;}],&quot;background_slideshow_loop&quot;:&quot;yes&quot;,&quot;background_slideshow_slide_duration&quot;:5000,&quot;background_slideshow_slide_transition&quot;:&quot;fade&quot;,&quot;background_slideshow_transition_duration&quot;:500}\">\n\t\t\t\t<div class=\"elementor-element elementor-element-aa63669 elementor-widget elementor-widget-image\" data-id=\"aa63669\" data-element_type=\"widget\" data-e-type=\"widget\" data-widget_type=\"image.default\">\n\t\t\t\t\t\t\t\t\t\t\t\t\t\t\t<img fetchpriority=\"high\" decoding=\"async\" width=\"768\" height=\"1075\" src=\"https:\/\/galisur.es\/wp-content\/files\/frente-amario-galisur-768x1075.png\" class=\"attachment-medium_large size-medium_large wp-image-19706\" alt=\"\" srcset=\"https:\/\/galisur.es\/wp-content\/files\/frente-amario-galisur-768x1075.png 768w, https:\/\/galisur.es\/wp-content\/files\/frente-amario-galisur-214x300.png 214w, https:\/\/galisur.es\/wp-content\/files\/frente-amario-galisur-732x1024.png 732w, https:\/\/galisur.es\/wp-content\/files\/frente-amario-galisur.png 892w\" sizes=\"(max-width: 768px) 100vw, 768px\" title=\"\">\t\t\t\t\t\t\t\t\t\t\t\t\t\t\t<\/div>\n\t\t\t\t<\/div>\n\t\t<div class=\"elementor-element elementor-element-0d4895a e-con-full e-flex e-con e-child\" data-id=\"0d4895a\" data-element_type=\"container\" data-e-type=\"container\">\n\t\t\t\t<div class=\"elementor-element elementor-element-e2d67ff elementor-widget elementor-widget-heading\" data-id=\"e2d67ff\" data-element_type=\"widget\" data-e-type=\"widget\" data-widget_type=\"heading.default\">\n\t\t\t\t\t<h1 class=\"elementor-heading-title elementor-size-default\">\u00c9lite Schrankfront<\/h1>\t\t\t\t<\/div>\n\t\t\t\t<div class=\"elementor-element elementor-element-8eb5b6c elementor-widget elementor-widget-text-editor\" data-id=\"8eb5b6c\" data-element_type=\"widget\" data-e-type=\"widget\" data-widget_type=\"text-editor.default\">\n\t\t\t\t\t\t\t\t\t<p>Die \u00c9lite Schrankfront steht f\u00fcr den h\u00f6chsten Anspruch an Design und Funktionalit\u00e4t im Bereich der Aluminium-Profilsysteme. Sie wurde f\u00fcr moderne R\u00e4ume konzipiert und vereint elegante Linien sowie eine hochwertige \u00c4sthetik mit der Widerstandsf\u00e4higkeit und Langlebigkeit von Aluminium h\u00f6chster Qualit\u00e4t. <\/p><p>Ihr schlankes, elegantes Design erm\u00f6glicht eine perfekte Integration in jede Art von Umfeld und sorgt f\u00fcr eine visuelle Leichtigkeit, ohne auf Stabilit\u00e4t zu verzichten. Das \u00c9lite Profilsystem bietet vielf\u00e4ltige Konfigurationsm\u00f6glichkeiten und Oberfl\u00e4chenvarianten und passt sich so den Anforderungen jedes Projekts und Einrichtungsstils an. <\/p><p>Dank der pr\u00e4zisen und hochwertigen Fertigung garantiert die \u00c9lite Schrankfront eine sanfte und exakte Funktion, die hohen Bedienkomfort und eine lange Lebensdauer sicherstellt. Eine Premiuml\u00f6sung f\u00fcr alle, die Qualit\u00e4t, Design und eine makellose Ausf\u00fchrung bis ins kleinste Detail suchen. <\/p>\t\t\t\t\t\t\t\t<\/div>\n\t\t\t\t<\/div>\n\t\t\t\t\t<\/div>\n\t\t\t\t<\/div>\n\t\t<div class=\"elementor-element elementor-element-1bd65e1 e-flex e-con-boxed e-con e-parent\" data-id=\"1bd65e1\" data-element_type=\"container\" data-e-type=\"container\" data-settings=\"{&quot;background_background&quot;:&quot;classic&quot;}\">\n\t\t\t\t\t<div class=\"e-con-inner\">\n\t\t<div class=\"elementor-element elementor-element-42ed218 e-con-full e-flex e-con e-child\" data-id=\"42ed218\" data-element_type=\"container\" data-e-type=\"container\">\n\t\t\t\t<div class=\"elementor-element elementor-element-9119ef9 elementor-widget elementor-widget-heading\" data-id=\"9119ef9\" data-element_type=\"widget\" data-e-type=\"widget\" data-widget_type=\"heading.default\">\n\t\t\t\t\t<p class=\"elementor-heading-title elementor-size-default\">Technische Daten<\/p>\t\t\t\t<\/div>\n\t\t\t\t<div class=\"elementor-element elementor-element-5275968 elementor-widget elementor-widget-text-editor\" data-id=\"5275968\" data-element_type=\"widget\" data-e-type=\"widget\" data-widget_type=\"text-editor.default\">\n\t\t\t\t\t\t\t\t\t<p><a href=\"https:\/\/galisur.es\/de\/registrierung\/\">Registrieren Sie sich hier<\/a>, um auf das Dokument zuzugreifen.<\/p>\t\t\t\t\t\t\t\t<\/div>\n\t\t\t\t<\/div>\n\t\t<div class=\"elementor-element elementor-element-cce12ea e-con-full e-flex e-con e-child\" data-id=\"cce12ea\" data-element_type=\"container\" data-e-type=\"container\">\n\t\t\t\t<div class=\"elementor-element elementor-element-87da6a2 elementor-widget elementor-widget-heading\" data-id=\"87da6a2\" data-element_type=\"widget\" data-e-type=\"widget\" data-widget_type=\"heading.default\">\n\t\t\t\t\t<p class=\"elementor-heading-title elementor-size-default\">Katalog<\/p>\t\t\t\t<\/div>\n\t\t\t\t<div class=\"elementor-element elementor-element-53bf0c0 elementor-widget elementor-widget-text-editor\" data-id=\"53bf0c0\" data-element_type=\"widget\" data-e-type=\"widget\" data-widget_type=\"text-editor.default\">\n\t\t\t\t\t\t\t\t\t<p><a href=\"https:\/\/galisur.es\/de\/registrierung\/\">Registrieren Sie sich hier<\/a>, um auf das Dokument zuzugreifen.<\/p>\t\t\t\t\t\t\t\t<\/div>\n\t\t\t\t<\/div>\n\t\t\t\t\t<\/div>\n\t\t\t\t<\/div>\n\t\t<div class=\"elementor-element elementor-element-874dded e-flex e-con-boxed e-con e-parent\" data-id=\"874dded\" data-element_type=\"container\" data-e-type=\"container\">\n\t\t\t\t\t<div class=\"e-con-inner\">\n\t\t<div class=\"elementor-element elementor-element-9cffb85 e-con-full e-flex e-con e-child\" data-id=\"9cffb85\" data-element_type=\"container\" data-e-type=\"container\">\n\t\t\t\t<div class=\"elementor-element elementor-element-4ff780a elementor-widget elementor-widget-image\" data-id=\"4ff780a\" data-element_type=\"widget\" data-e-type=\"widget\" data-widget_type=\"image.default\">\n\t\t\t\t\t\t\t\t\t\t\t\t\t\t\t<img decoding=\"async\" width=\"2000\" height=\"1200\" src=\"https:\/\/galisur.es\/wp-content\/files\/frente-de-armario-detalle.png\" class=\"attachment-full size-full wp-image-19711\" alt=\"\" srcset=\"https:\/\/galisur.es\/wp-content\/files\/frente-de-armario-detalle.png 2000w, https:\/\/galisur.es\/wp-content\/files\/frente-de-armario-detalle-300x180.png 300w, https:\/\/galisur.es\/wp-content\/files\/frente-de-armario-detalle-1024x614.png 1024w, https:\/\/galisur.es\/wp-content\/files\/frente-de-armario-detalle-768x461.png 768w, https:\/\/galisur.es\/wp-content\/files\/frente-de-armario-detalle-1536x922.png 1536w\" sizes=\"(max-width: 2000px) 100vw, 2000px\" title=\"\">\t\t\t\t\t\t\t\t\t\t\t\t\t\t\t<\/div>\n\t\t\t\t<\/div>\n\t\t<div class=\"elementor-element elementor-element-ca1e283 e-con-full e-flex e-con e-child\" data-id=\"ca1e283\" data-element_type=\"container\" data-e-type=\"container\">\n\t\t\t\t<div class=\"elementor-element elementor-element-f52a6ae elementor-widget elementor-widget-heading\" data-id=\"f52a6ae\" data-element_type=\"widget\" data-e-type=\"widget\" data-widget_type=\"heading.default\">\n\t\t\t\t\t<h2 class=\"elementor-heading-title elementor-size-default\">Eigenschaften<\/h2>\t\t\t\t<\/div>\n\t\t\t\t<div class=\"elementor-element elementor-element-465b74f elementor-widget elementor-widget-n-accordion\" data-id=\"465b74f\" data-element_type=\"widget\" data-e-type=\"widget\" data-settings=\"{&quot;default_state&quot;:&quot;expanded&quot;,&quot;max_items_expended&quot;:&quot;one&quot;,&quot;n_accordion_animation_duration&quot;:{&quot;unit&quot;:&quot;ms&quot;,&quot;size&quot;:400,&quot;sizes&quot;:[]}}\" data-widget_type=\"nested-accordion.default\">\n\t\t\t\t\t\t\t<div class=\"e-n-accordion\" aria-label=\"Accordion. Open links with Enter or Space, close with Escape, and navigate with Arrow Keys\">\n\t\t\t\t\t\t<details id=\"e-n-accordion-item-7370\" class=\"e-n-accordion-item\" open>\n\t\t\t\t<summary class=\"e-n-accordion-item-title\" data-accordion-index=\"1\" tabindex=\"0\" aria-expanded=\"true\" aria-controls=\"e-n-accordion-item-7370\" >\n\t\t\t\t\t<span class='e-n-accordion-item-title-header'><div class=\"e-n-accordion-item-title-text\"> Fl\u00fcgelma\u00dfe <\/div><\/span>\n\t\t\t\t\t\t\t<span class='e-n-accordion-item-title-icon'>\n\t\t\t<span class='e-opened' ><svg aria-hidden=\"true\" class=\"e-font-icon-svg e-fas-minus\" viewBox=\"0 0 448 512\" xmlns=\"http:\/\/www.w3.org\/2000\/svg\"><path d=\"M416 208H32c-17.67 0-32 14.33-32 32v32c0 17.67 14.33 32 32 32h384c17.67 0 32-14.33 32-32v-32c0-17.67-14.33-32-32-32z\"><\/path><\/svg><\/span>\n\t\t\t<span class='e-closed'><svg aria-hidden=\"true\" class=\"e-font-icon-svg e-fas-plus\" viewBox=\"0 0 448 512\" xmlns=\"http:\/\/www.w3.org\/2000\/svg\"><path d=\"M416 208H272V64c0-17.67-14.33-32-32-32h-32c-17.67 0-32 14.33-32 32v144H32c-17.67 0-32 14.33-32 32v32c0 17.67 14.33 32 32 32h144v144c0 17.67 14.33 32 32 32h32c17.67 0 32-14.33 32-32V304h144c17.67 0 32-14.33 32-32v-32c0-17.67-14.33-32-32-32z\"><\/path><\/svg><\/span>\n\t\t<\/span>\n\n\t\t\t\t\t\t<\/summary>\n\t\t\t\t<div role=\"region\" aria-labelledby=\"e-n-accordion-item-7370\" class=\"elementor-element elementor-element-f1416e8 e-con-full e-flex e-con e-child\" data-id=\"f1416e8\" data-element_type=\"container\" data-e-type=\"container\">\n\t\t\t\t<div class=\"elementor-element elementor-element-1962dd5 elementor-widget elementor-widget-text-editor\" data-id=\"1962dd5\" data-element_type=\"widget\" data-e-type=\"widget\" data-widget_type=\"text-editor.default\">\n\t\t\t\t\t\t\t\t\t<p>Maximale Abmessungen: 1250 \u00d7 3000 mm<\/p>\t\t\t\t\t\t\t\t<\/div>\n\t\t\t\t<\/div>\n\t\t\t\t\t<\/details>\n\t\t\t\t\t\t<details id=\"e-n-accordion-item-7371\" class=\"e-n-accordion-item\" >\n\t\t\t\t<summary class=\"e-n-accordion-item-title\" data-accordion-index=\"2\" tabindex=\"-1\" aria-expanded=\"false\" aria-controls=\"e-n-accordion-item-7371\" >\n\t\t\t\t\t<span class='e-n-accordion-item-title-header'><div class=\"e-n-accordion-item-title-text\"> Verf\u00fcgbare Modelle <\/div><\/span>\n\t\t\t\t\t\t\t<span class='e-n-accordion-item-title-icon'>\n\t\t\t<span class='e-opened' ><svg aria-hidden=\"true\" class=\"e-font-icon-svg e-fas-minus\" viewBox=\"0 0 448 512\" xmlns=\"http:\/\/www.w3.org\/2000\/svg\"><path d=\"M416 208H32c-17.67 0-32 14.33-32 32v32c0 17.67 14.33 32 32 32h384c17.67 0 32-14.33 32-32v-32c0-17.67-14.33-32-32-32z\"><\/path><\/svg><\/span>\n\t\t\t<span class='e-closed'><svg aria-hidden=\"true\" class=\"e-font-icon-svg e-fas-plus\" viewBox=\"0 0 448 512\" xmlns=\"http:\/\/www.w3.org\/2000\/svg\"><path d=\"M416 208H272V64c0-17.67-14.33-32-32-32h-32c-17.67 0-32 14.33-32 32v144H32c-17.67 0-32 14.33-32 32v32c0 17.67 14.33 32 32 32h144v144c0 17.67 14.33 32 32 32h32c17.67 0 32-14.33 32-32V304h144c17.67 0 32-14.33 32-32v-32c0-17.67-14.33-32-32-32z\"><\/path><\/svg><\/span>\n\t\t<\/span>\n\n\t\t\t\t\t\t<\/summary>\n\t\t\t\t<div role=\"region\" aria-labelledby=\"e-n-accordion-item-7371\" class=\"elementor-element elementor-element-eda75a0 e-con-full e-flex e-con e-child\" data-id=\"eda75a0\" data-element_type=\"container\" data-e-type=\"container\">\n\t\t\t\t<div class=\"elementor-element elementor-element-b126d48 elementor-widget elementor-widget-text-editor\" data-id=\"b126d48\" data-element_type=\"widget\" data-e-type=\"widget\" data-widget_type=\"text-editor.default\">\n\t\t\t\t\t\t\t\t\t<p>Konventionelles System mit optionaler Soft-Close-Funktion sowie umlaufendes System ohne Soft-Close<\/p>\t\t\t\t\t\t\t\t<\/div>\n\t\t\t\t<\/div>\n\t\t\t\t\t<\/details>\n\t\t\t\t\t<\/div>\n\t\t\t\t\t\t<\/div>\n\t\t\t\t<\/div>\n\t\t\t\t\t<\/div>\n\t\t\t\t<\/div>\n\t\t<div class=\"elementor-element elementor-element-3fe54fd e-flex e-con-boxed e-con e-parent\" data-id=\"3fe54fd\" data-element_type=\"container\" data-e-type=\"container\" data-settings=\"{&quot;background_background&quot;:&quot;classic&quot;}\">\n\t\t\t\t\t<div class=\"e-con-inner\">\n\t\t\t\t<div class=\"elementor-element elementor-element-b01654b elementor-widget elementor-widget-heading\" data-id=\"b01654b\" data-element_type=\"widget\" data-e-type=\"widget\" data-widget_type=\"heading.default\">\n\t\t\t\t\t<h3 class=\"elementor-heading-title elementor-size-default\">Vorteile<\/h3>\t\t\t\t<\/div>\n\t\t\t\t<div class=\"elementor-element elementor-element-8221561 elementor-widget elementor-widget-text-editor\" data-id=\"8221561\" data-element_type=\"widget\" data-e-type=\"widget\" data-widget_type=\"text-editor.default\">\n\t\t\t\t\t\t\t\t\t<p data-start=\"169\" data-end=\"520\">Die \u00c9lite Schrankfront bietet eine hochwertige Premiuml\u00f6sung, die jeden Raum durch die Kombination aus anspruchsvollem Design, Funktionalit\u00e4t und Langlebigkeit aufwertet. Die hochwertigen Aluminiumprofile gew\u00e4hrleisten eine lange Lebensdauer, hohe Widerstandsf\u00e4higkeit im t\u00e4glichen Gebrauch und einen minimalen Wartungsaufwand \u2013 eine sichere Investition auf lange Sicht. <\/p><p data-start=\"522\" data-end=\"849\">Das schlanke Design verleiht den R\u00e4umen visuelle Leichtigkeit, strukturiert und vergr\u00f6\u00dfert sie zugleich und f\u00fcgt sich harmonisch sowohl in moderne als auch in zeitlose Gestaltungskonzepte ein. Diese \u00e4sthetische Vielseitigkeit erm\u00f6glicht eine optimale Anpassung an unterschiedliche Einrichtungsstile und sorgt stets f\u00fcr ein elegantes und stimmiges Gesamtbild. <\/p><p data-start=\"851\" data-end=\"1190\">Die vielf\u00e4ltigen Personalisierungsm\u00f6glichkeiten bei Konfigurationen und Oberfl\u00e4chen machen jedes Projekt einzigartig und erf\u00fcllen die technischen sowie gestalterischen Anforderungen von Architekten, Innenarchitekten und Endkunden. Dar\u00fcber hinaus sorgt die pr\u00e4zise Fertigung f\u00fcr ein leichtg\u00e4ngiges und leises Gleiten, was den t\u00e4glichen Bedienkomfort deutlich erh\u00f6ht. <\/p><p data-start=\"1192\" data-end=\"1361\">Mit dem \u00c9lite System werden Komfort, Zuverl\u00e4ssigkeit und eine makellose Verarbeitung vereint, wodurch ein deutlicher Mehrwert f\u00fcr den Raum entsteht und die Wahrnehmung von Qualit\u00e4t in jedem Detail nachhaltig gest\u00e4rkt wird.<br><\/p>\t\t\t\t\t\t\t\t<\/div>\n\t\t\t\t\t<\/div>\n\t\t\t\t<\/div>\n\t\t\t\t<\/div>\n\t\t","protected":false},"excerpt":{"rendered":"<p>\u00c9lite Schrankfront Die \u00c9lite Schrankfront steht f\u00fcr den h\u00f6chsten Anspruch an Design und Funktionalit\u00e4t im Bereich der Aluminium-Profilsysteme. Sie wurde f\u00fcr moderne R\u00e4ume konzipiert und vereint elegante Linien sowie eine hochwertige \u00c4sthetik mit der Widerstandsf\u00e4higkeit und Langlebigkeit von Aluminium h\u00f6chster Qualit\u00e4t. Ihr schlankes, elegantes Design erm\u00f6glicht eine perfekte Integration in jede Art von Umfeld und [&hellip;]<\/p>\n","protected":false},"author":18,"featured_media":0,"parent":17137,"menu_order":0,"comment_status":"closed","ping_status":"closed","template":"","meta":{"footnotes":""},"class_list":["post-19774","page","type-page","status-publish","hentry"],"yoast_head":"<!-- This site is optimized with the Yoast SEO plugin v27.2 - https:\/\/yoast.com\/product\/yoast-seo-wordpress\/ -->\n<title>\u00c9lite Schrankfront | Aluminios Galisur<\/title>\n<meta name=\"description\" content=\"\u00c9lite Schrankfront Die \u00c9lite Schrankfront steht f\u00fcr den h\u00f6chsten Anspruch an Design und Funktionalit\u00e4t im Bereich der Aluminium-Profilsysteme. Sie wurde\" \/>\n<meta name=\"robots\" content=\"index, follow, max-snippet:-1, max-image-preview:large, max-video-preview:-1\" \/>\n<link rel=\"canonical\" href=\"https:\/\/galisur.es\/de\/mobiliar\/elite-schrankfront\/\" \/>\n<meta property=\"og:locale\" content=\"de_DE\" \/>\n<meta property=\"og:type\" content=\"article\" \/>\n<meta property=\"og:title\" content=\"\u00c9lite Schrankfront | Aluminios Galisur\" \/>\n<meta property=\"og:description\" content=\"\u00c9lite Schrankfront Die \u00c9lite Schrankfront steht f\u00fcr den h\u00f6chsten Anspruch an Design und Funktionalit\u00e4t im Bereich der Aluminium-Profilsysteme. Sie wurde\" \/>\n<meta property=\"og:url\" content=\"https:\/\/galisur.es\/de\/mobiliar\/elite-schrankfront\/\" \/>\n<meta property=\"og:site_name\" content=\"Aluminios Galisur\" \/>\n<meta property=\"article:publisher\" content=\"https:\/\/www.facebook.com\/AluminiosGalisur\" \/>\n<meta property=\"article:modified_time\" content=\"2026-01-14T09:24:40+00:00\" \/>\n<meta property=\"og:image\" content=\"https:\/\/galisur.es\/wp-content\/files\/frente-amario-galisur-e1768312107698-768x799.png\" \/>\n<meta name=\"twitter:card\" content=\"summary_large_image\" \/>\n<meta name=\"twitter:site\" content=\"@AluminioGalisur\" \/>\n<meta name=\"twitter:label1\" content=\"Gesch\u00e4tzte Lesezeit\" \/>\n\t<meta name=\"twitter:data1\" content=\"2\u00a0Minuten\" \/>\n<script type=\"application\/ld+json\" class=\"yoast-schema-graph\">{\"@context\":\"https:\/\/schema.org\",\"@graph\":[{\"@type\":\"WebPage\",\"@id\":\"https:\/\/galisur.es\/de\/mobiliar\/elite-schrankfront\/\",\"url\":\"https:\/\/galisur.es\/de\/mobiliar\/elite-schrankfront\/\",\"name\":\"\u00c9lite Schrankfront | Aluminios Galisur\",\"isPartOf\":{\"@id\":\"https:\/\/galisur.es\/de\/#website\"},\"primaryImageOfPage\":{\"@id\":\"https:\/\/galisur.es\/de\/mobiliar\/elite-schrankfront\/#primaryimage\"},\"image\":{\"@id\":\"https:\/\/galisur.es\/de\/mobiliar\/elite-schrankfront\/#primaryimage\"},\"thumbnailUrl\":\"https:\/\/galisur.es\/wp-content\/files\/frente-amario-galisur-e1768312107698-768x799.png\",\"datePublished\":\"2026-01-13T13:43:45+00:00\",\"dateModified\":\"2026-01-14T09:24:40+00:00\",\"description\":\"\u00c9lite Schrankfront Die \u00c9lite Schrankfront steht f\u00fcr den h\u00f6chsten Anspruch an Design und Funktionalit\u00e4t im Bereich der Aluminium-Profilsysteme. Sie wurde\",\"breadcrumb\":{\"@id\":\"https:\/\/galisur.es\/de\/mobiliar\/elite-schrankfront\/#breadcrumb\"},\"inLanguage\":\"de\",\"potentialAction\":[{\"@type\":\"ReadAction\",\"target\":[\"https:\/\/galisur.es\/de\/mobiliar\/elite-schrankfront\/\"]}]},{\"@type\":\"ImageObject\",\"inLanguage\":\"de\",\"@id\":\"https:\/\/galisur.es\/de\/mobiliar\/elite-schrankfront\/#primaryimage\",\"url\":\"https:\/\/galisur.es\/wp-content\/files\/frente-amario-galisur-e1768312107698-768x799.png\",\"contentUrl\":\"https:\/\/galisur.es\/wp-content\/files\/frente-amario-galisur-e1768312107698-768x799.png\"},{\"@type\":\"BreadcrumbList\",\"@id\":\"https:\/\/galisur.es\/de\/mobiliar\/elite-schrankfront\/#breadcrumb\",\"itemListElement\":[{\"@type\":\"ListItem\",\"position\":1,\"name\":\"Portada\",\"item\":\"https:\/\/galisur.es\/de\/\"},{\"@type\":\"ListItem\",\"position\":2,\"name\":\"Mobiliar\",\"item\":\"https:\/\/galisur.es\/de\/mobiliar\/\"},{\"@type\":\"ListItem\",\"position\":3,\"name\":\"\u00c9lite Schrankfront\"}]},{\"@type\":\"WebSite\",\"@id\":\"https:\/\/galisur.es\/de\/#website\",\"url\":\"https:\/\/galisur.es\/de\/\",\"name\":\"Aluminios Galisur\",\"description\":\"Aluminios Galisur\",\"publisher\":{\"@id\":\"https:\/\/galisur.es\/de\/#organization\"},\"potentialAction\":[{\"@type\":\"SearchAction\",\"target\":{\"@type\":\"EntryPoint\",\"urlTemplate\":\"https:\/\/galisur.es\/de\/?s={search_term_string}\"},\"query-input\":{\"@type\":\"PropertyValueSpecification\",\"valueRequired\":true,\"valueName\":\"search_term_string\"}}],\"inLanguage\":\"de\"},{\"@type\":\"Organization\",\"@id\":\"https:\/\/galisur.es\/de\/#organization\",\"name\":\"Galisur\",\"url\":\"https:\/\/galisur.es\/de\/\",\"logo\":{\"@type\":\"ImageObject\",\"inLanguage\":\"de\",\"@id\":\"https:\/\/galisur.es\/de\/#\/schema\/logo\/image\/\",\"url\":\"https:\/\/galisur.es\/wp-content\/files\/2021\/03\/logo-35x15-1.png\",\"contentUrl\":\"https:\/\/galisur.es\/wp-content\/files\/2021\/03\/logo-35x15-1.png\",\"width\":370,\"height\":176,\"caption\":\"Galisur\"},\"image\":{\"@id\":\"https:\/\/galisur.es\/de\/#\/schema\/logo\/image\/\"},\"sameAs\":[\"https:\/\/www.facebook.com\/AluminiosGalisur\",\"https:\/\/x.com\/AluminioGalisur\"]}]}<\/script>\n<!-- \/ Yoast SEO plugin. -->","yoast_head_json":{"title":"\u00c9lite Schrankfront | Aluminios Galisur","description":"\u00c9lite Schrankfront Die \u00c9lite Schrankfront steht f\u00fcr den h\u00f6chsten Anspruch an Design und Funktionalit\u00e4t im Bereich der Aluminium-Profilsysteme. Sie wurde","robots":{"index":"index","follow":"follow","max-snippet":"max-snippet:-1","max-image-preview":"max-image-preview:large","max-video-preview":"max-video-preview:-1"},"canonical":"https:\/\/galisur.es\/de\/mobiliar\/elite-schrankfront\/","og_locale":"de_DE","og_type":"article","og_title":"\u00c9lite Schrankfront | Aluminios Galisur","og_description":"\u00c9lite Schrankfront Die \u00c9lite Schrankfront steht f\u00fcr den h\u00f6chsten Anspruch an Design und Funktionalit\u00e4t im Bereich der Aluminium-Profilsysteme. Sie wurde","og_url":"https:\/\/galisur.es\/de\/mobiliar\/elite-schrankfront\/","og_site_name":"Aluminios Galisur","article_publisher":"https:\/\/www.facebook.com\/AluminiosGalisur","article_modified_time":"2026-01-14T09:24:40+00:00","og_image":[{"url":"https:\/\/galisur.es\/wp-content\/files\/frente-amario-galisur-e1768312107698-768x799.png","type":"","width":"","height":""}],"twitter_card":"summary_large_image","twitter_site":"@AluminioGalisur","twitter_misc":{"Gesch\u00e4tzte Lesezeit":"2\u00a0Minuten"},"schema":{"@context":"https:\/\/schema.org","@graph":[{"@type":"WebPage","@id":"https:\/\/galisur.es\/de\/mobiliar\/elite-schrankfront\/","url":"https:\/\/galisur.es\/de\/mobiliar\/elite-schrankfront\/","name":"\u00c9lite Schrankfront | Aluminios Galisur","isPartOf":{"@id":"https:\/\/galisur.es\/de\/#website"},"primaryImageOfPage":{"@id":"https:\/\/galisur.es\/de\/mobiliar\/elite-schrankfront\/#primaryimage"},"image":{"@id":"https:\/\/galisur.es\/de\/mobiliar\/elite-schrankfront\/#primaryimage"},"thumbnailUrl":"https:\/\/galisur.es\/wp-content\/files\/frente-amario-galisur-e1768312107698-768x799.png","datePublished":"2026-01-13T13:43:45+00:00","dateModified":"2026-01-14T09:24:40+00:00","description":"\u00c9lite Schrankfront Die \u00c9lite Schrankfront steht f\u00fcr den h\u00f6chsten Anspruch an Design und Funktionalit\u00e4t im Bereich der Aluminium-Profilsysteme. Sie wurde","breadcrumb":{"@id":"https:\/\/galisur.es\/de\/mobiliar\/elite-schrankfront\/#breadcrumb"},"inLanguage":"de","potentialAction":[{"@type":"ReadAction","target":["https:\/\/galisur.es\/de\/mobiliar\/elite-schrankfront\/"]}]},{"@type":"ImageObject","inLanguage":"de","@id":"https:\/\/galisur.es\/de\/mobiliar\/elite-schrankfront\/#primaryimage","url":"https:\/\/galisur.es\/wp-content\/files\/frente-amario-galisur-e1768312107698-768x799.png","contentUrl":"https:\/\/galisur.es\/wp-content\/files\/frente-amario-galisur-e1768312107698-768x799.png"},{"@type":"BreadcrumbList","@id":"https:\/\/galisur.es\/de\/mobiliar\/elite-schrankfront\/#breadcrumb","itemListElement":[{"@type":"ListItem","position":1,"name":"Portada","item":"https:\/\/galisur.es\/de\/"},{"@type":"ListItem","position":2,"name":"Mobiliar","item":"https:\/\/galisur.es\/de\/mobiliar\/"},{"@type":"ListItem","position":3,"name":"\u00c9lite Schrankfront"}]},{"@type":"WebSite","@id":"https:\/\/galisur.es\/de\/#website","url":"https:\/\/galisur.es\/de\/","name":"Aluminios Galisur","description":"Aluminios Galisur","publisher":{"@id":"https:\/\/galisur.es\/de\/#organization"},"potentialAction":[{"@type":"SearchAction","target":{"@type":"EntryPoint","urlTemplate":"https:\/\/galisur.es\/de\/?s={search_term_string}"},"query-input":{"@type":"PropertyValueSpecification","valueRequired":true,"valueName":"search_term_string"}}],"inLanguage":"de"},{"@type":"Organization","@id":"https:\/\/galisur.es\/de\/#organization","name":"Galisur","url":"https:\/\/galisur.es\/de\/","logo":{"@type":"ImageObject","inLanguage":"de","@id":"https:\/\/galisur.es\/de\/#\/schema\/logo\/image\/","url":"https:\/\/galisur.es\/wp-content\/files\/2021\/03\/logo-35x15-1.png","contentUrl":"https:\/\/galisur.es\/wp-content\/files\/2021\/03\/logo-35x15-1.png","width":370,"height":176,"caption":"Galisur"},"image":{"@id":"https:\/\/galisur.es\/de\/#\/schema\/logo\/image\/"},"sameAs":["https:\/\/www.facebook.com\/AluminiosGalisur","https:\/\/x.com\/AluminioGalisur"]}]}},"_links":{"self":[{"href":"https:\/\/galisur.es\/de\/wp-json\/wp\/v2\/pages\/19774","targetHints":{"allow":["GET"]}}],"collection":[{"href":"https:\/\/galisur.es\/de\/wp-json\/wp\/v2\/pages"}],"about":[{"href":"https:\/\/galisur.es\/de\/wp-json\/wp\/v2\/types\/page"}],"author":[{"embeddable":true,"href":"https:\/\/galisur.es\/de\/wp-json\/wp\/v2\/users\/18"}],"replies":[{"embeddable":true,"href":"https:\/\/galisur.es\/de\/wp-json\/wp\/v2\/comments?post=19774"}],"version-history":[{"count":2,"href":"https:\/\/galisur.es\/de\/wp-json\/wp\/v2\/pages\/19774\/revisions"}],"predecessor-version":[{"id":19776,"href":"https:\/\/galisur.es\/de\/wp-json\/wp\/v2\/pages\/19774\/revisions\/19776"}],"up":[{"embeddable":true,"href":"https:\/\/galisur.es\/de\/wp-json\/wp\/v2\/pages\/17137"}],"wp:attachment":[{"href":"https:\/\/galisur.es\/de\/wp-json\/wp\/v2\/media?parent=19774"}],"curies":[{"name":"wp","href":"https:\/\/api.w.org\/{rel}","templated":true}]}}