{"id":19445,"date":"2025-11-03T12:18:19","date_gmt":"2025-11-03T11:18:19","guid":{"rendered":"https:\/\/galisur.es\/aussenverkleidung\/luxia\/"},"modified":"2025-11-03T12:42:31","modified_gmt":"2025-11-03T11:42:31","slug":"luxia","status":"publish","type":"page","link":"https:\/\/galisur.es\/de\/aussenverkleidung\/luxia\/","title":{"rendered":"Luxia"},"content":{"rendered":"\t\t<div data-elementor-type=\"wp-page\" data-elementor-id=\"19445\" class=\"elementor elementor-19445 elementor-19406\" data-elementor-post-type=\"page\">\n\t\t\t\t<div class=\"elementor-element elementor-element-c1b9fda e-flex e-con-boxed e-con e-parent\" data-id=\"c1b9fda\" data-element_type=\"container\" data-e-type=\"container\">\n\t\t\t\t\t<div class=\"e-con-inner\">\n\t\t<div class=\"elementor-element elementor-element-322d936 e-con-full e-flex e-con e-child\" data-id=\"322d936\" data-element_type=\"container\" data-e-type=\"container\">\n\t\t\t\t<div class=\"elementor-element elementor-element-1c1c91d elementor-widget elementor-widget-image\" data-id=\"1c1c91d\" data-element_type=\"widget\" data-e-type=\"widget\" data-widget_type=\"image.default\">\n\t\t\t\t\t\t\t\t\t\t\t\t\t\t\t<img fetchpriority=\"high\" decoding=\"async\" width=\"2560\" height=\"2000\" src=\"https:\/\/galisur.es\/wp-content\/files\/Claraboya-2-scaled.png\" class=\"attachment-full size-full wp-image-19422\" alt=\"\" srcset=\"https:\/\/galisur.es\/wp-content\/files\/Claraboya-2-scaled.png 2560w, https:\/\/galisur.es\/wp-content\/files\/Claraboya-2-300x234.png 300w, https:\/\/galisur.es\/wp-content\/files\/Claraboya-2-1024x800.png 1024w, https:\/\/galisur.es\/wp-content\/files\/Claraboya-2-768x600.png 768w, https:\/\/galisur.es\/wp-content\/files\/Claraboya-2-1536x1200.png 1536w, https:\/\/galisur.es\/wp-content\/files\/Claraboya-2-2048x1600.png 2048w\" sizes=\"(max-width: 2560px) 100vw, 2560px\" title=\"\">\t\t\t\t\t\t\t\t\t\t\t\t\t\t\t<\/div>\n\t\t\t\t<\/div>\n\t\t<div class=\"elementor-element elementor-element-b036b73 e-con-full e-flex e-con e-child\" data-id=\"b036b73\" data-element_type=\"container\" data-e-type=\"container\">\n\t\t\t\t<div class=\"elementor-element elementor-element-d19934f elementor-widget elementor-widget-heading\" data-id=\"d19934f\" data-element_type=\"widget\" data-e-type=\"widget\" data-widget_type=\"heading.default\">\n\t\t\t\t\t<h1 class=\"elementor-heading-title elementor-size-default\">Luxia Oberlicht<\/h1>\t\t\t\t<\/div>\n\t\t\t\t<div class=\"elementor-element elementor-element-7cdd3a3 elementor-widget elementor-widget-text-editor\" data-id=\"7cdd3a3\" data-element_type=\"widget\" data-e-type=\"widget\" data-widget_type=\"text-editor.default\">\n\t\t\t\t\t\t\t\t\t<p>Das Luxia-Oberlicht ist eine hochwertige architektonische L\u00f6sung, die entwickelt wurde, um zenitale Beleuchtung, thermischen Komfort sowie ein klares und modernes Erscheinungsbild in allen Geb\u00e4udetypen zu bieten. Hergestellt aus hochfesten, stranggepressten Aluminiumprofilen, zeichnet sich Luxia durch seine Langlebigkeit, Leichtigkeit und Anpassungsf\u00e4higkeit an verschiedene Dachtypen aus \u2013 sowohl in Wohn-, Industrie- als auch in Gewerbeprojekten. <\/p><p><br>Dank seines modularen Designs und der Motorisierung erm\u00f6glicht Luxia eine effiziente Bel\u00fcftung, maximiert den Einfall von nat\u00fcrlichem Licht, reduziert den Bedarf an k\u00fcnstlicher Beleuchtung w\u00e4hrend des Tages und verbessert die Gesamtenergieeffizienz des Geb\u00e4udes.<\/p><p> <\/p>\t\t\t\t\t\t\t\t<\/div>\n\t\t\t\t<\/div>\n\t\t\t\t\t<\/div>\n\t\t\t\t<\/div>\n\t\t<div class=\"elementor-element elementor-element-70f2d06 e-flex e-con-boxed e-con e-parent\" data-id=\"70f2d06\" data-element_type=\"container\" data-e-type=\"container\" data-settings=\"{&quot;background_background&quot;:&quot;classic&quot;}\">\n\t\t\t\t\t<div class=\"e-con-inner\">\n\t\t<div class=\"elementor-element elementor-element-4a289a0 e-con-full e-flex e-con e-child\" data-id=\"4a289a0\" data-element_type=\"container\" data-e-type=\"container\">\n\t\t\t\t<div class=\"elementor-element elementor-element-43b1a6f elementor-widget elementor-widget-heading\" data-id=\"43b1a6f\" data-element_type=\"widget\" data-e-type=\"widget\" data-widget_type=\"heading.default\">\n\t\t\t\t\t<p class=\"elementor-heading-title elementor-size-default\">Technische Daten<\/p>\t\t\t\t<\/div>\n\t\t\t\t<div class=\"elementor-element elementor-element-320b600 elementor-widget elementor-widget-text-editor\" data-id=\"320b600\" data-element_type=\"widget\" data-e-type=\"widget\" data-widget_type=\"text-editor.default\">\n\t\t\t\t\t\t\t\t\t<p><a href=\"https:\/\/galisur.es\/de\/registrierung\/\">Registrieren Sie sich hier<\/a>, um auf das Dokument zuzugreifen.<\/p>\t\t\t\t\t\t\t\t<\/div>\n\t\t\t\t<\/div>\n\t\t<div class=\"elementor-element elementor-element-8a40819 e-con-full e-flex e-con e-child\" data-id=\"8a40819\" data-element_type=\"container\" data-e-type=\"container\">\n\t\t\t\t<div class=\"elementor-element elementor-element-2959d72 elementor-widget elementor-widget-heading\" data-id=\"2959d72\" data-element_type=\"widget\" data-e-type=\"widget\" data-widget_type=\"heading.default\">\n\t\t\t\t\t<p class=\"elementor-heading-title elementor-size-default\">Katalog<\/p>\t\t\t\t<\/div>\n\t\t\t\t<div class=\"elementor-element elementor-element-0d01171 elementor-widget elementor-widget-text-editor\" data-id=\"0d01171\" data-element_type=\"widget\" data-e-type=\"widget\" data-widget_type=\"text-editor.default\">\n\t\t\t\t\t\t\t\t\t<p><a href=\"https:\/\/galisur.es\/de\/registrierung\/\">Registrieren Sie sich hier<\/a>, um auf das Dokument zuzugreifen.<\/p>\t\t\t\t\t\t\t\t<\/div>\n\t\t\t\t<\/div>\n\t\t\t\t\t<\/div>\n\t\t\t\t<\/div>\n\t\t\t\t<\/div>\n\t\t","protected":false},"excerpt":{"rendered":"<p>Luxia Oberlicht Das Luxia-Oberlicht ist eine hochwertige architektonische L\u00f6sung, die entwickelt wurde, um zenitale Beleuchtung, thermischen Komfort sowie ein klares und modernes Erscheinungsbild in allen Geb\u00e4udetypen zu bieten. Hergestellt aus hochfesten, stranggepressten Aluminiumprofilen, zeichnet sich Luxia durch seine Langlebigkeit, Leichtigkeit und Anpassungsf\u00e4higkeit an verschiedene Dachtypen aus \u2013 sowohl in Wohn-, Industrie- als auch in Gewerbeprojekten. [&hellip;]<\/p>\n","protected":false},"author":18,"featured_media":0,"parent":17055,"menu_order":0,"comment_status":"closed","ping_status":"closed","template":"","meta":{"footnotes":""},"class_list":["post-19445","page","type-page","status-publish","hentry"],"yoast_head":"<!-- This site is optimized with the Yoast SEO plugin v27.2 - https:\/\/yoast.com\/product\/yoast-seo-wordpress\/ -->\n<title>Luxia | Aluminios Galisur<\/title>\n<meta name=\"description\" content=\"Luxia Oberlicht Das Luxia-Oberlicht ist eine hochwertige architektonische L\u00f6sung, die entwickelt wurde, um zenitale Beleuchtung, thermischen Komfort sowie\" \/>\n<meta name=\"robots\" content=\"index, follow, max-snippet:-1, max-image-preview:large, max-video-preview:-1\" \/>\n<link rel=\"canonical\" href=\"https:\/\/galisur.es\/de\/aussenverkleidung\/luxia\/\" \/>\n<meta property=\"og:locale\" content=\"de_DE\" \/>\n<meta property=\"og:type\" content=\"article\" \/>\n<meta property=\"og:title\" content=\"Luxia | Aluminios Galisur\" \/>\n<meta property=\"og:description\" content=\"Luxia Oberlicht Das Luxia-Oberlicht ist eine hochwertige architektonische L\u00f6sung, die entwickelt wurde, um zenitale Beleuchtung, thermischen Komfort sowie\" \/>\n<meta property=\"og:url\" content=\"https:\/\/galisur.es\/de\/aussenverkleidung\/luxia\/\" \/>\n<meta property=\"og:site_name\" content=\"Aluminios Galisur\" \/>\n<meta property=\"article:publisher\" content=\"https:\/\/www.facebook.com\/AluminiosGalisur\" \/>\n<meta property=\"article:modified_time\" content=\"2025-11-03T11:42:31+00:00\" \/>\n<meta property=\"og:image\" content=\"https:\/\/galisur.es\/wp-content\/files\/Claraboya-2-scaled.png\" \/>\n\t<meta property=\"og:image:width\" content=\"2560\" \/>\n\t<meta property=\"og:image:height\" content=\"2000\" \/>\n\t<meta property=\"og:image:type\" content=\"image\/png\" \/>\n<meta name=\"twitter:card\" content=\"summary_large_image\" \/>\n<meta name=\"twitter:site\" content=\"@AluminioGalisur\" \/>\n<meta name=\"twitter:label1\" content=\"Gesch\u00e4tzte Lesezeit\" \/>\n\t<meta name=\"twitter:data1\" content=\"1\u00a0Minute\" \/>\n<script type=\"application\/ld+json\" class=\"yoast-schema-graph\">{\"@context\":\"https:\/\/schema.org\",\"@graph\":[{\"@type\":\"WebPage\",\"@id\":\"https:\/\/galisur.es\/de\/aussenverkleidung\/luxia\/\",\"url\":\"https:\/\/galisur.es\/de\/aussenverkleidung\/luxia\/\",\"name\":\"Luxia | Aluminios Galisur\",\"isPartOf\":{\"@id\":\"https:\/\/galisur.es\/de\/#website\"},\"primaryImageOfPage\":{\"@id\":\"https:\/\/galisur.es\/de\/aussenverkleidung\/luxia\/#primaryimage\"},\"image\":{\"@id\":\"https:\/\/galisur.es\/de\/aussenverkleidung\/luxia\/#primaryimage\"},\"thumbnailUrl\":\"https:\/\/galisur.es\/wp-content\/files\/Claraboya-2-scaled.png\",\"datePublished\":\"2025-11-03T11:18:19+00:00\",\"dateModified\":\"2025-11-03T11:42:31+00:00\",\"description\":\"Luxia Oberlicht Das Luxia-Oberlicht ist eine hochwertige architektonische L\u00f6sung, die entwickelt wurde, um zenitale Beleuchtung, thermischen Komfort sowie\",\"breadcrumb\":{\"@id\":\"https:\/\/galisur.es\/de\/aussenverkleidung\/luxia\/#breadcrumb\"},\"inLanguage\":\"de\",\"potentialAction\":[{\"@type\":\"ReadAction\",\"target\":[\"https:\/\/galisur.es\/de\/aussenverkleidung\/luxia\/\"]}]},{\"@type\":\"ImageObject\",\"inLanguage\":\"de\",\"@id\":\"https:\/\/galisur.es\/de\/aussenverkleidung\/luxia\/#primaryimage\",\"url\":\"https:\/\/galisur.es\/wp-content\/files\/Claraboya-2-scaled.png\",\"contentUrl\":\"https:\/\/galisur.es\/wp-content\/files\/Claraboya-2-scaled.png\"},{\"@type\":\"BreadcrumbList\",\"@id\":\"https:\/\/galisur.es\/de\/aussenverkleidung\/luxia\/#breadcrumb\",\"itemListElement\":[{\"@type\":\"ListItem\",\"position\":1,\"name\":\"Portada\",\"item\":\"https:\/\/galisur.es\/de\/\"},{\"@type\":\"ListItem\",\"position\":2,\"name\":\"Au\u00dfenverkleidung\",\"item\":\"https:\/\/galisur.es\/de\/aussenverkleidung\/\"},{\"@type\":\"ListItem\",\"position\":3,\"name\":\"Luxia\"}]},{\"@type\":\"WebSite\",\"@id\":\"https:\/\/galisur.es\/de\/#website\",\"url\":\"https:\/\/galisur.es\/de\/\",\"name\":\"Aluminios Galisur\",\"description\":\"Aluminios Galisur\",\"publisher\":{\"@id\":\"https:\/\/galisur.es\/de\/#organization\"},\"potentialAction\":[{\"@type\":\"SearchAction\",\"target\":{\"@type\":\"EntryPoint\",\"urlTemplate\":\"https:\/\/galisur.es\/de\/?s={search_term_string}\"},\"query-input\":{\"@type\":\"PropertyValueSpecification\",\"valueRequired\":true,\"valueName\":\"search_term_string\"}}],\"inLanguage\":\"de\"},{\"@type\":\"Organization\",\"@id\":\"https:\/\/galisur.es\/de\/#organization\",\"name\":\"Galisur\",\"url\":\"https:\/\/galisur.es\/de\/\",\"logo\":{\"@type\":\"ImageObject\",\"inLanguage\":\"de\",\"@id\":\"https:\/\/galisur.es\/de\/#\/schema\/logo\/image\/\",\"url\":\"https:\/\/galisur.es\/wp-content\/files\/2021\/03\/logo-35x15-1.png\",\"contentUrl\":\"https:\/\/galisur.es\/wp-content\/files\/2021\/03\/logo-35x15-1.png\",\"width\":370,\"height\":176,\"caption\":\"Galisur\"},\"image\":{\"@id\":\"https:\/\/galisur.es\/de\/#\/schema\/logo\/image\/\"},\"sameAs\":[\"https:\/\/www.facebook.com\/AluminiosGalisur\",\"https:\/\/x.com\/AluminioGalisur\"]}]}<\/script>\n<!-- \/ Yoast SEO plugin. -->","yoast_head_json":{"title":"Luxia | Aluminios Galisur","description":"Luxia Oberlicht Das Luxia-Oberlicht ist eine hochwertige architektonische L\u00f6sung, die entwickelt wurde, um zenitale Beleuchtung, thermischen Komfort sowie","robots":{"index":"index","follow":"follow","max-snippet":"max-snippet:-1","max-image-preview":"max-image-preview:large","max-video-preview":"max-video-preview:-1"},"canonical":"https:\/\/galisur.es\/de\/aussenverkleidung\/luxia\/","og_locale":"de_DE","og_type":"article","og_title":"Luxia | Aluminios Galisur","og_description":"Luxia Oberlicht Das Luxia-Oberlicht ist eine hochwertige architektonische L\u00f6sung, die entwickelt wurde, um zenitale Beleuchtung, thermischen Komfort sowie","og_url":"https:\/\/galisur.es\/de\/aussenverkleidung\/luxia\/","og_site_name":"Aluminios Galisur","article_publisher":"https:\/\/www.facebook.com\/AluminiosGalisur","article_modified_time":"2025-11-03T11:42:31+00:00","og_image":[{"width":2560,"height":2000,"url":"https:\/\/galisur.es\/wp-content\/files\/Claraboya-2-scaled.png","type":"image\/png"}],"twitter_card":"summary_large_image","twitter_site":"@AluminioGalisur","twitter_misc":{"Gesch\u00e4tzte Lesezeit":"1\u00a0Minute"},"schema":{"@context":"https:\/\/schema.org","@graph":[{"@type":"WebPage","@id":"https:\/\/galisur.es\/de\/aussenverkleidung\/luxia\/","url":"https:\/\/galisur.es\/de\/aussenverkleidung\/luxia\/","name":"Luxia | Aluminios Galisur","isPartOf":{"@id":"https:\/\/galisur.es\/de\/#website"},"primaryImageOfPage":{"@id":"https:\/\/galisur.es\/de\/aussenverkleidung\/luxia\/#primaryimage"},"image":{"@id":"https:\/\/galisur.es\/de\/aussenverkleidung\/luxia\/#primaryimage"},"thumbnailUrl":"https:\/\/galisur.es\/wp-content\/files\/Claraboya-2-scaled.png","datePublished":"2025-11-03T11:18:19+00:00","dateModified":"2025-11-03T11:42:31+00:00","description":"Luxia Oberlicht Das Luxia-Oberlicht ist eine hochwertige architektonische L\u00f6sung, die entwickelt wurde, um zenitale Beleuchtung, thermischen Komfort sowie","breadcrumb":{"@id":"https:\/\/galisur.es\/de\/aussenverkleidung\/luxia\/#breadcrumb"},"inLanguage":"de","potentialAction":[{"@type":"ReadAction","target":["https:\/\/galisur.es\/de\/aussenverkleidung\/luxia\/"]}]},{"@type":"ImageObject","inLanguage":"de","@id":"https:\/\/galisur.es\/de\/aussenverkleidung\/luxia\/#primaryimage","url":"https:\/\/galisur.es\/wp-content\/files\/Claraboya-2-scaled.png","contentUrl":"https:\/\/galisur.es\/wp-content\/files\/Claraboya-2-scaled.png"},{"@type":"BreadcrumbList","@id":"https:\/\/galisur.es\/de\/aussenverkleidung\/luxia\/#breadcrumb","itemListElement":[{"@type":"ListItem","position":1,"name":"Portada","item":"https:\/\/galisur.es\/de\/"},{"@type":"ListItem","position":2,"name":"Au\u00dfenverkleidung","item":"https:\/\/galisur.es\/de\/aussenverkleidung\/"},{"@type":"ListItem","position":3,"name":"Luxia"}]},{"@type":"WebSite","@id":"https:\/\/galisur.es\/de\/#website","url":"https:\/\/galisur.es\/de\/","name":"Aluminios Galisur","description":"Aluminios Galisur","publisher":{"@id":"https:\/\/galisur.es\/de\/#organization"},"potentialAction":[{"@type":"SearchAction","target":{"@type":"EntryPoint","urlTemplate":"https:\/\/galisur.es\/de\/?s={search_term_string}"},"query-input":{"@type":"PropertyValueSpecification","valueRequired":true,"valueName":"search_term_string"}}],"inLanguage":"de"},{"@type":"Organization","@id":"https:\/\/galisur.es\/de\/#organization","name":"Galisur","url":"https:\/\/galisur.es\/de\/","logo":{"@type":"ImageObject","inLanguage":"de","@id":"https:\/\/galisur.es\/de\/#\/schema\/logo\/image\/","url":"https:\/\/galisur.es\/wp-content\/files\/2021\/03\/logo-35x15-1.png","contentUrl":"https:\/\/galisur.es\/wp-content\/files\/2021\/03\/logo-35x15-1.png","width":370,"height":176,"caption":"Galisur"},"image":{"@id":"https:\/\/galisur.es\/de\/#\/schema\/logo\/image\/"},"sameAs":["https:\/\/www.facebook.com\/AluminiosGalisur","https:\/\/x.com\/AluminioGalisur"]}]}},"_links":{"self":[{"href":"https:\/\/galisur.es\/de\/wp-json\/wp\/v2\/pages\/19445","targetHints":{"allow":["GET"]}}],"collection":[{"href":"https:\/\/galisur.es\/de\/wp-json\/wp\/v2\/pages"}],"about":[{"href":"https:\/\/galisur.es\/de\/wp-json\/wp\/v2\/types\/page"}],"author":[{"embeddable":true,"href":"https:\/\/galisur.es\/de\/wp-json\/wp\/v2\/users\/18"}],"replies":[{"embeddable":true,"href":"https:\/\/galisur.es\/de\/wp-json\/wp\/v2\/comments?post=19445"}],"version-history":[{"count":2,"href":"https:\/\/galisur.es\/de\/wp-json\/wp\/v2\/pages\/19445\/revisions"}],"predecessor-version":[{"id":19447,"href":"https:\/\/galisur.es\/de\/wp-json\/wp\/v2\/pages\/19445\/revisions\/19447"}],"up":[{"embeddable":true,"href":"https:\/\/galisur.es\/de\/wp-json\/wp\/v2\/pages\/17055"}],"wp:attachment":[{"href":"https:\/\/galisur.es\/de\/wp-json\/wp\/v2\/media?parent=19445"}],"curies":[{"name":"wp","href":"https:\/\/api.w.org\/{rel}","templated":true}]}}