{"id":19281,"date":"2025-09-09T09:54:54","date_gmt":"2025-09-09T07:54:54","guid":{"rendered":"https:\/\/galisur.es\/vertikale-serien\/motor-guillotine\/"},"modified":"2025-09-22T10:59:09","modified_gmt":"2025-09-22T08:59:09","slug":"motor-guillotine","status":"publish","type":"page","link":"https:\/\/galisur.es\/de\/vertikale-serien\/motor-guillotine\/","title":{"rendered":"MOTOR-GUILLOTINE"},"content":{"rendered":"\t\t<div data-elementor-type=\"wp-page\" data-elementor-id=\"19281\" class=\"elementor elementor-19281 elementor-19193\" data-elementor-post-type=\"page\">\n\t\t\t\t<div class=\"elementor-element elementor-element-cf59cfe e-flex e-con-boxed e-con e-parent\" data-id=\"cf59cfe\" data-element_type=\"container\" data-e-type=\"container\">\n\t\t\t\t\t<div class=\"e-con-inner\">\n\t\t<div class=\"elementor-element elementor-element-27d6b89 e-con-full e-flex e-con e-child\" data-id=\"27d6b89\" data-element_type=\"container\" data-e-type=\"container\">\n\t\t\t\t<div class=\"elementor-element elementor-element-ae4ee48 elementor-widget elementor-widget-image\" data-id=\"ae4ee48\" data-element_type=\"widget\" data-e-type=\"widget\" data-widget_type=\"image.default\">\n\t\t\t\t\t\t\t\t\t\t\t\t\t\t\t<img fetchpriority=\"high\" decoding=\"async\" width=\"3840\" height=\"3000\" src=\"https:\/\/galisur.es\/wp-content\/files\/Guillotina-motor-e1757418753489.png\" class=\"attachment-full size-full wp-image-16903\" alt=\"\" title=\"\">\t\t\t\t\t\t\t\t\t\t\t\t\t\t\t<\/div>\n\t\t\t\t<\/div>\n\t\t<div class=\"elementor-element elementor-element-d57c14b e-con-full e-flex e-con e-child\" data-id=\"d57c14b\" data-element_type=\"container\" data-e-type=\"container\">\n\t\t\t\t<div class=\"elementor-element elementor-element-0c79c2e elementor-widget elementor-widget-heading\" data-id=\"0c79c2e\" data-element_type=\"widget\" data-e-type=\"widget\" data-widget_type=\"heading.default\">\n\t\t\t\t\t<h1 class=\"elementor-heading-title elementor-size-default\">MOTORISIERTE GUILLOTINE<\/h1>\t\t\t\t<\/div>\n\t\t\t\t<div class=\"elementor-element elementor-element-d417341 elementor-widget elementor-widget-text-editor\" data-id=\"d417341\" data-element_type=\"widget\" data-e-type=\"widget\" data-widget_type=\"text-editor.default\">\n\t\t\t\t\t\t\t\t\t<p style=\"text-align: left;\">Vertikale Schiebeschreinerei mit thermischer Trennung, 165 mm Rahmen und 45 mm Fl\u00fcgeln. Fl\u00fcgelschiebet\u00fcr mit verstecktem 120NW-Motor per Fernbedienung oder Druckknopf. \u00d6ffnen von vertikal verschiebbaren und vorstehenden Fl\u00fcgeln mit verdeckten Scharnieren zur Bel\u00fcftung und Reinigung der Innenfl\u00fcgel. Dichtungen mit Tri-Fin-Fu\u00dfmatte, die die Qualit\u00e4t des Verschlusses gew\u00e4hrleisten.    Eingespritzte Aluminiumwinkel mit Edelstahlschrauben.<\/p>\t\t\t\t\t\t\t\t<\/div>\n\t\t\t\t<\/div>\n\t\t\t\t\t<\/div>\n\t\t\t\t<\/div>\n\t\t<div class=\"elementor-element elementor-element-88a0417 e-flex e-con-boxed e-con e-parent\" data-id=\"88a0417\" data-element_type=\"container\" data-e-type=\"container\" data-settings=\"{&quot;background_background&quot;:&quot;classic&quot;}\">\n\t\t\t\t\t<div class=\"e-con-inner\">\n\t\t<div class=\"elementor-element elementor-element-fdda0b2 e-con-full e-flex e-con e-child\" data-id=\"fdda0b2\" data-element_type=\"container\" data-e-type=\"container\">\n\t\t\t\t<div class=\"elementor-element elementor-element-2de5d4b elementor-widget elementor-widget-heading\" data-id=\"2de5d4b\" data-element_type=\"widget\" data-e-type=\"widget\" data-widget_type=\"heading.default\">\n\t\t\t\t\t<p class=\"elementor-heading-title elementor-size-default\">Technische Daten<\/p>\t\t\t\t<\/div>\n\t\t\t\t<div class=\"elementor-element elementor-element-4148698 elementor-widget elementor-widget-text-editor\" data-id=\"4148698\" data-element_type=\"widget\" data-e-type=\"widget\" data-widget_type=\"text-editor.default\">\n\t\t\t\t\t\t\t\t\t<p><a href=\"https:\/\/galisur.es\/de\/registrierung\/\">Registrieren Sie sich hier<\/a>, um auf das Dokument zuzugreifen.<\/p>\t\t\t\t\t\t\t\t<\/div>\n\t\t\t\t<\/div>\n\t\t<div class=\"elementor-element elementor-element-7c2df32 e-con-full e-flex e-con e-child\" data-id=\"7c2df32\" data-element_type=\"container\" data-e-type=\"container\">\n\t\t\t\t<div class=\"elementor-element elementor-element-3918280 elementor-widget elementor-widget-heading\" data-id=\"3918280\" data-element_type=\"widget\" data-e-type=\"widget\" data-widget_type=\"heading.default\">\n\t\t\t\t\t<p class=\"elementor-heading-title elementor-size-default\">Katalog<\/p>\t\t\t\t<\/div>\n\t\t\t\t<div class=\"elementor-element elementor-element-8aa7ea1 elementor-widget elementor-widget-text-editor\" data-id=\"8aa7ea1\" data-element_type=\"widget\" data-e-type=\"widget\" data-widget_type=\"text-editor.default\">\n\t\t\t\t\t\t\t\t\t<p><a href=\"https:\/\/galisur.es\/de\/registrierung\/\">Registrieren Sie sich hier<\/a>, um auf das Dokument zuzugreifen.<\/p>\t\t\t\t\t\t\t\t<\/div>\n\t\t\t\t<\/div>\n\t\t\t\t\t<\/div>\n\t\t\t\t<\/div>\n\t\t<div class=\"elementor-element elementor-element-54948fb e-flex e-con-boxed e-con e-parent\" data-id=\"54948fb\" data-element_type=\"container\" data-e-type=\"container\">\n\t\t\t\t\t<div class=\"e-con-inner\">\n\t\t<div class=\"elementor-element elementor-element-04ce48a e-con-full e-flex e-con e-child\" data-id=\"04ce48a\" data-element_type=\"container\" data-e-type=\"container\">\n\t\t\t\t<div class=\"elementor-element elementor-element-89b927b elementor-widget elementor-widget-image\" data-id=\"89b927b\" data-element_type=\"widget\" data-e-type=\"widget\" data-widget_type=\"image.default\">\n\t\t\t\t\t\t\t\t\t\t\t\t\t\t\t<img decoding=\"async\" width=\"2560\" height=\"2000\" src=\"https:\/\/galisur.es\/wp-content\/files\/Guillotina-motor-2-1-scaled.png\" class=\"attachment-full size-full wp-image-19203\" alt=\"\" srcset=\"https:\/\/galisur.es\/wp-content\/files\/Guillotina-motor-2-1-scaled.png 2560w, https:\/\/galisur.es\/wp-content\/files\/Guillotina-motor-2-1-300x234.png 300w, https:\/\/galisur.es\/wp-content\/files\/Guillotina-motor-2-1-1024x800.png 1024w, https:\/\/galisur.es\/wp-content\/files\/Guillotina-motor-2-1-768x600.png 768w, https:\/\/galisur.es\/wp-content\/files\/Guillotina-motor-2-1-1536x1200.png 1536w, https:\/\/galisur.es\/wp-content\/files\/Guillotina-motor-2-1-2048x1600.png 2048w\" sizes=\"(max-width: 2560px) 100vw, 2560px\" title=\"\">\t\t\t\t\t\t\t\t\t\t\t\t\t\t\t<\/div>\n\t\t\t\t<\/div>\n\t\t<div class=\"elementor-element elementor-element-b7f7587 e-con-full e-flex e-con e-child\" data-id=\"b7f7587\" data-element_type=\"container\" data-e-type=\"container\">\n\t\t\t\t<div class=\"elementor-element elementor-element-e3f641b elementor-widget elementor-widget-heading\" data-id=\"e3f641b\" data-element_type=\"widget\" data-e-type=\"widget\" data-widget_type=\"heading.default\">\n\t\t\t\t\t<h2 class=\"elementor-heading-title elementor-size-default\">Klassifizierung von Versuchen<\/h2>\t\t\t\t<\/div>\n\t\t\t\t<div class=\"elementor-element elementor-element-d51b269 elementor-widget elementor-widget-text-editor\" data-id=\"d51b269\" data-element_type=\"widget\" data-e-type=\"widget\" data-widget_type=\"text-editor.default\">\n\t\t\t\t\t\t\t\t\t<p>Anh\u00e4ngige Gerichtsverfahren<\/p>\t\t\t\t\t\t\t\t<\/div>\n\t\t\t\t<\/div>\n\t\t\t\t\t<\/div>\n\t\t\t\t<\/div>\n\t\t<div class=\"elementor-element elementor-element-2f9396b e-flex e-con-boxed e-con e-parent\" data-id=\"2f9396b\" data-element_type=\"container\" data-e-type=\"container\">\n\t\t\t\t\t<div class=\"e-con-inner\">\n\t\t<div class=\"elementor-element elementor-element-e5cdd0a e-con-full e-flex e-con e-child\" data-id=\"e5cdd0a\" data-element_type=\"container\" data-e-type=\"container\">\n\t\t\t\t<div class=\"elementor-element elementor-element-dee0362 elementor-widget elementor-widget-heading\" data-id=\"dee0362\" data-element_type=\"widget\" data-e-type=\"widget\" data-widget_type=\"heading.default\">\n\t\t\t\t\t<h3 class=\"elementor-heading-title elementor-size-default\">\u00d6ffnungsm\u00f6glichkeiten<\/h3>\t\t\t\t<\/div>\n\t\t\t\t<div class=\"elementor-element elementor-element-fa1a458 elementor-widget elementor-widget-image\" data-id=\"fa1a458\" data-element_type=\"widget\" data-e-type=\"widget\" data-widget_type=\"image.default\">\n\t\t\t\t\t\t\t\t\t\t\t\t\t\t\t<img decoding=\"async\" width=\"800\" height=\"250\" src=\"https:\/\/galisur.es\/wp-content\/files\/Guillotina-posibilidades-de-apertura.png\" class=\"attachment-full size-full wp-image-19213\" alt=\"\" srcset=\"https:\/\/galisur.es\/wp-content\/files\/Guillotina-posibilidades-de-apertura.png 800w, https:\/\/galisur.es\/wp-content\/files\/Guillotina-posibilidades-de-apertura-300x94.png 300w, https:\/\/galisur.es\/wp-content\/files\/Guillotina-posibilidades-de-apertura-768x240.png 768w\" sizes=\"(max-width: 800px) 100vw, 800px\" title=\"\">\t\t\t\t\t\t\t\t\t\t\t\t\t\t\t<\/div>\n\t\t\t\t<\/div>\n\t\t<div class=\"elementor-element elementor-element-5817b8f e-con-full e-flex e-con e-child\" data-id=\"5817b8f\" data-element_type=\"container\" data-e-type=\"container\">\n\t\t\t\t<div class=\"elementor-element elementor-element-af95e61 elementor-widget elementor-widget-heading\" data-id=\"af95e61\" data-element_type=\"widget\" data-e-type=\"widget\" data-widget_type=\"heading.default\">\n\t\t\t\t\t<h3 class=\"elementor-heading-title elementor-size-default\">Empfohlene Abmessungen<\/h3>\t\t\t\t<\/div>\n\t\t\t\t<div class=\"elementor-element elementor-element-a13088a elementor-widget elementor-widget-image\" data-id=\"a13088a\" data-element_type=\"widget\" data-e-type=\"widget\" data-widget_type=\"image.default\">\n\t\t\t\t\t\t\t\t\t\t\t\t\t\t\t<img loading=\"lazy\" decoding=\"async\" width=\"800\" height=\"250\" src=\"https:\/\/galisur.es\/wp-content\/files\/Guillotina-dimensiones-recomendadas.png\" class=\"attachment-full size-full wp-image-19208\" alt=\"\" srcset=\"https:\/\/galisur.es\/wp-content\/files\/Guillotina-dimensiones-recomendadas.png 800w, https:\/\/galisur.es\/wp-content\/files\/Guillotina-dimensiones-recomendadas-300x94.png 300w, https:\/\/galisur.es\/wp-content\/files\/Guillotina-dimensiones-recomendadas-768x240.png 768w\" sizes=\"(max-width: 800px) 100vw, 800px\" title=\"\">\t\t\t\t\t\t\t\t\t\t\t\t\t\t\t<\/div>\n\t\t\t\t<\/div>\n\t\t\t\t\t<\/div>\n\t\t\t\t<\/div>\n\t\t<div class=\"elementor-element elementor-element-8d5d486 e-flex e-con-boxed e-con e-parent\" data-id=\"8d5d486\" data-element_type=\"container\" data-e-type=\"container\" data-settings=\"{&quot;background_background&quot;:&quot;classic&quot;}\">\n\t\t\t\t\t<div class=\"e-con-inner\">\n\t\t\t\t<div class=\"elementor-element elementor-element-8a5c623 elementor-widget elementor-widget-heading\" data-id=\"8a5c623\" data-element_type=\"widget\" data-e-type=\"widget\" data-widget_type=\"heading.default\">\n\t\t\t\t\t<h3 class=\"elementor-heading-title elementor-size-default\">Vorteile<\/h3>\t\t\t\t<\/div>\n\t\t\t\t<div class=\"elementor-element elementor-element-00b1640 elementor-widget elementor-widget-text-editor\" data-id=\"00b1640\" data-element_type=\"widget\" data-e-type=\"widget\" data-widget_type=\"text-editor.default\">\n\t\t\t\t\t\t\t\t\t<p>Die motorisierte Guillotine ist die perfekte L\u00f6sung f\u00fcr alle, die Komfort, Design und Technologie in einem einzigen System suchen. Dank seiner automatischen vertikalen \u00d6ffnung k\u00f6nnen Sie die Bleche sanft, leise und m\u00fchelos mit einem Knopf oder Knopf anheben und absenken. Hergestellt aus Aluminiumprofilen mit thermischer Trennung, garantiert es eine hervorragende W\u00e4rme- und Schalld\u00e4mmung und verbessert die Energieeffizienz und den Komfort in jedem Raum. Seine Struktur bietet Festigkeit, Langlebigkeit und ein elegantes Finish, das sich sowohl an Wohn- als auch an Gewerbeprojekte anpasst. Die motorisierte Guillotine ist ideal f\u00fcr Terrassen, R\u00e4umlichkeiten und moderne H\u00e4user und vereint Sicherheit, Zweckm\u00e4\u00dfigkeit und \u00c4sthetik und ver\u00e4ndert die Art und Weise, wie Sie R\u00e4ume genie\u00dfen, mit einem Hauch von Innovation.    <\/p>\t\t\t\t\t\t\t\t<\/div>\n\t\t\t\t\t<\/div>\n\t\t\t\t<\/div>\n\t\t\t\t<\/div>\n\t\t","protected":false},"excerpt":{"rendered":"<p>MOTORISIERTE GUILLOTINE Vertikale Schiebeschreinerei mit thermischer Trennung, 165 mm Rahmen und 45 mm Fl\u00fcgeln. Fl\u00fcgelschiebet\u00fcr mit verstecktem 120NW-Motor per Fernbedienung oder Druckknopf. \u00d6ffnen von vertikal verschiebbaren und vorstehenden Fl\u00fcgeln mit verdeckten Scharnieren zur Bel\u00fcftung und Reinigung der Innenfl\u00fcgel. Dichtungen mit Tri-Fin-Fu\u00dfmatte, die die Qualit\u00e4t des Verschlusses gew\u00e4hrleisten. Eingespritzte Aluminiumwinkel mit Edelstahlschrauben. Technische Daten Herunterladen Registrieren [&hellip;]<\/p>\n","protected":false},"author":18,"featured_media":0,"parent":17533,"menu_order":0,"comment_status":"closed","ping_status":"closed","template":"","meta":{"footnotes":""},"class_list":["post-19281","page","type-page","status-publish","hentry"],"yoast_head":"<!-- This site is optimized with the Yoast SEO plugin v27.2 - https:\/\/yoast.com\/product\/yoast-seo-wordpress\/ -->\n<title>MOTOR-GUILLOTINE | Aluminios Galisur<\/title>\n<meta name=\"description\" content=\"MOTORISIERTE GUILLOTINE Vertikale Schiebeschreinerei mit thermischer Trennung, 165 mm Rahmen und 45 mm Fl\u00fcgeln. Fl\u00fcgelschiebet\u00fcr mit verstecktem\" \/>\n<meta name=\"robots\" content=\"index, follow, max-snippet:-1, max-image-preview:large, max-video-preview:-1\" \/>\n<link rel=\"canonical\" href=\"https:\/\/galisur.es\/de\/vertikale-serien\/motor-guillotine\/\" \/>\n<meta property=\"og:locale\" content=\"de_DE\" \/>\n<meta property=\"og:type\" content=\"article\" \/>\n<meta property=\"og:title\" content=\"MOTOR-GUILLOTINE | Aluminios Galisur\" \/>\n<meta property=\"og:description\" content=\"MOTORISIERTE GUILLOTINE Vertikale Schiebeschreinerei mit thermischer Trennung, 165 mm Rahmen und 45 mm Fl\u00fcgeln. Fl\u00fcgelschiebet\u00fcr mit verstecktem\" \/>\n<meta property=\"og:url\" content=\"https:\/\/galisur.es\/de\/vertikale-serien\/motor-guillotine\/\" \/>\n<meta property=\"og:site_name\" content=\"Aluminios Galisur\" \/>\n<meta property=\"article:publisher\" content=\"https:\/\/www.facebook.com\/AluminiosGalisur\" \/>\n<meta property=\"article:modified_time\" content=\"2025-09-22T08:59:09+00:00\" \/>\n<meta property=\"og:image\" content=\"https:\/\/galisur.es\/wp-content\/files\/Guillotina-motor-e1757418753489.png\" \/>\n\t<meta property=\"og:image:width\" content=\"2220\" \/>\n\t<meta property=\"og:image:height\" content=\"2065\" \/>\n\t<meta property=\"og:image:type\" content=\"image\/png\" \/>\n<meta name=\"twitter:card\" content=\"summary_large_image\" \/>\n<meta name=\"twitter:site\" content=\"@AluminioGalisur\" \/>\n<meta name=\"twitter:label1\" content=\"Gesch\u00e4tzte Lesezeit\" \/>\n\t<meta name=\"twitter:data1\" content=\"1\u00a0Minute\" \/>\n<script type=\"application\/ld+json\" class=\"yoast-schema-graph\">{\"@context\":\"https:\/\/schema.org\",\"@graph\":[{\"@type\":\"WebPage\",\"@id\":\"https:\/\/galisur.es\/de\/vertikale-serien\/motor-guillotine\/\",\"url\":\"https:\/\/galisur.es\/de\/vertikale-serien\/motor-guillotine\/\",\"name\":\"MOTOR-GUILLOTINE | Aluminios Galisur\",\"isPartOf\":{\"@id\":\"https:\/\/galisur.es\/de\/#website\"},\"primaryImageOfPage\":{\"@id\":\"https:\/\/galisur.es\/de\/vertikale-serien\/motor-guillotine\/#primaryimage\"},\"image\":{\"@id\":\"https:\/\/galisur.es\/de\/vertikale-serien\/motor-guillotine\/#primaryimage\"},\"thumbnailUrl\":\"https:\/\/galisur.es\/wp-content\/files\/Guillotina-motor-e1757418753489.png\",\"datePublished\":\"2025-09-09T07:54:54+00:00\",\"dateModified\":\"2025-09-22T08:59:09+00:00\",\"description\":\"MOTORISIERTE GUILLOTINE Vertikale Schiebeschreinerei mit thermischer Trennung, 165 mm Rahmen und 45 mm Fl\u00fcgeln. Fl\u00fcgelschiebet\u00fcr mit verstecktem\",\"breadcrumb\":{\"@id\":\"https:\/\/galisur.es\/de\/vertikale-serien\/motor-guillotine\/#breadcrumb\"},\"inLanguage\":\"de\",\"potentialAction\":[{\"@type\":\"ReadAction\",\"target\":[\"https:\/\/galisur.es\/de\/vertikale-serien\/motor-guillotine\/\"]}]},{\"@type\":\"ImageObject\",\"inLanguage\":\"de\",\"@id\":\"https:\/\/galisur.es\/de\/vertikale-serien\/motor-guillotine\/#primaryimage\",\"url\":\"https:\/\/galisur.es\/wp-content\/files\/Guillotina-motor-e1757418753489.png\",\"contentUrl\":\"https:\/\/galisur.es\/wp-content\/files\/Guillotina-motor-e1757418753489.png\"},{\"@type\":\"BreadcrumbList\",\"@id\":\"https:\/\/galisur.es\/de\/vertikale-serien\/motor-guillotine\/#breadcrumb\",\"itemListElement\":[{\"@type\":\"ListItem\",\"position\":1,\"name\":\"Portada\",\"item\":\"https:\/\/galisur.es\/de\/\"},{\"@type\":\"ListItem\",\"position\":2,\"name\":\"Vertikale Serien\",\"item\":\"https:\/\/galisur.es\/de\/vertikale-serien\/\"},{\"@type\":\"ListItem\",\"position\":3,\"name\":\"MOTOR-GUILLOTINE\"}]},{\"@type\":\"WebSite\",\"@id\":\"https:\/\/galisur.es\/de\/#website\",\"url\":\"https:\/\/galisur.es\/de\/\",\"name\":\"Aluminios Galisur\",\"description\":\"Aluminios Galisur\",\"publisher\":{\"@id\":\"https:\/\/galisur.es\/de\/#organization\"},\"potentialAction\":[{\"@type\":\"SearchAction\",\"target\":{\"@type\":\"EntryPoint\",\"urlTemplate\":\"https:\/\/galisur.es\/de\/?s={search_term_string}\"},\"query-input\":{\"@type\":\"PropertyValueSpecification\",\"valueRequired\":true,\"valueName\":\"search_term_string\"}}],\"inLanguage\":\"de\"},{\"@type\":\"Organization\",\"@id\":\"https:\/\/galisur.es\/de\/#organization\",\"name\":\"Galisur\",\"url\":\"https:\/\/galisur.es\/de\/\",\"logo\":{\"@type\":\"ImageObject\",\"inLanguage\":\"de\",\"@id\":\"https:\/\/galisur.es\/de\/#\/schema\/logo\/image\/\",\"url\":\"https:\/\/galisur.es\/wp-content\/files\/2021\/03\/logo-35x15-1.png\",\"contentUrl\":\"https:\/\/galisur.es\/wp-content\/files\/2021\/03\/logo-35x15-1.png\",\"width\":370,\"height\":176,\"caption\":\"Galisur\"},\"image\":{\"@id\":\"https:\/\/galisur.es\/de\/#\/schema\/logo\/image\/\"},\"sameAs\":[\"https:\/\/www.facebook.com\/AluminiosGalisur\",\"https:\/\/x.com\/AluminioGalisur\"]}]}<\/script>\n<!-- \/ Yoast SEO plugin. -->","yoast_head_json":{"title":"MOTOR-GUILLOTINE | Aluminios Galisur","description":"MOTORISIERTE GUILLOTINE Vertikale Schiebeschreinerei mit thermischer Trennung, 165 mm Rahmen und 45 mm Fl\u00fcgeln. Fl\u00fcgelschiebet\u00fcr mit verstecktem","robots":{"index":"index","follow":"follow","max-snippet":"max-snippet:-1","max-image-preview":"max-image-preview:large","max-video-preview":"max-video-preview:-1"},"canonical":"https:\/\/galisur.es\/de\/vertikale-serien\/motor-guillotine\/","og_locale":"de_DE","og_type":"article","og_title":"MOTOR-GUILLOTINE | Aluminios Galisur","og_description":"MOTORISIERTE GUILLOTINE Vertikale Schiebeschreinerei mit thermischer Trennung, 165 mm Rahmen und 45 mm Fl\u00fcgeln. Fl\u00fcgelschiebet\u00fcr mit verstecktem","og_url":"https:\/\/galisur.es\/de\/vertikale-serien\/motor-guillotine\/","og_site_name":"Aluminios Galisur","article_publisher":"https:\/\/www.facebook.com\/AluminiosGalisur","article_modified_time":"2025-09-22T08:59:09+00:00","og_image":[{"width":2220,"height":2065,"url":"https:\/\/galisur.es\/wp-content\/files\/Guillotina-motor-e1757418753489.png","type":"image\/png"}],"twitter_card":"summary_large_image","twitter_site":"@AluminioGalisur","twitter_misc":{"Gesch\u00e4tzte Lesezeit":"1\u00a0Minute"},"schema":{"@context":"https:\/\/schema.org","@graph":[{"@type":"WebPage","@id":"https:\/\/galisur.es\/de\/vertikale-serien\/motor-guillotine\/","url":"https:\/\/galisur.es\/de\/vertikale-serien\/motor-guillotine\/","name":"MOTOR-GUILLOTINE | Aluminios Galisur","isPartOf":{"@id":"https:\/\/galisur.es\/de\/#website"},"primaryImageOfPage":{"@id":"https:\/\/galisur.es\/de\/vertikale-serien\/motor-guillotine\/#primaryimage"},"image":{"@id":"https:\/\/galisur.es\/de\/vertikale-serien\/motor-guillotine\/#primaryimage"},"thumbnailUrl":"https:\/\/galisur.es\/wp-content\/files\/Guillotina-motor-e1757418753489.png","datePublished":"2025-09-09T07:54:54+00:00","dateModified":"2025-09-22T08:59:09+00:00","description":"MOTORISIERTE GUILLOTINE Vertikale Schiebeschreinerei mit thermischer Trennung, 165 mm Rahmen und 45 mm Fl\u00fcgeln. Fl\u00fcgelschiebet\u00fcr mit verstecktem","breadcrumb":{"@id":"https:\/\/galisur.es\/de\/vertikale-serien\/motor-guillotine\/#breadcrumb"},"inLanguage":"de","potentialAction":[{"@type":"ReadAction","target":["https:\/\/galisur.es\/de\/vertikale-serien\/motor-guillotine\/"]}]},{"@type":"ImageObject","inLanguage":"de","@id":"https:\/\/galisur.es\/de\/vertikale-serien\/motor-guillotine\/#primaryimage","url":"https:\/\/galisur.es\/wp-content\/files\/Guillotina-motor-e1757418753489.png","contentUrl":"https:\/\/galisur.es\/wp-content\/files\/Guillotina-motor-e1757418753489.png"},{"@type":"BreadcrumbList","@id":"https:\/\/galisur.es\/de\/vertikale-serien\/motor-guillotine\/#breadcrumb","itemListElement":[{"@type":"ListItem","position":1,"name":"Portada","item":"https:\/\/galisur.es\/de\/"},{"@type":"ListItem","position":2,"name":"Vertikale Serien","item":"https:\/\/galisur.es\/de\/vertikale-serien\/"},{"@type":"ListItem","position":3,"name":"MOTOR-GUILLOTINE"}]},{"@type":"WebSite","@id":"https:\/\/galisur.es\/de\/#website","url":"https:\/\/galisur.es\/de\/","name":"Aluminios Galisur","description":"Aluminios Galisur","publisher":{"@id":"https:\/\/galisur.es\/de\/#organization"},"potentialAction":[{"@type":"SearchAction","target":{"@type":"EntryPoint","urlTemplate":"https:\/\/galisur.es\/de\/?s={search_term_string}"},"query-input":{"@type":"PropertyValueSpecification","valueRequired":true,"valueName":"search_term_string"}}],"inLanguage":"de"},{"@type":"Organization","@id":"https:\/\/galisur.es\/de\/#organization","name":"Galisur","url":"https:\/\/galisur.es\/de\/","logo":{"@type":"ImageObject","inLanguage":"de","@id":"https:\/\/galisur.es\/de\/#\/schema\/logo\/image\/","url":"https:\/\/galisur.es\/wp-content\/files\/2021\/03\/logo-35x15-1.png","contentUrl":"https:\/\/galisur.es\/wp-content\/files\/2021\/03\/logo-35x15-1.png","width":370,"height":176,"caption":"Galisur"},"image":{"@id":"https:\/\/galisur.es\/de\/#\/schema\/logo\/image\/"},"sameAs":["https:\/\/www.facebook.com\/AluminiosGalisur","https:\/\/x.com\/AluminioGalisur"]}]}},"_links":{"self":[{"href":"https:\/\/galisur.es\/de\/wp-json\/wp\/v2\/pages\/19281","targetHints":{"allow":["GET"]}}],"collection":[{"href":"https:\/\/galisur.es\/de\/wp-json\/wp\/v2\/pages"}],"about":[{"href":"https:\/\/galisur.es\/de\/wp-json\/wp\/v2\/types\/page"}],"author":[{"embeddable":true,"href":"https:\/\/galisur.es\/de\/wp-json\/wp\/v2\/users\/18"}],"replies":[{"embeddable":true,"href":"https:\/\/galisur.es\/de\/wp-json\/wp\/v2\/comments?post=19281"}],"version-history":[{"count":5,"href":"https:\/\/galisur.es\/de\/wp-json\/wp\/v2\/pages\/19281\/revisions"}],"predecessor-version":[{"id":19297,"href":"https:\/\/galisur.es\/de\/wp-json\/wp\/v2\/pages\/19281\/revisions\/19297"}],"up":[{"embeddable":true,"href":"https:\/\/galisur.es\/de\/wp-json\/wp\/v2\/pages\/17533"}],"wp:attachment":[{"href":"https:\/\/galisur.es\/de\/wp-json\/wp\/v2\/media?parent=19281"}],"curies":[{"name":"wp","href":"https:\/\/api.w.org\/{rel}","templated":true}]}}