{"id":17666,"date":"2022-10-03T12:23:13","date_gmt":"2022-10-03T10:23:13","guid":{"rendered":"https:\/\/nervous-gagarin.141-94-206-129.plesk.page\/technische-tagungen\/"},"modified":"2025-06-30T10:28:22","modified_gmt":"2025-06-30T08:28:22","slug":"technische-tagungen","status":"publish","type":"page","link":"https:\/\/galisur.es\/de\/technische-tagungen\/","title":{"rendered":"Technische Tagungen"},"content":{"rendered":"\t\t<div data-elementor-type=\"wp-page\" data-elementor-id=\"17666\" class=\"elementor elementor-17666 elementor-12146\" data-elementor-post-type=\"page\">\n\t\t\t\t<div class=\"elementor-element elementor-element-1470f92 e-flex e-con-boxed e-con e-parent\" data-id=\"1470f92\" data-element_type=\"container\" data-e-type=\"container\" data-settings=\"{&quot;background_background&quot;:&quot;classic&quot;}\">\n\t\t\t\t\t<div class=\"e-con-inner\">\n\t\t\t\t<div class=\"elementor-element elementor-element-2973f16 elementor-widget elementor-widget-spacer\" data-id=\"2973f16\" data-element_type=\"widget\" data-e-type=\"widget\" data-widget_type=\"spacer.default\">\n\t\t\t\t\t\t\t<div class=\"elementor-spacer\">\n\t\t\t<div class=\"elementor-spacer-inner\"><\/div>\n\t\t<\/div>\n\t\t\t\t\t\t<\/div>\n\t\t\t\t\t<\/div>\n\t\t\t\t<\/div>\n\t\t<div class=\"elementor-element elementor-element-b39959d e-flex e-con-boxed e-con e-parent\" data-id=\"b39959d\" data-element_type=\"container\" data-e-type=\"container\" data-settings=\"{&quot;background_background&quot;:&quot;classic&quot;}\">\n\t\t\t\t\t<div class=\"e-con-inner\">\n\t\t<div class=\"elementor-element elementor-element-48bf7cc e-con-full e-flex e-con e-child\" data-id=\"48bf7cc\" data-element_type=\"container\" data-e-type=\"container\">\n\t\t\t\t<div class=\"elementor-element elementor-element-a65b8ab elementor-widget elementor-widget-heading\" data-id=\"a65b8ab\" data-element_type=\"widget\" data-e-type=\"widget\" data-widget_type=\"heading.default\">\n\t\t\t\t\t<h2 class=\"elementor-heading-title elementor-size-default\">Erfahren Sie, wie wir arbeiten<\/h2>\t\t\t\t<\/div>\n\t\t\t\t<div class=\"elementor-element elementor-element-548f5f7 elementor-widget-mobile__width-inherit elementor-widget elementor-widget-heading\" data-id=\"548f5f7\" data-element_type=\"widget\" data-e-type=\"widget\" data-widget_type=\"heading.default\">\n\t\t\t\t\t<h1 class=\"elementor-heading-title elementor-size-default\">FACHTAGUNG<\/h1>\t\t\t\t<\/div>\n\t\t\t\t<\/div>\n\t\t<div class=\"elementor-element elementor-element-4d1d277 e-con-full e-flex e-con e-child\" data-id=\"4d1d277\" data-element_type=\"container\" data-e-type=\"container\">\n\t\t\t\t<div class=\"elementor-element elementor-element-effb31e elementor-widget elementor-widget-text-editor\" data-id=\"effb31e\" data-element_type=\"widget\" data-e-type=\"widget\" data-widget_type=\"text-editor.default\">\n\t\t\t\t\t\t\t\t\t<p>Bei <strong>Aluminios <\/strong><strong>Galisur <\/strong>verf\u00fcgen wir \u00fcber mehr als 40 Jahre Erfahrung in den Bereichen <strong>Extrusion<\/strong>, <strong>Lackierung <\/strong>und Profilierung von Aluminium. Wir \u00f6ffnen Ihnen die T\u00fcren unserer Niederlassung in Sevilla, damit Sie uns besuchen und mehr \u00fcber das f\u00fchrende Unternehmen der Branche erfahren k\u00f6nnen. <\/p>\n\t\t\t\t\t\t\t\t<\/div>\n\t\t\t\t<\/div>\n\t\t\t\t\t<\/div>\n\t\t\t\t<\/div>\n\t\t<div class=\"elementor-element elementor-element-146c1df e-flex e-con-boxed e-con e-parent\" data-id=\"146c1df\" data-element_type=\"container\" data-e-type=\"container\">\n\t\t\t\t\t<div class=\"e-con-inner\">\n\t\t\t\t<div class=\"elementor-element elementor-element-991377e elementor-widget elementor-widget-text-editor\" data-id=\"991377e\" data-element_type=\"widget\" data-e-type=\"widget\" data-widget_type=\"text-editor.default\">\n\t\t\t\t\t\t\t\t\t<p>Wir w\u00fcrden uns freuen, diesen Raum mit Ihnen zu teilen. Wir \u00f6ffnen die T\u00fcren unseres Showrooms, damit er zu einem Ort der Inspiration f\u00fcr neue Projekte zwischen Designern, Anwendern und Installateuren wird, ein Raum, der uns weiter wachsen l\u00e4sst. Au\u00dferdem k\u00f6nnen Sie unsere B\u00fcros und die beeindruckende Fabrik mit der modernsten Technologie Spaniens und sogar Europas besuchen. <\/p>\n<p>An diesem Tag k\u00f6nnen Sie:<\/p>\n<ul>\n<li><strong>Besuchen Sie unseren modernen und umfassenden Showroom<\/strong><\/li>\n<li><strong>Lernen Sie unsere Einrichtungenkennen<\/strong><\/li>\n<li><strong>Genie\u00dfen Sie eine gef\u00fchrte Werksbesichtigung<\/strong><\/li>\n<li><strong>Entdecken Sie die innovativen Produktionsmaschinen<\/strong><\/li>\n<li><strong>Verstehen Sie den Prozess , den Aluminium vom Eingang bis zum Verlassen unserer Einrichtungen durchl\u00e4uft .<\/strong><\/li>\n<li><strong>Tauchen Sie <\/strong>e<strong>in in die Geschichte von Aluminios Galisur von den Anf\u00e4ngen bis heute .<\/strong><\/li>\n<\/ul>\n\t\t\t\t\t\t\t\t<\/div>\n\t\t\t\t\t<\/div>\n\t\t\t\t<\/div>\n\t\t<div class=\"elementor-element elementor-element-d0a0502 e-flex e-con-boxed e-con e-parent\" data-id=\"d0a0502\" data-element_type=\"container\" data-e-type=\"container\" data-settings=\"{&quot;background_background&quot;:&quot;classic&quot;}\">\n\t\t\t\t\t<div class=\"e-con-inner\">\n\t\t<div class=\"elementor-element elementor-element-49b55c8 e-con-full e-flex e-con e-child\" data-id=\"49b55c8\" data-element_type=\"container\" data-e-type=\"container\">\n\t\t\t\t<div class=\"elementor-element elementor-element-ad17826 elementor-widget elementor-widget-image\" data-id=\"ad17826\" data-element_type=\"widget\" data-e-type=\"widget\" data-widget_type=\"image.default\">\n\t\t\t\t\t\t\t\t\t\t\t\t\t\t\t<img fetchpriority=\"high\" decoding=\"async\" width=\"4032\" height=\"3024\" src=\"https:\/\/galisur.es\/wp-content\/files\/visita-3.png\" class=\"attachment-full size-full wp-image-15767\" alt=\"visitar fabrica aluminio\" srcset=\"https:\/\/galisur.es\/wp-content\/files\/visita-3.png 4032w, https:\/\/galisur.es\/wp-content\/files\/visita-3-300x225.png 300w, https:\/\/galisur.es\/wp-content\/files\/visita-3-1024x768.png 1024w, https:\/\/galisur.es\/wp-content\/files\/visita-3-768x576.png 768w, https:\/\/galisur.es\/wp-content\/files\/visita-3-1536x1152.png 1536w, https:\/\/galisur.es\/wp-content\/files\/visita-3-2048x1536.png 2048w\" sizes=\"(max-width: 4032px) 100vw, 4032px\" title=\"\">\t\t\t\t\t\t\t\t\t\t\t\t\t\t\t<\/div>\n\t\t\t\t<\/div>\n\t\t<div class=\"elementor-element elementor-element-c94f27b e-con-full e-flex e-con e-child\" data-id=\"c94f27b\" data-element_type=\"container\" data-e-type=\"container\">\n\t\t\t\t<div class=\"elementor-element elementor-element-750ed5c elementor-widget elementor-widget-text-editor\" data-id=\"750ed5c\" data-element_type=\"widget\" data-e-type=\"widget\" data-widget_type=\"text-editor.default\">\n\t\t\t\t\t\t\t\t\t<p>Zur Anmeldung f\u00fcllen Sie bitte das folgende Formular aus:<\/p>\n\t\t\t\t\t\t\t\t<\/div>\n\t\t\t\t<div class=\"elementor-element elementor-element-54f3562 elementor-button-align-start elementor-widget__width-inherit elementor-widget-mobile__width-inherit elementor-widget elementor-widget-form\" data-id=\"54f3562\" data-element_type=\"widget\" data-e-type=\"widget\" data-settings=\"{&quot;step_next_label&quot;:&quot;Weiter&quot;,&quot;step_previous_label&quot;:&quot;Vorherige&quot;,&quot;button_width&quot;:&quot;100&quot;,&quot;step_type&quot;:&quot;number_text&quot;,&quot;step_icon_shape&quot;:&quot;circle&quot;}\" data-widget_type=\"form.default\">\n\t\t\t\t\t\t\t<form class=\"elementor-form\" method=\"post\" name=\"Besuche aufder Reise\" aria-label=\"Besuche aufder Reise\">\n\t\t\t<input type=\"hidden\" name=\"post_id\" value=\"17666\"\/>\n\t\t\t<input type=\"hidden\" name=\"form_id\" value=\"54f3562\"\/>\n\t\t\t<input type=\"hidden\" name=\"referer_title\" value=\"Technische Tagungen | Aluminios Galisur\" \/>\n\n\t\t\t\t\t\t\t<input type=\"hidden\" name=\"queried_id\" value=\"17666\"\/>\n\t\t\t\n\t\t\t<div class=\"elementor-form-fields-wrapper elementor-labels-\">\n\t\t\t\t\t\t\t\t<div class=\"elementor-field-type-text elementor-field-group elementor-column elementor-field-group-name elementor-col-50 elementor-md-100 elementor-field-required\">\n\t\t\t\t\t\t\t\t\t\t\t\t<label for=\"form-field-name\" class=\"elementor-field-label elementor-screen-only\">\n\t\t\t\t\t\t\t\tName\t\t\t\t\t\t\t<\/label>\n\t\t\t\t\t\t\t\t\t\t\t\t\t\t<input size=\"1\" type=\"text\" name=\"form_fields[name]\" id=\"form-field-name\" class=\"elementor-field elementor-size-sm  elementor-field-textual\" placeholder=\"Name\" required=\"required\">\n\t\t\t\t\t\t\t\t\t\t\t<\/div>\n\t\t\t\t\t\t\t\t<div class=\"elementor-field-type-email elementor-field-group elementor-column elementor-field-group-email elementor-col-50 elementor-md-100 elementor-field-required\">\n\t\t\t\t\t\t\t\t\t\t\t\t<label for=\"form-field-email\" class=\"elementor-field-label elementor-screen-only\">\n\t\t\t\t\t\t\t\tE-Mail\t\t\t\t\t\t\t<\/label>\n\t\t\t\t\t\t\t\t\t\t\t\t\t\t<input size=\"1\" type=\"email\" name=\"form_fields[email]\" id=\"form-field-email\" class=\"elementor-field elementor-size-sm  elementor-field-textual\" placeholder=\"E-Mail\" required=\"required\">\n\t\t\t\t\t\t\t\t\t\t\t<\/div>\n\t\t\t\t\t\t\t\t<div class=\"elementor-field-type-text elementor-field-group elementor-column elementor-field-group-field_d6fb849 elementor-col-50 elementor-md-100 elementor-field-required\">\n\t\t\t\t\t\t\t\t\t\t\t\t<label for=\"form-field-field_d6fb849\" class=\"elementor-field-label elementor-screen-only\">\n\t\t\t\t\t\t\t\tUnternehmen\t\t\t\t\t\t\t<\/label>\n\t\t\t\t\t\t\t\t\t\t\t\t\t\t<input size=\"1\" type=\"text\" name=\"form_fields[field_d6fb849]\" id=\"form-field-field_d6fb849\" class=\"elementor-field elementor-size-sm  elementor-field-textual\" placeholder=\"Unternehmen\" required=\"required\">\n\t\t\t\t\t\t\t\t\t\t\t<\/div>\n\t\t\t\t\t\t\t\t<div class=\"elementor-field-type-tel elementor-field-group elementor-column elementor-field-group-field_0d3493f elementor-col-50 elementor-md-100 elementor-field-required\">\n\t\t\t\t\t\t\t\t\t\t\t\t<label for=\"form-field-field_0d3493f\" class=\"elementor-field-label elementor-screen-only\">\n\t\t\t\t\t\t\t\tTelefon\t\t\t\t\t\t\t<\/label>\n\t\t\t\t\t\t\t\t<input size=\"1\" type=\"tel\" name=\"form_fields[field_0d3493f]\" id=\"form-field-field_0d3493f\" class=\"elementor-field elementor-size-sm  elementor-field-textual\" placeholder=\"Telefon\" required=\"required\" pattern=\"[0-9()#&amp;+*-=.]+\" title=\"Nur Nummern oder Telefon-Zeichen (#, -, *, etc) werden akzeptiert.\">\n\n\t\t\t\t\t\t<\/div>\n\t\t\t\t\t\t\t\t<div class=\"elementor-field-type-text elementor-field-group elementor-column elementor-field-group-field_7f6c6b4 elementor-col-100 elementor-field-required\">\n\t\t\t\t\t\t\t\t\t\t\t\t<label for=\"form-field-field_7f6c6b4\" class=\"elementor-field-label elementor-screen-only\">\n\t\t\t\t\t\t\t\tStadt\t\t\t\t\t\t\t<\/label>\n\t\t\t\t\t\t\t\t\t\t\t\t\t\t<input size=\"1\" type=\"text\" name=\"form_fields[field_7f6c6b4]\" id=\"form-field-field_7f6c6b4\" class=\"elementor-field elementor-size-sm  elementor-field-textual\" placeholder=\"Stadt\" required=\"required\">\n\t\t\t\t\t\t\t\t\t\t\t<\/div>\n\t\t\t\t\t\t\t\t<div class=\"elementor-field-type-textarea elementor-field-group elementor-column elementor-field-group-field_51e0066 elementor-col-100 elementor-field-required\">\n\t\t\t\t\t\t\t\t\t\t\t\t<label for=\"form-field-field_51e0066\" class=\"elementor-field-label elementor-screen-only\">\n\t\t\t\t\t\t\t\tNachricht\t\t\t\t\t\t\t<\/label>\n\t\t\t\t\t\t<textarea class=\"elementor-field-textual elementor-field  elementor-size-sm\" name=\"form_fields[field_51e0066]\" id=\"form-field-field_51e0066\" rows=\"4\" placeholder=\"Nachricht\" required=\"required\"><\/textarea>\t\t\t\t<\/div>\n\t\t\t\t\t\t\t\t<div class=\"elementor-field-type-html elementor-field-group elementor-column elementor-field-group-field_14c4a72 elementor-col-100\">\n\t\t\t\t\tDATENSCHUTZ: In \u00dcbereinstimmung mit den Datenschutzbestimmungen stellen wir Ihnen folgende Informationen zur Datenverarbeitung zur Verf\u00fcgung:<br>Verantwortlicher: Galisur S.L. Zweck der Verarbeitung: Aufrechterhaltung einer Gesch\u00e4ftsbeziehung und Versand von Informationen zu Produkten oder Dienstleistungen <br>Ihre Rechte: Zugang, Berichtigung, \u00dcbertragbarkeit, L\u00f6schung, Einschr\u00e4nkung und Widerspruch<br><br>Weitere Informationen zur Verarbeitung: <a href=\"\/wp-content\/uploads\/Politica-de-PRIVACIDAD-Galisur-SL.pdf\" target=\"_blank\">Datenschutzerkl\u00e4rung<\/a> oder unter <a href=\"mailto:info@galisur.es\">info@galisur.es<\/a>\t\t\t\t<\/div>\n\t\t\t\t\t\t\t\t<div class=\"elementor-field-type-acceptance elementor-field-group elementor-column elementor-field-group-field_95dca0f elementor-col-100 elementor-field-required\">\n\t\t\t\t\t\t\t\t\t\t\t\t<label for=\"form-field-field_95dca0f\" class=\"elementor-field-label elementor-screen-only\">\n\t\t\t\t\t\t\t\tRechtliche Hinweise\t\t\t\t\t\t\t<\/label>\n\t\t\t\t\t\t\t\t<div class=\"elementor-field-subgroup\">\n\t\t\t<span class=\"elementor-field-option\">\n\t\t\t\t<input type=\"checkbox\" name=\"form_fields[field_95dca0f]\" id=\"form-field-field_95dca0f\" class=\"elementor-field elementor-size-sm  elementor-acceptance-field\" required=\"required\">\n\t\t\t\t<label for=\"form-field-field_95dca0f\">Ich stimme der Verarbeitung meiner Daten zum Zweck der Zusendung von Informationen zu Produkten oder Dienstleistungen zu.<\/label>\t\t\t<\/span>\n\t\t<\/div>\n\t\t\t\t\t\t<\/div>\n\t\t\t\t\t\t\t\t<div class=\"elementor-field-group elementor-column elementor-field-type-submit elementor-col-100 e-form__buttons\">\n\t\t\t\t\t<button class=\"elementor-button elementor-size-sm\" type=\"submit\">\n\t\t\t\t\t\t<span class=\"elementor-button-content-wrapper\">\n\t\t\t\t\t\t\t\t\t\t\t\t\t\t\t\t\t\t\t\t\t\t<span class=\"elementor-button-text\">Besuche aufder Reise<\/span>\n\t\t\t\t\t\t\t\t\t\t\t\t\t<\/span>\n\t\t\t\t\t<\/button>\n\t\t\t\t<\/div>\n\t\t\t<\/div>\n\t\t<\/form>\n\t\t\t\t\t\t<\/div>\n\t\t\t\t<\/div>\n\t\t\t\t\t<\/div>\n\t\t\t\t<\/div>\n\t\t<div class=\"elementor-element elementor-element-c1e7e3b e-flex e-con-boxed e-con e-parent\" data-id=\"c1e7e3b\" data-element_type=\"container\" data-e-type=\"container\">\n\t\t\t\t\t<div class=\"e-con-inner\">\n\t\t<div class=\"elementor-element elementor-element-9b362db e-con-full e-flex e-con e-child\" data-id=\"9b362db\" data-element_type=\"container\" data-e-type=\"container\">\n\t\t\t\t<div class=\"elementor-element elementor-element-5a1ca4a elementor-widget elementor-widget-heading\" data-id=\"5a1ca4a\" data-element_type=\"widget\" data-e-type=\"widget\" data-widget_type=\"heading.default\">\n\t\t\t\t\t<h2 class=\"elementor-heading-title elementor-size-default\">Ein 360\u00ba-Erlebnis , das Sie nicht gleichg\u00fcltig lassen wird.<\/h2>\t\t\t\t<\/div>\n\t\t\t\t<div class=\"elementor-element elementor-element-b23e50e elementor-widget elementor-widget-text-editor\" data-id=\"b23e50e\" data-element_type=\"widget\" data-e-type=\"widget\" data-widget_type=\"text-editor.default\">\n\t\t\t\t\t\t\t\t\t<p>Wenn Sie mehr \u00fcber Aluminios Galisur erfahren m\u00f6chten, ist dies zweifellos Ihre Chance. Wir w\u00fcrden uns freuen, Ihnen individuell alles \u00fcber das Unternehmen zu zeigen. <\/p>\n<p>Lernen Sie die verschiedenen Abteilungen kennen, die Aluminios Galisur aufgrund ihrer Qualit\u00e4t und ihres umfassenden Leistungsangebots zur Nummer 1 machen.<\/p>\n<p>Wir haben 280 Mitarbeiter und eine Vielzahl von Abteilungen. Komm und lerne uns kennen! <\/p>\n\t\t\t\t\t\t\t\t<\/div>\n\t\t\t\t<\/div>\n\t\t<div class=\"elementor-element elementor-element-d03a892 e-con-full e-flex e-con e-child\" data-id=\"d03a892\" data-element_type=\"container\" data-e-type=\"container\">\n\t\t\t\t<div class=\"elementor-element elementor-element-91875d0 elementor-widget elementor-widget-image\" data-id=\"91875d0\" data-element_type=\"widget\" data-e-type=\"widget\" data-widget_type=\"image.default\">\n\t\t\t\t\t\t\t\t\t\t\t\t\t\t\t<img decoding=\"async\" width=\"4032\" height=\"3024\" src=\"https:\/\/galisur.es\/wp-content\/files\/visita-5.png\" class=\"attachment-full size-full wp-image-15775\" alt=\"visitar fabrica aluminio\" srcset=\"https:\/\/galisur.es\/wp-content\/files\/visita-5.png 4032w, https:\/\/galisur.es\/wp-content\/files\/visita-5-300x225.png 300w, https:\/\/galisur.es\/wp-content\/files\/visita-5-1024x768.png 1024w, https:\/\/galisur.es\/wp-content\/files\/visita-5-768x576.png 768w, https:\/\/galisur.es\/wp-content\/files\/visita-5-1536x1152.png 1536w, https:\/\/galisur.es\/wp-content\/files\/visita-5-2048x1536.png 2048w\" sizes=\"(max-width: 4032px) 100vw, 4032px\" title=\"\">\t\t\t\t\t\t\t\t\t\t\t\t\t\t\t<\/div>\n\t\t\t\t<\/div>\n\t\t\t\t\t<\/div>\n\t\t\t\t<\/div>\n\t\t\t\t<\/div>\n\t\t","protected":false},"excerpt":{"rendered":"<p>Erfahren Sie, wie wir arbeiten FACHTAGUNG Bei Aluminios Galisur verf\u00fcgen wir \u00fcber mehr als 40 Jahre Erfahrung in den Bereichen Extrusion, Lackierung und Profilierung von Aluminium. Wir \u00f6ffnen Ihnen die T\u00fcren unserer Niederlassung in Sevilla, damit Sie uns besuchen und mehr \u00fcber das f\u00fchrende Unternehmen der Branche erfahren k\u00f6nnen. Wir w\u00fcrden uns freuen, diesen Raum [&hellip;]<\/p>\n","protected":false},"author":1998,"featured_media":15783,"parent":0,"menu_order":0,"comment_status":"closed","ping_status":"closed","template":"","meta":{"footnotes":""},"class_list":["post-17666","page","type-page","status-publish","has-post-thumbnail","hentry"],"yoast_head":"<!-- This site is optimized with the Yoast SEO plugin v27.2 - https:\/\/yoast.com\/product\/yoast-seo-wordpress\/ -->\n<title>Technische Tagungen | Aluminios Galisur<\/title>\n<meta name=\"description\" content=\"Besuchen Sie Aluminios Galisur in Sevilla | F\u00fchrendes Unternehmen im Aluminiumbereich. Entdecken Sie die innovativen Maschinen und die moderne Fabrik von PROYLAC.\" \/>\n<meta name=\"robots\" content=\"index, follow, max-snippet:-1, max-image-preview:large, max-video-preview:-1\" \/>\n<link rel=\"canonical\" href=\"https:\/\/galisur.es\/de\/technische-tagungen\/\" \/>\n<meta property=\"og:locale\" content=\"de_DE\" \/>\n<meta property=\"og:type\" content=\"article\" \/>\n<meta property=\"og:title\" content=\"Technische Tagungen | Aluminios Galisur\" \/>\n<meta property=\"og:description\" content=\"Besuchen Sie Aluminios Galisur in Sevilla | F\u00fchrendes Unternehmen im Aluminiumbereich. Entdecken Sie die innovativen Maschinen und die moderne Fabrik von PROYLAC.\" \/>\n<meta property=\"og:url\" content=\"https:\/\/galisur.es\/de\/technische-tagungen\/\" \/>\n<meta property=\"og:site_name\" content=\"Aluminios Galisur\" \/>\n<meta property=\"article:publisher\" content=\"https:\/\/www.facebook.com\/AluminiosGalisur\" \/>\n<meta property=\"article:modified_time\" content=\"2025-06-30T08:28:22+00:00\" \/>\n<meta property=\"og:image\" content=\"https:\/\/galisur.es\/wp-content\/files\/cabcera-jornadas.png\" \/>\n\t<meta property=\"og:image:width\" content=\"1920\" \/>\n\t<meta property=\"og:image:height\" content=\"356\" \/>\n\t<meta property=\"og:image:type\" content=\"image\/png\" \/>\n<meta name=\"twitter:card\" content=\"summary_large_image\" \/>\n<meta name=\"twitter:site\" content=\"@AluminioGalisur\" \/>\n<meta name=\"twitter:label1\" content=\"Gesch\u00e4tzte Lesezeit\" \/>\n\t<meta name=\"twitter:data1\" content=\"1\u00a0Minute\" \/>\n<script type=\"application\/ld+json\" class=\"yoast-schema-graph\">{\"@context\":\"https:\/\/schema.org\",\"@graph\":[{\"@type\":\"WebPage\",\"@id\":\"https:\/\/galisur.es\/de\/technische-tagungen\/\",\"url\":\"https:\/\/galisur.es\/de\/technische-tagungen\/\",\"name\":\"Technische Tagungen | Aluminios Galisur\",\"isPartOf\":{\"@id\":\"https:\/\/galisur.es\/de\/#website\"},\"primaryImageOfPage\":{\"@id\":\"https:\/\/galisur.es\/de\/technische-tagungen\/#primaryimage\"},\"image\":{\"@id\":\"https:\/\/galisur.es\/de\/technische-tagungen\/#primaryimage\"},\"thumbnailUrl\":\"https:\/\/galisur.es\/wp-content\/files\/cabcera-jornadas.png\",\"datePublished\":\"2022-10-03T10:23:13+00:00\",\"dateModified\":\"2025-06-30T08:28:22+00:00\",\"description\":\"Besuchen Sie Aluminios Galisur in Sevilla | F\u00fchrendes Unternehmen im Aluminiumbereich. Entdecken Sie die innovativen Maschinen und die moderne Fabrik von PROYLAC.\",\"breadcrumb\":{\"@id\":\"https:\/\/galisur.es\/de\/technische-tagungen\/#breadcrumb\"},\"inLanguage\":\"de\",\"potentialAction\":[{\"@type\":\"ReadAction\",\"target\":[\"https:\/\/galisur.es\/de\/technische-tagungen\/\"]}]},{\"@type\":\"ImageObject\",\"inLanguage\":\"de\",\"@id\":\"https:\/\/galisur.es\/de\/technische-tagungen\/#primaryimage\",\"url\":\"https:\/\/galisur.es\/wp-content\/files\/cabcera-jornadas.png\",\"contentUrl\":\"https:\/\/galisur.es\/wp-content\/files\/cabcera-jornadas.png\",\"width\":1920,\"height\":356},{\"@type\":\"BreadcrumbList\",\"@id\":\"https:\/\/galisur.es\/de\/technische-tagungen\/#breadcrumb\",\"itemListElement\":[{\"@type\":\"ListItem\",\"position\":1,\"name\":\"Portada\",\"item\":\"https:\/\/galisur.es\/de\/\"},{\"@type\":\"ListItem\",\"position\":2,\"name\":\"Technische Tagungen\"}]},{\"@type\":\"WebSite\",\"@id\":\"https:\/\/galisur.es\/de\/#website\",\"url\":\"https:\/\/galisur.es\/de\/\",\"name\":\"Aluminios Galisur\",\"description\":\"Aluminios Galisur\",\"publisher\":{\"@id\":\"https:\/\/galisur.es\/de\/#organization\"},\"potentialAction\":[{\"@type\":\"SearchAction\",\"target\":{\"@type\":\"EntryPoint\",\"urlTemplate\":\"https:\/\/galisur.es\/de\/?s={search_term_string}\"},\"query-input\":{\"@type\":\"PropertyValueSpecification\",\"valueRequired\":true,\"valueName\":\"search_term_string\"}}],\"inLanguage\":\"de\"},{\"@type\":\"Organization\",\"@id\":\"https:\/\/galisur.es\/de\/#organization\",\"name\":\"Galisur\",\"url\":\"https:\/\/galisur.es\/de\/\",\"logo\":{\"@type\":\"ImageObject\",\"inLanguage\":\"de\",\"@id\":\"https:\/\/galisur.es\/de\/#\/schema\/logo\/image\/\",\"url\":\"https:\/\/galisur.es\/wp-content\/files\/2021\/03\/logo-35x15-1.png\",\"contentUrl\":\"https:\/\/galisur.es\/wp-content\/files\/2021\/03\/logo-35x15-1.png\",\"width\":370,\"height\":176,\"caption\":\"Galisur\"},\"image\":{\"@id\":\"https:\/\/galisur.es\/de\/#\/schema\/logo\/image\/\"},\"sameAs\":[\"https:\/\/www.facebook.com\/AluminiosGalisur\",\"https:\/\/x.com\/AluminioGalisur\"]}]}<\/script>\n<!-- \/ Yoast SEO plugin. -->","yoast_head_json":{"title":"Technische Tagungen | Aluminios Galisur","description":"Besuchen Sie Aluminios Galisur in Sevilla | F\u00fchrendes Unternehmen im Aluminiumbereich. Entdecken Sie die innovativen Maschinen und die moderne Fabrik von PROYLAC.","robots":{"index":"index","follow":"follow","max-snippet":"max-snippet:-1","max-image-preview":"max-image-preview:large","max-video-preview":"max-video-preview:-1"},"canonical":"https:\/\/galisur.es\/de\/technische-tagungen\/","og_locale":"de_DE","og_type":"article","og_title":"Technische Tagungen | Aluminios Galisur","og_description":"Besuchen Sie Aluminios Galisur in Sevilla | F\u00fchrendes Unternehmen im Aluminiumbereich. Entdecken Sie die innovativen Maschinen und die moderne Fabrik von PROYLAC.","og_url":"https:\/\/galisur.es\/de\/technische-tagungen\/","og_site_name":"Aluminios Galisur","article_publisher":"https:\/\/www.facebook.com\/AluminiosGalisur","article_modified_time":"2025-06-30T08:28:22+00:00","og_image":[{"width":1920,"height":356,"url":"https:\/\/galisur.es\/wp-content\/files\/cabcera-jornadas.png","type":"image\/png"}],"twitter_card":"summary_large_image","twitter_site":"@AluminioGalisur","twitter_misc":{"Gesch\u00e4tzte Lesezeit":"1\u00a0Minute"},"schema":{"@context":"https:\/\/schema.org","@graph":[{"@type":"WebPage","@id":"https:\/\/galisur.es\/de\/technische-tagungen\/","url":"https:\/\/galisur.es\/de\/technische-tagungen\/","name":"Technische Tagungen | Aluminios Galisur","isPartOf":{"@id":"https:\/\/galisur.es\/de\/#website"},"primaryImageOfPage":{"@id":"https:\/\/galisur.es\/de\/technische-tagungen\/#primaryimage"},"image":{"@id":"https:\/\/galisur.es\/de\/technische-tagungen\/#primaryimage"},"thumbnailUrl":"https:\/\/galisur.es\/wp-content\/files\/cabcera-jornadas.png","datePublished":"2022-10-03T10:23:13+00:00","dateModified":"2025-06-30T08:28:22+00:00","description":"Besuchen Sie Aluminios Galisur in Sevilla | F\u00fchrendes Unternehmen im Aluminiumbereich. Entdecken Sie die innovativen Maschinen und die moderne Fabrik von PROYLAC.","breadcrumb":{"@id":"https:\/\/galisur.es\/de\/technische-tagungen\/#breadcrumb"},"inLanguage":"de","potentialAction":[{"@type":"ReadAction","target":["https:\/\/galisur.es\/de\/technische-tagungen\/"]}]},{"@type":"ImageObject","inLanguage":"de","@id":"https:\/\/galisur.es\/de\/technische-tagungen\/#primaryimage","url":"https:\/\/galisur.es\/wp-content\/files\/cabcera-jornadas.png","contentUrl":"https:\/\/galisur.es\/wp-content\/files\/cabcera-jornadas.png","width":1920,"height":356},{"@type":"BreadcrumbList","@id":"https:\/\/galisur.es\/de\/technische-tagungen\/#breadcrumb","itemListElement":[{"@type":"ListItem","position":1,"name":"Portada","item":"https:\/\/galisur.es\/de\/"},{"@type":"ListItem","position":2,"name":"Technische Tagungen"}]},{"@type":"WebSite","@id":"https:\/\/galisur.es\/de\/#website","url":"https:\/\/galisur.es\/de\/","name":"Aluminios Galisur","description":"Aluminios Galisur","publisher":{"@id":"https:\/\/galisur.es\/de\/#organization"},"potentialAction":[{"@type":"SearchAction","target":{"@type":"EntryPoint","urlTemplate":"https:\/\/galisur.es\/de\/?s={search_term_string}"},"query-input":{"@type":"PropertyValueSpecification","valueRequired":true,"valueName":"search_term_string"}}],"inLanguage":"de"},{"@type":"Organization","@id":"https:\/\/galisur.es\/de\/#organization","name":"Galisur","url":"https:\/\/galisur.es\/de\/","logo":{"@type":"ImageObject","inLanguage":"de","@id":"https:\/\/galisur.es\/de\/#\/schema\/logo\/image\/","url":"https:\/\/galisur.es\/wp-content\/files\/2021\/03\/logo-35x15-1.png","contentUrl":"https:\/\/galisur.es\/wp-content\/files\/2021\/03\/logo-35x15-1.png","width":370,"height":176,"caption":"Galisur"},"image":{"@id":"https:\/\/galisur.es\/de\/#\/schema\/logo\/image\/"},"sameAs":["https:\/\/www.facebook.com\/AluminiosGalisur","https:\/\/x.com\/AluminioGalisur"]}]}},"_links":{"self":[{"href":"https:\/\/galisur.es\/de\/wp-json\/wp\/v2\/pages\/17666","targetHints":{"allow":["GET"]}}],"collection":[{"href":"https:\/\/galisur.es\/de\/wp-json\/wp\/v2\/pages"}],"about":[{"href":"https:\/\/galisur.es\/de\/wp-json\/wp\/v2\/types\/page"}],"author":[{"embeddable":true,"href":"https:\/\/galisur.es\/de\/wp-json\/wp\/v2\/users\/1998"}],"replies":[{"embeddable":true,"href":"https:\/\/galisur.es\/de\/wp-json\/wp\/v2\/comments?post=17666"}],"version-history":[{"count":4,"href":"https:\/\/galisur.es\/de\/wp-json\/wp\/v2\/pages\/17666\/revisions"}],"predecessor-version":[{"id":18981,"href":"https:\/\/galisur.es\/de\/wp-json\/wp\/v2\/pages\/17666\/revisions\/18981"}],"wp:featuredmedia":[{"embeddable":true,"href":"https:\/\/galisur.es\/de\/wp-json\/wp\/v2\/media\/15783"}],"wp:attachment":[{"href":"https:\/\/galisur.es\/de\/wp-json\/wp\/v2\/media?parent=17666"}],"curies":[{"name":"wp","href":"https:\/\/api.w.org\/{rel}","templated":true}]}}