{"id":17658,"date":"2021-08-23T12:59:59","date_gmt":"2021-08-23T10:59:59","guid":{"rendered":"https:\/\/nervous-gagarin.141-94-206-129.plesk.page\/ausbildung\/"},"modified":"2025-06-30T10:27:25","modified_gmt":"2025-06-30T08:27:25","slug":"ausbildung","status":"publish","type":"page","link":"https:\/\/galisur.es\/de\/ausbildung\/","title":{"rendered":"Ausbildung"},"content":{"rendered":"\t\t<div data-elementor-type=\"wp-page\" data-elementor-id=\"17658\" class=\"elementor elementor-17658 elementor-9199\" data-elementor-post-type=\"page\">\n\t\t\t\t<div class=\"elementor-element elementor-element-5e62d72 e-flex e-con-boxed e-con e-parent\" data-id=\"5e62d72\" data-element_type=\"container\" data-e-type=\"container\" data-settings=\"{&quot;background_background&quot;:&quot;classic&quot;}\">\n\t\t\t\t\t<div class=\"e-con-inner\">\n\t\t\t\t<div class=\"elementor-element elementor-element-1994e7e elementor-widget elementor-widget-heading\" data-id=\"1994e7e\" data-element_type=\"widget\" data-e-type=\"widget\" data-widget_type=\"heading.default\">\n\t\t\t\t\t<h1 class=\"elementor-heading-title elementor-size-default\">Unsere Schulungskurse<\/h1>\t\t\t\t<\/div>\n\t\t\t\t\t<\/div>\n\t\t\t\t<\/div>\n\t\t<div class=\"elementor-element elementor-element-6090164 e-flex e-con-boxed e-con e-parent\" data-id=\"6090164\" data-element_type=\"container\" data-e-type=\"container\" data-settings=\"{&quot;background_background&quot;:&quot;classic&quot;}\">\n\t\t\t\t\t<div class=\"e-con-inner\">\n\t\t<div class=\"elementor-element elementor-element-5aede44 e-con-full e-flex e-con e-child\" data-id=\"5aede44\" data-element_type=\"container\" data-e-type=\"container\">\n\t\t\t\t<div class=\"elementor-element elementor-element-c04d1aa elementor-widget elementor-widget-image\" data-id=\"c04d1aa\" data-element_type=\"widget\" data-e-type=\"widget\" data-widget_type=\"image.default\">\n\t\t\t\t\t\t\t\t\t\t\t\t\t\t\t<img fetchpriority=\"high\" decoding=\"async\" width=\"480\" height=\"320\" src=\"https:\/\/galisur.es\/wp-content\/files\/tube-bender-ge0a3d6a8d_1920-e1634548784427.jpg\" class=\"attachment-full size-full wp-image-15295\" alt=\"\" title=\"\">\t\t\t\t\t\t\t\t\t\t\t\t\t\t\t<\/div>\n\t\t\t\t<div class=\"elementor-element elementor-element-2f38408 elementor-widget elementor-widget-heading\" data-id=\"2f38408\" data-element_type=\"widget\" data-e-type=\"widget\" data-widget_type=\"heading.default\">\n\t\t\t\t\t<h3 class=\"elementor-heading-title elementor-size-default\">Kurs: Installation einer bioklimatischen Pergola<\/h3>\t\t\t\t<\/div>\n\t\t\t\t<div class=\"elementor-element elementor-element-e6bbf50 elementor-widget elementor-widget-text-editor\" data-id=\"e6bbf50\" data-element_type=\"widget\" data-e-type=\"widget\" data-widget_type=\"text-editor.default\">\n\t\t\t\t\t\t\t\t\t<p>Die bioklimatische <a href=\"https:\/\/www.leroymerlin.es\/jardin-terrazas\/pergolas-carpas-cenadores\" target=\"_blank\" rel=\"noopener\">Pergola <\/a>ist die neueste Innovation f\u00fcr G\u00e4rten und Terrassen. Mit ihrem innovativen Design und ihrer hohen Leistungsf\u00e4higkeit k\u00f6nnen Sie die Temperatur ohne Bauarbeiten oder komplizierte Installation regulieren.  <\/p>\n<p><b>Datum<\/b>: Demn\u00e4chst<br \/><b>Uhrzeit<\/b>: Demn\u00e4chst<\/p>\n\t\t\t\t\t\t\t\t<\/div>\n\t\t\t\t<\/div>\n\t\t<div class=\"elementor-element elementor-element-c163f7f e-con-full e-flex e-con e-child\" data-id=\"c163f7f\" data-element_type=\"container\" data-e-type=\"container\">\n\t\t\t\t<div class=\"elementor-element elementor-element-9c275f3 elementor-button-align-start elementor-widget__width-inherit elementor-widget-mobile__width-inherit elementor-widget elementor-widget-form\" data-id=\"9c275f3\" data-element_type=\"widget\" data-e-type=\"widget\" data-settings=\"{&quot;step_next_label&quot;:&quot;Weiter&quot;,&quot;step_previous_label&quot;:&quot;Vorherige&quot;,&quot;button_width&quot;:&quot;100&quot;,&quot;step_type&quot;:&quot;number_text&quot;,&quot;step_icon_shape&quot;:&quot;circle&quot;}\" data-widget_type=\"form.default\">\n\t\t\t\t\t\t\t<form class=\"elementor-form\" method=\"post\" name=\"Ausbildung\" aria-label=\"Ausbildung\">\n\t\t\t<input type=\"hidden\" name=\"post_id\" value=\"17658\"\/>\n\t\t\t<input type=\"hidden\" name=\"form_id\" value=\"9c275f3\"\/>\n\t\t\t<input type=\"hidden\" name=\"referer_title\" value=\"Ausbildung | Aluminios Galisur\" \/>\n\n\t\t\t\t\t\t\t<input type=\"hidden\" name=\"queried_id\" value=\"17658\"\/>\n\t\t\t\n\t\t\t<div class=\"elementor-form-fields-wrapper elementor-labels-\">\n\t\t\t\t\t\t\t\t<div class=\"elementor-field-type-text elementor-field-group elementor-column elementor-field-group-name elementor-col-50 elementor-md-100 elementor-field-required\">\n\t\t\t\t\t\t\t\t\t\t\t\t<label for=\"form-field-name\" class=\"elementor-field-label elementor-screen-only\">\n\t\t\t\t\t\t\t\tName\t\t\t\t\t\t\t<\/label>\n\t\t\t\t\t\t\t\t\t\t\t\t\t\t<input size=\"1\" type=\"text\" name=\"form_fields[name]\" id=\"form-field-name\" class=\"elementor-field elementor-size-sm  elementor-field-textual\" placeholder=\"Name\" required=\"required\">\n\t\t\t\t\t\t\t\t\t\t\t<\/div>\n\t\t\t\t\t\t\t\t<div class=\"elementor-field-type-email elementor-field-group elementor-column elementor-field-group-email elementor-col-50 elementor-md-100 elementor-field-required\">\n\t\t\t\t\t\t\t\t\t\t\t\t<label for=\"form-field-email\" class=\"elementor-field-label elementor-screen-only\">\n\t\t\t\t\t\t\t\tE-Mail\t\t\t\t\t\t\t<\/label>\n\t\t\t\t\t\t\t\t\t\t\t\t\t\t<input size=\"1\" type=\"email\" name=\"form_fields[email]\" id=\"form-field-email\" class=\"elementor-field elementor-size-sm  elementor-field-textual\" placeholder=\"E-Mail\" required=\"required\">\n\t\t\t\t\t\t\t\t\t\t\t<\/div>\n\t\t\t\t\t\t\t\t<div class=\"elementor-field-type-text elementor-field-group elementor-column elementor-field-group-field_d6fb849 elementor-col-50 elementor-md-100 elementor-field-required\">\n\t\t\t\t\t\t\t\t\t\t\t\t<label for=\"form-field-field_d6fb849\" class=\"elementor-field-label elementor-screen-only\">\n\t\t\t\t\t\t\t\tUnternehmen\t\t\t\t\t\t\t<\/label>\n\t\t\t\t\t\t\t\t\t\t\t\t\t\t<input size=\"1\" type=\"text\" name=\"form_fields[field_d6fb849]\" id=\"form-field-field_d6fb849\" class=\"elementor-field elementor-size-sm  elementor-field-textual\" placeholder=\"Unternehmen\" required=\"required\">\n\t\t\t\t\t\t\t\t\t\t\t<\/div>\n\t\t\t\t\t\t\t\t<div class=\"elementor-field-type-tel elementor-field-group elementor-column elementor-field-group-field_0d3493f elementor-col-50 elementor-md-100 elementor-field-required\">\n\t\t\t\t\t\t\t\t\t\t\t\t<label for=\"form-field-field_0d3493f\" class=\"elementor-field-label elementor-screen-only\">\n\t\t\t\t\t\t\t\tTelefon\t\t\t\t\t\t\t<\/label>\n\t\t\t\t\t\t\t\t<input size=\"1\" type=\"tel\" name=\"form_fields[field_0d3493f]\" id=\"form-field-field_0d3493f\" class=\"elementor-field elementor-size-sm  elementor-field-textual\" placeholder=\"Telefon\" required=\"required\" pattern=\"[0-9()#&amp;+*-=.]+\" title=\"Nur Nummern oder Telefon-Zeichen (#, -, *, etc) werden akzeptiert.\">\n\n\t\t\t\t\t\t<\/div>\n\t\t\t\t\t\t\t\t<div class=\"elementor-field-type-text elementor-field-group elementor-column elementor-field-group-field_7f6c6b4 elementor-col-100 elementor-field-required\">\n\t\t\t\t\t\t\t\t\t\t\t\t<label for=\"form-field-field_7f6c6b4\" class=\"elementor-field-label elementor-screen-only\">\n\t\t\t\t\t\t\t\tStadt\t\t\t\t\t\t\t<\/label>\n\t\t\t\t\t\t\t\t\t\t\t\t\t\t<input size=\"1\" type=\"text\" name=\"form_fields[field_7f6c6b4]\" id=\"form-field-field_7f6c6b4\" class=\"elementor-field elementor-size-sm  elementor-field-textual\" placeholder=\"Stadt\" required=\"required\">\n\t\t\t\t\t\t\t\t\t\t\t<\/div>\n\t\t\t\t\t\t\t\t<div class=\"elementor-field-type-textarea elementor-field-group elementor-column elementor-field-group-field_51e0066 elementor-col-100 elementor-field-required\">\n\t\t\t\t\t\t\t\t\t\t\t\t<label for=\"form-field-field_51e0066\" class=\"elementor-field-label elementor-screen-only\">\n\t\t\t\t\t\t\t\tNachricht\t\t\t\t\t\t\t<\/label>\n\t\t\t\t\t\t<textarea class=\"elementor-field-textual elementor-field  elementor-size-sm\" name=\"form_fields[field_51e0066]\" id=\"form-field-field_51e0066\" rows=\"4\" placeholder=\"Nachricht\" required=\"required\"><\/textarea>\t\t\t\t<\/div>\n\t\t\t\t\t\t\t\t<div class=\"elementor-field-type-html elementor-field-group elementor-column elementor-field-group-field_14c4a72 elementor-col-100\">\n\t\t\t\t\tDATENSCHUTZ: In \u00dcbereinstimmung mit den Datenschutzbestimmungen stellen wir Ihnen folgende Informationen zur Datenverarbeitung zur Verf\u00fcgung:<br>Verantwortlicher: Galisur S.L. Zweck der Verarbeitung: Aufrechterhaltung einer Gesch\u00e4ftsbeziehung und Versand von Informationen zu Produkten oder Dienstleistungen <br>Ihre Rechte: Zugang, Berichtigung, \u00dcbertragbarkeit, L\u00f6schung, Einschr\u00e4nkung und Widerspruch<br><br>Weitere Informationen zur Verarbeitung: <a href=\"\/wp-content\/uploads\/Politica-de-PRIVACIDAD-Galisur-SL.pdf\" target=\"_blank\">Datenschutzerkl\u00e4rung<\/a> oder unter <a href=\"mailto:info@galisur.es\">info@galisur.es<\/a>\t\t\t\t<\/div>\n\t\t\t\t\t\t\t\t<div class=\"elementor-field-type-acceptance elementor-field-group elementor-column elementor-field-group-field_95dca0f elementor-col-100 elementor-field-required\">\n\t\t\t\t\t\t\t\t\t\t\t\t<label for=\"form-field-field_95dca0f\" class=\"elementor-field-label elementor-screen-only\">\n\t\t\t\t\t\t\t\tRechtliche Hinweise\t\t\t\t\t\t\t<\/label>\n\t\t\t\t\t\t\t\t<div class=\"elementor-field-subgroup\">\n\t\t\t<span class=\"elementor-field-option\">\n\t\t\t\t<input type=\"checkbox\" name=\"form_fields[field_95dca0f]\" id=\"form-field-field_95dca0f\" class=\"elementor-field elementor-size-sm  elementor-acceptance-field\" required=\"required\">\n\t\t\t\t<label for=\"form-field-field_95dca0f\">Ich stimme der Verarbeitung meiner Daten zum Zweck der Zusendung von Informationen zu Produkten oder Dienstleistungen zu.<\/label>\t\t\t<\/span>\n\t\t<\/div>\n\t\t\t\t\t\t<\/div>\n\t\t\t\t\t\t\t\t<div class=\"elementor-field-group elementor-column elementor-field-type-submit elementor-col-100 e-form__buttons\">\n\t\t\t\t\t<button class=\"elementor-button elementor-size-sm\" type=\"submit\">\n\t\t\t\t\t\t<span class=\"elementor-button-content-wrapper\">\n\t\t\t\t\t\t\t\t\t\t\t\t\t\t\t\t\t\t\t\t\t\t<span class=\"elementor-button-text\">Anmelden<\/span>\n\t\t\t\t\t\t\t\t\t\t\t\t\t<\/span>\n\t\t\t\t\t<\/button>\n\t\t\t\t<\/div>\n\t\t\t<\/div>\n\t\t<\/form>\n\t\t\t\t\t\t<\/div>\n\t\t\t\t<\/div>\n\t\t\t\t\t<\/div>\n\t\t\t\t<\/div>\n\t\t<div class=\"elementor-element elementor-element-13a6337 e-flex e-con-boxed e-con e-parent\" data-id=\"13a6337\" data-element_type=\"container\" data-e-type=\"container\">\n\t\t\t\t\t<div class=\"e-con-inner\">\n\t\t\t\t<div class=\"elementor-element elementor-element-06d492a elementor-widget elementor-widget-heading\" data-id=\"06d492a\" data-element_type=\"widget\" data-e-type=\"widget\" data-widget_type=\"heading.default\">\n\t\t\t\t\t<h3 class=\"elementor-heading-title elementor-size-default\">Technische Schulung auf Grundlage unserer Erfahrung<\/h3>\t\t\t\t<\/div>\n\t\t\t\t<div class=\"elementor-element elementor-element-10065ae elementor-widget elementor-widget-text-editor\" data-id=\"10065ae\" data-element_type=\"widget\" data-e-type=\"widget\" data-widget_type=\"text-editor.default\">\n\t\t\t\t\t\t\t\t\t<p>Bei Aluminios Galisur bringen wir all unsere Erfahrung ein, um unsere Schulungskurse zu organisieren, die Ihnen helfen werden, Ihre Montage- und Installationstechniken zu verbessern.<\/p>\n<p>Mit <b>\u00fcber 40 Jahren Erfahrung in den Bereichen Extrusion, Lackierung und Aluminiumprofile stehen Ihnen unsere Fachtechniker zur Verf\u00fcgung, die Ihnen bei der Verbesserung helfen und Ihnen Tipps f\u00fcr optimale Ergebnisse geben.<\/b><\/p>\n<p>Alle unsere Schulungen finden in unserer Zentrale in Sevilla statt, k\u00f6nnen jedoch auf Wunsch auch in Ihrer Werkstatt und\/oder Ihrem Unternehmen organisiert werden.<\/p>\n\t\t\t\t\t\t\t\t<\/div>\n\t\t\t\t\t<\/div>\n\t\t\t\t<\/div>\n\t\t<div class=\"elementor-element elementor-element-a78bd06 e-flex e-con-boxed e-con e-parent\" data-id=\"a78bd06\" data-element_type=\"container\" data-e-type=\"container\" data-settings=\"{&quot;background_background&quot;:&quot;classic&quot;}\">\n\t\t\t\t\t<div class=\"e-con-inner\">\n\t\t<div class=\"elementor-element elementor-element-b61cf13 e-con-full e-flex e-con e-child\" data-id=\"b61cf13\" data-element_type=\"container\" data-e-type=\"container\">\n\t\t\t\t<div class=\"elementor-element elementor-element-c2c11da elementor-widget elementor-widget-image\" data-id=\"c2c11da\" data-element_type=\"widget\" data-e-type=\"widget\" data-widget_type=\"image.default\">\n\t\t\t\t\t\t\t\t\t\t\t\t\t\t\t<img decoding=\"async\" width=\"590\" height=\"432\" src=\"https:\/\/galisur.es\/wp-content\/files\/2021\/05\/Captura-de-pantalla-2021-05-05-a-las-16.30.47.png\" class=\"attachment-full size-full wp-image-14643\" alt=\"\" srcset=\"https:\/\/galisur.es\/wp-content\/files\/2021\/05\/Captura-de-pantalla-2021-05-05-a-las-16.30.47.png 590w, https:\/\/galisur.es\/wp-content\/files\/2021\/05\/Captura-de-pantalla-2021-05-05-a-las-16.30.47-300x220.png 300w\" sizes=\"(max-width: 590px) 100vw, 590px\" title=\"\">\t\t\t\t\t\t\t\t\t\t\t\t\t\t\t<\/div>\n\t\t\t\t<\/div>\n\t\t<div class=\"elementor-element elementor-element-fdfa3ce e-con-full e-flex e-con e-child\" data-id=\"fdfa3ce\" data-element_type=\"container\" data-e-type=\"container\">\n\t\t\t\t<div class=\"elementor-element elementor-element-f1b84d7 elementor-widget elementor-widget-heading\" data-id=\"f1b84d7\" data-element_type=\"widget\" data-e-type=\"widget\" data-widget_type=\"heading.default\">\n\t\t\t\t\t<h2 class=\"elementor-heading-title elementor-size-default\">Suchst du einen Spezialkurs?<\/h2>\t\t\t\t<\/div>\n\t\t\t\t<div class=\"elementor-element elementor-element-eecad33 elementor-widget elementor-widget-text-editor\" data-id=\"eecad33\" data-element_type=\"widget\" data-e-type=\"widget\" data-widget_type=\"text-editor.default\">\n\t\t\t\t\t\t\t\t\t<p>Um einen Spezialkurs zu beantragen, setzen Sie sich bitte mit uns in Verbindung.<\/p>\n<p>Schreiben Sie uns eine E-Mail an info@galisur.es und geben Sie an, welche Schulung Sie suchen und wie viele Personen an dem Kurs teilnehmen m\u00f6chten.<\/p>\n<p>Ein Fachmann wird sich mit Ihnen in Verbindung setzen. <\/p>\n\t\t\t\t\t\t\t\t<\/div>\n\t\t\t\t<\/div>\n\t\t\t\t\t<\/div>\n\t\t\t\t<\/div>\n\t\t\t\t<\/div>\n\t\t","protected":false},"excerpt":{"rendered":"<p>Unsere Schulungskurse Kurs: Installation einer bioklimatischen Pergola Die bioklimatische Pergola ist die neueste Innovation f\u00fcr G\u00e4rten und Terrassen. Mit ihrem innovativen Design und ihrer hohen Leistungsf\u00e4higkeit k\u00f6nnen Sie die Temperatur ohne Bauarbeiten oder komplizierte Installation regulieren. Datum: Demn\u00e4chstUhrzeit: Demn\u00e4chst Technische Schulung auf Grundlage unserer Erfahrung Bei Aluminios Galisur bringen wir all unsere Erfahrung ein, um [&hellip;]<\/p>\n","protected":false},"author":1998,"featured_media":0,"parent":0,"menu_order":0,"comment_status":"closed","ping_status":"closed","template":"","meta":{"footnotes":""},"class_list":["post-17658","page","type-page","status-publish","hentry"],"yoast_head":"<!-- This site is optimized with the Yoast SEO plugin v27.2 - https:\/\/yoast.com\/product\/yoast-seo-wordpress\/ -->\n<title>Ausbildung | Aluminios Galisur<\/title>\n<meta name=\"description\" content=\"Unsere Schulungskurse Kurs: Installation einer bioklimatischen Pergola Die bioklimatische Pergola ist die neueste Innovation f\u00fcr G\u00e4rten und Terrassen. Mit\" \/>\n<meta name=\"robots\" content=\"index, follow, max-snippet:-1, max-image-preview:large, max-video-preview:-1\" \/>\n<link rel=\"canonical\" href=\"https:\/\/galisur.es\/de\/ausbildung\/\" \/>\n<meta property=\"og:locale\" content=\"de_DE\" \/>\n<meta property=\"og:type\" content=\"article\" \/>\n<meta property=\"og:title\" content=\"Ausbildung | Aluminios Galisur\" \/>\n<meta property=\"og:description\" content=\"Unsere Schulungskurse Kurs: Installation einer bioklimatischen Pergola Die bioklimatische Pergola ist die neueste Innovation f\u00fcr G\u00e4rten und Terrassen. Mit\" \/>\n<meta property=\"og:url\" content=\"https:\/\/galisur.es\/de\/ausbildung\/\" \/>\n<meta property=\"og:site_name\" content=\"Aluminios Galisur\" \/>\n<meta property=\"article:publisher\" content=\"https:\/\/www.facebook.com\/AluminiosGalisur\" \/>\n<meta property=\"article:modified_time\" content=\"2025-06-30T08:27:25+00:00\" \/>\n<meta property=\"og:image\" content=\"https:\/\/galisur.es\/wp-content\/uploads\/tube-bender-ge0a3d6a8d_1920-e1634548784427.jpg\" \/>\n<meta name=\"twitter:card\" content=\"summary_large_image\" \/>\n<meta name=\"twitter:site\" content=\"@AluminioGalisur\" \/>\n<meta name=\"twitter:label1\" content=\"Gesch\u00e4tzte Lesezeit\" \/>\n\t<meta name=\"twitter:data1\" content=\"1\u00a0Minute\" \/>\n<script type=\"application\/ld+json\" class=\"yoast-schema-graph\">{\"@context\":\"https:\/\/schema.org\",\"@graph\":[{\"@type\":\"WebPage\",\"@id\":\"https:\/\/galisur.es\/de\/ausbildung\/\",\"url\":\"https:\/\/galisur.es\/de\/ausbildung\/\",\"name\":\"Ausbildung | Aluminios Galisur\",\"isPartOf\":{\"@id\":\"https:\/\/galisur.es\/de\/#website\"},\"primaryImageOfPage\":{\"@id\":\"https:\/\/galisur.es\/de\/ausbildung\/#primaryimage\"},\"image\":{\"@id\":\"https:\/\/galisur.es\/de\/ausbildung\/#primaryimage\"},\"thumbnailUrl\":\"https:\/\/galisur.es\/wp-content\/uploads\/tube-bender-ge0a3d6a8d_1920-e1634548784427.jpg\",\"datePublished\":\"2021-08-23T10:59:59+00:00\",\"dateModified\":\"2025-06-30T08:27:25+00:00\",\"description\":\"Unsere Schulungskurse Kurs: Installation einer bioklimatischen Pergola Die bioklimatische Pergola ist die neueste Innovation f\u00fcr G\u00e4rten und Terrassen. Mit\",\"breadcrumb\":{\"@id\":\"https:\/\/galisur.es\/de\/ausbildung\/#breadcrumb\"},\"inLanguage\":\"de\",\"potentialAction\":[{\"@type\":\"ReadAction\",\"target\":[\"https:\/\/galisur.es\/de\/ausbildung\/\"]}]},{\"@type\":\"ImageObject\",\"inLanguage\":\"de\",\"@id\":\"https:\/\/galisur.es\/de\/ausbildung\/#primaryimage\",\"url\":\"https:\/\/galisur.es\/wp-content\/uploads\/tube-bender-ge0a3d6a8d_1920-e1634548784427.jpg\",\"contentUrl\":\"https:\/\/galisur.es\/wp-content\/uploads\/tube-bender-ge0a3d6a8d_1920-e1634548784427.jpg\"},{\"@type\":\"BreadcrumbList\",\"@id\":\"https:\/\/galisur.es\/de\/ausbildung\/#breadcrumb\",\"itemListElement\":[{\"@type\":\"ListItem\",\"position\":1,\"name\":\"Portada\",\"item\":\"https:\/\/galisur.es\/de\/\"},{\"@type\":\"ListItem\",\"position\":2,\"name\":\"Ausbildung\"}]},{\"@type\":\"WebSite\",\"@id\":\"https:\/\/galisur.es\/de\/#website\",\"url\":\"https:\/\/galisur.es\/de\/\",\"name\":\"Aluminios Galisur\",\"description\":\"Aluminios Galisur\",\"publisher\":{\"@id\":\"https:\/\/galisur.es\/de\/#organization\"},\"potentialAction\":[{\"@type\":\"SearchAction\",\"target\":{\"@type\":\"EntryPoint\",\"urlTemplate\":\"https:\/\/galisur.es\/de\/?s={search_term_string}\"},\"query-input\":{\"@type\":\"PropertyValueSpecification\",\"valueRequired\":true,\"valueName\":\"search_term_string\"}}],\"inLanguage\":\"de\"},{\"@type\":\"Organization\",\"@id\":\"https:\/\/galisur.es\/de\/#organization\",\"name\":\"Galisur\",\"url\":\"https:\/\/galisur.es\/de\/\",\"logo\":{\"@type\":\"ImageObject\",\"inLanguage\":\"de\",\"@id\":\"https:\/\/galisur.es\/de\/#\/schema\/logo\/image\/\",\"url\":\"https:\/\/galisur.es\/wp-content\/files\/2021\/03\/logo-35x15-1.png\",\"contentUrl\":\"https:\/\/galisur.es\/wp-content\/files\/2021\/03\/logo-35x15-1.png\",\"width\":370,\"height\":176,\"caption\":\"Galisur\"},\"image\":{\"@id\":\"https:\/\/galisur.es\/de\/#\/schema\/logo\/image\/\"},\"sameAs\":[\"https:\/\/www.facebook.com\/AluminiosGalisur\",\"https:\/\/x.com\/AluminioGalisur\"]}]}<\/script>\n<!-- \/ Yoast SEO plugin. -->","yoast_head_json":{"title":"Ausbildung | Aluminios Galisur","description":"Unsere Schulungskurse Kurs: Installation einer bioklimatischen Pergola Die bioklimatische Pergola ist die neueste Innovation f\u00fcr G\u00e4rten und Terrassen. Mit","robots":{"index":"index","follow":"follow","max-snippet":"max-snippet:-1","max-image-preview":"max-image-preview:large","max-video-preview":"max-video-preview:-1"},"canonical":"https:\/\/galisur.es\/de\/ausbildung\/","og_locale":"de_DE","og_type":"article","og_title":"Ausbildung | Aluminios Galisur","og_description":"Unsere Schulungskurse Kurs: Installation einer bioklimatischen Pergola Die bioklimatische Pergola ist die neueste Innovation f\u00fcr G\u00e4rten und Terrassen. Mit","og_url":"https:\/\/galisur.es\/de\/ausbildung\/","og_site_name":"Aluminios Galisur","article_publisher":"https:\/\/www.facebook.com\/AluminiosGalisur","article_modified_time":"2025-06-30T08:27:25+00:00","og_image":[{"url":"https:\/\/galisur.es\/wp-content\/uploads\/tube-bender-ge0a3d6a8d_1920-e1634548784427.jpg","type":"","width":"","height":""}],"twitter_card":"summary_large_image","twitter_site":"@AluminioGalisur","twitter_misc":{"Gesch\u00e4tzte Lesezeit":"1\u00a0Minute"},"schema":{"@context":"https:\/\/schema.org","@graph":[{"@type":"WebPage","@id":"https:\/\/galisur.es\/de\/ausbildung\/","url":"https:\/\/galisur.es\/de\/ausbildung\/","name":"Ausbildung | Aluminios Galisur","isPartOf":{"@id":"https:\/\/galisur.es\/de\/#website"},"primaryImageOfPage":{"@id":"https:\/\/galisur.es\/de\/ausbildung\/#primaryimage"},"image":{"@id":"https:\/\/galisur.es\/de\/ausbildung\/#primaryimage"},"thumbnailUrl":"https:\/\/galisur.es\/wp-content\/uploads\/tube-bender-ge0a3d6a8d_1920-e1634548784427.jpg","datePublished":"2021-08-23T10:59:59+00:00","dateModified":"2025-06-30T08:27:25+00:00","description":"Unsere Schulungskurse Kurs: Installation einer bioklimatischen Pergola Die bioklimatische Pergola ist die neueste Innovation f\u00fcr G\u00e4rten und Terrassen. Mit","breadcrumb":{"@id":"https:\/\/galisur.es\/de\/ausbildung\/#breadcrumb"},"inLanguage":"de","potentialAction":[{"@type":"ReadAction","target":["https:\/\/galisur.es\/de\/ausbildung\/"]}]},{"@type":"ImageObject","inLanguage":"de","@id":"https:\/\/galisur.es\/de\/ausbildung\/#primaryimage","url":"https:\/\/galisur.es\/wp-content\/uploads\/tube-bender-ge0a3d6a8d_1920-e1634548784427.jpg","contentUrl":"https:\/\/galisur.es\/wp-content\/uploads\/tube-bender-ge0a3d6a8d_1920-e1634548784427.jpg"},{"@type":"BreadcrumbList","@id":"https:\/\/galisur.es\/de\/ausbildung\/#breadcrumb","itemListElement":[{"@type":"ListItem","position":1,"name":"Portada","item":"https:\/\/galisur.es\/de\/"},{"@type":"ListItem","position":2,"name":"Ausbildung"}]},{"@type":"WebSite","@id":"https:\/\/galisur.es\/de\/#website","url":"https:\/\/galisur.es\/de\/","name":"Aluminios Galisur","description":"Aluminios Galisur","publisher":{"@id":"https:\/\/galisur.es\/de\/#organization"},"potentialAction":[{"@type":"SearchAction","target":{"@type":"EntryPoint","urlTemplate":"https:\/\/galisur.es\/de\/?s={search_term_string}"},"query-input":{"@type":"PropertyValueSpecification","valueRequired":true,"valueName":"search_term_string"}}],"inLanguage":"de"},{"@type":"Organization","@id":"https:\/\/galisur.es\/de\/#organization","name":"Galisur","url":"https:\/\/galisur.es\/de\/","logo":{"@type":"ImageObject","inLanguage":"de","@id":"https:\/\/galisur.es\/de\/#\/schema\/logo\/image\/","url":"https:\/\/galisur.es\/wp-content\/files\/2021\/03\/logo-35x15-1.png","contentUrl":"https:\/\/galisur.es\/wp-content\/files\/2021\/03\/logo-35x15-1.png","width":370,"height":176,"caption":"Galisur"},"image":{"@id":"https:\/\/galisur.es\/de\/#\/schema\/logo\/image\/"},"sameAs":["https:\/\/www.facebook.com\/AluminiosGalisur","https:\/\/x.com\/AluminioGalisur"]}]}},"_links":{"self":[{"href":"https:\/\/galisur.es\/de\/wp-json\/wp\/v2\/pages\/17658","targetHints":{"allow":["GET"]}}],"collection":[{"href":"https:\/\/galisur.es\/de\/wp-json\/wp\/v2\/pages"}],"about":[{"href":"https:\/\/galisur.es\/de\/wp-json\/wp\/v2\/types\/page"}],"author":[{"embeddable":true,"href":"https:\/\/galisur.es\/de\/wp-json\/wp\/v2\/users\/1998"}],"replies":[{"embeddable":true,"href":"https:\/\/galisur.es\/de\/wp-json\/wp\/v2\/comments?post=17658"}],"version-history":[{"count":2,"href":"https:\/\/galisur.es\/de\/wp-json\/wp\/v2\/pages\/17658\/revisions"}],"predecessor-version":[{"id":18977,"href":"https:\/\/galisur.es\/de\/wp-json\/wp\/v2\/pages\/17658\/revisions\/18977"}],"wp:attachment":[{"href":"https:\/\/galisur.es\/de\/wp-json\/wp\/v2\/media?parent=17658"}],"curies":[{"name":"wp","href":"https:\/\/api.w.org\/{rel}","templated":true}]}}