{"id":17573,"date":"2021-03-24T14:24:27","date_gmt":"2021-03-24T13:24:27","guid":{"rendered":"https:\/\/nervous-gagarin.141-94-206-129.plesk.page\/alles-aus-glas\/cc83\/"},"modified":"2025-06-24T16:13:38","modified_gmt":"2025-06-24T14:13:38","slug":"cc83","status":"publish","type":"page","link":"https:\/\/galisur.es\/de\/alles-aus-glas\/cc83\/","title":{"rendered":"CC83"},"content":{"rendered":"\t\t<div data-elementor-type=\"wp-page\" data-elementor-id=\"17573\" class=\"elementor elementor-17573 elementor-7133\" data-elementor-post-type=\"page\">\n\t\t\t\t<div class=\"elementor-element elementor-element-950524b e-flex e-con-boxed e-con e-parent\" data-id=\"950524b\" data-element_type=\"container\" data-e-type=\"container\">\n\t\t\t\t\t<div class=\"e-con-inner\">\n\t\t<div class=\"elementor-element elementor-element-9ebb2e2 e-con-full e-flex e-con e-child\" data-id=\"9ebb2e2\" data-element_type=\"container\" data-e-type=\"container\">\n\t\t\t\t<div class=\"elementor-element elementor-element-3f94a26 elementor-widget elementor-widget-image\" data-id=\"3f94a26\" data-element_type=\"widget\" data-e-type=\"widget\" data-widget_type=\"image.default\">\n\t\t\t\t\t\t\t\t\t\t\t\t\t\t\t<img fetchpriority=\"high\" decoding=\"async\" width=\"1200\" height=\"1200\" src=\"https:\/\/galisur.es\/wp-content\/files\/CC83-crema.png\" class=\"attachment-full size-full wp-image-16667\" alt=\"\" srcset=\"https:\/\/galisur.es\/wp-content\/files\/CC83-crema.png 1200w, https:\/\/galisur.es\/wp-content\/files\/CC83-crema-300x300.png 300w, https:\/\/galisur.es\/wp-content\/files\/CC83-crema-1024x1024.png 1024w, https:\/\/galisur.es\/wp-content\/files\/CC83-crema-150x150.png 150w, https:\/\/galisur.es\/wp-content\/files\/CC83-crema-768x768.png 768w, https:\/\/galisur.es\/wp-content\/files\/CC83-crema-800x800.png 800w\" sizes=\"(max-width: 1200px) 100vw, 1200px\" title=\"\">\t\t\t\t\t\t\t\t\t\t\t\t\t\t\t<\/div>\n\t\t\t\t<\/div>\n\t\t<div class=\"elementor-element elementor-element-adcad81 e-con-full e-flex e-con e-child\" data-id=\"adcad81\" data-element_type=\"container\" data-e-type=\"container\">\n\t\t\t\t<div class=\"elementor-element elementor-element-f5a59cc elementor-widget elementor-widget-heading\" data-id=\"f5a59cc\" data-element_type=\"widget\" data-e-type=\"widget\" data-widget_type=\"heading.default\">\n\t\t\t\t\t<h1 class=\"elementor-heading-title elementor-size-default\">CC83 INNEN<\/h1>\t\t\t\t<\/div>\n\t\t\t\t<div class=\"elementor-element elementor-element-dd1bc70 elementor-widget elementor-widget-text-editor\" data-id=\"dd1bc70\" data-element_type=\"widget\" data-e-type=\"widget\" data-widget_type=\"text-editor.default\">\n\t\t\t\t\t\t\t\t\t<p>Geradliniges Schiebesystem f\u00fcr den Au\u00dfenbereich mit 82 mm Rahmenprofil in Schienen. Verglasung aus 10 mm starkem Hartglas, 5+5 laminiert. Beschl\u00e4ge mit Mehrpunktverriegelung. Dichtungen mit Lamellenfu\u00df, die die Qualit\u00e4t des Verschlusses gew\u00e4hrleisten.    <\/p><p>Optionen:<\/p><ul><li aria-level=\"1\">Option flacher unterer Rahmen<\/li><li aria-level=\"1\">Zus\u00e4tzliche Fahrspuren<\/li><li aria-level=\"1\">Sperrung der Zwischenbl\u00e4tter durch verschlie\u00dfbare Verriegelungspunkte.<\/li><li aria-level=\"1\">Seitliche Blende mit Mehrpunktverschluss, kompatibel mit verschiedenen Griff- und Schubgriffausf\u00fchrungen<\/li><\/ul>\t\t\t\t\t\t\t\t<\/div>\n\t\t\t\t<\/div>\n\t\t\t\t\t<\/div>\n\t\t\t\t<\/div>\n\t\t<div class=\"elementor-element elementor-element-6a4c874 e-flex e-con-boxed e-con e-parent\" data-id=\"6a4c874\" data-element_type=\"container\" data-e-type=\"container\" data-settings=\"{&quot;background_background&quot;:&quot;classic&quot;}\">\n\t\t\t\t\t<div class=\"e-con-inner\">\n\t\t<div class=\"elementor-element elementor-element-3538b69 e-con-full e-flex e-con e-child\" data-id=\"3538b69\" data-element_type=\"container\" data-e-type=\"container\">\n\t\t\t\t<div class=\"elementor-element elementor-element-f2313b5 elementor-widget elementor-widget-heading\" data-id=\"f2313b5\" data-element_type=\"widget\" data-e-type=\"widget\" data-widget_type=\"heading.default\">\n\t\t\t\t\t<p class=\"elementor-heading-title elementor-size-default\">Technische Daten<\/p>\t\t\t\t<\/div>\n\t\t\t\t<div class=\"elementor-element elementor-element-738a393 elementor-widget elementor-widget-text-editor\" data-id=\"738a393\" data-element_type=\"widget\" data-e-type=\"widget\" data-widget_type=\"text-editor.default\">\n\t\t\t\t\t\t\t\t\t<p><a href=\"https:\/\/galisur.es\/de\/registrierung\/\">Registrieren Sie sich hier<\/a>, um auf das Dokument zuzugreifen.<\/p>\t\t\t\t\t\t\t\t<\/div>\n\t\t\t\t<\/div>\n\t\t<div class=\"elementor-element elementor-element-1a2dd2e e-con-full e-flex e-con e-child\" data-id=\"1a2dd2e\" data-element_type=\"container\" data-e-type=\"container\">\n\t\t\t\t<div class=\"elementor-element elementor-element-d67fcd7 elementor-widget elementor-widget-heading\" data-id=\"d67fcd7\" data-element_type=\"widget\" data-e-type=\"widget\" data-widget_type=\"heading.default\">\n\t\t\t\t\t<p class=\"elementor-heading-title elementor-size-default\">Katalog<\/p>\t\t\t\t<\/div>\n\t\t\t\t<div class=\"elementor-element elementor-element-5a03c17 elementor-widget elementor-widget-text-editor\" data-id=\"5a03c17\" data-element_type=\"widget\" data-e-type=\"widget\" data-widget_type=\"text-editor.default\">\n\t\t\t\t\t\t\t\t\t<p><a href=\"https:\/\/galisur.es\/de\/registrierung\/\">Registrieren Sie sich hier<\/a>, um auf das Dokument zuzugreifen.<\/p>\t\t\t\t\t\t\t\t<\/div>\n\t\t\t\t<\/div>\n\t\t\t\t\t<\/div>\n\t\t\t\t<\/div>\n\t\t<div class=\"elementor-element elementor-element-560fd26 e-flex e-con-boxed e-con e-parent\" data-id=\"560fd26\" data-element_type=\"container\" data-e-type=\"container\">\n\t\t\t\t\t<div class=\"e-con-inner\">\n\t\t<div class=\"elementor-element elementor-element-7d6eba2 e-con-full e-flex e-con e-child\" data-id=\"7d6eba2\" data-element_type=\"container\" data-e-type=\"container\">\n\t\t\t\t<div class=\"elementor-element elementor-element-fae1efa elementor-widget elementor-widget-image\" data-id=\"fae1efa\" data-element_type=\"widget\" data-e-type=\"widget\" data-widget_type=\"image.default\">\n\t\t\t\t\t\t\t\t\t\t\t\t\t\t\t<img decoding=\"async\" width=\"1200\" height=\"1200\" src=\"https:\/\/galisur.es\/wp-content\/files\/CC83-detalle-crema.png\" class=\"attachment-full size-full wp-image-16671\" alt=\"\" srcset=\"https:\/\/galisur.es\/wp-content\/files\/CC83-detalle-crema.png 1200w, https:\/\/galisur.es\/wp-content\/files\/CC83-detalle-crema-300x300.png 300w, https:\/\/galisur.es\/wp-content\/files\/CC83-detalle-crema-1024x1024.png 1024w, https:\/\/galisur.es\/wp-content\/files\/CC83-detalle-crema-150x150.png 150w, https:\/\/galisur.es\/wp-content\/files\/CC83-detalle-crema-768x768.png 768w, https:\/\/galisur.es\/wp-content\/files\/CC83-detalle-crema-800x800.png 800w\" sizes=\"(max-width: 1200px) 100vw, 1200px\" title=\"\">\t\t\t\t\t\t\t\t\t\t\t\t\t\t\t<\/div>\n\t\t\t\t<\/div>\n\t\t<div class=\"elementor-element elementor-element-0616c90 e-con-full e-flex e-con e-child\" data-id=\"0616c90\" data-element_type=\"container\" data-e-type=\"container\">\n\t\t\t\t<div class=\"elementor-element elementor-element-df82ba4 elementor-widget elementor-widget-heading\" data-id=\"df82ba4\" data-element_type=\"widget\" data-e-type=\"widget\" data-widget_type=\"heading.default\">\n\t\t\t\t\t<h2 class=\"elementor-heading-title elementor-size-default\">Klassifizierung von Versuchen<\/h2>\t\t\t\t<\/div>\n\t\t\t\t<div class=\"elementor-element elementor-element-5544db1 elementor-widget elementor-widget-n-accordion\" data-id=\"5544db1\" data-element_type=\"widget\" data-e-type=\"widget\" data-settings=\"{&quot;default_state&quot;:&quot;expanded&quot;,&quot;max_items_expended&quot;:&quot;one&quot;,&quot;n_accordion_animation_duration&quot;:{&quot;unit&quot;:&quot;ms&quot;,&quot;size&quot;:400,&quot;sizes&quot;:[]}}\" data-widget_type=\"nested-accordion.default\">\n\t\t\t\t\t\t\t<div class=\"e-n-accordion\" aria-label=\"Accordion. Open links with Enter or Space, close with Escape, and navigate with Arrow Keys\">\n\t\t\t\t\t\t<details id=\"e-n-accordion-item-8940\" class=\"e-n-accordion-item\" open>\n\t\t\t\t<summary class=\"e-n-accordion-item-title\" data-accordion-index=\"1\" tabindex=\"0\" aria-expanded=\"true\" aria-controls=\"e-n-accordion-item-8940\" >\n\t\t\t\t\t<span class='e-n-accordion-item-title-header'><div class=\"e-n-accordion-item-title-text\"> Windwiderstand <\/div><\/span>\n\t\t\t\t\t\t\t<span class='e-n-accordion-item-title-icon'>\n\t\t\t<span class='e-opened' ><svg aria-hidden=\"true\" class=\"e-font-icon-svg e-fas-minus\" viewBox=\"0 0 448 512\" xmlns=\"http:\/\/www.w3.org\/2000\/svg\"><path d=\"M416 208H32c-17.67 0-32 14.33-32 32v32c0 17.67 14.33 32 32 32h384c17.67 0 32-14.33 32-32v-32c0-17.67-14.33-32-32-32z\"><\/path><\/svg><\/span>\n\t\t\t<span class='e-closed'><svg aria-hidden=\"true\" class=\"e-font-icon-svg e-fas-plus\" viewBox=\"0 0 448 512\" xmlns=\"http:\/\/www.w3.org\/2000\/svg\"><path d=\"M416 208H272V64c0-17.67-14.33-32-32-32h-32c-17.67 0-32 14.33-32 32v144H32c-17.67 0-32 14.33-32 32v32c0 17.67 14.33 32 32 32h144v144c0 17.67 14.33 32 32 32h32c17.67 0 32-14.33 32-32V304h144c17.67 0 32-14.33 32-32v-32c0-17.67-14.33-32-32-32z\"><\/path><\/svg><\/span>\n\t\t<\/span>\n\n\t\t\t\t\t\t<\/summary>\n\t\t\t\t<div role=\"region\" aria-labelledby=\"e-n-accordion-item-8940\" class=\"elementor-element elementor-element-5f89ba5 e-con-full e-flex e-con e-child\" data-id=\"5f89ba5\" data-element_type=\"container\" data-e-type=\"container\">\n\t\t\t\t<div class=\"elementor-element elementor-element-105ff20 elementor-widget elementor-widget-text-editor\" data-id=\"105ff20\" data-element_type=\"widget\" data-e-type=\"widget\" data-widget_type=\"text-editor.default\">\n\t\t\t\t\t\t\t\t\t<p dir=\"ltr\">Widerstand gegen Windlasten<\/p><p dir=\"ltr\">Klasse 5 (UNE-EN 1932:2014)<\/p>\t\t\t\t\t\t\t\t<\/div>\n\t\t\t\t<\/div>\n\t\t\t\t\t<\/details>\n\t\t\t\t\t<\/div>\n\t\t\t\t\t\t<\/div>\n\t\t\t\t<\/div>\n\t\t\t\t\t<\/div>\n\t\t\t\t<\/div>\n\t\t<div class=\"elementor-element elementor-element-7ad01f1 e-flex e-con-boxed e-con e-parent\" data-id=\"7ad01f1\" data-element_type=\"container\" data-e-type=\"container\">\n\t\t\t\t\t<div class=\"e-con-inner\">\n\t\t<div class=\"elementor-element elementor-element-bd161fa e-con-full e-flex e-con e-child\" data-id=\"bd161fa\" data-element_type=\"container\" data-e-type=\"container\">\n\t\t\t\t<div class=\"elementor-element elementor-element-8136488 elementor-widget elementor-widget-heading\" data-id=\"8136488\" data-element_type=\"widget\" data-e-type=\"widget\" data-widget_type=\"heading.default\">\n\t\t\t\t\t<h3 class=\"elementor-heading-title elementor-size-default\">\u00d6ffnungsm\u00f6glichkeiten<\/h3>\t\t\t\t<\/div>\n\t\t\t\t<div class=\"elementor-element elementor-element-5fb2bec elementor-widget elementor-widget-image\" data-id=\"5fb2bec\" data-element_type=\"widget\" data-e-type=\"widget\" data-widget_type=\"image.default\">\n\t\t\t\t\t\t\t\t\t\t\t\t\t\t\t\t<a href=\"https:\/\/galisur.es\/wp-content\/uploads\/2021\/05\/CC83-posibilidades-de-apertura.png\" data-elementor-open-lightbox=\"yes\" data-elementor-lightbox-title=\"CC83-posibilidades-de-apertura\" data-e-action-hash=\"#elementor-action%3Aaction%3Dlightbox%26settings%3DeyJpZCI6MTQ4MzEsInVybCI6Imh0dHBzOlwvXC9nYWxpc3VyLmVzXC93cC1jb250ZW50XC9maWxlc1wvMjAyMVwvMDVcL0NDODMtcG9zaWJpbGlkYWRlcy1kZS1hcGVydHVyYS5wbmcifQ%3D%3D\">\n\t\t\t\t\t\t\t<img decoding=\"async\" width=\"800\" height=\"250\" src=\"https:\/\/galisur.es\/wp-content\/files\/2021\/05\/CC83-posibilidades-de-apertura.png\" class=\"attachment-full size-full wp-image-14831\" alt=\"\" srcset=\"https:\/\/galisur.es\/wp-content\/files\/2021\/05\/CC83-posibilidades-de-apertura.png 800w, https:\/\/galisur.es\/wp-content\/files\/2021\/05\/CC83-posibilidades-de-apertura-300x94.png 300w, https:\/\/galisur.es\/wp-content\/files\/2021\/05\/CC83-posibilidades-de-apertura-768x240.png 768w\" sizes=\"(max-width: 800px) 100vw, 800px\" title=\"\">\t\t\t\t\t\t\t\t<\/a>\n\t\t\t\t\t\t\t\t\t\t\t\t\t\t\t<\/div>\n\t\t\t\t<\/div>\n\t\t<div class=\"elementor-element elementor-element-4099953 e-con-full e-flex e-con e-child\" data-id=\"4099953\" data-element_type=\"container\" data-e-type=\"container\">\n\t\t\t\t<div class=\"elementor-element elementor-element-5dfd728 elementor-widget elementor-widget-heading\" data-id=\"5dfd728\" data-element_type=\"widget\" data-e-type=\"widget\" data-widget_type=\"heading.default\">\n\t\t\t\t\t<h3 class=\"elementor-heading-title elementor-size-default\">Empfohlene Abmessungen<\/h3>\t\t\t\t<\/div>\n\t\t\t\t<div class=\"elementor-element elementor-element-44f01ab elementor-widget elementor-widget-image\" data-id=\"44f01ab\" data-element_type=\"widget\" data-e-type=\"widget\" data-widget_type=\"image.default\">\n\t\t\t\t\t\t\t\t\t\t\t\t\t\t\t<img loading=\"lazy\" decoding=\"async\" width=\"800\" height=\"250\" src=\"https:\/\/galisur.es\/wp-content\/files\/2021\/05\/CC83-dimensiones-recomendadas.png\" class=\"attachment-full size-full wp-image-14835\" alt=\"\" srcset=\"https:\/\/galisur.es\/wp-content\/files\/2021\/05\/CC83-dimensiones-recomendadas.png 800w, https:\/\/galisur.es\/wp-content\/files\/2021\/05\/CC83-dimensiones-recomendadas-300x94.png 300w, https:\/\/galisur.es\/wp-content\/files\/2021\/05\/CC83-dimensiones-recomendadas-768x240.png 768w\" sizes=\"(max-width: 800px) 100vw, 800px\" title=\"\">\t\t\t\t\t\t\t\t\t\t\t\t\t\t\t<\/div>\n\t\t\t\t<\/div>\n\t\t\t\t\t<\/div>\n\t\t\t\t<\/div>\n\t\t<div class=\"elementor-element elementor-element-0492225 e-flex e-con-boxed e-con e-parent\" data-id=\"0492225\" data-element_type=\"container\" data-e-type=\"container\" data-settings=\"{&quot;background_background&quot;:&quot;classic&quot;}\">\n\t\t\t\t\t<div class=\"e-con-inner\">\n\t\t\t\t<div class=\"elementor-element elementor-element-78363e2 elementor-widget elementor-widget-heading\" data-id=\"78363e2\" data-element_type=\"widget\" data-e-type=\"widget\" data-widget_type=\"heading.default\">\n\t\t\t\t\t<h3 class=\"elementor-heading-title elementor-size-default\">Vorteile<\/h3>\t\t\t\t<\/div>\n\t\t\t\t<div class=\"elementor-element elementor-element-6f4fec2 elementor-widget elementor-widget-text-editor\" data-id=\"6f4fec2\" data-element_type=\"widget\" data-e-type=\"widget\" data-widget_type=\"text-editor.default\">\n\t\t\t\t\t\t\t\t\t<p>Dieses Glasschiebesystem von Aluminios Galisur wurde f\u00fcr die Verglasung von Terrassen, Balkonen und Veranden sowie als Erg\u00e4nzung zu Pergolen und beweglichen D\u00e4chern entwickelt. Diese Konstruktion mit nicht durchgehenden Laufschienen in Bezug auf die untere F\u00fchrung garantiert einen schnellen Abfluss von Regenwasser. Einfache Montage und Integration in die Fertigstellung des Bauwerks. Die vertikalen Eckprofile aus \u201esonnenbest\u00e4ndigem\u201d PVC erm\u00f6glichen maximale Sicht und Komfort. Mit vielf\u00e4ltigen Konfigurationen f\u00fcr \u00d6ffnungen und Verriegelungsm\u00f6glichkeiten.    <\/p>\t\t\t\t\t\t\t\t<\/div>\n\t\t\t\t\t<\/div>\n\t\t\t\t<\/div>\n\t\t\t\t<\/div>\n\t\t","protected":false},"excerpt":{"rendered":"<p>CC83 INNEN Geradliniges Schiebesystem f\u00fcr den Au\u00dfenbereich mit 82 mm Rahmenprofil in Schienen. Verglasung aus 10 mm starkem Hartglas, 5+5 laminiert. Beschl\u00e4ge mit Mehrpunktverriegelung. Dichtungen mit Lamellenfu\u00df, die die Qualit\u00e4t des Verschlusses gew\u00e4hrleisten. Optionen: Option flacher unterer Rahmen Zus\u00e4tzliche Fahrspuren Sperrung der Zwischenbl\u00e4tter durch verschlie\u00dfbare Verriegelungspunkte. Seitliche Blende mit Mehrpunktverschluss, kompatibel mit verschiedenen Griff- und [&hellip;]<\/p>\n","protected":false},"author":1998,"featured_media":0,"parent":17565,"menu_order":0,"comment_status":"closed","ping_status":"closed","template":"","meta":{"footnotes":""},"class_list":["post-17573","page","type-page","status-publish","hentry"],"yoast_head":"<!-- This site is optimized with the Yoast SEO plugin v27.2 - https:\/\/yoast.com\/product\/yoast-seo-wordpress\/ -->\n<title>CC83 | Aluminios Galisur<\/title>\n<meta name=\"description\" content=\"CC83 INNEN Geradliniges Schiebesystem f\u00fcr den Au\u00dfenbereich mit 82 mm Rahmenprofil in Schienen. Verglasung aus 10 mm starkem Hartglas, 5+5 laminiert.\" \/>\n<meta name=\"robots\" content=\"index, follow, max-snippet:-1, max-image-preview:large, max-video-preview:-1\" \/>\n<link rel=\"canonical\" href=\"https:\/\/galisur.es\/de\/alles-aus-glas\/cc83\/\" \/>\n<meta property=\"og:locale\" content=\"de_DE\" \/>\n<meta property=\"og:type\" content=\"article\" \/>\n<meta property=\"og:title\" content=\"CC83 | Aluminios Galisur\" \/>\n<meta property=\"og:description\" content=\"CC83 INNEN Geradliniges Schiebesystem f\u00fcr den Au\u00dfenbereich mit 82 mm Rahmenprofil in Schienen. Verglasung aus 10 mm starkem Hartglas, 5+5 laminiert.\" \/>\n<meta property=\"og:url\" content=\"https:\/\/galisur.es\/de\/alles-aus-glas\/cc83\/\" \/>\n<meta property=\"og:site_name\" content=\"Aluminios Galisur\" \/>\n<meta property=\"article:publisher\" content=\"https:\/\/www.facebook.com\/AluminiosGalisur\" \/>\n<meta property=\"article:modified_time\" content=\"2025-06-24T14:13:38+00:00\" \/>\n<meta property=\"og:image\" content=\"https:\/\/galisur.es\/wp-content\/uploads\/CC83-crema.png\" \/>\n<meta name=\"twitter:card\" content=\"summary_large_image\" \/>\n<meta name=\"twitter:site\" content=\"@AluminioGalisur\" \/>\n<meta name=\"twitter:label1\" content=\"Gesch\u00e4tzte Lesezeit\" \/>\n\t<meta name=\"twitter:data1\" content=\"1\u00a0Minute\" \/>\n<script type=\"application\/ld+json\" class=\"yoast-schema-graph\">{\"@context\":\"https:\/\/schema.org\",\"@graph\":[{\"@type\":\"WebPage\",\"@id\":\"https:\/\/galisur.es\/de\/alles-aus-glas\/cc83\/\",\"url\":\"https:\/\/galisur.es\/de\/alles-aus-glas\/cc83\/\",\"name\":\"CC83 | Aluminios Galisur\",\"isPartOf\":{\"@id\":\"https:\/\/galisur.es\/de\/#website\"},\"primaryImageOfPage\":{\"@id\":\"https:\/\/galisur.es\/de\/alles-aus-glas\/cc83\/#primaryimage\"},\"image\":{\"@id\":\"https:\/\/galisur.es\/de\/alles-aus-glas\/cc83\/#primaryimage\"},\"thumbnailUrl\":\"https:\/\/galisur.es\/wp-content\/uploads\/CC83-crema.png\",\"datePublished\":\"2021-03-24T13:24:27+00:00\",\"dateModified\":\"2025-06-24T14:13:38+00:00\",\"description\":\"CC83 INNEN Geradliniges Schiebesystem f\u00fcr den Au\u00dfenbereich mit 82 mm Rahmenprofil in Schienen. Verglasung aus 10 mm starkem Hartglas, 5+5 laminiert.\",\"breadcrumb\":{\"@id\":\"https:\/\/galisur.es\/de\/alles-aus-glas\/cc83\/#breadcrumb\"},\"inLanguage\":\"de\",\"potentialAction\":[{\"@type\":\"ReadAction\",\"target\":[\"https:\/\/galisur.es\/de\/alles-aus-glas\/cc83\/\"]}]},{\"@type\":\"ImageObject\",\"inLanguage\":\"de\",\"@id\":\"https:\/\/galisur.es\/de\/alles-aus-glas\/cc83\/#primaryimage\",\"url\":\"https:\/\/galisur.es\/wp-content\/uploads\/CC83-crema.png\",\"contentUrl\":\"https:\/\/galisur.es\/wp-content\/uploads\/CC83-crema.png\"},{\"@type\":\"BreadcrumbList\",\"@id\":\"https:\/\/galisur.es\/de\/alles-aus-glas\/cc83\/#breadcrumb\",\"itemListElement\":[{\"@type\":\"ListItem\",\"position\":1,\"name\":\"Portada\",\"item\":\"https:\/\/galisur.es\/de\/\"},{\"@type\":\"ListItem\",\"position\":2,\"name\":\"Alles aus Glas\",\"item\":\"https:\/\/galisur.es\/de\/alles-aus-glas\/\"},{\"@type\":\"ListItem\",\"position\":3,\"name\":\"CC83\"}]},{\"@type\":\"WebSite\",\"@id\":\"https:\/\/galisur.es\/de\/#website\",\"url\":\"https:\/\/galisur.es\/de\/\",\"name\":\"Aluminios Galisur\",\"description\":\"Aluminios Galisur\",\"publisher\":{\"@id\":\"https:\/\/galisur.es\/de\/#organization\"},\"potentialAction\":[{\"@type\":\"SearchAction\",\"target\":{\"@type\":\"EntryPoint\",\"urlTemplate\":\"https:\/\/galisur.es\/de\/?s={search_term_string}\"},\"query-input\":{\"@type\":\"PropertyValueSpecification\",\"valueRequired\":true,\"valueName\":\"search_term_string\"}}],\"inLanguage\":\"de\"},{\"@type\":\"Organization\",\"@id\":\"https:\/\/galisur.es\/de\/#organization\",\"name\":\"Galisur\",\"url\":\"https:\/\/galisur.es\/de\/\",\"logo\":{\"@type\":\"ImageObject\",\"inLanguage\":\"de\",\"@id\":\"https:\/\/galisur.es\/de\/#\/schema\/logo\/image\/\",\"url\":\"https:\/\/galisur.es\/wp-content\/files\/2021\/03\/logo-35x15-1.png\",\"contentUrl\":\"https:\/\/galisur.es\/wp-content\/files\/2021\/03\/logo-35x15-1.png\",\"width\":370,\"height\":176,\"caption\":\"Galisur\"},\"image\":{\"@id\":\"https:\/\/galisur.es\/de\/#\/schema\/logo\/image\/\"},\"sameAs\":[\"https:\/\/www.facebook.com\/AluminiosGalisur\",\"https:\/\/x.com\/AluminioGalisur\"]}]}<\/script>\n<!-- \/ Yoast SEO plugin. -->","yoast_head_json":{"title":"CC83 | Aluminios Galisur","description":"CC83 INNEN Geradliniges Schiebesystem f\u00fcr den Au\u00dfenbereich mit 82 mm Rahmenprofil in Schienen. Verglasung aus 10 mm starkem Hartglas, 5+5 laminiert.","robots":{"index":"index","follow":"follow","max-snippet":"max-snippet:-1","max-image-preview":"max-image-preview:large","max-video-preview":"max-video-preview:-1"},"canonical":"https:\/\/galisur.es\/de\/alles-aus-glas\/cc83\/","og_locale":"de_DE","og_type":"article","og_title":"CC83 | Aluminios Galisur","og_description":"CC83 INNEN Geradliniges Schiebesystem f\u00fcr den Au\u00dfenbereich mit 82 mm Rahmenprofil in Schienen. Verglasung aus 10 mm starkem Hartglas, 5+5 laminiert.","og_url":"https:\/\/galisur.es\/de\/alles-aus-glas\/cc83\/","og_site_name":"Aluminios Galisur","article_publisher":"https:\/\/www.facebook.com\/AluminiosGalisur","article_modified_time":"2025-06-24T14:13:38+00:00","og_image":[{"url":"https:\/\/galisur.es\/wp-content\/uploads\/CC83-crema.png","type":"","width":"","height":""}],"twitter_card":"summary_large_image","twitter_site":"@AluminioGalisur","twitter_misc":{"Gesch\u00e4tzte Lesezeit":"1\u00a0Minute"},"schema":{"@context":"https:\/\/schema.org","@graph":[{"@type":"WebPage","@id":"https:\/\/galisur.es\/de\/alles-aus-glas\/cc83\/","url":"https:\/\/galisur.es\/de\/alles-aus-glas\/cc83\/","name":"CC83 | Aluminios Galisur","isPartOf":{"@id":"https:\/\/galisur.es\/de\/#website"},"primaryImageOfPage":{"@id":"https:\/\/galisur.es\/de\/alles-aus-glas\/cc83\/#primaryimage"},"image":{"@id":"https:\/\/galisur.es\/de\/alles-aus-glas\/cc83\/#primaryimage"},"thumbnailUrl":"https:\/\/galisur.es\/wp-content\/uploads\/CC83-crema.png","datePublished":"2021-03-24T13:24:27+00:00","dateModified":"2025-06-24T14:13:38+00:00","description":"CC83 INNEN Geradliniges Schiebesystem f\u00fcr den Au\u00dfenbereich mit 82 mm Rahmenprofil in Schienen. Verglasung aus 10 mm starkem Hartglas, 5+5 laminiert.","breadcrumb":{"@id":"https:\/\/galisur.es\/de\/alles-aus-glas\/cc83\/#breadcrumb"},"inLanguage":"de","potentialAction":[{"@type":"ReadAction","target":["https:\/\/galisur.es\/de\/alles-aus-glas\/cc83\/"]}]},{"@type":"ImageObject","inLanguage":"de","@id":"https:\/\/galisur.es\/de\/alles-aus-glas\/cc83\/#primaryimage","url":"https:\/\/galisur.es\/wp-content\/uploads\/CC83-crema.png","contentUrl":"https:\/\/galisur.es\/wp-content\/uploads\/CC83-crema.png"},{"@type":"BreadcrumbList","@id":"https:\/\/galisur.es\/de\/alles-aus-glas\/cc83\/#breadcrumb","itemListElement":[{"@type":"ListItem","position":1,"name":"Portada","item":"https:\/\/galisur.es\/de\/"},{"@type":"ListItem","position":2,"name":"Alles aus Glas","item":"https:\/\/galisur.es\/de\/alles-aus-glas\/"},{"@type":"ListItem","position":3,"name":"CC83"}]},{"@type":"WebSite","@id":"https:\/\/galisur.es\/de\/#website","url":"https:\/\/galisur.es\/de\/","name":"Aluminios Galisur","description":"Aluminios Galisur","publisher":{"@id":"https:\/\/galisur.es\/de\/#organization"},"potentialAction":[{"@type":"SearchAction","target":{"@type":"EntryPoint","urlTemplate":"https:\/\/galisur.es\/de\/?s={search_term_string}"},"query-input":{"@type":"PropertyValueSpecification","valueRequired":true,"valueName":"search_term_string"}}],"inLanguage":"de"},{"@type":"Organization","@id":"https:\/\/galisur.es\/de\/#organization","name":"Galisur","url":"https:\/\/galisur.es\/de\/","logo":{"@type":"ImageObject","inLanguage":"de","@id":"https:\/\/galisur.es\/de\/#\/schema\/logo\/image\/","url":"https:\/\/galisur.es\/wp-content\/files\/2021\/03\/logo-35x15-1.png","contentUrl":"https:\/\/galisur.es\/wp-content\/files\/2021\/03\/logo-35x15-1.png","width":370,"height":176,"caption":"Galisur"},"image":{"@id":"https:\/\/galisur.es\/de\/#\/schema\/logo\/image\/"},"sameAs":["https:\/\/www.facebook.com\/AluminiosGalisur","https:\/\/x.com\/AluminioGalisur"]}]}},"_links":{"self":[{"href":"https:\/\/galisur.es\/de\/wp-json\/wp\/v2\/pages\/17573","targetHints":{"allow":["GET"]}}],"collection":[{"href":"https:\/\/galisur.es\/de\/wp-json\/wp\/v2\/pages"}],"about":[{"href":"https:\/\/galisur.es\/de\/wp-json\/wp\/v2\/types\/page"}],"author":[{"embeddable":true,"href":"https:\/\/galisur.es\/de\/wp-json\/wp\/v2\/users\/1998"}],"replies":[{"embeddable":true,"href":"https:\/\/galisur.es\/de\/wp-json\/wp\/v2\/comments?post=17573"}],"version-history":[{"count":1,"href":"https:\/\/galisur.es\/de\/wp-json\/wp\/v2\/pages\/17573\/revisions"}],"predecessor-version":[{"id":17574,"href":"https:\/\/galisur.es\/de\/wp-json\/wp\/v2\/pages\/17573\/revisions\/17574"}],"up":[{"embeddable":true,"href":"https:\/\/galisur.es\/de\/wp-json\/wp\/v2\/pages\/17565"}],"wp:attachment":[{"href":"https:\/\/galisur.es\/de\/wp-json\/wp\/v2\/media?parent=17573"}],"curies":[{"name":"wp","href":"https:\/\/api.w.org\/{rel}","templated":true}]}}