{"id":17557,"date":"2023-09-07T08:38:54","date_gmt":"2023-09-07T06:38:54","guid":{"rendered":"https:\/\/nervous-gagarin.141-94-206-129.plesk.page\/showroom\/"},"modified":"2025-06-30T09:03:18","modified_gmt":"2025-06-30T07:03:18","slug":"showroom","status":"publish","type":"page","link":"https:\/\/galisur.es\/de\/showroom\/","title":{"rendered":"showroom"},"content":{"rendered":"\t\t<div data-elementor-type=\"wp-page\" data-elementor-id=\"17557\" class=\"elementor elementor-17557 elementor-12908\" data-elementor-post-type=\"page\">\n\t\t\t\t<div class=\"elementor-element elementor-element-31b4218 e-flex e-con-boxed e-con e-parent\" data-id=\"31b4218\" data-element_type=\"container\" data-e-type=\"container\" data-settings=\"{&quot;background_background&quot;:&quot;classic&quot;}\">\n\t\t\t\t\t<div class=\"e-con-inner\">\n\t\t\t\t<div class=\"elementor-element elementor-element-45f62fa elementor-widget elementor-widget-spacer\" data-id=\"45f62fa\" data-element_type=\"widget\" data-e-type=\"widget\" data-widget_type=\"spacer.default\">\n\t\t\t\t\t\t\t<div class=\"elementor-spacer\">\n\t\t\t<div class=\"elementor-spacer-inner\"><\/div>\n\t\t<\/div>\n\t\t\t\t\t\t<\/div>\n\t\t\t\t\t<\/div>\n\t\t\t\t<\/div>\n\t\t<div class=\"elementor-element elementor-element-843d2fc e-flex e-con-boxed e-con e-parent\" data-id=\"843d2fc\" data-element_type=\"container\" data-e-type=\"container\">\n\t\t\t\t\t<div class=\"e-con-inner\">\n\t\t<div class=\"elementor-element elementor-element-7f58c69 e-con-full e-flex e-con e-child\" data-id=\"7f58c69\" data-element_type=\"container\" data-e-type=\"container\">\n\t\t\t\t<div class=\"elementor-element elementor-element-d5a3994 elementor-widget elementor-widget-heading\" data-id=\"d5a3994\" data-element_type=\"widget\" data-e-type=\"widget\" data-widget_type=\"heading.default\">\n\t\t\t\t\t<p class=\"elementor-heading-title elementor-size-default\">Wir freuen uns auf dich!<\/p>\t\t\t\t<\/div>\n\t\t\t\t<div class=\"elementor-element elementor-element-f15ebe9 elementor-widget-mobile__width-inherit elementor-widget elementor-widget-heading\" data-id=\"f15ebe9\" data-element_type=\"widget\" data-e-type=\"widget\" data-widget_type=\"heading.default\">\n\t\t\t\t\t<h2 class=\"elementor-heading-title elementor-size-default\">Besuchen Sie unsere Ausstellung<\/h2>\t\t\t\t<\/div>\n\t\t\t\t<\/div>\n\t\t<div class=\"elementor-element elementor-element-2a8ff5a e-con-full e-flex e-con e-child\" data-id=\"2a8ff5a\" data-element_type=\"container\" data-e-type=\"container\">\n\t\t\t\t<div class=\"elementor-element elementor-element-4173427 elementor-widget elementor-widget-text-editor\" data-id=\"4173427\" data-element_type=\"widget\" data-e-type=\"widget\" data-widget_type=\"text-editor.default\">\n\t\t\t\t\t\t\t\t\t<p>Entdecken Sie alle Neuheiten und Tischlerarbeiten von Aluminios Galisur. F\u00fchrungen durch die technische Abteilung f\u00fcr ein einzigartiges Erlebnis und technische Beratung. <\/p>\t\t\t\t\t\t\t\t<\/div>\n\t\t\t\t<\/div>\n\t\t\t\t\t<\/div>\n\t\t\t\t<\/div>\n\t\t<div class=\"elementor-element elementor-element-1a06e35 e-flex e-con-boxed e-con e-parent\" data-id=\"1a06e35\" data-element_type=\"container\" data-e-type=\"container\" data-settings=\"{&quot;background_background&quot;:&quot;classic&quot;}\">\n\t\t\t\t\t<div class=\"e-con-inner\">\n\t\t<div class=\"elementor-element elementor-element-d6cd41f e-con-full e-flex e-con e-child\" data-id=\"d6cd41f\" data-element_type=\"container\" data-e-type=\"container\">\n\t\t\t\t<div class=\"elementor-element elementor-element-81f73aa elementor-widget elementor-widget-image\" data-id=\"81f73aa\" data-element_type=\"widget\" data-e-type=\"widget\" data-widget_type=\"image.default\">\n\t\t\t\t\t\t\t\t\t\t\t\t\t\t\t<img fetchpriority=\"high\" decoding=\"async\" width=\"512\" height=\"512\" src=\"https:\/\/galisur.es\/wp-content\/files\/nuevo.png\" class=\"attachment-full size-full wp-image-16287\" alt=\"\" srcset=\"https:\/\/galisur.es\/wp-content\/files\/nuevo.png 512w, https:\/\/galisur.es\/wp-content\/files\/nuevo-300x300.png 300w, https:\/\/galisur.es\/wp-content\/files\/nuevo-150x150.png 150w\" sizes=\"(max-width: 512px) 100vw, 512px\" title=\"\">\t\t\t\t\t\t\t\t\t\t\t\t\t\t\t<\/div>\n\t\t\t\t<div class=\"elementor-element elementor-element-b756e39 elementor-widget elementor-widget-heading\" data-id=\"b756e39\" data-element_type=\"widget\" data-e-type=\"widget\" data-widget_type=\"heading.default\">\n\t\t\t\t\t<p class=\"elementor-heading-title elementor-size-default\">Neueste Nachrichten<\/p>\t\t\t\t<\/div>\n\t\t\t\t<\/div>\n\t\t<div class=\"elementor-element elementor-element-ae9bdfb e-con-full e-flex e-con e-child\" data-id=\"ae9bdfb\" data-element_type=\"container\" data-e-type=\"container\">\n\t\t\t\t<div class=\"elementor-element elementor-element-8621db9 elementor-widget elementor-widget-image\" data-id=\"8621db9\" data-element_type=\"widget\" data-e-type=\"widget\" data-widget_type=\"image.default\">\n\t\t\t\t\t\t\t\t\t\t\t\t\t\t\t<img decoding=\"async\" width=\"512\" height=\"512\" src=\"https:\/\/galisur.es\/wp-content\/files\/puerta-doble.png\" class=\"attachment-full size-full wp-image-16279\" alt=\"\" srcset=\"https:\/\/galisur.es\/wp-content\/files\/puerta-doble.png 512w, https:\/\/galisur.es\/wp-content\/files\/puerta-doble-300x300.png 300w, https:\/\/galisur.es\/wp-content\/files\/puerta-doble-150x150.png 150w\" sizes=\"(max-width: 512px) 100vw, 512px\" title=\"\">\t\t\t\t\t\t\t\t\t\t\t\t\t\t\t<\/div>\n\t\t\t\t<div class=\"elementor-element elementor-element-3c0d562 elementor-widget elementor-widget-heading\" data-id=\"3c0d562\" data-element_type=\"widget\" data-e-type=\"widget\" data-widget_type=\"heading.default\">\n\t\t\t\t\t<p class=\"elementor-heading-title elementor-size-default\">Alle Produkte<\/p>\t\t\t\t<\/div>\n\t\t\t\t<\/div>\n\t\t<div class=\"elementor-element elementor-element-a2419f7 e-con-full e-flex e-con e-child\" data-id=\"a2419f7\" data-element_type=\"container\" data-e-type=\"container\">\n\t\t\t\t<div class=\"elementor-element elementor-element-7cadf9f elementor-widget elementor-widget-image\" data-id=\"7cadf9f\" data-element_type=\"widget\" data-e-type=\"widget\" data-widget_type=\"image.default\">\n\t\t\t\t\t\t\t\t\t\t\t\t\t\t\t<img decoding=\"async\" width=\"512\" height=\"512\" src=\"https:\/\/galisur.es\/wp-content\/files\/hablando.png\" class=\"attachment-full size-full wp-image-16283\" alt=\"\" srcset=\"https:\/\/galisur.es\/wp-content\/files\/hablando.png 512w, https:\/\/galisur.es\/wp-content\/files\/hablando-300x300.png 300w, https:\/\/galisur.es\/wp-content\/files\/hablando-150x150.png 150w\" sizes=\"(max-width: 512px) 100vw, 512px\" title=\"\">\t\t\t\t\t\t\t\t\t\t\t\t\t\t\t<\/div>\n\t\t\t\t<div class=\"elementor-element elementor-element-d1196c1 elementor-widget elementor-widget-heading\" data-id=\"d1196c1\" data-element_type=\"widget\" data-e-type=\"widget\" data-widget_type=\"heading.default\">\n\t\t\t\t\t<p class=\"elementor-heading-title elementor-size-default\">Beratung<\/p>\t\t\t\t<\/div>\n\t\t\t\t<\/div>\n\t\t\t\t\t<\/div>\n\t\t\t\t<\/div>\n\t\t<div class=\"elementor-element elementor-element-7d07230 e-flex e-con-boxed e-con e-parent\" data-id=\"7d07230\" data-element_type=\"container\" data-e-type=\"container\">\n\t\t\t\t\t<div class=\"e-con-inner\">\n\t\t<div class=\"elementor-element elementor-element-69be8be e-con-full e-flex e-con e-child\" data-id=\"69be8be\" data-element_type=\"container\" data-e-type=\"container\" data-settings=\"{&quot;background_background&quot;:&quot;classic&quot;}\">\n\t\t\t\t<div class=\"elementor-element elementor-element-099d618 elementor-widget elementor-widget-heading\" data-id=\"099d618\" data-element_type=\"widget\" data-e-type=\"widget\" data-widget_type=\"heading.default\">\n\t\t\t\t\t<p class=\"elementor-heading-title elementor-size-default\">Entdecken Sie alle unsere Serien und erleben Sie die Kraft der Stille in unserem Akustikbereich.<\/p>\t\t\t\t<\/div>\n\t\t\t\t<div class=\"elementor-element elementor-element-b099751 elementor-widget elementor-widget-heading\" data-id=\"b099751\" data-element_type=\"widget\" data-e-type=\"widget\" data-widget_type=\"heading.default\">\n\t\t\t\t\t<h3 class=\"elementor-heading-title elementor-size-default\">Besuchen Sie den Showroom<\/h3>\t\t\t\t<\/div>\n\t\t\t\t<\/div>\n\t\t<div class=\"elementor-element elementor-element-1bc6c81 e-con-full e-flex e-con e-child\" data-id=\"1bc6c81\" data-element_type=\"container\" data-e-type=\"container\">\n\t\t\t\t<div class=\"elementor-element elementor-element-5ee344f elementor-widget elementor-widget-video\" data-id=\"5ee344f\" data-element_type=\"widget\" data-e-type=\"widget\" data-settings=\"{&quot;youtube_url&quot;:&quot;https:\\\/\\\/www.youtube.com\\\/watch?v=FBts7lusQHo&amp;ab_channel=AluminiosGalisur&quot;,&quot;yt_privacy&quot;:&quot;yes&quot;,&quot;video_type&quot;:&quot;youtube&quot;,&quot;controls&quot;:&quot;yes&quot;}\" data-widget_type=\"video.default\">\n\t\t\t\t\t\t\t<div class=\"elementor-wrapper elementor-open-inline\">\n\t\t\t<div class=\"elementor-video\"><\/div>\t\t<\/div>\n\t\t\t\t\t\t<\/div>\n\t\t\t\t<\/div>\n\t\t\t\t\t<\/div>\n\t\t\t\t<\/div>\n\t\t<div class=\"elementor-element elementor-element-aa9d1ae e-flex e-con-boxed e-con e-parent\" data-id=\"aa9d1ae\" data-element_type=\"container\" data-e-type=\"container\">\n\t\t\t\t\t<div class=\"e-con-inner\">\n\t\t<div class=\"elementor-element elementor-element-afa8320 e-con-full e-flex e-con e-child\" data-id=\"afa8320\" data-element_type=\"container\" data-e-type=\"container\" data-settings=\"{&quot;background_background&quot;:&quot;classic&quot;}\">\n\t\t\t\t<div class=\"elementor-element elementor-element-c9092f9 elementor-widget elementor-widget-heading\" data-id=\"c9092f9\" data-element_type=\"widget\" data-e-type=\"widget\" data-widget_type=\"heading.default\">\n\t\t\t\t\t<p class=\"elementor-heading-title elementor-size-default\">F\u00fcllen Sie das Formular aus. Wir werden uns so schnell wie m\u00f6glich mit Ihnen in Verbindung setzen. <\/p>\t\t\t\t<\/div>\n\t\t\t\t<div class=\"elementor-element elementor-element-3d2bccb elementor-widget elementor-widget-heading\" data-id=\"3d2bccb\" data-element_type=\"widget\" data-e-type=\"widget\" data-widget_type=\"heading.default\">\n\t\t\t\t\t<h3 class=\"elementor-heading-title elementor-size-default\">Besuchen Sie den Showroom<\/h3>\t\t\t\t<\/div>\n\t\t\t\t<\/div>\n\t\t\t\t<div class=\"elementor-element elementor-element-49704b7 elementor-button-align-start elementor-widget__width-initial elementor-widget-mobile__width-inherit elementor-widget elementor-widget-form\" data-id=\"49704b7\" data-element_type=\"widget\" data-e-type=\"widget\" data-settings=\"{&quot;step_next_label&quot;:&quot;Weiter&quot;,&quot;step_previous_label&quot;:&quot;Vorherige&quot;,&quot;button_width&quot;:&quot;100&quot;,&quot;step_type&quot;:&quot;number_text&quot;,&quot;step_icon_shape&quot;:&quot;circle&quot;}\" data-widget_type=\"form.default\">\n\t\t\t\t\t\t\t<form class=\"elementor-form\" method=\"post\" name=\"Showroom\" aria-label=\"Showroom\">\n\t\t\t<input type=\"hidden\" name=\"post_id\" value=\"17557\"\/>\n\t\t\t<input type=\"hidden\" name=\"form_id\" value=\"49704b7\"\/>\n\t\t\t<input type=\"hidden\" name=\"referer_title\" value=\"showroom | Aluminios Galisur\" \/>\n\n\t\t\t\t\t\t\t<input type=\"hidden\" name=\"queried_id\" value=\"17557\"\/>\n\t\t\t\n\t\t\t<div class=\"elementor-form-fields-wrapper elementor-labels-\">\n\t\t\t\t\t\t\t\t<div class=\"elementor-field-type-text elementor-field-group elementor-column elementor-field-group-name elementor-col-50 elementor-md-100 elementor-field-required\">\n\t\t\t\t\t\t\t\t\t\t\t\t<label for=\"form-field-name\" class=\"elementor-field-label elementor-screen-only\">\n\t\t\t\t\t\t\t\tName\t\t\t\t\t\t\t<\/label>\n\t\t\t\t\t\t\t\t\t\t\t\t\t\t<input size=\"1\" type=\"text\" name=\"form_fields[name]\" id=\"form-field-name\" class=\"elementor-field elementor-size-sm  elementor-field-textual\" placeholder=\"Name\" required=\"required\">\n\t\t\t\t\t\t\t\t\t\t\t<\/div>\n\t\t\t\t\t\t\t\t<div class=\"elementor-field-type-email elementor-field-group elementor-column elementor-field-group-email elementor-col-50 elementor-md-100 elementor-field-required\">\n\t\t\t\t\t\t\t\t\t\t\t\t<label for=\"form-field-email\" class=\"elementor-field-label elementor-screen-only\">\n\t\t\t\t\t\t\t\tE-Mail\t\t\t\t\t\t\t<\/label>\n\t\t\t\t\t\t\t\t\t\t\t\t\t\t<input size=\"1\" type=\"email\" name=\"form_fields[email]\" id=\"form-field-email\" class=\"elementor-field elementor-size-sm  elementor-field-textual\" placeholder=\"E-Mail\" required=\"required\">\n\t\t\t\t\t\t\t\t\t\t\t<\/div>\n\t\t\t\t\t\t\t\t<div class=\"elementor-field-type-text elementor-field-group elementor-column elementor-field-group-field_d6fb849 elementor-col-50 elementor-md-100\">\n\t\t\t\t\t\t\t\t\t\t\t\t<label for=\"form-field-field_d6fb849\" class=\"elementor-field-label elementor-screen-only\">\n\t\t\t\t\t\t\t\tUnternehmen\t\t\t\t\t\t\t<\/label>\n\t\t\t\t\t\t\t\t\t\t\t\t\t\t<input size=\"1\" type=\"text\" name=\"form_fields[field_d6fb849]\" id=\"form-field-field_d6fb849\" class=\"elementor-field elementor-size-sm  elementor-field-textual\" placeholder=\"Unternehmen\">\n\t\t\t\t\t\t\t\t\t\t\t<\/div>\n\t\t\t\t\t\t\t\t<div class=\"elementor-field-type-tel elementor-field-group elementor-column elementor-field-group-field_0d3493f elementor-col-50 elementor-md-100 elementor-field-required\">\n\t\t\t\t\t\t\t\t\t\t\t\t<label for=\"form-field-field_0d3493f\" class=\"elementor-field-label elementor-screen-only\">\n\t\t\t\t\t\t\t\tTelefon\t\t\t\t\t\t\t<\/label>\n\t\t\t\t\t\t\t\t<input size=\"1\" type=\"tel\" name=\"form_fields[field_0d3493f]\" id=\"form-field-field_0d3493f\" class=\"elementor-field elementor-size-sm  elementor-field-textual\" placeholder=\"Telefon\" required=\"required\" pattern=\"[0-9()#&amp;+*-=.]+\" title=\"Nur Nummern oder Telefon-Zeichen (#, -, *, etc) werden akzeptiert.\">\n\n\t\t\t\t\t\t<\/div>\n\t\t\t\t\t\t\t\t<div class=\"elementor-field-type-text elementor-field-group elementor-column elementor-field-group-field_7f6c6b4 elementor-col-50 elementor-field-required\">\n\t\t\t\t\t\t\t\t\t\t\t\t<label for=\"form-field-field_7f6c6b4\" class=\"elementor-field-label elementor-screen-only\">\n\t\t\t\t\t\t\t\tStadt\t\t\t\t\t\t\t<\/label>\n\t\t\t\t\t\t\t\t\t\t\t\t\t\t<input size=\"1\" type=\"text\" name=\"form_fields[field_7f6c6b4]\" id=\"form-field-field_7f6c6b4\" class=\"elementor-field elementor-size-sm  elementor-field-textual\" placeholder=\"Stadt\" required=\"required\">\n\t\t\t\t\t\t\t\t\t\t\t<\/div>\n\t\t\t\t\t\t\t\t<div class=\"elementor-field-type-text elementor-field-group elementor-column elementor-field-group-field_fb085f1 elementor-col-50 elementor-field-required\">\n\t\t\t\t\t\t\t\t\t\t\t\t<label for=\"form-field-field_fb085f1\" class=\"elementor-field-label elementor-screen-only\">\n\t\t\t\t\t\t\t\tPostleitzahl\t\t\t\t\t\t\t<\/label>\n\t\t\t\t\t\t\t\t\t\t\t\t\t\t<input size=\"1\" type=\"text\" name=\"form_fields[field_fb085f1]\" id=\"form-field-field_fb085f1\" class=\"elementor-field elementor-size-sm  elementor-field-textual\" placeholder=\"Postleitzahl\" required=\"required\">\n\t\t\t\t\t\t\t\t\t\t\t<\/div>\n\t\t\t\t\t\t\t\t<div class=\"elementor-field-type-html elementor-field-group elementor-column elementor-field-group-field_14c4a72 elementor-col-100\">\n\t\t\t\t\tDATENSCHUTZ: In \u00dcbereinstimmung mit den Datenschutzbestimmungen stellen wir Ihnen folgende Informationen zur Datenverarbeitung zur Verf\u00fcgung:\nVerantwortlicher: Galisur S.L. Zweck der Verarbeitung: Aufrechterhaltung einer Gesch\u00e4ftsbeziehung und Versand von Informationen zu Produkten oder Dienstleistungen \nIhre Rechte: Zugang, Berichtigung, \u00dcbertragbarkeit, L\u00f6schung, Einschr\u00e4nkung und Widerspruch\n<br>Weitere Informationen zur Verarbeitung: <a href=\"\/wp-content\/uploads\/Politica-de-PRIVACIDAD-Galisur-SL.pdf\" target=\"_blank\">Datenschutzerkl\u00e4rung<\/a> oder unter <a href=\"mailto:info@galisur.es\">info@galisur.es<\/a>\t\t\t\t<\/div>\n\t\t\t\t\t\t\t\t<div class=\"elementor-field-type-acceptance elementor-field-group elementor-column elementor-field-group-field_95dca0f elementor-col-100 elementor-field-required\">\n\t\t\t\t\t\t\t\t\t\t\t\t<label for=\"form-field-field_95dca0f\" class=\"elementor-field-label elementor-screen-only\">\n\t\t\t\t\t\t\t\tRechtliche Hinweise\t\t\t\t\t\t\t<\/label>\n\t\t\t\t\t\t\t\t<div class=\"elementor-field-subgroup\">\n\t\t\t<span class=\"elementor-field-option\">\n\t\t\t\t<input type=\"checkbox\" name=\"form_fields[field_95dca0f]\" id=\"form-field-field_95dca0f\" class=\"elementor-field elementor-size-sm  elementor-acceptance-field\" required=\"required\">\n\t\t\t\t<label for=\"form-field-field_95dca0f\">Ich stimme der Verarbeitung meiner Daten zum Zweck der Zusendung von Informationen zu Produkten oder Dienstleistungen zu.<\/label>\t\t\t<\/span>\n\t\t<\/div>\n\t\t\t\t\t\t<\/div>\n\t\t\t\t\t\t\t\t<div class=\"elementor-field-group elementor-column elementor-field-type-submit elementor-col-100 e-form__buttons\">\n\t\t\t\t\t<button class=\"elementor-button elementor-size-sm\" type=\"submit\">\n\t\t\t\t\t\t<span class=\"elementor-button-content-wrapper\">\n\t\t\t\t\t\t\t\t\t\t\t\t\t\t\t\t\t\t\t\t\t\t<span class=\"elementor-button-text\">Werden Sie Installateur<\/span>\n\t\t\t\t\t\t\t\t\t\t\t\t\t<\/span>\n\t\t\t\t\t<\/button>\n\t\t\t\t<\/div>\n\t\t\t<\/div>\n\t\t<\/form>\n\t\t\t\t\t\t<\/div>\n\t\t\t\t\t<\/div>\n\t\t\t\t<\/div>\n\t\t\t\t<\/div>\n\t\t","protected":false},"excerpt":{"rendered":"<p>Wir freuen uns auf dich! Besuchen Sie unsere Ausstellung Entdecken Sie alle Neuheiten und Tischlerarbeiten von Aluminios Galisur. F\u00fchrungen durch die technische Abteilung f\u00fcr ein einzigartiges Erlebnis und technische Beratung. Neueste Nachrichten Alle Produkte Beratung Entdecken Sie alle unsere Serien und erleben Sie die Kraft der Stille in unserem Akustikbereich. Besuchen Sie den Showroom https:\/\/www.youtube.com\/watch?v=FBts7lusQHo&#038;ab_channel=AluminiosGalisur [&hellip;]<\/p>\n","protected":false},"author":18,"featured_media":16275,"parent":0,"menu_order":0,"comment_status":"closed","ping_status":"closed","template":"","meta":{"footnotes":""},"class_list":["post-17557","page","type-page","status-publish","has-post-thumbnail","hentry"],"yoast_head":"<!-- This site is optimized with the Yoast SEO plugin v27.2 - https:\/\/yoast.com\/product\/yoast-seo-wordpress\/ -->\n<title>showroom | Aluminios Galisur<\/title>\n<meta name=\"description\" content=\"Werden Sie professioneller Installateur unserer hochwertigen Aluminiumprodukte. Schlie\u00dfen Sie sich mehr als 5.000 offiziellen Installateuren an.\" \/>\n<meta name=\"robots\" content=\"index, follow, max-snippet:-1, max-image-preview:large, max-video-preview:-1\" \/>\n<link rel=\"canonical\" href=\"https:\/\/galisur.es\/de\/showroom\/\" \/>\n<meta property=\"og:locale\" content=\"de_DE\" \/>\n<meta property=\"og:type\" content=\"article\" \/>\n<meta property=\"og:title\" content=\"showroom | Aluminios Galisur\" \/>\n<meta property=\"og:description\" content=\"Werden Sie professioneller Installateur unserer hochwertigen Aluminiumprodukte. Schlie\u00dfen Sie sich mehr als 5.000 offiziellen Installateuren an.\" \/>\n<meta property=\"og:url\" content=\"https:\/\/galisur.es\/de\/showroom\/\" \/>\n<meta property=\"og:site_name\" content=\"Aluminios Galisur\" \/>\n<meta property=\"article:publisher\" content=\"https:\/\/www.facebook.com\/AluminiosGalisur\" \/>\n<meta property=\"article:modified_time\" content=\"2025-06-30T07:03:18+00:00\" \/>\n<meta property=\"og:image\" content=\"https:\/\/galisur.es\/wp-content\/files\/cabecera_calidad-1.png\" \/>\n\t<meta property=\"og:image:width\" content=\"1920\" \/>\n\t<meta property=\"og:image:height\" content=\"356\" \/>\n\t<meta property=\"og:image:type\" content=\"image\/png\" \/>\n<meta name=\"twitter:card\" content=\"summary_large_image\" \/>\n<meta name=\"twitter:site\" content=\"@AluminioGalisur\" \/>\n<script type=\"application\/ld+json\" class=\"yoast-schema-graph\">{\"@context\":\"https:\/\/schema.org\",\"@graph\":[{\"@type\":\"WebPage\",\"@id\":\"https:\/\/galisur.es\/de\/showroom\/\",\"url\":\"https:\/\/galisur.es\/de\/showroom\/\",\"name\":\"showroom | Aluminios Galisur\",\"isPartOf\":{\"@id\":\"https:\/\/galisur.es\/de\/#website\"},\"primaryImageOfPage\":{\"@id\":\"https:\/\/galisur.es\/de\/showroom\/#primaryimage\"},\"image\":{\"@id\":\"https:\/\/galisur.es\/de\/showroom\/#primaryimage\"},\"thumbnailUrl\":\"https:\/\/galisur.es\/wp-content\/files\/cabecera_calidad-1.png\",\"datePublished\":\"2023-09-07T06:38:54+00:00\",\"dateModified\":\"2025-06-30T07:03:18+00:00\",\"description\":\"Werden Sie professioneller Installateur unserer hochwertigen Aluminiumprodukte. Schlie\u00dfen Sie sich mehr als 5.000 offiziellen Installateuren an.\",\"breadcrumb\":{\"@id\":\"https:\/\/galisur.es\/de\/showroom\/#breadcrumb\"},\"inLanguage\":\"de\",\"potentialAction\":[{\"@type\":\"ReadAction\",\"target\":[\"https:\/\/galisur.es\/de\/showroom\/\"]}]},{\"@type\":\"ImageObject\",\"inLanguage\":\"de\",\"@id\":\"https:\/\/galisur.es\/de\/showroom\/#primaryimage\",\"url\":\"https:\/\/galisur.es\/wp-content\/files\/cabecera_calidad-1.png\",\"contentUrl\":\"https:\/\/galisur.es\/wp-content\/files\/cabecera_calidad-1.png\",\"width\":1920,\"height\":356},{\"@type\":\"BreadcrumbList\",\"@id\":\"https:\/\/galisur.es\/de\/showroom\/#breadcrumb\",\"itemListElement\":[{\"@type\":\"ListItem\",\"position\":1,\"name\":\"Portada\",\"item\":\"https:\/\/galisur.es\/de\/\"},{\"@type\":\"ListItem\",\"position\":2,\"name\":\"showroom\"}]},{\"@type\":\"WebSite\",\"@id\":\"https:\/\/galisur.es\/de\/#website\",\"url\":\"https:\/\/galisur.es\/de\/\",\"name\":\"Aluminios Galisur\",\"description\":\"Aluminios Galisur\",\"publisher\":{\"@id\":\"https:\/\/galisur.es\/de\/#organization\"},\"potentialAction\":[{\"@type\":\"SearchAction\",\"target\":{\"@type\":\"EntryPoint\",\"urlTemplate\":\"https:\/\/galisur.es\/de\/?s={search_term_string}\"},\"query-input\":{\"@type\":\"PropertyValueSpecification\",\"valueRequired\":true,\"valueName\":\"search_term_string\"}}],\"inLanguage\":\"de\"},{\"@type\":\"Organization\",\"@id\":\"https:\/\/galisur.es\/de\/#organization\",\"name\":\"Galisur\",\"url\":\"https:\/\/galisur.es\/de\/\",\"logo\":{\"@type\":\"ImageObject\",\"inLanguage\":\"de\",\"@id\":\"https:\/\/galisur.es\/de\/#\/schema\/logo\/image\/\",\"url\":\"https:\/\/galisur.es\/wp-content\/files\/2021\/03\/logo-35x15-1.png\",\"contentUrl\":\"https:\/\/galisur.es\/wp-content\/files\/2021\/03\/logo-35x15-1.png\",\"width\":370,\"height\":176,\"caption\":\"Galisur\"},\"image\":{\"@id\":\"https:\/\/galisur.es\/de\/#\/schema\/logo\/image\/\"},\"sameAs\":[\"https:\/\/www.facebook.com\/AluminiosGalisur\",\"https:\/\/x.com\/AluminioGalisur\"]}]}<\/script>\n<!-- \/ Yoast SEO plugin. -->","yoast_head_json":{"title":"showroom | Aluminios Galisur","description":"Werden Sie professioneller Installateur unserer hochwertigen Aluminiumprodukte. Schlie\u00dfen Sie sich mehr als 5.000 offiziellen Installateuren an.","robots":{"index":"index","follow":"follow","max-snippet":"max-snippet:-1","max-image-preview":"max-image-preview:large","max-video-preview":"max-video-preview:-1"},"canonical":"https:\/\/galisur.es\/de\/showroom\/","og_locale":"de_DE","og_type":"article","og_title":"showroom | Aluminios Galisur","og_description":"Werden Sie professioneller Installateur unserer hochwertigen Aluminiumprodukte. Schlie\u00dfen Sie sich mehr als 5.000 offiziellen Installateuren an.","og_url":"https:\/\/galisur.es\/de\/showroom\/","og_site_name":"Aluminios Galisur","article_publisher":"https:\/\/www.facebook.com\/AluminiosGalisur","article_modified_time":"2025-06-30T07:03:18+00:00","og_image":[{"width":1920,"height":356,"url":"https:\/\/galisur.es\/wp-content\/files\/cabecera_calidad-1.png","type":"image\/png"}],"twitter_card":"summary_large_image","twitter_site":"@AluminioGalisur","schema":{"@context":"https:\/\/schema.org","@graph":[{"@type":"WebPage","@id":"https:\/\/galisur.es\/de\/showroom\/","url":"https:\/\/galisur.es\/de\/showroom\/","name":"showroom | Aluminios Galisur","isPartOf":{"@id":"https:\/\/galisur.es\/de\/#website"},"primaryImageOfPage":{"@id":"https:\/\/galisur.es\/de\/showroom\/#primaryimage"},"image":{"@id":"https:\/\/galisur.es\/de\/showroom\/#primaryimage"},"thumbnailUrl":"https:\/\/galisur.es\/wp-content\/files\/cabecera_calidad-1.png","datePublished":"2023-09-07T06:38:54+00:00","dateModified":"2025-06-30T07:03:18+00:00","description":"Werden Sie professioneller Installateur unserer hochwertigen Aluminiumprodukte. Schlie\u00dfen Sie sich mehr als 5.000 offiziellen Installateuren an.","breadcrumb":{"@id":"https:\/\/galisur.es\/de\/showroom\/#breadcrumb"},"inLanguage":"de","potentialAction":[{"@type":"ReadAction","target":["https:\/\/galisur.es\/de\/showroom\/"]}]},{"@type":"ImageObject","inLanguage":"de","@id":"https:\/\/galisur.es\/de\/showroom\/#primaryimage","url":"https:\/\/galisur.es\/wp-content\/files\/cabecera_calidad-1.png","contentUrl":"https:\/\/galisur.es\/wp-content\/files\/cabecera_calidad-1.png","width":1920,"height":356},{"@type":"BreadcrumbList","@id":"https:\/\/galisur.es\/de\/showroom\/#breadcrumb","itemListElement":[{"@type":"ListItem","position":1,"name":"Portada","item":"https:\/\/galisur.es\/de\/"},{"@type":"ListItem","position":2,"name":"showroom"}]},{"@type":"WebSite","@id":"https:\/\/galisur.es\/de\/#website","url":"https:\/\/galisur.es\/de\/","name":"Aluminios Galisur","description":"Aluminios Galisur","publisher":{"@id":"https:\/\/galisur.es\/de\/#organization"},"potentialAction":[{"@type":"SearchAction","target":{"@type":"EntryPoint","urlTemplate":"https:\/\/galisur.es\/de\/?s={search_term_string}"},"query-input":{"@type":"PropertyValueSpecification","valueRequired":true,"valueName":"search_term_string"}}],"inLanguage":"de"},{"@type":"Organization","@id":"https:\/\/galisur.es\/de\/#organization","name":"Galisur","url":"https:\/\/galisur.es\/de\/","logo":{"@type":"ImageObject","inLanguage":"de","@id":"https:\/\/galisur.es\/de\/#\/schema\/logo\/image\/","url":"https:\/\/galisur.es\/wp-content\/files\/2021\/03\/logo-35x15-1.png","contentUrl":"https:\/\/galisur.es\/wp-content\/files\/2021\/03\/logo-35x15-1.png","width":370,"height":176,"caption":"Galisur"},"image":{"@id":"https:\/\/galisur.es\/de\/#\/schema\/logo\/image\/"},"sameAs":["https:\/\/www.facebook.com\/AluminiosGalisur","https:\/\/x.com\/AluminioGalisur"]}]}},"_links":{"self":[{"href":"https:\/\/galisur.es\/de\/wp-json\/wp\/v2\/pages\/17557","targetHints":{"allow":["GET"]}}],"collection":[{"href":"https:\/\/galisur.es\/de\/wp-json\/wp\/v2\/pages"}],"about":[{"href":"https:\/\/galisur.es\/de\/wp-json\/wp\/v2\/types\/page"}],"author":[{"embeddable":true,"href":"https:\/\/galisur.es\/de\/wp-json\/wp\/v2\/users\/18"}],"replies":[{"embeddable":true,"href":"https:\/\/galisur.es\/de\/wp-json\/wp\/v2\/comments?post=17557"}],"version-history":[{"count":2,"href":"https:\/\/galisur.es\/de\/wp-json\/wp\/v2\/pages\/17557\/revisions"}],"predecessor-version":[{"id":18964,"href":"https:\/\/galisur.es\/de\/wp-json\/wp\/v2\/pages\/17557\/revisions\/18964"}],"wp:featuredmedia":[{"embeddable":true,"href":"https:\/\/galisur.es\/de\/wp-json\/wp\/v2\/media\/16275"}],"wp:attachment":[{"href":"https:\/\/galisur.es\/de\/wp-json\/wp\/v2\/media?parent=17557"}],"curies":[{"name":"wp","href":"https:\/\/api.w.org\/{rel}","templated":true}]}}