{"id":17501,"date":"2022-03-29T12:03:40","date_gmt":"2022-03-29T10:03:40","guid":{"rendered":"https:\/\/nervous-gagarin.141-94-206-129.plesk.page\/zusammenklappbare-serien\/"},"modified":"2025-06-24T15:31:12","modified_gmt":"2025-06-24T13:31:12","slug":"zusammenklappbare-serien","status":"publish","type":"page","link":"https:\/\/galisur.es\/de\/zusammenklappbare-serien\/","title":{"rendered":"Zusammenklappbare Serien"},"content":{"rendered":"\t\t<div data-elementor-type=\"wp-page\" data-elementor-id=\"17501\" class=\"elementor elementor-17501 elementor-11289\" data-elementor-post-type=\"page\">\n\t\t\t\t<div class=\"elementor-element elementor-element-c37a670 e-flex e-con-boxed e-con e-parent\" data-id=\"c37a670\" data-element_type=\"container\" data-e-type=\"container\" data-settings=\"{&quot;background_background&quot;:&quot;classic&quot;}\">\n\t\t\t\t\t<div class=\"e-con-inner\">\n\t\t\t\t<div class=\"elementor-element elementor-element-8074683 elementor-widget elementor-widget-heading\" data-id=\"8074683\" data-element_type=\"widget\" data-e-type=\"widget\" data-widget_type=\"heading.default\">\n\t\t\t\t\t<h1 class=\"elementor-heading-title elementor-size-default\">Zusammenklappbare Serien<\/h1>\t\t\t\t<\/div>\n\t\t\t\t\t<\/div>\n\t\t\t\t<\/div>\n\t\t<div class=\"elementor-element elementor-element-492ad91 e-flex e-con-boxed e-con e-parent\" data-id=\"492ad91\" data-element_type=\"container\" data-e-type=\"container\">\n\t\t\t\t\t<div class=\"e-con-inner\">\n\t\t\t\t<div class=\"elementor-element elementor-element-9ae40d2 elementor-widget elementor-widget-text-editor\" data-id=\"9ae40d2\" data-element_type=\"widget\" data-e-type=\"widget\" data-widget_type=\"text-editor.default\">\n\t\t\t\t\t\t\t\t\t<p>Entdecken Sie unsere <strong>faltbaren Serien<\/strong>, die sich ideal f\u00fcr Einfamilienh\u00e4user eignen. Mit faltbaren Fenster- und T\u00fcrsystemen k\u00f6nnen Sie Isolierung mit der M\u00f6glichkeit kombinieren, offene R\u00e4ume zu schaffen. Dank des Designs dieser <strong>faltbaren Serien<\/strong> bieten sie eine Vielzahl von \u00d6ffnungsm\u00f6glichkeiten.  <\/p>\t\t\t\t\t\t\t\t<\/div>\n\t\t\t\t\t<\/div>\n\t\t\t\t<\/div>\n\t\t<div class=\"elementor-element elementor-element-ca6e3bd e-flex e-con-boxed e-con e-parent\" data-id=\"ca6e3bd\" data-element_type=\"container\" data-e-type=\"container\">\n\t\t\t\t\t<div class=\"e-con-inner\">\n\t\t<a class=\"elementor-element elementor-element-9538883 e-con-full e-flex e-con e-child\" data-id=\"9538883\" data-element_type=\"container\" data-e-type=\"container\" href=\"https:\/\/galisur.es\/series-replegables\/a47rpl\/\">\n\t\t\t\t<div class=\"elementor-element elementor-element-e0202a6 elementor-widget elementor-widget-heading\" data-id=\"e0202a6\" data-element_type=\"widget\" data-e-type=\"widget\" data-widget_type=\"heading.default\">\n\t\t\t\t\t<h3 class=\"elementor-heading-title elementor-size-default\">A47 RPL<\/h3>\t\t\t\t<\/div>\n\t\t<div class=\"elementor-element elementor-element-ac155bb e-con-full e-flex e-con e-child\" data-id=\"ac155bb\" data-element_type=\"container\" data-e-type=\"container\">\n\t\t\t\t<div class=\"elementor-element elementor-element-d9c2392 elementor-widget elementor-widget-image\" data-id=\"d9c2392\" data-element_type=\"widget\" data-e-type=\"widget\" data-widget_type=\"image.default\">\n\t\t\t\t\t\t\t\t\t\t\t\t\t\t\t<img fetchpriority=\"high\" decoding=\"async\" width=\"600\" height=\"600\" src=\"https:\/\/galisur.es\/wp-content\/files\/A47RPL-crema.png\" class=\"elementor-animation-grow attachment-full size-full wp-image-16575\" alt=\"\" srcset=\"https:\/\/galisur.es\/wp-content\/files\/A47RPL-crema.png 600w, https:\/\/galisur.es\/wp-content\/files\/A47RPL-crema-300x300.png 300w, https:\/\/galisur.es\/wp-content\/files\/A47RPL-crema-150x150.png 150w\" sizes=\"(max-width: 600px) 100vw, 600px\" title=\"\">\t\t\t\t\t\t\t\t\t\t\t\t\t\t\t<\/div>\n\t\t\t\t<\/div>\n\t\t\t\t<\/a>\n\t\t<a class=\"elementor-element elementor-element-891be3f e-con-full e-flex e-con e-child\" data-id=\"891be3f\" data-element_type=\"container\" data-e-type=\"container\" href=\"https:\/\/galisur.es\/series-replegables\/camara-europea\/\">\n\t\t\t\t<div class=\"elementor-element elementor-element-06c63ca elementor-widget elementor-widget-heading\" data-id=\"06c63ca\" data-element_type=\"widget\" data-e-type=\"widget\" data-widget_type=\"heading.default\">\n\t\t\t\t\t<h3 class=\"elementor-heading-title elementor-size-default\">Europ\u00e4ische Kammer<\/h3>\t\t\t\t<\/div>\n\t\t<div class=\"elementor-element elementor-element-85b7441 e-con-full e-flex e-con e-child\" data-id=\"85b7441\" data-element_type=\"container\" data-e-type=\"container\">\n\t\t\t\t<div class=\"elementor-element elementor-element-3ea1cb7 elementor-widget elementor-widget-image\" data-id=\"3ea1cb7\" data-element_type=\"widget\" data-e-type=\"widget\" data-widget_type=\"image.default\">\n\t\t\t\t\t\t\t\t\t\t\t\t\t\t\t<img decoding=\"async\" width=\"1200\" height=\"1200\" src=\"https:\/\/galisur.es\/wp-content\/files\/RPL-CE-AR50-60-70-crema.png\" class=\"elementor-animation-grow attachment-full size-full wp-image-16583\" alt=\"\" srcset=\"https:\/\/galisur.es\/wp-content\/files\/RPL-CE-AR50-60-70-crema.png 1200w, https:\/\/galisur.es\/wp-content\/files\/RPL-CE-AR50-60-70-crema-300x300.png 300w, https:\/\/galisur.es\/wp-content\/files\/RPL-CE-AR50-60-70-crema-1024x1024.png 1024w, https:\/\/galisur.es\/wp-content\/files\/RPL-CE-AR50-60-70-crema-150x150.png 150w, https:\/\/galisur.es\/wp-content\/files\/RPL-CE-AR50-60-70-crema-768x768.png 768w, https:\/\/galisur.es\/wp-content\/files\/RPL-CE-AR50-60-70-crema-800x800.png 800w\" sizes=\"(max-width: 1200px) 100vw, 1200px\" title=\"\">\t\t\t\t\t\t\t\t\t\t\t\t\t\t\t<\/div>\n\t\t\t\t<\/div>\n\t\t\t\t<\/a>\n\t\t<a class=\"elementor-element elementor-element-75873f9 e-con-full e-flex e-con e-child\" data-id=\"75873f9\" data-element_type=\"container\" data-e-type=\"container\" href=\"https:\/\/galisur.es\/series-replegables\/ar80rpl\/\">\n\t\t\t\t<div class=\"elementor-element elementor-element-81cff39 elementor-widget elementor-widget-heading\" data-id=\"81cff39\" data-element_type=\"widget\" data-e-type=\"widget\" data-widget_type=\"heading.default\">\n\t\t\t\t\t<h3 class=\"elementor-heading-title elementor-size-default\">AR80 RPL<\/h3>\t\t\t\t<\/div>\n\t\t<div class=\"elementor-element elementor-element-95b244c e-con-full e-flex e-con e-child\" data-id=\"95b244c\" data-element_type=\"container\" data-e-type=\"container\">\n\t\t\t\t<div class=\"elementor-element elementor-element-5500368 elementor-widget elementor-widget-image\" data-id=\"5500368\" data-element_type=\"widget\" data-e-type=\"widget\" data-widget_type=\"image.default\">\n\t\t\t\t\t\t\t\t\t\t\t\t\t\t\t<img decoding=\"async\" width=\"1200\" height=\"1200\" src=\"https:\/\/galisur.es\/wp-content\/files\/RPL-80-crema.png\" class=\"elementor-animation-grow attachment-full size-full wp-image-16591\" alt=\"\" srcset=\"https:\/\/galisur.es\/wp-content\/files\/RPL-80-crema.png 1200w, https:\/\/galisur.es\/wp-content\/files\/RPL-80-crema-300x300.png 300w, https:\/\/galisur.es\/wp-content\/files\/RPL-80-crema-1024x1024.png 1024w, https:\/\/galisur.es\/wp-content\/files\/RPL-80-crema-150x150.png 150w, https:\/\/galisur.es\/wp-content\/files\/RPL-80-crema-768x768.png 768w, https:\/\/galisur.es\/wp-content\/files\/RPL-80-crema-800x800.png 800w\" sizes=\"(max-width: 1200px) 100vw, 1200px\" title=\"\">\t\t\t\t\t\t\t\t\t\t\t\t\t\t\t<\/div>\n\t\t\t\t<\/div>\n\t\t\t\t<\/a>\n\t\t\t\t\t<\/div>\n\t\t\t\t<\/div>\n\t\t\t\t<\/div>\n\t\t","protected":false},"excerpt":{"rendered":"<p>Zusammenklappbare Serien Entdecken Sie unsere faltbaren Serien, die sich ideal f\u00fcr Einfamilienh\u00e4user eignen. Mit faltbaren Fenster- und T\u00fcrsystemen k\u00f6nnen Sie Isolierung mit der M\u00f6glichkeit kombinieren, offene R\u00e4ume zu schaffen. Dank des Designs dieser faltbaren Serien bieten sie eine Vielzahl von \u00d6ffnungsm\u00f6glichkeiten. A47 RPL Europ\u00e4ische Kammer AR80 RPL<\/p>\n","protected":false},"author":18,"featured_media":0,"parent":0,"menu_order":0,"comment_status":"closed","ping_status":"closed","template":"","meta":{"footnotes":""},"class_list":["post-17501","page","type-page","status-publish","hentry"],"yoast_head":"<!-- This site is optimized with the Yoast SEO plugin v27.2 - https:\/\/yoast.com\/product\/yoast-seo-wordpress\/ -->\n<title>Zusammenklappbare Serien | Aluminios Galisur<\/title>\n<meta name=\"description\" content=\"Zusammenklappbare Serien Entdecken Sie unsere faltbaren Serien, die sich ideal f\u00fcr Einfamilienh\u00e4user eignen. Mit faltbaren Fenster- und T\u00fcrsystemen k\u00f6nnen\" \/>\n<meta name=\"robots\" content=\"index, follow, max-snippet:-1, max-image-preview:large, max-video-preview:-1\" \/>\n<link rel=\"canonical\" href=\"https:\/\/galisur.es\/de\/zusammenklappbare-serien\/\" \/>\n<meta property=\"og:locale\" content=\"de_DE\" \/>\n<meta property=\"og:type\" content=\"article\" \/>\n<meta property=\"og:title\" content=\"Zusammenklappbare Serien | Aluminios Galisur\" \/>\n<meta property=\"og:description\" content=\"Zusammenklappbare Serien Entdecken Sie unsere faltbaren Serien, die sich ideal f\u00fcr Einfamilienh\u00e4user eignen. Mit faltbaren Fenster- und T\u00fcrsystemen k\u00f6nnen\" \/>\n<meta property=\"og:url\" content=\"https:\/\/galisur.es\/de\/zusammenklappbare-serien\/\" \/>\n<meta property=\"og:site_name\" content=\"Aluminios Galisur\" \/>\n<meta property=\"article:publisher\" content=\"https:\/\/www.facebook.com\/AluminiosGalisur\" \/>\n<meta property=\"article:modified_time\" content=\"2025-06-24T13:31:12+00:00\" \/>\n<meta property=\"og:image\" content=\"https:\/\/galisur.es\/wp-content\/uploads\/A47RPL-crema.png\" \/>\n<meta name=\"twitter:card\" content=\"summary_large_image\" \/>\n<meta name=\"twitter:site\" content=\"@AluminioGalisur\" \/>\n<script type=\"application\/ld+json\" class=\"yoast-schema-graph\">{\"@context\":\"https:\/\/schema.org\",\"@graph\":[{\"@type\":\"WebPage\",\"@id\":\"https:\/\/galisur.es\/de\/zusammenklappbare-serien\/\",\"url\":\"https:\/\/galisur.es\/de\/zusammenklappbare-serien\/\",\"name\":\"Zusammenklappbare Serien | Aluminios Galisur\",\"isPartOf\":{\"@id\":\"https:\/\/galisur.es\/de\/#website\"},\"primaryImageOfPage\":{\"@id\":\"https:\/\/galisur.es\/de\/zusammenklappbare-serien\/#primaryimage\"},\"image\":{\"@id\":\"https:\/\/galisur.es\/de\/zusammenklappbare-serien\/#primaryimage\"},\"thumbnailUrl\":\"https:\/\/galisur.es\/wp-content\/uploads\/A47RPL-crema.png\",\"datePublished\":\"2022-03-29T10:03:40+00:00\",\"dateModified\":\"2025-06-24T13:31:12+00:00\",\"description\":\"Zusammenklappbare Serien Entdecken Sie unsere faltbaren Serien, die sich ideal f\u00fcr Einfamilienh\u00e4user eignen. Mit faltbaren Fenster- und T\u00fcrsystemen k\u00f6nnen\",\"breadcrumb\":{\"@id\":\"https:\/\/galisur.es\/de\/zusammenklappbare-serien\/#breadcrumb\"},\"inLanguage\":\"de\",\"potentialAction\":[{\"@type\":\"ReadAction\",\"target\":[\"https:\/\/galisur.es\/de\/zusammenklappbare-serien\/\"]}]},{\"@type\":\"ImageObject\",\"inLanguage\":\"de\",\"@id\":\"https:\/\/galisur.es\/de\/zusammenklappbare-serien\/#primaryimage\",\"url\":\"https:\/\/galisur.es\/wp-content\/uploads\/A47RPL-crema.png\",\"contentUrl\":\"https:\/\/galisur.es\/wp-content\/uploads\/A47RPL-crema.png\"},{\"@type\":\"BreadcrumbList\",\"@id\":\"https:\/\/galisur.es\/de\/zusammenklappbare-serien\/#breadcrumb\",\"itemListElement\":[{\"@type\":\"ListItem\",\"position\":1,\"name\":\"Portada\",\"item\":\"https:\/\/galisur.es\/de\/\"},{\"@type\":\"ListItem\",\"position\":2,\"name\":\"Zusammenklappbare Serien\"}]},{\"@type\":\"WebSite\",\"@id\":\"https:\/\/galisur.es\/de\/#website\",\"url\":\"https:\/\/galisur.es\/de\/\",\"name\":\"Aluminios Galisur\",\"description\":\"Aluminios Galisur\",\"publisher\":{\"@id\":\"https:\/\/galisur.es\/de\/#organization\"},\"potentialAction\":[{\"@type\":\"SearchAction\",\"target\":{\"@type\":\"EntryPoint\",\"urlTemplate\":\"https:\/\/galisur.es\/de\/?s={search_term_string}\"},\"query-input\":{\"@type\":\"PropertyValueSpecification\",\"valueRequired\":true,\"valueName\":\"search_term_string\"}}],\"inLanguage\":\"de\"},{\"@type\":\"Organization\",\"@id\":\"https:\/\/galisur.es\/de\/#organization\",\"name\":\"Galisur\",\"url\":\"https:\/\/galisur.es\/de\/\",\"logo\":{\"@type\":\"ImageObject\",\"inLanguage\":\"de\",\"@id\":\"https:\/\/galisur.es\/de\/#\/schema\/logo\/image\/\",\"url\":\"https:\/\/galisur.es\/wp-content\/files\/2021\/03\/logo-35x15-1.png\",\"contentUrl\":\"https:\/\/galisur.es\/wp-content\/files\/2021\/03\/logo-35x15-1.png\",\"width\":370,\"height\":176,\"caption\":\"Galisur\"},\"image\":{\"@id\":\"https:\/\/galisur.es\/de\/#\/schema\/logo\/image\/\"},\"sameAs\":[\"https:\/\/www.facebook.com\/AluminiosGalisur\",\"https:\/\/x.com\/AluminioGalisur\"]}]}<\/script>\n<!-- \/ Yoast SEO plugin. -->","yoast_head_json":{"title":"Zusammenklappbare Serien | Aluminios Galisur","description":"Zusammenklappbare Serien Entdecken Sie unsere faltbaren Serien, die sich ideal f\u00fcr Einfamilienh\u00e4user eignen. Mit faltbaren Fenster- und T\u00fcrsystemen k\u00f6nnen","robots":{"index":"index","follow":"follow","max-snippet":"max-snippet:-1","max-image-preview":"max-image-preview:large","max-video-preview":"max-video-preview:-1"},"canonical":"https:\/\/galisur.es\/de\/zusammenklappbare-serien\/","og_locale":"de_DE","og_type":"article","og_title":"Zusammenklappbare Serien | Aluminios Galisur","og_description":"Zusammenklappbare Serien Entdecken Sie unsere faltbaren Serien, die sich ideal f\u00fcr Einfamilienh\u00e4user eignen. Mit faltbaren Fenster- und T\u00fcrsystemen k\u00f6nnen","og_url":"https:\/\/galisur.es\/de\/zusammenklappbare-serien\/","og_site_name":"Aluminios Galisur","article_publisher":"https:\/\/www.facebook.com\/AluminiosGalisur","article_modified_time":"2025-06-24T13:31:12+00:00","og_image":[{"url":"https:\/\/galisur.es\/wp-content\/uploads\/A47RPL-crema.png","type":"","width":"","height":""}],"twitter_card":"summary_large_image","twitter_site":"@AluminioGalisur","schema":{"@context":"https:\/\/schema.org","@graph":[{"@type":"WebPage","@id":"https:\/\/galisur.es\/de\/zusammenklappbare-serien\/","url":"https:\/\/galisur.es\/de\/zusammenklappbare-serien\/","name":"Zusammenklappbare Serien | Aluminios Galisur","isPartOf":{"@id":"https:\/\/galisur.es\/de\/#website"},"primaryImageOfPage":{"@id":"https:\/\/galisur.es\/de\/zusammenklappbare-serien\/#primaryimage"},"image":{"@id":"https:\/\/galisur.es\/de\/zusammenklappbare-serien\/#primaryimage"},"thumbnailUrl":"https:\/\/galisur.es\/wp-content\/uploads\/A47RPL-crema.png","datePublished":"2022-03-29T10:03:40+00:00","dateModified":"2025-06-24T13:31:12+00:00","description":"Zusammenklappbare Serien Entdecken Sie unsere faltbaren Serien, die sich ideal f\u00fcr Einfamilienh\u00e4user eignen. Mit faltbaren Fenster- und T\u00fcrsystemen k\u00f6nnen","breadcrumb":{"@id":"https:\/\/galisur.es\/de\/zusammenklappbare-serien\/#breadcrumb"},"inLanguage":"de","potentialAction":[{"@type":"ReadAction","target":["https:\/\/galisur.es\/de\/zusammenklappbare-serien\/"]}]},{"@type":"ImageObject","inLanguage":"de","@id":"https:\/\/galisur.es\/de\/zusammenklappbare-serien\/#primaryimage","url":"https:\/\/galisur.es\/wp-content\/uploads\/A47RPL-crema.png","contentUrl":"https:\/\/galisur.es\/wp-content\/uploads\/A47RPL-crema.png"},{"@type":"BreadcrumbList","@id":"https:\/\/galisur.es\/de\/zusammenklappbare-serien\/#breadcrumb","itemListElement":[{"@type":"ListItem","position":1,"name":"Portada","item":"https:\/\/galisur.es\/de\/"},{"@type":"ListItem","position":2,"name":"Zusammenklappbare Serien"}]},{"@type":"WebSite","@id":"https:\/\/galisur.es\/de\/#website","url":"https:\/\/galisur.es\/de\/","name":"Aluminios Galisur","description":"Aluminios Galisur","publisher":{"@id":"https:\/\/galisur.es\/de\/#organization"},"potentialAction":[{"@type":"SearchAction","target":{"@type":"EntryPoint","urlTemplate":"https:\/\/galisur.es\/de\/?s={search_term_string}"},"query-input":{"@type":"PropertyValueSpecification","valueRequired":true,"valueName":"search_term_string"}}],"inLanguage":"de"},{"@type":"Organization","@id":"https:\/\/galisur.es\/de\/#organization","name":"Galisur","url":"https:\/\/galisur.es\/de\/","logo":{"@type":"ImageObject","inLanguage":"de","@id":"https:\/\/galisur.es\/de\/#\/schema\/logo\/image\/","url":"https:\/\/galisur.es\/wp-content\/files\/2021\/03\/logo-35x15-1.png","contentUrl":"https:\/\/galisur.es\/wp-content\/files\/2021\/03\/logo-35x15-1.png","width":370,"height":176,"caption":"Galisur"},"image":{"@id":"https:\/\/galisur.es\/de\/#\/schema\/logo\/image\/"},"sameAs":["https:\/\/www.facebook.com\/AluminiosGalisur","https:\/\/x.com\/AluminioGalisur"]}]}},"_links":{"self":[{"href":"https:\/\/galisur.es\/de\/wp-json\/wp\/v2\/pages\/17501","targetHints":{"allow":["GET"]}}],"collection":[{"href":"https:\/\/galisur.es\/de\/wp-json\/wp\/v2\/pages"}],"about":[{"href":"https:\/\/galisur.es\/de\/wp-json\/wp\/v2\/types\/page"}],"author":[{"embeddable":true,"href":"https:\/\/galisur.es\/de\/wp-json\/wp\/v2\/users\/18"}],"replies":[{"embeddable":true,"href":"https:\/\/galisur.es\/de\/wp-json\/wp\/v2\/comments?post=17501"}],"version-history":[{"count":1,"href":"https:\/\/galisur.es\/de\/wp-json\/wp\/v2\/pages\/17501\/revisions"}],"predecessor-version":[{"id":17502,"href":"https:\/\/galisur.es\/de\/wp-json\/wp\/v2\/pages\/17501\/revisions\/17502"}],"wp:attachment":[{"href":"https:\/\/galisur.es\/de\/wp-json\/wp\/v2\/media?parent=17501"}],"curies":[{"name":"wp","href":"https:\/\/api.w.org\/{rel}","templated":true}]}}